{"id":465,"date":"2019-04-01T06:45:49","date_gmt":"2019-04-01T08:45:49","guid":{"rendered":"https:\/\/elmeistrai.lt\/?page_id=465"},"modified":"2019-04-01T06:51:30","modified_gmt":"2019-04-01T08:51:30","slug":"lancia-navigacija","status":"publish","type":"page","link":"https:\/\/elmeistrai.lt\/uk\/lancia-navigacija\/","title":{"rendered":"\u041d\u0430\u0432\u0456\u0433\u0430\u0446\u0456\u044f Lancia"},"content":{"rendered":"<h2 class=\"wp-block-heading\">\u041d\u0430\u0432\u0456\u0433\u0430\u0446\u0456\u044f LANCIA \u043f\u043e \u041b\u0438\u0442\u0432\u0456 \u0442\u0430 \u0404\u0432\u0440\u043e\u043f\u0456 \u0434\u043b\u044f \u0441\u0438\u0441\u0442\u0435\u043c Connect G2\/DB3 \u0437 CD <\/h2>\n\n\n\n<div class=\"wp-block-image\"><figure class=\"alignright\"><img loading=\"lazy\" decoding=\"async\" width=\"150\" height=\"145\" src=\"https:\/\/elmeistrai.lt\/wp-content\/uploads\/2019\/04\/lancia-navigacija-150x145.jpg\" alt=\"\" class=\"wp-image-466\"\/><\/figure><\/div>\n\n\n<p><p><strong>\u041d\u0430\u0432\u0456\u0433\u0430\u0446\u0456\u0439\u043d\u0456 \u0434\u0438\u0441\u043a\u0438 \u0437 \u043a\u0430\u0440\u0442\u0430\u043c\u0438:<\/strong><br>1 - \u0424\u0440\u0430\u043d\u0446\u0456\u044f <br>2 - \u0406\u0441\u043f\u0430\u043d\u0456\u044f, \u041f\u043e\u0440\u0442\u0443\u0433\u0430\u043b\u0456\u044f<br>3 - \u0406\u0442\u0430\u043b\u0456\u044f<br>4 - \u0411\u0435\u043b\u044c\u0433\u0456\u044f, \u041d\u0456\u0434\u0435\u0440\u043b\u0430\u043d\u0434\u0438, \u041b\u044e\u043a\u0441\u0435\u043c\u0431\u0443\u0440\u0433<br>5 - \u0410\u0432\u0441\u0442\u0440\u0456\u044f, \u0428\u0432\u0435\u0439\u0446\u0430\u0440\u0456\u044f, \u041d\u0456\u043c\u0435\u0447\u0447\u0438\u043d\u0430, \u0448\u0432. \u0406\u0442\u0430\u043b\u0456\u044f<br>6 - \u041d\u0456\u043c\u0435\u0447\u0447\u0438\u043d\u0430<br>7 - \u0412\u0435\u043b\u0438\u043a\u043e\u0431\u0440\u0438\u0442\u0430\u043d\u0456\u044f, \u0406\u0440\u043b\u0430\u043d\u0434\u0456\u044f<br>8 - \u0421\u043a\u0430\u043d\u0434\u0438\u043d\u0430\u0432\u0456\u044f<br>9 - \u0427\u0435\u0445\u0456\u044f, \u041f\u043e\u043b\u044c\u0449\u0430, \u0421\u043b\u043e\u0432\u0430\u0447\u0447\u0438\u043d\u0430, \u0421\u043b\u043e\u0432\u0435\u043d\u0456\u044f, \u0423\u0433\u043e\u0440\u0449\u0438\u043d\u0430<br>10 - \u0415\u0441\u0442\u043e\u043d\u0456\u044f, \u041b\u0430\u0442\u0432\u0456\u044f,<strong> \u041b\u0438\u0442\u0432\u0430 (\u0434\u043e\u043a\u043b\u0430\u0434\u043d\u0456\u0448\u0435)<\/strong>\u0411\u0456\u043b\u043e\u0440\u0443\u0441\u044c, \u0423\u043a\u0440\u0430\u0457\u043d\u0430<br>11 - \u0410\u043b\u0431\u0430\u043d\u0456\u044f, \u0411\u043e\u0441\u043d\u0456\u044f \u0456 \u0413\u0435\u0440\u0446\u0435\u0433\u043e\u0432\u0438\u043d\u0430, \u0425\u043e\u0440\u0432\u0430\u0442\u0456\u044f, \u0413\u0440\u0435\u0446\u0456\u044f, \u0427\u043e\u0440\u043d\u043e\u0433\u043e\u0440\u0456\u044f, \u041c\u0430\u043a\u0435\u0434\u043e\u043d\u0456\u044f, \u0420\u0443\u043c\u0443\u043d\u0456\u044f, \u0421\u0435\u0440\u0431\u0456\u044f, \u0420\u0443\u043c\u0443\u043d\u0456\u044f.<br><br><strong>\u041f\u0440\u0438\u0434\u0430\u0442\u043d\u0456\u0441\u0442\u044c: <\/strong><br><em>Lancia Phedra 2005-2007 <\/em><br><em>Lancia Musa 2007.12-2012 <\/em><br><em>Lancia Ypsilon 2008.03-2011 <\/em><br><br><strong>1 \u0440\u0456\u043a \u0433\u0430\u0440\u0430\u043d\u0442\u0456\u0457 | \u041d\u0430\u0439\u043d\u043e\u0432\u0456\u0448\u0456 \u043a\u0430\u0440\u0442\u0438 | \u041d\u0430\u0439\u043a\u0440\u0430\u0449\u0430 \u0446\u0456\u043d\u0430 | \u0412\u0456\u043b\u044c\u043d\u044e\u0441, \u041a\u0430\u0443\u043d\u0430\u0441, \u041a\u043b\u0430\u0439\u043f\u0435\u0434\u0430<\/strong><\/p><\/p><hr\/>\n\n\n<h2 class=\"wp-block-heading\">\u041d\u0430\u0432\u0456\u0433\u0430\u0446\u0456\u0439\u043d\u0456 \u043a\u0430\u0440\u0442\u0438 LANCIA \u0434\u043b\u044f \u041b\u0438\u0442\u0432\u0438 \u0442\u0430 \u0404\u0432\u0440\u043e\u043f\u0438 \u0434\u043b\u044f \u0441\u0438\u0441\u0442\u0435\u043c RT4\/RT5 \u0437 CD <\/h2>\n\n\n<p><strong>\u041d\u0430\u0432\u0456\u0433\u0430\u0446\u0456\u0439\u043d\u0456 \u0434\u0438\u0441\u043a\u0438 \u0437 \u043a\u0430\u0440\u0442\u0430\u043c\u0438:<\/strong><br \/>1 - \u0424\u0440\u0430\u043d\u0446\u0456\u044f <br \/>2 - \u0406\u0441\u043f\u0430\u043d\u0456\u044f, \u041f\u043e\u0440\u0442\u0443\u0433\u0430\u043b\u0456\u044f<br \/>3 - \u0406\u0442\u0430\u043b\u0456\u044f<br \/>4 - \u0411\u0435\u043b\u044c\u0433\u0456\u044f, \u041d\u0456\u0434\u0435\u0440\u043b\u0430\u043d\u0434\u0438, \u041b\u044e\u043a\u0441\u0435\u043c\u0431\u0443\u0440\u0433<br \/>5 - \u0410\u0432\u0441\u0442\u0440\u0456\u044f, \u0428\u0432\u0435\u0439\u0446\u0430\u0440\u0456\u044f, \u041d\u0456\u043c\u0435\u0447\u0447\u0438\u043d\u0430, \u0448\u0432. \u0406\u0442\u0430\u043b\u0456\u044f<br \/>6 - \u041d\u0456\u043c\u0435\u0447\u0447\u0438\u043d\u0430<br \/>7 - \u0412\u0435\u043b\u0438\u043a\u043e\u0431\u0440\u0438\u0442\u0430\u043d\u0456\u044f, \u0406\u0440\u043b\u0430\u043d\u0434\u0456\u044f<br \/>8 - \u0421\u043a\u0430\u043d\u0434\u0438\u043d\u0430\u0432\u0456\u044f<br \/>9 - \u0427\u0435\u0445\u0456\u044f, \u041f\u043e\u043b\u044c\u0449\u0430, \u0421\u043b\u043e\u0432\u0430\u0447\u0447\u0438\u043d\u0430, \u0421\u043b\u043e\u0432\u0435\u043d\u0456\u044f, \u0423\u0433\u043e\u0440\u0449\u0438\u043d\u0430<br \/>10 - \u0415\u0441\u0442\u043e\u043d\u0456\u044f, \u041b\u0430\u0442\u0432\u0456\u044f,<strong> \u041b\u0438\u0442\u0432\u0430 (\u0434\u043e\u043a\u043b\u0430\u0434\u043d\u0456\u0448\u0435)<\/strong>\u0411\u0456\u043b\u043e\u0440\u0443\u0441\u044c, \u0423\u043a\u0440\u0430\u0457\u043d\u0430<br \/>11 - \u0410\u043b\u0431\u0430\u043d\u0456\u044f, \u0411\u043e\u0441\u043d\u0456\u044f \u0456 \u0413\u0435\u0440\u0446\u0435\u0433\u043e\u0432\u0438\u043d\u0430, \u0425\u043e\u0440\u0432\u0430\u0442\u0456\u044f, \u0413\u0440\u0435\u0446\u0456\u044f, \u0427\u043e\u0440\u043d\u043e\u0433\u043e\u0440\u0456\u044f, \u041c\u0430\u043a\u0435\u0434\u043e\u043d\u0456\u044f, \u0420\u0443\u043c\u0443\u043d\u0456\u044f, \u0421\u0435\u0440\u0431\u0456\u044f, \u0420\u0443\u043c\u0443\u043d\u0456\u044f.<br \/><br \/><strong>\u041f\u0440\u0438\u0434\u0430\u0442\u043d\u0456\u0441\u0442\u044c: <\/strong><br \/><em>Lancia Phedra \u0437 2007\/06<\/em><br \/><br \/><strong>1 \u0440\u0456\u043a \u0433\u0430\u0440\u0430\u043d\u0442\u0456\u0457 | \u041d\u0430\u0439\u043d\u043e\u0432\u0456\u0448\u0456 \u043a\u0430\u0440\u0442\u0438 | \u041d\u0430\u0439\u043a\u0440\u0430\u0449\u0430 \u0446\u0456\u043d\u0430 | \u0412\u0456\u043b\u044c\u043d\u044e\u0441, \u041a\u0430\u0443\u043d\u0430\u0441, \u041a\u043b\u0430\u0439\u043f\u0435\u0434\u0430<\/strong><\/p>\n<hr \/>\n\n\n<p><\/p>","protected":false},"excerpt":{"rendered":"<p>\u041d\u0430\u0432\u0456\u0433\u0430\u0446\u0456\u044f LANCIA \u041b\u0438\u0442\u0432\u0430 \u0442\u0430 \u0404\u0432\u0440\u043e\u043f\u0430 \u0434\u043b\u044f \u0441\u0438\u0441\u0442\u0435\u043c Connect G2\/DB3 \u0437 CD \u041d\u0430\u0432\u0456\u0433\u0430\u0446\u0456\u0439\u043d\u0456 \u0434\u0438\u0441\u043a\u0438 \u0437 \u043a\u0430\u0440\u0442\u0430\u043c\u0438:1 - \u0424\u0440\u0430\u043d\u0446\u0456\u044f2 - \u0406\u0441\u043f\u0430\u043d\u0456\u044f, \u041f\u043e\u0440\u0442\u0443\u0433\u0430\u043b\u0456\u044f3...<\/p>","protected":false},"author":1,"featured_media":0,"parent":0,"menu_order":0,"comment_status":"closed","ping_status":"closed","template":"","meta":{"_uag_custom_page_level_css":"","footnotes":""},"class_list":["post-465","page","type-page","status-publish","hentry"],"yoast_head":"<!-- This site is optimized with the Yoast SEO plugin v27.3 - https:\/\/yoast.com\/product\/yoast-seo-wordpress\/ -->\n<title>Lancia navigacija Vilniuje, Kaune, Klaip\u0117doje, \u0160iauliuose<\/title>\n<meta name=\"robots\" content=\"index, follow, max-snippet:-1, max-image-preview:large, max-video-preview:-1\" \/>\n<link rel=\"canonical\" href=\"https:\/\/elmeistrai.lt\/uk\/lancia-navigacija\/\" \/>\n<meta property=\"og:locale\" content=\"uk_UA\" \/>\n<meta property=\"og:type\" content=\"article\" \/>\n<meta property=\"og:title\" content=\"Lancia navigacija Vilniuje, Kaune, Klaip\u0117doje, \u0160iauliuose\" \/>\n<meta property=\"og:description\" content=\"LANCIA navigacija Lietuva ir Europa sistemoms Connect G2\/DB3 su CD Navigacijos diskai su \u017eem\u0117lapiais:1 &#8211; Pranc\u016bzija 2 &#8211; Ispanija, Portugalija3...\" \/>\n<meta property=\"og:url\" content=\"https:\/\/elmeistrai.lt\/uk\/lancia-navigacija\/\" \/>\n<meta property=\"og:site_name\" content=\"Vilniuje, Kaune, Klaip\u0117doje, \u0160iauliuose\" \/>\n<meta property=\"article:publisher\" content=\"https:\/\/www.facebook.com\/elmeistrai.lt\/\" \/>\n<meta property=\"article:modified_time\" content=\"2019-04-01T08:51:30+00:00\" \/>\n<meta property=\"og:image\" content=\"https:\/\/elmeistrai.lt\/wp-content\/uploads\/2019\/04\/lancia-navigacija-150x145.jpg\" \/>\n<meta name=\"twitter:card\" content=\"summary_large_image\" \/>\n<meta name=\"twitter:label1\" content=\"\u041f\u0440\u0438\u0431\u043b. \u0447\u0430\u0441 \u0447\u0438\u0442\u0430\u043d\u043d\u044f\" \/>\n\t<meta name=\"twitter:data1\" content=\"1 \u0445\u0432\u0438\u043b\u0438\u043d\u0430\" \/>\n<script type=\"application\/ld+json\" class=\"yoast-schema-graph\">{\"@context\":\"https:\\\/\\\/schema.org\",\"@graph\":[{\"@type\":\"NewsArticle\",\"@id\":\"https:\\\/\\\/elmeistrai.lt\\\/es\\\/lancia-navigacija\\\/#article\",\"isPartOf\":{\"@id\":\"https:\\\/\\\/elmeistrai.lt\\\/es\\\/lancia-navigacija\\\/\"},\"author\":{\"name\":\"elMeistrai\",\"@id\":\"https:\\\/\\\/elmeistrai.lt\\\/#\\\/schema\\\/person\\\/6363b621eb9606785f7f2ae9a52987f7\"},\"headline\":\"Lancia navigacija\",\"datePublished\":\"2019-04-01T08:45:49+00:00\",\"dateModified\":\"2019-04-01T08:51:30+00:00\",\"mainEntityOfPage\":{\"@id\":\"https:\\\/\\\/elmeistrai.lt\\\/es\\\/lancia-navigacija\\\/\"},\"wordCount\":169,\"publisher\":{\"@id\":\"https:\\\/\\\/elmeistrai.lt\\\/#organization\"},\"image\":{\"@id\":\"https:\\\/\\\/elmeistrai.lt\\\/es\\\/lancia-navigacija\\\/#primaryimage\"},\"thumbnailUrl\":\"https:\\\/\\\/elmeistrai.lt\\\/wp-content\\\/uploads\\\/2019\\\/04\\\/lancia-navigacija-150x145.jpg\",\"inLanguage\":\"uk\"},{\"@type\":[\"WebPage\",\"ItemPage\"],\"@id\":\"https:\\\/\\\/elmeistrai.lt\\\/es\\\/lancia-navigacija\\\/\",\"url\":\"https:\\\/\\\/elmeistrai.lt\\\/es\\\/lancia-navigacija\\\/\",\"name\":\"Lancia navigacija Vilniuje, Kaune, Klaip\u0117doje, \u0160iauliuose\",\"isPartOf\":{\"@id\":\"https:\\\/\\\/elmeistrai.lt\\\/#website\"},\"primaryImageOfPage\":{\"@id\":\"https:\\\/\\\/elmeistrai.lt\\\/es\\\/lancia-navigacija\\\/#primaryimage\"},\"image\":{\"@id\":\"https:\\\/\\\/elmeistrai.lt\\\/es\\\/lancia-navigacija\\\/#primaryimage\"},\"thumbnailUrl\":\"https:\\\/\\\/elmeistrai.lt\\\/wp-content\\\/uploads\\\/2019\\\/04\\\/lancia-navigacija-150x145.jpg\",\"datePublished\":\"2019-04-01T08:45:49+00:00\",\"dateModified\":\"2019-04-01T08:51:30+00:00\",\"breadcrumb\":{\"@id\":\"https:\\\/\\\/elmeistrai.lt\\\/es\\\/lancia-navigacija\\\/#breadcrumb\"},\"inLanguage\":\"uk\",\"potentialAction\":[{\"@type\":\"ReadAction\",\"target\":[\"https:\\\/\\\/elmeistrai.lt\\\/es\\\/lancia-navigacija\\\/\"]}]},{\"@type\":\"ImageObject\",\"inLanguage\":\"uk\",\"@id\":\"https:\\\/\\\/elmeistrai.lt\\\/es\\\/lancia-navigacija\\\/#primaryimage\",\"url\":\"https:\\\/\\\/elmeistrai.lt\\\/wp-content\\\/uploads\\\/2019\\\/04\\\/lancia-navigacija-150x145.jpg\",\"contentUrl\":\"https:\\\/\\\/elmeistrai.lt\\\/wp-content\\\/uploads\\\/2019\\\/04\\\/lancia-navigacija-150x145.jpg\"},{\"@type\":\"BreadcrumbList\",\"@id\":\"https:\\\/\\\/elmeistrai.lt\\\/es\\\/lancia-navigacija\\\/#breadcrumb\",\"itemListElement\":[{\"@type\":\"ListItem\",\"position\":1,\"name\":\"Home\",\"item\":\"https:\\\/\\\/elmeistrai.lt\\\/\"},{\"@type\":\"ListItem\",\"position\":2,\"name\":\"Lancia navigacija\"}]},{\"@type\":\"WebSite\",\"@id\":\"https:\\\/\\\/elmeistrai.lt\\\/#website\",\"url\":\"https:\\\/\\\/elmeistrai.lt\\\/\",\"name\":\"Vilniuje, Kaune, Klaip\u0117doje, \u0160iauliuose\",\"description\":\"Nam\u0173 ir verslo elektronikos prietais\u0173 remontas. Kase\u010di\u0173 pildymas.\",\"publisher\":{\"@id\":\"https:\\\/\\\/elmeistrai.lt\\\/#organization\"},\"potentialAction\":[{\"@type\":\"SearchAction\",\"target\":{\"@type\":\"EntryPoint\",\"urlTemplate\":\"https:\\\/\\\/elmeistrai.lt\\\/?s={search_term_string}\"},\"query-input\":{\"@type\":\"PropertyValueSpecification\",\"valueRequired\":true,\"valueName\":\"search_term_string\"}}],\"inLanguage\":\"uk\"},{\"@type\":\"Organization\",\"@id\":\"https:\\\/\\\/elmeistrai.lt\\\/#organization\",\"name\":\"elMeistrai.lt\",\"alternateName\":\"Kavos aparat\u0173, paspirtuk\u0173, televizori\u0173, kompiuteri\u0173, telefon\u0173 ir kt. technikos remontas\",\"url\":\"https:\\\/\\\/elmeistrai.lt\\\/\",\"logo\":{\"@type\":\"ImageObject\",\"inLanguage\":\"uk\",\"@id\":\"https:\\\/\\\/elmeistrai.lt\\\/#\\\/schema\\\/logo\\\/image\\\/\",\"url\":\"https:\\\/\\\/elmeistrai.lt\\\/wp-content\\\/uploads\\\/2022\\\/09\\\/elmeistrai_logo.jpg\",\"contentUrl\":\"https:\\\/\\\/elmeistrai.lt\\\/wp-content\\\/uploads\\\/2022\\\/09\\\/elmeistrai_logo.jpg\",\"width\":556,\"height\":143,\"caption\":\"elMeistrai.lt\"},\"image\":{\"@id\":\"https:\\\/\\\/elmeistrai.lt\\\/#\\\/schema\\\/logo\\\/image\\\/\"},\"sameAs\":[\"https:\\\/\\\/www.facebook.com\\\/elmeistrai.lt\\\/\"]},{\"@type\":\"Person\",\"@id\":\"https:\\\/\\\/elmeistrai.lt\\\/#\\\/schema\\\/person\\\/6363b621eb9606785f7f2ae9a52987f7\",\"name\":\"elMeistrai\",\"image\":{\"@type\":\"ImageObject\",\"inLanguage\":\"uk\",\"@id\":\"https:\\\/\\\/secure.gravatar.com\\\/avatar\\\/052f2d9640381d6904c5c0676ac3cc3d7ad734def78df3657e571451cad9870d?s=96&d=mm&r=g\",\"url\":\"https:\\\/\\\/secure.gravatar.com\\\/avatar\\\/052f2d9640381d6904c5c0676ac3cc3d7ad734def78df3657e571451cad9870d?s=96&d=mm&r=g\",\"contentUrl\":\"https:\\\/\\\/secure.gravatar.com\\\/avatar\\\/052f2d9640381d6904c5c0676ac3cc3d7ad734def78df3657e571451cad9870d?s=96&d=mm&r=g\",\"caption\":\"elMeistrai\"},\"url\":\"https:\\\/\\\/elmeistrai.lt\\\/uk\\\/author\\\/yipkxe\\\/\"}]}<\/script>\n<!-- \/ Yoast SEO plugin. -->","yoast_head_json":{"title":"Lancia navigacija Vilniuje, Kaune, Klaip\u0117doje, \u0160iauliuose","robots":{"index":"index","follow":"follow","max-snippet":"max-snippet:-1","max-image-preview":"max-image-preview:large","max-video-preview":"max-video-preview:-1"},"canonical":"https:\/\/elmeistrai.lt\/uk\/lancia-navigacija\/","og_locale":"uk_UA","og_type":"article","og_title":"Lancia navigacija Vilniuje, Kaune, Klaip\u0117doje, \u0160iauliuose","og_description":"LANCIA navigacija Lietuva ir Europa sistemoms Connect G2\/DB3 su CD Navigacijos diskai su \u017eem\u0117lapiais:1 &#8211; Pranc\u016bzija 2 &#8211; Ispanija, Portugalija3...","og_url":"https:\/\/elmeistrai.lt\/uk\/lancia-navigacija\/","og_site_name":"Vilniuje, Kaune, Klaip\u0117doje, \u0160iauliuose","article_publisher":"https:\/\/www.facebook.com\/elmeistrai.lt\/","article_modified_time":"2019-04-01T08:51:30+00:00","og_image":[{"url":"https:\/\/elmeistrai.lt\/wp-content\/uploads\/2019\/04\/lancia-navigacija-150x145.jpg","type":"","width":"","height":""}],"twitter_card":"summary_large_image","twitter_misc":{"\u041f\u0440\u0438\u0431\u043b. \u0447\u0430\u0441 \u0447\u0438\u0442\u0430\u043d\u043d\u044f":"1 \u0445\u0432\u0438\u043b\u0438\u043d\u0430"},"schema":{"@context":"https:\/\/schema.org","@graph":[{"@type":"NewsArticle","@id":"https:\/\/elmeistrai.lt\/es\/lancia-navigacija\/#article","isPartOf":{"@id":"https:\/\/elmeistrai.lt\/es\/lancia-navigacija\/"},"author":{"name":"elMeistrai","@id":"https:\/\/elmeistrai.lt\/#\/schema\/person\/6363b621eb9606785f7f2ae9a52987f7"},"headline":"Lancia navigacija","datePublished":"2019-04-01T08:45:49+00:00","dateModified":"2019-04-01T08:51:30+00:00","mainEntityOfPage":{"@id":"https:\/\/elmeistrai.lt\/es\/lancia-navigacija\/"},"wordCount":169,"publisher":{"@id":"https:\/\/elmeistrai.lt\/#organization"},"image":{"@id":"https:\/\/elmeistrai.lt\/es\/lancia-navigacija\/#primaryimage"},"thumbnailUrl":"https:\/\/elmeistrai.lt\/wp-content\/uploads\/2019\/04\/lancia-navigacija-150x145.jpg","inLanguage":"uk"},{"@type":["WebPage","ItemPage"],"@id":"https:\/\/elmeistrai.lt\/es\/lancia-navigacija\/","url":"https:\/\/elmeistrai.lt\/es\/lancia-navigacija\/","name":"Lancia navigacija Vilniuje, Kaune, Klaip\u0117doje, \u0160iauliuose","isPartOf":{"@id":"https:\/\/elmeistrai.lt\/#website"},"primaryImageOfPage":{"@id":"https:\/\/elmeistrai.lt\/es\/lancia-navigacija\/#primaryimage"},"image":{"@id":"https:\/\/elmeistrai.lt\/es\/lancia-navigacija\/#primaryimage"},"thumbnailUrl":"https:\/\/elmeistrai.lt\/wp-content\/uploads\/2019\/04\/lancia-navigacija-150x145.jpg","datePublished":"2019-04-01T08:45:49+00:00","dateModified":"2019-04-01T08:51:30+00:00","breadcrumb":{"@id":"https:\/\/elmeistrai.lt\/es\/lancia-navigacija\/#breadcrumb"},"inLanguage":"uk","potentialAction":[{"@type":"ReadAction","target":["https:\/\/elmeistrai.lt\/es\/lancia-navigacija\/"]}]},{"@type":"ImageObject","inLanguage":"uk","@id":"https:\/\/elmeistrai.lt\/es\/lancia-navigacija\/#primaryimage","url":"https:\/\/elmeistrai.lt\/wp-content\/uploads\/2019\/04\/lancia-navigacija-150x145.jpg","contentUrl":"https:\/\/elmeistrai.lt\/wp-content\/uploads\/2019\/04\/lancia-navigacija-150x145.jpg"},{"@type":"BreadcrumbList","@id":"https:\/\/elmeistrai.lt\/es\/lancia-navigacija\/#breadcrumb","itemListElement":[{"@type":"ListItem","position":1,"name":"Home","item":"https:\/\/elmeistrai.lt\/"},{"@type":"ListItem","position":2,"name":"Lancia navigacija"}]},{"@type":"WebSite","@id":"https:\/\/elmeistrai.lt\/#website","url":"https:\/\/elmeistrai.lt\/","name":"\u0412\u0456\u043b\u044c\u043d\u044e\u0441, \u041a\u0430\u0443\u043d\u0430\u0441, \u041a\u043b\u0430\u0439\u043f\u0435\u0434\u0430, \u0428\u044f\u0443\u043b\u044f\u0439","description":"\u0420\u0435\u043c\u043e\u043d\u0442 \u0434\u043e\u043c\u0430\u0448\u043d\u044c\u043e\u0457 \u0442\u0430 \u043e\u0444\u0456\u0441\u043d\u043e\u0457 \u0435\u043b\u0435\u043a\u0442\u0440\u043e\u043d\u0456\u043a\u0438. \u0417\u0430\u043f\u0440\u0430\u0432\u043a\u0430 \u043a\u0430\u0440\u0442\u0440\u0438\u0434\u0436\u0456\u0432.","publisher":{"@id":"https:\/\/elmeistrai.lt\/#organization"},"potentialAction":[{"@type":"SearchAction","target":{"@type":"EntryPoint","urlTemplate":"https:\/\/elmeistrai.lt\/?s={search_term_string}"},"query-input":{"@type":"PropertyValueSpecification","valueRequired":true,"valueName":"search_term_string"}}],"inLanguage":"uk"},{"@type":"Organization","@id":"https:\/\/elmeistrai.lt\/#organization","name":"elMeistrai.lt","alternateName":"Kavos aparat\u0173, paspirtuk\u0173, televizori\u0173, kompiuteri\u0173, telefon\u0173 ir kt. technikos remontas","url":"https:\/\/elmeistrai.lt\/","logo":{"@type":"ImageObject","inLanguage":"uk","@id":"https:\/\/elmeistrai.lt\/#\/schema\/logo\/image\/","url":"https:\/\/elmeistrai.lt\/wp-content\/uploads\/2022\/09\/elmeistrai_logo.jpg","contentUrl":"https:\/\/elmeistrai.lt\/wp-content\/uploads\/2022\/09\/elmeistrai_logo.jpg","width":556,"height":143,"caption":"elMeistrai.lt"},"image":{"@id":"https:\/\/elmeistrai.lt\/#\/schema\/logo\/image\/"},"sameAs":["https:\/\/www.facebook.com\/elmeistrai.lt\/"]},{"@type":"Person","@id":"https:\/\/elmeistrai.lt\/#\/schema\/person\/6363b621eb9606785f7f2ae9a52987f7","name":"elMeistrai","image":{"@type":"ImageObject","inLanguage":"uk","@id":"https:\/\/secure.gravatar.com\/avatar\/052f2d9640381d6904c5c0676ac3cc3d7ad734def78df3657e571451cad9870d?s=96&d=mm&r=g","url":"https:\/\/secure.gravatar.com\/avatar\/052f2d9640381d6904c5c0676ac3cc3d7ad734def78df3657e571451cad9870d?s=96&d=mm&r=g","contentUrl":"https:\/\/secure.gravatar.com\/avatar\/052f2d9640381d6904c5c0676ac3cc3d7ad734def78df3657e571451cad9870d?s=96&d=mm&r=g","caption":"elMeistrai"},"url":"https:\/\/elmeistrai.lt\/uk\/author\/yipkxe\/"}]}},"uagb_featured_image_src":{"full":false,"thumbnail":false,"medium":false,"medium_large":false,"large":false,"1536x1536":false,"2048x2048":false,"trp-custom-language-flag":false,"writemag-1218w-autoh-image":false,"writemag-675w-autoh-image":false,"writemag-100w-100h-image":false},"uagb_author_info":{"display_name":"elMeistrai","author_link":"https:\/\/elmeistrai.lt\/uk\/author\/yipkxe\/"},"uagb_comment_info":0,"uagb_excerpt":"LANCIA navigacija Lietuva ir Europa sistemoms Connect G2\/DB3 su CD Navigacijos diskai su \u017eem\u0117lapiais:1 &#8211; Pranc\u016bzija 2 &#8211; Ispanija, Portugalija3...","rttpg_featured_image_url":null,"rttpg_author":{"display_name":"elMeistrai","author_link":"https:\/\/elmeistrai.lt\/uk\/author\/yipkxe\/"},"rttpg_comment":0,"rttpg_category":null,"rttpg_excerpt":"LANCIA navigacija Lietuva ir Europa sistemoms Connect G2\/DB3 su CD Navigacijos diskai su \u017eem\u0117lapiais:1 &#8211; Pranc\u016bzija 2 &#8211; Ispanija, Portugalija3...","_links":{"self":[{"href":"https:\/\/elmeistrai.lt\/uk\/wp-json\/wp\/v2\/pages\/465","targetHints":{"allow":["GET"]}}],"collection":[{"href":"https:\/\/elmeistrai.lt\/uk\/wp-json\/wp\/v2\/pages"}],"about":[{"href":"https:\/\/elmeistrai.lt\/uk\/wp-json\/wp\/v2\/types\/page"}],"author":[{"embeddable":true,"href":"https:\/\/elmeistrai.lt\/uk\/wp-json\/wp\/v2\/users\/1"}],"replies":[{"embeddable":true,"href":"https:\/\/elmeistrai.lt\/uk\/wp-json\/wp\/v2\/comments?post=465"}],"version-history":[{"count":4,"href":"https:\/\/elmeistrai.lt\/uk\/wp-json\/wp\/v2\/pages\/465\/revisions"}],"predecessor-version":[{"id":472,"href":"https:\/\/elmeistrai.lt\/uk\/wp-json\/wp\/v2\/pages\/465\/revisions\/472"}],"wp:attachment":[{"href":"https:\/\/elmeistrai.lt\/uk\/wp-json\/wp\/v2\/media?parent=465"}],"curies":[{"name":"wp","href":"https:\/\/api.w.org\/{rel}","templated":true}]}}