{"id":2227,"date":"2023-03-02T09:38:39","date_gmt":"2023-03-02T11:38:39","guid":{"rendered":"https:\/\/elmeistrai.lt\/?page_id=2227"},"modified":"2026-02-24T11:31:55","modified_gmt":"2026-02-24T09:31:55","slug":"kaseciu-pildymas-kaune","status":"publish","type":"page","link":"https:\/\/elmeistrai.lt\/uk\/kaseciu-pildymas-per-5min\/kaseciu-pildymas-kaune\/","title":{"rendered":"Profesionalus kase\u010di\u0173 pildymas Kaune"},"content":{"rendered":"<div class=\"wp-block-uagb-container uagb-block-70939585 alignfull uagb-is-root-container\"><div class=\"uagb-container-inner-blocks-wrap\">\n<div class=\"wp-block-uagb-container uagb-block-6873cb00\">\n<p>Spausdintuvo kase\u010di\u0173 analogai \u2013 tai ekonomi\u0161ka ir prakti\u0161ka alternatyva originalioms gamintoj\u0173 kaset\u0117ms m\u016bs\u0173 taisykloje &#8222;elMeistrai&#8221;. Jie gaminami taip, kad b\u016bt\u0173 visi\u0161kai suderinami su tam tikrais spausdintuv\u0173 modeliais, u\u017etikrint\u0173 skland\u0173 veikim\u0105 ir ger\u0105 spaudos kokyb\u0119. Tinkamai parinkti analogai leid\u017eia \u017eenkliai suma\u017einti spausdinimo i\u0161laidas, ypa\u010d kai spausdinama da\u017enai ar dideliais kiekiais. Svarbu rinktis patikim\u0173 tiek\u0117j\u0173 analogines kasetes, kurios gaminamos laikantis kokyb\u0117s standart\u0173 ir nekenkia spausdintuvui. Kokybi\u0161ki analogai gali u\u017etikrinti ry\u0161k\u0173 tekst\u0105, ai\u0161kius vaizdus ir stabil\u0173 \u012frenginio darb\u0105, tod\u0117l tai racionalus pasirinkimas tiek namams, tiek verslui.<\/p>\n<\/div>\n\n\n\n<div class=\"wp-block-uagb-container uagb-block-d285d7fd\">\n<figure class=\"wp-block-image size-full\"><img loading=\"lazy\" decoding=\"async\" width=\"612\" height=\"407\" src=\"https:\/\/elmeistrai.lt\/wp-content\/uploads\/2026\/02\/toneris.jpg\" alt=\"\" class=\"wp-image-8712\" srcset=\"https:\/\/elmeistrai.lt\/wp-content\/uploads\/2026\/02\/toneris.jpg 612w, https:\/\/elmeistrai.lt\/wp-content\/uploads\/2026\/02\/toneris-300x200.jpg 300w, https:\/\/elmeistrai.lt\/wp-content\/uploads\/2026\/02\/toneris-18x12.jpg 18w\" sizes=\"auto, (max-width: 612px) 100vw, 612px\" \/><\/figure>\n\n\n\n<ul class=\"wp-block-list\">\n<li><strong>\u041a\u0430\u0443\u043d\u0430\u0441<\/strong>&nbsp;\u2013<strong>&nbsp;<\/strong>Baltijos g. 58 , \u0160ilainiai &nbsp;<a href=\"tel:+37065695553\">+370-656-95553<\/a><\/li>\n<\/ul>\n<\/div>\n<\/div><\/div>\n\n\n\n<figure class=\"wp-block-image size-full\"><img loading=\"lazy\" decoding=\"async\" width=\"612\" height=\"408\" src=\"https:\/\/elmeistrai.lt\/wp-content\/uploads\/2026\/02\/toneris-1.jpg\" alt=\"\" class=\"wp-image-8715\" srcset=\"https:\/\/elmeistrai.lt\/wp-content\/uploads\/2026\/02\/toneris-1.jpg 612w, https:\/\/elmeistrai.lt\/wp-content\/uploads\/2026\/02\/toneris-1-300x200.jpg 300w, https:\/\/elmeistrai.lt\/wp-content\/uploads\/2026\/02\/toneris-1-18x12.jpg 18w\" sizes=\"auto, (max-width: 612px) 100vw, 612px\" \/><figcaption class=\"wp-element-caption\">.<\/figcaption><\/figure>\n\n\n\n<p>Jau daug met\u0173 d\u017eiaugiam\u0117s teikdami ypa\u010d kokybi\u0161kus kase\u010di\u0173 analogus Kaune visiems savo klientams. M\u016bs\u0173 tikslas &#8211; suteikti klientams streso nekelian\u010di\u0105 patirt\u012f kiekvien\u0105 kart\u0105, kai jie ateina pas mus \u012fsigyti kaset\u0119. Taigi, jei jums reikia nebrangios ir kokybi\u0161kos kaset\u0117s analogo Kaune, kreipkit\u0117s \u012f mus. Garantuojame, kad nenusivilsite!<br> Susisiekite su mumis \u0161iandien, kad su\u017einotum\u0117te daugiau apie m\u016bs\u0173 kase\u010di\u0173 keitimo paslaugas ir kad j\u016bs\u0173 spausdintuvas v\u0117l spausdint\u0173!<\/p>","protected":false},"excerpt":{"rendered":"<p>Spausdintuvo kase\u010di\u0173 analogai \u2013 tai ekonomi\u0161ka ir prakti\u0161ka alternatyva originalioms gamintoj\u0173 kaset\u0117ms m\u016bs\u0173 taisykloje &#8222;elMeistrai&#8221;. Jie gaminami taip, kad b\u016bt\u0173&#8230;<\/p>","protected":false},"author":1,"featured_media":0,"parent":137,"menu_order":0,"comment_status":"closed","ping_status":"closed","template":"","meta":{"_uag_custom_page_level_css":"","footnotes":""},"class_list":["post-2227","page","type-page","status-publish","hentry"],"yoast_head":"<!-- This site is optimized with the Yoast SEO plugin v27.3 - https:\/\/yoast.com\/product\/yoast-seo-wordpress\/ -->\n<title>Profesionalus kase\u010di\u0173 pildymas Kaune<\/title>\n<meta name=\"description\" content=\"Profesionalus vis\u0173 tip\u0173 spausdintuv\u0173 kase\u010di\u0173 pildymas Kaune. Mus rasite \u0160ilainiuose, Baltijos g. 58, tel. 8 (656) 95553.\" \/>\n<meta name=\"robots\" content=\"index, follow, max-snippet:-1, max-image-preview:large, max-video-preview:-1\" \/>\n<link rel=\"canonical\" href=\"https:\/\/elmeistrai.lt\/uk\/kaseciu-pildymas-per-5min\/kaseciu-pildymas-kaune\/\" \/>\n<meta property=\"og:locale\" content=\"uk_UA\" \/>\n<meta property=\"og:type\" content=\"article\" \/>\n<meta property=\"og:title\" content=\"Profesionalus kase\u010di\u0173 pildymas Kaune\" \/>\n<meta property=\"og:description\" content=\"Profesionalus vis\u0173 tip\u0173 spausdintuv\u0173 kase\u010di\u0173 pildymas Kaune. Mus rasite \u0160ilainiuose, Baltijos g. 58, tel. 8 (656) 95553.\" \/>\n<meta property=\"og:url\" content=\"https:\/\/elmeistrai.lt\/uk\/kaseciu-pildymas-per-5min\/kaseciu-pildymas-kaune\/\" \/>\n<meta property=\"og:site_name\" content=\"Vilniuje, Kaune, Klaip\u0117doje, \u0160iauliuose\" \/>\n<meta property=\"article:publisher\" content=\"https:\/\/www.facebook.com\/elmeistrai.lt\/\" \/>\n<meta property=\"article:modified_time\" content=\"2026-02-24T09:31:55+00:00\" \/>\n<meta property=\"og:image\" content=\"https:\/\/elmeistrai.lt\/wp-content\/uploads\/2026\/02\/toneris.jpg\" \/>\n\t<meta property=\"og:image:width\" content=\"612\" \/>\n\t<meta property=\"og:image:height\" content=\"407\" \/>\n\t<meta property=\"og:image:type\" content=\"image\/jpeg\" \/>\n<meta name=\"twitter:card\" content=\"summary_large_image\" \/>\n<meta name=\"twitter:label1\" content=\"\u041f\u0440\u0438\u0431\u043b. \u0447\u0430\u0441 \u0447\u0438\u0442\u0430\u043d\u043d\u044f\" \/>\n\t<meta name=\"twitter:data1\" content=\"2 \u0445\u0432\u0438\u043b\u0438\u043d\u0438\" \/>\n<script type=\"application\/ld+json\" class=\"yoast-schema-graph\">{\"@context\":\"https:\\\/\\\/schema.org\",\"@graph\":[{\"@type\":\"NewsArticle\",\"@id\":\"https:\\\/\\\/elmeistrai.lt\\\/kaseciu-pildymas-per-5min\\\/kaseciu-pildymas-kaune\\\/#article\",\"isPartOf\":{\"@id\":\"https:\\\/\\\/elmeistrai.lt\\\/kaseciu-pildymas-per-5min\\\/kaseciu-pildymas-kaune\\\/\"},\"author\":{\"name\":\"elMeistrai\",\"@id\":\"https:\\\/\\\/elmeistrai.lt\\\/#\\\/schema\\\/person\\\/6363b621eb9606785f7f2ae9a52987f7\"},\"headline\":\"Profesionalus kase\u010di\u0173 pildymas Kaune\",\"datePublished\":\"2023-03-02T11:38:39+00:00\",\"dateModified\":\"2026-02-24T09:31:55+00:00\",\"mainEntityOfPage\":{\"@id\":\"https:\\\/\\\/elmeistrai.lt\\\/kaseciu-pildymas-per-5min\\\/kaseciu-pildymas-kaune\\\/\"},\"wordCount\":193,\"publisher\":{\"@id\":\"https:\\\/\\\/elmeistrai.lt\\\/#organization\"},\"image\":{\"@id\":\"https:\\\/\\\/elmeistrai.lt\\\/kaseciu-pildymas-per-5min\\\/kaseciu-pildymas-kaune\\\/#primaryimage\"},\"thumbnailUrl\":\"https:\\\/\\\/elmeistrai.lt\\\/wp-content\\\/uploads\\\/2026\\\/02\\\/toneris.jpg\",\"inLanguage\":\"uk\"},{\"@type\":[\"WebPage\",\"ItemPage\"],\"@id\":\"https:\\\/\\\/elmeistrai.lt\\\/kaseciu-pildymas-per-5min\\\/kaseciu-pildymas-kaune\\\/\",\"url\":\"https:\\\/\\\/elmeistrai.lt\\\/kaseciu-pildymas-per-5min\\\/kaseciu-pildymas-kaune\\\/\",\"name\":\"Profesionalus kase\u010di\u0173 pildymas Kaune\",\"isPartOf\":{\"@id\":\"https:\\\/\\\/elmeistrai.lt\\\/#website\"},\"primaryImageOfPage\":{\"@id\":\"https:\\\/\\\/elmeistrai.lt\\\/kaseciu-pildymas-per-5min\\\/kaseciu-pildymas-kaune\\\/#primaryimage\"},\"image\":{\"@id\":\"https:\\\/\\\/elmeistrai.lt\\\/kaseciu-pildymas-per-5min\\\/kaseciu-pildymas-kaune\\\/#primaryimage\"},\"thumbnailUrl\":\"https:\\\/\\\/elmeistrai.lt\\\/wp-content\\\/uploads\\\/2026\\\/02\\\/toneris.jpg\",\"datePublished\":\"2023-03-02T11:38:39+00:00\",\"dateModified\":\"2026-02-24T09:31:55+00:00\",\"description\":\"Profesionalus vis\u0173 tip\u0173 spausdintuv\u0173 kase\u010di\u0173 pildymas Kaune. Mus rasite \u0160ilainiuose, Baltijos g. 58, tel. 8 (656) 95553.\",\"breadcrumb\":{\"@id\":\"https:\\\/\\\/elmeistrai.lt\\\/kaseciu-pildymas-per-5min\\\/kaseciu-pildymas-kaune\\\/#breadcrumb\"},\"inLanguage\":\"uk\",\"potentialAction\":[{\"@type\":\"ReadAction\",\"target\":[\"https:\\\/\\\/elmeistrai.lt\\\/kaseciu-pildymas-per-5min\\\/kaseciu-pildymas-kaune\\\/\"]}]},{\"@type\":\"ImageObject\",\"inLanguage\":\"uk\",\"@id\":\"https:\\\/\\\/elmeistrai.lt\\\/kaseciu-pildymas-per-5min\\\/kaseciu-pildymas-kaune\\\/#primaryimage\",\"url\":\"https:\\\/\\\/elmeistrai.lt\\\/wp-content\\\/uploads\\\/2026\\\/02\\\/toneris.jpg\",\"contentUrl\":\"https:\\\/\\\/elmeistrai.lt\\\/wp-content\\\/uploads\\\/2026\\\/02\\\/toneris.jpg\"},{\"@type\":\"BreadcrumbList\",\"@id\":\"https:\\\/\\\/elmeistrai.lt\\\/kaseciu-pildymas-per-5min\\\/kaseciu-pildymas-kaune\\\/#breadcrumb\",\"itemListElement\":[{\"@type\":\"ListItem\",\"position\":1,\"name\":\"Home\",\"item\":\"https:\\\/\\\/elmeistrai.lt\\\/\"},{\"@type\":\"ListItem\",\"position\":2,\"name\":\"Profesionalus kase\u010di\u0173 pildymas Vilniuje, Kaune, Klaip\u0117doje ir \u0160iauliuose\",\"item\":\"https:\\\/\\\/elmeistrai.lt\\\/kaseciu-pildymas-per-5min\\\/\"},{\"@type\":\"ListItem\",\"position\":3,\"name\":\"Profesionalus kase\u010di\u0173 pildymas Kaune\"}]},{\"@type\":\"WebSite\",\"@id\":\"https:\\\/\\\/elmeistrai.lt\\\/#website\",\"url\":\"https:\\\/\\\/elmeistrai.lt\\\/\",\"name\":\"Vilniuje, Kaune, Klaip\u0117doje, \u0160iauliuose\",\"description\":\"Nam\u0173 ir verslo elektronikos prietais\u0173 remontas. Kase\u010di\u0173 pildymas.\",\"publisher\":{\"@id\":\"https:\\\/\\\/elmeistrai.lt\\\/#organization\"},\"potentialAction\":[{\"@type\":\"SearchAction\",\"target\":{\"@type\":\"EntryPoint\",\"urlTemplate\":\"https:\\\/\\\/elmeistrai.lt\\\/?s={search_term_string}\"},\"query-input\":{\"@type\":\"PropertyValueSpecification\",\"valueRequired\":true,\"valueName\":\"search_term_string\"}}],\"inLanguage\":\"uk\"},{\"@type\":\"Organization\",\"@id\":\"https:\\\/\\\/elmeistrai.lt\\\/#organization\",\"name\":\"elMeistrai.lt\",\"alternateName\":\"Kavos aparat\u0173, paspirtuk\u0173, televizori\u0173, kompiuteri\u0173, telefon\u0173 ir kt. technikos remontas\",\"url\":\"https:\\\/\\\/elmeistrai.lt\\\/\",\"logo\":{\"@type\":\"ImageObject\",\"inLanguage\":\"uk\",\"@id\":\"https:\\\/\\\/elmeistrai.lt\\\/#\\\/schema\\\/logo\\\/image\\\/\",\"url\":\"https:\\\/\\\/elmeistrai.lt\\\/wp-content\\\/uploads\\\/2022\\\/09\\\/elmeistrai_logo.jpg\",\"contentUrl\":\"https:\\\/\\\/elmeistrai.lt\\\/wp-content\\\/uploads\\\/2022\\\/09\\\/elmeistrai_logo.jpg\",\"width\":556,\"height\":143,\"caption\":\"elMeistrai.lt\"},\"image\":{\"@id\":\"https:\\\/\\\/elmeistrai.lt\\\/#\\\/schema\\\/logo\\\/image\\\/\"},\"sameAs\":[\"https:\\\/\\\/www.facebook.com\\\/elmeistrai.lt\\\/\"]},{\"@type\":\"Person\",\"@id\":\"https:\\\/\\\/elmeistrai.lt\\\/#\\\/schema\\\/person\\\/6363b621eb9606785f7f2ae9a52987f7\",\"name\":\"elMeistrai\",\"image\":{\"@type\":\"ImageObject\",\"inLanguage\":\"uk\",\"@id\":\"https:\\\/\\\/secure.gravatar.com\\\/avatar\\\/052f2d9640381d6904c5c0676ac3cc3d7ad734def78df3657e571451cad9870d?s=96&d=mm&r=g\",\"url\":\"https:\\\/\\\/secure.gravatar.com\\\/avatar\\\/052f2d9640381d6904c5c0676ac3cc3d7ad734def78df3657e571451cad9870d?s=96&d=mm&r=g\",\"contentUrl\":\"https:\\\/\\\/secure.gravatar.com\\\/avatar\\\/052f2d9640381d6904c5c0676ac3cc3d7ad734def78df3657e571451cad9870d?s=96&d=mm&r=g\",\"caption\":\"elMeistrai\"},\"url\":\"https:\\\/\\\/elmeistrai.lt\\\/uk\\\/author\\\/yipkxe\\\/\"}]}<\/script>\n<!-- \/ Yoast SEO plugin. -->","yoast_head_json":{"title":"Profesionalus kase\u010di\u0173 pildymas Kaune","description":"\u041f\u0440\u043e\u0444\u0435\u0441\u0456\u0439\u043d\u0430 \u0437\u0430\u043f\u0440\u0430\u0432\u043a\u0430 \u0432\u0441\u0456\u0445 \u0442\u0438\u043f\u0456\u0432 \u043a\u0430\u0440\u0442\u0440\u0438\u0434\u0436\u0456\u0432 \u0443 \u041a\u0430\u0443\u043d\u0430\u0441\u0456. \u0412\u0438 \u043c\u043e\u0436\u0435\u0442\u0435 \u0437\u043d\u0430\u0439\u0442\u0438 \u043d\u0430\u0441 \u0437\u0430 \u0430\u0434\u0440\u0435\u0441\u043e\u044e: \u0160ilainiai, Baltijos g. 58, \u0442\u0435\u043b. 8 (656) 95553.","robots":{"index":"index","follow":"follow","max-snippet":"max-snippet:-1","max-image-preview":"max-image-preview:large","max-video-preview":"max-video-preview:-1"},"canonical":"https:\/\/elmeistrai.lt\/uk\/kaseciu-pildymas-per-5min\/kaseciu-pildymas-kaune\/","og_locale":"uk_UA","og_type":"article","og_title":"Profesionalus kase\u010di\u0173 pildymas Kaune","og_description":"Profesionalus vis\u0173 tip\u0173 spausdintuv\u0173 kase\u010di\u0173 pildymas Kaune. Mus rasite \u0160ilainiuose, Baltijos g. 58, tel. 8 (656) 95553.","og_url":"https:\/\/elmeistrai.lt\/uk\/kaseciu-pildymas-per-5min\/kaseciu-pildymas-kaune\/","og_site_name":"Vilniuje, Kaune, Klaip\u0117doje, \u0160iauliuose","article_publisher":"https:\/\/www.facebook.com\/elmeistrai.lt\/","article_modified_time":"2026-02-24T09:31:55+00:00","og_image":[{"width":612,"height":407,"url":"https:\/\/elmeistrai.lt\/wp-content\/uploads\/2026\/02\/toneris.jpg","type":"image\/jpeg"}],"twitter_card":"summary_large_image","twitter_misc":{"\u041f\u0440\u0438\u0431\u043b. \u0447\u0430\u0441 \u0447\u0438\u0442\u0430\u043d\u043d\u044f":"2 \u0445\u0432\u0438\u043b\u0438\u043d\u0438"},"schema":{"@context":"https:\/\/schema.org","@graph":[{"@type":"NewsArticle","@id":"https:\/\/elmeistrai.lt\/kaseciu-pildymas-per-5min\/kaseciu-pildymas-kaune\/#article","isPartOf":{"@id":"https:\/\/elmeistrai.lt\/kaseciu-pildymas-per-5min\/kaseciu-pildymas-kaune\/"},"author":{"name":"elMeistrai","@id":"https:\/\/elmeistrai.lt\/#\/schema\/person\/6363b621eb9606785f7f2ae9a52987f7"},"headline":"Profesionalus kase\u010di\u0173 pildymas Kaune","datePublished":"2023-03-02T11:38:39+00:00","dateModified":"2026-02-24T09:31:55+00:00","mainEntityOfPage":{"@id":"https:\/\/elmeistrai.lt\/kaseciu-pildymas-per-5min\/kaseciu-pildymas-kaune\/"},"wordCount":193,"publisher":{"@id":"https:\/\/elmeistrai.lt\/#organization"},"image":{"@id":"https:\/\/elmeistrai.lt\/kaseciu-pildymas-per-5min\/kaseciu-pildymas-kaune\/#primaryimage"},"thumbnailUrl":"https:\/\/elmeistrai.lt\/wp-content\/uploads\/2026\/02\/toneris.jpg","inLanguage":"uk"},{"@type":["WebPage","ItemPage"],"@id":"https:\/\/elmeistrai.lt\/kaseciu-pildymas-per-5min\/kaseciu-pildymas-kaune\/","url":"https:\/\/elmeistrai.lt\/kaseciu-pildymas-per-5min\/kaseciu-pildymas-kaune\/","name":"Profesionalus kase\u010di\u0173 pildymas Kaune","isPartOf":{"@id":"https:\/\/elmeistrai.lt\/#website"},"primaryImageOfPage":{"@id":"https:\/\/elmeistrai.lt\/kaseciu-pildymas-per-5min\/kaseciu-pildymas-kaune\/#primaryimage"},"image":{"@id":"https:\/\/elmeistrai.lt\/kaseciu-pildymas-per-5min\/kaseciu-pildymas-kaune\/#primaryimage"},"thumbnailUrl":"https:\/\/elmeistrai.lt\/wp-content\/uploads\/2026\/02\/toneris.jpg","datePublished":"2023-03-02T11:38:39+00:00","dateModified":"2026-02-24T09:31:55+00:00","description":"\u041f\u0440\u043e\u0444\u0435\u0441\u0456\u0439\u043d\u0430 \u0437\u0430\u043f\u0440\u0430\u0432\u043a\u0430 \u0432\u0441\u0456\u0445 \u0442\u0438\u043f\u0456\u0432 \u043a\u0430\u0440\u0442\u0440\u0438\u0434\u0436\u0456\u0432 \u0443 \u041a\u0430\u0443\u043d\u0430\u0441\u0456. \u0412\u0438 \u043c\u043e\u0436\u0435\u0442\u0435 \u0437\u043d\u0430\u0439\u0442\u0438 \u043d\u0430\u0441 \u0437\u0430 \u0430\u0434\u0440\u0435\u0441\u043e\u044e: \u0160ilainiai, Baltijos g. 58, \u0442\u0435\u043b. 8 (656) 95553.","breadcrumb":{"@id":"https:\/\/elmeistrai.lt\/kaseciu-pildymas-per-5min\/kaseciu-pildymas-kaune\/#breadcrumb"},"inLanguage":"uk","potentialAction":[{"@type":"ReadAction","target":["https:\/\/elmeistrai.lt\/kaseciu-pildymas-per-5min\/kaseciu-pildymas-kaune\/"]}]},{"@type":"ImageObject","inLanguage":"uk","@id":"https:\/\/elmeistrai.lt\/kaseciu-pildymas-per-5min\/kaseciu-pildymas-kaune\/#primaryimage","url":"https:\/\/elmeistrai.lt\/wp-content\/uploads\/2026\/02\/toneris.jpg","contentUrl":"https:\/\/elmeistrai.lt\/wp-content\/uploads\/2026\/02\/toneris.jpg"},{"@type":"BreadcrumbList","@id":"https:\/\/elmeistrai.lt\/kaseciu-pildymas-per-5min\/kaseciu-pildymas-kaune\/#breadcrumb","itemListElement":[{"@type":"ListItem","position":1,"name":"Home","item":"https:\/\/elmeistrai.lt\/"},{"@type":"ListItem","position":2,"name":"Profesionalus kase\u010di\u0173 pildymas Vilniuje, Kaune, Klaip\u0117doje ir \u0160iauliuose","item":"https:\/\/elmeistrai.lt\/kaseciu-pildymas-per-5min\/"},{"@type":"ListItem","position":3,"name":"Profesionalus kase\u010di\u0173 pildymas Kaune"}]},{"@type":"WebSite","@id":"https:\/\/elmeistrai.lt\/#website","url":"https:\/\/elmeistrai.lt\/","name":"\u0412\u0456\u043b\u044c\u043d\u044e\u0441, \u041a\u0430\u0443\u043d\u0430\u0441, \u041a\u043b\u0430\u0439\u043f\u0435\u0434\u0430, \u0428\u044f\u0443\u043b\u044f\u0439","description":"\u0420\u0435\u043c\u043e\u043d\u0442 \u0434\u043e\u043c\u0430\u0448\u043d\u044c\u043e\u0457 \u0442\u0430 \u043e\u0444\u0456\u0441\u043d\u043e\u0457 \u0435\u043b\u0435\u043a\u0442\u0440\u043e\u043d\u0456\u043a\u0438. \u0417\u0430\u043f\u0440\u0430\u0432\u043a\u0430 \u043a\u0430\u0440\u0442\u0440\u0438\u0434\u0436\u0456\u0432.","publisher":{"@id":"https:\/\/elmeistrai.lt\/#organization"},"potentialAction":[{"@type":"SearchAction","target":{"@type":"EntryPoint","urlTemplate":"https:\/\/elmeistrai.lt\/?s={search_term_string}"},"query-input":{"@type":"PropertyValueSpecification","valueRequired":true,"valueName":"search_term_string"}}],"inLanguage":"uk"},{"@type":"Organization","@id":"https:\/\/elmeistrai.lt\/#organization","name":"elMeistrai.lt","alternateName":"Kavos aparat\u0173, paspirtuk\u0173, televizori\u0173, kompiuteri\u0173, telefon\u0173 ir kt. technikos remontas","url":"https:\/\/elmeistrai.lt\/","logo":{"@type":"ImageObject","inLanguage":"uk","@id":"https:\/\/elmeistrai.lt\/#\/schema\/logo\/image\/","url":"https:\/\/elmeistrai.lt\/wp-content\/uploads\/2022\/09\/elmeistrai_logo.jpg","contentUrl":"https:\/\/elmeistrai.lt\/wp-content\/uploads\/2022\/09\/elmeistrai_logo.jpg","width":556,"height":143,"caption":"elMeistrai.lt"},"image":{"@id":"https:\/\/elmeistrai.lt\/#\/schema\/logo\/image\/"},"sameAs":["https:\/\/www.facebook.com\/elmeistrai.lt\/"]},{"@type":"Person","@id":"https:\/\/elmeistrai.lt\/#\/schema\/person\/6363b621eb9606785f7f2ae9a52987f7","name":"elMeistrai","image":{"@type":"ImageObject","inLanguage":"uk","@id":"https:\/\/secure.gravatar.com\/avatar\/052f2d9640381d6904c5c0676ac3cc3d7ad734def78df3657e571451cad9870d?s=96&d=mm&r=g","url":"https:\/\/secure.gravatar.com\/avatar\/052f2d9640381d6904c5c0676ac3cc3d7ad734def78df3657e571451cad9870d?s=96&d=mm&r=g","contentUrl":"https:\/\/secure.gravatar.com\/avatar\/052f2d9640381d6904c5c0676ac3cc3d7ad734def78df3657e571451cad9870d?s=96&d=mm&r=g","caption":"elMeistrai"},"url":"https:\/\/elmeistrai.lt\/uk\/author\/yipkxe\/"}]}},"uagb_featured_image_src":{"full":false,"thumbnail":false,"medium":false,"medium_large":false,"large":false,"1536x1536":false,"2048x2048":false,"trp-custom-language-flag":false,"writemag-1218w-autoh-image":false,"writemag-675w-autoh-image":false,"writemag-100w-100h-image":false},"uagb_author_info":{"display_name":"elMeistrai","author_link":"https:\/\/elmeistrai.lt\/uk\/author\/yipkxe\/"},"uagb_comment_info":0,"uagb_excerpt":"Spausdintuvo kase\u010di\u0173 analogai \u2013 tai ekonomi\u0161ka ir prakti\u0161ka alternatyva originalioms gamintoj\u0173 kaset\u0117ms m\u016bs\u0173 taisykloje &#8222;elMeistrai&#8221;. Jie gaminami taip, kad b\u016bt\u0173...","rttpg_featured_image_url":null,"rttpg_author":{"display_name":"elMeistrai","author_link":"https:\/\/elmeistrai.lt\/uk\/author\/yipkxe\/"},"rttpg_comment":0,"rttpg_category":null,"rttpg_excerpt":"Spausdintuvo kase\u010di\u0173 analogai \u2013 tai ekonomi\u0161ka ir prakti\u0161ka alternatyva originalioms gamintoj\u0173 kaset\u0117ms m\u016bs\u0173 taisykloje &#8222;elMeistrai&#8221;. Jie gaminami taip, kad b\u016bt\u0173...","_links":{"self":[{"href":"https:\/\/elmeistrai.lt\/uk\/wp-json\/wp\/v2\/pages\/2227","targetHints":{"allow":["GET"]}}],"collection":[{"href":"https:\/\/elmeistrai.lt\/uk\/wp-json\/wp\/v2\/pages"}],"about":[{"href":"https:\/\/elmeistrai.lt\/uk\/wp-json\/wp\/v2\/types\/page"}],"author":[{"embeddable":true,"href":"https:\/\/elmeistrai.lt\/uk\/wp-json\/wp\/v2\/users\/1"}],"replies":[{"embeddable":true,"href":"https:\/\/elmeistrai.lt\/uk\/wp-json\/wp\/v2\/comments?post=2227"}],"version-history":[{"count":4,"href":"https:\/\/elmeistrai.lt\/uk\/wp-json\/wp\/v2\/pages\/2227\/revisions"}],"predecessor-version":[{"id":8862,"href":"https:\/\/elmeistrai.lt\/uk\/wp-json\/wp\/v2\/pages\/2227\/revisions\/8862"}],"up":[{"embeddable":true,"href":"https:\/\/elmeistrai.lt\/uk\/wp-json\/wp\/v2\/pages\/137"}],"wp:attachment":[{"href":"https:\/\/elmeistrai.lt\/uk\/wp-json\/wp\/v2\/media?parent=2227"}],"curies":[{"name":"wp","href":"https:\/\/api.w.org\/{rel}","templated":true}]}}