{"id":2214,"date":"2023-03-01T19:41:02","date_gmt":"2023-03-01T21:41:02","guid":{"rendered":"https:\/\/elmeistrai.lt\/?page_id=2214"},"modified":"2026-02-20T14:44:19","modified_gmt":"2026-02-20T12:44:19","slug":"kavos-aparatu-remontas-klaipedoje","status":"publish","type":"page","link":"https:\/\/elmeistrai.lt\/uk\/kavos-aparatu-remontas\/kavos-aparatu-remontas-klaipedoje\/","title":{"rendered":"Profesionalus kavos aparat\u0173 remontas Klaip\u0117doje"},"content":{"rendered":"<div class=\"wp-block-uagb-container uagb-block-d751ed7f alignfull uagb-is-root-container\"><div class=\"uagb-container-inner-blocks-wrap\">\n<div class=\"wp-block-uagb-container uagb-block-3945fa5c\">\n<p>\u0417\u0432\u0435\u0440\u043d\u0456\u0442\u044c\u0441\u044f \u0434\u043e \u043d\u0430\u0441, \u044f\u043a\u0449\u043e \u0432\u0438 \u0448\u0443\u043a\u0430\u0454\u0442\u0435 \u043f\u0440\u043e\u0444\u0435\u0441\u0456\u0439\u043d\u0443 \u0442\u0430 \u043d\u0430\u0434\u0456\u0439\u043d\u0443 <strong>\u0440\u0435\u043c\u043e\u043d\u0442 \u043a\u0430\u0432\u043e\u043c\u0430\u0448\u0438\u043d\u0438 \u0432 \u041a\u043b\u0430\u0439\u043f\u0435\u0434\u0456<\/strong>. \u041d\u0430\u0448\u0430 \u043a\u043e\u043c\u0430\u043d\u0434\u0430 \u0435\u043a\u0441\u043f\u0435\u0440\u0442\u0456\u0432 \u0442\u0443\u0442, \u0449\u043e\u0431 \u043d\u0430\u0434\u0430\u0442\u0438 \u0432\u0441\u044e \u043d\u0435\u043e\u0431\u0445\u0456\u0434\u043d\u0443 \u0434\u043e\u043f\u043e\u043c\u043e\u0433\u0443. \u041c\u0438 \u043c\u0430\u0454\u043c\u043e \u0431\u0430\u0433\u0430\u0442\u043e\u0440\u0456\u0447\u043d\u0438\u0439 \u0434\u043e\u0441\u0432\u0456\u0434 \u0443\u0441\u0443\u043d\u0435\u043d\u043d\u044f \u044f\u043a \u043f\u0440\u043e\u0441\u0442\u0438\u0445, \u0442\u0430\u043a \u0456 \u0441\u043a\u043b\u0430\u0434\u043d\u0438\u0445 \u043d\u0435\u043f\u043e\u043b\u0430\u0434\u043e\u043a \u0443 \u0432\u0430\u0448\u0438\u0445 \u043a\u0430\u0432\u043e\u0432\u0430\u0440\u043a\u0430\u0445 \u0434\u043b\u044f \u0435\u0441\u043f\u0440\u0435\u0441\u043e, \u043a\u0430\u043f\u0443\u0447\u0438\u043d\u043e \u0442\u0430 \u0456\u043d\u0448\u0438\u0445 \u0442\u0438\u043f\u0430\u0445 \u043a\u0430\u0432\u043e\u0432\u0438\u0445 \u043c\u0430\u0448\u0438\u043d. \u041d\u0435\u0437\u0430\u043b\u0435\u0436\u043d\u043e \u0432\u0456\u0434 \u0442\u043e\u0433\u043e, \u0447\u0438 \u0446\u0435 \u043f\u0440\u043e\u0444\u0456\u043b\u0430\u043a\u0442\u0438\u0447\u043d\u0435 \u043e\u0431\u0441\u043b\u0443\u0433\u043e\u0432\u0443\u0432\u0430\u043d\u043d\u044f, \u0447\u0438 \u0431\u0456\u043b\u044c\u0448 \u0441\u043a\u043b\u0430\u0434\u043d\u0438\u0439 \u0440\u0435\u043c\u043e\u043d\u0442, \u043c\u0438 \u043c\u043e\u0436\u0435\u043c\u043e \u0432\u043f\u043e\u0440\u0430\u0442\u0438\u0441\u044f \u0437 \u0446\u0438\u043c. \u041d\u0430\u0448\u0456 \u0444\u0430\u0445\u0456\u0432\u0446\u0456 \u0437\u043d\u0430\u0439\u0434\u0443\u0442\u044c \u0447\u0430\u0441, \u0449\u043e\u0431 \u043f\u043e\u044f\u0441\u043d\u0438\u0442\u0438 \u0432\u0430\u043c \u043f\u0440\u043e\u0431\u043b\u0435\u043c\u0443 \u0432 \u043f\u0440\u043e\u0441\u0442\u0456\u0439 \u0456 \u0437\u0440\u043e\u0437\u0443\u043c\u0456\u043b\u0456\u0439 \u0444\u043e\u0440\u043c\u0456, \u0449\u043e\u0431 \u0432\u0438 \u043c\u043e\u0433\u043b\u0438 \u043f\u0440\u0438\u0439\u043d\u044f\u0442\u0438 \u043e\u0431\u0491\u0440\u0443\u043d\u0442\u043e\u0432\u0430\u043d\u0435 \u0440\u0456\u0448\u0435\u043d\u043d\u044f \u043f\u0440\u043e \u0442\u0435, \u0449\u043e \u0440\u043e\u0431\u0438\u0442\u0438. \u041c\u0438 \u0442\u0430\u043a\u043e\u0436 \u043f\u0440\u043e\u043f\u043e\u043d\u0443\u0454\u043c\u043e \u043a\u043e\u043d\u043a\u0443\u0440\u0435\u043d\u0442\u043e\u0441\u043f\u0440\u043e\u043c\u043e\u0436\u043d\u0456 \u0446\u0456\u043d\u0438 \u0442\u0430 \u0448\u0432\u0438\u0434\u043a\u0456 \u0442\u0435\u0440\u043c\u0456\u043d\u0438 \u0432\u0438\u043a\u043e\u043d\u0430\u043d\u043d\u044f \u0440\u043e\u0431\u0456\u0442, \u0449\u043e\u0431 \u0432\u0430\u0448\u0430 \u043a\u0430\u0432\u043e\u0432\u0430\u0440\u043a\u0430 \u043f\u0440\u0430\u0446\u044e\u0432\u0430\u043b\u0430 \u044f\u043a\u043d\u0430\u0439\u0448\u0432\u0438\u0434\u0448\u0435. \u0422\u043e\u0436 \u043d\u0435 \u0447\u0435\u043a\u0430\u0439\u0442\u0435 - \u0437\u0432'\u044f\u0436\u0456\u0442\u044c\u0441\u044f \u0437 \u043d\u0430\u043c\u0438 \u0432\u0436\u0435 \u0441\u044c\u043e\u0433\u043e\u0434\u043d\u0456 \u0456 \u0434\u043e\u0437\u0432\u043e\u043b\u044c\u0442\u0435 \u043d\u0430\u043c \u0434\u043e\u043f\u043e\u043c\u043e\u0433\u0442\u0438 \u0432\u0430\u043c \u0437 \u0443\u0441\u0456\u043c\u0430 \u0432\u0430\u0448\u0438\u043c\u0438 \u043f\u043e\u0442\u0440\u0435\u0431\u0430\u043c\u0438 \u0432 \u0440\u0435\u043c\u043e\u043d\u0442\u0456 \u043a\u0430\u0432\u043e\u043c\u0430\u0448\u0438\u043d\u0438!<\/p>\n<\/div>\n\n\n\n<div class=\"wp-block-uagb-container uagb-block-99b5f60f\">\n<figure class=\"wp-block-image size-full\"><img loading=\"lazy\" decoding=\"async\" width=\"612\" height=\"408\" src=\"https:\/\/elmeistrai.lt\/wp-content\/uploads\/2026\/02\/7.jpg\" alt=\"\" class=\"wp-image-8675\" srcset=\"https:\/\/elmeistrai.lt\/wp-content\/uploads\/2026\/02\/7.jpg 612w, https:\/\/elmeistrai.lt\/wp-content\/uploads\/2026\/02\/7-300x200.jpg 300w, https:\/\/elmeistrai.lt\/wp-content\/uploads\/2026\/02\/7-18x12.jpg 18w\" sizes=\"auto, (max-width: 612px) 100vw, 612px\" \/><\/figure>\n\n\n\n<ul class=\"wp-block-list\">\n<li><strong>\u041a\u043b\u0430\u0439\u043f\u0435\u0434\u0430<\/strong>\u00a0\u2013 Sausio 15-osios g. 13\u00a0<a href=\"tel:+37064707741\">+370-647-07741<\/a><\/li>\n<\/ul>\n<\/div>\n<\/div><\/div>\n\n\n\n<figure class=\"wp-block-image size-full\"><img loading=\"lazy\" decoding=\"async\" width=\"612\" height=\"408\" src=\"https:\/\/elmeistrai.lt\/wp-content\/uploads\/2026\/02\/8-1.jpg\" alt=\"\" class=\"wp-image-8677\" srcset=\"https:\/\/elmeistrai.lt\/wp-content\/uploads\/2026\/02\/8-1.jpg 612w, https:\/\/elmeistrai.lt\/wp-content\/uploads\/2026\/02\/8-1-300x200.jpg 300w, https:\/\/elmeistrai.lt\/wp-content\/uploads\/2026\/02\/8-1-18x12.jpg 18w\" sizes=\"auto, (max-width: 612px) 100vw, 612px\" \/><\/figure>\n\n\n\n<p>Taisome vis\u0173 tip\u0173 gedimus: pagrindines plok\u0161tes, kei\u010diame dalis ir kt. M\u016bs\u0173 technikai yra puikiai apmokyti ir turi ilgamet\u0119 patirt\u012f dirbant su toki\u0173 prek\u0117s \u017eenkl\u0173 kavos aparatais, kaip &#8222;Saeco&#8221;, &#8222;Philips&#8221;, &#8222;Jura&#8221; ir kt. Suprantame, koks svarbus yra rytinis kavos puodelis, tod\u0117l padarysime visk\u0105, k\u0105 galime, kad j\u016bs\u0173 kavos aparatai greitai v\u0117l prad\u0117t\u0173 puikiai veikti. Nesvarbu, kokia problema, galime pasi\u016blyti i\u0161sam\u0173 remonto sprendim\u0105, kad j\u016bs\u0173 kavos aparatas veikt\u0173 kaip naujas.<br>Joks darbas n\u0117ra per didelis ar per ma\u017eas m\u016bs\u0173 specialistams. Garantuojame auk\u0161\u010diausio lygio klient\u0173 aptarnavim\u0105 ir greit\u0105 darb\u0173 atlikim\u0105. M\u016bs\u0173 komanda taip pat pasirengusi atsakyti \u012f visus jums r\u016bpimus klausimus ar problemas, susijusias su kavos aparat\u0173 remontu. Susisiekite su mumis ir leiskite mums viskuo pasir\u016bpinti!<\/p>","protected":false},"excerpt":{"rendered":"<p>\u0417\u0432\u0435\u0440\u0442\u0430\u0439\u0442\u0435\u0441\u044f \u0434\u043e \u043d\u0430\u0441, \u044f\u043a\u0449\u043e \u0432\u0430\u043c \u043f\u043e\u0442\u0440\u0456\u0431\u0435\u043d \u043f\u0440\u043e\u0444\u0435\u0441\u0456\u0439\u043d\u0438\u0439 \u0456 \u043d\u0430\u0434\u0456\u0439\u043d\u0438\u0439 \u0440\u0435\u043c\u043e\u043d\u0442 \u043a\u0430\u0432\u043e\u0432\u0438\u0445 \u043c\u0430\u0448\u0438\u043d \u0432 \u041a\u043b\u0430\u0439\u043f\u0435\u0434\u0456. \u041d\u0430\u0448\u0430 \u043a\u043e\u043c\u0430\u043d\u0434\u0430 \u0444\u0430\u0445\u0456\u0432\u0446\u0456\u0432 \u0442\u0443\u0442, \u0449\u043e\u0431 \u043d\u0430\u0434\u0430\u0442\u0438 \u0432\u0430\u043c \u0432\u0441\u0456 \u043d\u0435\u043e\u0431\u0445\u0456\u0434\u043d\u0456 \u043f\u043e\u0441\u043b\u0443\u0433\u0438...<\/p>","protected":false},"author":1,"featured_media":0,"parent":53,"menu_order":0,"comment_status":"closed","ping_status":"closed","template":"","meta":{"_uag_custom_page_level_css":"","footnotes":""},"class_list":["post-2214","page","type-page","status-publish","hentry"],"yoast_head":"<!-- This site is optimized with the Yoast SEO plugin v27.4 - https:\/\/yoast.com\/product\/yoast-seo-wordpress\/ -->\n<title>Profesionalus kavos aparat\u0173 remontas Klaip\u0117doje<\/title>\n<meta name=\"description\" content=\"Profesionalus vis\u0173 tip\u0173 ir gamintoj\u0173 kavos aparat\u0173 remontas Klaip\u0117doje. Mus rasite \u0160ilut\u0117s pl. 35 (BANGINIS), tel. 8 (617) 77731\" \/>\n<meta name=\"robots\" content=\"index, follow, max-snippet:-1, max-image-preview:large, max-video-preview:-1\" \/>\n<link rel=\"canonical\" href=\"https:\/\/elmeistrai.lt\/uk\/kavos-aparatu-remontas\/kavos-aparatu-remontas-klaipedoje\/\" \/>\n<meta property=\"og:locale\" content=\"uk_UA\" \/>\n<meta property=\"og:type\" content=\"article\" \/>\n<meta property=\"og:title\" content=\"Profesionalus kavos aparat\u0173 remontas Klaip\u0117doje\" \/>\n<meta property=\"og:description\" content=\"Profesionalus vis\u0173 tip\u0173 ir gamintoj\u0173 kavos aparat\u0173 remontas Klaip\u0117doje. Mus rasite \u0160ilut\u0117s pl. 35 (BANGINIS), tel. 8 (617) 77731\" \/>\n<meta property=\"og:url\" content=\"https:\/\/elmeistrai.lt\/uk\/kavos-aparatu-remontas\/kavos-aparatu-remontas-klaipedoje\/\" \/>\n<meta property=\"og:site_name\" content=\"Vilniuje, Kaune, Klaip\u0117doje, \u0160iauliuose\" \/>\n<meta property=\"article:publisher\" content=\"https:\/\/www.facebook.com\/elmeistrai.lt\/\" \/>\n<meta property=\"article:modified_time\" content=\"2026-02-20T12:44:19+00:00\" \/>\n<meta property=\"og:image\" content=\"https:\/\/elmeistrai.lt\/wp-content\/uploads\/2026\/02\/7.jpg\" \/>\n\t<meta property=\"og:image:width\" content=\"612\" \/>\n\t<meta property=\"og:image:height\" content=\"408\" \/>\n\t<meta property=\"og:image:type\" content=\"image\/jpeg\" \/>\n<meta name=\"twitter:card\" content=\"summary_large_image\" \/>\n<meta name=\"twitter:label1\" content=\"\u041f\u0440\u0438\u0431\u043b. \u0447\u0430\u0441 \u0447\u0438\u0442\u0430\u043d\u043d\u044f\" \/>\n\t<meta name=\"twitter:data1\" content=\"2 \u0445\u0432\u0438\u043b\u0438\u043d\u0438\" \/>\n<script type=\"application\/ld+json\" class=\"yoast-schema-graph\">{\"@context\":\"https:\\\/\\\/schema.org\",\"@graph\":[{\"@type\":\"NewsArticle\",\"@id\":\"https:\\\/\\\/elmeistrai.lt\\\/kavos-aparatu-remontas\\\/kavos-aparatu-remontas-klaipedoje\\\/#article\",\"isPartOf\":{\"@id\":\"https:\\\/\\\/elmeistrai.lt\\\/kavos-aparatu-remontas\\\/kavos-aparatu-remontas-klaipedoje\\\/\"},\"author\":{\"name\":\"elMeistrai\",\"@id\":\"https:\\\/\\\/elmeistrai.lt\\\/#\\\/schema\\\/person\\\/6363b621eb9606785f7f2ae9a52987f7\"},\"headline\":\"Profesionalus kavos aparat\u0173 remontas Klaip\u0117doje\",\"datePublished\":\"2023-03-01T21:41:02+00:00\",\"dateModified\":\"2026-02-20T12:44:19+00:00\",\"mainEntityOfPage\":{\"@id\":\"https:\\\/\\\/elmeistrai.lt\\\/kavos-aparatu-remontas\\\/kavos-aparatu-remontas-klaipedoje\\\/\"},\"wordCount\":278,\"publisher\":{\"@id\":\"https:\\\/\\\/elmeistrai.lt\\\/#organization\"},\"image\":{\"@id\":\"https:\\\/\\\/elmeistrai.lt\\\/kavos-aparatu-remontas\\\/kavos-aparatu-remontas-klaipedoje\\\/#primaryimage\"},\"thumbnailUrl\":\"https:\\\/\\\/elmeistrai.lt\\\/wp-content\\\/uploads\\\/2026\\\/02\\\/7.jpg\",\"inLanguage\":\"uk\"},{\"@type\":[\"WebPage\",\"ItemPage\"],\"@id\":\"https:\\\/\\\/elmeistrai.lt\\\/kavos-aparatu-remontas\\\/kavos-aparatu-remontas-klaipedoje\\\/\",\"url\":\"https:\\\/\\\/elmeistrai.lt\\\/kavos-aparatu-remontas\\\/kavos-aparatu-remontas-klaipedoje\\\/\",\"name\":\"Profesionalus kavos aparat\u0173 remontas Klaip\u0117doje\",\"isPartOf\":{\"@id\":\"https:\\\/\\\/elmeistrai.lt\\\/#website\"},\"primaryImageOfPage\":{\"@id\":\"https:\\\/\\\/elmeistrai.lt\\\/kavos-aparatu-remontas\\\/kavos-aparatu-remontas-klaipedoje\\\/#primaryimage\"},\"image\":{\"@id\":\"https:\\\/\\\/elmeistrai.lt\\\/kavos-aparatu-remontas\\\/kavos-aparatu-remontas-klaipedoje\\\/#primaryimage\"},\"thumbnailUrl\":\"https:\\\/\\\/elmeistrai.lt\\\/wp-content\\\/uploads\\\/2026\\\/02\\\/7.jpg\",\"datePublished\":\"2023-03-01T21:41:02+00:00\",\"dateModified\":\"2026-02-20T12:44:19+00:00\",\"description\":\"Profesionalus vis\u0173 tip\u0173 ir gamintoj\u0173 kavos aparat\u0173 remontas Klaip\u0117doje. Mus rasite \u0160ilut\u0117s pl. 35 (BANGINIS), tel. 8 (617) 77731\",\"breadcrumb\":{\"@id\":\"https:\\\/\\\/elmeistrai.lt\\\/kavos-aparatu-remontas\\\/kavos-aparatu-remontas-klaipedoje\\\/#breadcrumb\"},\"inLanguage\":\"uk\",\"potentialAction\":[{\"@type\":\"ReadAction\",\"target\":[\"https:\\\/\\\/elmeistrai.lt\\\/kavos-aparatu-remontas\\\/kavos-aparatu-remontas-klaipedoje\\\/\"]}]},{\"@type\":\"ImageObject\",\"inLanguage\":\"uk\",\"@id\":\"https:\\\/\\\/elmeistrai.lt\\\/kavos-aparatu-remontas\\\/kavos-aparatu-remontas-klaipedoje\\\/#primaryimage\",\"url\":\"https:\\\/\\\/elmeistrai.lt\\\/wp-content\\\/uploads\\\/2026\\\/02\\\/7.jpg\",\"contentUrl\":\"https:\\\/\\\/elmeistrai.lt\\\/wp-content\\\/uploads\\\/2026\\\/02\\\/7.jpg\"},{\"@type\":\"BreadcrumbList\",\"@id\":\"https:\\\/\\\/elmeistrai.lt\\\/kavos-aparatu-remontas\\\/kavos-aparatu-remontas-klaipedoje\\\/#breadcrumb\",\"itemListElement\":[{\"@type\":\"ListItem\",\"position\":1,\"name\":\"Home\",\"item\":\"https:\\\/\\\/elmeistrai.lt\\\/\"},{\"@type\":\"ListItem\",\"position\":2,\"name\":\"Profesionalus kavos aparat\u0173 remontas visoje Lietuvoje\",\"item\":\"https:\\\/\\\/elmeistrai.lt\\\/kavos-aparatu-remontas\\\/\"},{\"@type\":\"ListItem\",\"position\":3,\"name\":\"Profesionalus kavos aparat\u0173 remontas Klaip\u0117doje\"}]},{\"@type\":\"WebSite\",\"@id\":\"https:\\\/\\\/elmeistrai.lt\\\/#website\",\"url\":\"https:\\\/\\\/elmeistrai.lt\\\/\",\"name\":\"Vilniuje, Kaune, Klaip\u0117doje, \u0160iauliuose\",\"description\":\"Nam\u0173 ir verslo elektronikos prietais\u0173 remontas. Kase\u010di\u0173 pildymas.\",\"publisher\":{\"@id\":\"https:\\\/\\\/elmeistrai.lt\\\/#organization\"},\"potentialAction\":[{\"@type\":\"SearchAction\",\"target\":{\"@type\":\"EntryPoint\",\"urlTemplate\":\"https:\\\/\\\/elmeistrai.lt\\\/?s={search_term_string}\"},\"query-input\":{\"@type\":\"PropertyValueSpecification\",\"valueRequired\":true,\"valueName\":\"search_term_string\"}}],\"inLanguage\":\"uk\"},{\"@type\":\"Organization\",\"@id\":\"https:\\\/\\\/elmeistrai.lt\\\/#organization\",\"name\":\"elMeistrai.lt\",\"alternateName\":\"Kavos aparat\u0173, paspirtuk\u0173, televizori\u0173, kompiuteri\u0173, telefon\u0173 ir kt. technikos remontas\",\"url\":\"https:\\\/\\\/elmeistrai.lt\\\/\",\"logo\":{\"@type\":\"ImageObject\",\"inLanguage\":\"uk\",\"@id\":\"https:\\\/\\\/elmeistrai.lt\\\/#\\\/schema\\\/logo\\\/image\\\/\",\"url\":\"https:\\\/\\\/elmeistrai.lt\\\/wp-content\\\/uploads\\\/2022\\\/09\\\/elmeistrai_logo.jpg\",\"contentUrl\":\"https:\\\/\\\/elmeistrai.lt\\\/wp-content\\\/uploads\\\/2022\\\/09\\\/elmeistrai_logo.jpg\",\"width\":556,\"height\":143,\"caption\":\"elMeistrai.lt\"},\"image\":{\"@id\":\"https:\\\/\\\/elmeistrai.lt\\\/#\\\/schema\\\/logo\\\/image\\\/\"},\"sameAs\":[\"https:\\\/\\\/www.facebook.com\\\/elmeistrai.lt\\\/\"]},{\"@type\":\"Person\",\"@id\":\"https:\\\/\\\/elmeistrai.lt\\\/#\\\/schema\\\/person\\\/6363b621eb9606785f7f2ae9a52987f7\",\"name\":\"elMeistrai\",\"image\":{\"@type\":\"ImageObject\",\"inLanguage\":\"uk\",\"@id\":\"https:\\\/\\\/secure.gravatar.com\\\/avatar\\\/052f2d9640381d6904c5c0676ac3cc3d7ad734def78df3657e571451cad9870d?s=96&d=mm&r=g\",\"url\":\"https:\\\/\\\/secure.gravatar.com\\\/avatar\\\/052f2d9640381d6904c5c0676ac3cc3d7ad734def78df3657e571451cad9870d?s=96&d=mm&r=g\",\"contentUrl\":\"https:\\\/\\\/secure.gravatar.com\\\/avatar\\\/052f2d9640381d6904c5c0676ac3cc3d7ad734def78df3657e571451cad9870d?s=96&d=mm&r=g\",\"caption\":\"elMeistrai\"},\"url\":\"https:\\\/\\\/elmeistrai.lt\\\/uk\\\/author\\\/yipkxe\\\/\"}]}<\/script>\n<!-- \/ Yoast SEO plugin. -->","yoast_head_json":{"title":"Profesionalus kavos aparat\u0173 remontas Klaip\u0117doje","description":"\u041f\u0440\u043e\u0444\u0435\u0441\u0456\u0439\u043d\u0438\u0439 \u0440\u0435\u043c\u043e\u043d\u0442 \u043a\u0430\u0432\u043e\u0432\u0430\u0440\u043e\u043a \u0443\u0441\u0456\u0445 \u0442\u0438\u043f\u0456\u0432 \u0456 \u043c\u0430\u0440\u043e\u043a \u0443 \u041a\u043b\u0430\u0439\u043f\u0435\u0434\u0456. \u0412\u0438 \u0437\u043d\u0430\u0439\u0434\u0435\u0442\u0435 \u043d\u0430\u0441 \u0437\u0430 \u0430\u0434\u0440\u0435\u0441\u043e\u044e: \u0160ilut\u0117s pl. 35 (BANGINIS), \u0442\u0435\u043b. 8 (617) 77731","robots":{"index":"index","follow":"follow","max-snippet":"max-snippet:-1","max-image-preview":"max-image-preview:large","max-video-preview":"max-video-preview:-1"},"canonical":"https:\/\/elmeistrai.lt\/uk\/kavos-aparatu-remontas\/kavos-aparatu-remontas-klaipedoje\/","og_locale":"uk_UA","og_type":"article","og_title":"Profesionalus kavos aparat\u0173 remontas Klaip\u0117doje","og_description":"Profesionalus vis\u0173 tip\u0173 ir gamintoj\u0173 kavos aparat\u0173 remontas Klaip\u0117doje. Mus rasite \u0160ilut\u0117s pl. 35 (BANGINIS), tel. 8 (617) 77731","og_url":"https:\/\/elmeistrai.lt\/uk\/kavos-aparatu-remontas\/kavos-aparatu-remontas-klaipedoje\/","og_site_name":"Vilniuje, Kaune, Klaip\u0117doje, \u0160iauliuose","article_publisher":"https:\/\/www.facebook.com\/elmeistrai.lt\/","article_modified_time":"2026-02-20T12:44:19+00:00","og_image":[{"width":612,"height":408,"url":"https:\/\/elmeistrai.lt\/wp-content\/uploads\/2026\/02\/7.jpg","type":"image\/jpeg"}],"twitter_card":"summary_large_image","twitter_misc":{"\u041f\u0440\u0438\u0431\u043b. \u0447\u0430\u0441 \u0447\u0438\u0442\u0430\u043d\u043d\u044f":"2 \u0445\u0432\u0438\u043b\u0438\u043d\u0438"},"schema":{"@context":"https:\/\/schema.org","@graph":[{"@type":"NewsArticle","@id":"https:\/\/elmeistrai.lt\/kavos-aparatu-remontas\/kavos-aparatu-remontas-klaipedoje\/#article","isPartOf":{"@id":"https:\/\/elmeistrai.lt\/kavos-aparatu-remontas\/kavos-aparatu-remontas-klaipedoje\/"},"author":{"name":"elMeistrai","@id":"https:\/\/elmeistrai.lt\/#\/schema\/person\/6363b621eb9606785f7f2ae9a52987f7"},"headline":"Profesionalus kavos aparat\u0173 remontas Klaip\u0117doje","datePublished":"2023-03-01T21:41:02+00:00","dateModified":"2026-02-20T12:44:19+00:00","mainEntityOfPage":{"@id":"https:\/\/elmeistrai.lt\/kavos-aparatu-remontas\/kavos-aparatu-remontas-klaipedoje\/"},"wordCount":278,"publisher":{"@id":"https:\/\/elmeistrai.lt\/#organization"},"image":{"@id":"https:\/\/elmeistrai.lt\/kavos-aparatu-remontas\/kavos-aparatu-remontas-klaipedoje\/#primaryimage"},"thumbnailUrl":"https:\/\/elmeistrai.lt\/wp-content\/uploads\/2026\/02\/7.jpg","inLanguage":"uk"},{"@type":["WebPage","ItemPage"],"@id":"https:\/\/elmeistrai.lt\/kavos-aparatu-remontas\/kavos-aparatu-remontas-klaipedoje\/","url":"https:\/\/elmeistrai.lt\/kavos-aparatu-remontas\/kavos-aparatu-remontas-klaipedoje\/","name":"Profesionalus kavos aparat\u0173 remontas Klaip\u0117doje","isPartOf":{"@id":"https:\/\/elmeistrai.lt\/#website"},"primaryImageOfPage":{"@id":"https:\/\/elmeistrai.lt\/kavos-aparatu-remontas\/kavos-aparatu-remontas-klaipedoje\/#primaryimage"},"image":{"@id":"https:\/\/elmeistrai.lt\/kavos-aparatu-remontas\/kavos-aparatu-remontas-klaipedoje\/#primaryimage"},"thumbnailUrl":"https:\/\/elmeistrai.lt\/wp-content\/uploads\/2026\/02\/7.jpg","datePublished":"2023-03-01T21:41:02+00:00","dateModified":"2026-02-20T12:44:19+00:00","description":"\u041f\u0440\u043e\u0444\u0435\u0441\u0456\u0439\u043d\u0438\u0439 \u0440\u0435\u043c\u043e\u043d\u0442 \u043a\u0430\u0432\u043e\u0432\u0430\u0440\u043e\u043a \u0443\u0441\u0456\u0445 \u0442\u0438\u043f\u0456\u0432 \u0456 \u043c\u0430\u0440\u043e\u043a \u0443 \u041a\u043b\u0430\u0439\u043f\u0435\u0434\u0456. \u0412\u0438 \u0437\u043d\u0430\u0439\u0434\u0435\u0442\u0435 \u043d\u0430\u0441 \u0437\u0430 \u0430\u0434\u0440\u0435\u0441\u043e\u044e: \u0160ilut\u0117s pl. 35 (BANGINIS), \u0442\u0435\u043b. 8 (617) 77731","breadcrumb":{"@id":"https:\/\/elmeistrai.lt\/kavos-aparatu-remontas\/kavos-aparatu-remontas-klaipedoje\/#breadcrumb"},"inLanguage":"uk","potentialAction":[{"@type":"ReadAction","target":["https:\/\/elmeistrai.lt\/kavos-aparatu-remontas\/kavos-aparatu-remontas-klaipedoje\/"]}]},{"@type":"ImageObject","inLanguage":"uk","@id":"https:\/\/elmeistrai.lt\/kavos-aparatu-remontas\/kavos-aparatu-remontas-klaipedoje\/#primaryimage","url":"https:\/\/elmeistrai.lt\/wp-content\/uploads\/2026\/02\/7.jpg","contentUrl":"https:\/\/elmeistrai.lt\/wp-content\/uploads\/2026\/02\/7.jpg"},{"@type":"BreadcrumbList","@id":"https:\/\/elmeistrai.lt\/kavos-aparatu-remontas\/kavos-aparatu-remontas-klaipedoje\/#breadcrumb","itemListElement":[{"@type":"ListItem","position":1,"name":"Home","item":"https:\/\/elmeistrai.lt\/"},{"@type":"ListItem","position":2,"name":"Profesionalus kavos aparat\u0173 remontas visoje Lietuvoje","item":"https:\/\/elmeistrai.lt\/kavos-aparatu-remontas\/"},{"@type":"ListItem","position":3,"name":"Profesionalus kavos aparat\u0173 remontas Klaip\u0117doje"}]},{"@type":"WebSite","@id":"https:\/\/elmeistrai.lt\/#website","url":"https:\/\/elmeistrai.lt\/","name":"\u0412\u0456\u043b\u044c\u043d\u044e\u0441, \u041a\u0430\u0443\u043d\u0430\u0441, \u041a\u043b\u0430\u0439\u043f\u0435\u0434\u0430, \u0428\u044f\u0443\u043b\u044f\u0439","description":"\u0420\u0435\u043c\u043e\u043d\u0442 \u0434\u043e\u043c\u0430\u0448\u043d\u044c\u043e\u0457 \u0442\u0430 \u043e\u0444\u0456\u0441\u043d\u043e\u0457 \u0435\u043b\u0435\u043a\u0442\u0440\u043e\u043d\u0456\u043a\u0438. \u0417\u0430\u043f\u0440\u0430\u0432\u043a\u0430 \u043a\u0430\u0440\u0442\u0440\u0438\u0434\u0436\u0456\u0432.","publisher":{"@id":"https:\/\/elmeistrai.lt\/#organization"},"potentialAction":[{"@type":"SearchAction","target":{"@type":"EntryPoint","urlTemplate":"https:\/\/elmeistrai.lt\/?s={search_term_string}"},"query-input":{"@type":"PropertyValueSpecification","valueRequired":true,"valueName":"search_term_string"}}],"inLanguage":"uk"},{"@type":"Organization","@id":"https:\/\/elmeistrai.lt\/#organization","name":"elMeistrai.lt","alternateName":"Kavos aparat\u0173, paspirtuk\u0173, televizori\u0173, kompiuteri\u0173, telefon\u0173 ir kt. technikos remontas","url":"https:\/\/elmeistrai.lt\/","logo":{"@type":"ImageObject","inLanguage":"uk","@id":"https:\/\/elmeistrai.lt\/#\/schema\/logo\/image\/","url":"https:\/\/elmeistrai.lt\/wp-content\/uploads\/2022\/09\/elmeistrai_logo.jpg","contentUrl":"https:\/\/elmeistrai.lt\/wp-content\/uploads\/2022\/09\/elmeistrai_logo.jpg","width":556,"height":143,"caption":"elMeistrai.lt"},"image":{"@id":"https:\/\/elmeistrai.lt\/#\/schema\/logo\/image\/"},"sameAs":["https:\/\/www.facebook.com\/elmeistrai.lt\/"]},{"@type":"Person","@id":"https:\/\/elmeistrai.lt\/#\/schema\/person\/6363b621eb9606785f7f2ae9a52987f7","name":"elMeistrai","image":{"@type":"ImageObject","inLanguage":"uk","@id":"https:\/\/secure.gravatar.com\/avatar\/052f2d9640381d6904c5c0676ac3cc3d7ad734def78df3657e571451cad9870d?s=96&d=mm&r=g","url":"https:\/\/secure.gravatar.com\/avatar\/052f2d9640381d6904c5c0676ac3cc3d7ad734def78df3657e571451cad9870d?s=96&d=mm&r=g","contentUrl":"https:\/\/secure.gravatar.com\/avatar\/052f2d9640381d6904c5c0676ac3cc3d7ad734def78df3657e571451cad9870d?s=96&d=mm&r=g","caption":"elMeistrai"},"url":"https:\/\/elmeistrai.lt\/uk\/author\/yipkxe\/"}]}},"uagb_featured_image_src":{"full":false,"thumbnail":false,"medium":false,"medium_large":false,"large":false,"1536x1536":false,"2048x2048":false,"trp-custom-language-flag":false,"writemag-1218w-autoh-image":false,"writemag-675w-autoh-image":false,"writemag-100w-100h-image":false},"uagb_author_info":{"display_name":"elMeistrai","author_link":"https:\/\/elmeistrai.lt\/uk\/author\/yipkxe\/"},"uagb_comment_info":0,"uagb_excerpt":"Kreipkit\u0117s \u012f mus, jei ie\u0161kote profesionali\u0173 ir patikim\u0173 kavos aparato remonto Klaip\u0117doje. M\u016bs\u0173 specialist\u0173 komanda yra \u010dia, kad suteikt\u0173 vis\u0105...","rttpg_featured_image_url":null,"rttpg_author":{"display_name":"elMeistrai","author_link":"https:\/\/elmeistrai.lt\/uk\/author\/yipkxe\/"},"rttpg_comment":0,"rttpg_category":null,"rttpg_excerpt":"Kreipkit\u0117s \u012f mus, jei ie\u0161kote profesionali\u0173 ir patikim\u0173 kavos aparato remonto Klaip\u0117doje. M\u016bs\u0173 specialist\u0173 komanda yra \u010dia, kad suteikt\u0173 vis\u0105...","_links":{"self":[{"href":"https:\/\/elmeistrai.lt\/uk\/wp-json\/wp\/v2\/pages\/2214","targetHints":{"allow":["GET"]}}],"collection":[{"href":"https:\/\/elmeistrai.lt\/uk\/wp-json\/wp\/v2\/pages"}],"about":[{"href":"https:\/\/elmeistrai.lt\/uk\/wp-json\/wp\/v2\/types\/page"}],"author":[{"embeddable":true,"href":"https:\/\/elmeistrai.lt\/uk\/wp-json\/wp\/v2\/users\/1"}],"replies":[{"embeddable":true,"href":"https:\/\/elmeistrai.lt\/uk\/wp-json\/wp\/v2\/comments?post=2214"}],"version-history":[{"count":4,"href":"https:\/\/elmeistrai.lt\/uk\/wp-json\/wp\/v2\/pages\/2214\/revisions"}],"predecessor-version":[{"id":8682,"href":"https:\/\/elmeistrai.lt\/uk\/wp-json\/wp\/v2\/pages\/2214\/revisions\/8682"}],"up":[{"embeddable":true,"href":"https:\/\/elmeistrai.lt\/uk\/wp-json\/wp\/v2\/pages\/53"}],"wp:attachment":[{"href":"https:\/\/elmeistrai.lt\/uk\/wp-json\/wp\/v2\/media?parent=2214"}],"curies":[{"name":"wp","href":"https:\/\/api.w.org\/{rel}","templated":true}]}}