{"id":2161,"date":"2023-03-01T15:23:20","date_gmt":"2023-03-01T17:23:20","guid":{"rendered":"https:\/\/elmeistrai.lt\/?page_id=2161"},"modified":"2026-02-24T11:04:51","modified_gmt":"2026-02-24T09:04:51","slug":"televizoriu-remontas-klaipedoje","status":"publish","type":"page","link":"https:\/\/elmeistrai.lt\/uk\/televizoriu-remontas\/televizoriu-remontas-klaipedoje\/","title":{"rendered":"Profesionalus televizori\u0173 remontas Klaip\u0117doje"},"content":{"rendered":"<div class=\"wp-block-uagb-container uagb-block-097d42ce alignfull uagb-is-root-container\"><div class=\"uagb-container-inner-blocks-wrap\">\n<div class=\"wp-block-uagb-container uagb-block-313d8d26\">\n<p>&#8222;elMeistrai&#8221; jau daug met\u0173 teikia profesionalias\u00a0<strong>\u0420\u0435\u043c\u043e\u043d\u0442 \u0442\u0435\u043b\u0435\u0432\u0456\u0437\u043e\u0440\u0456\u0432 \u0432 \u041a\u043b\u0430\u0439\u043f\u0435\u0434\u0456<\/strong>\u00a0paslaugas. M\u016bs\u0173 patyr\u0119 technikai yra kvalifikuoti ir apr\u016bpinti auk\u0161\u010diausios kokyb\u0117s \u012frankiais ir priemon\u0117mis, kad suteikt\u0173 auk\u0161\u010diausio lygio paslaugas.<br>Naudojame tik originalias auk\u0161tos kokyb\u0117s atsargines dalis, o m\u016bs\u0173 atliekamam remontui suteikiama garantija, kad gal\u0117tum\u0117te b\u016bti ram\u016bs. Galime remontuoti vis\u0173 tip\u0173 televizorius \u2013 nuo plok\u0161\u010diaekrani\u0173 LCD iki plazmini\u0173 ir OLED modeli\u0173. Nesvarbu, ar tai naujas, ar senesnis modelis, m\u016bs\u0173 technikai moka remontuoti vis\u0173 tip\u0173 televizorius ir j\u0173 komponentus, pavyzd\u017eiui, maitinimo \u0161altinius, pagrindines plok\u0161tes, LED ap\u0161vietim\u0105, garsiakalbius, jungtis ir kt.<\/p>\n<\/div>\n\n\n\n<div class=\"wp-block-uagb-container uagb-block-7c03039d\">\n<figure class=\"wp-block-image size-full\"><img loading=\"lazy\" decoding=\"async\" width=\"612\" height=\"415\" src=\"https:\/\/elmeistrai.lt\/wp-content\/uploads\/2026\/02\/tv11.jpg\" alt=\"\" class=\"wp-image-8508\" srcset=\"https:\/\/elmeistrai.lt\/wp-content\/uploads\/2026\/02\/tv11.jpg 612w, https:\/\/elmeistrai.lt\/wp-content\/uploads\/2026\/02\/tv11-300x203.jpg 300w, https:\/\/elmeistrai.lt\/wp-content\/uploads\/2026\/02\/tv11-18x12.jpg 18w\" sizes=\"auto, (max-width: 612px) 100vw, 612px\" \/><\/figure>\n\n\n\n<ul class=\"wp-block-list\">\n<li><strong>\u041a\u043b\u0430\u0439\u043f\u0435\u0434\u0430<\/strong>&nbsp;\u2013 Sausio 15-osios g. 13&nbsp;<a href=\"tel:+37064707741\">+370-647-07741<\/a><\/li>\n<\/ul>\n<\/div>\n<\/div><\/div>\n\n\n\n<figure class=\"wp-block-image size-full\"><img loading=\"lazy\" decoding=\"async\" width=\"612\" height=\"408\" src=\"https:\/\/elmeistrai.lt\/wp-content\/uploads\/2026\/02\/tv12.jpg\" alt=\"\" class=\"wp-image-8511\" srcset=\"https:\/\/elmeistrai.lt\/wp-content\/uploads\/2026\/02\/tv12.jpg 612w, https:\/\/elmeistrai.lt\/wp-content\/uploads\/2026\/02\/tv12-300x200.jpg 300w, https:\/\/elmeistrai.lt\/wp-content\/uploads\/2026\/02\/tv12-18x12.jpg 18w\" sizes=\"auto, (max-width: 612px) 100vw, 612px\" \/><\/figure>\n\n\n\n<p><br>Remont\u0105 pradedame nuo diagnostikos, kad tiksliai \u017einotume problemos \u0161altin\u012f ir remontas b\u016bt\u0173 efektyvus. Tai leid\u017eia teikti tik auk\u0161\u010diausios kokyb\u0117s paslaugas. M\u016bs\u0173 \u012fsipareigojimas siekti kokyb\u0117s leid\u017eia pasiekti, kad visi m\u016bs\u0173 remonto darbai b\u016bt\u0173 atliekami greitai, patikimai ir saugiai. Did\u017eiuojam\u0117s gal\u0117dami pad\u0117ti jums v\u0117l d\u017eiaugtis veikian\u010diu televizoriumi! Susisiekite su mumis \u0161iandien. D\u017eiaugsim\u0117s, jei televizori\u0173 remontui Klaip\u0117doje pasirinksite mus!<\/p>","protected":false},"excerpt":{"rendered":"<p>&#8222;elMeistrai&#8221; jau daug met\u0173 teikia profesionalias\u00a0televizori\u0173 remonto Klaip\u0117doje\u00a0paslaugas. M\u016bs\u0173 patyr\u0119 technikai yra kvalifikuoti ir apr\u016bpinti auk\u0161\u010diausios kokyb\u0117s \u012frankiais ir priemon\u0117mis,&#8230;<\/p>","protected":false},"author":1,"featured_media":0,"parent":25,"menu_order":0,"comment_status":"closed","ping_status":"closed","template":"","meta":{"_uag_custom_page_level_css":"","footnotes":""},"class_list":["post-2161","page","type-page","status-publish","hentry"],"yoast_head":"<!-- This site is optimized with the Yoast SEO plugin v27.3 - https:\/\/yoast.com\/product\/yoast-seo-wordpress\/ -->\n<title>Profesionalus televizori\u0173 remontas Klaip\u0117doje<\/title>\n<meta name=\"description\" content=\"Profesionalus vis\u0173 tip\u0173 televizori\u0173 remontas Klaip\u0117doje - LED, OLED, LCD ir kit\u0173. Mus rasite \u0160ilut\u0117s pl. 35 (Banginis), tel. 8 (617) 77731\" \/>\n<meta name=\"robots\" content=\"index, follow, max-snippet:-1, max-image-preview:large, max-video-preview:-1\" \/>\n<link rel=\"canonical\" href=\"https:\/\/elmeistrai.lt\/uk\/televizoriu-remontas\/televizoriu-remontas-klaipedoje\/\" \/>\n<meta property=\"og:locale\" content=\"uk_UA\" \/>\n<meta property=\"og:type\" content=\"article\" \/>\n<meta property=\"og:title\" content=\"Profesionalus televizori\u0173 remontas Klaip\u0117doje\" \/>\n<meta property=\"og:description\" content=\"Profesionalus vis\u0173 tip\u0173 televizori\u0173 remontas Klaip\u0117doje - LED, OLED, LCD ir kit\u0173. Mus rasite \u0160ilut\u0117s pl. 35 (Banginis), tel. 8 (617) 77731\" \/>\n<meta property=\"og:url\" content=\"https:\/\/elmeistrai.lt\/uk\/televizoriu-remontas\/televizoriu-remontas-klaipedoje\/\" \/>\n<meta property=\"og:site_name\" content=\"Vilniuje, Kaune, Klaip\u0117doje, \u0160iauliuose\" \/>\n<meta property=\"article:publisher\" content=\"https:\/\/www.facebook.com\/elmeistrai.lt\/\" \/>\n<meta property=\"article:modified_time\" content=\"2026-02-24T09:04:51+00:00\" \/>\n<meta property=\"og:image\" content=\"https:\/\/elmeistrai.lt\/wp-content\/uploads\/2026\/02\/tv11.jpg\" \/>\n\t<meta property=\"og:image:width\" content=\"612\" \/>\n\t<meta property=\"og:image:height\" content=\"415\" \/>\n\t<meta property=\"og:image:type\" content=\"image\/jpeg\" \/>\n<meta name=\"twitter:card\" content=\"summary_large_image\" \/>\n<meta name=\"twitter:label1\" content=\"\u041f\u0440\u0438\u0431\u043b. \u0447\u0430\u0441 \u0447\u0438\u0442\u0430\u043d\u043d\u044f\" \/>\n\t<meta name=\"twitter:data1\" content=\"2 \u0445\u0432\u0438\u043b\u0438\u043d\u0438\" \/>\n<script type=\"application\/ld+json\" class=\"yoast-schema-graph\">{\"@context\":\"https:\\\/\\\/schema.org\",\"@graph\":[{\"@type\":\"NewsArticle\",\"@id\":\"https:\\\/\\\/elmeistrai.lt\\\/televizoriu-remontas\\\/televizoriu-remontas-klaipedoje\\\/#article\",\"isPartOf\":{\"@id\":\"https:\\\/\\\/elmeistrai.lt\\\/televizoriu-remontas\\\/televizoriu-remontas-klaipedoje\\\/\"},\"author\":{\"name\":\"elMeistrai\",\"@id\":\"https:\\\/\\\/elmeistrai.lt\\\/#\\\/schema\\\/person\\\/6363b621eb9606785f7f2ae9a52987f7\"},\"headline\":\"Profesionalus televizori\u0173 remontas Klaip\u0117doje\",\"datePublished\":\"2023-03-01T17:23:20+00:00\",\"dateModified\":\"2026-02-24T09:04:51+00:00\",\"mainEntityOfPage\":{\"@id\":\"https:\\\/\\\/elmeistrai.lt\\\/televizoriu-remontas\\\/televizoriu-remontas-klaipedoje\\\/\"},\"wordCount\":193,\"publisher\":{\"@id\":\"https:\\\/\\\/elmeistrai.lt\\\/#organization\"},\"image\":{\"@id\":\"https:\\\/\\\/elmeistrai.lt\\\/televizoriu-remontas\\\/televizoriu-remontas-klaipedoje\\\/#primaryimage\"},\"thumbnailUrl\":\"https:\\\/\\\/elmeistrai.lt\\\/wp-content\\\/uploads\\\/2026\\\/02\\\/tv11.jpg\",\"inLanguage\":\"uk\"},{\"@type\":[\"WebPage\",\"ItemPage\"],\"@id\":\"https:\\\/\\\/elmeistrai.lt\\\/televizoriu-remontas\\\/televizoriu-remontas-klaipedoje\\\/\",\"url\":\"https:\\\/\\\/elmeistrai.lt\\\/televizoriu-remontas\\\/televizoriu-remontas-klaipedoje\\\/\",\"name\":\"Profesionalus televizori\u0173 remontas Klaip\u0117doje\",\"isPartOf\":{\"@id\":\"https:\\\/\\\/elmeistrai.lt\\\/#website\"},\"primaryImageOfPage\":{\"@id\":\"https:\\\/\\\/elmeistrai.lt\\\/televizoriu-remontas\\\/televizoriu-remontas-klaipedoje\\\/#primaryimage\"},\"image\":{\"@id\":\"https:\\\/\\\/elmeistrai.lt\\\/televizoriu-remontas\\\/televizoriu-remontas-klaipedoje\\\/#primaryimage\"},\"thumbnailUrl\":\"https:\\\/\\\/elmeistrai.lt\\\/wp-content\\\/uploads\\\/2026\\\/02\\\/tv11.jpg\",\"datePublished\":\"2023-03-01T17:23:20+00:00\",\"dateModified\":\"2026-02-24T09:04:51+00:00\",\"description\":\"Profesionalus vis\u0173 tip\u0173 televizori\u0173 remontas Klaip\u0117doje - LED, OLED, LCD ir kit\u0173. Mus rasite \u0160ilut\u0117s pl. 35 (Banginis), tel. 8 (617) 77731\",\"breadcrumb\":{\"@id\":\"https:\\\/\\\/elmeistrai.lt\\\/televizoriu-remontas\\\/televizoriu-remontas-klaipedoje\\\/#breadcrumb\"},\"inLanguage\":\"uk\",\"potentialAction\":[{\"@type\":\"ReadAction\",\"target\":[\"https:\\\/\\\/elmeistrai.lt\\\/televizoriu-remontas\\\/televizoriu-remontas-klaipedoje\\\/\"]}]},{\"@type\":\"ImageObject\",\"inLanguage\":\"uk\",\"@id\":\"https:\\\/\\\/elmeistrai.lt\\\/televizoriu-remontas\\\/televizoriu-remontas-klaipedoje\\\/#primaryimage\",\"url\":\"https:\\\/\\\/elmeistrai.lt\\\/wp-content\\\/uploads\\\/2026\\\/02\\\/tv11.jpg\",\"contentUrl\":\"https:\\\/\\\/elmeistrai.lt\\\/wp-content\\\/uploads\\\/2026\\\/02\\\/tv11.jpg\"},{\"@type\":\"BreadcrumbList\",\"@id\":\"https:\\\/\\\/elmeistrai.lt\\\/televizoriu-remontas\\\/televizoriu-remontas-klaipedoje\\\/#breadcrumb\",\"itemListElement\":[{\"@type\":\"ListItem\",\"position\":1,\"name\":\"Home\",\"item\":\"https:\\\/\\\/elmeistrai.lt\\\/\"},{\"@type\":\"ListItem\",\"position\":2,\"name\":\"Profesionalus televizori\u0173 remontas Vilniuje, Kaune, Klaip\u0117doje ir \u0160iauliuose\",\"item\":\"https:\\\/\\\/elmeistrai.lt\\\/televizoriu-remontas\\\/\"},{\"@type\":\"ListItem\",\"position\":3,\"name\":\"Profesionalus televizori\u0173 remontas Klaip\u0117doje\"}]},{\"@type\":\"WebSite\",\"@id\":\"https:\\\/\\\/elmeistrai.lt\\\/#website\",\"url\":\"https:\\\/\\\/elmeistrai.lt\\\/\",\"name\":\"Vilniuje, Kaune, Klaip\u0117doje, \u0160iauliuose\",\"description\":\"Nam\u0173 ir verslo elektronikos prietais\u0173 remontas. Kase\u010di\u0173 pildymas.\",\"publisher\":{\"@id\":\"https:\\\/\\\/elmeistrai.lt\\\/#organization\"},\"potentialAction\":[{\"@type\":\"SearchAction\",\"target\":{\"@type\":\"EntryPoint\",\"urlTemplate\":\"https:\\\/\\\/elmeistrai.lt\\\/?s={search_term_string}\"},\"query-input\":{\"@type\":\"PropertyValueSpecification\",\"valueRequired\":true,\"valueName\":\"search_term_string\"}}],\"inLanguage\":\"uk\"},{\"@type\":\"Organization\",\"@id\":\"https:\\\/\\\/elmeistrai.lt\\\/#organization\",\"name\":\"elMeistrai.lt\",\"alternateName\":\"Kavos aparat\u0173, paspirtuk\u0173, televizori\u0173, kompiuteri\u0173, telefon\u0173 ir kt. technikos remontas\",\"url\":\"https:\\\/\\\/elmeistrai.lt\\\/\",\"logo\":{\"@type\":\"ImageObject\",\"inLanguage\":\"uk\",\"@id\":\"https:\\\/\\\/elmeistrai.lt\\\/#\\\/schema\\\/logo\\\/image\\\/\",\"url\":\"https:\\\/\\\/elmeistrai.lt\\\/wp-content\\\/uploads\\\/2022\\\/09\\\/elmeistrai_logo.jpg\",\"contentUrl\":\"https:\\\/\\\/elmeistrai.lt\\\/wp-content\\\/uploads\\\/2022\\\/09\\\/elmeistrai_logo.jpg\",\"width\":556,\"height\":143,\"caption\":\"elMeistrai.lt\"},\"image\":{\"@id\":\"https:\\\/\\\/elmeistrai.lt\\\/#\\\/schema\\\/logo\\\/image\\\/\"},\"sameAs\":[\"https:\\\/\\\/www.facebook.com\\\/elmeistrai.lt\\\/\"]},{\"@type\":\"Person\",\"@id\":\"https:\\\/\\\/elmeistrai.lt\\\/#\\\/schema\\\/person\\\/6363b621eb9606785f7f2ae9a52987f7\",\"name\":\"elMeistrai\",\"image\":{\"@type\":\"ImageObject\",\"inLanguage\":\"uk\",\"@id\":\"https:\\\/\\\/secure.gravatar.com\\\/avatar\\\/052f2d9640381d6904c5c0676ac3cc3d7ad734def78df3657e571451cad9870d?s=96&d=mm&r=g\",\"url\":\"https:\\\/\\\/secure.gravatar.com\\\/avatar\\\/052f2d9640381d6904c5c0676ac3cc3d7ad734def78df3657e571451cad9870d?s=96&d=mm&r=g\",\"contentUrl\":\"https:\\\/\\\/secure.gravatar.com\\\/avatar\\\/052f2d9640381d6904c5c0676ac3cc3d7ad734def78df3657e571451cad9870d?s=96&d=mm&r=g\",\"caption\":\"elMeistrai\"},\"url\":\"https:\\\/\\\/elmeistrai.lt\\\/uk\\\/author\\\/yipkxe\\\/\"}]}<\/script>\n<!-- \/ Yoast SEO plugin. -->","yoast_head_json":{"title":"Profesionalus televizori\u0173 remontas Klaip\u0117doje","description":"\u041f\u0440\u043e\u0444\u0435\u0441\u0456\u0439\u043d\u0438\u0439 \u0440\u0435\u043c\u043e\u043d\u0442 \u0443\u0441\u0456\u0445 \u0442\u0438\u043f\u0456\u0432 \u0442\u0435\u043b\u0435\u0432\u0456\u0437\u043e\u0440\u0456\u0432 \u0443 \u041a\u043b\u0430\u0439\u043f\u0435\u0434\u0456 - LED, OLED, LCD \u0442\u0430 \u0456\u043d\u0448\u0438\u0445. \u0412\u0438 \u0437\u043d\u0430\u0439\u0434\u0435\u0442\u0435 \u043d\u0430\u0441 \u0437\u0430 \u0430\u0434\u0440\u0435\u0441\u043e\u044e: \u0160ilut\u0117s pl. 35 (\u0411\u0430\u043d\u0433\u0456\u043d\u0456\u0441), \u0442\u0435\u043b. 8 (617) 77731","robots":{"index":"index","follow":"follow","max-snippet":"max-snippet:-1","max-image-preview":"max-image-preview:large","max-video-preview":"max-video-preview:-1"},"canonical":"https:\/\/elmeistrai.lt\/uk\/televizoriu-remontas\/televizoriu-remontas-klaipedoje\/","og_locale":"uk_UA","og_type":"article","og_title":"Profesionalus televizori\u0173 remontas Klaip\u0117doje","og_description":"Profesionalus vis\u0173 tip\u0173 televizori\u0173 remontas Klaip\u0117doje - LED, OLED, LCD ir kit\u0173. Mus rasite \u0160ilut\u0117s pl. 35 (Banginis), tel. 8 (617) 77731","og_url":"https:\/\/elmeistrai.lt\/uk\/televizoriu-remontas\/televizoriu-remontas-klaipedoje\/","og_site_name":"Vilniuje, Kaune, Klaip\u0117doje, \u0160iauliuose","article_publisher":"https:\/\/www.facebook.com\/elmeistrai.lt\/","article_modified_time":"2026-02-24T09:04:51+00:00","og_image":[{"width":612,"height":415,"url":"https:\/\/elmeistrai.lt\/wp-content\/uploads\/2026\/02\/tv11.jpg","type":"image\/jpeg"}],"twitter_card":"summary_large_image","twitter_misc":{"\u041f\u0440\u0438\u0431\u043b. \u0447\u0430\u0441 \u0447\u0438\u0442\u0430\u043d\u043d\u044f":"2 \u0445\u0432\u0438\u043b\u0438\u043d\u0438"},"schema":{"@context":"https:\/\/schema.org","@graph":[{"@type":"NewsArticle","@id":"https:\/\/elmeistrai.lt\/televizoriu-remontas\/televizoriu-remontas-klaipedoje\/#article","isPartOf":{"@id":"https:\/\/elmeistrai.lt\/televizoriu-remontas\/televizoriu-remontas-klaipedoje\/"},"author":{"name":"elMeistrai","@id":"https:\/\/elmeistrai.lt\/#\/schema\/person\/6363b621eb9606785f7f2ae9a52987f7"},"headline":"Profesionalus televizori\u0173 remontas Klaip\u0117doje","datePublished":"2023-03-01T17:23:20+00:00","dateModified":"2026-02-24T09:04:51+00:00","mainEntityOfPage":{"@id":"https:\/\/elmeistrai.lt\/televizoriu-remontas\/televizoriu-remontas-klaipedoje\/"},"wordCount":193,"publisher":{"@id":"https:\/\/elmeistrai.lt\/#organization"},"image":{"@id":"https:\/\/elmeistrai.lt\/televizoriu-remontas\/televizoriu-remontas-klaipedoje\/#primaryimage"},"thumbnailUrl":"https:\/\/elmeistrai.lt\/wp-content\/uploads\/2026\/02\/tv11.jpg","inLanguage":"uk"},{"@type":["WebPage","ItemPage"],"@id":"https:\/\/elmeistrai.lt\/televizoriu-remontas\/televizoriu-remontas-klaipedoje\/","url":"https:\/\/elmeistrai.lt\/televizoriu-remontas\/televizoriu-remontas-klaipedoje\/","name":"Profesionalus televizori\u0173 remontas Klaip\u0117doje","isPartOf":{"@id":"https:\/\/elmeistrai.lt\/#website"},"primaryImageOfPage":{"@id":"https:\/\/elmeistrai.lt\/televizoriu-remontas\/televizoriu-remontas-klaipedoje\/#primaryimage"},"image":{"@id":"https:\/\/elmeistrai.lt\/televizoriu-remontas\/televizoriu-remontas-klaipedoje\/#primaryimage"},"thumbnailUrl":"https:\/\/elmeistrai.lt\/wp-content\/uploads\/2026\/02\/tv11.jpg","datePublished":"2023-03-01T17:23:20+00:00","dateModified":"2026-02-24T09:04:51+00:00","description":"\u041f\u0440\u043e\u0444\u0435\u0441\u0456\u0439\u043d\u0438\u0439 \u0440\u0435\u043c\u043e\u043d\u0442 \u0443\u0441\u0456\u0445 \u0442\u0438\u043f\u0456\u0432 \u0442\u0435\u043b\u0435\u0432\u0456\u0437\u043e\u0440\u0456\u0432 \u0443 \u041a\u043b\u0430\u0439\u043f\u0435\u0434\u0456 - LED, OLED, LCD \u0442\u0430 \u0456\u043d\u0448\u0438\u0445. \u0412\u0438 \u0437\u043d\u0430\u0439\u0434\u0435\u0442\u0435 \u043d\u0430\u0441 \u0437\u0430 \u0430\u0434\u0440\u0435\u0441\u043e\u044e: \u0160ilut\u0117s pl. 35 (\u0411\u0430\u043d\u0433\u0456\u043d\u0456\u0441), \u0442\u0435\u043b. 8 (617) 77731","breadcrumb":{"@id":"https:\/\/elmeistrai.lt\/televizoriu-remontas\/televizoriu-remontas-klaipedoje\/#breadcrumb"},"inLanguage":"uk","potentialAction":[{"@type":"ReadAction","target":["https:\/\/elmeistrai.lt\/televizoriu-remontas\/televizoriu-remontas-klaipedoje\/"]}]},{"@type":"ImageObject","inLanguage":"uk","@id":"https:\/\/elmeistrai.lt\/televizoriu-remontas\/televizoriu-remontas-klaipedoje\/#primaryimage","url":"https:\/\/elmeistrai.lt\/wp-content\/uploads\/2026\/02\/tv11.jpg","contentUrl":"https:\/\/elmeistrai.lt\/wp-content\/uploads\/2026\/02\/tv11.jpg"},{"@type":"BreadcrumbList","@id":"https:\/\/elmeistrai.lt\/televizoriu-remontas\/televizoriu-remontas-klaipedoje\/#breadcrumb","itemListElement":[{"@type":"ListItem","position":1,"name":"Home","item":"https:\/\/elmeistrai.lt\/"},{"@type":"ListItem","position":2,"name":"Profesionalus televizori\u0173 remontas Vilniuje, Kaune, Klaip\u0117doje ir \u0160iauliuose","item":"https:\/\/elmeistrai.lt\/televizoriu-remontas\/"},{"@type":"ListItem","position":3,"name":"Profesionalus televizori\u0173 remontas Klaip\u0117doje"}]},{"@type":"WebSite","@id":"https:\/\/elmeistrai.lt\/#website","url":"https:\/\/elmeistrai.lt\/","name":"\u0412\u0456\u043b\u044c\u043d\u044e\u0441, \u041a\u0430\u0443\u043d\u0430\u0441, \u041a\u043b\u0430\u0439\u043f\u0435\u0434\u0430, \u0428\u044f\u0443\u043b\u044f\u0439","description":"\u0420\u0435\u043c\u043e\u043d\u0442 \u0434\u043e\u043c\u0430\u0448\u043d\u044c\u043e\u0457 \u0442\u0430 \u043e\u0444\u0456\u0441\u043d\u043e\u0457 \u0435\u043b\u0435\u043a\u0442\u0440\u043e\u043d\u0456\u043a\u0438. \u0417\u0430\u043f\u0440\u0430\u0432\u043a\u0430 \u043a\u0430\u0440\u0442\u0440\u0438\u0434\u0436\u0456\u0432.","publisher":{"@id":"https:\/\/elmeistrai.lt\/#organization"},"potentialAction":[{"@type":"SearchAction","target":{"@type":"EntryPoint","urlTemplate":"https:\/\/elmeistrai.lt\/?s={search_term_string}"},"query-input":{"@type":"PropertyValueSpecification","valueRequired":true,"valueName":"search_term_string"}}],"inLanguage":"uk"},{"@type":"Organization","@id":"https:\/\/elmeistrai.lt\/#organization","name":"elMeistrai.lt","alternateName":"Kavos aparat\u0173, paspirtuk\u0173, televizori\u0173, kompiuteri\u0173, telefon\u0173 ir kt. technikos remontas","url":"https:\/\/elmeistrai.lt\/","logo":{"@type":"ImageObject","inLanguage":"uk","@id":"https:\/\/elmeistrai.lt\/#\/schema\/logo\/image\/","url":"https:\/\/elmeistrai.lt\/wp-content\/uploads\/2022\/09\/elmeistrai_logo.jpg","contentUrl":"https:\/\/elmeistrai.lt\/wp-content\/uploads\/2022\/09\/elmeistrai_logo.jpg","width":556,"height":143,"caption":"elMeistrai.lt"},"image":{"@id":"https:\/\/elmeistrai.lt\/#\/schema\/logo\/image\/"},"sameAs":["https:\/\/www.facebook.com\/elmeistrai.lt\/"]},{"@type":"Person","@id":"https:\/\/elmeistrai.lt\/#\/schema\/person\/6363b621eb9606785f7f2ae9a52987f7","name":"elMeistrai","image":{"@type":"ImageObject","inLanguage":"uk","@id":"https:\/\/secure.gravatar.com\/avatar\/052f2d9640381d6904c5c0676ac3cc3d7ad734def78df3657e571451cad9870d?s=96&d=mm&r=g","url":"https:\/\/secure.gravatar.com\/avatar\/052f2d9640381d6904c5c0676ac3cc3d7ad734def78df3657e571451cad9870d?s=96&d=mm&r=g","contentUrl":"https:\/\/secure.gravatar.com\/avatar\/052f2d9640381d6904c5c0676ac3cc3d7ad734def78df3657e571451cad9870d?s=96&d=mm&r=g","caption":"elMeistrai"},"url":"https:\/\/elmeistrai.lt\/uk\/author\/yipkxe\/"}]}},"uagb_featured_image_src":{"full":false,"thumbnail":false,"medium":false,"medium_large":false,"large":false,"1536x1536":false,"2048x2048":false,"trp-custom-language-flag":false,"writemag-1218w-autoh-image":false,"writemag-675w-autoh-image":false,"writemag-100w-100h-image":false},"uagb_author_info":{"display_name":"elMeistrai","author_link":"https:\/\/elmeistrai.lt\/uk\/author\/yipkxe\/"},"uagb_comment_info":0,"uagb_excerpt":"&#8222;elMeistrai&#8221; jau daug met\u0173 teikia profesionalias\u00a0televizori\u0173 remonto Klaip\u0117doje\u00a0paslaugas. M\u016bs\u0173 patyr\u0119 technikai yra kvalifikuoti ir apr\u016bpinti auk\u0161\u010diausios kokyb\u0117s \u012frankiais ir priemon\u0117mis,...","rttpg_featured_image_url":null,"rttpg_author":{"display_name":"elMeistrai","author_link":"https:\/\/elmeistrai.lt\/uk\/author\/yipkxe\/"},"rttpg_comment":0,"rttpg_category":null,"rttpg_excerpt":"&#8222;elMeistrai&#8221; jau daug met\u0173 teikia profesionalias\u00a0televizori\u0173 remonto Klaip\u0117doje\u00a0paslaugas. M\u016bs\u0173 patyr\u0119 technikai yra kvalifikuoti ir apr\u016bpinti auk\u0161\u010diausios kokyb\u0117s \u012frankiais ir priemon\u0117mis,...","_links":{"self":[{"href":"https:\/\/elmeistrai.lt\/uk\/wp-json\/wp\/v2\/pages\/2161","targetHints":{"allow":["GET"]}}],"collection":[{"href":"https:\/\/elmeistrai.lt\/uk\/wp-json\/wp\/v2\/pages"}],"about":[{"href":"https:\/\/elmeistrai.lt\/uk\/wp-json\/wp\/v2\/types\/page"}],"author":[{"embeddable":true,"href":"https:\/\/elmeistrai.lt\/uk\/wp-json\/wp\/v2\/users\/1"}],"replies":[{"embeddable":true,"href":"https:\/\/elmeistrai.lt\/uk\/wp-json\/wp\/v2\/comments?post=2161"}],"version-history":[{"count":13,"href":"https:\/\/elmeistrai.lt\/uk\/wp-json\/wp\/v2\/pages\/2161\/revisions"}],"predecessor-version":[{"id":8858,"href":"https:\/\/elmeistrai.lt\/uk\/wp-json\/wp\/v2\/pages\/2161\/revisions\/8858"}],"up":[{"embeddable":true,"href":"https:\/\/elmeistrai.lt\/uk\/wp-json\/wp\/v2\/pages\/25"}],"wp:attachment":[{"href":"https:\/\/elmeistrai.lt\/uk\/wp-json\/wp\/v2\/media?parent=2161"}],"curies":[{"name":"wp","href":"https:\/\/api.w.org\/{rel}","templated":true}]}}