{"id":2130,"date":"2023-03-01T11:38:48","date_gmt":"2023-03-01T13:38:48","guid":{"rendered":"https:\/\/elmeistrai.lt\/?page_id=2130"},"modified":"2026-02-24T11:14:10","modified_gmt":"2026-02-24T09:14:10","slug":"kompiuteriu-remontas-klaipedoje","status":"publish","type":"page","link":"https:\/\/elmeistrai.lt\/uk\/kompiuteriu-remontas\/kompiuteriu-remontas-klaipedoje\/","title":{"rendered":"Profesionalus kompiuteri\u0173 remontas Klaip\u0117doje"},"content":{"rendered":"<div class=\"wp-block-uagb-container uagb-block-2a5bf530 alignfull uagb-is-root-container\"><div class=\"uagb-container-inner-blocks-wrap\">\n<div class=\"wp-block-uagb-container uagb-block-78515420\">\n<p>Jau daugel\u012f met\u0173 m\u016bs\u0173 kvalifikuoti meistrai atlieka kompiuteri\u0173 remont\u0105 Klaip\u0117doje. Remontuojame tiek stacionarius, tiek ne\u0161iojamuosius kompiuterius.<br>M\u016bs\u0173 ekspert\u0173 atliekama kompiuteri\u0173 remonto Klaip\u0117doje pasi\u016bla apima tiek programin\u0119, tiek technin\u0119 dal\u012f. Galime tiek perinstaliuoti operacin\u0119 sistem\u0105, tiek pakeisti sudau\u017eyt\u0105 ekran\u0105, ar skys\u010diais suliet\u0105 klaviat\u016br\u0105. Be to, atliekame ir sud\u0117tingesnius pagrindin\u0117s plok\u0161t\u0117s remonto darbus.<\/p>\n<\/div>\n\n\n\n<div class=\"wp-block-uagb-container uagb-block-8a464baa\">\n<figure class=\"wp-block-image size-full\"><img loading=\"lazy\" decoding=\"async\" width=\"612\" height=\"408\" src=\"https:\/\/elmeistrai.lt\/wp-content\/uploads\/2026\/02\/pc1-1.jpg\" alt=\"\" class=\"wp-image-8617\" srcset=\"https:\/\/elmeistrai.lt\/wp-content\/uploads\/2026\/02\/pc1-1.jpg 612w, https:\/\/elmeistrai.lt\/wp-content\/uploads\/2026\/02\/pc1-1-300x200.jpg 300w, https:\/\/elmeistrai.lt\/wp-content\/uploads\/2026\/02\/pc1-1-18x12.jpg 18w\" sizes=\"auto, (max-width: 612px) 100vw, 612px\" \/><\/figure>\n\n\n\n<ul class=\"wp-block-list\">\n<li><strong>\u041a\u043b\u0430\u0439\u043f\u0435\u0434\u0430<\/strong>&nbsp;\u2013 Sausio 15-osios g. 13&nbsp;<a href=\"tel:+37064707741\">+370-647-07741<\/a><\/li>\n<\/ul>\n<\/div>\n<\/div><\/div>\n\n\n\n<figure class=\"wp-block-image size-full\"><img loading=\"lazy\" decoding=\"async\" width=\"612\" height=\"294\" src=\"https:\/\/elmeistrai.lt\/wp-content\/uploads\/2026\/02\/pc-6.jpg\" alt=\"\" class=\"wp-image-8621\" srcset=\"https:\/\/elmeistrai.lt\/wp-content\/uploads\/2026\/02\/pc-6.jpg 612w, https:\/\/elmeistrai.lt\/wp-content\/uploads\/2026\/02\/pc-6-300x144.jpg 300w, https:\/\/elmeistrai.lt\/wp-content\/uploads\/2026\/02\/pc-6-18x9.jpg 18w\" sizes=\"auto, (max-width: 612px) 100vw, 612px\" \/><\/figure>\n\n\n\n<p>Tad, kad ir kokios paslaugos prireikt\u0173, dr\u0105siai kreipkit\u0117s \u012f mus. Maloniai aptarnausime ir prikelsime J\u016bs\u0173 kompiuter\u012f naujam gyvenimui ir pritaikysime, kad jis visi\u0161kai atitikt\u0173 J\u016bs\u0173 poreikius ir veikt\u0173 taip, kaip norite J\u016bs. Kompiuteri\u0173 taisykla Klaip\u0117doje &#8222;elMeistrai&#8221; pasir\u016bpins, kad visi darbai b\u016bt\u0173 atlikti operatyviai ir skland\u017eiai.<\/p>\n\n\n\n<p>\u0411\u0443\u0434\u0435\u043c\u043e \u0440\u0430\u0434\u0456 \u0431\u0430\u0447\u0438\u0442\u0438 \u0432\u0430\u0441 \u0441\u0435\u0440\u0435\u0434 \u043d\u0430\u0448\u0438\u0445 \u043a\u043b\u0456\u0454\u043d\u0442\u0456\u0432!<\/p>","protected":false},"excerpt":{"rendered":"<p>Jau daugel\u012f met\u0173 m\u016bs\u0173 kvalifikuoti meistrai atlieka kompiuteri\u0173 remont\u0105 Klaip\u0117doje. Remontuojame tiek stacionarius, tiek ne\u0161iojamuosius kompiuterius.M\u016bs\u0173 ekspert\u0173 atliekama kompiuteri\u0173 remonto&#8230;<\/p>","protected":false},"author":1,"featured_media":0,"parent":14,"menu_order":0,"comment_status":"closed","ping_status":"closed","template":"","meta":{"_uag_custom_page_level_css":"","footnotes":""},"class_list":["post-2130","page","type-page","status-publish","hentry"],"yoast_head":"<!-- This site is optimized with the Yoast SEO plugin v27.3 - https:\/\/yoast.com\/product\/yoast-seo-wordpress\/ -->\n<title>Profesionalus kompiuteri\u0173 remontas Klaip\u0117doje<\/title>\n<meta name=\"description\" content=\"Profesionalus vis\u0173 tip\u0173 kompiuteri\u0173 remontas Klaip\u0117doje. Mus rasite prekybos centre Banginis. Tel. 8 (617) 77731\" \/>\n<meta name=\"robots\" content=\"index, follow, max-snippet:-1, max-image-preview:large, max-video-preview:-1\" \/>\n<link rel=\"canonical\" href=\"https:\/\/elmeistrai.lt\/uk\/kompiuteriu-remontas\/kompiuteriu-remontas-klaipedoje\/\" \/>\n<meta property=\"og:locale\" content=\"uk_UA\" \/>\n<meta property=\"og:type\" content=\"article\" \/>\n<meta property=\"og:title\" content=\"Profesionalus kompiuteri\u0173 remontas Klaip\u0117doje\" \/>\n<meta property=\"og:description\" content=\"Profesionalus vis\u0173 tip\u0173 kompiuteri\u0173 remontas Klaip\u0117doje. Mus rasite prekybos centre Banginis. Tel. 8 (617) 77731\" \/>\n<meta property=\"og:url\" content=\"https:\/\/elmeistrai.lt\/uk\/kompiuteriu-remontas\/kompiuteriu-remontas-klaipedoje\/\" \/>\n<meta property=\"og:site_name\" content=\"Vilniuje, Kaune, Klaip\u0117doje, \u0160iauliuose\" \/>\n<meta property=\"article:publisher\" content=\"https:\/\/www.facebook.com\/elmeistrai.lt\/\" \/>\n<meta property=\"article:modified_time\" content=\"2026-02-24T09:14:10+00:00\" \/>\n<meta property=\"og:image\" content=\"https:\/\/elmeistrai.lt\/wp-content\/uploads\/2026\/02\/pc1-1.jpg\" \/>\n\t<meta property=\"og:image:width\" content=\"612\" \/>\n\t<meta property=\"og:image:height\" content=\"408\" \/>\n\t<meta property=\"og:image:type\" content=\"image\/jpeg\" \/>\n<meta name=\"twitter:card\" content=\"summary_large_image\" \/>\n<meta name=\"twitter:label1\" content=\"\u041f\u0440\u0438\u0431\u043b. \u0447\u0430\u0441 \u0447\u0438\u0442\u0430\u043d\u043d\u044f\" \/>\n\t<meta name=\"twitter:data1\" content=\"2 \u0445\u0432\u0438\u043b\u0438\u043d\u0438\" \/>\n<script type=\"application\/ld+json\" class=\"yoast-schema-graph\">{\"@context\":\"https:\\\/\\\/schema.org\",\"@graph\":[{\"@type\":\"NewsArticle\",\"@id\":\"https:\\\/\\\/elmeistrai.lt\\\/kompiuteriu-remontas\\\/kompiuteriu-remontas-klaipedoje\\\/#article\",\"isPartOf\":{\"@id\":\"https:\\\/\\\/elmeistrai.lt\\\/kompiuteriu-remontas\\\/kompiuteriu-remontas-klaipedoje\\\/\"},\"author\":{\"name\":\"elMeistrai\",\"@id\":\"https:\\\/\\\/elmeistrai.lt\\\/#\\\/schema\\\/person\\\/6363b621eb9606785f7f2ae9a52987f7\"},\"headline\":\"Profesionalus kompiuteri\u0173 remontas Klaip\u0117doje\",\"datePublished\":\"2023-03-01T13:38:48+00:00\",\"dateModified\":\"2026-02-24T09:14:10+00:00\",\"mainEntityOfPage\":{\"@id\":\"https:\\\/\\\/elmeistrai.lt\\\/kompiuteriu-remontas\\\/kompiuteriu-remontas-klaipedoje\\\/\"},\"wordCount\":142,\"publisher\":{\"@id\":\"https:\\\/\\\/elmeistrai.lt\\\/#organization\"},\"image\":{\"@id\":\"https:\\\/\\\/elmeistrai.lt\\\/kompiuteriu-remontas\\\/kompiuteriu-remontas-klaipedoje\\\/#primaryimage\"},\"thumbnailUrl\":\"https:\\\/\\\/elmeistrai.lt\\\/wp-content\\\/uploads\\\/2026\\\/02\\\/pc1-1.jpg\",\"inLanguage\":\"uk\"},{\"@type\":[\"WebPage\",\"ItemPage\"],\"@id\":\"https:\\\/\\\/elmeistrai.lt\\\/kompiuteriu-remontas\\\/kompiuteriu-remontas-klaipedoje\\\/\",\"url\":\"https:\\\/\\\/elmeistrai.lt\\\/kompiuteriu-remontas\\\/kompiuteriu-remontas-klaipedoje\\\/\",\"name\":\"Profesionalus kompiuteri\u0173 remontas Klaip\u0117doje\",\"isPartOf\":{\"@id\":\"https:\\\/\\\/elmeistrai.lt\\\/#website\"},\"primaryImageOfPage\":{\"@id\":\"https:\\\/\\\/elmeistrai.lt\\\/kompiuteriu-remontas\\\/kompiuteriu-remontas-klaipedoje\\\/#primaryimage\"},\"image\":{\"@id\":\"https:\\\/\\\/elmeistrai.lt\\\/kompiuteriu-remontas\\\/kompiuteriu-remontas-klaipedoje\\\/#primaryimage\"},\"thumbnailUrl\":\"https:\\\/\\\/elmeistrai.lt\\\/wp-content\\\/uploads\\\/2026\\\/02\\\/pc1-1.jpg\",\"datePublished\":\"2023-03-01T13:38:48+00:00\",\"dateModified\":\"2026-02-24T09:14:10+00:00\",\"description\":\"Profesionalus vis\u0173 tip\u0173 kompiuteri\u0173 remontas Klaip\u0117doje. Mus rasite prekybos centre Banginis. Tel. 8 (617) 77731\",\"breadcrumb\":{\"@id\":\"https:\\\/\\\/elmeistrai.lt\\\/kompiuteriu-remontas\\\/kompiuteriu-remontas-klaipedoje\\\/#breadcrumb\"},\"inLanguage\":\"uk\",\"potentialAction\":[{\"@type\":\"ReadAction\",\"target\":[\"https:\\\/\\\/elmeistrai.lt\\\/kompiuteriu-remontas\\\/kompiuteriu-remontas-klaipedoje\\\/\"]}]},{\"@type\":\"ImageObject\",\"inLanguage\":\"uk\",\"@id\":\"https:\\\/\\\/elmeistrai.lt\\\/kompiuteriu-remontas\\\/kompiuteriu-remontas-klaipedoje\\\/#primaryimage\",\"url\":\"https:\\\/\\\/elmeistrai.lt\\\/wp-content\\\/uploads\\\/2026\\\/02\\\/pc1-1.jpg\",\"contentUrl\":\"https:\\\/\\\/elmeistrai.lt\\\/wp-content\\\/uploads\\\/2026\\\/02\\\/pc1-1.jpg\"},{\"@type\":\"BreadcrumbList\",\"@id\":\"https:\\\/\\\/elmeistrai.lt\\\/kompiuteriu-remontas\\\/kompiuteriu-remontas-klaipedoje\\\/#breadcrumb\",\"itemListElement\":[{\"@type\":\"ListItem\",\"position\":1,\"name\":\"Home\",\"item\":\"https:\\\/\\\/elmeistrai.lt\\\/\"},{\"@type\":\"ListItem\",\"position\":2,\"name\":\"Profesionalus kompiuteri\u0173 remontas Vilniuje, Kaune, Klaip\u0117doje ir \u0160iauliuose\",\"item\":\"https:\\\/\\\/elmeistrai.lt\\\/kompiuteriu-remontas\\\/\"},{\"@type\":\"ListItem\",\"position\":3,\"name\":\"Profesionalus kompiuteri\u0173 remontas Klaip\u0117doje\"}]},{\"@type\":\"WebSite\",\"@id\":\"https:\\\/\\\/elmeistrai.lt\\\/#website\",\"url\":\"https:\\\/\\\/elmeistrai.lt\\\/\",\"name\":\"Vilniuje, Kaune, Klaip\u0117doje, \u0160iauliuose\",\"description\":\"Nam\u0173 ir verslo elektronikos prietais\u0173 remontas. Kase\u010di\u0173 pildymas.\",\"publisher\":{\"@id\":\"https:\\\/\\\/elmeistrai.lt\\\/#organization\"},\"potentialAction\":[{\"@type\":\"SearchAction\",\"target\":{\"@type\":\"EntryPoint\",\"urlTemplate\":\"https:\\\/\\\/elmeistrai.lt\\\/?s={search_term_string}\"},\"query-input\":{\"@type\":\"PropertyValueSpecification\",\"valueRequired\":true,\"valueName\":\"search_term_string\"}}],\"inLanguage\":\"uk\"},{\"@type\":\"Organization\",\"@id\":\"https:\\\/\\\/elmeistrai.lt\\\/#organization\",\"name\":\"elMeistrai.lt\",\"alternateName\":\"Kavos aparat\u0173, paspirtuk\u0173, televizori\u0173, kompiuteri\u0173, telefon\u0173 ir kt. technikos remontas\",\"url\":\"https:\\\/\\\/elmeistrai.lt\\\/\",\"logo\":{\"@type\":\"ImageObject\",\"inLanguage\":\"uk\",\"@id\":\"https:\\\/\\\/elmeistrai.lt\\\/#\\\/schema\\\/logo\\\/image\\\/\",\"url\":\"https:\\\/\\\/elmeistrai.lt\\\/wp-content\\\/uploads\\\/2022\\\/09\\\/elmeistrai_logo.jpg\",\"contentUrl\":\"https:\\\/\\\/elmeistrai.lt\\\/wp-content\\\/uploads\\\/2022\\\/09\\\/elmeistrai_logo.jpg\",\"width\":556,\"height\":143,\"caption\":\"elMeistrai.lt\"},\"image\":{\"@id\":\"https:\\\/\\\/elmeistrai.lt\\\/#\\\/schema\\\/logo\\\/image\\\/\"},\"sameAs\":[\"https:\\\/\\\/www.facebook.com\\\/elmeistrai.lt\\\/\"]},{\"@type\":\"Person\",\"@id\":\"https:\\\/\\\/elmeistrai.lt\\\/#\\\/schema\\\/person\\\/6363b621eb9606785f7f2ae9a52987f7\",\"name\":\"elMeistrai\",\"image\":{\"@type\":\"ImageObject\",\"inLanguage\":\"uk\",\"@id\":\"https:\\\/\\\/secure.gravatar.com\\\/avatar\\\/052f2d9640381d6904c5c0676ac3cc3d7ad734def78df3657e571451cad9870d?s=96&d=mm&r=g\",\"url\":\"https:\\\/\\\/secure.gravatar.com\\\/avatar\\\/052f2d9640381d6904c5c0676ac3cc3d7ad734def78df3657e571451cad9870d?s=96&d=mm&r=g\",\"contentUrl\":\"https:\\\/\\\/secure.gravatar.com\\\/avatar\\\/052f2d9640381d6904c5c0676ac3cc3d7ad734def78df3657e571451cad9870d?s=96&d=mm&r=g\",\"caption\":\"elMeistrai\"},\"url\":\"https:\\\/\\\/elmeistrai.lt\\\/uk\\\/author\\\/yipkxe\\\/\"}]}<\/script>\n<!-- \/ Yoast SEO plugin. -->","yoast_head_json":{"title":"Profesionalus kompiuteri\u0173 remontas Klaip\u0117doje","description":"\u041f\u0440\u043e\u0444\u0435\u0441\u0456\u0439\u043d\u0438\u0439 \u0440\u0435\u043c\u043e\u043d\u0442 \u0443\u0441\u0456\u0445 \u0442\u0438\u043f\u0456\u0432 \u043a\u043e\u043c\u043f'\u044e\u0442\u0435\u0440\u0456\u0432 \u0443 \u041a\u043b\u0430\u0439\u043f\u0435\u0434\u0456. \u0412\u0438 \u0437\u043d\u0430\u0439\u0434\u0435\u0442\u0435 \u043d\u0430\u0441 \u0443 \u0442\u043e\u0440\u0433\u043e\u0432\u043e\u043c\u0443 \u0446\u0435\u043d\u0442\u0440\u0456 Banginis. \u0422\u0435\u043b. 8 (617) 77731","robots":{"index":"index","follow":"follow","max-snippet":"max-snippet:-1","max-image-preview":"max-image-preview:large","max-video-preview":"max-video-preview:-1"},"canonical":"https:\/\/elmeistrai.lt\/uk\/kompiuteriu-remontas\/kompiuteriu-remontas-klaipedoje\/","og_locale":"uk_UA","og_type":"article","og_title":"Profesionalus kompiuteri\u0173 remontas Klaip\u0117doje","og_description":"Profesionalus vis\u0173 tip\u0173 kompiuteri\u0173 remontas Klaip\u0117doje. Mus rasite prekybos centre Banginis. Tel. 8 (617) 77731","og_url":"https:\/\/elmeistrai.lt\/uk\/kompiuteriu-remontas\/kompiuteriu-remontas-klaipedoje\/","og_site_name":"Vilniuje, Kaune, Klaip\u0117doje, \u0160iauliuose","article_publisher":"https:\/\/www.facebook.com\/elmeistrai.lt\/","article_modified_time":"2026-02-24T09:14:10+00:00","og_image":[{"width":612,"height":408,"url":"https:\/\/elmeistrai.lt\/wp-content\/uploads\/2026\/02\/pc1-1.jpg","type":"image\/jpeg"}],"twitter_card":"summary_large_image","twitter_misc":{"\u041f\u0440\u0438\u0431\u043b. \u0447\u0430\u0441 \u0447\u0438\u0442\u0430\u043d\u043d\u044f":"2 \u0445\u0432\u0438\u043b\u0438\u043d\u0438"},"schema":{"@context":"https:\/\/schema.org","@graph":[{"@type":"NewsArticle","@id":"https:\/\/elmeistrai.lt\/kompiuteriu-remontas\/kompiuteriu-remontas-klaipedoje\/#article","isPartOf":{"@id":"https:\/\/elmeistrai.lt\/kompiuteriu-remontas\/kompiuteriu-remontas-klaipedoje\/"},"author":{"name":"elMeistrai","@id":"https:\/\/elmeistrai.lt\/#\/schema\/person\/6363b621eb9606785f7f2ae9a52987f7"},"headline":"Profesionalus kompiuteri\u0173 remontas Klaip\u0117doje","datePublished":"2023-03-01T13:38:48+00:00","dateModified":"2026-02-24T09:14:10+00:00","mainEntityOfPage":{"@id":"https:\/\/elmeistrai.lt\/kompiuteriu-remontas\/kompiuteriu-remontas-klaipedoje\/"},"wordCount":142,"publisher":{"@id":"https:\/\/elmeistrai.lt\/#organization"},"image":{"@id":"https:\/\/elmeistrai.lt\/kompiuteriu-remontas\/kompiuteriu-remontas-klaipedoje\/#primaryimage"},"thumbnailUrl":"https:\/\/elmeistrai.lt\/wp-content\/uploads\/2026\/02\/pc1-1.jpg","inLanguage":"uk"},{"@type":["WebPage","ItemPage"],"@id":"https:\/\/elmeistrai.lt\/kompiuteriu-remontas\/kompiuteriu-remontas-klaipedoje\/","url":"https:\/\/elmeistrai.lt\/kompiuteriu-remontas\/kompiuteriu-remontas-klaipedoje\/","name":"Profesionalus kompiuteri\u0173 remontas Klaip\u0117doje","isPartOf":{"@id":"https:\/\/elmeistrai.lt\/#website"},"primaryImageOfPage":{"@id":"https:\/\/elmeistrai.lt\/kompiuteriu-remontas\/kompiuteriu-remontas-klaipedoje\/#primaryimage"},"image":{"@id":"https:\/\/elmeistrai.lt\/kompiuteriu-remontas\/kompiuteriu-remontas-klaipedoje\/#primaryimage"},"thumbnailUrl":"https:\/\/elmeistrai.lt\/wp-content\/uploads\/2026\/02\/pc1-1.jpg","datePublished":"2023-03-01T13:38:48+00:00","dateModified":"2026-02-24T09:14:10+00:00","description":"\u041f\u0440\u043e\u0444\u0435\u0441\u0456\u0439\u043d\u0438\u0439 \u0440\u0435\u043c\u043e\u043d\u0442 \u0443\u0441\u0456\u0445 \u0442\u0438\u043f\u0456\u0432 \u043a\u043e\u043c\u043f'\u044e\u0442\u0435\u0440\u0456\u0432 \u0443 \u041a\u043b\u0430\u0439\u043f\u0435\u0434\u0456. \u0412\u0438 \u0437\u043d\u0430\u0439\u0434\u0435\u0442\u0435 \u043d\u0430\u0441 \u0443 \u0442\u043e\u0440\u0433\u043e\u0432\u043e\u043c\u0443 \u0446\u0435\u043d\u0442\u0440\u0456 Banginis. \u0422\u0435\u043b. 8 (617) 77731","breadcrumb":{"@id":"https:\/\/elmeistrai.lt\/kompiuteriu-remontas\/kompiuteriu-remontas-klaipedoje\/#breadcrumb"},"inLanguage":"uk","potentialAction":[{"@type":"ReadAction","target":["https:\/\/elmeistrai.lt\/kompiuteriu-remontas\/kompiuteriu-remontas-klaipedoje\/"]}]},{"@type":"ImageObject","inLanguage":"uk","@id":"https:\/\/elmeistrai.lt\/kompiuteriu-remontas\/kompiuteriu-remontas-klaipedoje\/#primaryimage","url":"https:\/\/elmeistrai.lt\/wp-content\/uploads\/2026\/02\/pc1-1.jpg","contentUrl":"https:\/\/elmeistrai.lt\/wp-content\/uploads\/2026\/02\/pc1-1.jpg"},{"@type":"BreadcrumbList","@id":"https:\/\/elmeistrai.lt\/kompiuteriu-remontas\/kompiuteriu-remontas-klaipedoje\/#breadcrumb","itemListElement":[{"@type":"ListItem","position":1,"name":"Home","item":"https:\/\/elmeistrai.lt\/"},{"@type":"ListItem","position":2,"name":"Profesionalus kompiuteri\u0173 remontas Vilniuje, Kaune, Klaip\u0117doje ir \u0160iauliuose","item":"https:\/\/elmeistrai.lt\/kompiuteriu-remontas\/"},{"@type":"ListItem","position":3,"name":"Profesionalus kompiuteri\u0173 remontas Klaip\u0117doje"}]},{"@type":"WebSite","@id":"https:\/\/elmeistrai.lt\/#website","url":"https:\/\/elmeistrai.lt\/","name":"\u0412\u0456\u043b\u044c\u043d\u044e\u0441, \u041a\u0430\u0443\u043d\u0430\u0441, \u041a\u043b\u0430\u0439\u043f\u0435\u0434\u0430, \u0428\u044f\u0443\u043b\u044f\u0439","description":"\u0420\u0435\u043c\u043e\u043d\u0442 \u0434\u043e\u043c\u0430\u0448\u043d\u044c\u043e\u0457 \u0442\u0430 \u043e\u0444\u0456\u0441\u043d\u043e\u0457 \u0435\u043b\u0435\u043a\u0442\u0440\u043e\u043d\u0456\u043a\u0438. \u0417\u0430\u043f\u0440\u0430\u0432\u043a\u0430 \u043a\u0430\u0440\u0442\u0440\u0438\u0434\u0436\u0456\u0432.","publisher":{"@id":"https:\/\/elmeistrai.lt\/#organization"},"potentialAction":[{"@type":"SearchAction","target":{"@type":"EntryPoint","urlTemplate":"https:\/\/elmeistrai.lt\/?s={search_term_string}"},"query-input":{"@type":"PropertyValueSpecification","valueRequired":true,"valueName":"search_term_string"}}],"inLanguage":"uk"},{"@type":"Organization","@id":"https:\/\/elmeistrai.lt\/#organization","name":"elMeistrai.lt","alternateName":"Kavos aparat\u0173, paspirtuk\u0173, televizori\u0173, kompiuteri\u0173, telefon\u0173 ir kt. technikos remontas","url":"https:\/\/elmeistrai.lt\/","logo":{"@type":"ImageObject","inLanguage":"uk","@id":"https:\/\/elmeistrai.lt\/#\/schema\/logo\/image\/","url":"https:\/\/elmeistrai.lt\/wp-content\/uploads\/2022\/09\/elmeistrai_logo.jpg","contentUrl":"https:\/\/elmeistrai.lt\/wp-content\/uploads\/2022\/09\/elmeistrai_logo.jpg","width":556,"height":143,"caption":"elMeistrai.lt"},"image":{"@id":"https:\/\/elmeistrai.lt\/#\/schema\/logo\/image\/"},"sameAs":["https:\/\/www.facebook.com\/elmeistrai.lt\/"]},{"@type":"Person","@id":"https:\/\/elmeistrai.lt\/#\/schema\/person\/6363b621eb9606785f7f2ae9a52987f7","name":"elMeistrai","image":{"@type":"ImageObject","inLanguage":"uk","@id":"https:\/\/secure.gravatar.com\/avatar\/052f2d9640381d6904c5c0676ac3cc3d7ad734def78df3657e571451cad9870d?s=96&d=mm&r=g","url":"https:\/\/secure.gravatar.com\/avatar\/052f2d9640381d6904c5c0676ac3cc3d7ad734def78df3657e571451cad9870d?s=96&d=mm&r=g","contentUrl":"https:\/\/secure.gravatar.com\/avatar\/052f2d9640381d6904c5c0676ac3cc3d7ad734def78df3657e571451cad9870d?s=96&d=mm&r=g","caption":"elMeistrai"},"url":"https:\/\/elmeistrai.lt\/uk\/author\/yipkxe\/"}]}},"uagb_featured_image_src":{"full":false,"thumbnail":false,"medium":false,"medium_large":false,"large":false,"1536x1536":false,"2048x2048":false,"trp-custom-language-flag":false,"writemag-1218w-autoh-image":false,"writemag-675w-autoh-image":false,"writemag-100w-100h-image":false},"uagb_author_info":{"display_name":"elMeistrai","author_link":"https:\/\/elmeistrai.lt\/uk\/author\/yipkxe\/"},"uagb_comment_info":0,"uagb_excerpt":"Jau daugel\u012f met\u0173 m\u016bs\u0173 kvalifikuoti meistrai atlieka kompiuteri\u0173 remont\u0105 Klaip\u0117doje. Remontuojame tiek stacionarius, tiek ne\u0161iojamuosius kompiuterius.M\u016bs\u0173 ekspert\u0173 atliekama kompiuteri\u0173 remonto...","rttpg_featured_image_url":null,"rttpg_author":{"display_name":"elMeistrai","author_link":"https:\/\/elmeistrai.lt\/uk\/author\/yipkxe\/"},"rttpg_comment":0,"rttpg_category":null,"rttpg_excerpt":"Jau daugel\u012f met\u0173 m\u016bs\u0173 kvalifikuoti meistrai atlieka kompiuteri\u0173 remont\u0105 Klaip\u0117doje. Remontuojame tiek stacionarius, tiek ne\u0161iojamuosius kompiuterius.M\u016bs\u0173 ekspert\u0173 atliekama kompiuteri\u0173 remonto...","_links":{"self":[{"href":"https:\/\/elmeistrai.lt\/uk\/wp-json\/wp\/v2\/pages\/2130","targetHints":{"allow":["GET"]}}],"collection":[{"href":"https:\/\/elmeistrai.lt\/uk\/wp-json\/wp\/v2\/pages"}],"about":[{"href":"https:\/\/elmeistrai.lt\/uk\/wp-json\/wp\/v2\/types\/page"}],"author":[{"embeddable":true,"href":"https:\/\/elmeistrai.lt\/uk\/wp-json\/wp\/v2\/users\/1"}],"replies":[{"embeddable":true,"href":"https:\/\/elmeistrai.lt\/uk\/wp-json\/wp\/v2\/comments?post=2130"}],"version-history":[{"count":10,"href":"https:\/\/elmeistrai.lt\/uk\/wp-json\/wp\/v2\/pages\/2130\/revisions"}],"predecessor-version":[{"id":8860,"href":"https:\/\/elmeistrai.lt\/uk\/wp-json\/wp\/v2\/pages\/2130\/revisions\/8860"}],"up":[{"embeddable":true,"href":"https:\/\/elmeistrai.lt\/uk\/wp-json\/wp\/v2\/pages\/14"}],"wp:attachment":[{"href":"https:\/\/elmeistrai.lt\/uk\/wp-json\/wp\/v2\/media?parent=2130"}],"curies":[{"name":"wp","href":"https:\/\/api.w.org\/{rel}","templated":true}]}}