{"id":1978,"date":"2022-09-29T18:50:09","date_gmt":"2022-09-29T20:50:09","guid":{"rendered":"https:\/\/elmeistrai.lt\/?page_id=1978"},"modified":"2022-09-29T18:51:16","modified_gmt":"2022-09-29T20:51:16","slug":"programinis-kompiuterio-modernizavimas-atnaujinimas","status":"publish","type":"page","link":"https:\/\/elmeistrai.lt\/uk\/kompiuteriu-remontas\/programinis-kompiuterio-modernizavimas-atnaujinimas\/","title":{"rendered":"\u041e\u043d\u043e\u0432\u043b\u0435\u043d\u043d\u044f \u043f\u0440\u043e\u0433\u0440\u0430\u043c\u043d\u043e\u0433\u043e \u0437\u0430\u0431\u0435\u0437\u043f\u0435\u0447\u0435\u043d\u043d\u044f - \u043c\u043e\u0434\u0435\u0440\u043d\u0456\u0437\u0430\u0446\u0456\u044f \u043a\u043e\u043c\u043f'\u044e\u0442\u0435\u0440\u0430"},"content":{"rendered":"<p>\u041e\u043d\u043e\u0432\u043b\u0435\u043d\u043d\u044f \u043f\u0440\u043e\u0433\u0440\u0430\u043c\u043d\u043e\u0433\u043e \u0437\u0430\u0431\u0435\u0437\u043f\u0435\u0447\u0435\u043d\u043d\u044f \u043d\u0430 \u041f\u041a \u0437\u0430\u0437\u0432\u0438\u0447\u0430\u0439 \u043f\u0435\u0440\u0435\u0434\u0431\u0430\u0447\u0430\u0454 \u043e\u043d\u043e\u0432\u043b\u0435\u043d\u043d\u044f \u043e\u043f\u0435\u0440\u0430\u0446\u0456\u0439\u043d\u043e\u0457 \u0441\u0438\u0441\u0442\u0435\u043c\u0438. \u041e\u0434\u043d\u0430\u043a \u043e\u043d\u043e\u0432\u043b\u0435\u043d\u043d\u044f \u043c\u043e\u0436\u043d\u0430 \u0437\u0440\u043e\u0431\u0438\u0442\u0438 \u0434\u043b\u044f \u0432\u0441\u0456\u0445 \u043f\u0440\u043e\u0433\u0440\u0430\u043c, \u044f\u043a\u0456 \u0432\u0438 \u0432\u0438\u043a\u043e\u0440\u0438\u0441\u0442\u043e\u0432\u0443\u0454\u0442\u0435, \u0432\u0456\u0434 \u0430\u043d\u0442\u0438\u0432\u0456\u0440\u0443\u0441\u0443 \u0434\u043e \u0443\u043f\u0440\u0430\u0432\u043b\u0456\u043d\u043d\u044f \u0434\u043e\u043a\u0443\u043c\u0435\u043d\u0442\u0430\u043c\u0438 (\u043d\u0430\u043f\u0440\u0438\u043a\u043b\u0430\u0434 <em>Microsoft Office<\/em>) \u0430\u0431\u043e \u0432 \u0433\u0440\u0430\u0444\u0456\u0447\u043d\u043e\u043c\u0443 \u0440\u0435\u0434\u0430\u043a\u0442\u043e\u0440\u0456 (<em>Adobe Illustrator \/ Corel Draw<\/em> \u0442\u043e\u0449\u043e).<\/p>\n\n\n\n<p>\u041e\u043d\u043e\u0432\u043b\u0435\u043d\u043d\u044f\u043c \u0442\u0430\u043a\u043e\u0436 \u043c\u043e\u0436\u0435 \u0431\u0443\u0442\u0438 \u043e\u043d\u043e\u0432\u043b\u0435\u043d\u043d\u044f \u0442\u0456\u0454\u0457 \u0436 \u043e\u043f\u0435\u0440\u0430\u0446\u0456\u0439\u043d\u043e\u0457 \u0441\u0438\u0441\u0442\u0435\u043c\u0438, \u043f\u0440\u043e\u0441\u0442\u043e \u043e\u043d\u043e\u0432\u043b\u0435\u043d\u0430 \u0432\u0435\u0440\u0441\u0456\u044f (Edition), \u044f\u043a\u0430 \u0437\u0440\u043e\u0431\u0438\u0442\u044c \u043a\u043e\u043c\u043f'\u044e\u0442\u0435\u0440 \u043d\u0430\u0431\u0430\u0433\u0430\u0442\u043e \u0441\u0442\u0456\u0439\u043a\u0456\u0448\u0438\u043c \u0434\u043e \u0432\u0456\u0440\u0443\u0441\u0456\u0432, \u043f\u043e\u0442\u0435\u043d\u0446\u0456\u0439\u043d\u043e \u0448\u0432\u0438\u0434\u0448\u0438\u043c \u0456 \u0437 \u043d\u043e\u0432\u0438\u043c\u0438 \u0444\u0443\u043d\u043a\u0446\u0456\u044f\u043c\u0438.<\/p>\n\n\n\n<p><strong>\u042f\u043a \u0432\u0456\u0434\u0431\u0443\u0432\u0430\u0454\u0442\u044c\u0441\u044f \u043e\u043d\u043e\u0432\u043b\u0435\u043d\u043d\u044f \u043f\u0440\u043e\u0433\u0440\u0430\u043c\u043d\u043e\u0433\u043e \u0437\u0430\u0431\u0435\u0437\u043f\u0435\u0447\u0435\u043d\u043d\u044f?<\/strong><\/p>\n\n\n\n<ol class=\"wp-block-list\"><li>\u041a\u043e\u043c\u043f'\u044e\u0442\u0435\u0440\u043d\u0456 \u043f\u0440\u043e\u0433\u0440\u0430\u043c\u0438 \u043f\u0435\u0440\u0435\u0433\u043b\u044f\u0434\u0430\u044e\u0442\u044c\u0441\u044f \u0442\u0430 \u0432\u0441\u0442\u0430\u043d\u043e\u0432\u043b\u044e\u044e\u0442\u044c\u0441\u044f \u0457\u0445\u043d\u0456 \u0434\u043e\u0437\u0432\u043e\u043b\u0438.<\/li><li>\u0421\u043f\u0438\u0441\u043e\u043a \u043f\u0440\u043e\u0433\u0440\u0430\u043c, \u044f\u043a\u0456 \u0440\u0435\u043a\u043e\u043c\u0435\u043d\u0434\u0443\u0454\u0442\u044c\u0441\u044f \u043e\u043d\u043e\u0432\u0438\u0442\u0438, \u0441\u043a\u043b\u0430\u0434\u0430\u0454\u0442\u044c\u0441\u044f \u043d\u0430 \u043e\u0441\u043d\u043e\u0432\u0456 \u0442\u0435\u0445\u043d\u0456\u0447\u043d\u0438\u0445 \u0445\u0430\u0440\u0430\u043a\u0442\u0435\u0440\u0438\u0441\u0442\u0438\u043a \u043a\u043e\u043c\u043f'\u044e\u0442\u0435\u0440\u0430. \u0414\u0435\u044f\u043a\u0456 \u043f\u0440\u043e\u0433\u0440\u0430\u043c\u0438 \u043c\u043e\u0436\u0443\u0442\u044c \u0431\u0443\u0442\u0438 \u043d\u0435\u0434\u043e\u0441\u0442\u0443\u043f\u043d\u0456 \u0434\u043b\u044f \u043e\u043d\u043e\u0432\u043b\u0435\u043d\u043d\u044f \u0434\u043e \u043f\u043e\u0442\u043e\u0447\u043d\u0438\u0445 \u0430\u043f\u0430\u0440\u0430\u0442\u043d\u0438\u0445 \u043d\u0430\u043b\u0430\u0448\u0442\u0443\u0432\u0430\u043d\u044c. \u041f\u0435\u0440\u0448 \u043d\u0456\u0436 \u0446\u0435 \u0437\u0440\u043e\u0431\u0438\u0442\u0438, \u043c\u043e\u0436\u0435 \u0437\u043d\u0430\u0434\u043e\u0431\u0438\u0442\u0438\u0441\u044f \u0441\u043f\u043e\u0447\u0430\u0442\u043a\u0443 \u0432\u0438\u043a\u043e\u043d\u0430\u0442\u0438 <a href=\"\/uk\/kompiuteriu-remontas\/kompiuteriu-techninis-modernizavimas-pagerinimas\/\">\u043c\u043e\u0434\u0435\u0440\u043d\u0456\u0437\u0430\u0446\u0456\u044f \u0442\u0435\u0445\u043d\u0456\u0447\u043d\u043e\u0457 \u0447\u0430\u0441\u0442\u0438\u043d\u0438<\/a> \u0430\u0431\u043e \u0432\u0456\u0434\u043c\u043e\u0432\u0438\u0442\u0438\u0441\u044f \u0432\u0456\u0434 \u043f\u043e\u043d\u043e\u0432\u043b\u0435\u043d\u043d\u044f. \u041a\u0440\u0456\u043c \u0442\u043e\u0433\u043e, \u043f\u0440\u043e\u0441\u0442\u043e \u043e\u043d\u043e\u0432\u0438\u0442\u0438 \u0432\u0441\u0435 - \u0442\u0435\u0436 \u043d\u0435 \u043d\u0430\u0439\u043a\u0440\u0430\u0449\u0435 \u0440\u0456\u0448\u0435\u043d\u043d\u044f. \u0414\u0443\u0436\u0435 \u0432\u0430\u0436\u043b\u0438\u0432\u043e \u043e\u0446\u0456\u043d\u0438\u0442\u0438, \u0447\u0438 \u043d\u0435 \u043f\u0440\u0438\u0437\u0432\u0435\u0434\u0435 \u043e\u043d\u043e\u0432\u043b\u0435\u043d\u043d\u044f \u0434\u043e \u0442\u043e\u0433\u043e, \u0449\u043e \u0432\u0430\u0448 \u043a\u043e\u043c\u043f'\u044e\u0442\u0435\u0440 \u043f\u0440\u0430\u0446\u044e\u0432\u0430\u0442\u0438\u043c\u0435 \u0449\u0435 \u043f\u043e\u0432\u0456\u043b\u044c\u043d\u0456\u0448\u0435. \u041d\u0430\u0448\u0456 \u043c\u0430\u0439\u0441\u0442\u0440\u0438 \u0432\u0441\u0435 \u0446\u0435 \u0440\u0435\u0442\u0435\u043b\u044c\u043d\u043e \u043e\u0446\u0456\u043d\u044f\u0442\u044c.<\/li><li>\u0417\u0434\u0456\u0439\u0441\u043d\u044e\u0454\u0442\u044c\u0441\u044f \u043d\u0435\u043e\u0431\u0445\u0456\u0434\u043d\u0435 \u043e\u043d\u043e\u0432\u043b\u0435\u043d\u043d\u044f \u043f\u0440\u043e\u0433\u0440\u0430\u043c\u043d\u043e\u0433\u043e \u0437\u0430\u0431\u0435\u0437\u043f\u0435\u0447\u0435\u043d\u043d\u044f. \u042f\u043a\u0449\u043e \u043e\u043d\u043e\u0432\u043b\u044e\u0454\u0442\u044c\u0441\u044f \u043e\u043f\u0435\u0440\u0430\u0446\u0456\u0439\u043d\u0430 \u0441\u0438\u0441\u0442\u0435\u043c\u0430, \u0432\u0430\u043c \u043c\u043e\u0436\u0435 \u0437\u043d\u0430\u0434\u043e\u0431\u0438\u0442\u0438\u0441\u044f <a href=\"\/uk\/kompiuteriu-remontas\/operaciniu-sistemu-windows-ir-kt-perinstaliavimas-perdiegimas\/\">\u043f\u0435\u0440\u0435\u0432\u0441\u0442\u0430\u043d\u043e\u0432\u0438\u0442\u0438 \u043e\u043f\u0435\u0440\u0430\u0446\u0456\u0439\u043d\u0443 \u0441\u0438\u0441\u0442\u0435\u043c\u0443<\/a>.<\/li><\/ol>\n\n\n\n<figure class=\"wp-block-image size-full\"><img loading=\"lazy\" decoding=\"async\" width=\"640\" height=\"371\" src=\"https:\/\/elmeistrai.lt\/wp-content\/uploads\/2022\/09\/kompiuterio-programu-atnaujinimas.jpg\" alt=\"Kompiuterio program\u0173 atnaujinimas\" class=\"wp-image-1980\" srcset=\"https:\/\/elmeistrai.lt\/wp-content\/uploads\/2022\/09\/kompiuterio-programu-atnaujinimas.jpg 640w, https:\/\/elmeistrai.lt\/wp-content\/uploads\/2022\/09\/kompiuterio-programu-atnaujinimas-300x174.jpg 300w\" sizes=\"auto, (max-width: 640px) 100vw, 640px\" \/><\/figure>","protected":false},"excerpt":{"rendered":"<p>\u041e\u043d\u043e\u0432\u043b\u0435\u043d\u043d\u044f \u043f\u0440\u043e\u0433\u0440\u0430\u043c\u043d\u043e\u0433\u043e \u0437\u0430\u0431\u0435\u0437\u043f\u0435\u0447\u0435\u043d\u043d\u044f \u043d\u0430 \u041f\u041a \u0437\u0430\u0437\u0432\u0438\u0447\u0430\u0439 \u043f\u0435\u0440\u0435\u0434\u0431\u0430\u0447\u0430\u0454 \u043e\u043d\u043e\u0432\u043b\u0435\u043d\u043d\u044f \u043e\u043f\u0435\u0440\u0430\u0446\u0456\u0439\u043d\u043e\u0457 \u0441\u0438\u0441\u0442\u0435\u043c\u0438. \u041e\u0434\u043d\u0430\u043a, \u043e\u043d\u043e\u0432\u043b\u0435\u043d\u043d\u044f \u043c\u043e\u0436\u043d\u0430 \u0437\u0440\u043e\u0431\u0438\u0442\u0438 \u0434\u043b\u044f \u0432\u0441\u0456\u0445 \u043f\u0440\u043e\u0433\u0440\u0430\u043c, \u044f\u043a\u0456 \u0432\u0438 \u0432\u0438\u043a\u043e\u0440\u0438\u0441\u0442\u043e\u0432\u0443\u0454\u0442\u0435, \u0432\u0456\u0434 \u0430\u043d\u0442\u0438\u0432\u0456\u0440\u0443\u0441\u0443 \u0434\u043e.<\/p>","protected":false},"author":1,"featured_media":0,"parent":14,"menu_order":0,"comment_status":"closed","ping_status":"closed","template":"","meta":{"_uag_custom_page_level_css":"","footnotes":""},"class_list":["post-1978","page","type-page","status-publish","hentry"],"yoast_head":"<!-- This site is optimized with the Yoast SEO plugin v27.3 - https:\/\/yoast.com\/product\/yoast-seo-wordpress\/ -->\n<title>Programinis kompiuterio modernizavimas - atnaujinimas Vilniuje, Kaune, Klaip\u0117doje, \u0160iauliuose<\/title>\n<meta name=\"robots\" content=\"index, follow, max-snippet:-1, max-image-preview:large, max-video-preview:-1\" \/>\n<link rel=\"canonical\" href=\"https:\/\/elmeistrai.lt\/uk\/kompiuteriu-remontas\/programinis-kompiuterio-modernizavimas-atnaujinimas\/\" \/>\n<meta property=\"og:locale\" content=\"uk_UA\" \/>\n<meta property=\"og:type\" content=\"article\" \/>\n<meta property=\"og:title\" content=\"Programinis kompiuterio modernizavimas - atnaujinimas Vilniuje, Kaune, Klaip\u0117doje, \u0160iauliuose\" \/>\n<meta property=\"og:description\" content=\"Programinio kompiuterio modernizavimo metu da\u017eniausiai yra atnaujinama operacin\u0117 sistema. Ta\u010diau atnaujinamos gali b\u016bti visos naudojamos programos, nuo antivirusin\u0117s iki darbo...\" \/>\n<meta property=\"og:url\" content=\"https:\/\/elmeistrai.lt\/uk\/kompiuteriu-remontas\/programinis-kompiuterio-modernizavimas-atnaujinimas\/\" \/>\n<meta property=\"og:site_name\" content=\"Vilniuje, Kaune, Klaip\u0117doje, \u0160iauliuose\" \/>\n<meta property=\"article:publisher\" content=\"https:\/\/www.facebook.com\/elmeistrai.lt\/\" \/>\n<meta property=\"article:modified_time\" content=\"2022-09-29T20:51:16+00:00\" \/>\n<meta property=\"og:image\" content=\"https:\/\/elmeistrai.lt\/wp-content\/uploads\/2022\/09\/kompiuterio-programu-atnaujinimas.jpg\" \/>\n<meta name=\"twitter:card\" content=\"summary_large_image\" \/>\n<meta name=\"twitter:label1\" content=\"\u041f\u0440\u0438\u0431\u043b. \u0447\u0430\u0441 \u0447\u0438\u0442\u0430\u043d\u043d\u044f\" \/>\n\t<meta name=\"twitter:data1\" content=\"1 \u0445\u0432\u0438\u043b\u0438\u043d\u0430\" \/>\n<script type=\"application\/ld+json\" class=\"yoast-schema-graph\">{\"@context\":\"https:\\\/\\\/schema.org\",\"@graph\":[{\"@type\":\"NewsArticle\",\"@id\":\"https:\\\/\\\/elmeistrai.lt\\\/kompiuteriu-remontas\\\/programinis-kompiuterio-modernizavimas-atnaujinimas\\\/#article\",\"isPartOf\":{\"@id\":\"https:\\\/\\\/elmeistrai.lt\\\/kompiuteriu-remontas\\\/programinis-kompiuterio-modernizavimas-atnaujinimas\\\/\"},\"author\":{\"name\":\"elMeistrai\",\"@id\":\"https:\\\/\\\/elmeistrai.lt\\\/#\\\/schema\\\/person\\\/6363b621eb9606785f7f2ae9a52987f7\"},\"headline\":\"Programinis kompiuterio modernizavimas &#8211; atnaujinimas\",\"datePublished\":\"2022-09-29T20:50:09+00:00\",\"dateModified\":\"2022-09-29T20:51:16+00:00\",\"mainEntityOfPage\":{\"@id\":\"https:\\\/\\\/elmeistrai.lt\\\/kompiuteriu-remontas\\\/programinis-kompiuterio-modernizavimas-atnaujinimas\\\/\"},\"wordCount\":185,\"publisher\":{\"@id\":\"https:\\\/\\\/elmeistrai.lt\\\/#organization\"},\"image\":{\"@id\":\"https:\\\/\\\/elmeistrai.lt\\\/kompiuteriu-remontas\\\/programinis-kompiuterio-modernizavimas-atnaujinimas\\\/#primaryimage\"},\"thumbnailUrl\":\"https:\\\/\\\/elmeistrai.lt\\\/wp-content\\\/uploads\\\/2022\\\/09\\\/kompiuterio-programu-atnaujinimas.jpg\",\"inLanguage\":\"uk\"},{\"@type\":[\"WebPage\",\"ItemPage\"],\"@id\":\"https:\\\/\\\/elmeistrai.lt\\\/kompiuteriu-remontas\\\/programinis-kompiuterio-modernizavimas-atnaujinimas\\\/\",\"url\":\"https:\\\/\\\/elmeistrai.lt\\\/kompiuteriu-remontas\\\/programinis-kompiuterio-modernizavimas-atnaujinimas\\\/\",\"name\":\"Programinis kompiuterio modernizavimas - atnaujinimas Vilniuje, Kaune, Klaip\u0117doje, \u0160iauliuose\",\"isPartOf\":{\"@id\":\"https:\\\/\\\/elmeistrai.lt\\\/#website\"},\"primaryImageOfPage\":{\"@id\":\"https:\\\/\\\/elmeistrai.lt\\\/kompiuteriu-remontas\\\/programinis-kompiuterio-modernizavimas-atnaujinimas\\\/#primaryimage\"},\"image\":{\"@id\":\"https:\\\/\\\/elmeistrai.lt\\\/kompiuteriu-remontas\\\/programinis-kompiuterio-modernizavimas-atnaujinimas\\\/#primaryimage\"},\"thumbnailUrl\":\"https:\\\/\\\/elmeistrai.lt\\\/wp-content\\\/uploads\\\/2022\\\/09\\\/kompiuterio-programu-atnaujinimas.jpg\",\"datePublished\":\"2022-09-29T20:50:09+00:00\",\"dateModified\":\"2022-09-29T20:51:16+00:00\",\"breadcrumb\":{\"@id\":\"https:\\\/\\\/elmeistrai.lt\\\/kompiuteriu-remontas\\\/programinis-kompiuterio-modernizavimas-atnaujinimas\\\/#breadcrumb\"},\"inLanguage\":\"uk\",\"potentialAction\":[{\"@type\":\"ReadAction\",\"target\":[\"https:\\\/\\\/elmeistrai.lt\\\/kompiuteriu-remontas\\\/programinis-kompiuterio-modernizavimas-atnaujinimas\\\/\"]}]},{\"@type\":\"ImageObject\",\"inLanguage\":\"uk\",\"@id\":\"https:\\\/\\\/elmeistrai.lt\\\/kompiuteriu-remontas\\\/programinis-kompiuterio-modernizavimas-atnaujinimas\\\/#primaryimage\",\"url\":\"https:\\\/\\\/elmeistrai.lt\\\/wp-content\\\/uploads\\\/2022\\\/09\\\/kompiuterio-programu-atnaujinimas.jpg\",\"contentUrl\":\"https:\\\/\\\/elmeistrai.lt\\\/wp-content\\\/uploads\\\/2022\\\/09\\\/kompiuterio-programu-atnaujinimas.jpg\"},{\"@type\":\"BreadcrumbList\",\"@id\":\"https:\\\/\\\/elmeistrai.lt\\\/kompiuteriu-remontas\\\/programinis-kompiuterio-modernizavimas-atnaujinimas\\\/#breadcrumb\",\"itemListElement\":[{\"@type\":\"ListItem\",\"position\":1,\"name\":\"Home\",\"item\":\"https:\\\/\\\/elmeistrai.lt\\\/\"},{\"@type\":\"ListItem\",\"position\":2,\"name\":\"Profesionalus kompiuteri\u0173 remontas Vilniuje, Kaune, Klaip\u0117doje ir \u0160iauliuose\",\"item\":\"https:\\\/\\\/elmeistrai.lt\\\/kompiuteriu-remontas\\\/\"},{\"@type\":\"ListItem\",\"position\":3,\"name\":\"Programinis kompiuterio modernizavimas &#8211; atnaujinimas\"}]},{\"@type\":\"WebSite\",\"@id\":\"https:\\\/\\\/elmeistrai.lt\\\/#website\",\"url\":\"https:\\\/\\\/elmeistrai.lt\\\/\",\"name\":\"Vilniuje, Kaune, Klaip\u0117doje, \u0160iauliuose\",\"description\":\"Nam\u0173 ir verslo elektronikos prietais\u0173 remontas. Kase\u010di\u0173 pildymas.\",\"publisher\":{\"@id\":\"https:\\\/\\\/elmeistrai.lt\\\/#organization\"},\"potentialAction\":[{\"@type\":\"SearchAction\",\"target\":{\"@type\":\"EntryPoint\",\"urlTemplate\":\"https:\\\/\\\/elmeistrai.lt\\\/?s={search_term_string}\"},\"query-input\":{\"@type\":\"PropertyValueSpecification\",\"valueRequired\":true,\"valueName\":\"search_term_string\"}}],\"inLanguage\":\"uk\"},{\"@type\":\"Organization\",\"@id\":\"https:\\\/\\\/elmeistrai.lt\\\/#organization\",\"name\":\"elMeistrai.lt\",\"alternateName\":\"Kavos aparat\u0173, paspirtuk\u0173, televizori\u0173, kompiuteri\u0173, telefon\u0173 ir kt. technikos remontas\",\"url\":\"https:\\\/\\\/elmeistrai.lt\\\/\",\"logo\":{\"@type\":\"ImageObject\",\"inLanguage\":\"uk\",\"@id\":\"https:\\\/\\\/elmeistrai.lt\\\/#\\\/schema\\\/logo\\\/image\\\/\",\"url\":\"https:\\\/\\\/elmeistrai.lt\\\/wp-content\\\/uploads\\\/2022\\\/09\\\/elmeistrai_logo.jpg\",\"contentUrl\":\"https:\\\/\\\/elmeistrai.lt\\\/wp-content\\\/uploads\\\/2022\\\/09\\\/elmeistrai_logo.jpg\",\"width\":556,\"height\":143,\"caption\":\"elMeistrai.lt\"},\"image\":{\"@id\":\"https:\\\/\\\/elmeistrai.lt\\\/#\\\/schema\\\/logo\\\/image\\\/\"},\"sameAs\":[\"https:\\\/\\\/www.facebook.com\\\/elmeistrai.lt\\\/\"]},{\"@type\":\"Person\",\"@id\":\"https:\\\/\\\/elmeistrai.lt\\\/#\\\/schema\\\/person\\\/6363b621eb9606785f7f2ae9a52987f7\",\"name\":\"elMeistrai\",\"image\":{\"@type\":\"ImageObject\",\"inLanguage\":\"uk\",\"@id\":\"https:\\\/\\\/secure.gravatar.com\\\/avatar\\\/052f2d9640381d6904c5c0676ac3cc3d7ad734def78df3657e571451cad9870d?s=96&d=mm&r=g\",\"url\":\"https:\\\/\\\/secure.gravatar.com\\\/avatar\\\/052f2d9640381d6904c5c0676ac3cc3d7ad734def78df3657e571451cad9870d?s=96&d=mm&r=g\",\"contentUrl\":\"https:\\\/\\\/secure.gravatar.com\\\/avatar\\\/052f2d9640381d6904c5c0676ac3cc3d7ad734def78df3657e571451cad9870d?s=96&d=mm&r=g\",\"caption\":\"elMeistrai\"},\"url\":\"https:\\\/\\\/elmeistrai.lt\\\/uk\\\/author\\\/yipkxe\\\/\"}]}<\/script>\n<!-- \/ Yoast SEO plugin. -->","yoast_head_json":{"title":"Programinis kompiuterio modernizavimas - atnaujinimas Vilniuje, Kaune, Klaip\u0117doje, \u0160iauliuose","robots":{"index":"index","follow":"follow","max-snippet":"max-snippet:-1","max-image-preview":"max-image-preview:large","max-video-preview":"max-video-preview:-1"},"canonical":"https:\/\/elmeistrai.lt\/uk\/kompiuteriu-remontas\/programinis-kompiuterio-modernizavimas-atnaujinimas\/","og_locale":"uk_UA","og_type":"article","og_title":"Programinis kompiuterio modernizavimas - atnaujinimas Vilniuje, Kaune, Klaip\u0117doje, \u0160iauliuose","og_description":"Programinio kompiuterio modernizavimo metu da\u017eniausiai yra atnaujinama operacin\u0117 sistema. Ta\u010diau atnaujinamos gali b\u016bti visos naudojamos programos, nuo antivirusin\u0117s iki darbo...","og_url":"https:\/\/elmeistrai.lt\/uk\/kompiuteriu-remontas\/programinis-kompiuterio-modernizavimas-atnaujinimas\/","og_site_name":"Vilniuje, Kaune, Klaip\u0117doje, \u0160iauliuose","article_publisher":"https:\/\/www.facebook.com\/elmeistrai.lt\/","article_modified_time":"2022-09-29T20:51:16+00:00","og_image":[{"url":"https:\/\/elmeistrai.lt\/wp-content\/uploads\/2022\/09\/kompiuterio-programu-atnaujinimas.jpg","type":"","width":"","height":""}],"twitter_card":"summary_large_image","twitter_misc":{"\u041f\u0440\u0438\u0431\u043b. \u0447\u0430\u0441 \u0447\u0438\u0442\u0430\u043d\u043d\u044f":"1 \u0445\u0432\u0438\u043b\u0438\u043d\u0430"},"schema":{"@context":"https:\/\/schema.org","@graph":[{"@type":"NewsArticle","@id":"https:\/\/elmeistrai.lt\/kompiuteriu-remontas\/programinis-kompiuterio-modernizavimas-atnaujinimas\/#article","isPartOf":{"@id":"https:\/\/elmeistrai.lt\/kompiuteriu-remontas\/programinis-kompiuterio-modernizavimas-atnaujinimas\/"},"author":{"name":"elMeistrai","@id":"https:\/\/elmeistrai.lt\/#\/schema\/person\/6363b621eb9606785f7f2ae9a52987f7"},"headline":"Programinis kompiuterio modernizavimas &#8211; atnaujinimas","datePublished":"2022-09-29T20:50:09+00:00","dateModified":"2022-09-29T20:51:16+00:00","mainEntityOfPage":{"@id":"https:\/\/elmeistrai.lt\/kompiuteriu-remontas\/programinis-kompiuterio-modernizavimas-atnaujinimas\/"},"wordCount":185,"publisher":{"@id":"https:\/\/elmeistrai.lt\/#organization"},"image":{"@id":"https:\/\/elmeistrai.lt\/kompiuteriu-remontas\/programinis-kompiuterio-modernizavimas-atnaujinimas\/#primaryimage"},"thumbnailUrl":"https:\/\/elmeistrai.lt\/wp-content\/uploads\/2022\/09\/kompiuterio-programu-atnaujinimas.jpg","inLanguage":"uk"},{"@type":["WebPage","ItemPage"],"@id":"https:\/\/elmeistrai.lt\/kompiuteriu-remontas\/programinis-kompiuterio-modernizavimas-atnaujinimas\/","url":"https:\/\/elmeistrai.lt\/kompiuteriu-remontas\/programinis-kompiuterio-modernizavimas-atnaujinimas\/","name":"Programinis kompiuterio modernizavimas - atnaujinimas Vilniuje, Kaune, Klaip\u0117doje, \u0160iauliuose","isPartOf":{"@id":"https:\/\/elmeistrai.lt\/#website"},"primaryImageOfPage":{"@id":"https:\/\/elmeistrai.lt\/kompiuteriu-remontas\/programinis-kompiuterio-modernizavimas-atnaujinimas\/#primaryimage"},"image":{"@id":"https:\/\/elmeistrai.lt\/kompiuteriu-remontas\/programinis-kompiuterio-modernizavimas-atnaujinimas\/#primaryimage"},"thumbnailUrl":"https:\/\/elmeistrai.lt\/wp-content\/uploads\/2022\/09\/kompiuterio-programu-atnaujinimas.jpg","datePublished":"2022-09-29T20:50:09+00:00","dateModified":"2022-09-29T20:51:16+00:00","breadcrumb":{"@id":"https:\/\/elmeistrai.lt\/kompiuteriu-remontas\/programinis-kompiuterio-modernizavimas-atnaujinimas\/#breadcrumb"},"inLanguage":"uk","potentialAction":[{"@type":"ReadAction","target":["https:\/\/elmeistrai.lt\/kompiuteriu-remontas\/programinis-kompiuterio-modernizavimas-atnaujinimas\/"]}]},{"@type":"ImageObject","inLanguage":"uk","@id":"https:\/\/elmeistrai.lt\/kompiuteriu-remontas\/programinis-kompiuterio-modernizavimas-atnaujinimas\/#primaryimage","url":"https:\/\/elmeistrai.lt\/wp-content\/uploads\/2022\/09\/kompiuterio-programu-atnaujinimas.jpg","contentUrl":"https:\/\/elmeistrai.lt\/wp-content\/uploads\/2022\/09\/kompiuterio-programu-atnaujinimas.jpg"},{"@type":"BreadcrumbList","@id":"https:\/\/elmeistrai.lt\/kompiuteriu-remontas\/programinis-kompiuterio-modernizavimas-atnaujinimas\/#breadcrumb","itemListElement":[{"@type":"ListItem","position":1,"name":"Home","item":"https:\/\/elmeistrai.lt\/"},{"@type":"ListItem","position":2,"name":"Profesionalus kompiuteri\u0173 remontas Vilniuje, Kaune, Klaip\u0117doje ir \u0160iauliuose","item":"https:\/\/elmeistrai.lt\/kompiuteriu-remontas\/"},{"@type":"ListItem","position":3,"name":"Programinis kompiuterio modernizavimas &#8211; atnaujinimas"}]},{"@type":"WebSite","@id":"https:\/\/elmeistrai.lt\/#website","url":"https:\/\/elmeistrai.lt\/","name":"\u0412\u0456\u043b\u044c\u043d\u044e\u0441, \u041a\u0430\u0443\u043d\u0430\u0441, \u041a\u043b\u0430\u0439\u043f\u0435\u0434\u0430, \u0428\u044f\u0443\u043b\u044f\u0439","description":"\u0420\u0435\u043c\u043e\u043d\u0442 \u0434\u043e\u043c\u0430\u0448\u043d\u044c\u043e\u0457 \u0442\u0430 \u043e\u0444\u0456\u0441\u043d\u043e\u0457 \u0435\u043b\u0435\u043a\u0442\u0440\u043e\u043d\u0456\u043a\u0438. \u0417\u0430\u043f\u0440\u0430\u0432\u043a\u0430 \u043a\u0430\u0440\u0442\u0440\u0438\u0434\u0436\u0456\u0432.","publisher":{"@id":"https:\/\/elmeistrai.lt\/#organization"},"potentialAction":[{"@type":"SearchAction","target":{"@type":"EntryPoint","urlTemplate":"https:\/\/elmeistrai.lt\/?s={search_term_string}"},"query-input":{"@type":"PropertyValueSpecification","valueRequired":true,"valueName":"search_term_string"}}],"inLanguage":"uk"},{"@type":"Organization","@id":"https:\/\/elmeistrai.lt\/#organization","name":"elMeistrai.lt","alternateName":"Kavos aparat\u0173, paspirtuk\u0173, televizori\u0173, kompiuteri\u0173, telefon\u0173 ir kt. technikos remontas","url":"https:\/\/elmeistrai.lt\/","logo":{"@type":"ImageObject","inLanguage":"uk","@id":"https:\/\/elmeistrai.lt\/#\/schema\/logo\/image\/","url":"https:\/\/elmeistrai.lt\/wp-content\/uploads\/2022\/09\/elmeistrai_logo.jpg","contentUrl":"https:\/\/elmeistrai.lt\/wp-content\/uploads\/2022\/09\/elmeistrai_logo.jpg","width":556,"height":143,"caption":"elMeistrai.lt"},"image":{"@id":"https:\/\/elmeistrai.lt\/#\/schema\/logo\/image\/"},"sameAs":["https:\/\/www.facebook.com\/elmeistrai.lt\/"]},{"@type":"Person","@id":"https:\/\/elmeistrai.lt\/#\/schema\/person\/6363b621eb9606785f7f2ae9a52987f7","name":"elMeistrai","image":{"@type":"ImageObject","inLanguage":"uk","@id":"https:\/\/secure.gravatar.com\/avatar\/052f2d9640381d6904c5c0676ac3cc3d7ad734def78df3657e571451cad9870d?s=96&d=mm&r=g","url":"https:\/\/secure.gravatar.com\/avatar\/052f2d9640381d6904c5c0676ac3cc3d7ad734def78df3657e571451cad9870d?s=96&d=mm&r=g","contentUrl":"https:\/\/secure.gravatar.com\/avatar\/052f2d9640381d6904c5c0676ac3cc3d7ad734def78df3657e571451cad9870d?s=96&d=mm&r=g","caption":"elMeistrai"},"url":"https:\/\/elmeistrai.lt\/uk\/author\/yipkxe\/"}]}},"uagb_featured_image_src":{"full":false,"thumbnail":false,"medium":false,"medium_large":false,"large":false,"1536x1536":false,"2048x2048":false,"trp-custom-language-flag":false,"writemag-1218w-autoh-image":false,"writemag-675w-autoh-image":false,"writemag-100w-100h-image":false},"uagb_author_info":{"display_name":"elMeistrai","author_link":"https:\/\/elmeistrai.lt\/uk\/author\/yipkxe\/"},"uagb_comment_info":0,"uagb_excerpt":"Programinio kompiuterio modernizavimo metu da\u017eniausiai yra atnaujinama operacin\u0117 sistema. Ta\u010diau atnaujinamos gali b\u016bti visos naudojamos programos, nuo antivirusin\u0117s iki darbo...","rttpg_featured_image_url":null,"rttpg_author":{"display_name":"elMeistrai","author_link":"https:\/\/elmeistrai.lt\/uk\/author\/yipkxe\/"},"rttpg_comment":0,"rttpg_category":null,"rttpg_excerpt":"Programinio kompiuterio modernizavimo metu da\u017eniausiai yra atnaujinama operacin\u0117 sistema. Ta\u010diau atnaujinamos gali b\u016bti visos naudojamos programos, nuo antivirusin\u0117s iki darbo...","_links":{"self":[{"href":"https:\/\/elmeistrai.lt\/uk\/wp-json\/wp\/v2\/pages\/1978","targetHints":{"allow":["GET"]}}],"collection":[{"href":"https:\/\/elmeistrai.lt\/uk\/wp-json\/wp\/v2\/pages"}],"about":[{"href":"https:\/\/elmeistrai.lt\/uk\/wp-json\/wp\/v2\/types\/page"}],"author":[{"embeddable":true,"href":"https:\/\/elmeistrai.lt\/uk\/wp-json\/wp\/v2\/users\/1"}],"replies":[{"embeddable":true,"href":"https:\/\/elmeistrai.lt\/uk\/wp-json\/wp\/v2\/comments?post=1978"}],"version-history":[{"count":2,"href":"https:\/\/elmeistrai.lt\/uk\/wp-json\/wp\/v2\/pages\/1978\/revisions"}],"predecessor-version":[{"id":1982,"href":"https:\/\/elmeistrai.lt\/uk\/wp-json\/wp\/v2\/pages\/1978\/revisions\/1982"}],"up":[{"embeddable":true,"href":"https:\/\/elmeistrai.lt\/uk\/wp-json\/wp\/v2\/pages\/14"}],"wp:attachment":[{"href":"https:\/\/elmeistrai.lt\/uk\/wp-json\/wp\/v2\/media?parent=1978"}],"curies":[{"name":"wp","href":"https:\/\/api.w.org\/{rel}","templated":true}]}}