{"id":1830,"date":"2022-09-28T19:06:21","date_gmt":"2022-09-28T21:06:21","guid":{"rendered":"https:\/\/elmeistrai.lt\/?page_id=1830"},"modified":"2023-03-09T18:38:02","modified_gmt":"2023-03-09T20:38:02","slug":"kompiuteriu-taisymo-kainorastis","status":"publish","type":"page","link":"https:\/\/elmeistrai.lt\/uk\/kompiuteriu-remontas\/kompiuteriu-taisymo-kainorastis\/","title":{"rendered":"\u041f\u0440\u0435\u0439\u0441\u043a\u0443\u0440\u0430\u043d\u0442 \u043d\u0430 \u0440\u0435\u043c\u043e\u043d\u0442 \u043a\u043e\u043c\u043f'\u044e\u0442\u0435\u0440\u0456\u0432"},"content":{"rendered":"<ul class=\"wp-block-list\">\n<li>\u0414\u0456\u0430\u0433\u043d\u043e\u0441\u0442\u0438\u043a\u0430 - <strong>5 \u0454\u0432\u0440\u043e<\/strong><\/li>\n\n\n\n<li>\u0420\u0435\u043c\u043e\u043d\u0442 \u043f\u0440\u043e\u0433\u0440\u0430\u043c\u043d\u043e\u0433\u043e \u0437\u0430\u0431\u0435\u0437\u043f\u0435\u0447\u0435\u043d\u043d\u044f (\u0432\u0456\u0434\u043d\u043e\u0432\u043b\u0435\u043d\u043d\u044f \u043e\u043f\u0435\u0440\u0430\u0446\u0456\u0439\u043d\u043e\u0457 \u0441\u0438\u0441\u0442\u0435\u043c\u0438, \u0432\u0438\u0434\u0430\u043b\u0435\u043d\u043d\u044f \u0432\u0456\u0440\u0443\u0441\u0456\u0432 \u0442\u043e\u0449\u043e) - <strong>\u0432\u0456\u0434 \u20ac20<\/strong><\/li>\n\n\n\n<li>\u0417\u0431\u0435\u0440\u0435\u0436\u0435\u043d\u043d\u044f \u0434\u0430\u043d\u0438\u0445 \u043f\u0456\u0434 \u0447\u0430\u0441 \u0440\u0435\u043c\u043e\u043d\u0442\u0443 \u043f\u0440\u043e\u0433\u0440\u0430\u043c\u043d\u043e\u0433\u043e \u0437\u0430\u0431\u0435\u0437\u043f\u0435\u0447\u0435\u043d\u043d\u044f - <strong>5 \u0454\u0432\u0440\u043e<\/strong><\/li>\n\n\n\n<li>\u042f\u043a\u0449\u043e \u0432\u0430\u043c \u043f\u043e\u0442\u0440\u0456\u0431\u043d\u043e \u0432\u0441\u0442\u0430\u043d\u043e\u0432\u0438\u0442\u0438 \u043e\u043f\u0435\u0440\u0430\u0446\u0456\u0439\u043d\u0443 \u0441\u0438\u0441\u0442\u0435\u043c\u0443 \u0437 \u043d\u0443\u043b\u044f \u043f\u0440\u0438 \u043f\u043e\u0448\u043a\u043e\u0434\u0436\u0435\u043d\u043e\u043c\u0443 \u0440\u043e\u0437\u0434\u0456\u043b\u0456 \u0432\u0456\u0434\u043d\u043e\u0432\u043b\u0435\u043d\u043d\u044f - \u0434\u043b\u044f \u0440\u043e\u0431\u043e\u0442\u0438 \u043f\u0440\u043e\u0433\u0440\u0430\u043c\u043d\u043e\u0433\u043e \u0437\u0430\u0431\u0435\u0437\u043f\u0435\u0447\u0435\u043d\u043d\u044f, \u043f\u043e\u0448\u0443\u043a\u0443 \u0434\u0440\u0430\u0439\u0432\u0435\u0440\u0456\u0432, \u0432\u0441\u0442\u0430\u043d\u043e\u0432\u043b\u0435\u043d\u043d\u044f \u0434\u043e\u0434\u0430\u0442\u043a\u043e\u0432\u0438\u0445 \u0431\u0435\u0437\u043a\u043e\u0448\u0442\u043e\u0432\u043d\u0438\u0445 \u0434\u043e\u0434\u0430\u0442\u043a\u0456\u0432 - <strong>5 \u0454\u0432\u0440\u043e<\/strong><\/li>\n\n\n\n<li>\u0412\u0438\u0434\u0430\u043b\u0435\u043d\u043d\u044f \u043f\u0438\u043b\u0443 \u0437 \u0441\u0438\u0441\u0442\u0435\u043c\u0438 \u043e\u0445\u043e\u043b\u043e\u0434\u0436\u0435\u043d\u043d\u044f \u0431\u0435\u0437 \u0437\u0430\u043c\u0456\u043d\u0438 \u0442\u0435\u0440\u043c\u043e\u043f\u0430\u0441\u0442 - <strong>\u0432\u0456\u0434 12 \u0454\u0432\u0440\u043e<\/strong><\/li>\n\n\n\n<li>\u0412\u0438\u0434\u0430\u043b\u0435\u043d\u043d\u044f \u043f\u0438\u043b\u0443 \u0437 \u0441\u0438\u0441\u0442\u0435\u043c\u0438 \u043e\u0445\u043e\u043b\u043e\u0434\u0436\u0435\u043d\u043d\u044f \u0442\u0430 \u0437\u0430\u043c\u0456\u043d\u0430 \u0442\u0435\u0440\u043c\u043e\u043f\u0430\u0441\u0442 - <strong>\u0432\u0456\u0434 \u20ac18<\/strong><\/li>\n\n\n\n<li>Apple <strong>\u0420\u0435\u043c\u043e\u043d\u0442 \u043a\u043e\u043c\u043f'\u044e\u0442\u0435\u0440\u0456\u0432 MacBook<\/strong> \u0420\u043e\u0431\u043e\u0442\u0438 - <strong>\u0432\u0456\u0434 12 \u0454\u0432\u0440\u043e<\/strong><\/li>\n\n\n\n<li>\u0417\u0430\u043c\u0456\u043d\u0430 \u0430\u0431\u043e \u0440\u0435\u043c\u043e\u043d\u0442 \u0440\u043e\u0437\u0435\u0442\u043a\u0438 - <strong>\u0432\u0456\u0434 \u20ac18<\/strong><\/li>\n\n\n\n<li>\u0417\u0430\u043c\u0456\u043d\u0430 \u0435\u043a\u0440\u0430\u043d\u0443 - <strong>\u0432\u0456\u0434 12 \u0454\u0432\u0440\u043e<\/strong><\/li>\n\n\n\n<li>\u0417\u0430\u043c\u0456\u043d\u0430 \u043f\u0435\u0442\u0435\u043b\u044c \u0430\u0431\u043e \u043a\u0440\u0456\u043f\u043b\u0435\u043d\u044c \u0435\u043a\u0440\u0430\u043d\u0443 - <strong>\u0432\u0456\u0434 \u20ac18<\/strong><\/li>\n\n\n\n<li>\u0417\u043c\u0456\u043d\u0430 \u043a\u043b\u0430\u0432\u0456\u0430\u0442\u0443\u0440\u0438 - <strong>\u0432\u0456\u0434 10 \u0454\u0432\u0440\u043e<\/strong><\/li>\n\n\n\n<li>\u0420\u0435\u043c\u043e\u043d\u0442 \u0430\u0431\u043e \u0437\u0430\u043c\u0456\u043d\u0430 \u043c\u0430\u0442\u0435\u0440\u0438\u043d\u0441\u044c\u043a\u043e\u0457 \u043f\u043b\u0430\u0442\u0438, \u043f\u0435\u0440\u0435\u043f\u0430\u0439\u043a\u0430 \u0432\u0456\u0434\u0435\u043e\u0447\u0456\u043f\u0456\u0432 - \u0440\u0435\u043c\u043e\u043d\u0442 \u0430\u0431\u043e \u0437\u0430\u043c\u0456\u043d\u0430 \u043c\u0430\u0442\u0435\u0440\u0438\u043d\u0441\u044c\u043a\u043e\u0457 \u043f\u043b\u0430\u0442\u0438, \u043f\u0435\u0440\u0435\u043f\u0430\u0439\u043a\u0430 \u0432\u0456\u0434\u0435\u043e\u0447\u0456\u043f\u0456\u0432. <strong>\u0432\u0456\u0434 \u20ac45<\/strong><\/li>\n\n\n\n<li>\u0412\u0456\u0434\u0440\u0435\u043c\u043e\u043d\u0442\u0443\u0439\u0442\u0435 \u0437\u043d\u043e\u0448\u0435\u043d\u0438\u0439 \u043a\u043e\u043c\u043f'\u044e\u0442\u0435\u0440 - <strong>\u0432\u0456\u0434 \u20ac25<\/strong><\/li>\n\n\n\n<li>\u0420\u0435\u043c\u043e\u043d\u0442 \u0437\u0430\u0440\u044f\u0434\u043d\u0438\u0445 \u043f\u0440\u0438\u0441\u0442\u0440\u043e\u0457\u0432 <strong>\u0432\u0456\u0434 12 \u0454\u0432\u0440\u043e<\/strong><\/li>\n\n\n\n<li>\u0412\u0438\u0434\u0430\u0447\u0430 \u0434\u0435\u0444\u0435\u043a\u0442\u043d\u043e\u0433\u043e \u0430\u043a\u0442\u0443 \u0434\u043b\u044f \u0441\u0442\u0440\u0430\u0445\u0443\u0432\u0430\u043d\u043d\u044f <strong>- 20 \u0454\u0432\u0440\u043e (\u043f\u043e\u043a\u0440\u0438\u0432\u0430\u0454\u0442\u044c\u0441\u044f \u0441\u0442\u0440\u0430\u0445\u043e\u0432\u043a\u043e\u044e)<\/strong><\/li>\n\n\n\n<li>\u041f\u0456\u0434\u0433\u043e\u0442\u043e\u0432\u043a\u0430 \u043a\u043e\u043c\u043f'\u044e\u0442\u0435\u0440\u0430 \u0434\u043b\u044f \u0432'\u044f\u0437\u043d\u0438\u0446\u0456 \u0442\u0430 \u0432\u0438\u0434\u0430\u0447\u0430 \u0430\u043a\u0442\u0443 \u0432\u0438\u043a\u043e\u043d\u0430\u043d\u0438\u0445 \u0440\u043e\u0431\u0456\u0442 <strong>\u0432\u0456\u0434 \u20ac25<\/strong><\/li>\n<\/ul>\n\n\n\n<p>\u0426\u0456\u043d\u0438 \u043d\u0435 \u0432\u043a\u043b\u044e\u0447\u0430\u044e\u0442\u044c \u0432\u0430\u0440\u0442\u0456\u0441\u0442\u044c \u0434\u0435\u0442\u0430\u043b\u0435\u0439, \u044f\u043a\u0456 \u0432\u0438\u0437\u043d\u0430\u0447\u0430\u044e\u0442\u044c\u0441\u044f \u043d\u0430 \u043b\u044c\u043e\u0442\u0443, \u043f\u0456\u0441\u043b\u044f \u0440\u043e\u0437\u0431\u0438\u0440\u0430\u043d\u043d\u044f \u043a\u043e\u043c\u043f'\u044e\u0442\u0435\u0440\u0430. \u041f\u0456\u0441\u043b\u044f \u0431\u0435\u0437\u043a\u043e\u0448\u0442\u043e\u0432\u043d\u043e\u0457 \u0434\u0456\u0430\u0433\u043d\u043e\u0441\u0442\u0438\u043a\u0438, \u044f\u043a\u0443 \u043c\u0438 \u043f\u0440\u043e\u0432\u043e\u0434\u0438\u043c\u043e \u043f\u0440\u043e\u0442\u044f\u0433\u043e\u043c 1 \u0434\u043d\u044f, \u043c\u0438 \u043d\u0430\u0434\u0430\u043c\u043e \u0432\u0430\u043c \u0441\u043f\u0438\u0441\u043e\u043a \u043d\u0435\u0441\u043f\u0440\u0430\u0432\u043d\u043e\u0441\u0442\u0435\u0439, \u0446\u0456\u043d\u0438 \u0442\u0430 \u0442\u0435\u0440\u043c\u0456\u043d\u0438. \u0420\u0435\u043c\u043e\u043d\u0442 \u0437\u0430\u0437\u0432\u0438\u0447\u0430\u0439 \u0437\u0430\u0439\u043c\u0430\u0454 1-4 \u0434\u043d\u0456.<\/p>","protected":false},"excerpt":{"rendered":"<p>\u0426\u0456\u043d\u0438 \u043d\u0435 \u0432\u043a\u043b\u044e\u0447\u0430\u044e\u0442\u044c \u0432\u0430\u0440\u0442\u0456\u0441\u0442\u044c \u0437\u0430\u043f\u0447\u0430\u0441\u0442\u0438\u043d, \u044f\u043a\u0456 \u0432\u0438\u0437\u043d\u0430\u0447\u0430\u044e\u0442\u044c\u0441\u044f \u043d\u0430 \u043b\u044c\u043e\u0442\u0443, \u043f\u0456\u0441\u043b\u044f \u0440\u043e\u0437\u0431\u0438\u0440\u0430\u043d\u043d\u044f \u043a\u043e\u043c\u043f'\u044e\u0442\u0435\u0440\u0430. \u041f\u0456\u0441\u043b\u044f \u0431\u0435\u0437\u043a\u043e\u0448\u0442\u043e\u0432\u043d\u043e\u0457 \u0434\u0456\u0430\u0433\u043d\u043e\u0441\u0442\u0438\u043a\u0438 \u043f\u0440\u043e\u0442\u044f\u0433\u043e\u043c 1 \u0434\u043d\u044f, \u043c\u0438 \u043d\u0430\u0434\u0430\u043c\u043e...<\/p>","protected":false},"author":1,"featured_media":0,"parent":14,"menu_order":0,"comment_status":"closed","ping_status":"closed","template":"","meta":{"_uag_custom_page_level_css":"","footnotes":""},"class_list":["post-1830","page","type-page","status-publish","hentry"],"yoast_head":"<!-- This site is optimized with the Yoast SEO plugin v27.5 - https:\/\/yoast.com\/product\/yoast-seo-wordpress\/ -->\n<title>Kompiuteri\u0173 taisymo kainora\u0161tis Vilniuje, Kaune, Klaip\u0117doje, \u0160iauliuose<\/title>\n<meta name=\"robots\" content=\"index, follow, max-snippet:-1, max-image-preview:large, max-video-preview:-1\" \/>\n<link rel=\"canonical\" href=\"https:\/\/elmeistrai.lt\/uk\/kompiuteriu-remontas\/kompiuteriu-taisymo-kainorastis\/\" \/>\n<meta property=\"og:locale\" content=\"uk_UA\" \/>\n<meta property=\"og:type\" content=\"article\" \/>\n<meta property=\"og:title\" content=\"Kompiuteri\u0173 taisymo kainora\u0161tis Vilniuje, Kaune, Klaip\u0117doje, \u0160iauliuose\" \/>\n<meta property=\"og:description\" content=\"\u012e kainas ne\u012fskai\u010diuotos detali\u0173 kainos, kurios yra nustatotomos eigoje, i\u0161ard\u017eius kompiuter\u012f. Po nemokamos diagnostikos, kuri\u0105 atliksime per 1 d.d., pateiksime...\" \/>\n<meta property=\"og:url\" content=\"https:\/\/elmeistrai.lt\/uk\/kompiuteriu-remontas\/kompiuteriu-taisymo-kainorastis\/\" \/>\n<meta property=\"og:site_name\" content=\"Vilniuje, Kaune, Klaip\u0117doje, \u0160iauliuose\" \/>\n<meta property=\"article:publisher\" content=\"https:\/\/www.facebook.com\/elmeistrai.lt\/\" \/>\n<meta property=\"article:modified_time\" content=\"2023-03-09T20:38:02+00:00\" \/>\n<meta name=\"twitter:card\" content=\"summary_large_image\" \/>\n<meta name=\"twitter:label1\" content=\"\u041f\u0440\u0438\u0431\u043b. \u0447\u0430\u0441 \u0447\u0438\u0442\u0430\u043d\u043d\u044f\" \/>\n\t<meta name=\"twitter:data1\" content=\"1 \u0445\u0432\u0438\u043b\u0438\u043d\u0430\" \/>\n<script type=\"application\/ld+json\" class=\"yoast-schema-graph\">{\"@context\":\"https:\\\/\\\/schema.org\",\"@graph\":[{\"@type\":\"NewsArticle\",\"@id\":\"https:\\\/\\\/elmeistrai.lt\\\/kompiuteriu-remontas\\\/kompiuteriu-taisymo-kainorastis\\\/#article\",\"isPartOf\":{\"@id\":\"https:\\\/\\\/elmeistrai.lt\\\/kompiuteriu-remontas\\\/kompiuteriu-taisymo-kainorastis\\\/\"},\"author\":{\"name\":\"elMeistrai\",\"@id\":\"https:\\\/\\\/elmeistrai.lt\\\/#\\\/schema\\\/person\\\/6363b621eb9606785f7f2ae9a52987f7\"},\"headline\":\"Kompiuteri\u0173 taisymo kainora\u0161tis\",\"datePublished\":\"2022-09-28T21:06:21+00:00\",\"dateModified\":\"2023-03-09T20:38:02+00:00\",\"mainEntityOfPage\":{\"@id\":\"https:\\\/\\\/elmeistrai.lt\\\/kompiuteriu-remontas\\\/kompiuteriu-taisymo-kainorastis\\\/\"},\"wordCount\":202,\"publisher\":{\"@id\":\"https:\\\/\\\/elmeistrai.lt\\\/#organization\"},\"inLanguage\":\"uk\"},{\"@type\":[\"WebPage\",\"ItemPage\"],\"@id\":\"https:\\\/\\\/elmeistrai.lt\\\/kompiuteriu-remontas\\\/kompiuteriu-taisymo-kainorastis\\\/\",\"url\":\"https:\\\/\\\/elmeistrai.lt\\\/kompiuteriu-remontas\\\/kompiuteriu-taisymo-kainorastis\\\/\",\"name\":\"Kompiuteri\u0173 taisymo kainora\u0161tis Vilniuje, Kaune, Klaip\u0117doje, \u0160iauliuose\",\"isPartOf\":{\"@id\":\"https:\\\/\\\/elmeistrai.lt\\\/#website\"},\"datePublished\":\"2022-09-28T21:06:21+00:00\",\"dateModified\":\"2023-03-09T20:38:02+00:00\",\"breadcrumb\":{\"@id\":\"https:\\\/\\\/elmeistrai.lt\\\/kompiuteriu-remontas\\\/kompiuteriu-taisymo-kainorastis\\\/#breadcrumb\"},\"inLanguage\":\"uk\",\"potentialAction\":[{\"@type\":\"ReadAction\",\"target\":[\"https:\\\/\\\/elmeistrai.lt\\\/kompiuteriu-remontas\\\/kompiuteriu-taisymo-kainorastis\\\/\"]}]},{\"@type\":\"BreadcrumbList\",\"@id\":\"https:\\\/\\\/elmeistrai.lt\\\/kompiuteriu-remontas\\\/kompiuteriu-taisymo-kainorastis\\\/#breadcrumb\",\"itemListElement\":[{\"@type\":\"ListItem\",\"position\":1,\"name\":\"Home\",\"item\":\"https:\\\/\\\/elmeistrai.lt\\\/\"},{\"@type\":\"ListItem\",\"position\":2,\"name\":\"Profesionalus kompiuteri\u0173 remontas Vilniuje, Kaune, Klaip\u0117doje ir \u0160iauliuose\",\"item\":\"https:\\\/\\\/elmeistrai.lt\\\/kompiuteriu-remontas\\\/\"},{\"@type\":\"ListItem\",\"position\":3,\"name\":\"Kompiuteri\u0173 taisymo kainora\u0161tis\"}]},{\"@type\":\"WebSite\",\"@id\":\"https:\\\/\\\/elmeistrai.lt\\\/#website\",\"url\":\"https:\\\/\\\/elmeistrai.lt\\\/\",\"name\":\"Vilniuje, Kaune, Klaip\u0117doje, \u0160iauliuose\",\"description\":\"Nam\u0173 ir verslo elektronikos prietais\u0173 remontas. Kase\u010di\u0173 pildymas.\",\"publisher\":{\"@id\":\"https:\\\/\\\/elmeistrai.lt\\\/#organization\"},\"potentialAction\":[{\"@type\":\"SearchAction\",\"target\":{\"@type\":\"EntryPoint\",\"urlTemplate\":\"https:\\\/\\\/elmeistrai.lt\\\/?s={search_term_string}\"},\"query-input\":{\"@type\":\"PropertyValueSpecification\",\"valueRequired\":true,\"valueName\":\"search_term_string\"}}],\"inLanguage\":\"uk\"},{\"@type\":\"Organization\",\"@id\":\"https:\\\/\\\/elmeistrai.lt\\\/#organization\",\"name\":\"elMeistrai.lt\",\"alternateName\":\"Kavos aparat\u0173, paspirtuk\u0173, televizori\u0173, kompiuteri\u0173, telefon\u0173 ir kt. technikos remontas\",\"url\":\"https:\\\/\\\/elmeistrai.lt\\\/\",\"logo\":{\"@type\":\"ImageObject\",\"inLanguage\":\"uk\",\"@id\":\"https:\\\/\\\/elmeistrai.lt\\\/#\\\/schema\\\/logo\\\/image\\\/\",\"url\":\"https:\\\/\\\/elmeistrai.lt\\\/wp-content\\\/uploads\\\/2022\\\/09\\\/elmeistrai_logo.jpg\",\"contentUrl\":\"https:\\\/\\\/elmeistrai.lt\\\/wp-content\\\/uploads\\\/2022\\\/09\\\/elmeistrai_logo.jpg\",\"width\":556,\"height\":143,\"caption\":\"elMeistrai.lt\"},\"image\":{\"@id\":\"https:\\\/\\\/elmeistrai.lt\\\/#\\\/schema\\\/logo\\\/image\\\/\"},\"sameAs\":[\"https:\\\/\\\/www.facebook.com\\\/elmeistrai.lt\\\/\"]},{\"@type\":\"Person\",\"@id\":\"https:\\\/\\\/elmeistrai.lt\\\/#\\\/schema\\\/person\\\/6363b621eb9606785f7f2ae9a52987f7\",\"name\":\"elMeistrai\",\"image\":{\"@type\":\"ImageObject\",\"inLanguage\":\"uk\",\"@id\":\"https:\\\/\\\/secure.gravatar.com\\\/avatar\\\/052f2d9640381d6904c5c0676ac3cc3d7ad734def78df3657e571451cad9870d?s=96&d=mm&r=g\",\"url\":\"https:\\\/\\\/secure.gravatar.com\\\/avatar\\\/052f2d9640381d6904c5c0676ac3cc3d7ad734def78df3657e571451cad9870d?s=96&d=mm&r=g\",\"contentUrl\":\"https:\\\/\\\/secure.gravatar.com\\\/avatar\\\/052f2d9640381d6904c5c0676ac3cc3d7ad734def78df3657e571451cad9870d?s=96&d=mm&r=g\",\"caption\":\"elMeistrai\"},\"url\":\"https:\\\/\\\/elmeistrai.lt\\\/uk\\\/author\\\/yipkxe\\\/\"}]}<\/script>\n<!-- \/ Yoast SEO plugin. -->","yoast_head_json":{"title":"Kompiuteri\u0173 taisymo kainora\u0161tis Vilniuje, Kaune, Klaip\u0117doje, \u0160iauliuose","robots":{"index":"index","follow":"follow","max-snippet":"max-snippet:-1","max-image-preview":"max-image-preview:large","max-video-preview":"max-video-preview:-1"},"canonical":"https:\/\/elmeistrai.lt\/uk\/kompiuteriu-remontas\/kompiuteriu-taisymo-kainorastis\/","og_locale":"uk_UA","og_type":"article","og_title":"Kompiuteri\u0173 taisymo kainora\u0161tis Vilniuje, Kaune, Klaip\u0117doje, \u0160iauliuose","og_description":"\u012e kainas ne\u012fskai\u010diuotos detali\u0173 kainos, kurios yra nustatotomos eigoje, i\u0161ard\u017eius kompiuter\u012f. Po nemokamos diagnostikos, kuri\u0105 atliksime per 1 d.d., pateiksime...","og_url":"https:\/\/elmeistrai.lt\/uk\/kompiuteriu-remontas\/kompiuteriu-taisymo-kainorastis\/","og_site_name":"Vilniuje, Kaune, Klaip\u0117doje, \u0160iauliuose","article_publisher":"https:\/\/www.facebook.com\/elmeistrai.lt\/","article_modified_time":"2023-03-09T20:38:02+00:00","twitter_card":"summary_large_image","twitter_misc":{"\u041f\u0440\u0438\u0431\u043b. \u0447\u0430\u0441 \u0447\u0438\u0442\u0430\u043d\u043d\u044f":"1 \u0445\u0432\u0438\u043b\u0438\u043d\u0430"},"schema":{"@context":"https:\/\/schema.org","@graph":[{"@type":"NewsArticle","@id":"https:\/\/elmeistrai.lt\/kompiuteriu-remontas\/kompiuteriu-taisymo-kainorastis\/#article","isPartOf":{"@id":"https:\/\/elmeistrai.lt\/kompiuteriu-remontas\/kompiuteriu-taisymo-kainorastis\/"},"author":{"name":"elMeistrai","@id":"https:\/\/elmeistrai.lt\/#\/schema\/person\/6363b621eb9606785f7f2ae9a52987f7"},"headline":"Kompiuteri\u0173 taisymo kainora\u0161tis","datePublished":"2022-09-28T21:06:21+00:00","dateModified":"2023-03-09T20:38:02+00:00","mainEntityOfPage":{"@id":"https:\/\/elmeistrai.lt\/kompiuteriu-remontas\/kompiuteriu-taisymo-kainorastis\/"},"wordCount":202,"publisher":{"@id":"https:\/\/elmeistrai.lt\/#organization"},"inLanguage":"uk"},{"@type":["WebPage","ItemPage"],"@id":"https:\/\/elmeistrai.lt\/kompiuteriu-remontas\/kompiuteriu-taisymo-kainorastis\/","url":"https:\/\/elmeistrai.lt\/kompiuteriu-remontas\/kompiuteriu-taisymo-kainorastis\/","name":"Kompiuteri\u0173 taisymo kainora\u0161tis Vilniuje, Kaune, Klaip\u0117doje, \u0160iauliuose","isPartOf":{"@id":"https:\/\/elmeistrai.lt\/#website"},"datePublished":"2022-09-28T21:06:21+00:00","dateModified":"2023-03-09T20:38:02+00:00","breadcrumb":{"@id":"https:\/\/elmeistrai.lt\/kompiuteriu-remontas\/kompiuteriu-taisymo-kainorastis\/#breadcrumb"},"inLanguage":"uk","potentialAction":[{"@type":"ReadAction","target":["https:\/\/elmeistrai.lt\/kompiuteriu-remontas\/kompiuteriu-taisymo-kainorastis\/"]}]},{"@type":"BreadcrumbList","@id":"https:\/\/elmeistrai.lt\/kompiuteriu-remontas\/kompiuteriu-taisymo-kainorastis\/#breadcrumb","itemListElement":[{"@type":"ListItem","position":1,"name":"Home","item":"https:\/\/elmeistrai.lt\/"},{"@type":"ListItem","position":2,"name":"Profesionalus kompiuteri\u0173 remontas Vilniuje, Kaune, Klaip\u0117doje ir \u0160iauliuose","item":"https:\/\/elmeistrai.lt\/kompiuteriu-remontas\/"},{"@type":"ListItem","position":3,"name":"Kompiuteri\u0173 taisymo kainora\u0161tis"}]},{"@type":"WebSite","@id":"https:\/\/elmeistrai.lt\/#website","url":"https:\/\/elmeistrai.lt\/","name":"\u0412\u0456\u043b\u044c\u043d\u044e\u0441, \u041a\u0430\u0443\u043d\u0430\u0441, \u041a\u043b\u0430\u0439\u043f\u0435\u0434\u0430, \u0428\u044f\u0443\u043b\u044f\u0439","description":"\u0420\u0435\u043c\u043e\u043d\u0442 \u0434\u043e\u043c\u0430\u0448\u043d\u044c\u043e\u0457 \u0442\u0430 \u043e\u0444\u0456\u0441\u043d\u043e\u0457 \u0435\u043b\u0435\u043a\u0442\u0440\u043e\u043d\u0456\u043a\u0438. \u0417\u0430\u043f\u0440\u0430\u0432\u043a\u0430 \u043a\u0430\u0440\u0442\u0440\u0438\u0434\u0436\u0456\u0432.","publisher":{"@id":"https:\/\/elmeistrai.lt\/#organization"},"potentialAction":[{"@type":"SearchAction","target":{"@type":"EntryPoint","urlTemplate":"https:\/\/elmeistrai.lt\/?s={search_term_string}"},"query-input":{"@type":"PropertyValueSpecification","valueRequired":true,"valueName":"search_term_string"}}],"inLanguage":"uk"},{"@type":"Organization","@id":"https:\/\/elmeistrai.lt\/#organization","name":"elMeistrai.lt","alternateName":"Kavos aparat\u0173, paspirtuk\u0173, televizori\u0173, kompiuteri\u0173, telefon\u0173 ir kt. technikos remontas","url":"https:\/\/elmeistrai.lt\/","logo":{"@type":"ImageObject","inLanguage":"uk","@id":"https:\/\/elmeistrai.lt\/#\/schema\/logo\/image\/","url":"https:\/\/elmeistrai.lt\/wp-content\/uploads\/2022\/09\/elmeistrai_logo.jpg","contentUrl":"https:\/\/elmeistrai.lt\/wp-content\/uploads\/2022\/09\/elmeistrai_logo.jpg","width":556,"height":143,"caption":"elMeistrai.lt"},"image":{"@id":"https:\/\/elmeistrai.lt\/#\/schema\/logo\/image\/"},"sameAs":["https:\/\/www.facebook.com\/elmeistrai.lt\/"]},{"@type":"Person","@id":"https:\/\/elmeistrai.lt\/#\/schema\/person\/6363b621eb9606785f7f2ae9a52987f7","name":"elMeistrai","image":{"@type":"ImageObject","inLanguage":"uk","@id":"https:\/\/secure.gravatar.com\/avatar\/052f2d9640381d6904c5c0676ac3cc3d7ad734def78df3657e571451cad9870d?s=96&d=mm&r=g","url":"https:\/\/secure.gravatar.com\/avatar\/052f2d9640381d6904c5c0676ac3cc3d7ad734def78df3657e571451cad9870d?s=96&d=mm&r=g","contentUrl":"https:\/\/secure.gravatar.com\/avatar\/052f2d9640381d6904c5c0676ac3cc3d7ad734def78df3657e571451cad9870d?s=96&d=mm&r=g","caption":"elMeistrai"},"url":"https:\/\/elmeistrai.lt\/uk\/author\/yipkxe\/"}]}},"uagb_featured_image_src":{"full":false,"thumbnail":false,"medium":false,"medium_large":false,"large":false,"1536x1536":false,"2048x2048":false,"trp-custom-language-flag":false,"writemag-1218w-autoh-image":false,"writemag-675w-autoh-image":false,"writemag-100w-100h-image":false},"uagb_author_info":{"display_name":"elMeistrai","author_link":"https:\/\/elmeistrai.lt\/uk\/author\/yipkxe\/"},"uagb_comment_info":0,"uagb_excerpt":"\u012e kainas ne\u012fskai\u010diuotos detali\u0173 kainos, kurios yra nustatotomos eigoje, i\u0161ard\u017eius kompiuter\u012f. Po nemokamos diagnostikos, kuri\u0105 atliksime per 1 d.d., pateiksime...","rttpg_featured_image_url":null,"rttpg_author":{"display_name":"elMeistrai","author_link":"https:\/\/elmeistrai.lt\/uk\/author\/yipkxe\/"},"rttpg_comment":0,"rttpg_category":null,"rttpg_excerpt":"\u012e kainas ne\u012fskai\u010diuotos detali\u0173 kainos, kurios yra nustatotomos eigoje, i\u0161ard\u017eius kompiuter\u012f. Po nemokamos diagnostikos, kuri\u0105 atliksime per 1 d.d., pateiksime...","_links":{"self":[{"href":"https:\/\/elmeistrai.lt\/uk\/wp-json\/wp\/v2\/pages\/1830","targetHints":{"allow":["GET"]}}],"collection":[{"href":"https:\/\/elmeistrai.lt\/uk\/wp-json\/wp\/v2\/pages"}],"about":[{"href":"https:\/\/elmeistrai.lt\/uk\/wp-json\/wp\/v2\/types\/page"}],"author":[{"embeddable":true,"href":"https:\/\/elmeistrai.lt\/uk\/wp-json\/wp\/v2\/users\/1"}],"replies":[{"embeddable":true,"href":"https:\/\/elmeistrai.lt\/uk\/wp-json\/wp\/v2\/comments?post=1830"}],"version-history":[{"count":5,"href":"https:\/\/elmeistrai.lt\/uk\/wp-json\/wp\/v2\/pages\/1830\/revisions"}],"predecessor-version":[{"id":2271,"href":"https:\/\/elmeistrai.lt\/uk\/wp-json\/wp\/v2\/pages\/1830\/revisions\/2271"}],"up":[{"embeddable":true,"href":"https:\/\/elmeistrai.lt\/uk\/wp-json\/wp\/v2\/pages\/14"}],"wp:attachment":[{"href":"https:\/\/elmeistrai.lt\/uk\/wp-json\/wp\/v2\/media?parent=1830"}],"curies":[{"name":"wp","href":"https:\/\/api.w.org\/{rel}","templated":true}]}}