{"id":63,"date":"2016-09-28T05:35:28","date_gmt":"2016-09-28T07:35:28","guid":{"rendered":"https:\/\/elmeistrai.lt\/?page_id=63"},"modified":"2025-12-22T19:21:48","modified_gmt":"2025-12-22T17:21:48","slug":"kontaktai","status":"publish","type":"page","link":"https:\/\/elmeistrai.lt\/ru\/kontaktai\/","title":{"rendered":"\u0421\u0432\u044f\u0437\u0430\u0442\u044c\u0441\u044f \u0441"},"content":{"rendered":"<b>\u0412\u0438\u043b\u044c\u043d\u044e\u0441, Kareivi\u0173 g. 11A (LT09109), \u0416\u0438\u0440\u043c\u0443\u043d\u0430\u0439<\/b><br>(\u043c\u044b \u043d\u0430\u0445\u043e\u0434\u0438\u043c\u0441\u044f \u0432 \u043d\u043e\u0432\u043e\u043c \u043c\u0430\u043b\u0435\u043d\u044c\u043a\u043e\u043c \"\u0420\u0438\u043c\u0438\" \u0440\u044f\u0434\u043e\u043c \u0441 \"\u041c\u0430\u043a\u0434\u043e\u043d\u0430\u043b\u044c\u0434\u0441\u043e\u043c\", \u0437\u0430\u0445\u043e\u0434\u0438\u043c \u0432 \u0441\u0430\u043c \u0441\u0443\u043f\u0435\u0440\u043c\u0430\u0440\u043a\u0435\u0442)<br><b>\u041e\u0442\u043a\u0440\u044b\u0442\u044c I-V 9-18<\/b><br>\u0422\u0435\u043b. <a href=\"tel:+37067974770\">+370 679 74770<\/a><br>Email: <a href=\"mailto:vilnius@elmeistrai.lt?Subject=Uzklausa\" target=\"_top\" rel=\"noopener noreferrer\">vilnius@elmeistrai.lt<\/a><br\/><br\/>\n\n<b>\u041a\u0430\u0443\u043d\u0430\u0441, Baltijos g. 58 (LT48221), \u0428\u0438\u043b\u0430\u0439\u043d\u044f\u0439<\/b><br>(\u043c\u044b \u043d\u0430\u0445\u043e\u0434\u0438\u043c\u0441\u044f \u0432 \u043d\u043e\u0432\u043e\u043c \"\u0420\u0438\u043c\u0438\", \u0432 \u0441\u0430\u043c\u043e\u043c \u0441\u0443\u043f\u0435\u0440\u043c\u0430\u0440\u043a\u0435\u0442\u0435)<br><b>\u041e\u0442\u043a\u0440\u044b\u0442\u044c I-V 9-18 <\/b><br>\u0422\u0435\u043b. <a href=\"tel:+37065695553\">+370 656 95553<\/a><br>Email: <a href=\"mailto:kaunas@elmeistrai.lt?Subject=Uzklausa\" target=\"_top\" rel=\"noopener noreferrer\">kaunas@elmeistrai.lt<\/a><br><br\/>\n\n<b>Klaip\u0117doje, Sausio 15-osios g. 13 (LT91136)<\/b><br>(prie Avitelos i\u0161kaba Taisykla7)<br><b>\u041e\u0442\u043a\u0440\u044b\u0442\u044c I-V 9-18<\/b><br>\u0422\u0435\u043b. <a href=\"tel:+37061777731\" onclick=\"gtag_report_conversion('tel:+37061777731'); call();\">+370 617 77731<\/a><br>Email: <a href=\"mailto:klaipeda@elmeistrai.lt?Subject=Uzklausa\" target=\"_top\" rel=\"noopener noreferrer\">klaipeda@elmeistrai.lt<\/a><br><br\/>\n\n<b>\u0428\u044f\u0443\u043b\u044f\u0439, \u0413\u0435\u0433\u0443\u0436\u044e \u0433. 30 (LT78346), \u041f\u041a \u0410\u0440\u0435\u043d\u0430 (\u0432\u044b\u0432\u0435\u0441\u043a\u0430 Taisykla7)<\/b><br>(\u0432\u0445\u043e\u0434 \u0431\u043b\u0438\u0436\u0435 \u0441\u043e \u0441\u0442\u043e\u0440\u043e\u043d\u044b \u0410\u043a\u0440\u043e\u043f\u043e\u043b\u044f, \u0432\u044b \u043d\u0430\u0439\u0434\u0435\u0442\u0435 \u043d\u0430\u0441 \u0440\u044f\u0434\u043e\u043c \u0441 JYSK)<br><b>\u041e\u0442\u043a\u0440\u044b\u0442\u044c I-V 9-18<\/b><br>\u0422\u0435\u043b. <a href=\"tel:+37065983704\" onclick=\"gtag_report_conversion('tel:+37065983704'); call();\">+370 659 83704<\/a><br>Email: <a href=\"mailto:siauliai@elmeistrai.lt?Subject=Uzklausa\" target=\"_top\" rel=\"noopener noreferrer\">siauliai@elmeistrai.lt<\/a><br>\n\n\n\n<p><\/p>","protected":false},"excerpt":{"rendered":"<p>Vilniuje, Kareivi\u0173 g. 11A (LT09109), \u017dirm\u016bnai(esame naujoje ma\u017eoje &#8222;Rimi&#8221; prie McDonald&#8217;s, u\u017eeiti \u012f pati prekybos centr\u0105)Dirbame I-V 9-18 valTel. +370&#8230;<\/p>","protected":false},"author":1,"featured_media":0,"parent":0,"menu_order":0,"comment_status":"closed","ping_status":"closed","template":"","meta":{"_uag_custom_page_level_css":"","footnotes":""},"class_list":["post-63","page","type-page","status-publish","hentry"],"yoast_head":"<!-- This site is optimized with the Yoast SEO plugin v27.3 - https:\/\/yoast.com\/product\/yoast-seo-wordpress\/ -->\n<title>Kontaktai Vilniuje, Kaune, Klaip\u0117doje, \u0160iauliuose<\/title>\n<meta name=\"description\" content=\"Ko gero #1 el. technikos remontas: Vilniuje tel. 8-679-74770, Kaune tel. 8-656-95553, Klaip\u0117doje tel. 8-615-47731\" \/>\n<meta name=\"robots\" content=\"index, follow, max-snippet:-1, max-image-preview:large, max-video-preview:-1\" \/>\n<link rel=\"canonical\" href=\"https:\/\/elmeistrai.lt\/ru\/kontaktai\/\" \/>\n<meta property=\"og:locale\" content=\"ru_RU\" \/>\n<meta property=\"og:type\" content=\"article\" \/>\n<meta property=\"og:title\" content=\"Kontaktai Vilniuje, Kaune, Klaip\u0117doje, \u0160iauliuose\" \/>\n<meta property=\"og:description\" content=\"Ko gero #1 el. technikos remontas: Vilniuje tel. 8-679-74770, Kaune tel. 8-656-95553, Klaip\u0117doje tel. 8-615-47731\" \/>\n<meta property=\"og:url\" content=\"https:\/\/elmeistrai.lt\/ru\/kontaktai\/\" \/>\n<meta property=\"og:site_name\" content=\"Vilniuje, Kaune, Klaip\u0117doje, \u0160iauliuose\" \/>\n<meta property=\"article:publisher\" content=\"https:\/\/www.facebook.com\/elmeistrai.lt\/\" \/>\n<meta property=\"article:modified_time\" content=\"2025-12-22T17:21:48+00:00\" \/>\n<meta name=\"twitter:card\" content=\"summary_large_image\" \/>\n<meta name=\"twitter:label1\" content=\"\u041f\u0440\u0438\u043c\u0435\u0440\u043d\u043e\u0435 \u0432\u0440\u0435\u043c\u044f \u0434\u043b\u044f \u0447\u0442\u0435\u043d\u0438\u044f\" \/>\n\t<meta name=\"twitter:data1\" content=\"1 \u043c\u0438\u043d\u0443\u0442\u0430\" \/>\n<script type=\"application\/ld+json\" class=\"yoast-schema-graph\">{\"@context\":\"https:\\\/\\\/schema.org\",\"@graph\":[{\"@type\":\"NewsArticle\",\"@id\":\"https:\\\/\\\/elmeistrai.lt\\\/kontaktai\\\/#article\",\"isPartOf\":{\"@id\":\"https:\\\/\\\/elmeistrai.lt\\\/kontaktai\\\/\"},\"author\":{\"name\":\"elMeistrai\",\"@id\":\"https:\\\/\\\/elmeistrai.lt\\\/#\\\/schema\\\/person\\\/6363b621eb9606785f7f2ae9a52987f7\"},\"headline\":\"Kontaktai\",\"datePublished\":\"2016-09-28T07:35:28+00:00\",\"dateModified\":\"2025-12-22T17:21:48+00:00\",\"mainEntityOfPage\":{\"@id\":\"https:\\\/\\\/elmeistrai.lt\\\/kontaktai\\\/\"},\"wordCount\":101,\"publisher\":{\"@id\":\"https:\\\/\\\/elmeistrai.lt\\\/#organization\"},\"inLanguage\":\"ru-RU\"},{\"@type\":[\"WebPage\",\"ItemPage\"],\"@id\":\"https:\\\/\\\/elmeistrai.lt\\\/kontaktai\\\/\",\"url\":\"https:\\\/\\\/elmeistrai.lt\\\/kontaktai\\\/\",\"name\":\"Kontaktai Vilniuje, Kaune, Klaip\u0117doje, \u0160iauliuose\",\"isPartOf\":{\"@id\":\"https:\\\/\\\/elmeistrai.lt\\\/#website\"},\"datePublished\":\"2016-09-28T07:35:28+00:00\",\"dateModified\":\"2025-12-22T17:21:48+00:00\",\"description\":\"Ko gero #1 el. technikos remontas: Vilniuje tel. 8-679-74770, Kaune tel. 8-656-95553, Klaip\u0117doje tel. 8-615-47731\",\"breadcrumb\":{\"@id\":\"https:\\\/\\\/elmeistrai.lt\\\/kontaktai\\\/#breadcrumb\"},\"inLanguage\":\"ru-RU\",\"potentialAction\":[{\"@type\":\"ReadAction\",\"target\":[\"https:\\\/\\\/elmeistrai.lt\\\/kontaktai\\\/\"]}]},{\"@type\":\"BreadcrumbList\",\"@id\":\"https:\\\/\\\/elmeistrai.lt\\\/kontaktai\\\/#breadcrumb\",\"itemListElement\":[{\"@type\":\"ListItem\",\"position\":1,\"name\":\"Home\",\"item\":\"https:\\\/\\\/elmeistrai.lt\\\/\"},{\"@type\":\"ListItem\",\"position\":2,\"name\":\"Kontaktai\"}]},{\"@type\":\"WebSite\",\"@id\":\"https:\\\/\\\/elmeistrai.lt\\\/#website\",\"url\":\"https:\\\/\\\/elmeistrai.lt\\\/\",\"name\":\"Vilniuje, Kaune, Klaip\u0117doje, \u0160iauliuose\",\"description\":\"Nam\u0173 ir verslo elektronikos prietais\u0173 remontas. Kase\u010di\u0173 pildymas.\",\"publisher\":{\"@id\":\"https:\\\/\\\/elmeistrai.lt\\\/#organization\"},\"potentialAction\":[{\"@type\":\"SearchAction\",\"target\":{\"@type\":\"EntryPoint\",\"urlTemplate\":\"https:\\\/\\\/elmeistrai.lt\\\/?s={search_term_string}\"},\"query-input\":{\"@type\":\"PropertyValueSpecification\",\"valueRequired\":true,\"valueName\":\"search_term_string\"}}],\"inLanguage\":\"ru-RU\"},{\"@type\":\"Organization\",\"@id\":\"https:\\\/\\\/elmeistrai.lt\\\/#organization\",\"name\":\"elMeistrai.lt\",\"alternateName\":\"Kavos aparat\u0173, paspirtuk\u0173, televizori\u0173, kompiuteri\u0173, telefon\u0173 ir kt. technikos remontas\",\"url\":\"https:\\\/\\\/elmeistrai.lt\\\/\",\"logo\":{\"@type\":\"ImageObject\",\"inLanguage\":\"ru-RU\",\"@id\":\"https:\\\/\\\/elmeistrai.lt\\\/#\\\/schema\\\/logo\\\/image\\\/\",\"url\":\"https:\\\/\\\/elmeistrai.lt\\\/wp-content\\\/uploads\\\/2022\\\/09\\\/elmeistrai_logo.jpg\",\"contentUrl\":\"https:\\\/\\\/elmeistrai.lt\\\/wp-content\\\/uploads\\\/2022\\\/09\\\/elmeistrai_logo.jpg\",\"width\":556,\"height\":143,\"caption\":\"elMeistrai.lt\"},\"image\":{\"@id\":\"https:\\\/\\\/elmeistrai.lt\\\/#\\\/schema\\\/logo\\\/image\\\/\"},\"sameAs\":[\"https:\\\/\\\/www.facebook.com\\\/elmeistrai.lt\\\/\"]},{\"@type\":\"Person\",\"@id\":\"https:\\\/\\\/elmeistrai.lt\\\/#\\\/schema\\\/person\\\/6363b621eb9606785f7f2ae9a52987f7\",\"name\":\"elMeistrai\",\"image\":{\"@type\":\"ImageObject\",\"inLanguage\":\"ru-RU\",\"@id\":\"https:\\\/\\\/secure.gravatar.com\\\/avatar\\\/052f2d9640381d6904c5c0676ac3cc3d7ad734def78df3657e571451cad9870d?s=96&d=mm&r=g\",\"url\":\"https:\\\/\\\/secure.gravatar.com\\\/avatar\\\/052f2d9640381d6904c5c0676ac3cc3d7ad734def78df3657e571451cad9870d?s=96&d=mm&r=g\",\"contentUrl\":\"https:\\\/\\\/secure.gravatar.com\\\/avatar\\\/052f2d9640381d6904c5c0676ac3cc3d7ad734def78df3657e571451cad9870d?s=96&d=mm&r=g\",\"caption\":\"elMeistrai\"},\"url\":\"https:\\\/\\\/elmeistrai.lt\\\/ru\\\/author\\\/yipkxe\\\/\"}]}<\/script>\n<!-- \/ Yoast SEO plugin. -->","yoast_head_json":{"title":"\u041a\u043e\u043d\u0442\u0430\u043a\u0442\u044b \u0432 \u0412\u0438\u043b\u044c\u043d\u044e\u0441\u0435, \u041a\u0430\u0443\u043d\u0430\u0441\u0435, \u041a\u043b\u0430\u0439\u043f\u0435\u0434\u0435, \u0428\u044f\u0443\u043b\u044f\u0435","description":"\u0420\u0435\u043c\u043e\u043d\u0442 \u044d\u043b\u0435\u043a\u0442\u0440\u043e\u043d\u0438\u043a\u0438 #1 \u0432 \u0412\u0438\u043b\u044c\u043d\u044e\u0441\u0435 \u0442\u0435\u043b. 8-679-74770, \u0432 \u041a\u0430\u0443\u043d\u0430\u0441\u0435 \u0442\u0435\u043b. 8-656-95553, \u0432 \u041a\u043b\u0430\u0439\u043f\u0435\u0434\u0435 \u0442\u0435\u043b. 8-615-47731","robots":{"index":"index","follow":"follow","max-snippet":"max-snippet:-1","max-image-preview":"max-image-preview:large","max-video-preview":"max-video-preview:-1"},"canonical":"https:\/\/elmeistrai.lt\/ru\/kontaktai\/","og_locale":"ru_RU","og_type":"article","og_title":"Kontaktai Vilniuje, Kaune, Klaip\u0117doje, \u0160iauliuose","og_description":"Ko gero #1 el. technikos remontas: Vilniuje tel. 8-679-74770, Kaune tel. 8-656-95553, Klaip\u0117doje tel. 8-615-47731","og_url":"https:\/\/elmeistrai.lt\/ru\/kontaktai\/","og_site_name":"Vilniuje, Kaune, Klaip\u0117doje, \u0160iauliuose","article_publisher":"https:\/\/www.facebook.com\/elmeistrai.lt\/","article_modified_time":"2025-12-22T17:21:48+00:00","twitter_card":"summary_large_image","twitter_misc":{"\u041f\u0440\u0438\u043c\u0435\u0440\u043d\u043e\u0435 \u0432\u0440\u0435\u043c\u044f \u0434\u043b\u044f \u0447\u0442\u0435\u043d\u0438\u044f":"1 \u043c\u0438\u043d\u0443\u0442\u0430"},"schema":{"@context":"https:\/\/schema.org","@graph":[{"@type":"NewsArticle","@id":"https:\/\/elmeistrai.lt\/kontaktai\/#article","isPartOf":{"@id":"https:\/\/elmeistrai.lt\/kontaktai\/"},"author":{"name":"elMeistrai","@id":"https:\/\/elmeistrai.lt\/#\/schema\/person\/6363b621eb9606785f7f2ae9a52987f7"},"headline":"Kontaktai","datePublished":"2016-09-28T07:35:28+00:00","dateModified":"2025-12-22T17:21:48+00:00","mainEntityOfPage":{"@id":"https:\/\/elmeistrai.lt\/kontaktai\/"},"wordCount":101,"publisher":{"@id":"https:\/\/elmeistrai.lt\/#organization"},"inLanguage":"ru-RU"},{"@type":["WebPage","ItemPage"],"@id":"https:\/\/elmeistrai.lt\/kontaktai\/","url":"https:\/\/elmeistrai.lt\/kontaktai\/","name":"\u041a\u043e\u043d\u0442\u0430\u043a\u0442\u044b \u0432 \u0412\u0438\u043b\u044c\u043d\u044e\u0441\u0435, \u041a\u0430\u0443\u043d\u0430\u0441\u0435, \u041a\u043b\u0430\u0439\u043f\u0435\u0434\u0435, \u0428\u044f\u0443\u043b\u044f\u0435","isPartOf":{"@id":"https:\/\/elmeistrai.lt\/#website"},"datePublished":"2016-09-28T07:35:28+00:00","dateModified":"2025-12-22T17:21:48+00:00","description":"\u0420\u0435\u043c\u043e\u043d\u0442 \u044d\u043b\u0435\u043a\u0442\u0440\u043e\u043d\u0438\u043a\u0438 #1 \u0432 \u0412\u0438\u043b\u044c\u043d\u044e\u0441\u0435 \u0442\u0435\u043b. 8-679-74770, \u0432 \u041a\u0430\u0443\u043d\u0430\u0441\u0435 \u0442\u0435\u043b. 8-656-95553, \u0432 \u041a\u043b\u0430\u0439\u043f\u0435\u0434\u0435 \u0442\u0435\u043b. 8-615-47731","breadcrumb":{"@id":"https:\/\/elmeistrai.lt\/kontaktai\/#breadcrumb"},"inLanguage":"ru-RU","potentialAction":[{"@type":"ReadAction","target":["https:\/\/elmeistrai.lt\/kontaktai\/"]}]},{"@type":"BreadcrumbList","@id":"https:\/\/elmeistrai.lt\/kontaktai\/#breadcrumb","itemListElement":[{"@type":"ListItem","position":1,"name":"Home","item":"https:\/\/elmeistrai.lt\/"},{"@type":"ListItem","position":2,"name":"Kontaktai"}]},{"@type":"WebSite","@id":"https:\/\/elmeistrai.lt\/#website","url":"https:\/\/elmeistrai.lt\/","name":"\u0412\u0438\u043b\u044c\u043d\u044e\u0441, \u041a\u0430\u0443\u043d\u0430\u0441, \u041a\u043b\u0430\u0439\u043f\u0435\u0434\u0430, \u0428\u044f\u0443\u043b\u044f\u0439","description":"\u0420\u0435\u043c\u043e\u043d\u0442 \u0431\u044b\u0442\u043e\u0432\u043e\u0439 \u0438 \u043a\u043e\u043c\u043c\u0435\u0440\u0447\u0435\u0441\u043a\u043e\u0439 \u044d\u043b\u0435\u043a\u0442\u0440\u043e\u043d\u0438\u043a\u0438. \u0417\u0430\u043f\u0440\u0430\u0432\u043a\u0430 \u043a\u0430\u0440\u0442\u0440\u0438\u0434\u0436\u0435\u0439.","publisher":{"@id":"https:\/\/elmeistrai.lt\/#organization"},"potentialAction":[{"@type":"SearchAction","target":{"@type":"EntryPoint","urlTemplate":"https:\/\/elmeistrai.lt\/?s={search_term_string}"},"query-input":{"@type":"PropertyValueSpecification","valueRequired":true,"valueName":"search_term_string"}}],"inLanguage":"ru-RU"},{"@type":"Organization","@id":"https:\/\/elmeistrai.lt\/#organization","name":"elMeistrai.lt","alternateName":"Kavos aparat\u0173, paspirtuk\u0173, televizori\u0173, kompiuteri\u0173, telefon\u0173 ir kt. technikos remontas","url":"https:\/\/elmeistrai.lt\/","logo":{"@type":"ImageObject","inLanguage":"ru-RU","@id":"https:\/\/elmeistrai.lt\/#\/schema\/logo\/image\/","url":"https:\/\/elmeistrai.lt\/wp-content\/uploads\/2022\/09\/elmeistrai_logo.jpg","contentUrl":"https:\/\/elmeistrai.lt\/wp-content\/uploads\/2022\/09\/elmeistrai_logo.jpg","width":556,"height":143,"caption":"elMeistrai.lt"},"image":{"@id":"https:\/\/elmeistrai.lt\/#\/schema\/logo\/image\/"},"sameAs":["https:\/\/www.facebook.com\/elmeistrai.lt\/"]},{"@type":"Person","@id":"https:\/\/elmeistrai.lt\/#\/schema\/person\/6363b621eb9606785f7f2ae9a52987f7","name":"elMeistrai","image":{"@type":"ImageObject","inLanguage":"ru-RU","@id":"https:\/\/secure.gravatar.com\/avatar\/052f2d9640381d6904c5c0676ac3cc3d7ad734def78df3657e571451cad9870d?s=96&d=mm&r=g","url":"https:\/\/secure.gravatar.com\/avatar\/052f2d9640381d6904c5c0676ac3cc3d7ad734def78df3657e571451cad9870d?s=96&d=mm&r=g","contentUrl":"https:\/\/secure.gravatar.com\/avatar\/052f2d9640381d6904c5c0676ac3cc3d7ad734def78df3657e571451cad9870d?s=96&d=mm&r=g","caption":"elMeistrai"},"url":"https:\/\/elmeistrai.lt\/ru\/author\/yipkxe\/"}]}},"uagb_featured_image_src":{"full":false,"thumbnail":false,"medium":false,"medium_large":false,"large":false,"1536x1536":false,"2048x2048":false,"trp-custom-language-flag":false,"writemag-1218w-autoh-image":false,"writemag-675w-autoh-image":false,"writemag-100w-100h-image":false},"uagb_author_info":{"display_name":"elMeistrai","author_link":"https:\/\/elmeistrai.lt\/ru\/author\/yipkxe\/"},"uagb_comment_info":0,"uagb_excerpt":"Vilniuje, Kareivi\u0173 g. 11A (LT09109), \u017dirm\u016bnai(esame naujoje ma\u017eoje &#8222;Rimi&#8221; prie McDonald&#8217;s, u\u017eeiti \u012f pati prekybos centr\u0105)Dirbame I-V 9-18 valTel. +370...","rttpg_featured_image_url":null,"rttpg_author":{"display_name":"elMeistrai","author_link":"https:\/\/elmeistrai.lt\/ru\/author\/yipkxe\/"},"rttpg_comment":0,"rttpg_category":null,"rttpg_excerpt":"Vilniuje, Kareivi\u0173 g. 11A (LT09109), \u017dirm\u016bnai(esame naujoje ma\u017eoje &#8222;Rimi&#8221; prie McDonald&#8217;s, u\u017eeiti \u012f pati prekybos centr\u0105)Dirbame I-V 9-18 valTel. +370...","_links":{"self":[{"href":"https:\/\/elmeistrai.lt\/ru\/wp-json\/wp\/v2\/pages\/63","targetHints":{"allow":["GET"]}}],"collection":[{"href":"https:\/\/elmeistrai.lt\/ru\/wp-json\/wp\/v2\/pages"}],"about":[{"href":"https:\/\/elmeistrai.lt\/ru\/wp-json\/wp\/v2\/types\/page"}],"author":[{"embeddable":true,"href":"https:\/\/elmeistrai.lt\/ru\/wp-json\/wp\/v2\/users\/1"}],"replies":[{"embeddable":true,"href":"https:\/\/elmeistrai.lt\/ru\/wp-json\/wp\/v2\/comments?post=63"}],"version-history":[{"count":71,"href":"https:\/\/elmeistrai.lt\/ru\/wp-json\/wp\/v2\/pages\/63\/revisions"}],"predecessor-version":[{"id":6437,"href":"https:\/\/elmeistrai.lt\/ru\/wp-json\/wp\/v2\/pages\/63\/revisions\/6437"}],"wp:attachment":[{"href":"https:\/\/elmeistrai.lt\/ru\/wp-json\/wp\/v2\/media?parent=63"}],"curies":[{"name":"wp","href":"https:\/\/api.w.org\/{rel}","templated":true}]}}