{"id":2249,"date":"2023-03-09T11:17:03","date_gmt":"2023-03-09T13:17:03","guid":{"rendered":"https:\/\/elmeistrai.lt\/?page_id=2249"},"modified":"2023-03-26T11:20:36","modified_gmt":"2023-03-26T13:20:36","slug":"kompiuteriai","status":"publish","type":"page","link":"https:\/\/elmeistrai.lt\/ru\/kompiuteriu-remontas\/kompiuteriai\/","title":{"rendered":"\u041a\u043e\u043c\u043f\u044c\u044e\u0442\u0435\u0440\u044b"},"content":{"rendered":"<p>\u041d\u043e\u0432\u044b\u0435 \u0438 \u043f\u043e\u0434\u0435\u0440\u0436\u0430\u043d\u043d\u044b\u0435 \u043a\u043e\u043c\u043f\u044c\u044e\u0442\u0435\u0440\u044b \u043f\u043e \u043e\u0447\u0435\u043d\u044c \u0432\u044b\u0433\u043e\u0434\u043d\u044b\u043c \u0446\u0435\u043d\u0430\u043c. \u041d\u0430\u043f\u0440\u0438\u043c\u0435\u0440. <em>Elitebook 850 G7 i7 16gb 256gb Fhd Ips \u0433\u0430\u0440\u0430\u043d\u0442\u0438\u044f 12 \u043c\u0435\u0441\u044f\u0446\u0435\u0432<\/em> \u0432\u0441\u0435\u0433\u043e 560 \u0435\u0432\u0440\u043e (\u043e\u0431\u044b\u0447\u043d\u0430\u044f \u0446\u0435\u043d\u0430 900 \u0435\u0432\u0440\u043e). \u041f\u043e\u0441\u043c\u043e\u0442\u0440\u0435\u0442\u044c \u043f\u043e\u043b\u043d\u044b\u0439 \u0441\u043f\u0438\u0441\u043e\u043a \u043a\u043e\u043c\u043f\u044c\u044e\u0442\u0435\u0440\u043e\u0432 <a rel=\"noreferrer noopener\" href=\"https:\/\/www.skelbiu.lt\/skelbimai\/?autocompleted=1&amp;keywords=market7&amp;submit_bn=&amp;cities=0&amp;distance=0&amp;mainCity=0&amp;search=1&amp;category_id=0&amp;user_type=0&amp;ad_since_min=0&amp;ad_since_max=0&amp;visited_page=1&amp;orderBy=-1&amp;detailsSearch=0\" target=\"_blank\">\u0437\u0434\u0435\u0441\u044c<\/a><\/p>\n\n\n\n<ul class=\"wp-block-list\">\n<li>\u041d\u043e\u0443\u0442\u0431\u0443\u043a\u0438<\/li>\n\n\n\n<li>\u0421\u0442\u0430\u0446\u0438\u043e\u043d\u0430\u0440\u043d\u044b\u0435 \u043a\u043e\u043c\u043f\u044c\u044e\u0442\u0435\u0440\u044b<\/li>\n\n\n\n<li>\u041a\u043e\u043c\u043f\u044c\u044e\u0442\u0435\u0440\u044b Apple (MacBook \/ iMac)<\/li>\n\n\n\n<li>\u041f\u043b\u0430\u043d\u0448\u0435\u0442\u044b<\/li>\n<\/ul>\n\n\n\n<p>\n<\/p><li><strong>\u0412\u0438\u043b\u044c\u043d\u044e\u0441<\/strong>, Kareivi\u0173 g. 11A, \u0422\u0435\u043b. <a href=\"tel:+37067974770\" onclick=\"vln();\">8-679-74770<\/a><\/li>\n<li><strong>\u041a\u0430\u0443\u043d\u0430\u0441<\/strong>, Baltijos g. 58, \u0422\u0435\u043b. <a href=\"tel:+37065695553\" onclick=\"kns();\">8-656-95553<\/a><\/li>\n<li><strong>\u041a\u043b\u0430\u0439\u043f\u0435\u0434\u0430<\/strong>, \u0160ilut\u0117s pl. 68, \u0442\u0435\u043b. <a href=\"tel:+37061777731\" onclick=\"klp();\">8-617-77731<\/a><\/li>\n\n\n\n<figure class=\"wp-block-image size-full\"><img loading=\"lazy\" decoding=\"async\" width=\"640\" height=\"424\" src=\"https:\/\/elmeistrai.lt\/wp-content\/uploads\/2023\/03\/kompiuteris.jpg\" alt=\"\" class=\"wp-image-2251\" srcset=\"https:\/\/elmeistrai.lt\/wp-content\/uploads\/2023\/03\/kompiuteris.jpg 640w, https:\/\/elmeistrai.lt\/wp-content\/uploads\/2023\/03\/kompiuteris-300x199.jpg 300w\" sizes=\"auto, (max-width: 640px) 100vw, 640px\" \/><\/figure>\n\n\n\n<ul class=\"wp-block-list\">\n<li>\u0413\u043e\u0434\u044b \u043e\u043f\u044b\u0442\u0430 \u0440\u0430\u0431\u043e\u0442\u044b.<\/li>\n\n\n\n<li>\u0413\u0430\u0440\u0430\u043d\u0442\u0438\u0440\u043e\u0432\u0430\u043d\u043e.<\/li>\n\n\n\n<li>\u041f\u0440\u043e\u0444\u0435\u0441\u0441\u0438\u043e\u043d\u0430\u043b\u044b \u0432 \u043e\u0431\u043b\u0430\u0441\u0442\u0438 \u0441\u043e\u0432\u0440\u0435\u043c\u0435\u043d\u043d\u044b\u0445 \u0442\u0435\u0445\u043d\u043e\u043b\u043e\u0433\u0438\u0439.<\/li>\n\n\n\n<li>\u041d\u0435\u043f\u0440\u0435\u043e\u0434\u043e\u043b\u0438\u043c\u044b\u0445 \u043f\u0440\u043e\u0431\u043b\u0435\u043c \u043d\u0435 \u0441\u0443\u0449\u0435\u0441\u0442\u0432\u0443\u0435\u0442!<\/li>\n<\/ul>\n\n\n\n<p><\/p>","protected":false},"excerpt":{"rendered":"<p>\u041d\u043e\u0432\u044b\u0435 \u0438 \u043f\u043e\u0434\u0435\u0440\u0436\u0430\u043d\u043d\u044b\u0435 \u043a\u043e\u043c\u043f\u044c\u044e\u0442\u0435\u0440\u044b \u043f\u043e \u043e\u0447\u0435\u043d\u044c \u0432\u044b\u0433\u043e\u0434\u043d\u044b\u043c \u0446\u0435\u043d\u0430\u043c. \u041d\u0430\u043f\u0440\u0438\u043c\u0435\u0440, Elitebook 850 G7 i7 16gb 256gb Fhd Ips \u0433\u0430\u0440\u0430\u043d\u0442\u0438\u044f 12 \u043c\u0435\u0441\u044f\u0446\u0435\u0432...<\/p>","protected":false},"author":1,"featured_media":0,"parent":14,"menu_order":0,"comment_status":"closed","ping_status":"closed","template":"","meta":{"_uag_custom_page_level_css":"","footnotes":""},"class_list":["post-2249","page","type-page","status-publish","hentry"],"yoast_head":"<!-- This site is optimized with the Yoast SEO plugin v27.4 - https:\/\/yoast.com\/product\/yoast-seo-wordpress\/ -->\n<title>Kompiuteriai Vilniuje, Kaune, Klaip\u0117doje, \u0160iauliuose<\/title>\n<meta name=\"robots\" content=\"index, follow, max-snippet:-1, max-image-preview:large, max-video-preview:-1\" \/>\n<link rel=\"canonical\" href=\"https:\/\/elmeistrai.lt\/ru\/kompiuteriu-remontas\/kompiuteriai\/\" \/>\n<meta property=\"og:locale\" content=\"ru_RU\" \/>\n<meta property=\"og:type\" content=\"article\" \/>\n<meta property=\"og:title\" content=\"Kompiuteriai Vilniuje, Kaune, Klaip\u0117doje, \u0160iauliuose\" \/>\n<meta property=\"og:description\" content=\"Prekiaujama naujais ir naudotais kompiuteriais ypa\u010d geromis kainomis. Pvz. Elitebook 850 G7 i7 16gb 256gb Fhd Ips 12 m\u0117n garantija...\" \/>\n<meta property=\"og:url\" content=\"https:\/\/elmeistrai.lt\/ru\/kompiuteriu-remontas\/kompiuteriai\/\" \/>\n<meta property=\"og:site_name\" content=\"Vilniuje, Kaune, Klaip\u0117doje, \u0160iauliuose\" \/>\n<meta property=\"article:publisher\" content=\"https:\/\/www.facebook.com\/elmeistrai.lt\/\" \/>\n<meta property=\"article:modified_time\" content=\"2023-03-26T13:20:36+00:00\" \/>\n<meta property=\"og:image\" content=\"https:\/\/elmeistrai.lt\/wp-content\/uploads\/2023\/03\/kompiuteris.jpg\" \/>\n<meta name=\"twitter:card\" content=\"summary_large_image\" \/>\n<script type=\"application\/ld+json\" class=\"yoast-schema-graph\">{\"@context\":\"https:\\\/\\\/schema.org\",\"@graph\":[{\"@type\":\"NewsArticle\",\"@id\":\"https:\\\/\\\/elmeistrai.lt\\\/kompiuteriu-remontas\\\/kompiuteriai\\\/#article\",\"isPartOf\":{\"@id\":\"https:\\\/\\\/elmeistrai.lt\\\/kompiuteriu-remontas\\\/kompiuteriai\\\/\"},\"author\":{\"name\":\"elMeistrai\",\"@id\":\"https:\\\/\\\/elmeistrai.lt\\\/#\\\/schema\\\/person\\\/6363b621eb9606785f7f2ae9a52987f7\"},\"headline\":\"Kompiuteriai\",\"datePublished\":\"2023-03-09T13:17:03+00:00\",\"dateModified\":\"2023-03-26T13:20:36+00:00\",\"mainEntityOfPage\":{\"@id\":\"https:\\\/\\\/elmeistrai.lt\\\/kompiuteriu-remontas\\\/kompiuteriai\\\/\"},\"wordCount\":58,\"publisher\":{\"@id\":\"https:\\\/\\\/elmeistrai.lt\\\/#organization\"},\"image\":{\"@id\":\"https:\\\/\\\/elmeistrai.lt\\\/kompiuteriu-remontas\\\/kompiuteriai\\\/#primaryimage\"},\"thumbnailUrl\":\"https:\\\/\\\/elmeistrai.lt\\\/wp-content\\\/uploads\\\/2023\\\/03\\\/kompiuteris.jpg\",\"inLanguage\":\"ru-RU\"},{\"@type\":[\"WebPage\",\"ItemPage\"],\"@id\":\"https:\\\/\\\/elmeistrai.lt\\\/kompiuteriu-remontas\\\/kompiuteriai\\\/\",\"url\":\"https:\\\/\\\/elmeistrai.lt\\\/kompiuteriu-remontas\\\/kompiuteriai\\\/\",\"name\":\"Kompiuteriai Vilniuje, Kaune, Klaip\u0117doje, \u0160iauliuose\",\"isPartOf\":{\"@id\":\"https:\\\/\\\/elmeistrai.lt\\\/#website\"},\"primaryImageOfPage\":{\"@id\":\"https:\\\/\\\/elmeistrai.lt\\\/kompiuteriu-remontas\\\/kompiuteriai\\\/#primaryimage\"},\"image\":{\"@id\":\"https:\\\/\\\/elmeistrai.lt\\\/kompiuteriu-remontas\\\/kompiuteriai\\\/#primaryimage\"},\"thumbnailUrl\":\"https:\\\/\\\/elmeistrai.lt\\\/wp-content\\\/uploads\\\/2023\\\/03\\\/kompiuteris.jpg\",\"datePublished\":\"2023-03-09T13:17:03+00:00\",\"dateModified\":\"2023-03-26T13:20:36+00:00\",\"breadcrumb\":{\"@id\":\"https:\\\/\\\/elmeistrai.lt\\\/kompiuteriu-remontas\\\/kompiuteriai\\\/#breadcrumb\"},\"inLanguage\":\"ru-RU\",\"potentialAction\":[{\"@type\":\"ReadAction\",\"target\":[\"https:\\\/\\\/elmeistrai.lt\\\/kompiuteriu-remontas\\\/kompiuteriai\\\/\"]}]},{\"@type\":\"ImageObject\",\"inLanguage\":\"ru-RU\",\"@id\":\"https:\\\/\\\/elmeistrai.lt\\\/kompiuteriu-remontas\\\/kompiuteriai\\\/#primaryimage\",\"url\":\"https:\\\/\\\/elmeistrai.lt\\\/wp-content\\\/uploads\\\/2023\\\/03\\\/kompiuteris.jpg\",\"contentUrl\":\"https:\\\/\\\/elmeistrai.lt\\\/wp-content\\\/uploads\\\/2023\\\/03\\\/kompiuteris.jpg\"},{\"@type\":\"BreadcrumbList\",\"@id\":\"https:\\\/\\\/elmeistrai.lt\\\/kompiuteriu-remontas\\\/kompiuteriai\\\/#breadcrumb\",\"itemListElement\":[{\"@type\":\"ListItem\",\"position\":1,\"name\":\"Home\",\"item\":\"https:\\\/\\\/elmeistrai.lt\\\/\"},{\"@type\":\"ListItem\",\"position\":2,\"name\":\"Profesionalus kompiuteri\u0173 remontas Vilniuje, Kaune, Klaip\u0117doje ir \u0160iauliuose\",\"item\":\"https:\\\/\\\/elmeistrai.lt\\\/kompiuteriu-remontas\\\/\"},{\"@type\":\"ListItem\",\"position\":3,\"name\":\"Kompiuteriai\"}]},{\"@type\":\"WebSite\",\"@id\":\"https:\\\/\\\/elmeistrai.lt\\\/#website\",\"url\":\"https:\\\/\\\/elmeistrai.lt\\\/\",\"name\":\"Vilniuje, Kaune, Klaip\u0117doje, \u0160iauliuose\",\"description\":\"Nam\u0173 ir verslo elektronikos prietais\u0173 remontas. Kase\u010di\u0173 pildymas.\",\"publisher\":{\"@id\":\"https:\\\/\\\/elmeistrai.lt\\\/#organization\"},\"potentialAction\":[{\"@type\":\"SearchAction\",\"target\":{\"@type\":\"EntryPoint\",\"urlTemplate\":\"https:\\\/\\\/elmeistrai.lt\\\/?s={search_term_string}\"},\"query-input\":{\"@type\":\"PropertyValueSpecification\",\"valueRequired\":true,\"valueName\":\"search_term_string\"}}],\"inLanguage\":\"ru-RU\"},{\"@type\":\"Organization\",\"@id\":\"https:\\\/\\\/elmeistrai.lt\\\/#organization\",\"name\":\"elMeistrai.lt\",\"alternateName\":\"Kavos aparat\u0173, paspirtuk\u0173, televizori\u0173, kompiuteri\u0173, telefon\u0173 ir kt. technikos remontas\",\"url\":\"https:\\\/\\\/elmeistrai.lt\\\/\",\"logo\":{\"@type\":\"ImageObject\",\"inLanguage\":\"ru-RU\",\"@id\":\"https:\\\/\\\/elmeistrai.lt\\\/#\\\/schema\\\/logo\\\/image\\\/\",\"url\":\"https:\\\/\\\/elmeistrai.lt\\\/wp-content\\\/uploads\\\/2022\\\/09\\\/elmeistrai_logo.jpg\",\"contentUrl\":\"https:\\\/\\\/elmeistrai.lt\\\/wp-content\\\/uploads\\\/2022\\\/09\\\/elmeistrai_logo.jpg\",\"width\":556,\"height\":143,\"caption\":\"elMeistrai.lt\"},\"image\":{\"@id\":\"https:\\\/\\\/elmeistrai.lt\\\/#\\\/schema\\\/logo\\\/image\\\/\"},\"sameAs\":[\"https:\\\/\\\/www.facebook.com\\\/elmeistrai.lt\\\/\"]},{\"@type\":\"Person\",\"@id\":\"https:\\\/\\\/elmeistrai.lt\\\/#\\\/schema\\\/person\\\/6363b621eb9606785f7f2ae9a52987f7\",\"name\":\"elMeistrai\",\"image\":{\"@type\":\"ImageObject\",\"inLanguage\":\"ru-RU\",\"@id\":\"https:\\\/\\\/secure.gravatar.com\\\/avatar\\\/052f2d9640381d6904c5c0676ac3cc3d7ad734def78df3657e571451cad9870d?s=96&d=mm&r=g\",\"url\":\"https:\\\/\\\/secure.gravatar.com\\\/avatar\\\/052f2d9640381d6904c5c0676ac3cc3d7ad734def78df3657e571451cad9870d?s=96&d=mm&r=g\",\"contentUrl\":\"https:\\\/\\\/secure.gravatar.com\\\/avatar\\\/052f2d9640381d6904c5c0676ac3cc3d7ad734def78df3657e571451cad9870d?s=96&d=mm&r=g\",\"caption\":\"elMeistrai\"},\"url\":\"https:\\\/\\\/elmeistrai.lt\\\/ru\\\/author\\\/yipkxe\\\/\"}]}<\/script>\n<!-- \/ Yoast SEO plugin. -->","yoast_head_json":{"title":"Kompiuteriai Vilniuje, Kaune, Klaip\u0117doje, \u0160iauliuose","robots":{"index":"index","follow":"follow","max-snippet":"max-snippet:-1","max-image-preview":"max-image-preview:large","max-video-preview":"max-video-preview:-1"},"canonical":"https:\/\/elmeistrai.lt\/ru\/kompiuteriu-remontas\/kompiuteriai\/","og_locale":"ru_RU","og_type":"article","og_title":"Kompiuteriai Vilniuje, Kaune, Klaip\u0117doje, \u0160iauliuose","og_description":"Prekiaujama naujais ir naudotais kompiuteriais ypa\u010d geromis kainomis. Pvz. Elitebook 850 G7 i7 16gb 256gb Fhd Ips 12 m\u0117n garantija...","og_url":"https:\/\/elmeistrai.lt\/ru\/kompiuteriu-remontas\/kompiuteriai\/","og_site_name":"Vilniuje, Kaune, Klaip\u0117doje, \u0160iauliuose","article_publisher":"https:\/\/www.facebook.com\/elmeistrai.lt\/","article_modified_time":"2023-03-26T13:20:36+00:00","og_image":[{"url":"https:\/\/elmeistrai.lt\/wp-content\/uploads\/2023\/03\/kompiuteris.jpg","type":"","width":"","height":""}],"twitter_card":"summary_large_image","schema":{"@context":"https:\/\/schema.org","@graph":[{"@type":"NewsArticle","@id":"https:\/\/elmeistrai.lt\/kompiuteriu-remontas\/kompiuteriai\/#article","isPartOf":{"@id":"https:\/\/elmeistrai.lt\/kompiuteriu-remontas\/kompiuteriai\/"},"author":{"name":"elMeistrai","@id":"https:\/\/elmeistrai.lt\/#\/schema\/person\/6363b621eb9606785f7f2ae9a52987f7"},"headline":"Kompiuteriai","datePublished":"2023-03-09T13:17:03+00:00","dateModified":"2023-03-26T13:20:36+00:00","mainEntityOfPage":{"@id":"https:\/\/elmeistrai.lt\/kompiuteriu-remontas\/kompiuteriai\/"},"wordCount":58,"publisher":{"@id":"https:\/\/elmeistrai.lt\/#organization"},"image":{"@id":"https:\/\/elmeistrai.lt\/kompiuteriu-remontas\/kompiuteriai\/#primaryimage"},"thumbnailUrl":"https:\/\/elmeistrai.lt\/wp-content\/uploads\/2023\/03\/kompiuteris.jpg","inLanguage":"ru-RU"},{"@type":["WebPage","ItemPage"],"@id":"https:\/\/elmeistrai.lt\/kompiuteriu-remontas\/kompiuteriai\/","url":"https:\/\/elmeistrai.lt\/kompiuteriu-remontas\/kompiuteriai\/","name":"Kompiuteriai Vilniuje, Kaune, Klaip\u0117doje, \u0160iauliuose","isPartOf":{"@id":"https:\/\/elmeistrai.lt\/#website"},"primaryImageOfPage":{"@id":"https:\/\/elmeistrai.lt\/kompiuteriu-remontas\/kompiuteriai\/#primaryimage"},"image":{"@id":"https:\/\/elmeistrai.lt\/kompiuteriu-remontas\/kompiuteriai\/#primaryimage"},"thumbnailUrl":"https:\/\/elmeistrai.lt\/wp-content\/uploads\/2023\/03\/kompiuteris.jpg","datePublished":"2023-03-09T13:17:03+00:00","dateModified":"2023-03-26T13:20:36+00:00","breadcrumb":{"@id":"https:\/\/elmeistrai.lt\/kompiuteriu-remontas\/kompiuteriai\/#breadcrumb"},"inLanguage":"ru-RU","potentialAction":[{"@type":"ReadAction","target":["https:\/\/elmeistrai.lt\/kompiuteriu-remontas\/kompiuteriai\/"]}]},{"@type":"ImageObject","inLanguage":"ru-RU","@id":"https:\/\/elmeistrai.lt\/kompiuteriu-remontas\/kompiuteriai\/#primaryimage","url":"https:\/\/elmeistrai.lt\/wp-content\/uploads\/2023\/03\/kompiuteris.jpg","contentUrl":"https:\/\/elmeistrai.lt\/wp-content\/uploads\/2023\/03\/kompiuteris.jpg"},{"@type":"BreadcrumbList","@id":"https:\/\/elmeistrai.lt\/kompiuteriu-remontas\/kompiuteriai\/#breadcrumb","itemListElement":[{"@type":"ListItem","position":1,"name":"Home","item":"https:\/\/elmeistrai.lt\/"},{"@type":"ListItem","position":2,"name":"Profesionalus kompiuteri\u0173 remontas Vilniuje, Kaune, Klaip\u0117doje ir \u0160iauliuose","item":"https:\/\/elmeistrai.lt\/kompiuteriu-remontas\/"},{"@type":"ListItem","position":3,"name":"Kompiuteriai"}]},{"@type":"WebSite","@id":"https:\/\/elmeistrai.lt\/#website","url":"https:\/\/elmeistrai.lt\/","name":"\u0412\u0438\u043b\u044c\u043d\u044e\u0441, \u041a\u0430\u0443\u043d\u0430\u0441, \u041a\u043b\u0430\u0439\u043f\u0435\u0434\u0430, \u0428\u044f\u0443\u043b\u044f\u0439","description":"\u0420\u0435\u043c\u043e\u043d\u0442 \u0431\u044b\u0442\u043e\u0432\u043e\u0439 \u0438 \u043a\u043e\u043c\u043c\u0435\u0440\u0447\u0435\u0441\u043a\u043e\u0439 \u044d\u043b\u0435\u043a\u0442\u0440\u043e\u043d\u0438\u043a\u0438. \u0417\u0430\u043f\u0440\u0430\u0432\u043a\u0430 \u043a\u0430\u0440\u0442\u0440\u0438\u0434\u0436\u0435\u0439.","publisher":{"@id":"https:\/\/elmeistrai.lt\/#organization"},"potentialAction":[{"@type":"SearchAction","target":{"@type":"EntryPoint","urlTemplate":"https:\/\/elmeistrai.lt\/?s={search_term_string}"},"query-input":{"@type":"PropertyValueSpecification","valueRequired":true,"valueName":"search_term_string"}}],"inLanguage":"ru-RU"},{"@type":"Organization","@id":"https:\/\/elmeistrai.lt\/#organization","name":"elMeistrai.lt","alternateName":"Kavos aparat\u0173, paspirtuk\u0173, televizori\u0173, kompiuteri\u0173, telefon\u0173 ir kt. technikos remontas","url":"https:\/\/elmeistrai.lt\/","logo":{"@type":"ImageObject","inLanguage":"ru-RU","@id":"https:\/\/elmeistrai.lt\/#\/schema\/logo\/image\/","url":"https:\/\/elmeistrai.lt\/wp-content\/uploads\/2022\/09\/elmeistrai_logo.jpg","contentUrl":"https:\/\/elmeistrai.lt\/wp-content\/uploads\/2022\/09\/elmeistrai_logo.jpg","width":556,"height":143,"caption":"elMeistrai.lt"},"image":{"@id":"https:\/\/elmeistrai.lt\/#\/schema\/logo\/image\/"},"sameAs":["https:\/\/www.facebook.com\/elmeistrai.lt\/"]},{"@type":"Person","@id":"https:\/\/elmeistrai.lt\/#\/schema\/person\/6363b621eb9606785f7f2ae9a52987f7","name":"elMeistrai","image":{"@type":"ImageObject","inLanguage":"ru-RU","@id":"https:\/\/secure.gravatar.com\/avatar\/052f2d9640381d6904c5c0676ac3cc3d7ad734def78df3657e571451cad9870d?s=96&d=mm&r=g","url":"https:\/\/secure.gravatar.com\/avatar\/052f2d9640381d6904c5c0676ac3cc3d7ad734def78df3657e571451cad9870d?s=96&d=mm&r=g","contentUrl":"https:\/\/secure.gravatar.com\/avatar\/052f2d9640381d6904c5c0676ac3cc3d7ad734def78df3657e571451cad9870d?s=96&d=mm&r=g","caption":"elMeistrai"},"url":"https:\/\/elmeistrai.lt\/ru\/author\/yipkxe\/"}]}},"uagb_featured_image_src":{"full":false,"thumbnail":false,"medium":false,"medium_large":false,"large":false,"1536x1536":false,"2048x2048":false,"trp-custom-language-flag":false,"writemag-1218w-autoh-image":false,"writemag-675w-autoh-image":false,"writemag-100w-100h-image":false},"uagb_author_info":{"display_name":"elMeistrai","author_link":"https:\/\/elmeistrai.lt\/ru\/author\/yipkxe\/"},"uagb_comment_info":0,"uagb_excerpt":"Prekiaujama naujais ir naudotais kompiuteriais ypa\u010d geromis kainomis. Pvz. Elitebook 850 G7 i7 16gb 256gb Fhd Ips 12 m\u0117n garantija...","rttpg_featured_image_url":null,"rttpg_author":{"display_name":"elMeistrai","author_link":"https:\/\/elmeistrai.lt\/ru\/author\/yipkxe\/"},"rttpg_comment":0,"rttpg_category":null,"rttpg_excerpt":"Prekiaujama naujais ir naudotais kompiuteriais ypa\u010d geromis kainomis. Pvz. Elitebook 850 G7 i7 16gb 256gb Fhd Ips 12 m\u0117n garantija...","_links":{"self":[{"href":"https:\/\/elmeistrai.lt\/ru\/wp-json\/wp\/v2\/pages\/2249","targetHints":{"allow":["GET"]}}],"collection":[{"href":"https:\/\/elmeistrai.lt\/ru\/wp-json\/wp\/v2\/pages"}],"about":[{"href":"https:\/\/elmeistrai.lt\/ru\/wp-json\/wp\/v2\/types\/page"}],"author":[{"embeddable":true,"href":"https:\/\/elmeistrai.lt\/ru\/wp-json\/wp\/v2\/users\/1"}],"replies":[{"embeddable":true,"href":"https:\/\/elmeistrai.lt\/ru\/wp-json\/wp\/v2\/comments?post=2249"}],"version-history":[{"count":18,"href":"https:\/\/elmeistrai.lt\/ru\/wp-json\/wp\/v2\/pages\/2249\/revisions"}],"predecessor-version":[{"id":2412,"href":"https:\/\/elmeistrai.lt\/ru\/wp-json\/wp\/v2\/pages\/2249\/revisions\/2412"}],"up":[{"embeddable":true,"href":"https:\/\/elmeistrai.lt\/ru\/wp-json\/wp\/v2\/pages\/14"}],"wp:attachment":[{"href":"https:\/\/elmeistrai.lt\/ru\/wp-json\/wp\/v2\/media?parent=2249"}],"curies":[{"name":"wp","href":"https:\/\/api.w.org\/{rel}","templated":true}]}}