{"id":2196,"date":"2023-03-01T19:08:51","date_gmt":"2023-03-01T21:08:51","guid":{"rendered":"https:\/\/elmeistrai.lt\/?page_id=2196"},"modified":"2026-02-24T11:02:12","modified_gmt":"2026-02-24T09:02:12","slug":"televizoriu-remontas-vilniuje","status":"publish","type":"page","link":"https:\/\/elmeistrai.lt\/ru\/televizoriu-remontas\/televizoriu-remontas-vilniuje\/","title":{"rendered":"Profesionalus televizori\u0173 remontas Vilniuje"},"content":{"rendered":"<div class=\"wp-block-uagb-container uagb-block-65cb9d37 alignfull uagb-is-root-container\"><div class=\"uagb-container-inner-blocks-wrap\">\n<div class=\"wp-block-uagb-container uagb-block-32fb332c\">\n<p>Suprantame, kad kai televizorius nustoja veikti, jums reikia j\u012f sutvarkyti kuo grei\u010diau ir efektyviau, tod\u0117l teikiame profesionalias <strong>\u0420\u0435\u043c\u043e\u043d\u0442 \u0442\u0435\u043b\u0435\u0432\u0438\u0437\u043e\u0440\u043e\u0432 \u0432 \u0412\u0438\u043b\u044c\u043d\u044e\u0441\u0435 <\/strong>paslaugas. M\u016bs\u0173 patyrusi\u0173 technik\u0173 komanda yra tam, kad suteikt\u0173 nebrangias ir patikimas remonto paslaugas. Nesvarbu, kokio tipo ar modelio televizori\u0173 turite, m\u016bs\u0173 taisyklos specialistai gali diagnozuoti, pa\u0161alinti ir suremontuoti visas problemas. Mes galime greitai sugr\u0105\u017einti jus prie m\u0117gstam\u0173 laid\u0173 \u017ei\u016br\u0117jimo. M\u016bs\u0173 greitos, patikimos paslaugos ir konkurencingos kainos &#8211; geriausias pasirinkimas, prireikus televizoriaus remonto Vilniuje. Sugedo televizorius? Susisiekite su mumis dar \u0161iandien!<\/p>\n<\/div>\n\n\n\n<div class=\"wp-block-uagb-container uagb-block-dcf02660\">\n<figure class=\"wp-block-image size-full\"><img loading=\"lazy\" decoding=\"async\" width=\"612\" height=\"408\" src=\"https:\/\/elmeistrai.lt\/wp-content\/uploads\/2026\/02\/televizorius2.jpg\" alt=\"\" class=\"wp-image-8490\" srcset=\"https:\/\/elmeistrai.lt\/wp-content\/uploads\/2026\/02\/televizorius2.jpg 612w, https:\/\/elmeistrai.lt\/wp-content\/uploads\/2026\/02\/televizorius2-300x200.jpg 300w, https:\/\/elmeistrai.lt\/wp-content\/uploads\/2026\/02\/televizorius2-18x12.jpg 18w\" sizes=\"auto, (max-width: 612px) 100vw, 612px\" \/><\/figure>\n\n\n\n<ul class=\"wp-block-list\">\n<li><strong>\u0412\u0438\u043b\u044c\u043d\u044e\u0441<\/strong>&nbsp;\u2013 Kareivi\u0173 g. 11A \u201cRIMI\u201d&nbsp;<a href=\"tel:+37065577057\">+370-655-77057<\/a><\/li>\n<\/ul>\n<\/div>\n<\/div><\/div>\n\n\n\n<figure class=\"wp-block-image size-full is-resized\"><img loading=\"lazy\" decoding=\"async\" width=\"612\" height=\"408\" src=\"https:\/\/elmeistrai.lt\/wp-content\/uploads\/2026\/02\/repair-tv1.jpg\" alt=\"\" class=\"wp-image-8522\" style=\"width:558px;height:auto\" srcset=\"https:\/\/elmeistrai.lt\/wp-content\/uploads\/2026\/02\/repair-tv1.jpg 612w, https:\/\/elmeistrai.lt\/wp-content\/uploads\/2026\/02\/repair-tv1-300x200.jpg 300w, https:\/\/elmeistrai.lt\/wp-content\/uploads\/2026\/02\/repair-tv1-18x12.jpg 18w\" sizes=\"auto, (max-width: 612px) 100vw, 612px\" \/><\/figure>\n\n\n\n<p>Teikiame viso spektro televizori\u0173 remonto paslaugas, nesvarbu, kokio tipo gedim\u0105 turite, mes jums pad\u0117sime. M\u016bs\u0173 komand\u0105 sudaro patyr\u0119 technikai, kurie stengiasi teikti geriausias paslaugas. Dirbame greitai ir taikome konkurencingas kainas. Galime pad\u0117ti nustatyti pagrindin\u0119 problemos prie\u017east\u012f ir sudaryti remonto s\u0105mat\u0105, kad j\u016bs\u0173 televizorius v\u0117l b\u016bt\u0173 kaip naujas ir veikt\u0173 nepriekai\u0161tingai. Nesvarbu kokie gedimai, m\u016bs\u0173 ekspertai turi \u017eini\u0173 ir patirties, kad j\u0105 i\u0161 karto i\u0161spr\u0119st\u0173. D\u0117l vis\u0173 televizori\u0173 remonto poreiki\u0173 &#8211; kreipkit\u0117s \u012f &#8222;elMeistrai&#8221; televizori\u0173 taisykl\u0105 Vilniuje. Susisiekite su mumis \u0161iandien ir leiskite mums pasir\u016bpinti, kad j\u016bs\u0173 televizorius v\u0117l veikt\u0173.<\/p>","protected":false},"excerpt":{"rendered":"<p>Suprantame, kad kai televizorius nustoja veikti, jums reikia j\u012f sutvarkyti kuo grei\u010diau ir efektyviau, tod\u0117l teikiame profesionalias televizori\u0173 remonto Vilniuje&#8230;<\/p>","protected":false},"author":1,"featured_media":0,"parent":25,"menu_order":0,"comment_status":"closed","ping_status":"closed","template":"","meta":{"_uag_custom_page_level_css":"","footnotes":""},"class_list":["post-2196","page","type-page","status-publish","hentry"],"yoast_head":"<!-- This site is optimized with the Yoast SEO plugin v27.3 - https:\/\/yoast.com\/product\/yoast-seo-wordpress\/ -->\n<title>Profesionalus televizori\u0173 remontas Vilniuje<\/title>\n<meta name=\"description\" content=\"Profesionalus vis\u0173 tip\u0173 televizori\u0173 remontas Vilniuje - LED, OLED, LCD ir kit\u0173. Mus rasite Kareivi\u0173 g. 11A, tel. 8 (679) 74770\" \/>\n<meta name=\"robots\" content=\"index, follow, max-snippet:-1, max-image-preview:large, max-video-preview:-1\" \/>\n<link rel=\"canonical\" href=\"https:\/\/elmeistrai.lt\/ru\/televizoriu-remontas\/televizoriu-remontas-vilniuje\/\" \/>\n<meta property=\"og:locale\" content=\"ru_RU\" \/>\n<meta property=\"og:type\" content=\"article\" \/>\n<meta property=\"og:title\" content=\"Profesionalus televizori\u0173 remontas Vilniuje\" \/>\n<meta property=\"og:description\" content=\"Profesionalus vis\u0173 tip\u0173 televizori\u0173 remontas Vilniuje - LED, OLED, LCD ir kit\u0173. Mus rasite Kareivi\u0173 g. 11A, tel. 8 (679) 74770\" \/>\n<meta property=\"og:url\" content=\"https:\/\/elmeistrai.lt\/ru\/televizoriu-remontas\/televizoriu-remontas-vilniuje\/\" \/>\n<meta property=\"og:site_name\" content=\"Vilniuje, Kaune, Klaip\u0117doje, \u0160iauliuose\" \/>\n<meta property=\"article:publisher\" content=\"https:\/\/www.facebook.com\/elmeistrai.lt\/\" \/>\n<meta property=\"article:modified_time\" content=\"2026-02-24T09:02:12+00:00\" \/>\n<meta property=\"og:image\" content=\"https:\/\/elmeistrai.lt\/wp-content\/uploads\/2026\/02\/televizorius2.jpg\" \/>\n\t<meta property=\"og:image:width\" content=\"612\" \/>\n\t<meta property=\"og:image:height\" content=\"408\" \/>\n\t<meta property=\"og:image:type\" content=\"image\/jpeg\" \/>\n<meta name=\"twitter:card\" content=\"summary_large_image\" \/>\n<meta name=\"twitter:label1\" content=\"\u041f\u0440\u0438\u043c\u0435\u0440\u043d\u043e\u0435 \u0432\u0440\u0435\u043c\u044f \u0434\u043b\u044f \u0447\u0442\u0435\u043d\u0438\u044f\" \/>\n\t<meta name=\"twitter:data1\" content=\"2 \u043c\u0438\u043d\u0443\u0442\u044b\" \/>\n<script type=\"application\/ld+json\" class=\"yoast-schema-graph\">{\"@context\":\"https:\\\/\\\/schema.org\",\"@graph\":[{\"@type\":\"NewsArticle\",\"@id\":\"https:\\\/\\\/elmeistrai.lt\\\/televizoriu-remontas\\\/televizoriu-remontas-vilniuje\\\/#article\",\"isPartOf\":{\"@id\":\"https:\\\/\\\/elmeistrai.lt\\\/televizoriu-remontas\\\/televizoriu-remontas-vilniuje\\\/\"},\"author\":{\"name\":\"elMeistrai\",\"@id\":\"https:\\\/\\\/elmeistrai.lt\\\/#\\\/schema\\\/person\\\/6363b621eb9606785f7f2ae9a52987f7\"},\"headline\":\"Profesionalus televizori\u0173 remontas Vilniuje\",\"datePublished\":\"2023-03-01T21:08:51+00:00\",\"dateModified\":\"2026-02-24T09:02:12+00:00\",\"mainEntityOfPage\":{\"@id\":\"https:\\\/\\\/elmeistrai.lt\\\/televizoriu-remontas\\\/televizoriu-remontas-vilniuje\\\/\"},\"wordCount\":209,\"publisher\":{\"@id\":\"https:\\\/\\\/elmeistrai.lt\\\/#organization\"},\"image\":{\"@id\":\"https:\\\/\\\/elmeistrai.lt\\\/televizoriu-remontas\\\/televizoriu-remontas-vilniuje\\\/#primaryimage\"},\"thumbnailUrl\":\"https:\\\/\\\/elmeistrai.lt\\\/wp-content\\\/uploads\\\/2026\\\/02\\\/televizorius2.jpg\",\"inLanguage\":\"ru-RU\"},{\"@type\":[\"WebPage\",\"ItemPage\"],\"@id\":\"https:\\\/\\\/elmeistrai.lt\\\/televizoriu-remontas\\\/televizoriu-remontas-vilniuje\\\/\",\"url\":\"https:\\\/\\\/elmeistrai.lt\\\/televizoriu-remontas\\\/televizoriu-remontas-vilniuje\\\/\",\"name\":\"Profesionalus televizori\u0173 remontas Vilniuje\",\"isPartOf\":{\"@id\":\"https:\\\/\\\/elmeistrai.lt\\\/#website\"},\"primaryImageOfPage\":{\"@id\":\"https:\\\/\\\/elmeistrai.lt\\\/televizoriu-remontas\\\/televizoriu-remontas-vilniuje\\\/#primaryimage\"},\"image\":{\"@id\":\"https:\\\/\\\/elmeistrai.lt\\\/televizoriu-remontas\\\/televizoriu-remontas-vilniuje\\\/#primaryimage\"},\"thumbnailUrl\":\"https:\\\/\\\/elmeistrai.lt\\\/wp-content\\\/uploads\\\/2026\\\/02\\\/televizorius2.jpg\",\"datePublished\":\"2023-03-01T21:08:51+00:00\",\"dateModified\":\"2026-02-24T09:02:12+00:00\",\"description\":\"Profesionalus vis\u0173 tip\u0173 televizori\u0173 remontas Vilniuje - LED, OLED, LCD ir kit\u0173. Mus rasite Kareivi\u0173 g. 11A, tel. 8 (679) 74770\",\"breadcrumb\":{\"@id\":\"https:\\\/\\\/elmeistrai.lt\\\/televizoriu-remontas\\\/televizoriu-remontas-vilniuje\\\/#breadcrumb\"},\"inLanguage\":\"ru-RU\",\"potentialAction\":[{\"@type\":\"ReadAction\",\"target\":[\"https:\\\/\\\/elmeistrai.lt\\\/televizoriu-remontas\\\/televizoriu-remontas-vilniuje\\\/\"]}]},{\"@type\":\"ImageObject\",\"inLanguage\":\"ru-RU\",\"@id\":\"https:\\\/\\\/elmeistrai.lt\\\/televizoriu-remontas\\\/televizoriu-remontas-vilniuje\\\/#primaryimage\",\"url\":\"https:\\\/\\\/elmeistrai.lt\\\/wp-content\\\/uploads\\\/2026\\\/02\\\/televizorius2.jpg\",\"contentUrl\":\"https:\\\/\\\/elmeistrai.lt\\\/wp-content\\\/uploads\\\/2026\\\/02\\\/televizorius2.jpg\"},{\"@type\":\"BreadcrumbList\",\"@id\":\"https:\\\/\\\/elmeistrai.lt\\\/televizoriu-remontas\\\/televizoriu-remontas-vilniuje\\\/#breadcrumb\",\"itemListElement\":[{\"@type\":\"ListItem\",\"position\":1,\"name\":\"Home\",\"item\":\"https:\\\/\\\/elmeistrai.lt\\\/\"},{\"@type\":\"ListItem\",\"position\":2,\"name\":\"Profesionalus televizori\u0173 remontas Vilniuje, Kaune, Klaip\u0117doje ir \u0160iauliuose\",\"item\":\"https:\\\/\\\/elmeistrai.lt\\\/televizoriu-remontas\\\/\"},{\"@type\":\"ListItem\",\"position\":3,\"name\":\"Profesionalus televizori\u0173 remontas Vilniuje\"}]},{\"@type\":\"WebSite\",\"@id\":\"https:\\\/\\\/elmeistrai.lt\\\/#website\",\"url\":\"https:\\\/\\\/elmeistrai.lt\\\/\",\"name\":\"Vilniuje, Kaune, Klaip\u0117doje, \u0160iauliuose\",\"description\":\"Nam\u0173 ir verslo elektronikos prietais\u0173 remontas. Kase\u010di\u0173 pildymas.\",\"publisher\":{\"@id\":\"https:\\\/\\\/elmeistrai.lt\\\/#organization\"},\"potentialAction\":[{\"@type\":\"SearchAction\",\"target\":{\"@type\":\"EntryPoint\",\"urlTemplate\":\"https:\\\/\\\/elmeistrai.lt\\\/?s={search_term_string}\"},\"query-input\":{\"@type\":\"PropertyValueSpecification\",\"valueRequired\":true,\"valueName\":\"search_term_string\"}}],\"inLanguage\":\"ru-RU\"},{\"@type\":\"Organization\",\"@id\":\"https:\\\/\\\/elmeistrai.lt\\\/#organization\",\"name\":\"elMeistrai.lt\",\"alternateName\":\"Kavos aparat\u0173, paspirtuk\u0173, televizori\u0173, kompiuteri\u0173, telefon\u0173 ir kt. technikos remontas\",\"url\":\"https:\\\/\\\/elmeistrai.lt\\\/\",\"logo\":{\"@type\":\"ImageObject\",\"inLanguage\":\"ru-RU\",\"@id\":\"https:\\\/\\\/elmeistrai.lt\\\/#\\\/schema\\\/logo\\\/image\\\/\",\"url\":\"https:\\\/\\\/elmeistrai.lt\\\/wp-content\\\/uploads\\\/2022\\\/09\\\/elmeistrai_logo.jpg\",\"contentUrl\":\"https:\\\/\\\/elmeistrai.lt\\\/wp-content\\\/uploads\\\/2022\\\/09\\\/elmeistrai_logo.jpg\",\"width\":556,\"height\":143,\"caption\":\"elMeistrai.lt\"},\"image\":{\"@id\":\"https:\\\/\\\/elmeistrai.lt\\\/#\\\/schema\\\/logo\\\/image\\\/\"},\"sameAs\":[\"https:\\\/\\\/www.facebook.com\\\/elmeistrai.lt\\\/\"]},{\"@type\":\"Person\",\"@id\":\"https:\\\/\\\/elmeistrai.lt\\\/#\\\/schema\\\/person\\\/6363b621eb9606785f7f2ae9a52987f7\",\"name\":\"elMeistrai\",\"image\":{\"@type\":\"ImageObject\",\"inLanguage\":\"ru-RU\",\"@id\":\"https:\\\/\\\/secure.gravatar.com\\\/avatar\\\/052f2d9640381d6904c5c0676ac3cc3d7ad734def78df3657e571451cad9870d?s=96&d=mm&r=g\",\"url\":\"https:\\\/\\\/secure.gravatar.com\\\/avatar\\\/052f2d9640381d6904c5c0676ac3cc3d7ad734def78df3657e571451cad9870d?s=96&d=mm&r=g\",\"contentUrl\":\"https:\\\/\\\/secure.gravatar.com\\\/avatar\\\/052f2d9640381d6904c5c0676ac3cc3d7ad734def78df3657e571451cad9870d?s=96&d=mm&r=g\",\"caption\":\"elMeistrai\"},\"url\":\"https:\\\/\\\/elmeistrai.lt\\\/ru\\\/author\\\/yipkxe\\\/\"}]}<\/script>\n<!-- \/ Yoast SEO plugin. -->","yoast_head_json":{"title":"Profesionalus televizori\u0173 remontas Vilniuje","description":"\u041f\u0440\u043e\u0444\u0435\u0441\u0441\u0438\u043e\u043d\u0430\u043b\u044c\u043d\u044b\u0439 \u0440\u0435\u043c\u043e\u043d\u0442 \u0432\u0441\u0435\u0445 \u0442\u0438\u043f\u043e\u0432 \u0442\u0435\u043b\u0435\u0432\u0438\u0437\u043e\u0440\u043e\u0432 \u0432 \u0412\u0438\u043b\u044c\u043d\u044e\u0441\u0435 - LED, OLED, LCD \u0438 \u0434\u0440\u0443\u0433\u0438\u0445. \u0412\u044b \u043c\u043e\u0436\u0435\u0442\u0435 \u043d\u0430\u0439\u0442\u0438 \u043d\u0430\u0441 \u043f\u043e \u0430\u0434\u0440\u0435\u0441\u0443: Kareivi\u0173 g. 11A, \u0442\u0435\u043b. 8 (679) 74770","robots":{"index":"index","follow":"follow","max-snippet":"max-snippet:-1","max-image-preview":"max-image-preview:large","max-video-preview":"max-video-preview:-1"},"canonical":"https:\/\/elmeistrai.lt\/ru\/televizoriu-remontas\/televizoriu-remontas-vilniuje\/","og_locale":"ru_RU","og_type":"article","og_title":"Profesionalus televizori\u0173 remontas Vilniuje","og_description":"Profesionalus vis\u0173 tip\u0173 televizori\u0173 remontas Vilniuje - LED, OLED, LCD ir kit\u0173. Mus rasite Kareivi\u0173 g. 11A, tel. 8 (679) 74770","og_url":"https:\/\/elmeistrai.lt\/ru\/televizoriu-remontas\/televizoriu-remontas-vilniuje\/","og_site_name":"Vilniuje, Kaune, Klaip\u0117doje, \u0160iauliuose","article_publisher":"https:\/\/www.facebook.com\/elmeistrai.lt\/","article_modified_time":"2026-02-24T09:02:12+00:00","og_image":[{"width":612,"height":408,"url":"https:\/\/elmeistrai.lt\/wp-content\/uploads\/2026\/02\/televizorius2.jpg","type":"image\/jpeg"}],"twitter_card":"summary_large_image","twitter_misc":{"\u041f\u0440\u0438\u043c\u0435\u0440\u043d\u043e\u0435 \u0432\u0440\u0435\u043c\u044f \u0434\u043b\u044f \u0447\u0442\u0435\u043d\u0438\u044f":"2 \u043c\u0438\u043d\u0443\u0442\u044b"},"schema":{"@context":"https:\/\/schema.org","@graph":[{"@type":"NewsArticle","@id":"https:\/\/elmeistrai.lt\/televizoriu-remontas\/televizoriu-remontas-vilniuje\/#article","isPartOf":{"@id":"https:\/\/elmeistrai.lt\/televizoriu-remontas\/televizoriu-remontas-vilniuje\/"},"author":{"name":"elMeistrai","@id":"https:\/\/elmeistrai.lt\/#\/schema\/person\/6363b621eb9606785f7f2ae9a52987f7"},"headline":"Profesionalus televizori\u0173 remontas Vilniuje","datePublished":"2023-03-01T21:08:51+00:00","dateModified":"2026-02-24T09:02:12+00:00","mainEntityOfPage":{"@id":"https:\/\/elmeistrai.lt\/televizoriu-remontas\/televizoriu-remontas-vilniuje\/"},"wordCount":209,"publisher":{"@id":"https:\/\/elmeistrai.lt\/#organization"},"image":{"@id":"https:\/\/elmeistrai.lt\/televizoriu-remontas\/televizoriu-remontas-vilniuje\/#primaryimage"},"thumbnailUrl":"https:\/\/elmeistrai.lt\/wp-content\/uploads\/2026\/02\/televizorius2.jpg","inLanguage":"ru-RU"},{"@type":["WebPage","ItemPage"],"@id":"https:\/\/elmeistrai.lt\/televizoriu-remontas\/televizoriu-remontas-vilniuje\/","url":"https:\/\/elmeistrai.lt\/televizoriu-remontas\/televizoriu-remontas-vilniuje\/","name":"Profesionalus televizori\u0173 remontas Vilniuje","isPartOf":{"@id":"https:\/\/elmeistrai.lt\/#website"},"primaryImageOfPage":{"@id":"https:\/\/elmeistrai.lt\/televizoriu-remontas\/televizoriu-remontas-vilniuje\/#primaryimage"},"image":{"@id":"https:\/\/elmeistrai.lt\/televizoriu-remontas\/televizoriu-remontas-vilniuje\/#primaryimage"},"thumbnailUrl":"https:\/\/elmeistrai.lt\/wp-content\/uploads\/2026\/02\/televizorius2.jpg","datePublished":"2023-03-01T21:08:51+00:00","dateModified":"2026-02-24T09:02:12+00:00","description":"\u041f\u0440\u043e\u0444\u0435\u0441\u0441\u0438\u043e\u043d\u0430\u043b\u044c\u043d\u044b\u0439 \u0440\u0435\u043c\u043e\u043d\u0442 \u0432\u0441\u0435\u0445 \u0442\u0438\u043f\u043e\u0432 \u0442\u0435\u043b\u0435\u0432\u0438\u0437\u043e\u0440\u043e\u0432 \u0432 \u0412\u0438\u043b\u044c\u043d\u044e\u0441\u0435 - LED, OLED, LCD \u0438 \u0434\u0440\u0443\u0433\u0438\u0445. \u0412\u044b \u043c\u043e\u0436\u0435\u0442\u0435 \u043d\u0430\u0439\u0442\u0438 \u043d\u0430\u0441 \u043f\u043e \u0430\u0434\u0440\u0435\u0441\u0443: Kareivi\u0173 g. 11A, \u0442\u0435\u043b. 8 (679) 74770","breadcrumb":{"@id":"https:\/\/elmeistrai.lt\/televizoriu-remontas\/televizoriu-remontas-vilniuje\/#breadcrumb"},"inLanguage":"ru-RU","potentialAction":[{"@type":"ReadAction","target":["https:\/\/elmeistrai.lt\/televizoriu-remontas\/televizoriu-remontas-vilniuje\/"]}]},{"@type":"ImageObject","inLanguage":"ru-RU","@id":"https:\/\/elmeistrai.lt\/televizoriu-remontas\/televizoriu-remontas-vilniuje\/#primaryimage","url":"https:\/\/elmeistrai.lt\/wp-content\/uploads\/2026\/02\/televizorius2.jpg","contentUrl":"https:\/\/elmeistrai.lt\/wp-content\/uploads\/2026\/02\/televizorius2.jpg"},{"@type":"BreadcrumbList","@id":"https:\/\/elmeistrai.lt\/televizoriu-remontas\/televizoriu-remontas-vilniuje\/#breadcrumb","itemListElement":[{"@type":"ListItem","position":1,"name":"Home","item":"https:\/\/elmeistrai.lt\/"},{"@type":"ListItem","position":2,"name":"Profesionalus televizori\u0173 remontas Vilniuje, Kaune, Klaip\u0117doje ir \u0160iauliuose","item":"https:\/\/elmeistrai.lt\/televizoriu-remontas\/"},{"@type":"ListItem","position":3,"name":"Profesionalus televizori\u0173 remontas Vilniuje"}]},{"@type":"WebSite","@id":"https:\/\/elmeistrai.lt\/#website","url":"https:\/\/elmeistrai.lt\/","name":"\u0412\u0438\u043b\u044c\u043d\u044e\u0441, \u041a\u0430\u0443\u043d\u0430\u0441, \u041a\u043b\u0430\u0439\u043f\u0435\u0434\u0430, \u0428\u044f\u0443\u043b\u044f\u0439","description":"\u0420\u0435\u043c\u043e\u043d\u0442 \u0431\u044b\u0442\u043e\u0432\u043e\u0439 \u0438 \u043a\u043e\u043c\u043c\u0435\u0440\u0447\u0435\u0441\u043a\u043e\u0439 \u044d\u043b\u0435\u043a\u0442\u0440\u043e\u043d\u0438\u043a\u0438. \u0417\u0430\u043f\u0440\u0430\u0432\u043a\u0430 \u043a\u0430\u0440\u0442\u0440\u0438\u0434\u0436\u0435\u0439.","publisher":{"@id":"https:\/\/elmeistrai.lt\/#organization"},"potentialAction":[{"@type":"SearchAction","target":{"@type":"EntryPoint","urlTemplate":"https:\/\/elmeistrai.lt\/?s={search_term_string}"},"query-input":{"@type":"PropertyValueSpecification","valueRequired":true,"valueName":"search_term_string"}}],"inLanguage":"ru-RU"},{"@type":"Organization","@id":"https:\/\/elmeistrai.lt\/#organization","name":"elMeistrai.lt","alternateName":"Kavos aparat\u0173, paspirtuk\u0173, televizori\u0173, kompiuteri\u0173, telefon\u0173 ir kt. technikos remontas","url":"https:\/\/elmeistrai.lt\/","logo":{"@type":"ImageObject","inLanguage":"ru-RU","@id":"https:\/\/elmeistrai.lt\/#\/schema\/logo\/image\/","url":"https:\/\/elmeistrai.lt\/wp-content\/uploads\/2022\/09\/elmeistrai_logo.jpg","contentUrl":"https:\/\/elmeistrai.lt\/wp-content\/uploads\/2022\/09\/elmeistrai_logo.jpg","width":556,"height":143,"caption":"elMeistrai.lt"},"image":{"@id":"https:\/\/elmeistrai.lt\/#\/schema\/logo\/image\/"},"sameAs":["https:\/\/www.facebook.com\/elmeistrai.lt\/"]},{"@type":"Person","@id":"https:\/\/elmeistrai.lt\/#\/schema\/person\/6363b621eb9606785f7f2ae9a52987f7","name":"elMeistrai","image":{"@type":"ImageObject","inLanguage":"ru-RU","@id":"https:\/\/secure.gravatar.com\/avatar\/052f2d9640381d6904c5c0676ac3cc3d7ad734def78df3657e571451cad9870d?s=96&d=mm&r=g","url":"https:\/\/secure.gravatar.com\/avatar\/052f2d9640381d6904c5c0676ac3cc3d7ad734def78df3657e571451cad9870d?s=96&d=mm&r=g","contentUrl":"https:\/\/secure.gravatar.com\/avatar\/052f2d9640381d6904c5c0676ac3cc3d7ad734def78df3657e571451cad9870d?s=96&d=mm&r=g","caption":"elMeistrai"},"url":"https:\/\/elmeistrai.lt\/ru\/author\/yipkxe\/"}]}},"uagb_featured_image_src":{"full":false,"thumbnail":false,"medium":false,"medium_large":false,"large":false,"1536x1536":false,"2048x2048":false,"trp-custom-language-flag":false,"writemag-1218w-autoh-image":false,"writemag-675w-autoh-image":false,"writemag-100w-100h-image":false},"uagb_author_info":{"display_name":"elMeistrai","author_link":"https:\/\/elmeistrai.lt\/ru\/author\/yipkxe\/"},"uagb_comment_info":0,"uagb_excerpt":"Suprantame, kad kai televizorius nustoja veikti, jums reikia j\u012f sutvarkyti kuo grei\u010diau ir efektyviau, tod\u0117l teikiame profesionalias televizori\u0173 remonto Vilniuje...","rttpg_featured_image_url":null,"rttpg_author":{"display_name":"elMeistrai","author_link":"https:\/\/elmeistrai.lt\/ru\/author\/yipkxe\/"},"rttpg_comment":0,"rttpg_category":null,"rttpg_excerpt":"Suprantame, kad kai televizorius nustoja veikti, jums reikia j\u012f sutvarkyti kuo grei\u010diau ir efektyviau, tod\u0117l teikiame profesionalias televizori\u0173 remonto Vilniuje...","_links":{"self":[{"href":"https:\/\/elmeistrai.lt\/ru\/wp-json\/wp\/v2\/pages\/2196","targetHints":{"allow":["GET"]}}],"collection":[{"href":"https:\/\/elmeistrai.lt\/ru\/wp-json\/wp\/v2\/pages"}],"about":[{"href":"https:\/\/elmeistrai.lt\/ru\/wp-json\/wp\/v2\/types\/page"}],"author":[{"embeddable":true,"href":"https:\/\/elmeistrai.lt\/ru\/wp-json\/wp\/v2\/users\/1"}],"replies":[{"embeddable":true,"href":"https:\/\/elmeistrai.lt\/ru\/wp-json\/wp\/v2\/comments?post=2196"}],"version-history":[{"count":12,"href":"https:\/\/elmeistrai.lt\/ru\/wp-json\/wp\/v2\/pages\/2196\/revisions"}],"predecessor-version":[{"id":8856,"href":"https:\/\/elmeistrai.lt\/ru\/wp-json\/wp\/v2\/pages\/2196\/revisions\/8856"}],"up":[{"embeddable":true,"href":"https:\/\/elmeistrai.lt\/ru\/wp-json\/wp\/v2\/pages\/25"}],"wp:attachment":[{"href":"https:\/\/elmeistrai.lt\/ru\/wp-json\/wp\/v2\/media?parent=2196"}],"curies":[{"name":"wp","href":"https:\/\/api.w.org\/{rel}","templated":true}]}}