{"id":8717,"date":"2026-02-20T17:08:11","date_gmt":"2026-02-20T15:08:11","guid":{"rendered":"https:\/\/elmeistrai.lt\/?page_id=8717"},"modified":"2026-02-24T15:09:30","modified_gmt":"2026-02-24T13:09:30","slug":"profesionalus-kaseciu-pildymas-siauliuose","status":"publish","type":"page","link":"https:\/\/elmeistrai.lt\/pl\/profesionalus-kaseciu-pildymas-siauliuose\/","title":{"rendered":"Profesionalus kase\u010di\u0173 pildymas \u0160iauliuose"},"content":{"rendered":"<div class=\"wp-block-uagb-container uagb-block-bfe772bb alignfull uagb-is-root-container\"><div class=\"uagb-container-inner-blocks-wrap\">\n<div class=\"wp-block-uagb-container uagb-block-f1caca3b\">\n<p>Spausdintuvo kase\u010di\u0173 analogai \u0160iauliuose &#8222;elMeistrai&#8221;\u2013 tai modernus ir ekonomi\u0161kas pasirinkimas ie\u0161kantiems balanso tarp kainos ir kokyb\u0117s. \u0160ios suderinamos kaset\u0117s gaminamos taip, kad atitikt\u0173 konkre\u010di\u0173 spausdintuv\u0173 modeli\u0173 techninius reikalavimus, tod\u0117l u\u017etikrina stabil\u0173 darb\u0105 ir ai\u0161k\u0173, ry\u0161k\u0173 spausdinim\u0105 tiek tekstams, tiek grafikai.<br>Be ma\u017eesn\u0117s kainos, analogai da\u017enai pasi\u017eymi ir didesne puslapi\u0173 i\u0161eiga, tod\u0117l yra ypa\u010d naudingi biurams bei \u012fmon\u0117ms, kurios spausdina dideliais kiekiais. Pasirinkus patikim\u0105 tiek\u0117j\u0105 \u0160iauliuose, galima ne tik suma\u017einti i\u0161laidas, bet ir gauti profesionali\u0105 konsultacij\u0105, greit\u0105 aptarnavim\u0105 bei sprendimus, pritaikytus konkretiems spausdinimo poreikiams.<\/p>\n<\/div>\n\n\n\n<div class=\"wp-block-uagb-container uagb-block-75957adf\">\n<figure class=\"wp-block-image size-full\"><img loading=\"lazy\" decoding=\"async\" width=\"612\" height=\"408\" src=\"https:\/\/elmeistrai.lt\/wp-content\/uploads\/2026\/02\/toneris2.jpg\" alt=\"\" class=\"wp-image-8725\" srcset=\"https:\/\/elmeistrai.lt\/wp-content\/uploads\/2026\/02\/toneris2.jpg 612w, https:\/\/elmeistrai.lt\/wp-content\/uploads\/2026\/02\/toneris2-300x200.jpg 300w, https:\/\/elmeistrai.lt\/wp-content\/uploads\/2026\/02\/toneris2-18x12.jpg 18w\" sizes=\"auto, (max-width: 612px) 100vw, 612px\" \/><\/figure>\n\n\n\n<ul class=\"wp-block-list\">\n<li><strong>\u0160iauliuose<\/strong>&nbsp;\u2013 Gegu\u017ei\u0173 g. 30 \u201cArena\u201d&nbsp;<a href=\"tel:+37068229052\">+370-682-29052<\/a><\/li>\n<\/ul>\n<\/div>\n<\/div><\/div>\n\n\n\n<figure class=\"wp-block-image size-full\"><img loading=\"lazy\" decoding=\"async\" width=\"612\" height=\"333\" src=\"https:\/\/elmeistrai.lt\/wp-content\/uploads\/2026\/02\/toneris3.jpg\" alt=\"\" class=\"wp-image-8728\" srcset=\"https:\/\/elmeistrai.lt\/wp-content\/uploads\/2026\/02\/toneris3.jpg 612w, https:\/\/elmeistrai.lt\/wp-content\/uploads\/2026\/02\/toneris3-300x163.jpg 300w, https:\/\/elmeistrai.lt\/wp-content\/uploads\/2026\/02\/toneris3-18x10.jpg 18w\" sizes=\"auto, (max-width: 612px) 100vw, 612px\" \/><\/figure>\n\n\n\n<p>Renkantis kase\u010di\u0173 analogus, svarbiausia \u2013 kokyb\u0117, suderinamumas ir profesionalus aptarnavimas. Tinkamai parinkti sprendimai padeda optimizuoti spausdinimo i\u0161laidas, i\u0161vengti technini\u0173 nesklandum\u0173 ir u\u017etikrinti skland\u0173 darb\u0105 kasdien. Tai i\u0161mintingas pasirinkimas tiems, kurie vertina patikimum\u0105, efektyvum\u0105 ir ilgalaik\u0119 naud\u0105.<br><br><strong>B\u0119dzie nam niezmiernie mi\u0142o, je\u015bli zostaniesz naszym klientem.<\/strong><\/p>","protected":false},"excerpt":{"rendered":"<p>Spausdintuvo kase\u010di\u0173 analogai \u0160iauliuose &#8222;elMeistrai&#8221;\u2013 tai modernus ir ekonomi\u0161kas pasirinkimas ie\u0161kantiems balanso tarp kainos ir kokyb\u0117s. \u0160ios suderinamos kaset\u0117s gaminamos&#8230;<\/p>","protected":false},"author":1,"featured_media":0,"parent":0,"menu_order":0,"comment_status":"closed","ping_status":"closed","template":"","meta":{"_uag_custom_page_level_css":"","footnotes":""},"class_list":["post-8717","page","type-page","status-publish","hentry"],"yoast_head":"<!-- This site is optimized with the Yoast SEO plugin v27.4 - https:\/\/yoast.com\/product\/yoast-seo-wordpress\/ -->\n<title>Profesionalus kase\u010di\u0173 pildymas \u0160iauliuose Vilniuje, Kaune, Klaip\u0117doje, \u0160iauliuose<\/title>\n<meta name=\"robots\" content=\"index, follow, max-snippet:-1, max-image-preview:large, max-video-preview:-1\" \/>\n<link rel=\"canonical\" href=\"https:\/\/elmeistrai.lt\/pl\/profesionalus-kaseciu-pildymas-siauliuose\/\" \/>\n<meta property=\"og:locale\" content=\"pl_PL\" \/>\n<meta property=\"og:type\" content=\"article\" \/>\n<meta property=\"og:title\" content=\"Profesionalus kase\u010di\u0173 pildymas \u0160iauliuose Vilniuje, Kaune, Klaip\u0117doje, \u0160iauliuose\" \/>\n<meta property=\"og:description\" content=\"Spausdintuvo kase\u010di\u0173 analogai \u0160iauliuose &#8222;elMeistrai&#8221;\u2013 tai modernus ir ekonomi\u0161kas pasirinkimas ie\u0161kantiems balanso tarp kainos ir kokyb\u0117s. \u0160ios suderinamos kaset\u0117s gaminamos...\" \/>\n<meta property=\"og:url\" content=\"https:\/\/elmeistrai.lt\/pl\/profesionalus-kaseciu-pildymas-siauliuose\/\" \/>\n<meta property=\"og:site_name\" content=\"Vilniuje, Kaune, Klaip\u0117doje, \u0160iauliuose\" \/>\n<meta property=\"article:publisher\" content=\"https:\/\/www.facebook.com\/elmeistrai.lt\/\" \/>\n<meta property=\"article:modified_time\" content=\"2026-02-24T13:09:30+00:00\" \/>\n<meta property=\"og:image\" content=\"https:\/\/elmeistrai.lt\/wp-content\/uploads\/2026\/02\/toneris2.jpg\" \/>\n\t<meta property=\"og:image:width\" content=\"612\" \/>\n\t<meta property=\"og:image:height\" content=\"408\" \/>\n\t<meta property=\"og:image:type\" content=\"image\/jpeg\" \/>\n<meta name=\"twitter:card\" content=\"summary_large_image\" \/>\n<meta name=\"twitter:label1\" content=\"Szacowany czas czytania\" \/>\n\t<meta name=\"twitter:data1\" content=\"2 minuty\" \/>\n<script type=\"application\/ld+json\" class=\"yoast-schema-graph\">{\"@context\":\"https:\\\/\\\/schema.org\",\"@graph\":[{\"@type\":\"NewsArticle\",\"@id\":\"https:\\\/\\\/elmeistrai.lt\\\/profesionalus-kaseciu-pildymas-siauliuose\\\/#article\",\"isPartOf\":{\"@id\":\"https:\\\/\\\/elmeistrai.lt\\\/profesionalus-kaseciu-pildymas-siauliuose\\\/\"},\"author\":{\"name\":\"elMeistrai\",\"@id\":\"https:\\\/\\\/elmeistrai.lt\\\/#\\\/schema\\\/person\\\/6363b621eb9606785f7f2ae9a52987f7\"},\"headline\":\"Profesionalus kase\u010di\u0173 pildymas \u0160iauliuose\",\"datePublished\":\"2026-02-20T15:08:11+00:00\",\"dateModified\":\"2026-02-24T13:09:30+00:00\",\"mainEntityOfPage\":{\"@id\":\"https:\\\/\\\/elmeistrai.lt\\\/profesionalus-kaseciu-pildymas-siauliuose\\\/\"},\"wordCount\":168,\"publisher\":{\"@id\":\"https:\\\/\\\/elmeistrai.lt\\\/#organization\"},\"image\":{\"@id\":\"https:\\\/\\\/elmeistrai.lt\\\/profesionalus-kaseciu-pildymas-siauliuose\\\/#primaryimage\"},\"thumbnailUrl\":\"https:\\\/\\\/elmeistrai.lt\\\/wp-content\\\/uploads\\\/2026\\\/02\\\/toneris2.jpg\",\"inLanguage\":\"pl-PL\"},{\"@type\":[\"WebPage\",\"ItemPage\"],\"@id\":\"https:\\\/\\\/elmeistrai.lt\\\/profesionalus-kaseciu-pildymas-siauliuose\\\/\",\"url\":\"https:\\\/\\\/elmeistrai.lt\\\/profesionalus-kaseciu-pildymas-siauliuose\\\/\",\"name\":\"Profesionalus kase\u010di\u0173 pildymas \u0160iauliuose Vilniuje, Kaune, Klaip\u0117doje, \u0160iauliuose\",\"isPartOf\":{\"@id\":\"https:\\\/\\\/elmeistrai.lt\\\/#website\"},\"primaryImageOfPage\":{\"@id\":\"https:\\\/\\\/elmeistrai.lt\\\/profesionalus-kaseciu-pildymas-siauliuose\\\/#primaryimage\"},\"image\":{\"@id\":\"https:\\\/\\\/elmeistrai.lt\\\/profesionalus-kaseciu-pildymas-siauliuose\\\/#primaryimage\"},\"thumbnailUrl\":\"https:\\\/\\\/elmeistrai.lt\\\/wp-content\\\/uploads\\\/2026\\\/02\\\/toneris2.jpg\",\"datePublished\":\"2026-02-20T15:08:11+00:00\",\"dateModified\":\"2026-02-24T13:09:30+00:00\",\"breadcrumb\":{\"@id\":\"https:\\\/\\\/elmeistrai.lt\\\/profesionalus-kaseciu-pildymas-siauliuose\\\/#breadcrumb\"},\"inLanguage\":\"pl-PL\",\"potentialAction\":[{\"@type\":\"ReadAction\",\"target\":[\"https:\\\/\\\/elmeistrai.lt\\\/profesionalus-kaseciu-pildymas-siauliuose\\\/\"]}]},{\"@type\":\"ImageObject\",\"inLanguage\":\"pl-PL\",\"@id\":\"https:\\\/\\\/elmeistrai.lt\\\/profesionalus-kaseciu-pildymas-siauliuose\\\/#primaryimage\",\"url\":\"https:\\\/\\\/elmeistrai.lt\\\/wp-content\\\/uploads\\\/2026\\\/02\\\/toneris2.jpg\",\"contentUrl\":\"https:\\\/\\\/elmeistrai.lt\\\/wp-content\\\/uploads\\\/2026\\\/02\\\/toneris2.jpg\"},{\"@type\":\"BreadcrumbList\",\"@id\":\"https:\\\/\\\/elmeistrai.lt\\\/profesionalus-kaseciu-pildymas-siauliuose\\\/#breadcrumb\",\"itemListElement\":[{\"@type\":\"ListItem\",\"position\":1,\"name\":\"Home\",\"item\":\"https:\\\/\\\/elmeistrai.lt\\\/\"},{\"@type\":\"ListItem\",\"position\":2,\"name\":\"Profesionalus kase\u010di\u0173 pildymas \u0160iauliuose\"}]},{\"@type\":\"WebSite\",\"@id\":\"https:\\\/\\\/elmeistrai.lt\\\/#website\",\"url\":\"https:\\\/\\\/elmeistrai.lt\\\/\",\"name\":\"Vilniuje, Kaune, Klaip\u0117doje, \u0160iauliuose\",\"description\":\"Nam\u0173 ir verslo elektronikos prietais\u0173 remontas. Kase\u010di\u0173 pildymas.\",\"publisher\":{\"@id\":\"https:\\\/\\\/elmeistrai.lt\\\/#organization\"},\"potentialAction\":[{\"@type\":\"SearchAction\",\"target\":{\"@type\":\"EntryPoint\",\"urlTemplate\":\"https:\\\/\\\/elmeistrai.lt\\\/?s={search_term_string}\"},\"query-input\":{\"@type\":\"PropertyValueSpecification\",\"valueRequired\":true,\"valueName\":\"search_term_string\"}}],\"inLanguage\":\"pl-PL\"},{\"@type\":\"Organization\",\"@id\":\"https:\\\/\\\/elmeistrai.lt\\\/#organization\",\"name\":\"elMeistrai.lt\",\"alternateName\":\"Kavos aparat\u0173, paspirtuk\u0173, televizori\u0173, kompiuteri\u0173, telefon\u0173 ir kt. technikos remontas\",\"url\":\"https:\\\/\\\/elmeistrai.lt\\\/\",\"logo\":{\"@type\":\"ImageObject\",\"inLanguage\":\"pl-PL\",\"@id\":\"https:\\\/\\\/elmeistrai.lt\\\/#\\\/schema\\\/logo\\\/image\\\/\",\"url\":\"https:\\\/\\\/elmeistrai.lt\\\/wp-content\\\/uploads\\\/2022\\\/09\\\/elmeistrai_logo.jpg\",\"contentUrl\":\"https:\\\/\\\/elmeistrai.lt\\\/wp-content\\\/uploads\\\/2022\\\/09\\\/elmeistrai_logo.jpg\",\"width\":556,\"height\":143,\"caption\":\"elMeistrai.lt\"},\"image\":{\"@id\":\"https:\\\/\\\/elmeistrai.lt\\\/#\\\/schema\\\/logo\\\/image\\\/\"},\"sameAs\":[\"https:\\\/\\\/www.facebook.com\\\/elmeistrai.lt\\\/\"]},{\"@type\":\"Person\",\"@id\":\"https:\\\/\\\/elmeistrai.lt\\\/#\\\/schema\\\/person\\\/6363b621eb9606785f7f2ae9a52987f7\",\"name\":\"elMeistrai\",\"image\":{\"@type\":\"ImageObject\",\"inLanguage\":\"pl-PL\",\"@id\":\"https:\\\/\\\/secure.gravatar.com\\\/avatar\\\/052f2d9640381d6904c5c0676ac3cc3d7ad734def78df3657e571451cad9870d?s=96&d=mm&r=g\",\"url\":\"https:\\\/\\\/secure.gravatar.com\\\/avatar\\\/052f2d9640381d6904c5c0676ac3cc3d7ad734def78df3657e571451cad9870d?s=96&d=mm&r=g\",\"contentUrl\":\"https:\\\/\\\/secure.gravatar.com\\\/avatar\\\/052f2d9640381d6904c5c0676ac3cc3d7ad734def78df3657e571451cad9870d?s=96&d=mm&r=g\",\"caption\":\"elMeistrai\"},\"url\":\"https:\\\/\\\/elmeistrai.lt\\\/pl\\\/author\\\/yipkxe\\\/\"}]}<\/script>\n<!-- \/ Yoast SEO plugin. -->","yoast_head_json":{"title":"Profesionalus kase\u010di\u0173 pildymas \u0160iauliuose Vilniuje, Kaune, Klaip\u0117doje, \u0160iauliuose","robots":{"index":"index","follow":"follow","max-snippet":"max-snippet:-1","max-image-preview":"max-image-preview:large","max-video-preview":"max-video-preview:-1"},"canonical":"https:\/\/elmeistrai.lt\/pl\/profesionalus-kaseciu-pildymas-siauliuose\/","og_locale":"pl_PL","og_type":"article","og_title":"Profesionalus kase\u010di\u0173 pildymas \u0160iauliuose Vilniuje, Kaune, Klaip\u0117doje, \u0160iauliuose","og_description":"Spausdintuvo kase\u010di\u0173 analogai \u0160iauliuose &#8222;elMeistrai&#8221;\u2013 tai modernus ir ekonomi\u0161kas pasirinkimas ie\u0161kantiems balanso tarp kainos ir kokyb\u0117s. \u0160ios suderinamos kaset\u0117s gaminamos...","og_url":"https:\/\/elmeistrai.lt\/pl\/profesionalus-kaseciu-pildymas-siauliuose\/","og_site_name":"Vilniuje, Kaune, Klaip\u0117doje, \u0160iauliuose","article_publisher":"https:\/\/www.facebook.com\/elmeistrai.lt\/","article_modified_time":"2026-02-24T13:09:30+00:00","og_image":[{"width":612,"height":408,"url":"https:\/\/elmeistrai.lt\/wp-content\/uploads\/2026\/02\/toneris2.jpg","type":"image\/jpeg"}],"twitter_card":"summary_large_image","twitter_misc":{"Szacowany czas czytania":"2 minuty"},"schema":{"@context":"https:\/\/schema.org","@graph":[{"@type":"NewsArticle","@id":"https:\/\/elmeistrai.lt\/profesionalus-kaseciu-pildymas-siauliuose\/#article","isPartOf":{"@id":"https:\/\/elmeistrai.lt\/profesionalus-kaseciu-pildymas-siauliuose\/"},"author":{"name":"elMeistrai","@id":"https:\/\/elmeistrai.lt\/#\/schema\/person\/6363b621eb9606785f7f2ae9a52987f7"},"headline":"Profesionalus kase\u010di\u0173 pildymas \u0160iauliuose","datePublished":"2026-02-20T15:08:11+00:00","dateModified":"2026-02-24T13:09:30+00:00","mainEntityOfPage":{"@id":"https:\/\/elmeistrai.lt\/profesionalus-kaseciu-pildymas-siauliuose\/"},"wordCount":168,"publisher":{"@id":"https:\/\/elmeistrai.lt\/#organization"},"image":{"@id":"https:\/\/elmeistrai.lt\/profesionalus-kaseciu-pildymas-siauliuose\/#primaryimage"},"thumbnailUrl":"https:\/\/elmeistrai.lt\/wp-content\/uploads\/2026\/02\/toneris2.jpg","inLanguage":"pl-PL"},{"@type":["WebPage","ItemPage"],"@id":"https:\/\/elmeistrai.lt\/profesionalus-kaseciu-pildymas-siauliuose\/","url":"https:\/\/elmeistrai.lt\/profesionalus-kaseciu-pildymas-siauliuose\/","name":"Profesionalus kase\u010di\u0173 pildymas \u0160iauliuose Vilniuje, Kaune, Klaip\u0117doje, \u0160iauliuose","isPartOf":{"@id":"https:\/\/elmeistrai.lt\/#website"},"primaryImageOfPage":{"@id":"https:\/\/elmeistrai.lt\/profesionalus-kaseciu-pildymas-siauliuose\/#primaryimage"},"image":{"@id":"https:\/\/elmeistrai.lt\/profesionalus-kaseciu-pildymas-siauliuose\/#primaryimage"},"thumbnailUrl":"https:\/\/elmeistrai.lt\/wp-content\/uploads\/2026\/02\/toneris2.jpg","datePublished":"2026-02-20T15:08:11+00:00","dateModified":"2026-02-24T13:09:30+00:00","breadcrumb":{"@id":"https:\/\/elmeistrai.lt\/profesionalus-kaseciu-pildymas-siauliuose\/#breadcrumb"},"inLanguage":"pl-PL","potentialAction":[{"@type":"ReadAction","target":["https:\/\/elmeistrai.lt\/profesionalus-kaseciu-pildymas-siauliuose\/"]}]},{"@type":"ImageObject","inLanguage":"pl-PL","@id":"https:\/\/elmeistrai.lt\/profesionalus-kaseciu-pildymas-siauliuose\/#primaryimage","url":"https:\/\/elmeistrai.lt\/wp-content\/uploads\/2026\/02\/toneris2.jpg","contentUrl":"https:\/\/elmeistrai.lt\/wp-content\/uploads\/2026\/02\/toneris2.jpg"},{"@type":"BreadcrumbList","@id":"https:\/\/elmeistrai.lt\/profesionalus-kaseciu-pildymas-siauliuose\/#breadcrumb","itemListElement":[{"@type":"ListItem","position":1,"name":"Home","item":"https:\/\/elmeistrai.lt\/"},{"@type":"ListItem","position":2,"name":"Profesionalus kase\u010di\u0173 pildymas \u0160iauliuose"}]},{"@type":"WebSite","@id":"https:\/\/elmeistrai.lt\/#website","url":"https:\/\/elmeistrai.lt\/","name":"Wilno, Kowno, K\u0142ajpeda, Szawle","description":"Naprawa elektroniki domowej i firmowej. Nape\u0142nianie kartrid\u017cy.","publisher":{"@id":"https:\/\/elmeistrai.lt\/#organization"},"potentialAction":[{"@type":"SearchAction","target":{"@type":"EntryPoint","urlTemplate":"https:\/\/elmeistrai.lt\/?s={search_term_string}"},"query-input":{"@type":"PropertyValueSpecification","valueRequired":true,"valueName":"search_term_string"}}],"inLanguage":"pl-PL"},{"@type":"Organization","@id":"https:\/\/elmeistrai.lt\/#organization","name":"elMeistrai.lt","alternateName":"Kavos aparat\u0173, paspirtuk\u0173, televizori\u0173, kompiuteri\u0173, telefon\u0173 ir kt. technikos remontas","url":"https:\/\/elmeistrai.lt\/","logo":{"@type":"ImageObject","inLanguage":"pl-PL","@id":"https:\/\/elmeistrai.lt\/#\/schema\/logo\/image\/","url":"https:\/\/elmeistrai.lt\/wp-content\/uploads\/2022\/09\/elmeistrai_logo.jpg","contentUrl":"https:\/\/elmeistrai.lt\/wp-content\/uploads\/2022\/09\/elmeistrai_logo.jpg","width":556,"height":143,"caption":"elMeistrai.lt"},"image":{"@id":"https:\/\/elmeistrai.lt\/#\/schema\/logo\/image\/"},"sameAs":["https:\/\/www.facebook.com\/elmeistrai.lt\/"]},{"@type":"Person","@id":"https:\/\/elmeistrai.lt\/#\/schema\/person\/6363b621eb9606785f7f2ae9a52987f7","name":"elMeistrai","image":{"@type":"ImageObject","inLanguage":"pl-PL","@id":"https:\/\/secure.gravatar.com\/avatar\/052f2d9640381d6904c5c0676ac3cc3d7ad734def78df3657e571451cad9870d?s=96&d=mm&r=g","url":"https:\/\/secure.gravatar.com\/avatar\/052f2d9640381d6904c5c0676ac3cc3d7ad734def78df3657e571451cad9870d?s=96&d=mm&r=g","contentUrl":"https:\/\/secure.gravatar.com\/avatar\/052f2d9640381d6904c5c0676ac3cc3d7ad734def78df3657e571451cad9870d?s=96&d=mm&r=g","caption":"elMeistrai"},"url":"https:\/\/elmeistrai.lt\/pl\/author\/yipkxe\/"}]}},"uagb_featured_image_src":{"full":false,"thumbnail":false,"medium":false,"medium_large":false,"large":false,"1536x1536":false,"2048x2048":false,"trp-custom-language-flag":false,"writemag-1218w-autoh-image":false,"writemag-675w-autoh-image":false,"writemag-100w-100h-image":false},"uagb_author_info":{"display_name":"elMeistrai","author_link":"https:\/\/elmeistrai.lt\/pl\/author\/yipkxe\/"},"uagb_comment_info":0,"uagb_excerpt":"Spausdintuvo kase\u010di\u0173 analogai \u0160iauliuose &#8222;elMeistrai&#8221;\u2013 tai modernus ir ekonomi\u0161kas pasirinkimas ie\u0161kantiems balanso tarp kainos ir kokyb\u0117s. \u0160ios suderinamos kaset\u0117s gaminamos...","rttpg_featured_image_url":null,"rttpg_author":{"display_name":"elMeistrai","author_link":"https:\/\/elmeistrai.lt\/pl\/author\/yipkxe\/"},"rttpg_comment":0,"rttpg_category":null,"rttpg_excerpt":"Spausdintuvo kase\u010di\u0173 analogai \u0160iauliuose &#8222;elMeistrai&#8221;\u2013 tai modernus ir ekonomi\u0161kas pasirinkimas ie\u0161kantiems balanso tarp kainos ir kokyb\u0117s. \u0160ios suderinamos kaset\u0117s gaminamos...","_links":{"self":[{"href":"https:\/\/elmeistrai.lt\/pl\/wp-json\/wp\/v2\/pages\/8717","targetHints":{"allow":["GET"]}}],"collection":[{"href":"https:\/\/elmeistrai.lt\/pl\/wp-json\/wp\/v2\/pages"}],"about":[{"href":"https:\/\/elmeistrai.lt\/pl\/wp-json\/wp\/v2\/types\/page"}],"author":[{"embeddable":true,"href":"https:\/\/elmeistrai.lt\/pl\/wp-json\/wp\/v2\/users\/1"}],"replies":[{"embeddable":true,"href":"https:\/\/elmeistrai.lt\/pl\/wp-json\/wp\/v2\/comments?post=8717"}],"version-history":[{"count":4,"href":"https:\/\/elmeistrai.lt\/pl\/wp-json\/wp\/v2\/pages\/8717\/revisions"}],"predecessor-version":[{"id":8878,"href":"https:\/\/elmeistrai.lt\/pl\/wp-json\/wp\/v2\/pages\/8717\/revisions\/8878"}],"wp:attachment":[{"href":"https:\/\/elmeistrai.lt\/pl\/wp-json\/wp\/v2\/media?parent=8717"}],"curies":[{"name":"wp","href":"https:\/\/api.w.org\/{rel}","templated":true}]}}