{"id":813,"date":"2019-04-04T10:23:35","date_gmt":"2019-04-04T12:23:35","guid":{"rendered":"https:\/\/elmeistrai.lt\/?page_id=813"},"modified":"2022-04-09T19:58:38","modified_gmt":"2022-04-09T21:58:38","slug":"volvo-navigacija","status":"publish","type":"page","link":"https:\/\/elmeistrai.lt\/pl\/volvo-navigacija\/","title":{"rendered":"Nawigacja Volvo"},"content":{"rendered":"<h2 class=\"wp-block-heading\">Mapy nawigacyjne VOLVO dla Litwy i Europy dla system\u00f3w RTI MMM2 z DVD <\/h2>\n\n\n\n<div class=\"wp-block-image\"><figure class=\"alignright\"><img loading=\"lazy\" decoding=\"async\" width=\"150\" height=\"110\" src=\"https:\/\/elmeistrai.lt\/wp-content\/uploads\/2019\/04\/RTI-MMM2-volvo-navigacija-150x110.jpg\" alt=\"\" class=\"wp-image-814\" srcset=\"https:\/\/elmeistrai.lt\/wp-content\/uploads\/2019\/04\/RTI-MMM2-volvo-navigacija-150x110.jpg 150w, https:\/\/elmeistrai.lt\/wp-content\/uploads\/2019\/04\/RTI-MMM2-volvo-navigacija.jpg 151w\" sizes=\"auto, (max-width: 150px) 100vw, 150px\" \/><\/figure><\/div>\n\n\n\n<p><strong>1. P\u0142yta nawigacyjna z mapami:<\/strong><br>Austria, Belgia, Szwajcaria, Czechy, Niemcy, Dania, Hiszpania, Francja, Finlandia, Liechtenstein, W\u0142ochy, Irlandia, Luksemburg, Monako, Norwegia, Holandia, Portugalia, San Marino, Szwecja, Wielka Brytania, Watykan.<br><strong>2. P\u0142yta nawigacyjna z mapami:<\/strong><br>Andora, Francja, Irlandia, Monako, Portugalia, Hiszpania, Wielka Brytania.<br><strong>3. P\u0142yta nawigacyjna z mapami:<\/strong><br>Albania, Austria, Bia\u0142oru\u015b, Bo\u015bnia i Hercegowina, Bu\u0142garia, Chorwacja, Czechy, Estonia, Niemcy, Grecja, W\u0119gry, \u0141otwa,  <strong>Litwa (szczeg\u00f3\u0142y)<\/strong>Macedonia, Mo\u0142dawia, Czarnog\u00f3ra, Polska, Rumunia, Serbia, S\u0142owacja, S\u0142owenia, Turcja, Ukraina.<br><br><strong>Przydatno\u015b\u0107:<\/strong> <br><em>Volvo S80 2007 - 2011 <\/em><br><em>Volvo V70 vid. 2008 - 2011<br> Volvo XC60 2009 - 2010<br> Volvo XC70 vid. 2008 - 2011<\/em><br> <br><strong>1 rok gwarancji | Najnowsze mapy | Najlepsza cena | Wilno, Kowno, K\u0142ajpeda<\/strong><\/p>\n\n\n\n<hr class=\"wp-block-separator\"\/>\n\n\n\n<h2 class=\"wp-block-heading\">Mapy nawigacyjne VOLVO dla Litwy i Europy dla system\u00f3w RTI MMM+ z dyskiem twardym <\/h2>\n\n\n\n<div class=\"wp-block-image\"><figure class=\"alignright\"><img loading=\"lazy\" decoding=\"async\" width=\"150\" height=\"112\" src=\"https:\/\/elmeistrai.lt\/wp-content\/uploads\/2019\/04\/RTI-MMMvolvo-navigacija-150x112.jpg\" alt=\"\" class=\"wp-image-819\"\/><\/figure><\/div>\n\n\n<p><strong>P\u0142yty nawigacyjne z mapami 2 szt:<\/strong><br>Irlandia, Albania, Andora, Austria, Belgia, Bo\u015bnia i Hercegowina, Bu\u0142garia, Czechy, Dania, Wielka Brytania, Estonia, Gibraltar, Grecja, Hiszpania, W\u0142ochy, Czarnog\u00f3ra, Chorwacja, \u0141otwa, <strong>Litwa (szczeg\u00f3\u0142y)<\/strong>, Liechtenstein, Luksemburg, Polska, Macedonia, Monako, Norwegia, Holandia, Portugalia, Francja, Rumunia, San Marino, Serbia, S\u0142owacja, S\u0142owenia, Finlandia, Francja, Niemcy, W\u0119gry, Szwecja, Szwajcaria, Watykan. <\/p>\n<p><strong>Przydatno\u015b\u0107:<\/strong><br><em>Volvo C30 2008 - 2012 <\/em><br><em>Volvo C70 2008 - 2013<br>Volvo S40 2008 - 2011<br>Volvo V50 2008 - 2011<br>Volvo XC90 2007 - 2014<\/em><\/p>\n<p><strong>Dodatkowe informacje:<\/strong><br>Klient jest odpowiedzialny za odnowienie. Procedura mo\u017ce by\u0107 przeprowadzona w ruchu lub stacjonarnie (upewnij si\u0119, \u017ce bateria jest dobra) i trwa oko\u0142o 180 minut. Procedura aktualizacji: <br>1. Wk\u0142adanie p\u0142yty 1. Aktualizacja trwa oko\u0142o 120 minut.<br>2. Wk\u0142adanie p\u0142yty 2. Aktualizacja trwa oko\u0142o 60 minut.<br>W\u0142\u00f3\u017c p\u0142yt\u0119 1 i wyjd\u017a.<\/p>\n<p><strong>1 rok gwarancji | Najnowsze mapy | Najlepsza cena | Wilno, Kowno, K\u0142ajpeda<\/strong><\/p>\n<hr>\n\n\n<h2 class=\"wp-block-heading\">Mapy nawigacyjne VOLVO dla Litwy i Europy dla system\u00f3w RTI MMM P2001 z DVD <\/h2>\n\n\n\n<div class=\"wp-block-image\"><figure class=\"alignright\"><img loading=\"lazy\" decoding=\"async\" width=\"150\" height=\"113\" src=\"https:\/\/elmeistrai.lt\/wp-content\/uploads\/2019\/04\/RTI-MMM-P2001-volvo-navigacija-150x113.jpg\" alt=\"\" class=\"wp-image-822\"\/><\/figure><\/div>\n\n\n<p><strong>1. P\u0142yta nawigacyjna z mapami: <\/strong><br>Andora, Irlandia, Belgia, Gibraltar, Francja, Islandia, Liechtenstein, Luksemburg, Monako, Holandia, Portugalia, Hiszpania, Szwajcaria, Wielka Brytania. <br><strong>2. P\u0142yta nawigacyjna z mapami:<\/strong><br>Andora, Austria, Belgia, Francja, Niemcy, W\u0142ochy, Liechtenstein, Luksemburg, Monako, Holandia, San Marino, Szwajcaria, Watykan. <br><strong>3. P\u0142yta nawigacyjna z mapami: <\/strong><br>Austria, Czechy, Dania, Grecja, W\u0142ochy, Chorwacja, <strong>Polska<\/strong>Liechtenstein, Norwegia, San Marino, S\u0142owacja, S\u0142owenia, Finlandia, Szwecja, Szwajcaria, Watykan, W\u0119gry, Niemcy.<\/p>\n<p><strong>Przydatno\u015b\u0107:<\/strong><br><em>Volvo C30 2007 <\/em><br><em>Volvo C70 2006-2007<br>Volvo S40 2004 - 2007<br>Volvo V50 2004 - 2007<br>Volvo S60 vid. 2002 - 2009<br>Volvo S80 vid. 2002 - 2006<br>Volvo V70 vid. 2002 - 2007<br>Volvo XC70 vid. 2002 - 2007<br>Volvo XC90 vid. 2003 - 2006<\/em><\/p>\n<p><strong>1 rok gwarancji | Najnowsze mapy | Najlepsza cena | Wilno, Kowno, K\u0142ajpeda<\/strong><\/p>\n<hr>\n\n\n<h2 class=\"wp-block-heading\">Mapy nawigacyjne VOLVO dla Litwy i Europy dla system\u00f3w IAM 2.1 z dyskiem twardym <\/h2>\n\n\n\n<div class=\"wp-block-image\"><figure class=\"alignright\"><img loading=\"lazy\" decoding=\"async\" width=\"74\" height=\"122\" src=\"https:\/\/elmeistrai.lt\/wp-content\/uploads\/2019\/04\/IAM-2.1-volvo-navigacija.jpg\" alt=\"\" class=\"wp-image-825\"\/><\/figure><\/div>\n\n\n<p><strong>Aktualizacja map nawigacyjnych:<br><\/strong>Albania, Andora, Austria, Belgia, Bo\u015bnia i Hercegowina, Bu\u0142garia, Chorwacja, Czechy, Dania, Estonia, Finlandia, Francja, Niemcy, Grecja, W\u0119gry, Irlandia, Gibraltar, W\u0142ochy, Czarnog\u00f3ra, \u0141otwa, Litwa (szczeg\u00f3\u0142owo), Liechtenstein, Luksemburg, Polska, Macedonia, Monako, Norwegia, Holandia, Portugalia, Rumunia, San Marino, Serbia, S\u0142owacja, S\u0142owenia, Hiszpania, Szwecja, Szwajcaria, Watykan<strong>.<\/strong><\/p>\n<p><strong>Przydatno\u015b\u0107:<\/strong><br><em>Volvo S60 2011 - 2013 <\/em><br><em>Volvo S80 2012 - 2014<br>Volvo V40 2013 - 2014<br>Volvo V60 2011 - 2013<br>Volvo V70 2012 - 2014<br>Volvo XC60 2011 - 2013<br>Volvo XC70 2012 - 2014<\/em><\/p>\n<p><strong>1 rok gwarancji | Najnowsze mapy | Najlepsza cena | Wilno, Kowno, K\u0142ajpeda<\/strong><\/p>\n<hr>\n\n\n<h2 class=\"wp-block-heading\">Mapy nawigacyjne VOLVO dla Litwy i Europy dla SENSUS CONNECTED TOUCH IGO z SD <\/h2>\n\n\n\n<div class=\"wp-block-image\"><figure class=\"alignright\"><img loading=\"lazy\" decoding=\"async\" width=\"150\" height=\"107\" src=\"https:\/\/elmeistrai.lt\/wp-content\/uploads\/2019\/04\/SENSUS-CONNECTED-TOUCH-IGO-volvo-navigacija-150x107.jpg\" alt=\"\" class=\"wp-image-828\"\/><\/figure><\/div>\n\n\n<p><strong>Aktualizacja map nawigacyjnych:<br><\/strong>Andora, Austria, Belgia, Dania, Finlandia, Francja, Niemcy, Gibraltar, Irlandia, W\u0142ochy, Kazachstan, Liechtenstein, Luksemburg, Norwegia, Portugalia, San Marino, Hiszpania, Szwajcaria, Szwecja, Wielka Brytania, Watykan, Albania, Bia\u0142oru\u015b, Bo\u015bnia i Hercegowina, Bu\u0142garia, Chorwacja, Czechy, Estonia, Grecja, W\u0119gry, Kosowo, \u0141otwa, Litwa (szczeg\u00f3\u0142owo), Macedonia, Mo\u0142dawia, Czarnog\u00f3ra, Polska, Rumunia, Serbia, S\u0142owacja, S\u0142owenia, Ukraina, Rosja.<\/p>\n<p><strong>Przydatno\u015b\u0107:<\/strong><br><em>Volvo S60 2011-2014 <\/em><br><em>Volvo V60 2011 - 2014<br>Volvo S80 2012 - 2014<br>Volvo V40 2013 - 2014<br>Volvo V40 Cross Country 2013 - 2014<br>Volvo V70 2012 - 2014<br>Volvo XC60 2011-2014<br>Volvo XC70 2012 - 2014<\/em><\/p>\n<p><strong>1 rok gwarancji | Najnowsze mapy | Najlepsza cena | Wilno, Kowno, K\u0142ajpeda<\/strong><\/p>\n<hr>\n\n\n<h2 class=\"wp-block-heading\">Mapy nawigacyjne VOLVO dla Litwy i Europy dla SENSUS CONNECT MCA - SPA z HDD  <\/h2>\n\n\n\n<p><strong>Aktualizacja map nawigacyjnych:<\/strong><br>Andora, Austria, Belgia, Dania, Finlandia, Francja, Niemcy, Gibraltar, Irlandia, W\u0142ochy, Kazachstan, Liechtenstein, Luksemburg, Norwegia, Portugalia, San Marino, Hiszpania, Szwajcaria, Szwecja, Wielka Brytania, Watykan, Albania, Bia\u0142oru\u015b, Bo\u015bnia i Hercegowina, Bu\u0142garia, Chorwacja, Czechy, Estonia, Finlandia, Grecja, W\u0119gry, Kosowo, \u0141otwa, Wielka Brytania, Watykan,<strong> Litwa (szczeg\u00f3\u0142y)<\/strong>Macedonia, Mo\u0142dawia, Czarnog\u00f3ra, Polska, Rumunia, Serbia, S\u0142owacja, S\u0142owenia, Ukraina, Rosja.<br><br><strong>Przydatno\u015b\u0107:<\/strong> <br><em>Volvo S60 od 2014 r. <\/em><br><em>Volvo S90 od 2017 r.<br>Volvo V90 od 2017 r.<br>Volvo V60 od 2014 r.<br>Volvo XC60 od 2014 r.<br>Volvo XC90 od 2016 r.<\/em><br><br><strong>1 rok gwarancji | Najnowsze mapy | Najlepsza cena | Wilno, Kowno, K\u0142ajpeda<\/strong> <\/p>","protected":false},"excerpt":{"rendered":"<p>Mapy nawigacyjne VOLVO dla Litwy i Europy dla system\u00f3w RTI MMM2 z p\u0142yt\u0105 DVD 1. P\u0142yta nawigacyjna z mapami:Austrii, Belgii, Szwajcarii, Czech, Niemiec,...<\/p>","protected":false},"author":1,"featured_media":0,"parent":0,"menu_order":0,"comment_status":"closed","ping_status":"closed","template":"","meta":{"_uag_custom_page_level_css":"","footnotes":""},"class_list":["post-813","page","type-page","status-publish","hentry"],"yoast_head":"<!-- This site is optimized with the Yoast SEO plugin v27.3 - https:\/\/yoast.com\/product\/yoast-seo-wordpress\/ -->\n<title>Volvo navigacija Vilniuje, Kaune, Klaip\u0117doje, \u0160iauliuose<\/title>\n<meta name=\"description\" content=\"VOLVO navigacijos Lietuvos ir Europos naujausi\u0173 \u017eem\u0117lapi\u0173 atnaujinimas - Vilniuje, Kaune, Klaip\u0117doje.\" \/>\n<meta name=\"robots\" content=\"index, follow, max-snippet:-1, max-image-preview:large, max-video-preview:-1\" \/>\n<link rel=\"canonical\" href=\"https:\/\/elmeistrai.lt\/pl\/volvo-navigacija\/\" \/>\n<meta property=\"og:locale\" content=\"pl_PL\" \/>\n<meta property=\"og:type\" content=\"article\" \/>\n<meta property=\"og:title\" content=\"Volvo navigacija Vilniuje, Kaune, Klaip\u0117doje, \u0160iauliuose\" \/>\n<meta property=\"og:description\" content=\"VOLVO navigacijos Lietuvos ir Europos naujausi\u0173 \u017eem\u0117lapi\u0173 atnaujinimas - Vilniuje, Kaune, Klaip\u0117doje.\" \/>\n<meta property=\"og:url\" content=\"https:\/\/elmeistrai.lt\/pl\/volvo-navigacija\/\" \/>\n<meta property=\"og:site_name\" content=\"Vilniuje, Kaune, Klaip\u0117doje, \u0160iauliuose\" \/>\n<meta property=\"article:publisher\" content=\"https:\/\/www.facebook.com\/elmeistrai.lt\/\" \/>\n<meta property=\"article:modified_time\" content=\"2022-04-09T21:58:38+00:00\" \/>\n<meta property=\"og:image\" content=\"https:\/\/elmeistrai.lt\/wp-content\/uploads\/2019\/04\/RTI-MMM2-volvo-navigacija-150x110.jpg\" \/>\n<meta name=\"twitter:card\" content=\"summary_large_image\" \/>\n<meta name=\"twitter:label1\" content=\"Szacowany czas czytania\" \/>\n\t<meta name=\"twitter:data1\" content=\"6 minut\" \/>\n<script type=\"application\/ld+json\" class=\"yoast-schema-graph\">{\"@context\":\"https:\\\/\\\/schema.org\",\"@graph\":[{\"@type\":\"NewsArticle\",\"@id\":\"https:\\\/\\\/elmeistrai.lt\\\/pl\\\/volvo-navigacija\\\/#article\",\"isPartOf\":{\"@id\":\"https:\\\/\\\/elmeistrai.lt\\\/pl\\\/volvo-navigacija\\\/\"},\"author\":{\"name\":\"elMeistrai\",\"@id\":\"https:\\\/\\\/elmeistrai.lt\\\/#\\\/schema\\\/person\\\/6363b621eb9606785f7f2ae9a52987f7\"},\"headline\":\"Volvo navigacija\",\"datePublished\":\"2019-04-04T12:23:35+00:00\",\"dateModified\":\"2022-04-09T21:58:38+00:00\",\"mainEntityOfPage\":{\"@id\":\"https:\\\/\\\/elmeistrai.lt\\\/pl\\\/volvo-navigacija\\\/\"},\"wordCount\":729,\"publisher\":{\"@id\":\"https:\\\/\\\/elmeistrai.lt\\\/#organization\"},\"image\":{\"@id\":\"https:\\\/\\\/elmeistrai.lt\\\/pl\\\/volvo-navigacija\\\/#primaryimage\"},\"thumbnailUrl\":\"https:\\\/\\\/elmeistrai.lt\\\/wp-content\\\/uploads\\\/2019\\\/04\\\/RTI-MMM2-volvo-navigacija-150x110.jpg\",\"inLanguage\":\"pl-PL\"},{\"@type\":[\"WebPage\",\"ItemPage\"],\"@id\":\"https:\\\/\\\/elmeistrai.lt\\\/pl\\\/volvo-navigacija\\\/\",\"url\":\"https:\\\/\\\/elmeistrai.lt\\\/pl\\\/volvo-navigacija\\\/\",\"name\":\"Volvo navigacija Vilniuje, Kaune, Klaip\u0117doje, \u0160iauliuose\",\"isPartOf\":{\"@id\":\"https:\\\/\\\/elmeistrai.lt\\\/#website\"},\"primaryImageOfPage\":{\"@id\":\"https:\\\/\\\/elmeistrai.lt\\\/pl\\\/volvo-navigacija\\\/#primaryimage\"},\"image\":{\"@id\":\"https:\\\/\\\/elmeistrai.lt\\\/pl\\\/volvo-navigacija\\\/#primaryimage\"},\"thumbnailUrl\":\"https:\\\/\\\/elmeistrai.lt\\\/wp-content\\\/uploads\\\/2019\\\/04\\\/RTI-MMM2-volvo-navigacija-150x110.jpg\",\"datePublished\":\"2019-04-04T12:23:35+00:00\",\"dateModified\":\"2022-04-09T21:58:38+00:00\",\"description\":\"VOLVO navigacijos Lietuvos ir Europos naujausi\u0173 \u017eem\u0117lapi\u0173 atnaujinimas - Vilniuje, Kaune, Klaip\u0117doje.\",\"breadcrumb\":{\"@id\":\"https:\\\/\\\/elmeistrai.lt\\\/pl\\\/volvo-navigacija\\\/#breadcrumb\"},\"inLanguage\":\"pl-PL\",\"potentialAction\":[{\"@type\":\"ReadAction\",\"target\":[\"https:\\\/\\\/elmeistrai.lt\\\/pl\\\/volvo-navigacija\\\/\"]}]},{\"@type\":\"ImageObject\",\"inLanguage\":\"pl-PL\",\"@id\":\"https:\\\/\\\/elmeistrai.lt\\\/pl\\\/volvo-navigacija\\\/#primaryimage\",\"url\":\"https:\\\/\\\/elmeistrai.lt\\\/wp-content\\\/uploads\\\/2019\\\/04\\\/RTI-MMM2-volvo-navigacija-150x110.jpg\",\"contentUrl\":\"https:\\\/\\\/elmeistrai.lt\\\/wp-content\\\/uploads\\\/2019\\\/04\\\/RTI-MMM2-volvo-navigacija-150x110.jpg\"},{\"@type\":\"BreadcrumbList\",\"@id\":\"https:\\\/\\\/elmeistrai.lt\\\/pl\\\/volvo-navigacija\\\/#breadcrumb\",\"itemListElement\":[{\"@type\":\"ListItem\",\"position\":1,\"name\":\"Home\",\"item\":\"https:\\\/\\\/elmeistrai.lt\\\/\"},{\"@type\":\"ListItem\",\"position\":2,\"name\":\"Volvo navigacija\"}]},{\"@type\":\"WebSite\",\"@id\":\"https:\\\/\\\/elmeistrai.lt\\\/#website\",\"url\":\"https:\\\/\\\/elmeistrai.lt\\\/\",\"name\":\"Vilniuje, Kaune, Klaip\u0117doje, \u0160iauliuose\",\"description\":\"Nam\u0173 ir verslo elektronikos prietais\u0173 remontas. Kase\u010di\u0173 pildymas.\",\"publisher\":{\"@id\":\"https:\\\/\\\/elmeistrai.lt\\\/#organization\"},\"potentialAction\":[{\"@type\":\"SearchAction\",\"target\":{\"@type\":\"EntryPoint\",\"urlTemplate\":\"https:\\\/\\\/elmeistrai.lt\\\/?s={search_term_string}\"},\"query-input\":{\"@type\":\"PropertyValueSpecification\",\"valueRequired\":true,\"valueName\":\"search_term_string\"}}],\"inLanguage\":\"pl-PL\"},{\"@type\":\"Organization\",\"@id\":\"https:\\\/\\\/elmeistrai.lt\\\/#organization\",\"name\":\"elMeistrai.lt\",\"alternateName\":\"Kavos aparat\u0173, paspirtuk\u0173, televizori\u0173, kompiuteri\u0173, telefon\u0173 ir kt. technikos remontas\",\"url\":\"https:\\\/\\\/elmeistrai.lt\\\/\",\"logo\":{\"@type\":\"ImageObject\",\"inLanguage\":\"pl-PL\",\"@id\":\"https:\\\/\\\/elmeistrai.lt\\\/#\\\/schema\\\/logo\\\/image\\\/\",\"url\":\"https:\\\/\\\/elmeistrai.lt\\\/wp-content\\\/uploads\\\/2022\\\/09\\\/elmeistrai_logo.jpg\",\"contentUrl\":\"https:\\\/\\\/elmeistrai.lt\\\/wp-content\\\/uploads\\\/2022\\\/09\\\/elmeistrai_logo.jpg\",\"width\":556,\"height\":143,\"caption\":\"elMeistrai.lt\"},\"image\":{\"@id\":\"https:\\\/\\\/elmeistrai.lt\\\/#\\\/schema\\\/logo\\\/image\\\/\"},\"sameAs\":[\"https:\\\/\\\/www.facebook.com\\\/elmeistrai.lt\\\/\"]},{\"@type\":\"Person\",\"@id\":\"https:\\\/\\\/elmeistrai.lt\\\/#\\\/schema\\\/person\\\/6363b621eb9606785f7f2ae9a52987f7\",\"name\":\"elMeistrai\",\"image\":{\"@type\":\"ImageObject\",\"inLanguage\":\"pl-PL\",\"@id\":\"https:\\\/\\\/secure.gravatar.com\\\/avatar\\\/052f2d9640381d6904c5c0676ac3cc3d7ad734def78df3657e571451cad9870d?s=96&d=mm&r=g\",\"url\":\"https:\\\/\\\/secure.gravatar.com\\\/avatar\\\/052f2d9640381d6904c5c0676ac3cc3d7ad734def78df3657e571451cad9870d?s=96&d=mm&r=g\",\"contentUrl\":\"https:\\\/\\\/secure.gravatar.com\\\/avatar\\\/052f2d9640381d6904c5c0676ac3cc3d7ad734def78df3657e571451cad9870d?s=96&d=mm&r=g\",\"caption\":\"elMeistrai\"},\"url\":\"https:\\\/\\\/elmeistrai.lt\\\/pl\\\/author\\\/yipkxe\\\/\"}]}<\/script>\n<!-- \/ Yoast SEO plugin. -->","yoast_head_json":{"title":"Volvo navigacija Vilniuje, Kaune, Klaip\u0117doje, \u0160iauliuose","description":"Aktualizacja najnowszych map nawigacyjnych VOLVO dla Litwy i Europy - Wilno, Kowno, K\u0142ajpeda.","robots":{"index":"index","follow":"follow","max-snippet":"max-snippet:-1","max-image-preview":"max-image-preview:large","max-video-preview":"max-video-preview:-1"},"canonical":"https:\/\/elmeistrai.lt\/pl\/volvo-navigacija\/","og_locale":"pl_PL","og_type":"article","og_title":"Volvo navigacija Vilniuje, Kaune, Klaip\u0117doje, \u0160iauliuose","og_description":"VOLVO navigacijos Lietuvos ir Europos naujausi\u0173 \u017eem\u0117lapi\u0173 atnaujinimas - Vilniuje, Kaune, Klaip\u0117doje.","og_url":"https:\/\/elmeistrai.lt\/pl\/volvo-navigacija\/","og_site_name":"Vilniuje, Kaune, Klaip\u0117doje, \u0160iauliuose","article_publisher":"https:\/\/www.facebook.com\/elmeistrai.lt\/","article_modified_time":"2022-04-09T21:58:38+00:00","og_image":[{"url":"https:\/\/elmeistrai.lt\/wp-content\/uploads\/2019\/04\/RTI-MMM2-volvo-navigacija-150x110.jpg","type":"","width":"","height":""}],"twitter_card":"summary_large_image","twitter_misc":{"Szacowany czas czytania":"6 minut"},"schema":{"@context":"https:\/\/schema.org","@graph":[{"@type":"NewsArticle","@id":"https:\/\/elmeistrai.lt\/pl\/volvo-navigacija\/#article","isPartOf":{"@id":"https:\/\/elmeistrai.lt\/pl\/volvo-navigacija\/"},"author":{"name":"elMeistrai","@id":"https:\/\/elmeistrai.lt\/#\/schema\/person\/6363b621eb9606785f7f2ae9a52987f7"},"headline":"Volvo navigacija","datePublished":"2019-04-04T12:23:35+00:00","dateModified":"2022-04-09T21:58:38+00:00","mainEntityOfPage":{"@id":"https:\/\/elmeistrai.lt\/pl\/volvo-navigacija\/"},"wordCount":729,"publisher":{"@id":"https:\/\/elmeistrai.lt\/#organization"},"image":{"@id":"https:\/\/elmeistrai.lt\/pl\/volvo-navigacija\/#primaryimage"},"thumbnailUrl":"https:\/\/elmeistrai.lt\/wp-content\/uploads\/2019\/04\/RTI-MMM2-volvo-navigacija-150x110.jpg","inLanguage":"pl-PL"},{"@type":["WebPage","ItemPage"],"@id":"https:\/\/elmeistrai.lt\/pl\/volvo-navigacija\/","url":"https:\/\/elmeistrai.lt\/pl\/volvo-navigacija\/","name":"Volvo navigacija Vilniuje, Kaune, Klaip\u0117doje, \u0160iauliuose","isPartOf":{"@id":"https:\/\/elmeistrai.lt\/#website"},"primaryImageOfPage":{"@id":"https:\/\/elmeistrai.lt\/pl\/volvo-navigacija\/#primaryimage"},"image":{"@id":"https:\/\/elmeistrai.lt\/pl\/volvo-navigacija\/#primaryimage"},"thumbnailUrl":"https:\/\/elmeistrai.lt\/wp-content\/uploads\/2019\/04\/RTI-MMM2-volvo-navigacija-150x110.jpg","datePublished":"2019-04-04T12:23:35+00:00","dateModified":"2022-04-09T21:58:38+00:00","description":"Aktualizacja najnowszych map nawigacyjnych VOLVO dla Litwy i Europy - Wilno, Kowno, K\u0142ajpeda.","breadcrumb":{"@id":"https:\/\/elmeistrai.lt\/pl\/volvo-navigacija\/#breadcrumb"},"inLanguage":"pl-PL","potentialAction":[{"@type":"ReadAction","target":["https:\/\/elmeistrai.lt\/pl\/volvo-navigacija\/"]}]},{"@type":"ImageObject","inLanguage":"pl-PL","@id":"https:\/\/elmeistrai.lt\/pl\/volvo-navigacija\/#primaryimage","url":"https:\/\/elmeistrai.lt\/wp-content\/uploads\/2019\/04\/RTI-MMM2-volvo-navigacija-150x110.jpg","contentUrl":"https:\/\/elmeistrai.lt\/wp-content\/uploads\/2019\/04\/RTI-MMM2-volvo-navigacija-150x110.jpg"},{"@type":"BreadcrumbList","@id":"https:\/\/elmeistrai.lt\/pl\/volvo-navigacija\/#breadcrumb","itemListElement":[{"@type":"ListItem","position":1,"name":"Home","item":"https:\/\/elmeistrai.lt\/"},{"@type":"ListItem","position":2,"name":"Volvo navigacija"}]},{"@type":"WebSite","@id":"https:\/\/elmeistrai.lt\/#website","url":"https:\/\/elmeistrai.lt\/","name":"Wilno, Kowno, K\u0142ajpeda, Szawle","description":"Naprawa elektroniki domowej i firmowej. Nape\u0142nianie kartrid\u017cy.","publisher":{"@id":"https:\/\/elmeistrai.lt\/#organization"},"potentialAction":[{"@type":"SearchAction","target":{"@type":"EntryPoint","urlTemplate":"https:\/\/elmeistrai.lt\/?s={search_term_string}"},"query-input":{"@type":"PropertyValueSpecification","valueRequired":true,"valueName":"search_term_string"}}],"inLanguage":"pl-PL"},{"@type":"Organization","@id":"https:\/\/elmeistrai.lt\/#organization","name":"elMeistrai.lt","alternateName":"Kavos aparat\u0173, paspirtuk\u0173, televizori\u0173, kompiuteri\u0173, telefon\u0173 ir kt. technikos remontas","url":"https:\/\/elmeistrai.lt\/","logo":{"@type":"ImageObject","inLanguage":"pl-PL","@id":"https:\/\/elmeistrai.lt\/#\/schema\/logo\/image\/","url":"https:\/\/elmeistrai.lt\/wp-content\/uploads\/2022\/09\/elmeistrai_logo.jpg","contentUrl":"https:\/\/elmeistrai.lt\/wp-content\/uploads\/2022\/09\/elmeistrai_logo.jpg","width":556,"height":143,"caption":"elMeistrai.lt"},"image":{"@id":"https:\/\/elmeistrai.lt\/#\/schema\/logo\/image\/"},"sameAs":["https:\/\/www.facebook.com\/elmeistrai.lt\/"]},{"@type":"Person","@id":"https:\/\/elmeistrai.lt\/#\/schema\/person\/6363b621eb9606785f7f2ae9a52987f7","name":"elMeistrai","image":{"@type":"ImageObject","inLanguage":"pl-PL","@id":"https:\/\/secure.gravatar.com\/avatar\/052f2d9640381d6904c5c0676ac3cc3d7ad734def78df3657e571451cad9870d?s=96&d=mm&r=g","url":"https:\/\/secure.gravatar.com\/avatar\/052f2d9640381d6904c5c0676ac3cc3d7ad734def78df3657e571451cad9870d?s=96&d=mm&r=g","contentUrl":"https:\/\/secure.gravatar.com\/avatar\/052f2d9640381d6904c5c0676ac3cc3d7ad734def78df3657e571451cad9870d?s=96&d=mm&r=g","caption":"elMeistrai"},"url":"https:\/\/elmeistrai.lt\/pl\/author\/yipkxe\/"}]}},"uagb_featured_image_src":{"full":false,"thumbnail":false,"medium":false,"medium_large":false,"large":false,"1536x1536":false,"2048x2048":false,"trp-custom-language-flag":false,"writemag-1218w-autoh-image":false,"writemag-675w-autoh-image":false,"writemag-100w-100h-image":false},"uagb_author_info":{"display_name":"elMeistrai","author_link":"https:\/\/elmeistrai.lt\/pl\/author\/yipkxe\/"},"uagb_comment_info":0,"uagb_excerpt":"VOLVO navigacijos Lietuvos ir Europos \u017eem\u0117lapiai sistemoms RTI MMM2 su DVD 1. Navigacijos diskas su \u017eem\u0117lapiais:Austrija, Belgija, \u0160veicarija, \u010cekija, Vokietija,...","rttpg_featured_image_url":null,"rttpg_author":{"display_name":"elMeistrai","author_link":"https:\/\/elmeistrai.lt\/pl\/author\/yipkxe\/"},"rttpg_comment":0,"rttpg_category":null,"rttpg_excerpt":"VOLVO navigacijos Lietuvos ir Europos \u017eem\u0117lapiai sistemoms RTI MMM2 su DVD 1. Navigacijos diskas su \u017eem\u0117lapiais:Austrija, Belgija, \u0160veicarija, \u010cekija, Vokietija,...","_links":{"self":[{"href":"https:\/\/elmeistrai.lt\/pl\/wp-json\/wp\/v2\/pages\/813","targetHints":{"allow":["GET"]}}],"collection":[{"href":"https:\/\/elmeistrai.lt\/pl\/wp-json\/wp\/v2\/pages"}],"about":[{"href":"https:\/\/elmeistrai.lt\/pl\/wp-json\/wp\/v2\/types\/page"}],"author":[{"embeddable":true,"href":"https:\/\/elmeistrai.lt\/pl\/wp-json\/wp\/v2\/users\/1"}],"replies":[{"embeddable":true,"href":"https:\/\/elmeistrai.lt\/pl\/wp-json\/wp\/v2\/comments?post=813"}],"version-history":[{"count":8,"href":"https:\/\/elmeistrai.lt\/pl\/wp-json\/wp\/v2\/pages\/813\/revisions"}],"predecessor-version":[{"id":1543,"href":"https:\/\/elmeistrai.lt\/pl\/wp-json\/wp\/v2\/pages\/813\/revisions\/1543"}],"wp:attachment":[{"href":"https:\/\/elmeistrai.lt\/pl\/wp-json\/wp\/v2\/media?parent=813"}],"curies":[{"name":"wp","href":"https:\/\/api.w.org\/{rel}","templated":true}]}}