{"id":482,"date":"2019-04-01T07:29:59","date_gmt":"2019-04-01T09:29:59","guid":{"rendered":"https:\/\/elmeistrai.lt\/?page_id=482"},"modified":"2022-04-09T19:48:53","modified_gmt":"2022-04-09T21:48:53","slug":"lexus-navigacija","status":"publish","type":"page","link":"https:\/\/elmeistrai.lt\/pl\/lexus-navigacija\/","title":{"rendered":"Nawigacja Lexus"},"content":{"rendered":"<h2 class=\"wp-block-heading\">Mapy nawigacyjne LEXUS Litwy i Europy dla system\u00f3w z ekranem dotykowym i DVD B9000,B9001,B9002,B9003,B9004,B9005,B9006,B9007,B9008,<br>B9009, B9010, B9013, B9017, B9030 (Gen03, Gen05, Gen08, G3, G5, G8, TNS600, TNS700, B z ekranem dotykowym) - <strong>pe\u0142na Europa<\/strong>  <strong>*Tylko Lexus z UE*<\/strong><\/h2>\n\n\n\n<div class=\"wp-block-image\"><figure class=\"alignright\"><img loading=\"lazy\" decoding=\"async\" width=\"150\" height=\"150\" src=\"https:\/\/elmeistrai.lt\/wp-content\/uploads\/2019\/04\/lexus-navigacijos-paleidimas-150x150.png\" alt=\"\" class=\"wp-image-483\"\/><\/figure><\/div>\n\n\n<p><strong>1 p\u0142yta nawigacyjna z mapami: <br><\/strong>Andora, Belgia, Francja, Irlandia, Wielka Brytania, W\u0142ochy, Liechtenstein, Luksemburg, Monako, Holandia, Portugalia, Hiszpania, San Marino, Szwajcaria, Watykan. <br><strong>2 P\u0142yta nawigacyjna z mapami: <\/strong><br>Austria, Belgia, Czechy, Estonia, \u0141otwa, Polska, <strong>Litwa (szczeg\u00f3\u0142y)<\/strong>Dania, Finlandia, Niemcy, Liechtenstein, Luksemburg, Norwegia, Holandia, S\u0142owacja, Szwecja, Szwajcaria. <br><strong>3 P\u0142yta nawigacyjna z mapami: <\/strong><br>Austria, Bu\u0142garia, Chorwacja, Czechy, Grecja, W\u0119gry, W\u0142ochy, Liechtenstein, Polska, Rumunia, San Marino, S\u0142owacja, S\u0142owenia, Szwajcaria, Turcja, Watykan.<\/p>\n<p><strong>Przydatno\u015b\u0107: <\/strong><br><em>2004-2010 w r\u00f3\u017cnych pojazdach Lexus.<\/em><\/p>\n<p><strong>Dodatkowe informacje:<\/strong><br>Identyfikacja systemu: <br>1. Dost\u0119pne s\u0105 zrzuty ekranu programu uruchamiaj\u0105cego. Mo\u017cna ich u\u017cy\u0107 do identyfikacji. Identyfikacja na podstawie koloru t\u0142a. <br>2. Model nawigacji B9xxxx jest zwykle zapisany na ramce ekranu, zwykle w prawym dolnym rogu.<br>3. Karta SD nie mo\u017ce by\u0107 w\u0142o\u017cona.<br>4. Nie mo\u017ce by\u0107 wewn\u0119trznego dysku twardego.<br>5. Ekran musi by\u0107 dotykowy.<br>6. Samoch\u00f3d musi by\u0107 zbudowany w latach 2004-2012.<br>Procedura uruchamiania p\u0142yty: <br>1. Wyjmij star\u0105 p\u0142yt\u0119 nawigacyjn\u0105 (je\u015bli jest zamontowana).<br>2. Od\u0142\u0105cz akumulator i odczekaj 5 minut (od\u0142\u0105cz tylko jeden zacisk akumulatora).<br>3. W\u0142\u0105czenie zap\u0142onu lub uruchomienie samochodu. Ekran nawigacji musi wy\u015bwietla\u0107 chi\u0144skie znaki i nic nie mo\u017ce by\u0107 za\u0142adowane. Je\u015bli taki komunikat nie jest widoczny, nale\u017cy ponownie od\u0142\u0105czy\u0107 akumulator na 10 minut.<br>4. Je\u015bli widoczny jest chi\u0144ski napis, w\u0142o\u017cona zosta\u0142a nowa p\u0142yta.<br>Uwaga! W przypadku w\u0142o\u017cenia p\u0142yty nawigacyjnej bez wykonania tej procedury p\u0142yta zablokuje si\u0119 w systemie lub mapy nie b\u0119d\u0105 dzia\u0142a\u0107 prawid\u0142owo. Procedura ta jest konieczna. <\/p>\n<p><strong>1 rok gwarancji | Najnowsze mapy | Najlepsza cena | Wilno, Kowno, K\u0142ajpeda<\/strong><\/p>\n<hr>\n\n\n<h2 class=\"wp-block-heading\">Mapy nawigacyjne LEXUS Litwy i Europy dla system\u00f3w z ekranem dotykowym i DVD B9000,B9001,B9002,B9003,B9004,B9005,B9006,B9007,B9008,<br>B9009, B9010, B9013, B9017, B9030 (Gen03, Gen05, Gen08, G3, G5, G8, TNS600, TNS700, B z ekranem dotykowym) - <strong>Kraje ba\u0142tyckie + Rosja <\/strong>  <strong>*Tylko Lexus z UE*<\/strong><\/h2>\n\n\n\n<div class=\"wp-block-image\"><figure class=\"alignright\"><img loading=\"lazy\" decoding=\"async\" width=\"150\" height=\"150\" src=\"https:\/\/elmeistrai.lt\/wp-content\/uploads\/2019\/04\/lexus-navigacijos-paleidimas-1-150x150.png\" alt=\"\" class=\"wp-image-488\"\/><\/figure><\/div>\n\n\n<p><strong>1 p\u0142yta nawigacyjna z mapami: <\/strong><br>Estonia, \u0141otwa, <strong>Litwa (szczeg\u00f3\u0142y)<\/strong>Rosja<\/p>\n<p><strong>Przydatno\u015b\u0107:<\/strong><br><em>2004-2010 w r\u00f3\u017cnych pojazdach Lexus.<\/em><\/p>\n<p><strong>Dodatkowe informacje:<\/strong><br>Identyfikacja systemu: <br>1. Dost\u0119pne s\u0105 zrzuty ekranu programu uruchamiaj\u0105cego. Mo\u017cna ich u\u017cy\u0107 do identyfikacji. <br>2. Model nawigacji B9xxxx jest zwykle zapisany na ramce ekranu, zwykle w prawym dolnym rogu.<br>3. Karta SD nie mo\u017ce by\u0107 w\u0142o\u017cona.<br>4. Nie mo\u017ce by\u0107 wewn\u0119trznego dysku twardego.<br>5. Ekran musi by\u0107 dotykowy.<br>6. Samoch\u00f3d musi by\u0107 zbudowany w latach 2004-2012. <br>Procedura uruchamiania p\u0142yty: <br>1. Wyjmij star\u0105 p\u0142yt\u0119 nawigacyjn\u0105 (je\u015bli jest zamontowana).<br>2. Od\u0142\u0105cz akumulator i odczekaj 5 minut (od\u0142\u0105cz tylko jeden zacisk akumulatora).<br>3. W\u0142\u0105czenie zap\u0142onu lub uruchomienie samochodu. Ekran nawigacji musi wy\u015bwietla\u0107 chi\u0144skie znaki i nic nie mo\u017ce by\u0107 za\u0142adowane. Je\u015bli taki komunikat nie jest widoczny, nale\u017cy ponownie od\u0142\u0105czy\u0107 akumulator na 10 minut.<br>4. Je\u015bli widoczny jest chi\u0144ski napis, w\u0142o\u017cona zosta\u0142a nowa p\u0142yta.<br>Uwaga! W przypadku w\u0142o\u017cenia p\u0142yty nawigacyjnej bez wykonania tej procedury p\u0142yta zablokuje si\u0119 w systemie lub mapy nie b\u0119d\u0105 dzia\u0142a\u0107 prawid\u0142owo. Procedura ta jest konieczna. <\/p>\n<p><strong>1 rok gwarancji | Najnowsze mapy | Najlepsza cena | Wilno, Kowno, K\u0142ajpeda<\/strong><\/p>\n<hr>\n\n\n<h2 class=\"wp-block-heading\">Mapy nawigacyjne LEXUS dla Litwy i Europy dla system\u00f3w z dyskiem twardym<strong>*EU Lexus*<\/strong><\/h2>\n\n\n\n<div class=\"wp-block-image\"><figure class=\"alignright\"><img loading=\"lazy\" decoding=\"async\" width=\"136\" height=\"70\" src=\"https:\/\/elmeistrai.lt\/wp-content\/uploads\/2019\/04\/Lexus-navigacija-3.jpg\" alt=\"\" class=\"wp-image-495\"\/><\/figure><\/div>\n\n\n<p><strong>Aktualizacja map nawigacyjnych:<br>Litwa (szczeg\u00f3\u0142y)<\/strong> a Europa jest pe\u0142na.<\/p>\n<p><strong>Przydatno\u015b\u0107:<\/strong><br><em>Lexus RX 2008 - 2012<\/em><\/p>\n<p><strong>1 rok gwarancji | Najnowsze mapy | Najlepsza cena | Wilno, Kowno, K\u0142ajpeda<\/strong><\/p>\n<hr>\n\n\n<h2 class=\"wp-block-heading\">Mapy nawigacyjne LEXUS dla Litwy i Europy Generacja 5 Gen05 Gen05 Gen05 Ekran dotykowy Denso 2.4X <strong>*Tylko dla ameryka\u0144skich Lexus\u00f3w<\/strong><\/h2>\n\n\n<p><strong>1 p\u0142yta nawigacyjna z mapami: <br><\/strong>Andora, Belgia, Francja, Irlandia, Wielka Brytania, W\u0142ochy, Liechtenstein, Luksemburg, Monako, Holandia, Portugalia, Hiszpania, San Marino, Szwajcaria, Watykan. <br><strong>2 P\u0142yta nawigacyjna z mapami: <br><\/strong>Austria, Belgia, Czechy, Estonia, \u0141otwa, Polska, <strong>Litwa (szczeg\u00f3\u0142y)<\/strong>Dania, Finlandia, Niemcy, Liechtenstein, Luksemburg, Norwegia, Holandia, S\u0142owacja, Szwecja, Szwajcaria. <br><strong>3 P\u0142yta nawigacyjna z mapami: <br><\/strong>Austria, Bu\u0142garia, Chorwacja, Czechy, Grecja, W\u0119gry, W\u0142ochy, Liechtenstein, Polska, Rumunia, San Marino, S\u0142owacja, S\u0142owenia, Szwajcaria, Turcja, Watykan.<\/p>\n<p><strong>Przydatno\u015b\u0107: <\/strong><br><em>Lexus LS 2007 - 2009 <br>Lexus ES 2007 - 2009<br>Lexus RX 2007 - 2009<br>Lexus IS 2006 - 2009<br>Lexus GS 2007 - 2009<\/em><\/p>\n<p><strong>1 rok gwarancji | Najnowsze mapy | Najlepsza cena | Wilno, Kowno, K\u0142ajpeda<\/strong><\/p>\n<hr>\n\n\n<h2 class=\"wp-block-heading\">Mapy nawigacyjne LEXUS dla Litwy i Europy Generacja 5 Gen05 Gen05 Gen05 Ekran dotykowy Denso 2.4X <strong>*Tylko dla ameryka\u0144skich Lexus\u00f3w<\/strong><\/h2>\n\n\n<p><strong>1 p\u0142yta nawigacyjna z mapami: <br><\/strong>Estonia, \u0141otwa, <strong>Litwa (szczeg\u00f3\u0142y)<\/strong>Rosja.<\/p>\n<p><strong>Przydatno\u015b\u0107: <\/strong><br><em>Lexus LS 2007 - 2009 <br>Lexus ES 2007 - 2009<br>Lexus RX 2007 - 2009<br>Lexus IS 2006 - 2009<br>Lexus GS 2007 - 2009<\/em><\/p>\n<p><strong>1 rok gwarancji | Najnowsze mapy | Najlepsza cena | Wilno, Kowno, K\u0142ajpeda<\/strong><\/p>\n<hr>\n\n\n<h2 class=\"wp-block-heading\">Mapy nawigacyjne LEXUS dla Litwy i Europy Generacja 4 Gen04 Systemy z ekranem dotykowym Denso 2.4X <strong>*Tylko dla ameryka\u0144skich Lexus\u00f3w<\/strong><\/h2>\n\n\n<p><strong>1 p\u0142yta nawigacyjna z mapami: <br><\/strong>Andora, Belgia, Francja, Irlandia, Wielka Brytania, W\u0142ochy, Liechtenstein, Luksemburg, Monako, Holandia, Portugalia, Hiszpania, San Marino, Szwajcaria, Watykan. <br><strong>2 P\u0142yta nawigacyjna z mapami:<br><\/strong>Austria, Belgia, Czechy, Estonia, \u0141otwa, Polska, <strong>Litwa (szczeg\u00f3\u0142y)<\/strong>Dania, Finlandia, Niemcy, Liechtenstein, Luksemburg, Norwegia, Holandia, S\u0142owacja, Szwecja, Szwajcaria. <br><strong>3 P\u0142yta nawigacyjna z mapami: <br><\/strong>Austria, Bu\u0142garia, Chorwacja, Czechy, Grecja, W\u0119gry, W\u0142ochy, Liechtenstein, Polska, Rumunia, San Marino, S\u0142owacja, S\u0142owenia, Szwajcaria, Turcja, Watykan.<\/p>\n<p><strong>Przydatno\u015b\u0107: <\/strong><br><em>Lexus LS 2004 - 2006<br>Lexus SC 2005 - 2009 <br>Lexus RX 2005 - 2006 <br>Lexus LX 2004 - 2007 <br>Lexus GX 2005 - 2006<br>Lexus GS 2006 <br>Lexus ES 2004 - 2006<\/em><\/p>\n<p><strong>1 rok gwarancji | Najnowsze mapy | Najlepsza cena | Wilno, Kowno, K\u0142ajpeda<\/strong><\/p>\n<hr>\n\n\n<h2 class=\"wp-block-heading\">Mapy nawigacyjne LEXUS dla Litwy i Europy Generacja 4 Gen04 Systemy z ekranem dotykowym Denso 2.4X <strong>*Tylko dla ameryka\u0144skich Lexus\u00f3w<\/strong><\/h2>\n\n\n<p><strong>1 p\u0142yta nawigacyjna z mapami: <\/strong><br>Estonia, \u0141otwa, <strong>Litwa (szczeg\u00f3\u0142y)<\/strong>Rosja.<\/p>\n<p><strong>Przydatno\u015b\u0107:<\/strong><br><em>Lexus LS 2004 - 2006<br>Lexus SC 2005 - 2009<br>Lexus RX 2005 - 2006 <br>Lexus LX 2004 - 2007 <br>Lexus GX 2005 - 2006<br>Lexus GS 2006 <br>Lexus ES 2004 - 2006<\/em> m.<\/p>\n<p><strong>1 rok gwarancji | Najnowsze mapy | Najlepsza cena | Wilno, Kowno, K\u0142ajpeda<\/strong><\/p>\n<hr>\n\n\n<h2 class=\"wp-block-heading\">Mapy nawigacyjne LEXUS dla Litwy i Europy Generacja 2 Generacja 3 Gen. 2 Gen. 3 Gen02 Gen03 Ekran dotykowy Denso 2.3 <strong>*Tylko dla ameryka\u0144skich Lexus\u00f3w<\/strong><\/h2>\n\n\n<p><strong>1 p\u0142yta nawigacyjna z mapami:<br><\/strong>Albania, Austria, Bia\u0142oru\u015b, Bo\u015bnia i Hercegowina, Bu\u0142garia, Chorwacja, Czechy, Estonia, Grecja, W\u0119gry, Czarnog\u00f3ra, \u0141otwa, <strong>Litwa (szczeg\u00f3\u0142y)<\/strong>W\u0119gry, Polska, Macedonia, Mo\u0142dawia, Serbia, S\u0142owacja, Rumunia, Ukraina.<\/p>\n<p><strong>Przydatno\u015b\u0107:  <\/strong><br><em>Lexus GS 2001 - 2005 <br>Lexus LS 2001 - 2003<br>Lexus ES 2002 - 2003<br>Lexus RX 2001 - 2004<br>Lexus LX 2001 - 2003<br>Lexus IS 2002 - 2005<br>Lexus SC 2002 - 2004<br>Lexus GX 2003 - 2004<\/em> m.<\/p>\n<p><strong>1 rok gwarancji | Najnowsze mapy | Najlepsza cena | Wilno, Kowno, K\u0142ajpeda<\/strong> <\/p>\n<hr>\n\n\n<p><\/p>","protected":false},"excerpt":{"rendered":"<p>LEXUS navigacijos Lietuvos ir Europos \u017eem\u0117lapiai sistemoms lie\u010diamu ekranu su DVD B9000,B9001,B9002,B9003,B9004,B9005,B9006,B9007,B9008,B9009,B9010,B9013,B9017,B9030 (Gen03, Gen05, Gen08, G3, G5, G8, TNS600, TNS700,\u2026<\/p>","protected":false},"author":1,"featured_media":0,"parent":0,"menu_order":0,"comment_status":"closed","ping_status":"closed","template":"","meta":{"_uag_custom_page_level_css":"","footnotes":""},"class_list":["post-482","page","type-page","status-publish","hentry"],"yoast_head":"<!-- This site is optimized with the Yoast SEO plugin v27.3 - https:\/\/yoast.com\/product\/yoast-seo-wordpress\/ -->\n<title>Lexus navigacija Vilniuje, Kaune, Klaip\u0117doje, \u0160iauliuose<\/title>\n<meta name=\"description\" content=\"LEXUS navigacijos Lietuvos ir Europos naujausi\u0173 \u017eem\u0117lapi\u0173 atnaujinimas - Vilniuje, Kaune, Klaip\u0117doje.\" \/>\n<meta name=\"robots\" content=\"index, follow, max-snippet:-1, max-image-preview:large, max-video-preview:-1\" \/>\n<link rel=\"canonical\" href=\"https:\/\/elmeistrai.lt\/pl\/lexus-navigacija\/\" \/>\n<meta property=\"og:locale\" content=\"pl_PL\" \/>\n<meta property=\"og:type\" content=\"article\" \/>\n<meta property=\"og:title\" content=\"Lexus navigacija Vilniuje, Kaune, Klaip\u0117doje, \u0160iauliuose\" \/>\n<meta property=\"og:description\" content=\"LEXUS navigacijos Lietuvos ir Europos naujausi\u0173 \u017eem\u0117lapi\u0173 atnaujinimas - Vilniuje, Kaune, Klaip\u0117doje.\" \/>\n<meta property=\"og:url\" content=\"https:\/\/elmeistrai.lt\/pl\/lexus-navigacija\/\" \/>\n<meta property=\"og:site_name\" content=\"Vilniuje, Kaune, Klaip\u0117doje, \u0160iauliuose\" \/>\n<meta property=\"article:publisher\" content=\"https:\/\/www.facebook.com\/elmeistrai.lt\/\" \/>\n<meta property=\"article:modified_time\" content=\"2022-04-09T21:48:53+00:00\" \/>\n<meta property=\"og:image\" content=\"https:\/\/elmeistrai.lt\/wp-content\/uploads\/2019\/04\/lexus-navigacijos-paleidimas-150x150.png\" \/>\n<meta name=\"twitter:card\" content=\"summary_large_image\" \/>\n<meta name=\"twitter:label1\" content=\"Szacowany czas czytania\" \/>\n\t<meta name=\"twitter:data1\" content=\"6 minut\" \/>\n<script type=\"application\/ld+json\" class=\"yoast-schema-graph\">{\"@context\":\"https:\\\/\\\/schema.org\",\"@graph\":[{\"@type\":\"NewsArticle\",\"@id\":\"https:\\\/\\\/elmeistrai.lt\\\/lexus-navigacija\\\/#article\",\"isPartOf\":{\"@id\":\"https:\\\/\\\/elmeistrai.lt\\\/lexus-navigacija\\\/\"},\"author\":{\"name\":\"elMeistrai\",\"@id\":\"https:\\\/\\\/elmeistrai.lt\\\/#\\\/schema\\\/person\\\/6363b621eb9606785f7f2ae9a52987f7\"},\"headline\":\"Lexus navigacija\",\"datePublished\":\"2019-04-01T09:29:59+00:00\",\"dateModified\":\"2022-04-09T21:48:53+00:00\",\"mainEntityOfPage\":{\"@id\":\"https:\\\/\\\/elmeistrai.lt\\\/lexus-navigacija\\\/\"},\"wordCount\":1035,\"publisher\":{\"@id\":\"https:\\\/\\\/elmeistrai.lt\\\/#organization\"},\"image\":{\"@id\":\"https:\\\/\\\/elmeistrai.lt\\\/lexus-navigacija\\\/#primaryimage\"},\"thumbnailUrl\":\"https:\\\/\\\/elmeistrai.lt\\\/wp-content\\\/uploads\\\/2019\\\/04\\\/lexus-navigacijos-paleidimas-150x150.png\",\"inLanguage\":\"pl-PL\"},{\"@type\":[\"WebPage\",\"ItemPage\"],\"@id\":\"https:\\\/\\\/elmeistrai.lt\\\/lexus-navigacija\\\/\",\"url\":\"https:\\\/\\\/elmeistrai.lt\\\/lexus-navigacija\\\/\",\"name\":\"Lexus navigacija Vilniuje, Kaune, Klaip\u0117doje, \u0160iauliuose\",\"isPartOf\":{\"@id\":\"https:\\\/\\\/elmeistrai.lt\\\/#website\"},\"primaryImageOfPage\":{\"@id\":\"https:\\\/\\\/elmeistrai.lt\\\/lexus-navigacija\\\/#primaryimage\"},\"image\":{\"@id\":\"https:\\\/\\\/elmeistrai.lt\\\/lexus-navigacija\\\/#primaryimage\"},\"thumbnailUrl\":\"https:\\\/\\\/elmeistrai.lt\\\/wp-content\\\/uploads\\\/2019\\\/04\\\/lexus-navigacijos-paleidimas-150x150.png\",\"datePublished\":\"2019-04-01T09:29:59+00:00\",\"dateModified\":\"2022-04-09T21:48:53+00:00\",\"description\":\"LEXUS navigacijos Lietuvos ir Europos naujausi\u0173 \u017eem\u0117lapi\u0173 atnaujinimas - Vilniuje, Kaune, Klaip\u0117doje.\",\"breadcrumb\":{\"@id\":\"https:\\\/\\\/elmeistrai.lt\\\/lexus-navigacija\\\/#breadcrumb\"},\"inLanguage\":\"pl-PL\",\"potentialAction\":[{\"@type\":\"ReadAction\",\"target\":[\"https:\\\/\\\/elmeistrai.lt\\\/lexus-navigacija\\\/\"]}]},{\"@type\":\"ImageObject\",\"inLanguage\":\"pl-PL\",\"@id\":\"https:\\\/\\\/elmeistrai.lt\\\/lexus-navigacija\\\/#primaryimage\",\"url\":\"https:\\\/\\\/elmeistrai.lt\\\/wp-content\\\/uploads\\\/2019\\\/04\\\/lexus-navigacijos-paleidimas-150x150.png\",\"contentUrl\":\"https:\\\/\\\/elmeistrai.lt\\\/wp-content\\\/uploads\\\/2019\\\/04\\\/lexus-navigacijos-paleidimas-150x150.png\"},{\"@type\":\"BreadcrumbList\",\"@id\":\"https:\\\/\\\/elmeistrai.lt\\\/lexus-navigacija\\\/#breadcrumb\",\"itemListElement\":[{\"@type\":\"ListItem\",\"position\":1,\"name\":\"Home\",\"item\":\"https:\\\/\\\/elmeistrai.lt\\\/\"},{\"@type\":\"ListItem\",\"position\":2,\"name\":\"Lexus navigacija\"}]},{\"@type\":\"WebSite\",\"@id\":\"https:\\\/\\\/elmeistrai.lt\\\/#website\",\"url\":\"https:\\\/\\\/elmeistrai.lt\\\/\",\"name\":\"Vilniuje, Kaune, Klaip\u0117doje, \u0160iauliuose\",\"description\":\"Nam\u0173 ir verslo elektronikos prietais\u0173 remontas. Kase\u010di\u0173 pildymas.\",\"publisher\":{\"@id\":\"https:\\\/\\\/elmeistrai.lt\\\/#organization\"},\"potentialAction\":[{\"@type\":\"SearchAction\",\"target\":{\"@type\":\"EntryPoint\",\"urlTemplate\":\"https:\\\/\\\/elmeistrai.lt\\\/?s={search_term_string}\"},\"query-input\":{\"@type\":\"PropertyValueSpecification\",\"valueRequired\":true,\"valueName\":\"search_term_string\"}}],\"inLanguage\":\"pl-PL\"},{\"@type\":\"Organization\",\"@id\":\"https:\\\/\\\/elmeistrai.lt\\\/#organization\",\"name\":\"elMeistrai.lt\",\"alternateName\":\"Kavos aparat\u0173, paspirtuk\u0173, televizori\u0173, kompiuteri\u0173, telefon\u0173 ir kt. technikos remontas\",\"url\":\"https:\\\/\\\/elmeistrai.lt\\\/\",\"logo\":{\"@type\":\"ImageObject\",\"inLanguage\":\"pl-PL\",\"@id\":\"https:\\\/\\\/elmeistrai.lt\\\/#\\\/schema\\\/logo\\\/image\\\/\",\"url\":\"https:\\\/\\\/elmeistrai.lt\\\/wp-content\\\/uploads\\\/2022\\\/09\\\/elmeistrai_logo.jpg\",\"contentUrl\":\"https:\\\/\\\/elmeistrai.lt\\\/wp-content\\\/uploads\\\/2022\\\/09\\\/elmeistrai_logo.jpg\",\"width\":556,\"height\":143,\"caption\":\"elMeistrai.lt\"},\"image\":{\"@id\":\"https:\\\/\\\/elmeistrai.lt\\\/#\\\/schema\\\/logo\\\/image\\\/\"},\"sameAs\":[\"https:\\\/\\\/www.facebook.com\\\/elmeistrai.lt\\\/\"]},{\"@type\":\"Person\",\"@id\":\"https:\\\/\\\/elmeistrai.lt\\\/#\\\/schema\\\/person\\\/6363b621eb9606785f7f2ae9a52987f7\",\"name\":\"elMeistrai\",\"image\":{\"@type\":\"ImageObject\",\"inLanguage\":\"pl-PL\",\"@id\":\"https:\\\/\\\/secure.gravatar.com\\\/avatar\\\/052f2d9640381d6904c5c0676ac3cc3d7ad734def78df3657e571451cad9870d?s=96&d=mm&r=g\",\"url\":\"https:\\\/\\\/secure.gravatar.com\\\/avatar\\\/052f2d9640381d6904c5c0676ac3cc3d7ad734def78df3657e571451cad9870d?s=96&d=mm&r=g\",\"contentUrl\":\"https:\\\/\\\/secure.gravatar.com\\\/avatar\\\/052f2d9640381d6904c5c0676ac3cc3d7ad734def78df3657e571451cad9870d?s=96&d=mm&r=g\",\"caption\":\"elMeistrai\"},\"url\":\"https:\\\/\\\/elmeistrai.lt\\\/pl\\\/author\\\/yipkxe\\\/\"}]}<\/script>\n<!-- \/ Yoast SEO plugin. -->","yoast_head_json":{"title":"Lexus navigacija Vilniuje, Kaune, Klaip\u0117doje, \u0160iauliuose","description":"Aktualizacja nawigacji LEXUS z najnowszymi mapami Litwy i Europy - Wilno, Kowno, K\u0142ajpeda.","robots":{"index":"index","follow":"follow","max-snippet":"max-snippet:-1","max-image-preview":"max-image-preview:large","max-video-preview":"max-video-preview:-1"},"canonical":"https:\/\/elmeistrai.lt\/pl\/lexus-navigacija\/","og_locale":"pl_PL","og_type":"article","og_title":"Lexus navigacija Vilniuje, Kaune, Klaip\u0117doje, \u0160iauliuose","og_description":"LEXUS navigacijos Lietuvos ir Europos naujausi\u0173 \u017eem\u0117lapi\u0173 atnaujinimas - Vilniuje, Kaune, Klaip\u0117doje.","og_url":"https:\/\/elmeistrai.lt\/pl\/lexus-navigacija\/","og_site_name":"Vilniuje, Kaune, Klaip\u0117doje, \u0160iauliuose","article_publisher":"https:\/\/www.facebook.com\/elmeistrai.lt\/","article_modified_time":"2022-04-09T21:48:53+00:00","og_image":[{"url":"https:\/\/elmeistrai.lt\/wp-content\/uploads\/2019\/04\/lexus-navigacijos-paleidimas-150x150.png","type":"","width":"","height":""}],"twitter_card":"summary_large_image","twitter_misc":{"Szacowany czas czytania":"6 minut"},"schema":{"@context":"https:\/\/schema.org","@graph":[{"@type":"NewsArticle","@id":"https:\/\/elmeistrai.lt\/lexus-navigacija\/#article","isPartOf":{"@id":"https:\/\/elmeistrai.lt\/lexus-navigacija\/"},"author":{"name":"elMeistrai","@id":"https:\/\/elmeistrai.lt\/#\/schema\/person\/6363b621eb9606785f7f2ae9a52987f7"},"headline":"Lexus navigacija","datePublished":"2019-04-01T09:29:59+00:00","dateModified":"2022-04-09T21:48:53+00:00","mainEntityOfPage":{"@id":"https:\/\/elmeistrai.lt\/lexus-navigacija\/"},"wordCount":1035,"publisher":{"@id":"https:\/\/elmeistrai.lt\/#organization"},"image":{"@id":"https:\/\/elmeistrai.lt\/lexus-navigacija\/#primaryimage"},"thumbnailUrl":"https:\/\/elmeistrai.lt\/wp-content\/uploads\/2019\/04\/lexus-navigacijos-paleidimas-150x150.png","inLanguage":"pl-PL"},{"@type":["WebPage","ItemPage"],"@id":"https:\/\/elmeistrai.lt\/lexus-navigacija\/","url":"https:\/\/elmeistrai.lt\/lexus-navigacija\/","name":"Lexus navigacija Vilniuje, Kaune, Klaip\u0117doje, \u0160iauliuose","isPartOf":{"@id":"https:\/\/elmeistrai.lt\/#website"},"primaryImageOfPage":{"@id":"https:\/\/elmeistrai.lt\/lexus-navigacija\/#primaryimage"},"image":{"@id":"https:\/\/elmeistrai.lt\/lexus-navigacija\/#primaryimage"},"thumbnailUrl":"https:\/\/elmeistrai.lt\/wp-content\/uploads\/2019\/04\/lexus-navigacijos-paleidimas-150x150.png","datePublished":"2019-04-01T09:29:59+00:00","dateModified":"2022-04-09T21:48:53+00:00","description":"Aktualizacja nawigacji LEXUS z najnowszymi mapami Litwy i Europy - Wilno, Kowno, K\u0142ajpeda.","breadcrumb":{"@id":"https:\/\/elmeistrai.lt\/lexus-navigacija\/#breadcrumb"},"inLanguage":"pl-PL","potentialAction":[{"@type":"ReadAction","target":["https:\/\/elmeistrai.lt\/lexus-navigacija\/"]}]},{"@type":"ImageObject","inLanguage":"pl-PL","@id":"https:\/\/elmeistrai.lt\/lexus-navigacija\/#primaryimage","url":"https:\/\/elmeistrai.lt\/wp-content\/uploads\/2019\/04\/lexus-navigacijos-paleidimas-150x150.png","contentUrl":"https:\/\/elmeistrai.lt\/wp-content\/uploads\/2019\/04\/lexus-navigacijos-paleidimas-150x150.png"},{"@type":"BreadcrumbList","@id":"https:\/\/elmeistrai.lt\/lexus-navigacija\/#breadcrumb","itemListElement":[{"@type":"ListItem","position":1,"name":"Home","item":"https:\/\/elmeistrai.lt\/"},{"@type":"ListItem","position":2,"name":"Lexus navigacija"}]},{"@type":"WebSite","@id":"https:\/\/elmeistrai.lt\/#website","url":"https:\/\/elmeistrai.lt\/","name":"Wilno, Kowno, K\u0142ajpeda, Szawle","description":"Naprawa elektroniki domowej i firmowej. Nape\u0142nianie kartrid\u017cy.","publisher":{"@id":"https:\/\/elmeistrai.lt\/#organization"},"potentialAction":[{"@type":"SearchAction","target":{"@type":"EntryPoint","urlTemplate":"https:\/\/elmeistrai.lt\/?s={search_term_string}"},"query-input":{"@type":"PropertyValueSpecification","valueRequired":true,"valueName":"search_term_string"}}],"inLanguage":"pl-PL"},{"@type":"Organization","@id":"https:\/\/elmeistrai.lt\/#organization","name":"elMeistrai.lt","alternateName":"Kavos aparat\u0173, paspirtuk\u0173, televizori\u0173, kompiuteri\u0173, telefon\u0173 ir kt. technikos remontas","url":"https:\/\/elmeistrai.lt\/","logo":{"@type":"ImageObject","inLanguage":"pl-PL","@id":"https:\/\/elmeistrai.lt\/#\/schema\/logo\/image\/","url":"https:\/\/elmeistrai.lt\/wp-content\/uploads\/2022\/09\/elmeistrai_logo.jpg","contentUrl":"https:\/\/elmeistrai.lt\/wp-content\/uploads\/2022\/09\/elmeistrai_logo.jpg","width":556,"height":143,"caption":"elMeistrai.lt"},"image":{"@id":"https:\/\/elmeistrai.lt\/#\/schema\/logo\/image\/"},"sameAs":["https:\/\/www.facebook.com\/elmeistrai.lt\/"]},{"@type":"Person","@id":"https:\/\/elmeistrai.lt\/#\/schema\/person\/6363b621eb9606785f7f2ae9a52987f7","name":"elMeistrai","image":{"@type":"ImageObject","inLanguage":"pl-PL","@id":"https:\/\/secure.gravatar.com\/avatar\/052f2d9640381d6904c5c0676ac3cc3d7ad734def78df3657e571451cad9870d?s=96&d=mm&r=g","url":"https:\/\/secure.gravatar.com\/avatar\/052f2d9640381d6904c5c0676ac3cc3d7ad734def78df3657e571451cad9870d?s=96&d=mm&r=g","contentUrl":"https:\/\/secure.gravatar.com\/avatar\/052f2d9640381d6904c5c0676ac3cc3d7ad734def78df3657e571451cad9870d?s=96&d=mm&r=g","caption":"elMeistrai"},"url":"https:\/\/elmeistrai.lt\/pl\/author\/yipkxe\/"}]}},"uagb_featured_image_src":{"full":false,"thumbnail":false,"medium":false,"medium_large":false,"large":false,"1536x1536":false,"2048x2048":false,"trp-custom-language-flag":false,"writemag-1218w-autoh-image":false,"writemag-675w-autoh-image":false,"writemag-100w-100h-image":false},"uagb_author_info":{"display_name":"elMeistrai","author_link":"https:\/\/elmeistrai.lt\/pl\/author\/yipkxe\/"},"uagb_comment_info":0,"uagb_excerpt":"LEXUS navigacijos Lietuvos ir Europos \u017eem\u0117lapiai sistemoms lie\u010diamu ekranu su DVD B9000,B9001,B9002,B9003,B9004,B9005,B9006,B9007,B9008,B9009,B9010,B9013,B9017,B9030 (Gen03, Gen05, Gen08, G3, G5, G8, TNS600, TNS700,...","rttpg_featured_image_url":null,"rttpg_author":{"display_name":"elMeistrai","author_link":"https:\/\/elmeistrai.lt\/pl\/author\/yipkxe\/"},"rttpg_comment":0,"rttpg_category":null,"rttpg_excerpt":"LEXUS navigacijos Lietuvos ir Europos \u017eem\u0117lapiai sistemoms lie\u010diamu ekranu su DVD B9000,B9001,B9002,B9003,B9004,B9005,B9006,B9007,B9008,B9009,B9010,B9013,B9017,B9030 (Gen03, Gen05, Gen08, G3, G5, G8, TNS600, TNS700,...","_links":{"self":[{"href":"https:\/\/elmeistrai.lt\/pl\/wp-json\/wp\/v2\/pages\/482","targetHints":{"allow":["GET"]}}],"collection":[{"href":"https:\/\/elmeistrai.lt\/pl\/wp-json\/wp\/v2\/pages"}],"about":[{"href":"https:\/\/elmeistrai.lt\/pl\/wp-json\/wp\/v2\/types\/page"}],"author":[{"embeddable":true,"href":"https:\/\/elmeistrai.lt\/pl\/wp-json\/wp\/v2\/users\/1"}],"replies":[{"embeddable":true,"href":"https:\/\/elmeistrai.lt\/pl\/wp-json\/wp\/v2\/comments?post=482"}],"version-history":[{"count":12,"href":"https:\/\/elmeistrai.lt\/pl\/wp-json\/wp\/v2\/pages\/482\/revisions"}],"predecessor-version":[{"id":1528,"href":"https:\/\/elmeistrai.lt\/pl\/wp-json\/wp\/v2\/pages\/482\/revisions\/1528"}],"wp:attachment":[{"href":"https:\/\/elmeistrai.lt\/pl\/wp-json\/wp\/v2\/media?parent=482"}],"curies":[{"name":"wp","href":"https:\/\/api.w.org\/{rel}","templated":true}]}}