{"id":441,"date":"2019-04-01T05:59:39","date_gmt":"2019-04-01T07:59:39","guid":{"rendered":"https:\/\/elmeistrai.lt\/?page_id=441"},"modified":"2022-04-09T19:59:36","modified_gmt":"2022-04-09T21:59:36","slug":"jaguar-navigacija","status":"publish","type":"page","link":"https:\/\/elmeistrai.lt\/pl\/jaguar-navigacija\/","title":{"rendered":"Nawigacja Jaguar"},"content":{"rendered":"<h2 class=\"wp-block-heading\">Mapy nawigacyjne JAGUAR Litwy i Europy dla XF XK Denso 2.64 z DVD<\/h2>\n\n\n\n<div class=\"wp-block-image\"><figure class=\"alignright\"><img loading=\"lazy\" decoding=\"async\" width=\"150\" height=\"150\" src=\"https:\/\/elmeistrai.lt\/wp-content\/uploads\/2019\/04\/jaguar-navigacija-150x150.jpg\" alt=\"\" class=\"wp-image-442\"\/><\/figure><\/div>\n\n\n\n<p><p><strong>1 p\u0142yta nawigacyjna z mapami:<\/strong><br>Austria, Belgia, Czechy, Dania, Finlandia, Niemcy, W\u0142ochy, Liechtenstein, Luksemburg, Norwegia, Holandia, San Marino, Szwecja, Szwajcaria, Watykan. <br><strong>2 P\u0142yta nawigacyjna z mapami:<\/strong><br>Andora, Francja, Irlandia, Wielka Brytania, Monako, Portugalia, Hiszpania <br><strong>3 P\u0142yta nawigacyjna z mapami:<\/strong><br>Andora, Belgia, Dania, Francja, Niemcy, Liechtenstein, Luksemburg, Monako, Holandia, Szwajcaria. <br><strong>4 P\u0142yta nawigacyjna z mapami:<\/strong><br>Albania, Austria, Bia\u0142oru\u015b, Bo\u015bnia i Hercegowina, Bu\u0142garia, Chorwacja, Czechy, Estonia, Grecja, W\u0119gry, Czarnog\u00f3ra, \u0141otwa, <strong>Litwa (szczeg\u00f3\u0142y)<\/strong>Polska, Macedonia, Mo\u0142dawia, Rumunia, Serbia, S\u0142owacja, S\u0142owenia, Turcja, Ukraina, W\u0119gry, Niemcy. <br><strong>5 P\u0142yta nawigacyjna z mapami:<\/strong><br>Europejska cz\u0119\u015b\u0107 Rosji.  <br><br><strong>Przydatno\u015b\u0107:<\/strong><br><em>Jaguar XF 2004 - 2011 <\/em><br><em>Jaguar XK 2007 - 2013<\/em><br><br><strong>1 rok gwarancji | Najnowsze mapy | Najlepsza cena | Wilno, Kowno, K\u0142ajpeda<\/strong><\/p><hr><\/p>\n\n\n\n<h2 class=\"wp-block-heading\">Mapy nawigacyjne JAGUAR Litwy i Europy dla XJ S-Type X-Type T1000 Denso XCL z DVD<\/h2>\n\n\n\n<div class=\"wp-block-image\"><figure class=\"alignright\"><img loading=\"lazy\" decoding=\"async\" width=\"150\" height=\"136\" src=\"https:\/\/elmeistrai.lt\/wp-content\/uploads\/2019\/04\/jaguar-navigacija-su-dvd-2-150x136.jpg\" alt=\"\" class=\"wp-image-449\"\/><\/figure><\/div>\n\n\n<p><strong>1 p\u0142yta nawigacyjna z mapami:<\/strong><br>Europa Zachodnia. <br><strong>2 P\u0142yta nawigacyjna z mapami:<\/strong><br>Irlandia, Andora, Austria, Bia\u0142oru\u015b, Belgia, Bo\u015bnia i Hercegowina, Bu\u0142garia, Czechy, Dania, Wielka Brytania, Estonia, Gibraltar, Grecja, Hiszpania, W\u0142ochy, Czarnog\u00f3ra, Wyspy Kanaryjskie, Chorwacja, Liechtenstein, \u0141otwa, Polska, <strong>Litwa (szczeg\u00f3\u0142y)<\/strong>Luksemburg, Macedonia, Mo\u0142dawia, Monako, Norwegia, Holandia, Portugalia, Francja, Rumunia, San Marino, Serbia, S\u0142owacja, S\u0142owenia, Finlandia, Szwecja, Szwajcaria, Ukraina, Watykan, Niemcy.<\/p>\n<p><strong>Przydatno\u015b\u0107: <\/strong><br><em>Jaguar X-Type z 2002 roku<br>Jaguar S-Type z 2003 r.<br>Jaguar XJ 2004 - 2009<\/em><\/p>\n<p><strong>1 rok gwarancji | Najnowsze mapy | Najlepsza cena | Wilno, Kowno, K\u0142ajpeda<\/strong><\/p>\n<hr>\n\n\n<h2 class=\"wp-block-heading\">Mapy nawigacyjne JAGUAR dla Litwy i Europy HDD GEN2.1 USB<\/h2>\n\n\n\n<div class=\"wp-block-image\"><figure class=\"alignright\"><img loading=\"lazy\" decoding=\"async\" width=\"156\" height=\"110\" src=\"https:\/\/elmeistrai.lt\/wp-content\/uploads\/2019\/04\/jaguar-navigacija-hdd.png\" alt=\"\" class=\"wp-image-452\"\/><\/figure><\/div>\n\n\n<p><strong>Aktualizacja map nawigacyjnych<\/strong><br>Niemcy, Austria, Andora, Belgia, Szwajcaria, Czechy, Dania, Hiszpania, Francja, Finlandia, Liechtenstein, Wielka Brytania, Grecja, Irlandia, W\u0142ochy, Luksemburg, Monako, Norwegia, Holandia, Portugalia, San Marino, Szwecja, Watykan, Rosja, Polska, W\u0119gry, Chorwacja, S\u0142owenia, Bia\u0142oru\u015b, Estonia, <strong>Litwa (szczeg\u00f3\u0142y)<\/strong>, \u0141otwa.<\/p>\n<p><strong>Przydatno\u015b\u0107: <\/strong><br><em>Jaguar XJ z 2009 r.<br>Jaguar XF od 2012 r.<\/em><\/p>\n<p><strong>Dodatkowe informacje:<\/strong><br>Nawigacja jest odpowiednia dla samochod\u00f3w z USA i UE.<\/p>\n<p><strong>1 rok gwarancji | Najnowsze mapy | Najlepsza cena | Wilno, Kowno, K\u0142ajpeda<\/strong><\/p>\n<hr>","protected":false},"excerpt":{"rendered":"<p>Nawigacja JAGUAR z mapami Litwy i Europy dla XF XK Denso 2.64 z DVD 1 P\u0142yta nawigacyjna z mapami: Austrii, Belgii,...<\/p>","protected":false},"author":1,"featured_media":0,"parent":0,"menu_order":0,"comment_status":"closed","ping_status":"closed","template":"","meta":{"_uag_custom_page_level_css":"","footnotes":""},"class_list":["post-441","page","type-page","status-publish","hentry"],"yoast_head":"<!-- This site is optimized with the Yoast SEO plugin v27.4 - https:\/\/yoast.com\/product\/yoast-seo-wordpress\/ -->\n<title>Jaguar navigacija Vilniuje, Kaune, Klaip\u0117doje, \u0160iauliuose<\/title>\n<meta name=\"description\" content=\"JAGUAR navigacijos Lietuvos ir Europos naujausi\u0173 \u017eem\u0117lapi\u0173 atnaujinimas - Vilniuje, Kaune, Klaip\u0117doje.\" \/>\n<meta name=\"robots\" content=\"index, follow, max-snippet:-1, max-image-preview:large, max-video-preview:-1\" \/>\n<link rel=\"canonical\" href=\"https:\/\/elmeistrai.lt\/pl\/jaguar-navigacija\/\" \/>\n<meta property=\"og:locale\" content=\"pl_PL\" \/>\n<meta property=\"og:type\" content=\"article\" \/>\n<meta property=\"og:title\" content=\"Jaguar navigacija Vilniuje, Kaune, Klaip\u0117doje, \u0160iauliuose\" \/>\n<meta property=\"og:description\" content=\"JAGUAR navigacijos Lietuvos ir Europos naujausi\u0173 \u017eem\u0117lapi\u0173 atnaujinimas - Vilniuje, Kaune, Klaip\u0117doje.\" \/>\n<meta property=\"og:url\" content=\"https:\/\/elmeistrai.lt\/pl\/jaguar-navigacija\/\" \/>\n<meta property=\"og:site_name\" content=\"Vilniuje, Kaune, Klaip\u0117doje, \u0160iauliuose\" \/>\n<meta property=\"article:publisher\" content=\"https:\/\/www.facebook.com\/elmeistrai.lt\/\" \/>\n<meta property=\"article:modified_time\" content=\"2022-04-09T21:59:36+00:00\" \/>\n<meta property=\"og:image\" content=\"https:\/\/elmeistrai.lt\/wp-content\/uploads\/2019\/04\/jaguar-navigacija-150x150.jpg\" \/>\n<meta name=\"twitter:card\" content=\"summary_large_image\" \/>\n<meta name=\"twitter:label1\" content=\"Szacowany czas czytania\" \/>\n\t<meta name=\"twitter:data1\" content=\"3 minuty\" \/>\n<script type=\"application\/ld+json\" class=\"yoast-schema-graph\">{\"@context\":\"https:\\\/\\\/schema.org\",\"@graph\":[{\"@type\":\"NewsArticle\",\"@id\":\"https:\\\/\\\/elmeistrai.lt\\\/en\\\/jaguar-navigacija\\\/#article\",\"isPartOf\":{\"@id\":\"https:\\\/\\\/elmeistrai.lt\\\/en\\\/jaguar-navigacija\\\/\"},\"author\":{\"name\":\"elMeistrai\",\"@id\":\"https:\\\/\\\/elmeistrai.lt\\\/#\\\/schema\\\/person\\\/6363b621eb9606785f7f2ae9a52987f7\"},\"headline\":\"Jaguar navigacija\",\"datePublished\":\"2019-04-01T07:59:39+00:00\",\"dateModified\":\"2022-04-09T21:59:36+00:00\",\"mainEntityOfPage\":{\"@id\":\"https:\\\/\\\/elmeistrai.lt\\\/en\\\/jaguar-navigacija\\\/\"},\"wordCount\":310,\"publisher\":{\"@id\":\"https:\\\/\\\/elmeistrai.lt\\\/#organization\"},\"image\":{\"@id\":\"https:\\\/\\\/elmeistrai.lt\\\/en\\\/jaguar-navigacija\\\/#primaryimage\"},\"thumbnailUrl\":\"https:\\\/\\\/elmeistrai.lt\\\/wp-content\\\/uploads\\\/2019\\\/04\\\/jaguar-navigacija-150x150.jpg\",\"inLanguage\":\"pl-PL\"},{\"@type\":[\"WebPage\",\"ItemPage\"],\"@id\":\"https:\\\/\\\/elmeistrai.lt\\\/en\\\/jaguar-navigacija\\\/\",\"url\":\"https:\\\/\\\/elmeistrai.lt\\\/en\\\/jaguar-navigacija\\\/\",\"name\":\"Jaguar navigacija Vilniuje, Kaune, Klaip\u0117doje, \u0160iauliuose\",\"isPartOf\":{\"@id\":\"https:\\\/\\\/elmeistrai.lt\\\/#website\"},\"primaryImageOfPage\":{\"@id\":\"https:\\\/\\\/elmeistrai.lt\\\/en\\\/jaguar-navigacija\\\/#primaryimage\"},\"image\":{\"@id\":\"https:\\\/\\\/elmeistrai.lt\\\/en\\\/jaguar-navigacija\\\/#primaryimage\"},\"thumbnailUrl\":\"https:\\\/\\\/elmeistrai.lt\\\/wp-content\\\/uploads\\\/2019\\\/04\\\/jaguar-navigacija-150x150.jpg\",\"datePublished\":\"2019-04-01T07:59:39+00:00\",\"dateModified\":\"2022-04-09T21:59:36+00:00\",\"description\":\"JAGUAR navigacijos Lietuvos ir Europos naujausi\u0173 \u017eem\u0117lapi\u0173 atnaujinimas - Vilniuje, Kaune, Klaip\u0117doje.\",\"breadcrumb\":{\"@id\":\"https:\\\/\\\/elmeistrai.lt\\\/en\\\/jaguar-navigacija\\\/#breadcrumb\"},\"inLanguage\":\"pl-PL\",\"potentialAction\":[{\"@type\":\"ReadAction\",\"target\":[\"https:\\\/\\\/elmeistrai.lt\\\/en\\\/jaguar-navigacija\\\/\"]}]},{\"@type\":\"ImageObject\",\"inLanguage\":\"pl-PL\",\"@id\":\"https:\\\/\\\/elmeistrai.lt\\\/en\\\/jaguar-navigacija\\\/#primaryimage\",\"url\":\"https:\\\/\\\/elmeistrai.lt\\\/wp-content\\\/uploads\\\/2019\\\/04\\\/jaguar-navigacija-150x150.jpg\",\"contentUrl\":\"https:\\\/\\\/elmeistrai.lt\\\/wp-content\\\/uploads\\\/2019\\\/04\\\/jaguar-navigacija-150x150.jpg\"},{\"@type\":\"BreadcrumbList\",\"@id\":\"https:\\\/\\\/elmeistrai.lt\\\/en\\\/jaguar-navigacija\\\/#breadcrumb\",\"itemListElement\":[{\"@type\":\"ListItem\",\"position\":1,\"name\":\"Home\",\"item\":\"https:\\\/\\\/elmeistrai.lt\\\/\"},{\"@type\":\"ListItem\",\"position\":2,\"name\":\"Jaguar navigacija\"}]},{\"@type\":\"WebSite\",\"@id\":\"https:\\\/\\\/elmeistrai.lt\\\/#website\",\"url\":\"https:\\\/\\\/elmeistrai.lt\\\/\",\"name\":\"Vilniuje, Kaune, Klaip\u0117doje, \u0160iauliuose\",\"description\":\"Nam\u0173 ir verslo elektronikos prietais\u0173 remontas. Kase\u010di\u0173 pildymas.\",\"publisher\":{\"@id\":\"https:\\\/\\\/elmeistrai.lt\\\/#organization\"},\"potentialAction\":[{\"@type\":\"SearchAction\",\"target\":{\"@type\":\"EntryPoint\",\"urlTemplate\":\"https:\\\/\\\/elmeistrai.lt\\\/?s={search_term_string}\"},\"query-input\":{\"@type\":\"PropertyValueSpecification\",\"valueRequired\":true,\"valueName\":\"search_term_string\"}}],\"inLanguage\":\"pl-PL\"},{\"@type\":\"Organization\",\"@id\":\"https:\\\/\\\/elmeistrai.lt\\\/#organization\",\"name\":\"elMeistrai.lt\",\"alternateName\":\"Kavos aparat\u0173, paspirtuk\u0173, televizori\u0173, kompiuteri\u0173, telefon\u0173 ir kt. technikos remontas\",\"url\":\"https:\\\/\\\/elmeistrai.lt\\\/\",\"logo\":{\"@type\":\"ImageObject\",\"inLanguage\":\"pl-PL\",\"@id\":\"https:\\\/\\\/elmeistrai.lt\\\/#\\\/schema\\\/logo\\\/image\\\/\",\"url\":\"https:\\\/\\\/elmeistrai.lt\\\/wp-content\\\/uploads\\\/2022\\\/09\\\/elmeistrai_logo.jpg\",\"contentUrl\":\"https:\\\/\\\/elmeistrai.lt\\\/wp-content\\\/uploads\\\/2022\\\/09\\\/elmeistrai_logo.jpg\",\"width\":556,\"height\":143,\"caption\":\"elMeistrai.lt\"},\"image\":{\"@id\":\"https:\\\/\\\/elmeistrai.lt\\\/#\\\/schema\\\/logo\\\/image\\\/\"},\"sameAs\":[\"https:\\\/\\\/www.facebook.com\\\/elmeistrai.lt\\\/\"]},{\"@type\":\"Person\",\"@id\":\"https:\\\/\\\/elmeistrai.lt\\\/#\\\/schema\\\/person\\\/6363b621eb9606785f7f2ae9a52987f7\",\"name\":\"elMeistrai\",\"image\":{\"@type\":\"ImageObject\",\"inLanguage\":\"pl-PL\",\"@id\":\"https:\\\/\\\/secure.gravatar.com\\\/avatar\\\/052f2d9640381d6904c5c0676ac3cc3d7ad734def78df3657e571451cad9870d?s=96&d=mm&r=g\",\"url\":\"https:\\\/\\\/secure.gravatar.com\\\/avatar\\\/052f2d9640381d6904c5c0676ac3cc3d7ad734def78df3657e571451cad9870d?s=96&d=mm&r=g\",\"contentUrl\":\"https:\\\/\\\/secure.gravatar.com\\\/avatar\\\/052f2d9640381d6904c5c0676ac3cc3d7ad734def78df3657e571451cad9870d?s=96&d=mm&r=g\",\"caption\":\"elMeistrai\"},\"url\":\"https:\\\/\\\/elmeistrai.lt\\\/pl\\\/author\\\/yipkxe\\\/\"}]}<\/script>\n<!-- \/ Yoast SEO plugin. -->","yoast_head_json":{"title":"Jaguar navigacija Vilniuje, Kaune, Klaip\u0117doje, \u0160iauliuose","description":"Aktualizacja najnowszych map nawigacyjnych JAGUAR dla Litwy i Europy - Wilno, Kowno, K\u0142ajpeda.","robots":{"index":"index","follow":"follow","max-snippet":"max-snippet:-1","max-image-preview":"max-image-preview:large","max-video-preview":"max-video-preview:-1"},"canonical":"https:\/\/elmeistrai.lt\/pl\/jaguar-navigacija\/","og_locale":"pl_PL","og_type":"article","og_title":"Jaguar navigacija Vilniuje, Kaune, Klaip\u0117doje, \u0160iauliuose","og_description":"JAGUAR navigacijos Lietuvos ir Europos naujausi\u0173 \u017eem\u0117lapi\u0173 atnaujinimas - Vilniuje, Kaune, Klaip\u0117doje.","og_url":"https:\/\/elmeistrai.lt\/pl\/jaguar-navigacija\/","og_site_name":"Vilniuje, Kaune, Klaip\u0117doje, \u0160iauliuose","article_publisher":"https:\/\/www.facebook.com\/elmeistrai.lt\/","article_modified_time":"2022-04-09T21:59:36+00:00","og_image":[{"url":"https:\/\/elmeistrai.lt\/wp-content\/uploads\/2019\/04\/jaguar-navigacija-150x150.jpg","type":"","width":"","height":""}],"twitter_card":"summary_large_image","twitter_misc":{"Szacowany czas czytania":"3 minuty"},"schema":{"@context":"https:\/\/schema.org","@graph":[{"@type":"NewsArticle","@id":"https:\/\/elmeistrai.lt\/en\/jaguar-navigacija\/#article","isPartOf":{"@id":"https:\/\/elmeistrai.lt\/en\/jaguar-navigacija\/"},"author":{"name":"elMeistrai","@id":"https:\/\/elmeistrai.lt\/#\/schema\/person\/6363b621eb9606785f7f2ae9a52987f7"},"headline":"Jaguar navigacija","datePublished":"2019-04-01T07:59:39+00:00","dateModified":"2022-04-09T21:59:36+00:00","mainEntityOfPage":{"@id":"https:\/\/elmeistrai.lt\/en\/jaguar-navigacija\/"},"wordCount":310,"publisher":{"@id":"https:\/\/elmeistrai.lt\/#organization"},"image":{"@id":"https:\/\/elmeistrai.lt\/en\/jaguar-navigacija\/#primaryimage"},"thumbnailUrl":"https:\/\/elmeistrai.lt\/wp-content\/uploads\/2019\/04\/jaguar-navigacija-150x150.jpg","inLanguage":"pl-PL"},{"@type":["WebPage","ItemPage"],"@id":"https:\/\/elmeistrai.lt\/en\/jaguar-navigacija\/","url":"https:\/\/elmeistrai.lt\/en\/jaguar-navigacija\/","name":"Jaguar navigacija Vilniuje, Kaune, Klaip\u0117doje, \u0160iauliuose","isPartOf":{"@id":"https:\/\/elmeistrai.lt\/#website"},"primaryImageOfPage":{"@id":"https:\/\/elmeistrai.lt\/en\/jaguar-navigacija\/#primaryimage"},"image":{"@id":"https:\/\/elmeistrai.lt\/en\/jaguar-navigacija\/#primaryimage"},"thumbnailUrl":"https:\/\/elmeistrai.lt\/wp-content\/uploads\/2019\/04\/jaguar-navigacija-150x150.jpg","datePublished":"2019-04-01T07:59:39+00:00","dateModified":"2022-04-09T21:59:36+00:00","description":"Aktualizacja najnowszych map nawigacyjnych JAGUAR dla Litwy i Europy - Wilno, Kowno, K\u0142ajpeda.","breadcrumb":{"@id":"https:\/\/elmeistrai.lt\/en\/jaguar-navigacija\/#breadcrumb"},"inLanguage":"pl-PL","potentialAction":[{"@type":"ReadAction","target":["https:\/\/elmeistrai.lt\/en\/jaguar-navigacija\/"]}]},{"@type":"ImageObject","inLanguage":"pl-PL","@id":"https:\/\/elmeistrai.lt\/en\/jaguar-navigacija\/#primaryimage","url":"https:\/\/elmeistrai.lt\/wp-content\/uploads\/2019\/04\/jaguar-navigacija-150x150.jpg","contentUrl":"https:\/\/elmeistrai.lt\/wp-content\/uploads\/2019\/04\/jaguar-navigacija-150x150.jpg"},{"@type":"BreadcrumbList","@id":"https:\/\/elmeistrai.lt\/en\/jaguar-navigacija\/#breadcrumb","itemListElement":[{"@type":"ListItem","position":1,"name":"Home","item":"https:\/\/elmeistrai.lt\/"},{"@type":"ListItem","position":2,"name":"Jaguar navigacija"}]},{"@type":"WebSite","@id":"https:\/\/elmeistrai.lt\/#website","url":"https:\/\/elmeistrai.lt\/","name":"Wilno, Kowno, K\u0142ajpeda, Szawle","description":"Naprawa elektroniki domowej i firmowej. Nape\u0142nianie kartrid\u017cy.","publisher":{"@id":"https:\/\/elmeistrai.lt\/#organization"},"potentialAction":[{"@type":"SearchAction","target":{"@type":"EntryPoint","urlTemplate":"https:\/\/elmeistrai.lt\/?s={search_term_string}"},"query-input":{"@type":"PropertyValueSpecification","valueRequired":true,"valueName":"search_term_string"}}],"inLanguage":"pl-PL"},{"@type":"Organization","@id":"https:\/\/elmeistrai.lt\/#organization","name":"elMeistrai.lt","alternateName":"Kavos aparat\u0173, paspirtuk\u0173, televizori\u0173, kompiuteri\u0173, telefon\u0173 ir kt. technikos remontas","url":"https:\/\/elmeistrai.lt\/","logo":{"@type":"ImageObject","inLanguage":"pl-PL","@id":"https:\/\/elmeistrai.lt\/#\/schema\/logo\/image\/","url":"https:\/\/elmeistrai.lt\/wp-content\/uploads\/2022\/09\/elmeistrai_logo.jpg","contentUrl":"https:\/\/elmeistrai.lt\/wp-content\/uploads\/2022\/09\/elmeistrai_logo.jpg","width":556,"height":143,"caption":"elMeistrai.lt"},"image":{"@id":"https:\/\/elmeistrai.lt\/#\/schema\/logo\/image\/"},"sameAs":["https:\/\/www.facebook.com\/elmeistrai.lt\/"]},{"@type":"Person","@id":"https:\/\/elmeistrai.lt\/#\/schema\/person\/6363b621eb9606785f7f2ae9a52987f7","name":"elMeistrai","image":{"@type":"ImageObject","inLanguage":"pl-PL","@id":"https:\/\/secure.gravatar.com\/avatar\/052f2d9640381d6904c5c0676ac3cc3d7ad734def78df3657e571451cad9870d?s=96&d=mm&r=g","url":"https:\/\/secure.gravatar.com\/avatar\/052f2d9640381d6904c5c0676ac3cc3d7ad734def78df3657e571451cad9870d?s=96&d=mm&r=g","contentUrl":"https:\/\/secure.gravatar.com\/avatar\/052f2d9640381d6904c5c0676ac3cc3d7ad734def78df3657e571451cad9870d?s=96&d=mm&r=g","caption":"elMeistrai"},"url":"https:\/\/elmeistrai.lt\/pl\/author\/yipkxe\/"}]}},"uagb_featured_image_src":{"full":false,"thumbnail":false,"medium":false,"medium_large":false,"large":false,"1536x1536":false,"2048x2048":false,"trp-custom-language-flag":false,"writemag-1218w-autoh-image":false,"writemag-675w-autoh-image":false,"writemag-100w-100h-image":false},"uagb_author_info":{"display_name":"elMeistrai","author_link":"https:\/\/elmeistrai.lt\/pl\/author\/yipkxe\/"},"uagb_comment_info":0,"uagb_excerpt":"JAGUAR navigacijos Lietuvos ir Europos \u017eem\u0117lapiai sistemoms XF XK Denso 2.64 su DVD 1 Navigacijos diskas su \u017eem\u0117lapiais:Austrija, Belgija, \u010cekija,...","rttpg_featured_image_url":null,"rttpg_author":{"display_name":"elMeistrai","author_link":"https:\/\/elmeistrai.lt\/pl\/author\/yipkxe\/"},"rttpg_comment":0,"rttpg_category":null,"rttpg_excerpt":"JAGUAR navigacijos Lietuvos ir Europos \u017eem\u0117lapiai sistemoms XF XK Denso 2.64 su DVD 1 Navigacijos diskas su \u017eem\u0117lapiais:Austrija, Belgija, \u010cekija,...","_links":{"self":[{"href":"https:\/\/elmeistrai.lt\/pl\/wp-json\/wp\/v2\/pages\/441","targetHints":{"allow":["GET"]}}],"collection":[{"href":"https:\/\/elmeistrai.lt\/pl\/wp-json\/wp\/v2\/pages"}],"about":[{"href":"https:\/\/elmeistrai.lt\/pl\/wp-json\/wp\/v2\/types\/page"}],"author":[{"embeddable":true,"href":"https:\/\/elmeistrai.lt\/pl\/wp-json\/wp\/v2\/users\/1"}],"replies":[{"embeddable":true,"href":"https:\/\/elmeistrai.lt\/pl\/wp-json\/wp\/v2\/comments?post=441"}],"version-history":[{"count":5,"href":"https:\/\/elmeistrai.lt\/pl\/wp-json\/wp\/v2\/pages\/441\/revisions"}],"predecessor-version":[{"id":1545,"href":"https:\/\/elmeistrai.lt\/pl\/wp-json\/wp\/v2\/pages\/441\/revisions\/1545"}],"wp:attachment":[{"href":"https:\/\/elmeistrai.lt\/pl\/wp-json\/wp\/v2\/media?parent=441"}],"curies":[{"name":"wp","href":"https:\/\/api.w.org\/{rel}","templated":true}]}}