{"id":4,"date":"2016-09-21T07:24:20","date_gmt":"2016-09-21T09:24:20","guid":{"rendered":"https:\/\/elmeistrai.lt\/?page_id=4"},"modified":"2026-02-18T12:11:07","modified_gmt":"2026-02-18T10:11:07","slug":"apie-mus","status":"publish","type":"page","link":"https:\/\/elmeistrai.lt\/pl\/","title":{"rendered":"Naprawa skuter\u00f3w, telewizor\u00f3w, ekspres\u00f3w do kawy, komputer\u00f3w. Nape\u0142nianie kartrid\u017cy. W Wilnie, Kownie, K\u0142ajpedzie, Szawlach."},"content":{"rendered":"<figure class=\"wp-block-image\"><img loading=\"lazy\" decoding=\"async\" width=\"979\" height=\"587\" src=\"https:\/\/elmeistrai.lt\/wp-content\/uploads\/2016\/09\/elmeistrai_vidus2.jpg\" alt=\"technikos remontas - elmeistrai\" class=\"wp-image-59\" srcset=\"https:\/\/elmeistrai.lt\/wp-content\/uploads\/2016\/09\/elmeistrai_vidus2.jpg 979w, https:\/\/elmeistrai.lt\/wp-content\/uploads\/2016\/09\/elmeistrai_vidus2-300x180.jpg 300w, https:\/\/elmeistrai.lt\/wp-content\/uploads\/2016\/09\/elmeistrai_vidus2-768x460.jpg 768w, https:\/\/elmeistrai.lt\/wp-content\/uploads\/2016\/09\/elmeistrai_vidus2-660x396.jpg 660w\" sizes=\"auto, (max-width: 979px) 100vw, 979px\" \/><\/figure>\n\n\n\n<p>elMeistrai wyst\u0119puje od wielu lat <strong>Naprawa sprz\u0119tu elektrycznego i elektronicznego<\/strong> <strong><span style=\"text-decoration: underline;\"><a href=\"\/pl\/kontaktai\/\">Wilno, Kowno, K\u0142ajpeda, Szawle<\/a><\/span><\/strong>. Jak\u0105 us\u0142ug\u0105 jeste\u015b zainteresowany? Aby dowiedzie\u0107 si\u0119 wi\u0119cej, odwied\u017a nas, zadzwo\u0144 do naszych kontakt\u00f3w, wybierz us\u0142ug\u0119 z g\u00f3rnego menu lub z tej listy:<\/p>\n\n\n\n<ul class=\"wp-block-list\">\n<li><a href=\"\/pl\/kompiuteriu-remontas\/\">Naprawa komputer\u00f3w<\/a><\/li>\n\n\n\n<li><a href=\"\/pl\/telefonu-remontas\/\">Naprawy telefon\u00f3w<\/a><\/li>\n\n\n\n<li><a href=\"\/pl\/kavos-aparatu-remontas\/\">Naprawa ekspres\u00f3w do kawy<\/a><\/li>\n\n\n\n<li><a href=\"\/pl\/televizoriu-remontas\/\">Naprawa telewizor\u00f3w<\/a><\/li>\n\n\n\n<li><a href=\"\/pl\/dulkiu-siurbliu-remontas\/\">Naprawa odkurzaczy<\/a><\/li>\n\n\n\n<li><a href=\"\/pl\/riedziu-paspirtuku-remontas\/\">Naprawa \u0142y\u017cworolek i hulajn\u00f3g<\/a><\/li>\n\n\n\n<li><a href=\"\/pl\/kaseciu-pildymas-per-5min\/\">Nape\u0142nianie kaset<\/a><\/li>\n\n\n\n<li><a href=\"\/pl\/navigaciju-atnaujinimas\/\">Aktualizacja nawigacji<\/a><\/li>\n\n\n\n<li><a href=\"\/pl\/konsoliu-remontas\/\">Naprawa komputer\u00f3w do gier (konsol)<\/a><\/li>\n\n\n\n<li><a href=\"\/pl\/lygintuvu-remontas\/\">Naprawa \u017celazek<\/a><\/li>\n\n\n\n<li><a href=\"\/pl\/suvirinimo-aparatu-remontas\/\">Naprawa maszyn spawalniczych<\/a><\/li>\n\n\n\n<li><a href=\"\/pl\/elektriniu-irankiu-remontas\/\">Naprawa elektronarz\u0119dzi budowlanych<\/a><\/li>\n\n\n\n<li><a href=\"\/pl\/garso-technikos-remontas\/\">Naprawa sprz\u0119tu audio<\/a><\/li>\n\n\n\n<li><a href=\"\/pl\/fotoaparatu-ir-vaizdo-kameru-remontas\/\">Naprawa aparat\u00f3w fotograficznych i kamer<\/a><\/li>\n\n\n\n<li><a href=\"\/pl\/namu-robotu-remontas\/\">Naprawa robot\u00f3w domowych<\/a><\/li>\n\n\n\n<li><a href=\"\/pl\/siuvimo-masinu-remontas\/\">Naprawa maszyn do szycia<\/a><\/li>\n\n\n\n<li><a href=\"\/pl\/spausdintuvu-remontas\/\">Naprawa drukarek<\/a><\/li>\n<\/ul>\n\n\n\n<h2 class=\"wp-block-heading\">elMeistrai- technikos remonto paslaugos Lietuvoje<\/h2>\n\n\n\n<p>Jeste\u015bmy zespo\u0142em do\u015bwiadczonych in\u017cynier\u00f3w elektryk\u00f3w w wielu dziedzinach. Pracujemy profesjonalnie, jako\u015bciowo i szybko. U\u017cywamy oryginalnych cz\u0119\u015bci i zawsze udzielamy gwarancji na nasz\u0105 prac\u0119. Powierz nam swoje wadliwe urz\u0105dzenia, a my przywr\u00f3cimy je do prawid\u0142owego dzia\u0142ania.<\/p>\n\n\n\n<ul class=\"wp-block-list\">\n<li>Wystawiamy certyfikaty dla firm ubezpieczeniowych.<\/li>\n\n\n\n<li>Certyfikaty s\u0105 wydawane innym instytucjom.<\/li>\n\n\n\n<li><strong><span style=\"text-decoration: underline;\">Pirmin\u0117 diagnostika &#8211; tik 10 Eur.<\/span><\/strong><\/li>\n<\/ul>\n\n\n\n<h2 class=\"wp-block-heading\">Prace od A do Z o r\u00f3\u017cnym stopniu z\u0142o\u017cono\u015bci<\/h2>\n\n\n\n<ul class=\"wp-block-list\">\n<li>Naprawa paneli<\/li>\n\n\n\n<li>Chip BGA reflow<\/li>\n\n\n\n<li>Rozp\u0142yw tranzystora<\/li>\n\n\n\n<li>Przep\u0142yw kondensatora<\/li>\n\n\n\n<li>Wymiana cz\u0119\u015bci mechanicznych<\/li>\n\n\n\n<li>Zmiana ekran\u00f3w<\/li>\n\n\n\n<li>Przeprogramowanie pami\u0119ci EEPROM<\/li>\n\n\n\n<li>Modernizacja system\u00f3w ch\u0142odzenia<\/li>\n\n\n\n<li>Poprawianie b\u0142\u0119d\u00f3w oprogramowania<\/li>\n\n\n\n<li>Dekodowanie<\/li>\n\n\n\n<li>Profilaktyka<\/li>\n\n\n\n<li>Ponowne pod\u0142\u0105czanie uszkodzonych po\u0142\u0105cze\u0144<\/li>\n\n\n\n<li>Instalowanie aplikacji<\/li>\n\n\n\n<li>Naprawa i wymiana akumulator\u00f3w<\/li>\n\n\n\n<li>Naprawa i wymiana falownik\u00f3w elektrycznych<\/li>\n\n\n\n<li>Naprawy transformator\u00f3w<\/li>\n\n\n\n<li>Przywracanie toru<\/li>\n\n\n\n<li>Naprawa po\u0142\u0105czonych komponent\u00f3w<\/li>\n\n\n\n<li>Naprawa skorodowanych komponent\u00f3w<\/li>\n\n\n\n<li>Naprawa ma\u0142ych komponent\u00f3w<\/li>\n\n\n\n<li>Naprawy IP67<\/li>\n\n\n\n<li>Modernizacja i renowacja<\/li>\n\n\n\n<li>Wymiana diod<\/li>\n\n\n\n<li>Dostrajanie i programowanie systemu sterowania<\/li>\n<\/ul>\n\n\n\n<p>Potrzebujesz naprawy urz\u0105dzenia? Skontaktuj si\u0119 z nami <strong><span style=\"text-decoration: underline;\"><a href=\"\/pl\/kontaktai\/\">Wilno, Kowno, K\u0142ajpeda, Szawle<\/a><\/span><\/strong>.<\/p>","protected":false},"excerpt":{"rendered":"<p>elMeistrai jau daugel\u012f met\u0173 atliekamas elektros ir elektronikos technikos remontas Vilniuje, Kaune, Klaip\u0117doje, \u0160iauliuose. Kokia m\u016bs\u0173 teikiama paslauga Jus domina?&#8230;<\/p>","protected":false},"author":1,"featured_media":0,"parent":0,"menu_order":0,"comment_status":"closed","ping_status":"closed","template":"","meta":{"_uag_custom_page_level_css":"","footnotes":""},"class_list":["post-4","page","type-page","status-publish","hentry"],"yoast_head":"<!-- This site is optimized with the Yoast SEO plugin v27.4 - https:\/\/yoast.com\/product\/yoast-seo-wordpress\/ -->\n<title>Paspirtuk\u0173, televizori\u0173, kavos aparat\u0173, kompiuteri\u0173 remontas. Kase\u010di\u0173 pildymas. Vilniuje, Kaune, Klaip\u0117doje, \u0160iauliuose. Vilniuje, Kaune, Klaip\u0117doje, \u0160iauliuose<\/title>\n<meta name=\"description\" content=\"Paspirtuk\u0173, televizori\u0173, kavos aparat\u0173, kompiuteri\u0173 remontas. Kase\u010di\u0173 pildymas. Vilniuje, Kaune, Klaip\u0117doje. Tel. 8 679 74770\" \/>\n<meta name=\"robots\" content=\"index, follow, max-snippet:-1, max-image-preview:large, max-video-preview:-1\" \/>\n<link rel=\"canonical\" href=\"https:\/\/elmeistrai.lt\/pl\/\" \/>\n<meta property=\"og:locale\" content=\"pl_PL\" \/>\n<meta property=\"og:type\" content=\"article\" \/>\n<meta property=\"og:title\" content=\"Paspirtuk\u0173, televizori\u0173, kavos aparat\u0173, kompiuteri\u0173 remontas. Kase\u010di\u0173 pildymas. Vilniuje, Kaune, Klaip\u0117doje, \u0160iauliuose. Vilniuje, Kaune, Klaip\u0117doje, \u0160iauliuose\" \/>\n<meta property=\"og:description\" content=\"Paspirtuk\u0173, televizori\u0173, kavos aparat\u0173, kompiuteri\u0173 remontas. Kase\u010di\u0173 pildymas. Vilniuje, Kaune, Klaip\u0117doje. Tel. 8 679 74770\" \/>\n<meta property=\"og:url\" content=\"https:\/\/elmeistrai.lt\/pl\/\" \/>\n<meta property=\"og:site_name\" content=\"Vilniuje, Kaune, Klaip\u0117doje, \u0160iauliuose\" \/>\n<meta property=\"article:publisher\" content=\"https:\/\/www.facebook.com\/elmeistrai.lt\/\" \/>\n<meta property=\"article:modified_time\" content=\"2026-02-18T10:11:07+00:00\" \/>\n<meta property=\"og:image\" content=\"https:\/\/elmeistrai.lt\/wp-content\/uploads\/2016\/09\/elmeistrai_vidus2.jpg\" \/>\n\t<meta property=\"og:image:width\" content=\"979\" \/>\n\t<meta property=\"og:image:height\" content=\"587\" \/>\n\t<meta property=\"og:image:type\" content=\"image\/jpeg\" \/>\n<meta name=\"twitter:card\" content=\"summary_large_image\" \/>\n<meta name=\"twitter:label1\" content=\"Szacowany czas czytania\" \/>\n\t<meta name=\"twitter:data1\" content=\"2 minuty\" \/>\n<script type=\"application\/ld+json\" class=\"yoast-schema-graph\">{\"@context\":\"https:\\\/\\\/schema.org\",\"@graph\":[{\"@type\":\"NewsArticle\",\"@id\":\"https:\\\/\\\/elmeistrai.lt\\\/#article\",\"isPartOf\":{\"@id\":\"https:\\\/\\\/elmeistrai.lt\\\/\"},\"author\":{\"name\":\"elMeistrai\",\"@id\":\"https:\\\/\\\/elmeistrai.lt\\\/#\\\/schema\\\/person\\\/6363b621eb9606785f7f2ae9a52987f7\"},\"headline\":\"Paspirtuk\u0173, televizori\u0173, kavos aparat\u0173, kompiuteri\u0173 remontas. Kase\u010di\u0173 pildymas. Vilniuje, Kaune, Klaip\u0117doje, \u0160iauliuose.\",\"datePublished\":\"2016-09-21T09:24:20+00:00\",\"dateModified\":\"2026-02-18T10:11:07+00:00\",\"mainEntityOfPage\":{\"@id\":\"https:\\\/\\\/elmeistrai.lt\\\/\"},\"wordCount\":261,\"publisher\":{\"@id\":\"https:\\\/\\\/elmeistrai.lt\\\/#organization\"},\"image\":{\"@id\":\"https:\\\/\\\/elmeistrai.lt\\\/#primaryimage\"},\"thumbnailUrl\":\"https:\\\/\\\/elmeistrai.lt\\\/wp-content\\\/uploads\\\/2016\\\/09\\\/elmeistrai_vidus2.jpg\",\"inLanguage\":\"pl-PL\"},{\"@type\":[\"WebPage\",\"ItemPage\"],\"@id\":\"https:\\\/\\\/elmeistrai.lt\\\/\",\"url\":\"https:\\\/\\\/elmeistrai.lt\\\/\",\"name\":\"Paspirtuk\u0173, televizori\u0173, kavos aparat\u0173, kompiuteri\u0173 remontas. Kase\u010di\u0173 pildymas. Vilniuje, Kaune, Klaip\u0117doje, \u0160iauliuose. Vilniuje, Kaune, Klaip\u0117doje, \u0160iauliuose\",\"isPartOf\":{\"@id\":\"https:\\\/\\\/elmeistrai.lt\\\/#website\"},\"primaryImageOfPage\":{\"@id\":\"https:\\\/\\\/elmeistrai.lt\\\/#primaryimage\"},\"image\":{\"@id\":\"https:\\\/\\\/elmeistrai.lt\\\/#primaryimage\"},\"thumbnailUrl\":\"https:\\\/\\\/elmeistrai.lt\\\/wp-content\\\/uploads\\\/2016\\\/09\\\/elmeistrai_vidus2.jpg\",\"datePublished\":\"2016-09-21T09:24:20+00:00\",\"dateModified\":\"2026-02-18T10:11:07+00:00\",\"description\":\"Paspirtuk\u0173, televizori\u0173, kavos aparat\u0173, kompiuteri\u0173 remontas. Kase\u010di\u0173 pildymas. Vilniuje, Kaune, Klaip\u0117doje. Tel. 8 679 74770\",\"breadcrumb\":{\"@id\":\"https:\\\/\\\/elmeistrai.lt\\\/#breadcrumb\"},\"inLanguage\":\"pl-PL\",\"potentialAction\":[{\"@type\":\"ReadAction\",\"target\":[\"https:\\\/\\\/elmeistrai.lt\\\/\"]}]},{\"@type\":\"ImageObject\",\"inLanguage\":\"pl-PL\",\"@id\":\"https:\\\/\\\/elmeistrai.lt\\\/#primaryimage\",\"url\":\"https:\\\/\\\/elmeistrai.lt\\\/wp-content\\\/uploads\\\/2016\\\/09\\\/elmeistrai_vidus2.jpg\",\"contentUrl\":\"https:\\\/\\\/elmeistrai.lt\\\/wp-content\\\/uploads\\\/2016\\\/09\\\/elmeistrai_vidus2.jpg\"},{\"@type\":\"BreadcrumbList\",\"@id\":\"https:\\\/\\\/elmeistrai.lt\\\/#breadcrumb\",\"itemListElement\":[{\"@type\":\"ListItem\",\"position\":1,\"name\":\"Home\",\"item\":\"https:\\\/\\\/elmeistrai.lt\\\/\"},{\"@type\":\"ListItem\",\"position\":2,\"name\":\"Paspirtuk\u0173, televizori\u0173, kavos aparat\u0173, kompiuteri\u0173 remontas. Kase\u010di\u0173 pildymas. Vilniuje, Kaune, Klaip\u0117doje, \u0160iauliuose.\"}]},{\"@type\":\"WebSite\",\"@id\":\"https:\\\/\\\/elmeistrai.lt\\\/#website\",\"url\":\"https:\\\/\\\/elmeistrai.lt\\\/\",\"name\":\"Vilniuje, Kaune, Klaip\u0117doje, \u0160iauliuose\",\"description\":\"Nam\u0173 ir verslo elektronikos prietais\u0173 remontas. Kase\u010di\u0173 pildymas.\",\"publisher\":{\"@id\":\"https:\\\/\\\/elmeistrai.lt\\\/#organization\"},\"potentialAction\":[{\"@type\":\"SearchAction\",\"target\":{\"@type\":\"EntryPoint\",\"urlTemplate\":\"https:\\\/\\\/elmeistrai.lt\\\/?s={search_term_string}\"},\"query-input\":{\"@type\":\"PropertyValueSpecification\",\"valueRequired\":true,\"valueName\":\"search_term_string\"}}],\"inLanguage\":\"pl-PL\"},{\"@type\":\"Organization\",\"@id\":\"https:\\\/\\\/elmeistrai.lt\\\/#organization\",\"name\":\"elMeistrai.lt\",\"alternateName\":\"Kavos aparat\u0173, paspirtuk\u0173, televizori\u0173, kompiuteri\u0173, telefon\u0173 ir kt. technikos remontas\",\"url\":\"https:\\\/\\\/elmeistrai.lt\\\/\",\"logo\":{\"@type\":\"ImageObject\",\"inLanguage\":\"pl-PL\",\"@id\":\"https:\\\/\\\/elmeistrai.lt\\\/#\\\/schema\\\/logo\\\/image\\\/\",\"url\":\"https:\\\/\\\/elmeistrai.lt\\\/wp-content\\\/uploads\\\/2022\\\/09\\\/elmeistrai_logo.jpg\",\"contentUrl\":\"https:\\\/\\\/elmeistrai.lt\\\/wp-content\\\/uploads\\\/2022\\\/09\\\/elmeistrai_logo.jpg\",\"width\":556,\"height\":143,\"caption\":\"elMeistrai.lt\"},\"image\":{\"@id\":\"https:\\\/\\\/elmeistrai.lt\\\/#\\\/schema\\\/logo\\\/image\\\/\"},\"sameAs\":[\"https:\\\/\\\/www.facebook.com\\\/elmeistrai.lt\\\/\"]},{\"@type\":\"Person\",\"@id\":\"https:\\\/\\\/elmeistrai.lt\\\/#\\\/schema\\\/person\\\/6363b621eb9606785f7f2ae9a52987f7\",\"name\":\"elMeistrai\",\"image\":{\"@type\":\"ImageObject\",\"inLanguage\":\"pl-PL\",\"@id\":\"https:\\\/\\\/secure.gravatar.com\\\/avatar\\\/052f2d9640381d6904c5c0676ac3cc3d7ad734def78df3657e571451cad9870d?s=96&d=mm&r=g\",\"url\":\"https:\\\/\\\/secure.gravatar.com\\\/avatar\\\/052f2d9640381d6904c5c0676ac3cc3d7ad734def78df3657e571451cad9870d?s=96&d=mm&r=g\",\"contentUrl\":\"https:\\\/\\\/secure.gravatar.com\\\/avatar\\\/052f2d9640381d6904c5c0676ac3cc3d7ad734def78df3657e571451cad9870d?s=96&d=mm&r=g\",\"caption\":\"elMeistrai\"},\"url\":\"https:\\\/\\\/elmeistrai.lt\\\/pl\\\/author\\\/yipkxe\\\/\"}]}<\/script>\n<!-- \/ Yoast SEO plugin. -->","yoast_head_json":{"title":"Naprawa skuter\u00f3w, telewizor\u00f3w, ekspres\u00f3w do kawy, komputer\u00f3w. Nape\u0142nianie kartrid\u017cy. W Wilnie, Kownie, K\u0142ajpedzie, Szawlach. W Wilnie, Kownie, K\u0142ajpedzie, Szawlach","description":"Naprawa skuter\u00f3w, telewizor\u00f3w, ekspres\u00f3w do kawy, komputer\u00f3w. Nape\u0142nianie kartrid\u017cy. W Wilnie, Kownie, K\u0142ajpedzie. Tel. 8 679 74770","robots":{"index":"index","follow":"follow","max-snippet":"max-snippet:-1","max-image-preview":"max-image-preview:large","max-video-preview":"max-video-preview:-1"},"canonical":"https:\/\/elmeistrai.lt\/pl\/","og_locale":"pl_PL","og_type":"article","og_title":"Paspirtuk\u0173, televizori\u0173, kavos aparat\u0173, kompiuteri\u0173 remontas. Kase\u010di\u0173 pildymas. Vilniuje, Kaune, Klaip\u0117doje, \u0160iauliuose. Vilniuje, Kaune, Klaip\u0117doje, \u0160iauliuose","og_description":"Paspirtuk\u0173, televizori\u0173, kavos aparat\u0173, kompiuteri\u0173 remontas. Kase\u010di\u0173 pildymas. Vilniuje, Kaune, Klaip\u0117doje. Tel. 8 679 74770","og_url":"https:\/\/elmeistrai.lt\/pl\/","og_site_name":"Vilniuje, Kaune, Klaip\u0117doje, \u0160iauliuose","article_publisher":"https:\/\/www.facebook.com\/elmeistrai.lt\/","article_modified_time":"2026-02-18T10:11:07+00:00","og_image":[{"width":979,"height":587,"url":"https:\/\/elmeistrai.lt\/wp-content\/uploads\/2016\/09\/elmeistrai_vidus2.jpg","type":"image\/jpeg"}],"twitter_card":"summary_large_image","twitter_misc":{"Szacowany czas czytania":"2 minuty"},"schema":{"@context":"https:\/\/schema.org","@graph":[{"@type":"NewsArticle","@id":"https:\/\/elmeistrai.lt\/#article","isPartOf":{"@id":"https:\/\/elmeistrai.lt\/"},"author":{"name":"elMeistrai","@id":"https:\/\/elmeistrai.lt\/#\/schema\/person\/6363b621eb9606785f7f2ae9a52987f7"},"headline":"Paspirtuk\u0173, televizori\u0173, kavos aparat\u0173, kompiuteri\u0173 remontas. Kase\u010di\u0173 pildymas. Vilniuje, Kaune, Klaip\u0117doje, \u0160iauliuose.","datePublished":"2016-09-21T09:24:20+00:00","dateModified":"2026-02-18T10:11:07+00:00","mainEntityOfPage":{"@id":"https:\/\/elmeistrai.lt\/"},"wordCount":261,"publisher":{"@id":"https:\/\/elmeistrai.lt\/#organization"},"image":{"@id":"https:\/\/elmeistrai.lt\/#primaryimage"},"thumbnailUrl":"https:\/\/elmeistrai.lt\/wp-content\/uploads\/2016\/09\/elmeistrai_vidus2.jpg","inLanguage":"pl-PL"},{"@type":["WebPage","ItemPage"],"@id":"https:\/\/elmeistrai.lt\/","url":"https:\/\/elmeistrai.lt\/","name":"Naprawa skuter\u00f3w, telewizor\u00f3w, ekspres\u00f3w do kawy, komputer\u00f3w. Nape\u0142nianie kartrid\u017cy. W Wilnie, Kownie, K\u0142ajpedzie, Szawlach. W Wilnie, Kownie, K\u0142ajpedzie, Szawlach","isPartOf":{"@id":"https:\/\/elmeistrai.lt\/#website"},"primaryImageOfPage":{"@id":"https:\/\/elmeistrai.lt\/#primaryimage"},"image":{"@id":"https:\/\/elmeistrai.lt\/#primaryimage"},"thumbnailUrl":"https:\/\/elmeistrai.lt\/wp-content\/uploads\/2016\/09\/elmeistrai_vidus2.jpg","datePublished":"2016-09-21T09:24:20+00:00","dateModified":"2026-02-18T10:11:07+00:00","description":"Naprawa skuter\u00f3w, telewizor\u00f3w, ekspres\u00f3w do kawy, komputer\u00f3w. Nape\u0142nianie kartrid\u017cy. W Wilnie, Kownie, K\u0142ajpedzie. Tel. 8 679 74770","breadcrumb":{"@id":"https:\/\/elmeistrai.lt\/#breadcrumb"},"inLanguage":"pl-PL","potentialAction":[{"@type":"ReadAction","target":["https:\/\/elmeistrai.lt\/"]}]},{"@type":"ImageObject","inLanguage":"pl-PL","@id":"https:\/\/elmeistrai.lt\/#primaryimage","url":"https:\/\/elmeistrai.lt\/wp-content\/uploads\/2016\/09\/elmeistrai_vidus2.jpg","contentUrl":"https:\/\/elmeistrai.lt\/wp-content\/uploads\/2016\/09\/elmeistrai_vidus2.jpg"},{"@type":"BreadcrumbList","@id":"https:\/\/elmeistrai.lt\/#breadcrumb","itemListElement":[{"@type":"ListItem","position":1,"name":"Home","item":"https:\/\/elmeistrai.lt\/"},{"@type":"ListItem","position":2,"name":"Paspirtuk\u0173, televizori\u0173, kavos aparat\u0173, kompiuteri\u0173 remontas. Kase\u010di\u0173 pildymas. Vilniuje, Kaune, Klaip\u0117doje, \u0160iauliuose."}]},{"@type":"WebSite","@id":"https:\/\/elmeistrai.lt\/#website","url":"https:\/\/elmeistrai.lt\/","name":"Wilno, Kowno, K\u0142ajpeda, Szawle","description":"Naprawa elektroniki domowej i firmowej. Nape\u0142nianie kartrid\u017cy.","publisher":{"@id":"https:\/\/elmeistrai.lt\/#organization"},"potentialAction":[{"@type":"SearchAction","target":{"@type":"EntryPoint","urlTemplate":"https:\/\/elmeistrai.lt\/?s={search_term_string}"},"query-input":{"@type":"PropertyValueSpecification","valueRequired":true,"valueName":"search_term_string"}}],"inLanguage":"pl-PL"},{"@type":"Organization","@id":"https:\/\/elmeistrai.lt\/#organization","name":"elMeistrai.lt","alternateName":"Kavos aparat\u0173, paspirtuk\u0173, televizori\u0173, kompiuteri\u0173, telefon\u0173 ir kt. technikos remontas","url":"https:\/\/elmeistrai.lt\/","logo":{"@type":"ImageObject","inLanguage":"pl-PL","@id":"https:\/\/elmeistrai.lt\/#\/schema\/logo\/image\/","url":"https:\/\/elmeistrai.lt\/wp-content\/uploads\/2022\/09\/elmeistrai_logo.jpg","contentUrl":"https:\/\/elmeistrai.lt\/wp-content\/uploads\/2022\/09\/elmeistrai_logo.jpg","width":556,"height":143,"caption":"elMeistrai.lt"},"image":{"@id":"https:\/\/elmeistrai.lt\/#\/schema\/logo\/image\/"},"sameAs":["https:\/\/www.facebook.com\/elmeistrai.lt\/"]},{"@type":"Person","@id":"https:\/\/elmeistrai.lt\/#\/schema\/person\/6363b621eb9606785f7f2ae9a52987f7","name":"elMeistrai","image":{"@type":"ImageObject","inLanguage":"pl-PL","@id":"https:\/\/secure.gravatar.com\/avatar\/052f2d9640381d6904c5c0676ac3cc3d7ad734def78df3657e571451cad9870d?s=96&d=mm&r=g","url":"https:\/\/secure.gravatar.com\/avatar\/052f2d9640381d6904c5c0676ac3cc3d7ad734def78df3657e571451cad9870d?s=96&d=mm&r=g","contentUrl":"https:\/\/secure.gravatar.com\/avatar\/052f2d9640381d6904c5c0676ac3cc3d7ad734def78df3657e571451cad9870d?s=96&d=mm&r=g","caption":"elMeistrai"},"url":"https:\/\/elmeistrai.lt\/pl\/author\/yipkxe\/"}]}},"uagb_featured_image_src":{"full":false,"thumbnail":false,"medium":false,"medium_large":false,"large":false,"1536x1536":false,"2048x2048":false,"trp-custom-language-flag":false,"writemag-1218w-autoh-image":false,"writemag-675w-autoh-image":false,"writemag-100w-100h-image":false},"uagb_author_info":{"display_name":"elMeistrai","author_link":"https:\/\/elmeistrai.lt\/pl\/author\/yipkxe\/"},"uagb_comment_info":0,"uagb_excerpt":"elMeistrai jau daugel\u012f met\u0173 atliekamas elektros ir elektronikos technikos remontas Vilniuje, Kaune, Klaip\u0117doje, \u0160iauliuose. Kokia m\u016bs\u0173 teikiama paslauga Jus domina?...","rttpg_featured_image_url":null,"rttpg_author":{"display_name":"elMeistrai","author_link":"https:\/\/elmeistrai.lt\/pl\/author\/yipkxe\/"},"rttpg_comment":0,"rttpg_category":null,"rttpg_excerpt":"elMeistrai jau daugel\u012f met\u0173 atliekamas elektros ir elektronikos technikos remontas Vilniuje, Kaune, Klaip\u0117doje, \u0160iauliuose. Kokia m\u016bs\u0173 teikiama paslauga Jus domina?...","_links":{"self":[{"href":"https:\/\/elmeistrai.lt\/pl\/wp-json\/wp\/v2\/pages\/4","targetHints":{"allow":["GET"]}}],"collection":[{"href":"https:\/\/elmeistrai.lt\/pl\/wp-json\/wp\/v2\/pages"}],"about":[{"href":"https:\/\/elmeistrai.lt\/pl\/wp-json\/wp\/v2\/types\/page"}],"author":[{"embeddable":true,"href":"https:\/\/elmeistrai.lt\/pl\/wp-json\/wp\/v2\/users\/1"}],"replies":[{"embeddable":true,"href":"https:\/\/elmeistrai.lt\/pl\/wp-json\/wp\/v2\/comments?post=4"}],"version-history":[{"count":58,"href":"https:\/\/elmeistrai.lt\/pl\/wp-json\/wp\/v2\/pages\/4\/revisions"}],"predecessor-version":[{"id":8482,"href":"https:\/\/elmeistrai.lt\/pl\/wp-json\/wp\/v2\/pages\/4\/revisions\/8482"}],"wp:attachment":[{"href":"https:\/\/elmeistrai.lt\/pl\/wp-json\/wp\/v2\/media?parent=4"}],"curies":[{"name":"wp","href":"https:\/\/api.w.org\/{rel}","templated":true}]}}