{"id":397,"date":"2019-03-29T13:35:38","date_gmt":"2019-03-29T15:35:38","guid":{"rendered":"https:\/\/elmeistrai.lt\/?page_id=397"},"modified":"2022-04-09T20:00:46","modified_gmt":"2022-04-09T22:00:46","slug":"honda-navigacija","status":"publish","type":"page","link":"https:\/\/elmeistrai.lt\/pl\/honda-navigacija\/","title":{"rendered":"Nawigacja Honda"},"content":{"rendered":"<h2 class=\"wp-block-heading\">Mapy nawigacyjne HONDA dla Litwy i Europy dla system\u00f3w rozpoznawania g\u0142osu i DVD (APN2\/APN3) <\/h2>\n\n\n<p><strong>1 P\u0142yta nawigacyjna z mapami (wersja 3.8): <br><\/strong>Andora, Austria, Belgia, Dania, Francja, Niemcy, Irlandia, W\u0142ochy, Liechtenstein, Luksemburg, Monako, Holandia, Portugalia, San Marino, Hiszpania, Szwajcaria, Watykan <br><strong>2 P\u0142yta nawigacyjna z mapami (v3.8):<br><\/strong>Austria, Bu\u0142garia, Chorwacja, Czechy, Dania, Estonia, Grecja, W\u0142ochy, \u0141otwa, Polska, <strong> Litwa (szczeg\u00f3\u0142y)<\/strong>Liechtenstein, Norwegia, Rumunia, San Marino, S\u0142owacja, S\u0142owenia, Finlandia, Szwecja, Szwajcaria, W\u0119gry, Watykan, Niemcy<\/p>\n<p><strong>Przydatno\u015b\u0107:<\/strong><br><em>Honda Legend 2006 - 2010 <\/em><br><em>Honda Accord 2005\/12 - 2013<br>Honda CR-V 2007 - 2013 <br>Honda Civic 3dr 2006 - 2011 m. <br>Honda Civic 5dr 2006 - 2011 m. <br>Honda Civic 4dr (IMA) 2008 - 2011 m.<br>Honda CR-Z 2010 - 2013<br>Honda Insight 2009 - 2013<\/em><\/p>\n<p><strong>Dodatkowe informacje: <\/strong><br>Karta SD nie otwiera si\u0119 bez otwarcia ekranu.<br>Karta SD nie jest w\u0142o\u017cona, gdy ekran jest otwarty (gniazdo karty CIF mo\u017ce by\u0107 obecne, gdy ekran jest otwarty!).<br>Gdy ekran jest otwarty, s\u0142owo HDD nie mo\u017ce by\u0107 wy\u015bwietlane.<br>Sterowanie g\u0142osowe (rozpoznawanie g\u0142osu) musi by\u0107 dost\u0119pne. Zazwyczaj na kierownicy znajduje si\u0119 przycisk z ikon\u0105 m\u00f3wi\u0105cej osoby. Naci\u015bni\u0119cie go i powiedzenie np. MENU otwiera menu, a g\u0142os Hondy m\u00f3wi, \u017ce MENU jest otwarte. Sam widok mikrofonu nie wystarczy, poniewa\u017c mo\u017ce to by\u0107 urz\u0105dzenie g\u0142o\u015bnom\u00f3wi\u0105ce lub telefon.<\/p>\n<p><strong>1 rok gwarancji | Najnowsze mapy | Najlepsza cena | Wilno, Kowno, K\u0142ajpeda<\/strong><\/p>\n<hr>\n\n\n<h2 class=\"wp-block-heading\">Nawigacja HONDA Mapy Europy dla system\u00f3w bez rozpoznawania g\u0142osu i DVD (APN2) <\/h2>\n\n\n<p><strong>1 p\u0142yta nawigacyjna z mapami (najnowsza wersja v2.11)<br><\/strong>Austria, Belgia, Luksemburg, Dania, Francja, Niemcy, Irlandia, W\u0142ochy, Portugalia, Hiszpania, Wielka Brytania, Holandia, Norwegia, Finlandia, Andora, Monako, San Marino, Liechtenstein, Szwecja, Szwajcaria, Watykan.<\/p>\n<p><strong>Przydatno\u015b\u0107:<\/strong><br><em>Honda Accord 2003 - 2005 <br>Honda CR-V 2002 - 2006 <br>Honda FR-V 2005 - 2009<br>Honda Stream 2004 - 2006<br>Honda Civic 3dr 2004 - 2005 m.<br>Honda Civic 5dr 2004 - 2005 m.<br>Honda Jazz 2002 - 2007<\/em> m.<\/p>\n<p><strong>Dodatkowe informacje:<\/strong><br>Karta SD nie \u0142aduje si\u0119 bez otwarcia ekranu.<br>Karta SD nie jest w\u0142o\u017cona, gdy ekran jest otwarty (gniazdo karty CIF mo\u017ce by\u0107 obecne, gdy ekran jest otwarty!).<br>Gdy ekran jest otwarty, s\u0142owo HDD nie mo\u017ce by\u0107 wy\u015bwietlane.<br>Nie ma kontroli nad g\u0142osowaniem.<\/p>\n<p><strong>1 rok gwarancji | Najnowsze mapy | Najlepsza cena | Wilno, Kowno, K\u0142ajpeda<\/strong><\/p>\n<hr>\n\n\n<h2 class=\"wp-block-heading\">HONDA Navigation Mapy Europy dla system\u00f3w Blaupunkt TravelPilot DX<\/h2>\n\n\n\n<div class=\"wp-block-image\"><figure class=\"alignright\"><img loading=\"lazy\" decoding=\"async\" width=\"150\" height=\"110\" src=\"https:\/\/elmeistrai.lt\/wp-content\/uploads\/2019\/03\/honda-navigacija-DX-150x110.jpg\" alt=\"\" class=\"wp-image-404\"\/><\/figure><\/div>\n\n\n<p><strong>P\u0142yty nawigacyjne z mapami: <\/strong><br>1 - Austria, Szwajcaria, Liechtenstein, Francja, Niemcy, W\u0142ochy + MRE <br>2 - Belgia, Holandia, Luksemburg + europejskie mapy tranzytowe<br>3 - Republika Czeska, <strong>Polska <\/strong> + europejskie mapy tranzytowe<br>4 - Niemcy + europejskie mapy tranzytowe<br>5 - W\u0142ochy, San Marino, Watykan + europejskie mapy tranzytowe<br>6 - Finlandia, Szwecja, Norwegia, Dania + europejskie mapy tranzytowe<br>7 - Hiszpania, Portugalia + europejskie mapy tranzytowe<br>8 - Francja + europejskie mapy tranzytowe<br>9 MRE - Mapy tranzytowe Europy.<\/p>\n<p><strong>Przydatno\u015b\u0107:<\/strong><br><em>Honda Accord 1995 - 2007<\/em><\/p>\n<p><strong>1 rok gwarancji | Najnowsze mapy | Najlepsza cena | Wilno, Kowno, K\u0142ajpeda<\/strong><\/p>\n<hr>\n\n\n<h2 class=\"wp-block-heading\">Mapy nawigacyjne HONDA dla systemu nawigacji HDD (z dyskiem twardym)<\/h2>\n\n\n<p style=\"text-align: left;\"><strong>Brak aktualizacji<\/strong><\/p>\n<p><strong>Przydatno\u015b\u0107:<\/strong><br><em>Honda CR-V 2009 - 2011<br>Honda Civic 3dr 2009 - 2011 m.<br>Honda Civic 5dr 2009 - 2011 m.<br>Honda Civic 4dr (IMA) 2009 - 2011 m.<br>Honda CR-Z 2010 - 2011<br>Honda Jazz 2009 - 2011<br>Honda Insight 2009 - 2011<\/em><\/p>\n<p><strong>Dodatkowe informacje:<\/strong><br>Po otwarciu ekranu widzimy komunikat HDD.<\/p>\n<p><strong>1 rok gwarancji | Najnowsze mapy | Najlepsza cena | Wilno, Kowno, K\u0142ajpeda<\/strong><\/p>\n<hr>\n\n\n<h2 class=\"wp-block-heading\">Mapy nawigacyjne HONDA dla systemu nawigacji SD (z kart\u0105 SD)<\/h2>\n\n\n<p><strong>Brak aktualizacji<\/strong><\/p>\n<p><strong>Przydatno\u015b\u0107:<\/strong><br><em>HONDA CR-V od 2012 r.<br>HONDA CR-Z od 2012 r.<br>HONDA Civic 5dr od 2012<br>HONDA Insight od 2012 r.<br>HONDA Jazz od 2012 r.<\/em><\/p>\n<p><strong>Dodatkowe informacje:<\/strong><br>Karta SD nawigacji jest wk\u0142adana bez otwierania ekranu.<\/p>\n<p><strong>1 rok gwarancji | Najnowsze mapy | Najlepsza cena | Wilno, Kowno, K\u0142ajpeda<\/strong><\/p>\n<hr>\n\n\n<h2 class=\"wp-block-heading\">Mapy nawigacyjne HONDA dla systemu nawigacji SSD (z kart\u0105 SD)<\/h2>\n\n\n\n<div class=\"wp-block-image\"><figure class=\"alignright\"><img loading=\"lazy\" decoding=\"async\" width=\"150\" height=\"150\" src=\"https:\/\/elmeistrai.lt\/wp-content\/uploads\/2019\/04\/honda-navigacija-sd-150x150.jpg\" alt=\"\" class=\"wp-image-411\"\/><\/figure><\/div>\n\n\n<p><strong>Brak aktualizacji<\/strong><\/p>\n<p><strong>Przydatno\u015b\u0107:<\/strong><br><em>HONDA CR-V 2009 - 2012<br>HONDA Civic 3dr 2009 - 2012<br>HONDA Civic 5dr 2009 - 2012<br>HONDA Civic 4dr (IMA) 2009 - 2012<br>HONDA CR-Z 2009 - 2012<br>HONDA Jazz 2009 - 2012<br>HONDA Insight 2009 - 2012<\/em><\/p>\n<p><strong>Dodatkowe informacje:<\/strong><br>Karta SD nawigacji jest w\u0142o\u017cona, gdy ekran jest otwarty.<\/p>\n<p><strong>1 rok gwarancji | Najnowsze mapy | Najlepsza cena | Wilno, Kowno, K\u0142ajpeda<\/strong><\/p>\n<hr>","protected":false},"excerpt":{"rendered":"<p>Mapy nawigacyjne HONDA dla Litwy i Europy dla system\u00f3w rozpoznawania g\u0142osu i p\u0142yt DVD (APN2\/APN3) 1 P\u0142yta nawigacyjna z...<\/p>","protected":false},"author":1,"featured_media":0,"parent":0,"menu_order":0,"comment_status":"closed","ping_status":"closed","template":"","meta":{"_uag_custom_page_level_css":"","footnotes":""},"class_list":["post-397","page","type-page","status-publish","hentry"],"yoast_head":"<!-- This site is optimized with the Yoast SEO plugin v27.3 - https:\/\/yoast.com\/product\/yoast-seo-wordpress\/ -->\n<title>Honda navigacija Vilniuje, Kaune, Klaip\u0117doje, \u0160iauliuose<\/title>\n<meta name=\"description\" content=\"HONDA navigacijos Lietuvos ir Europos naujausi\u0173 \u017eem\u0117lapi\u0173 atnaujinimas - Vilniuje, Kaune, Klaip\u0117doje.\" \/>\n<meta name=\"robots\" content=\"index, follow, max-snippet:-1, max-image-preview:large, max-video-preview:-1\" \/>\n<link rel=\"canonical\" href=\"https:\/\/elmeistrai.lt\/pl\/honda-navigacija\/\" \/>\n<meta property=\"og:locale\" content=\"pl_PL\" \/>\n<meta property=\"og:type\" content=\"article\" \/>\n<meta property=\"og:title\" content=\"Honda navigacija Vilniuje, Kaune, Klaip\u0117doje, \u0160iauliuose\" \/>\n<meta property=\"og:description\" content=\"HONDA navigacijos Lietuvos ir Europos naujausi\u0173 \u017eem\u0117lapi\u0173 atnaujinimas - Vilniuje, Kaune, Klaip\u0117doje.\" \/>\n<meta property=\"og:url\" content=\"https:\/\/elmeistrai.lt\/pl\/honda-navigacija\/\" \/>\n<meta property=\"og:site_name\" content=\"Vilniuje, Kaune, Klaip\u0117doje, \u0160iauliuose\" \/>\n<meta property=\"article:publisher\" content=\"https:\/\/www.facebook.com\/elmeistrai.lt\/\" \/>\n<meta property=\"article:modified_time\" content=\"2022-04-09T22:00:46+00:00\" \/>\n<meta property=\"og:image\" content=\"https:\/\/elmeistrai.lt\/wp-content\/uploads\/2019\/03\/honda-navigacija-DX-150x110.jpg\" \/>\n<meta name=\"twitter:card\" content=\"summary_large_image\" \/>\n<meta name=\"twitter:label1\" content=\"Szacowany czas czytania\" \/>\n\t<meta name=\"twitter:data1\" content=\"4 minuty\" \/>\n<script type=\"application\/ld+json\" class=\"yoast-schema-graph\">{\"@context\":\"https:\\\/\\\/schema.org\",\"@graph\":[{\"@type\":\"NewsArticle\",\"@id\":\"https:\\\/\\\/elmeistrai.lt\\\/en\\\/honda-navigacija\\\/#article\",\"isPartOf\":{\"@id\":\"https:\\\/\\\/elmeistrai.lt\\\/en\\\/honda-navigacija\\\/\"},\"author\":{\"name\":\"elMeistrai\",\"@id\":\"https:\\\/\\\/elmeistrai.lt\\\/#\\\/schema\\\/person\\\/6363b621eb9606785f7f2ae9a52987f7\"},\"headline\":\"Honda navigacija\",\"datePublished\":\"2019-03-29T15:35:38+00:00\",\"dateModified\":\"2022-04-09T22:00:46+00:00\",\"mainEntityOfPage\":{\"@id\":\"https:\\\/\\\/elmeistrai.lt\\\/en\\\/honda-navigacija\\\/\"},\"wordCount\":614,\"publisher\":{\"@id\":\"https:\\\/\\\/elmeistrai.lt\\\/#organization\"},\"image\":{\"@id\":\"https:\\\/\\\/elmeistrai.lt\\\/en\\\/honda-navigacija\\\/#primaryimage\"},\"thumbnailUrl\":\"https:\\\/\\\/elmeistrai.lt\\\/wp-content\\\/uploads\\\/2019\\\/03\\\/honda-navigacija-DX-150x110.jpg\",\"inLanguage\":\"pl-PL\"},{\"@type\":[\"WebPage\",\"ItemPage\"],\"@id\":\"https:\\\/\\\/elmeistrai.lt\\\/en\\\/honda-navigacija\\\/\",\"url\":\"https:\\\/\\\/elmeistrai.lt\\\/en\\\/honda-navigacija\\\/\",\"name\":\"Honda navigacija Vilniuje, Kaune, Klaip\u0117doje, \u0160iauliuose\",\"isPartOf\":{\"@id\":\"https:\\\/\\\/elmeistrai.lt\\\/#website\"},\"primaryImageOfPage\":{\"@id\":\"https:\\\/\\\/elmeistrai.lt\\\/en\\\/honda-navigacija\\\/#primaryimage\"},\"image\":{\"@id\":\"https:\\\/\\\/elmeistrai.lt\\\/en\\\/honda-navigacija\\\/#primaryimage\"},\"thumbnailUrl\":\"https:\\\/\\\/elmeistrai.lt\\\/wp-content\\\/uploads\\\/2019\\\/03\\\/honda-navigacija-DX-150x110.jpg\",\"datePublished\":\"2019-03-29T15:35:38+00:00\",\"dateModified\":\"2022-04-09T22:00:46+00:00\",\"description\":\"HONDA navigacijos Lietuvos ir Europos naujausi\u0173 \u017eem\u0117lapi\u0173 atnaujinimas - Vilniuje, Kaune, Klaip\u0117doje.\",\"breadcrumb\":{\"@id\":\"https:\\\/\\\/elmeistrai.lt\\\/en\\\/honda-navigacija\\\/#breadcrumb\"},\"inLanguage\":\"pl-PL\",\"potentialAction\":[{\"@type\":\"ReadAction\",\"target\":[\"https:\\\/\\\/elmeistrai.lt\\\/en\\\/honda-navigacija\\\/\"]}]},{\"@type\":\"ImageObject\",\"inLanguage\":\"pl-PL\",\"@id\":\"https:\\\/\\\/elmeistrai.lt\\\/en\\\/honda-navigacija\\\/#primaryimage\",\"url\":\"https:\\\/\\\/elmeistrai.lt\\\/wp-content\\\/uploads\\\/2019\\\/03\\\/honda-navigacija-DX-150x110.jpg\",\"contentUrl\":\"https:\\\/\\\/elmeistrai.lt\\\/wp-content\\\/uploads\\\/2019\\\/03\\\/honda-navigacija-DX-150x110.jpg\"},{\"@type\":\"BreadcrumbList\",\"@id\":\"https:\\\/\\\/elmeistrai.lt\\\/en\\\/honda-navigacija\\\/#breadcrumb\",\"itemListElement\":[{\"@type\":\"ListItem\",\"position\":1,\"name\":\"Home\",\"item\":\"https:\\\/\\\/elmeistrai.lt\\\/\"},{\"@type\":\"ListItem\",\"position\":2,\"name\":\"Honda navigacija\"}]},{\"@type\":\"WebSite\",\"@id\":\"https:\\\/\\\/elmeistrai.lt\\\/#website\",\"url\":\"https:\\\/\\\/elmeistrai.lt\\\/\",\"name\":\"Vilniuje, Kaune, Klaip\u0117doje, \u0160iauliuose\",\"description\":\"Nam\u0173 ir verslo elektronikos prietais\u0173 remontas. Kase\u010di\u0173 pildymas.\",\"publisher\":{\"@id\":\"https:\\\/\\\/elmeistrai.lt\\\/#organization\"},\"potentialAction\":[{\"@type\":\"SearchAction\",\"target\":{\"@type\":\"EntryPoint\",\"urlTemplate\":\"https:\\\/\\\/elmeistrai.lt\\\/?s={search_term_string}\"},\"query-input\":{\"@type\":\"PropertyValueSpecification\",\"valueRequired\":true,\"valueName\":\"search_term_string\"}}],\"inLanguage\":\"pl-PL\"},{\"@type\":\"Organization\",\"@id\":\"https:\\\/\\\/elmeistrai.lt\\\/#organization\",\"name\":\"elMeistrai.lt\",\"alternateName\":\"Kavos aparat\u0173, paspirtuk\u0173, televizori\u0173, kompiuteri\u0173, telefon\u0173 ir kt. technikos remontas\",\"url\":\"https:\\\/\\\/elmeistrai.lt\\\/\",\"logo\":{\"@type\":\"ImageObject\",\"inLanguage\":\"pl-PL\",\"@id\":\"https:\\\/\\\/elmeistrai.lt\\\/#\\\/schema\\\/logo\\\/image\\\/\",\"url\":\"https:\\\/\\\/elmeistrai.lt\\\/wp-content\\\/uploads\\\/2022\\\/09\\\/elmeistrai_logo.jpg\",\"contentUrl\":\"https:\\\/\\\/elmeistrai.lt\\\/wp-content\\\/uploads\\\/2022\\\/09\\\/elmeistrai_logo.jpg\",\"width\":556,\"height\":143,\"caption\":\"elMeistrai.lt\"},\"image\":{\"@id\":\"https:\\\/\\\/elmeistrai.lt\\\/#\\\/schema\\\/logo\\\/image\\\/\"},\"sameAs\":[\"https:\\\/\\\/www.facebook.com\\\/elmeistrai.lt\\\/\"]},{\"@type\":\"Person\",\"@id\":\"https:\\\/\\\/elmeistrai.lt\\\/#\\\/schema\\\/person\\\/6363b621eb9606785f7f2ae9a52987f7\",\"name\":\"elMeistrai\",\"image\":{\"@type\":\"ImageObject\",\"inLanguage\":\"pl-PL\",\"@id\":\"https:\\\/\\\/secure.gravatar.com\\\/avatar\\\/052f2d9640381d6904c5c0676ac3cc3d7ad734def78df3657e571451cad9870d?s=96&d=mm&r=g\",\"url\":\"https:\\\/\\\/secure.gravatar.com\\\/avatar\\\/052f2d9640381d6904c5c0676ac3cc3d7ad734def78df3657e571451cad9870d?s=96&d=mm&r=g\",\"contentUrl\":\"https:\\\/\\\/secure.gravatar.com\\\/avatar\\\/052f2d9640381d6904c5c0676ac3cc3d7ad734def78df3657e571451cad9870d?s=96&d=mm&r=g\",\"caption\":\"elMeistrai\"},\"url\":\"https:\\\/\\\/elmeistrai.lt\\\/pl\\\/author\\\/yipkxe\\\/\"}]}<\/script>\n<!-- \/ Yoast SEO plugin. -->","yoast_head_json":{"title":"Honda navigacija Vilniuje, Kaune, Klaip\u0117doje, \u0160iauliuose","description":"Aktualizacja najnowszych map nawigacyjnych HONDA dla Litwy i Europy - Wilno, Kowno, K\u0142ajpeda.","robots":{"index":"index","follow":"follow","max-snippet":"max-snippet:-1","max-image-preview":"max-image-preview:large","max-video-preview":"max-video-preview:-1"},"canonical":"https:\/\/elmeistrai.lt\/pl\/honda-navigacija\/","og_locale":"pl_PL","og_type":"article","og_title":"Honda navigacija Vilniuje, Kaune, Klaip\u0117doje, \u0160iauliuose","og_description":"HONDA navigacijos Lietuvos ir Europos naujausi\u0173 \u017eem\u0117lapi\u0173 atnaujinimas - Vilniuje, Kaune, Klaip\u0117doje.","og_url":"https:\/\/elmeistrai.lt\/pl\/honda-navigacija\/","og_site_name":"Vilniuje, Kaune, Klaip\u0117doje, \u0160iauliuose","article_publisher":"https:\/\/www.facebook.com\/elmeistrai.lt\/","article_modified_time":"2022-04-09T22:00:46+00:00","og_image":[{"url":"https:\/\/elmeistrai.lt\/wp-content\/uploads\/2019\/03\/honda-navigacija-DX-150x110.jpg","type":"","width":"","height":""}],"twitter_card":"summary_large_image","twitter_misc":{"Szacowany czas czytania":"4 minuty"},"schema":{"@context":"https:\/\/schema.org","@graph":[{"@type":"NewsArticle","@id":"https:\/\/elmeistrai.lt\/en\/honda-navigacija\/#article","isPartOf":{"@id":"https:\/\/elmeistrai.lt\/en\/honda-navigacija\/"},"author":{"name":"elMeistrai","@id":"https:\/\/elmeistrai.lt\/#\/schema\/person\/6363b621eb9606785f7f2ae9a52987f7"},"headline":"Honda navigacija","datePublished":"2019-03-29T15:35:38+00:00","dateModified":"2022-04-09T22:00:46+00:00","mainEntityOfPage":{"@id":"https:\/\/elmeistrai.lt\/en\/honda-navigacija\/"},"wordCount":614,"publisher":{"@id":"https:\/\/elmeistrai.lt\/#organization"},"image":{"@id":"https:\/\/elmeistrai.lt\/en\/honda-navigacija\/#primaryimage"},"thumbnailUrl":"https:\/\/elmeistrai.lt\/wp-content\/uploads\/2019\/03\/honda-navigacija-DX-150x110.jpg","inLanguage":"pl-PL"},{"@type":["WebPage","ItemPage"],"@id":"https:\/\/elmeistrai.lt\/en\/honda-navigacija\/","url":"https:\/\/elmeistrai.lt\/en\/honda-navigacija\/","name":"Honda navigacija Vilniuje, Kaune, Klaip\u0117doje, \u0160iauliuose","isPartOf":{"@id":"https:\/\/elmeistrai.lt\/#website"},"primaryImageOfPage":{"@id":"https:\/\/elmeistrai.lt\/en\/honda-navigacija\/#primaryimage"},"image":{"@id":"https:\/\/elmeistrai.lt\/en\/honda-navigacija\/#primaryimage"},"thumbnailUrl":"https:\/\/elmeistrai.lt\/wp-content\/uploads\/2019\/03\/honda-navigacija-DX-150x110.jpg","datePublished":"2019-03-29T15:35:38+00:00","dateModified":"2022-04-09T22:00:46+00:00","description":"Aktualizacja najnowszych map nawigacyjnych HONDA dla Litwy i Europy - Wilno, Kowno, K\u0142ajpeda.","breadcrumb":{"@id":"https:\/\/elmeistrai.lt\/en\/honda-navigacija\/#breadcrumb"},"inLanguage":"pl-PL","potentialAction":[{"@type":"ReadAction","target":["https:\/\/elmeistrai.lt\/en\/honda-navigacija\/"]}]},{"@type":"ImageObject","inLanguage":"pl-PL","@id":"https:\/\/elmeistrai.lt\/en\/honda-navigacija\/#primaryimage","url":"https:\/\/elmeistrai.lt\/wp-content\/uploads\/2019\/03\/honda-navigacija-DX-150x110.jpg","contentUrl":"https:\/\/elmeistrai.lt\/wp-content\/uploads\/2019\/03\/honda-navigacija-DX-150x110.jpg"},{"@type":"BreadcrumbList","@id":"https:\/\/elmeistrai.lt\/en\/honda-navigacija\/#breadcrumb","itemListElement":[{"@type":"ListItem","position":1,"name":"Home","item":"https:\/\/elmeistrai.lt\/"},{"@type":"ListItem","position":2,"name":"Honda navigacija"}]},{"@type":"WebSite","@id":"https:\/\/elmeistrai.lt\/#website","url":"https:\/\/elmeistrai.lt\/","name":"Wilno, Kowno, K\u0142ajpeda, Szawle","description":"Naprawa elektroniki domowej i firmowej. Nape\u0142nianie kartrid\u017cy.","publisher":{"@id":"https:\/\/elmeistrai.lt\/#organization"},"potentialAction":[{"@type":"SearchAction","target":{"@type":"EntryPoint","urlTemplate":"https:\/\/elmeistrai.lt\/?s={search_term_string}"},"query-input":{"@type":"PropertyValueSpecification","valueRequired":true,"valueName":"search_term_string"}}],"inLanguage":"pl-PL"},{"@type":"Organization","@id":"https:\/\/elmeistrai.lt\/#organization","name":"elMeistrai.lt","alternateName":"Kavos aparat\u0173, paspirtuk\u0173, televizori\u0173, kompiuteri\u0173, telefon\u0173 ir kt. technikos remontas","url":"https:\/\/elmeistrai.lt\/","logo":{"@type":"ImageObject","inLanguage":"pl-PL","@id":"https:\/\/elmeistrai.lt\/#\/schema\/logo\/image\/","url":"https:\/\/elmeistrai.lt\/wp-content\/uploads\/2022\/09\/elmeistrai_logo.jpg","contentUrl":"https:\/\/elmeistrai.lt\/wp-content\/uploads\/2022\/09\/elmeistrai_logo.jpg","width":556,"height":143,"caption":"elMeistrai.lt"},"image":{"@id":"https:\/\/elmeistrai.lt\/#\/schema\/logo\/image\/"},"sameAs":["https:\/\/www.facebook.com\/elmeistrai.lt\/"]},{"@type":"Person","@id":"https:\/\/elmeistrai.lt\/#\/schema\/person\/6363b621eb9606785f7f2ae9a52987f7","name":"elMeistrai","image":{"@type":"ImageObject","inLanguage":"pl-PL","@id":"https:\/\/secure.gravatar.com\/avatar\/052f2d9640381d6904c5c0676ac3cc3d7ad734def78df3657e571451cad9870d?s=96&d=mm&r=g","url":"https:\/\/secure.gravatar.com\/avatar\/052f2d9640381d6904c5c0676ac3cc3d7ad734def78df3657e571451cad9870d?s=96&d=mm&r=g","contentUrl":"https:\/\/secure.gravatar.com\/avatar\/052f2d9640381d6904c5c0676ac3cc3d7ad734def78df3657e571451cad9870d?s=96&d=mm&r=g","caption":"elMeistrai"},"url":"https:\/\/elmeistrai.lt\/pl\/author\/yipkxe\/"}]}},"uagb_featured_image_src":{"full":false,"thumbnail":false,"medium":false,"medium_large":false,"large":false,"1536x1536":false,"2048x2048":false,"trp-custom-language-flag":false,"writemag-1218w-autoh-image":false,"writemag-675w-autoh-image":false,"writemag-100w-100h-image":false},"uagb_author_info":{"display_name":"elMeistrai","author_link":"https:\/\/elmeistrai.lt\/pl\/author\/yipkxe\/"},"uagb_comment_info":0,"uagb_excerpt":"HONDA navigacijos Lietuvos ir Europos \u017eem\u0117lapiai sistemoms SU BALSINIU VALDYMU (Voice Recognition) ir DVD diskais (APN2\/APN3) 1 Navigacijos diskas su...","rttpg_featured_image_url":null,"rttpg_author":{"display_name":"elMeistrai","author_link":"https:\/\/elmeistrai.lt\/pl\/author\/yipkxe\/"},"rttpg_comment":0,"rttpg_category":null,"rttpg_excerpt":"HONDA navigacijos Lietuvos ir Europos \u017eem\u0117lapiai sistemoms SU BALSINIU VALDYMU (Voice Recognition) ir DVD diskais (APN2\/APN3) 1 Navigacijos diskas su...","_links":{"self":[{"href":"https:\/\/elmeistrai.lt\/pl\/wp-json\/wp\/v2\/pages\/397","targetHints":{"allow":["GET"]}}],"collection":[{"href":"https:\/\/elmeistrai.lt\/pl\/wp-json\/wp\/v2\/pages"}],"about":[{"href":"https:\/\/elmeistrai.lt\/pl\/wp-json\/wp\/v2\/types\/page"}],"author":[{"embeddable":true,"href":"https:\/\/elmeistrai.lt\/pl\/wp-json\/wp\/v2\/users\/1"}],"replies":[{"embeddable":true,"href":"https:\/\/elmeistrai.lt\/pl\/wp-json\/wp\/v2\/comments?post=397"}],"version-history":[{"count":14,"href":"https:\/\/elmeistrai.lt\/pl\/wp-json\/wp\/v2\/pages\/397\/revisions"}],"predecessor-version":[{"id":1548,"href":"https:\/\/elmeistrai.lt\/pl\/wp-json\/wp\/v2\/pages\/397\/revisions\/1548"}],"wp:attachment":[{"href":"https:\/\/elmeistrai.lt\/pl\/wp-json\/wp\/v2\/media?parent=397"}],"curies":[{"name":"wp","href":"https:\/\/api.w.org\/{rel}","templated":true}]}}