{"id":297,"date":"2019-03-29T07:21:49","date_gmt":"2019-03-29T09:21:49","guid":{"rendered":"https:\/\/elmeistrai.lt\/?page_id=297"},"modified":"2022-04-09T19:59:59","modified_gmt":"2022-04-09T21:59:59","slug":"bmw-navigacija","status":"publish","type":"page","link":"https:\/\/elmeistrai.lt\/pl\/bmw-navigacija\/","title":{"rendered":"Nawigacja BMW"},"content":{"rendered":"<h2 class=\"wp-block-heading\">Mapy nawigacyjne BMW dla Litwy i Europy dla CIC Premium \/ CIC-MID Business Motion \/ Champ2 Business Move \/ NBT Next HU-H z dyskiem twardym <\/h2>\n\n\n\n<div class=\"wp-block-image\"><figure class=\"alignright is-resized\"><img loading=\"lazy\" decoding=\"async\" src=\"https:\/\/elmeistrai.lt\/wp-content\/uploads\/2019\/03\/bmw-navigacija-cic.-300x176.jpg\" alt=\"\" class=\"wp-image-300\" width=\"225\" height=\"132\" srcset=\"https:\/\/elmeistrai.lt\/wp-content\/uploads\/2019\/03\/bmw-navigacija-cic.-300x176.jpg 300w, https:\/\/elmeistrai.lt\/wp-content\/uploads\/2019\/03\/bmw-navigacija-cic.-660x387.jpg 660w, https:\/\/elmeistrai.lt\/wp-content\/uploads\/2019\/03\/bmw-navigacija-cic..jpg 739w\" sizes=\"auto, (max-width: 225px) 100vw, 225px\" \/><\/figure><\/div>\n\n\n<p><strong>Aktualizacja map nawigacyjnych:<\/strong><br><strong>Litwa (szczeg\u00f3\u0142y)<\/strong>Niemcy, Austria, Andora, Belgia, Szwajcaria, Czechy, Dania, Hiszpania, Francja, Finlandia, Liechtenstein, Wielka Brytania, Grecja, Irlandia, W\u0142ochy, Luksemburg, Monako, Norwegia, Holandia, Portugalia, San Marino, Szwecja, Watykan, Rosja, Polska, W\u0119gry, Chorwacja, S\u0142owenia, Bia\u0142oru\u015b, Estonia, \u0141otwa.<\/p>\n<p><strong>Przydatno\u015b\u0107:<\/strong><br><em>BMW 1er - E81\/E82\/E87\/E88\/F20\/F21\/F52 i inne wyprodukowane przez 2009 -<br>BMW 3er - E90\/E91\/E92\/E93\/F30\/F31\/F34\/F35 i inne 2009 -<br>BMW 5er - E60\/E61\/F07\/F10\/F11\/F18\/G30 i inne 2009 -<br>BMW 6er - E63\/E64\/F06\/F12\/F13 i inne wyprodukowane w Niemczech 2009 -<br>BMW 7er - F01\/F02F03\/F04\/G11\/G12 wyprodukowano. 2008 -<br>BMW X3 - F25\/F20 i inne wyprodukowane w. 2011 -<br>BMW X5 - E70\/F15 i inne wyprodukowane w. 2010 -<br>BMW X6 - E71\/E72\/F85\/F86 wyprodukowano. 2010 -<\/em><\/p>\n<p><strong>1 rok gwarancji | Najnowsze mapy | Najlepsza cena | Wilno, Kowno, K\u0142ajpeda<\/strong><\/p>\n<hr>\n\n\n<h2 class=\"wp-block-heading\">Mapy nawigacyjne BMW dla Litwy i Europy dla system\u00f3w CCC Professional z DVD <\/h2>\n\n\n\n<div class=\"wp-block-image\"><figure class=\"alignright\"><img loading=\"lazy\" decoding=\"async\" width=\"150\" height=\"114\" src=\"https:\/\/elmeistrai.lt\/wp-content\/uploads\/2019\/03\/bmw-navigacija-150x114.jpg\" alt=\"\" class=\"wp-image-310\"\/><\/figure><\/div>\n\n\n<p><strong>1 p\u0142yta nawigacyjna z mapami: <br><\/strong>Irlandia, Andora, Belgia, Wielka Brytania, Gibraltar, Hiszpania, Luksemburg, Monako, Holandia, Portugalia, Francja + g\u0142\u00f3wne drogi Europy. <br><strong>2 P\u0142yta nawigacyjna z mapami:<\/strong><br>Austria, Belgia, Czechy, Dania, Niemcy, W\u0142ochy, Liechtenstein, Luksemburg, Holandia, San Marino, S\u0142owenia, Szwajcaria, Watykan, + g\u0142\u00f3wne drogi europejskie. <br><strong>3 P\u0142yta nawigacyjna z mapami:<br><\/strong>Albania, Bia\u0142oru\u015b, Bu\u0142garia, Chorwacja, Estonia, Grecja, \u0141otwa, Czarnog\u00f3ra, Polska, <strong> Litwa (szczeg\u00f3\u0142y)<\/strong>Norwegia, Rumunia, Rosja, S\u0142owacja, S\u0142owenia, Finlandia, Szwecja, Ukraina, W\u0119gry + g\u0142\u00f3wne drogi europejskie.<\/p>\n<p><strong>Przydatno\u015b\u0107:<\/strong><em><br>BMW 1er 2004 - 2008<br>BMW 3er 2004 - 2008<br>BMW 5er 2004 - 2008<br>BMW 6er 2004 - 2008<br>BMW X5 2004 - 2009<br>BMW X6 2004 <\/em><\/p>\n<p><strong>1 rok gwarancji | Najnowsze mapy | Najlepsza cena | Wilno, Kowno, K\u0142ajpeda<\/strong><\/p>\n<hr>\n\n\n<h2 class=\"wp-block-heading\">Mapy nawigacyjne BMW dla Litwy i Europy dla firm (M-ASK I) pre-LCI <\/h2>\n\n\n<p><strong>1 p\u0142yta nawigacyjna z mapami:<br><\/strong>Andora, Austria, Belgia, Czechy, Dania, Finlandia, Francja, Niemcy, Grecja, Irlandia, Gibraltar, W\u0142ochy, Liechtenstein, Luksemburg, Monako, Norwegia, Holandia, Portugalia, San Marino, Hiszpania, Szwecja, Szwajcaria, Watykan, Wielka Brytania.<\/p>\n<p><strong>2 P\u0142yta nawigacyjna z mapami:<br><\/strong>Austria, Chorwacja, Czechy, Dania, Estonia, Finlandia, Francja, Niemcy, Grecja, W\u0119gry, W\u0142ochy, Liechtenstein, Norwegia, San Marino, S\u0142owacja, S\u0142owenia, Hiszpania, Szwecja, Szwajcaria, Watykan.<\/p>\n<p><strong>Przydatno\u015b\u0107:<\/strong><br><em>BMW neFacelift (przed LCI) modele 2003 - 2007<\/em><\/p>\n<p><strong>1 rok gwarancji | Najnowsze mapy | Najlepsza cena | Wilno, Kowno, K\u0142ajpeda<\/strong><\/p>\n<hr>\n\n\n<h2 class=\"wp-block-heading\">Mapy nawigacyjne BMW dla Litwy i Europy dla firm (M-ASK II) LCI <\/h2>\n\n\n\n<div class=\"wp-block-image\"><figure class=\"alignright\"><img loading=\"lazy\" decoding=\"async\" width=\"150\" height=\"150\" src=\"https:\/\/elmeistrai.lt\/wp-content\/uploads\/2019\/03\/bmw-navigacija-imasII-150x150.jpg\" alt=\"\" class=\"wp-image-323\"\/><\/figure><\/div>\n\n\n<p><strong>1 p\u0142yta nawigacyjna z mapami: <br><\/strong>Andora, Austria, Belgia, Czechy, Dania, Finlandia, Francja, Niemcy, Grecja, Irlandia, Gibraltar, W\u0142ochy, Liechtenstein, Luksemburg, Monako, Norwegia, Holandia, Portugalia, San Marino, Hiszpania, Szwecja, Szwajcaria, Watykan, Wielka Brytania.<\/p>\n<p><strong>2 P\u0142yta nawigacyjna z mapami: <br><\/strong>Austria, Chorwacja, Czechy, Dania, Estonia, Finlandia, Francja, Niemcy, Grecja, W\u0119gry, W\u0142ochy, Liechtenstein, Norwegia, San Marino, S\u0142owacja, S\u0142owenia, Hiszpania, Szwecja, Szwajcaria, Watykan.<\/p>\n<p><strong>3 P\u0142yta nawigacyjna z mapami:<\/strong><br>Irlandia, Andora, Austria, Belgia, Bu\u0142garia, Czechy, Dania, Wielka Brytania, Estonia, Gibraltar, Grecja, Hiszpania, W\u0142ochy, Chorwacja, \u0141otwa, Liechtenstein, Polska, <strong>Litwa (szczeg\u00f3\u0142y)<\/strong>Luksemburg, Monako, Norwegia, Holandia, Portugalia, Francja, Rumunia, San Marino, S\u0142owacja, S\u0142owenia, Finlandia, Szwecja, Szwajcaria, Watykan, W\u0119gry, Niemcy.<\/p>\n<p><strong>Przydatno\u015b\u0107: <\/strong><br><em>BMW Facelift (LCI) modele 2007 - 2010<br>BMW neFacelift (przed LCI) modele 2003 - 2007 <\/em><\/p>\n<p><strong>Dodatkowe informacje:<\/strong><br>Nawigacja musi wy\u015bwietla\u0107 mapy 2D.<\/p>\n<p><strong>1 rok gwarancji | Najnowsze mapy | Najlepsza cena | Wilno, Kowno, K\u0142ajpeda<\/strong><\/p>\n<hr>\n\n\n<h2 class=\"wp-block-heading\">Mapy nawigacyjne BMW dla Litwy i Europy (iDrive II) NAVI02\/NAVI03 z DVD<\/h2>\n\n\n\n<div class=\"wp-block-image\"><figure class=\"alignright\"><img loading=\"lazy\" decoding=\"async\" width=\"150\" height=\"150\" src=\"https:\/\/elmeistrai.lt\/wp-content\/uploads\/2019\/03\/bmw-navigacija-o3-150x150.jpg\" alt=\"\" class=\"wp-image-315\"\/><\/figure><\/div>\n\n\n<p><strong>1 p\u0142yta nawigacyjna z mapami:<br><\/strong>Andora, Austria, Belgia, Czechy, Dania, Finlandia, Francja, Niemcy, Grecja, Irlandia, Gibraltar, Wielka Brytania, W\u0142ochy, Liechtenstein, Luksemburg, Monako, Norwegia, Holandia, Portugalia, San Marino, Hiszpania, Szwecja, Szwajcaria, Watykan <br><strong>2 P\u0142yta nawigacyjna z mapami:<br><\/strong>Austria, Bia\u0142oru\u015b, Bu\u0142garia, Chorwacja, Czechy, Dania, Estonia, Grecja, W\u0142ochy, Liechtenstein, \u0141otwa, Polska, <strong> Litwa (szczeg\u00f3\u0142y)<\/strong>Norwegia, Rumunia, Rosja, San Marino, S\u0142owacja, S\u0142owenia, Finlandia, Szwecja, Szwajcaria, Watykan, W\u0119gry, Niemcy.<\/p>\n<p><strong>Przydatno\u015b\u0107: <\/strong><br><em>BMW 3er 2002 - 2007<br>BMW 5er 2002 - 2003<br>BMW 7er 2001 - 2007<br>BMW X3 2001 - 2007<br>BMW X5 1999 - 2008<br>BMW Z4 2002 - 2009<br>BMW Z8 2000 - 2003<\/em><\/p>\n<p><strong>Dodatkowe informacje: <\/strong><br>Nawigacja w baga\u017cniku.<br>P\u0142yta CD lub DVD jest zapisywana w jednostce nawigacyjnej w baga\u017cniku.<br>Je\u015bli nie jest napisane DVD, oznacza to CD.<br>Je\u015bli posiadasz nawigacj\u0119 DVD, nawigacja z dwoma dyskami dzia\u0142a od wersji 31.<br>W razie potrzeby mo\u017cemy dokona\u0107 aktualizacji do najnowszej wersji V32 lub uruchomi\u0107 p\u0142yt\u0119 jednowarstwow\u0105.<\/p>\n<p><strong>1 rok gwarancji | Najnowsze mapy | Najlepsza cena | Wilno, Kowno, K\u0142ajpeda<\/strong><\/p>\n<hr>\n\n\n<h2 class=\"wp-block-heading\">Mapy nawigacyjne BMW dla Litwy i Europy (iDrive I) NAVI01 MK1 MK2 MK3 MK4 z CD <\/h2>\n\n\n\n<div class=\"wp-block-image\"><figure class=\"alignright is-resized\"><img loading=\"lazy\" decoding=\"async\" src=\"https:\/\/elmeistrai.lt\/wp-content\/uploads\/2019\/03\/bmw-navigacija-1-300x150.jpg\" alt=\"\" class=\"wp-image-318\" width=\"225\" height=\"113\" srcset=\"https:\/\/elmeistrai.lt\/wp-content\/uploads\/2019\/03\/bmw-navigacija-1-300x150.jpg 300w, https:\/\/elmeistrai.lt\/wp-content\/uploads\/2019\/03\/bmw-navigacija-1.jpg 648w\" sizes=\"auto, (max-width: 225px) 100vw, 225px\" \/><\/figure><\/div>\n\n\n<p><strong>P\u0142yty nawigacyjne z mapami: <\/strong><br>1 - Belgia, Holandia, Luksemburg<br>2 - Austria, Liechtenstein, Szwajcaria, Niemcy, sz. W\u0142ochy<br>3 - Europa Wschodnia 1 - Estonia, \u0141otwa, <strong> Litwa (szczeg\u00f3\u0142y)<\/strong><br>4 - Europa Wschodnia 2 - Bu\u0142garia, Czechy, Polska, Chorwacja, W\u0119gry, Rumunia, S\u0142owacja, S\u0142owenia<br>5 - \u0161. Francja<br>6 - str. Francja<br>7 - Niemcy<br>8 - W\u0142ochy, San Marino, Watykan, Grecja<br>9 - Dania, Szwecja, Finlandia, Norwegia<br>10 - Hiszpania<br>11 - Portugalia<br>12 - Anglia, Szkocja, Irlandia<br>13 - Mapy g\u0142\u00f3wnych dr\u00f3g w Europie.<\/p>\n<p><strong>Przydatno\u015b\u0107:<\/strong><br><em>BMW 3er 2003 - 2007<br>BMW 5er 1995 - 2003<br>BMW 7er 1993 - 2007<br>BMW X3 2001 - 2007<br>BMW X5 1999 - 2008<br>BMW M5 -2007<br>BMW Z4 2002 - 2009<br>BMW Z8 2000 - 2003<\/em> m.<\/p>\n<p><strong>Dodatkowe informacje:<\/strong><br>Dysk nawigacyjny jest umieszczony w baga\u017cniku.<\/p>\n<p><strong>1 rok gwarancji | Najnowsze mapy | Najlepsza cena | Wilno, Kowno, K\u0142ajpeda<\/strong><\/p>\n<hr>","protected":false},"excerpt":{"rendered":"<p>Mapy nawigacyjne BMW dla Litwy i Europy dla CIC Premium \/ CIC-MID Business Motion \/ Champ2 Business Move \/ NBT Next...<\/p>","protected":false},"author":1,"featured_media":0,"parent":0,"menu_order":0,"comment_status":"closed","ping_status":"closed","template":"","meta":{"_uag_custom_page_level_css":"","footnotes":""},"class_list":["post-297","page","type-page","status-publish","hentry"],"yoast_head":"<!-- This site is optimized with the Yoast SEO plugin v27.5 - https:\/\/yoast.com\/product\/yoast-seo-wordpress\/ -->\n<title>BMW navigacija Vilniuje, Kaune, Klaip\u0117doje, \u0160iauliuose<\/title>\n<meta name=\"description\" content=\"BMW navigacijos Lietuvos ir Europos naujausi\u0173 \u017eem\u0117lapi\u0173 atnaujinimas - Vilniuje, Kaune, Klaip\u0117doje.\" \/>\n<meta name=\"robots\" content=\"index, follow, max-snippet:-1, max-image-preview:large, max-video-preview:-1\" \/>\n<link rel=\"canonical\" href=\"https:\/\/elmeistrai.lt\/pl\/bmw-navigacija\/\" \/>\n<meta property=\"og:locale\" content=\"pl_PL\" \/>\n<meta property=\"og:type\" content=\"article\" \/>\n<meta property=\"og:title\" content=\"BMW navigacija Vilniuje, Kaune, Klaip\u0117doje, \u0160iauliuose\" \/>\n<meta property=\"og:description\" content=\"BMW navigacijos Lietuvos ir Europos naujausi\u0173 \u017eem\u0117lapi\u0173 atnaujinimas - Vilniuje, Kaune, Klaip\u0117doje.\" \/>\n<meta property=\"og:url\" content=\"https:\/\/elmeistrai.lt\/pl\/bmw-navigacija\/\" \/>\n<meta property=\"og:site_name\" content=\"Vilniuje, Kaune, Klaip\u0117doje, \u0160iauliuose\" \/>\n<meta property=\"article:publisher\" content=\"https:\/\/www.facebook.com\/elmeistrai.lt\/\" \/>\n<meta property=\"article:modified_time\" content=\"2022-04-09T21:59:59+00:00\" \/>\n<meta property=\"og:image\" content=\"https:\/\/elmeistrai.lt\/wp-content\/uploads\/2019\/03\/bmw-navigacija-cic.-300x176.jpg\" \/>\n<meta name=\"twitter:card\" content=\"summary_large_image\" \/>\n<meta name=\"twitter:label1\" content=\"Szacowany czas czytania\" \/>\n\t<meta name=\"twitter:data1\" content=\"6 minut\" \/>\n<script type=\"application\/ld+json\" class=\"yoast-schema-graph\">{\"@context\":\"https:\\\/\\\/schema.org\",\"@graph\":[{\"@type\":\"NewsArticle\",\"@id\":\"https:\\\/\\\/elmeistrai.lt\\\/en\\\/bmw-navigacija\\\/#article\",\"isPartOf\":{\"@id\":\"https:\\\/\\\/elmeistrai.lt\\\/en\\\/bmw-navigacija\\\/\"},\"author\":{\"name\":\"elMeistrai\",\"@id\":\"https:\\\/\\\/elmeistrai.lt\\\/#\\\/schema\\\/person\\\/6363b621eb9606785f7f2ae9a52987f7\"},\"headline\":\"BMW navigacija\",\"datePublished\":\"2019-03-29T09:21:49+00:00\",\"dateModified\":\"2022-04-09T21:59:59+00:00\",\"mainEntityOfPage\":{\"@id\":\"https:\\\/\\\/elmeistrai.lt\\\/en\\\/bmw-navigacija\\\/\"},\"wordCount\":830,\"publisher\":{\"@id\":\"https:\\\/\\\/elmeistrai.lt\\\/#organization\"},\"image\":{\"@id\":\"https:\\\/\\\/elmeistrai.lt\\\/en\\\/bmw-navigacija\\\/#primaryimage\"},\"thumbnailUrl\":\"https:\\\/\\\/elmeistrai.lt\\\/wp-content\\\/uploads\\\/2019\\\/03\\\/bmw-navigacija-cic.-300x176.jpg\",\"inLanguage\":\"pl-PL\"},{\"@type\":[\"WebPage\",\"ItemPage\"],\"@id\":\"https:\\\/\\\/elmeistrai.lt\\\/en\\\/bmw-navigacija\\\/\",\"url\":\"https:\\\/\\\/elmeistrai.lt\\\/en\\\/bmw-navigacija\\\/\",\"name\":\"BMW navigacija Vilniuje, Kaune, Klaip\u0117doje, \u0160iauliuose\",\"isPartOf\":{\"@id\":\"https:\\\/\\\/elmeistrai.lt\\\/#website\"},\"primaryImageOfPage\":{\"@id\":\"https:\\\/\\\/elmeistrai.lt\\\/en\\\/bmw-navigacija\\\/#primaryimage\"},\"image\":{\"@id\":\"https:\\\/\\\/elmeistrai.lt\\\/en\\\/bmw-navigacija\\\/#primaryimage\"},\"thumbnailUrl\":\"https:\\\/\\\/elmeistrai.lt\\\/wp-content\\\/uploads\\\/2019\\\/03\\\/bmw-navigacija-cic.-300x176.jpg\",\"datePublished\":\"2019-03-29T09:21:49+00:00\",\"dateModified\":\"2022-04-09T21:59:59+00:00\",\"description\":\"BMW navigacijos Lietuvos ir Europos naujausi\u0173 \u017eem\u0117lapi\u0173 atnaujinimas - Vilniuje, Kaune, Klaip\u0117doje.\",\"breadcrumb\":{\"@id\":\"https:\\\/\\\/elmeistrai.lt\\\/en\\\/bmw-navigacija\\\/#breadcrumb\"},\"inLanguage\":\"pl-PL\",\"potentialAction\":[{\"@type\":\"ReadAction\",\"target\":[\"https:\\\/\\\/elmeistrai.lt\\\/en\\\/bmw-navigacija\\\/\"]}]},{\"@type\":\"ImageObject\",\"inLanguage\":\"pl-PL\",\"@id\":\"https:\\\/\\\/elmeistrai.lt\\\/en\\\/bmw-navigacija\\\/#primaryimage\",\"url\":\"https:\\\/\\\/elmeistrai.lt\\\/wp-content\\\/uploads\\\/2019\\\/03\\\/bmw-navigacija-cic.-300x176.jpg\",\"contentUrl\":\"https:\\\/\\\/elmeistrai.lt\\\/wp-content\\\/uploads\\\/2019\\\/03\\\/bmw-navigacija-cic.-300x176.jpg\"},{\"@type\":\"BreadcrumbList\",\"@id\":\"https:\\\/\\\/elmeistrai.lt\\\/en\\\/bmw-navigacija\\\/#breadcrumb\",\"itemListElement\":[{\"@type\":\"ListItem\",\"position\":1,\"name\":\"Home\",\"item\":\"https:\\\/\\\/elmeistrai.lt\\\/\"},{\"@type\":\"ListItem\",\"position\":2,\"name\":\"BMW navigacija\"}]},{\"@type\":\"WebSite\",\"@id\":\"https:\\\/\\\/elmeistrai.lt\\\/#website\",\"url\":\"https:\\\/\\\/elmeistrai.lt\\\/\",\"name\":\"Vilniuje, Kaune, Klaip\u0117doje, \u0160iauliuose\",\"description\":\"Nam\u0173 ir verslo elektronikos prietais\u0173 remontas. Kase\u010di\u0173 pildymas.\",\"publisher\":{\"@id\":\"https:\\\/\\\/elmeistrai.lt\\\/#organization\"},\"potentialAction\":[{\"@type\":\"SearchAction\",\"target\":{\"@type\":\"EntryPoint\",\"urlTemplate\":\"https:\\\/\\\/elmeistrai.lt\\\/?s={search_term_string}\"},\"query-input\":{\"@type\":\"PropertyValueSpecification\",\"valueRequired\":true,\"valueName\":\"search_term_string\"}}],\"inLanguage\":\"pl-PL\"},{\"@type\":\"Organization\",\"@id\":\"https:\\\/\\\/elmeistrai.lt\\\/#organization\",\"name\":\"elMeistrai.lt\",\"alternateName\":\"Kavos aparat\u0173, paspirtuk\u0173, televizori\u0173, kompiuteri\u0173, telefon\u0173 ir kt. technikos remontas\",\"url\":\"https:\\\/\\\/elmeistrai.lt\\\/\",\"logo\":{\"@type\":\"ImageObject\",\"inLanguage\":\"pl-PL\",\"@id\":\"https:\\\/\\\/elmeistrai.lt\\\/#\\\/schema\\\/logo\\\/image\\\/\",\"url\":\"https:\\\/\\\/elmeistrai.lt\\\/wp-content\\\/uploads\\\/2022\\\/09\\\/elmeistrai_logo.jpg\",\"contentUrl\":\"https:\\\/\\\/elmeistrai.lt\\\/wp-content\\\/uploads\\\/2022\\\/09\\\/elmeistrai_logo.jpg\",\"width\":556,\"height\":143,\"caption\":\"elMeistrai.lt\"},\"image\":{\"@id\":\"https:\\\/\\\/elmeistrai.lt\\\/#\\\/schema\\\/logo\\\/image\\\/\"},\"sameAs\":[\"https:\\\/\\\/www.facebook.com\\\/elmeistrai.lt\\\/\"]},{\"@type\":\"Person\",\"@id\":\"https:\\\/\\\/elmeistrai.lt\\\/#\\\/schema\\\/person\\\/6363b621eb9606785f7f2ae9a52987f7\",\"name\":\"elMeistrai\",\"image\":{\"@type\":\"ImageObject\",\"inLanguage\":\"pl-PL\",\"@id\":\"https:\\\/\\\/secure.gravatar.com\\\/avatar\\\/052f2d9640381d6904c5c0676ac3cc3d7ad734def78df3657e571451cad9870d?s=96&d=mm&r=g\",\"url\":\"https:\\\/\\\/secure.gravatar.com\\\/avatar\\\/052f2d9640381d6904c5c0676ac3cc3d7ad734def78df3657e571451cad9870d?s=96&d=mm&r=g\",\"contentUrl\":\"https:\\\/\\\/secure.gravatar.com\\\/avatar\\\/052f2d9640381d6904c5c0676ac3cc3d7ad734def78df3657e571451cad9870d?s=96&d=mm&r=g\",\"caption\":\"elMeistrai\"},\"url\":\"https:\\\/\\\/elmeistrai.lt\\\/pl\\\/author\\\/yipkxe\\\/\"}]}<\/script>\n<!-- \/ Yoast SEO plugin. -->","yoast_head_json":{"title":"BMW navigacija Vilniuje, Kaune, Klaip\u0117doje, \u0160iauliuose","description":"Aktualizacja najnowszych map nawigacyjnych BMW dla Litwy i Europy - Wilno, Kowno, K\u0142ajpeda.","robots":{"index":"index","follow":"follow","max-snippet":"max-snippet:-1","max-image-preview":"max-image-preview:large","max-video-preview":"max-video-preview:-1"},"canonical":"https:\/\/elmeistrai.lt\/pl\/bmw-navigacija\/","og_locale":"pl_PL","og_type":"article","og_title":"BMW navigacija Vilniuje, Kaune, Klaip\u0117doje, \u0160iauliuose","og_description":"BMW navigacijos Lietuvos ir Europos naujausi\u0173 \u017eem\u0117lapi\u0173 atnaujinimas - Vilniuje, Kaune, Klaip\u0117doje.","og_url":"https:\/\/elmeistrai.lt\/pl\/bmw-navigacija\/","og_site_name":"Vilniuje, Kaune, Klaip\u0117doje, \u0160iauliuose","article_publisher":"https:\/\/www.facebook.com\/elmeistrai.lt\/","article_modified_time":"2022-04-09T21:59:59+00:00","og_image":[{"url":"https:\/\/elmeistrai.lt\/wp-content\/uploads\/2019\/03\/bmw-navigacija-cic.-300x176.jpg","type":"","width":"","height":""}],"twitter_card":"summary_large_image","twitter_misc":{"Szacowany czas czytania":"6 minut"},"schema":{"@context":"https:\/\/schema.org","@graph":[{"@type":"NewsArticle","@id":"https:\/\/elmeistrai.lt\/en\/bmw-navigacija\/#article","isPartOf":{"@id":"https:\/\/elmeistrai.lt\/en\/bmw-navigacija\/"},"author":{"name":"elMeistrai","@id":"https:\/\/elmeistrai.lt\/#\/schema\/person\/6363b621eb9606785f7f2ae9a52987f7"},"headline":"BMW navigacija","datePublished":"2019-03-29T09:21:49+00:00","dateModified":"2022-04-09T21:59:59+00:00","mainEntityOfPage":{"@id":"https:\/\/elmeistrai.lt\/en\/bmw-navigacija\/"},"wordCount":830,"publisher":{"@id":"https:\/\/elmeistrai.lt\/#organization"},"image":{"@id":"https:\/\/elmeistrai.lt\/en\/bmw-navigacija\/#primaryimage"},"thumbnailUrl":"https:\/\/elmeistrai.lt\/wp-content\/uploads\/2019\/03\/bmw-navigacija-cic.-300x176.jpg","inLanguage":"pl-PL"},{"@type":["WebPage","ItemPage"],"@id":"https:\/\/elmeistrai.lt\/en\/bmw-navigacija\/","url":"https:\/\/elmeistrai.lt\/en\/bmw-navigacija\/","name":"BMW navigacija Vilniuje, Kaune, Klaip\u0117doje, \u0160iauliuose","isPartOf":{"@id":"https:\/\/elmeistrai.lt\/#website"},"primaryImageOfPage":{"@id":"https:\/\/elmeistrai.lt\/en\/bmw-navigacija\/#primaryimage"},"image":{"@id":"https:\/\/elmeistrai.lt\/en\/bmw-navigacija\/#primaryimage"},"thumbnailUrl":"https:\/\/elmeistrai.lt\/wp-content\/uploads\/2019\/03\/bmw-navigacija-cic.-300x176.jpg","datePublished":"2019-03-29T09:21:49+00:00","dateModified":"2022-04-09T21:59:59+00:00","description":"Aktualizacja najnowszych map nawigacyjnych BMW dla Litwy i Europy - Wilno, Kowno, K\u0142ajpeda.","breadcrumb":{"@id":"https:\/\/elmeistrai.lt\/en\/bmw-navigacija\/#breadcrumb"},"inLanguage":"pl-PL","potentialAction":[{"@type":"ReadAction","target":["https:\/\/elmeistrai.lt\/en\/bmw-navigacija\/"]}]},{"@type":"ImageObject","inLanguage":"pl-PL","@id":"https:\/\/elmeistrai.lt\/en\/bmw-navigacija\/#primaryimage","url":"https:\/\/elmeistrai.lt\/wp-content\/uploads\/2019\/03\/bmw-navigacija-cic.-300x176.jpg","contentUrl":"https:\/\/elmeistrai.lt\/wp-content\/uploads\/2019\/03\/bmw-navigacija-cic.-300x176.jpg"},{"@type":"BreadcrumbList","@id":"https:\/\/elmeistrai.lt\/en\/bmw-navigacija\/#breadcrumb","itemListElement":[{"@type":"ListItem","position":1,"name":"Home","item":"https:\/\/elmeistrai.lt\/"},{"@type":"ListItem","position":2,"name":"BMW navigacija"}]},{"@type":"WebSite","@id":"https:\/\/elmeistrai.lt\/#website","url":"https:\/\/elmeistrai.lt\/","name":"Wilno, Kowno, K\u0142ajpeda, Szawle","description":"Naprawa elektroniki domowej i firmowej. Nape\u0142nianie kartrid\u017cy.","publisher":{"@id":"https:\/\/elmeistrai.lt\/#organization"},"potentialAction":[{"@type":"SearchAction","target":{"@type":"EntryPoint","urlTemplate":"https:\/\/elmeistrai.lt\/?s={search_term_string}"},"query-input":{"@type":"PropertyValueSpecification","valueRequired":true,"valueName":"search_term_string"}}],"inLanguage":"pl-PL"},{"@type":"Organization","@id":"https:\/\/elmeistrai.lt\/#organization","name":"elMeistrai.lt","alternateName":"Kavos aparat\u0173, paspirtuk\u0173, televizori\u0173, kompiuteri\u0173, telefon\u0173 ir kt. technikos remontas","url":"https:\/\/elmeistrai.lt\/","logo":{"@type":"ImageObject","inLanguage":"pl-PL","@id":"https:\/\/elmeistrai.lt\/#\/schema\/logo\/image\/","url":"https:\/\/elmeistrai.lt\/wp-content\/uploads\/2022\/09\/elmeistrai_logo.jpg","contentUrl":"https:\/\/elmeistrai.lt\/wp-content\/uploads\/2022\/09\/elmeistrai_logo.jpg","width":556,"height":143,"caption":"elMeistrai.lt"},"image":{"@id":"https:\/\/elmeistrai.lt\/#\/schema\/logo\/image\/"},"sameAs":["https:\/\/www.facebook.com\/elmeistrai.lt\/"]},{"@type":"Person","@id":"https:\/\/elmeistrai.lt\/#\/schema\/person\/6363b621eb9606785f7f2ae9a52987f7","name":"elMeistrai","image":{"@type":"ImageObject","inLanguage":"pl-PL","@id":"https:\/\/secure.gravatar.com\/avatar\/052f2d9640381d6904c5c0676ac3cc3d7ad734def78df3657e571451cad9870d?s=96&d=mm&r=g","url":"https:\/\/secure.gravatar.com\/avatar\/052f2d9640381d6904c5c0676ac3cc3d7ad734def78df3657e571451cad9870d?s=96&d=mm&r=g","contentUrl":"https:\/\/secure.gravatar.com\/avatar\/052f2d9640381d6904c5c0676ac3cc3d7ad734def78df3657e571451cad9870d?s=96&d=mm&r=g","caption":"elMeistrai"},"url":"https:\/\/elmeistrai.lt\/pl\/author\/yipkxe\/"}]}},"uagb_featured_image_src":{"full":false,"thumbnail":false,"medium":false,"medium_large":false,"large":false,"1536x1536":false,"2048x2048":false,"trp-custom-language-flag":false,"writemag-1218w-autoh-image":false,"writemag-675w-autoh-image":false,"writemag-100w-100h-image":false},"uagb_author_info":{"display_name":"elMeistrai","author_link":"https:\/\/elmeistrai.lt\/pl\/author\/yipkxe\/"},"uagb_comment_info":0,"uagb_excerpt":"BMW navigacijos Lietuvos ir Europos \u017eem\u0117lapiai sistemoms CIC Premium \/ CIC-MID Business Motion \/ Champ2 Business Move \/ NBT Next...","rttpg_featured_image_url":null,"rttpg_author":{"display_name":"elMeistrai","author_link":"https:\/\/elmeistrai.lt\/pl\/author\/yipkxe\/"},"rttpg_comment":0,"rttpg_category":null,"rttpg_excerpt":"BMW navigacijos Lietuvos ir Europos \u017eem\u0117lapiai sistemoms CIC Premium \/ CIC-MID Business Motion \/ Champ2 Business Move \/ NBT Next...","_links":{"self":[{"href":"https:\/\/elmeistrai.lt\/pl\/wp-json\/wp\/v2\/pages\/297","targetHints":{"allow":["GET"]}}],"collection":[{"href":"https:\/\/elmeistrai.lt\/pl\/wp-json\/wp\/v2\/pages"}],"about":[{"href":"https:\/\/elmeistrai.lt\/pl\/wp-json\/wp\/v2\/types\/page"}],"author":[{"embeddable":true,"href":"https:\/\/elmeistrai.lt\/pl\/wp-json\/wp\/v2\/users\/1"}],"replies":[{"embeddable":true,"href":"https:\/\/elmeistrai.lt\/pl\/wp-json\/wp\/v2\/comments?post=297"}],"version-history":[{"count":16,"href":"https:\/\/elmeistrai.lt\/pl\/wp-json\/wp\/v2\/pages\/297\/revisions"}],"predecessor-version":[{"id":1546,"href":"https:\/\/elmeistrai.lt\/pl\/wp-json\/wp\/v2\/pages\/297\/revisions\/1546"}],"wp:attachment":[{"href":"https:\/\/elmeistrai.lt\/pl\/wp-json\/wp\/v2\/media?parent=297"}],"curies":[{"name":"wp","href":"https:\/\/api.w.org\/{rel}","templated":true}]}}