{"id":2206,"date":"2023-03-01T19:24:44","date_gmt":"2023-03-01T21:24:44","guid":{"rendered":"https:\/\/elmeistrai.lt\/?page_id=2206"},"modified":"2026-02-20T13:50:18","modified_gmt":"2026-02-20T11:50:18","slug":"kavos-aparatu-remontas-vilniuje","status":"publish","type":"page","link":"https:\/\/elmeistrai.lt\/pl\/kavos-aparatu-remontas\/kavos-aparatu-remontas-vilniuje\/","title":{"rendered":"Profesionalus kavos aparat\u0173 remontas Vilniuje"},"content":{"rendered":"<div class=\"wp-block-uagb-container uagb-block-b616bac5 alignfull uagb-is-root-container\"><div class=\"uagb-container-inner-blocks-wrap\">\n<div class=\"wp-block-uagb-container uagb-block-df00d25a\">\n<p>Did\u017eiuojam\u0117s savo ypa\u010d profesionaliomis kavos aparat\u0173 remonto Vilniuje paslaugomis. D\u0117ka m\u016bs\u0173 patyrusi\u0173 sertifikuot\u0173 technik\u0173 ir moderni\u0173 \u012franki\u0173 galime diagnozuoti ir i\u0161spr\u0119sti bet koki\u0105 problem\u0105, su kuria galite susidurti d\u0117l savo komercinio ar nam\u0173 kavos aparato. Si\u016blome efektyv\u0173 remont\u0105, kad kavos aparatas kuo grei\u010diau v\u0117l prad\u0117t\u0173 veikti. Siekiame pranokti j\u016bs\u0173 l\u016bkes\u010dius kokybi\u0161ku darbu ir nepralenkiamu klient\u0173 aptarnavimu. Susisiekite su mumis dar \u0161iandien ir su\u017einokite, kod\u0117l m\u016bs\u0173 klientai pasikliauja mumis, kai reikia remontuoti kavos aparatus!<\/p>\n<\/div>\n\n\n\n<div class=\"wp-block-uagb-container uagb-block-5673fe38\">\n<figure class=\"wp-block-image size-full\"><img loading=\"lazy\" decoding=\"async\" width=\"612\" height=\"399\" src=\"https:\/\/elmeistrai.lt\/wp-content\/uploads\/2026\/02\/kavos-aparatas.jpg\" alt=\"\" class=\"wp-image-8662\" srcset=\"https:\/\/elmeistrai.lt\/wp-content\/uploads\/2026\/02\/kavos-aparatas.jpg 612w, https:\/\/elmeistrai.lt\/wp-content\/uploads\/2026\/02\/kavos-aparatas-300x196.jpg 300w, https:\/\/elmeistrai.lt\/wp-content\/uploads\/2026\/02\/kavos-aparatas-18x12.jpg 18w\" sizes=\"auto, (max-width: 612px) 100vw, 612px\" \/><\/figure>\n\n\n\n<ul class=\"wp-block-list\">\n<li><strong>Wilno<\/strong>&nbsp;\u2013 Kareivi\u0173 g. 11A \u201cRIMI\u201d&nbsp;<a href=\"tel:+37065577057\">+370-655-77057<\/a><\/li>\n<\/ul>\n<\/div>\n<\/div><\/div>\n\n\n\n<figure class=\"wp-block-image size-full\"><img loading=\"lazy\" decoding=\"async\" width=\"612\" height=\"409\" src=\"https:\/\/elmeistrai.lt\/wp-content\/uploads\/2026\/02\/kavos-aparatai.jpg\" alt=\"\" class=\"wp-image-8665\" srcset=\"https:\/\/elmeistrai.lt\/wp-content\/uploads\/2026\/02\/kavos-aparatai.jpg 612w, https:\/\/elmeistrai.lt\/wp-content\/uploads\/2026\/02\/kavos-aparatai-300x200.jpg 300w, https:\/\/elmeistrai.lt\/wp-content\/uploads\/2026\/02\/kavos-aparatai-18x12.jpg 18w\" sizes=\"auto, (max-width: 612px) 100vw, 612px\" \/><\/figure>\n\n\n\n<p>Naprawiamy wszystkie rodzaje usterek. Od prostych wymian komponent\u00f3w po skomplikowane naprawy systemowe, nasi technicy s\u0105 wysoko wykwalifikowani i dobrze wyposa\u017ceni, aby rozwi\u0105za\u0107 ka\u017cdy problem. Korzystamy z najnowszego sprz\u0119tu diagnostycznego i oryginalnych cz\u0119\u015bci, aby zapewni\u0107 prawid\u0142ow\u0105 napraw\u0119 ekspresu do kawy za pierwszym razem. Nasi technicy mog\u0105 oceni\u0107 sytuacj\u0119 i przeprowadzi\u0107 wszelkie niezb\u0119dne naprawy szybko i dok\u0142adnie.<\/p>\n\n\n\n<p>Bez wzgl\u0119du na rodzaj posiadanego ekspresu do kawy gwarantujemy, \u017ce b\u0119dzie on serwisowany z najwy\u017csz\u0105 staranno\u015bci\u0105 i uwag\u0105. Rozumiemy, jak wa\u017cny jest dla Ciebie ekspres do kawy, wi\u0119c upewnimy si\u0119, \u017ce praca zostanie wykonana prawid\u0142owo. Od pocz\u0105tku do ko\u0144ca dok\u0142adamy wszelkich stara\u0144, aby upewni\u0107 si\u0119, \u017ce jeste\u015b zadowolony z naszych us\u0142ug.<\/p>\n\n\n\n<p>D\u017eiaugiam\u0117s savo \u012fsipareigojimu siekti kokyb\u0117s ir meistri\u0161kumo. M\u016bs\u0173 tikslas &#8211; suteikti jums geriausias \u012fmanomas paslaugas u\u017e prieinam\u0105 kain\u0105. Tod\u0117l visoms savo remonto paslaugoms suteikiame su garantija. Jei nesate patenkinti, tiesiog gr\u012f\u017ekite ir mes visk\u0105 nemokamai i\u0161spr\u0119sime pakartotinai.<\/p>","protected":false},"excerpt":{"rendered":"<p>Jeste\u015bmy dumni z naszych wysoce profesjonalnych us\u0142ug naprawy ekspres\u00f3w do kawy w Wilnie. Dzi\u0119ki naszym do\u015bwiadczonym, certyfikowanym technikom i nowoczesnym narz\u0119dziom mo\u017cemy zdiagnozowa\u0107 i...<\/p>","protected":false},"author":1,"featured_media":0,"parent":53,"menu_order":0,"comment_status":"closed","ping_status":"closed","template":"","meta":{"_uag_custom_page_level_css":"","footnotes":""},"class_list":["post-2206","page","type-page","status-publish","hentry"],"yoast_head":"<!-- This site is optimized with the Yoast SEO plugin v27.4 - https:\/\/yoast.com\/product\/yoast-seo-wordpress\/ -->\n<title>Profesionalus kavos aparat\u0173 remontas Vilniuje<\/title>\n<meta name=\"description\" content=\"Profesionalus vis\u0173 tip\u0173 ir gamintoj\u0173 kavos aparat\u0173 remontas Vilniuje. Mus rasite Kareivi\u0173 g. 11A (RIMI viduje), tel. 8 (679) 74770\" \/>\n<meta name=\"robots\" content=\"index, follow, max-snippet:-1, max-image-preview:large, max-video-preview:-1\" \/>\n<link rel=\"canonical\" href=\"https:\/\/elmeistrai.lt\/pl\/kavos-aparatu-remontas\/kavos-aparatu-remontas-vilniuje\/\" \/>\n<meta property=\"og:locale\" content=\"pl_PL\" \/>\n<meta property=\"og:type\" content=\"article\" \/>\n<meta property=\"og:title\" content=\"Profesionalus kavos aparat\u0173 remontas Vilniuje\" \/>\n<meta property=\"og:description\" content=\"Profesionalus vis\u0173 tip\u0173 ir gamintoj\u0173 kavos aparat\u0173 remontas Vilniuje. Mus rasite Kareivi\u0173 g. 11A (RIMI viduje), tel. 8 (679) 74770\" \/>\n<meta property=\"og:url\" content=\"https:\/\/elmeistrai.lt\/pl\/kavos-aparatu-remontas\/kavos-aparatu-remontas-vilniuje\/\" \/>\n<meta property=\"og:site_name\" content=\"Vilniuje, Kaune, Klaip\u0117doje, \u0160iauliuose\" \/>\n<meta property=\"article:publisher\" content=\"https:\/\/www.facebook.com\/elmeistrai.lt\/\" \/>\n<meta property=\"article:modified_time\" content=\"2026-02-20T11:50:18+00:00\" \/>\n<meta property=\"og:image\" content=\"https:\/\/elmeistrai.lt\/wp-content\/uploads\/2026\/02\/kavos-aparatas.jpg\" \/>\n\t<meta property=\"og:image:width\" content=\"612\" \/>\n\t<meta property=\"og:image:height\" content=\"399\" \/>\n\t<meta property=\"og:image:type\" content=\"image\/jpeg\" \/>\n<meta name=\"twitter:card\" content=\"summary_large_image\" \/>\n<meta name=\"twitter:label1\" content=\"Szacowany czas czytania\" \/>\n\t<meta name=\"twitter:data1\" content=\"2 minuty\" \/>\n<script type=\"application\/ld+json\" class=\"yoast-schema-graph\">{\"@context\":\"https:\\\/\\\/schema.org\",\"@graph\":[{\"@type\":\"NewsArticle\",\"@id\":\"https:\\\/\\\/elmeistrai.lt\\\/kavos-aparatu-remontas\\\/kavos-aparatu-remontas-vilniuje\\\/#article\",\"isPartOf\":{\"@id\":\"https:\\\/\\\/elmeistrai.lt\\\/kavos-aparatu-remontas\\\/kavos-aparatu-remontas-vilniuje\\\/\"},\"author\":{\"name\":\"elMeistrai\",\"@id\":\"https:\\\/\\\/elmeistrai.lt\\\/#\\\/schema\\\/person\\\/6363b621eb9606785f7f2ae9a52987f7\"},\"headline\":\"Profesionalus kavos aparat\u0173 remontas Vilniuje\",\"datePublished\":\"2023-03-01T21:24:44+00:00\",\"dateModified\":\"2026-02-20T11:50:18+00:00\",\"mainEntityOfPage\":{\"@id\":\"https:\\\/\\\/elmeistrai.lt\\\/kavos-aparatu-remontas\\\/kavos-aparatu-remontas-vilniuje\\\/\"},\"wordCount\":277,\"publisher\":{\"@id\":\"https:\\\/\\\/elmeistrai.lt\\\/#organization\"},\"image\":{\"@id\":\"https:\\\/\\\/elmeistrai.lt\\\/kavos-aparatu-remontas\\\/kavos-aparatu-remontas-vilniuje\\\/#primaryimage\"},\"thumbnailUrl\":\"https:\\\/\\\/elmeistrai.lt\\\/wp-content\\\/uploads\\\/2026\\\/02\\\/kavos-aparatas.jpg\",\"inLanguage\":\"pl-PL\"},{\"@type\":[\"WebPage\",\"ItemPage\"],\"@id\":\"https:\\\/\\\/elmeistrai.lt\\\/kavos-aparatu-remontas\\\/kavos-aparatu-remontas-vilniuje\\\/\",\"url\":\"https:\\\/\\\/elmeistrai.lt\\\/kavos-aparatu-remontas\\\/kavos-aparatu-remontas-vilniuje\\\/\",\"name\":\"Profesionalus kavos aparat\u0173 remontas Vilniuje\",\"isPartOf\":{\"@id\":\"https:\\\/\\\/elmeistrai.lt\\\/#website\"},\"primaryImageOfPage\":{\"@id\":\"https:\\\/\\\/elmeistrai.lt\\\/kavos-aparatu-remontas\\\/kavos-aparatu-remontas-vilniuje\\\/#primaryimage\"},\"image\":{\"@id\":\"https:\\\/\\\/elmeistrai.lt\\\/kavos-aparatu-remontas\\\/kavos-aparatu-remontas-vilniuje\\\/#primaryimage\"},\"thumbnailUrl\":\"https:\\\/\\\/elmeistrai.lt\\\/wp-content\\\/uploads\\\/2026\\\/02\\\/kavos-aparatas.jpg\",\"datePublished\":\"2023-03-01T21:24:44+00:00\",\"dateModified\":\"2026-02-20T11:50:18+00:00\",\"description\":\"Profesionalus vis\u0173 tip\u0173 ir gamintoj\u0173 kavos aparat\u0173 remontas Vilniuje. Mus rasite Kareivi\u0173 g. 11A (RIMI viduje), tel. 8 (679) 74770\",\"breadcrumb\":{\"@id\":\"https:\\\/\\\/elmeistrai.lt\\\/kavos-aparatu-remontas\\\/kavos-aparatu-remontas-vilniuje\\\/#breadcrumb\"},\"inLanguage\":\"pl-PL\",\"potentialAction\":[{\"@type\":\"ReadAction\",\"target\":[\"https:\\\/\\\/elmeistrai.lt\\\/kavos-aparatu-remontas\\\/kavos-aparatu-remontas-vilniuje\\\/\"]}]},{\"@type\":\"ImageObject\",\"inLanguage\":\"pl-PL\",\"@id\":\"https:\\\/\\\/elmeistrai.lt\\\/kavos-aparatu-remontas\\\/kavos-aparatu-remontas-vilniuje\\\/#primaryimage\",\"url\":\"https:\\\/\\\/elmeistrai.lt\\\/wp-content\\\/uploads\\\/2026\\\/02\\\/kavos-aparatas.jpg\",\"contentUrl\":\"https:\\\/\\\/elmeistrai.lt\\\/wp-content\\\/uploads\\\/2026\\\/02\\\/kavos-aparatas.jpg\"},{\"@type\":\"BreadcrumbList\",\"@id\":\"https:\\\/\\\/elmeistrai.lt\\\/kavos-aparatu-remontas\\\/kavos-aparatu-remontas-vilniuje\\\/#breadcrumb\",\"itemListElement\":[{\"@type\":\"ListItem\",\"position\":1,\"name\":\"Home\",\"item\":\"https:\\\/\\\/elmeistrai.lt\\\/\"},{\"@type\":\"ListItem\",\"position\":2,\"name\":\"Profesionalus kavos aparat\u0173 remontas visoje Lietuvoje\",\"item\":\"https:\\\/\\\/elmeistrai.lt\\\/kavos-aparatu-remontas\\\/\"},{\"@type\":\"ListItem\",\"position\":3,\"name\":\"Profesionalus kavos aparat\u0173 remontas Vilniuje\"}]},{\"@type\":\"WebSite\",\"@id\":\"https:\\\/\\\/elmeistrai.lt\\\/#website\",\"url\":\"https:\\\/\\\/elmeistrai.lt\\\/\",\"name\":\"Vilniuje, Kaune, Klaip\u0117doje, \u0160iauliuose\",\"description\":\"Nam\u0173 ir verslo elektronikos prietais\u0173 remontas. Kase\u010di\u0173 pildymas.\",\"publisher\":{\"@id\":\"https:\\\/\\\/elmeistrai.lt\\\/#organization\"},\"potentialAction\":[{\"@type\":\"SearchAction\",\"target\":{\"@type\":\"EntryPoint\",\"urlTemplate\":\"https:\\\/\\\/elmeistrai.lt\\\/?s={search_term_string}\"},\"query-input\":{\"@type\":\"PropertyValueSpecification\",\"valueRequired\":true,\"valueName\":\"search_term_string\"}}],\"inLanguage\":\"pl-PL\"},{\"@type\":\"Organization\",\"@id\":\"https:\\\/\\\/elmeistrai.lt\\\/#organization\",\"name\":\"elMeistrai.lt\",\"alternateName\":\"Kavos aparat\u0173, paspirtuk\u0173, televizori\u0173, kompiuteri\u0173, telefon\u0173 ir kt. technikos remontas\",\"url\":\"https:\\\/\\\/elmeistrai.lt\\\/\",\"logo\":{\"@type\":\"ImageObject\",\"inLanguage\":\"pl-PL\",\"@id\":\"https:\\\/\\\/elmeistrai.lt\\\/#\\\/schema\\\/logo\\\/image\\\/\",\"url\":\"https:\\\/\\\/elmeistrai.lt\\\/wp-content\\\/uploads\\\/2022\\\/09\\\/elmeistrai_logo.jpg\",\"contentUrl\":\"https:\\\/\\\/elmeistrai.lt\\\/wp-content\\\/uploads\\\/2022\\\/09\\\/elmeistrai_logo.jpg\",\"width\":556,\"height\":143,\"caption\":\"elMeistrai.lt\"},\"image\":{\"@id\":\"https:\\\/\\\/elmeistrai.lt\\\/#\\\/schema\\\/logo\\\/image\\\/\"},\"sameAs\":[\"https:\\\/\\\/www.facebook.com\\\/elmeistrai.lt\\\/\"]},{\"@type\":\"Person\",\"@id\":\"https:\\\/\\\/elmeistrai.lt\\\/#\\\/schema\\\/person\\\/6363b621eb9606785f7f2ae9a52987f7\",\"name\":\"elMeistrai\",\"image\":{\"@type\":\"ImageObject\",\"inLanguage\":\"pl-PL\",\"@id\":\"https:\\\/\\\/secure.gravatar.com\\\/avatar\\\/052f2d9640381d6904c5c0676ac3cc3d7ad734def78df3657e571451cad9870d?s=96&d=mm&r=g\",\"url\":\"https:\\\/\\\/secure.gravatar.com\\\/avatar\\\/052f2d9640381d6904c5c0676ac3cc3d7ad734def78df3657e571451cad9870d?s=96&d=mm&r=g\",\"contentUrl\":\"https:\\\/\\\/secure.gravatar.com\\\/avatar\\\/052f2d9640381d6904c5c0676ac3cc3d7ad734def78df3657e571451cad9870d?s=96&d=mm&r=g\",\"caption\":\"elMeistrai\"},\"url\":\"https:\\\/\\\/elmeistrai.lt\\\/pl\\\/author\\\/yipkxe\\\/\"}]}<\/script>\n<!-- \/ Yoast SEO plugin. -->","yoast_head_json":{"title":"Profesionalus kavos aparat\u0173 remontas Vilniuje","description":"Profesjonalna naprawa ekspres\u00f3w do kawy wszystkich typ\u00f3w i marek w Wilnie. Mo\u017cna nas znale\u017a\u0107 pod adresem Kareivi\u0173 g. 11A (wewn\u0105trz RIMI), tel. 8 (679) 74770.","robots":{"index":"index","follow":"follow","max-snippet":"max-snippet:-1","max-image-preview":"max-image-preview:large","max-video-preview":"max-video-preview:-1"},"canonical":"https:\/\/elmeistrai.lt\/pl\/kavos-aparatu-remontas\/kavos-aparatu-remontas-vilniuje\/","og_locale":"pl_PL","og_type":"article","og_title":"Profesionalus kavos aparat\u0173 remontas Vilniuje","og_description":"Profesionalus vis\u0173 tip\u0173 ir gamintoj\u0173 kavos aparat\u0173 remontas Vilniuje. Mus rasite Kareivi\u0173 g. 11A (RIMI viduje), tel. 8 (679) 74770","og_url":"https:\/\/elmeistrai.lt\/pl\/kavos-aparatu-remontas\/kavos-aparatu-remontas-vilniuje\/","og_site_name":"Vilniuje, Kaune, Klaip\u0117doje, \u0160iauliuose","article_publisher":"https:\/\/www.facebook.com\/elmeistrai.lt\/","article_modified_time":"2026-02-20T11:50:18+00:00","og_image":[{"width":612,"height":399,"url":"https:\/\/elmeistrai.lt\/wp-content\/uploads\/2026\/02\/kavos-aparatas.jpg","type":"image\/jpeg"}],"twitter_card":"summary_large_image","twitter_misc":{"Szacowany czas czytania":"2 minuty"},"schema":{"@context":"https:\/\/schema.org","@graph":[{"@type":"NewsArticle","@id":"https:\/\/elmeistrai.lt\/kavos-aparatu-remontas\/kavos-aparatu-remontas-vilniuje\/#article","isPartOf":{"@id":"https:\/\/elmeistrai.lt\/kavos-aparatu-remontas\/kavos-aparatu-remontas-vilniuje\/"},"author":{"name":"elMeistrai","@id":"https:\/\/elmeistrai.lt\/#\/schema\/person\/6363b621eb9606785f7f2ae9a52987f7"},"headline":"Profesionalus kavos aparat\u0173 remontas Vilniuje","datePublished":"2023-03-01T21:24:44+00:00","dateModified":"2026-02-20T11:50:18+00:00","mainEntityOfPage":{"@id":"https:\/\/elmeistrai.lt\/kavos-aparatu-remontas\/kavos-aparatu-remontas-vilniuje\/"},"wordCount":277,"publisher":{"@id":"https:\/\/elmeistrai.lt\/#organization"},"image":{"@id":"https:\/\/elmeistrai.lt\/kavos-aparatu-remontas\/kavos-aparatu-remontas-vilniuje\/#primaryimage"},"thumbnailUrl":"https:\/\/elmeistrai.lt\/wp-content\/uploads\/2026\/02\/kavos-aparatas.jpg","inLanguage":"pl-PL"},{"@type":["WebPage","ItemPage"],"@id":"https:\/\/elmeistrai.lt\/kavos-aparatu-remontas\/kavos-aparatu-remontas-vilniuje\/","url":"https:\/\/elmeistrai.lt\/kavos-aparatu-remontas\/kavos-aparatu-remontas-vilniuje\/","name":"Profesionalus kavos aparat\u0173 remontas Vilniuje","isPartOf":{"@id":"https:\/\/elmeistrai.lt\/#website"},"primaryImageOfPage":{"@id":"https:\/\/elmeistrai.lt\/kavos-aparatu-remontas\/kavos-aparatu-remontas-vilniuje\/#primaryimage"},"image":{"@id":"https:\/\/elmeistrai.lt\/kavos-aparatu-remontas\/kavos-aparatu-remontas-vilniuje\/#primaryimage"},"thumbnailUrl":"https:\/\/elmeistrai.lt\/wp-content\/uploads\/2026\/02\/kavos-aparatas.jpg","datePublished":"2023-03-01T21:24:44+00:00","dateModified":"2026-02-20T11:50:18+00:00","description":"Profesjonalna naprawa ekspres\u00f3w do kawy wszystkich typ\u00f3w i marek w Wilnie. Mo\u017cna nas znale\u017a\u0107 pod adresem Kareivi\u0173 g. 11A (wewn\u0105trz RIMI), tel. 8 (679) 74770.","breadcrumb":{"@id":"https:\/\/elmeistrai.lt\/kavos-aparatu-remontas\/kavos-aparatu-remontas-vilniuje\/#breadcrumb"},"inLanguage":"pl-PL","potentialAction":[{"@type":"ReadAction","target":["https:\/\/elmeistrai.lt\/kavos-aparatu-remontas\/kavos-aparatu-remontas-vilniuje\/"]}]},{"@type":"ImageObject","inLanguage":"pl-PL","@id":"https:\/\/elmeistrai.lt\/kavos-aparatu-remontas\/kavos-aparatu-remontas-vilniuje\/#primaryimage","url":"https:\/\/elmeistrai.lt\/wp-content\/uploads\/2026\/02\/kavos-aparatas.jpg","contentUrl":"https:\/\/elmeistrai.lt\/wp-content\/uploads\/2026\/02\/kavos-aparatas.jpg"},{"@type":"BreadcrumbList","@id":"https:\/\/elmeistrai.lt\/kavos-aparatu-remontas\/kavos-aparatu-remontas-vilniuje\/#breadcrumb","itemListElement":[{"@type":"ListItem","position":1,"name":"Home","item":"https:\/\/elmeistrai.lt\/"},{"@type":"ListItem","position":2,"name":"Profesionalus kavos aparat\u0173 remontas visoje Lietuvoje","item":"https:\/\/elmeistrai.lt\/kavos-aparatu-remontas\/"},{"@type":"ListItem","position":3,"name":"Profesionalus kavos aparat\u0173 remontas Vilniuje"}]},{"@type":"WebSite","@id":"https:\/\/elmeistrai.lt\/#website","url":"https:\/\/elmeistrai.lt\/","name":"Wilno, Kowno, K\u0142ajpeda, Szawle","description":"Naprawa elektroniki domowej i firmowej. Nape\u0142nianie kartrid\u017cy.","publisher":{"@id":"https:\/\/elmeistrai.lt\/#organization"},"potentialAction":[{"@type":"SearchAction","target":{"@type":"EntryPoint","urlTemplate":"https:\/\/elmeistrai.lt\/?s={search_term_string}"},"query-input":{"@type":"PropertyValueSpecification","valueRequired":true,"valueName":"search_term_string"}}],"inLanguage":"pl-PL"},{"@type":"Organization","@id":"https:\/\/elmeistrai.lt\/#organization","name":"elMeistrai.lt","alternateName":"Kavos aparat\u0173, paspirtuk\u0173, televizori\u0173, kompiuteri\u0173, telefon\u0173 ir kt. technikos remontas","url":"https:\/\/elmeistrai.lt\/","logo":{"@type":"ImageObject","inLanguage":"pl-PL","@id":"https:\/\/elmeistrai.lt\/#\/schema\/logo\/image\/","url":"https:\/\/elmeistrai.lt\/wp-content\/uploads\/2022\/09\/elmeistrai_logo.jpg","contentUrl":"https:\/\/elmeistrai.lt\/wp-content\/uploads\/2022\/09\/elmeistrai_logo.jpg","width":556,"height":143,"caption":"elMeistrai.lt"},"image":{"@id":"https:\/\/elmeistrai.lt\/#\/schema\/logo\/image\/"},"sameAs":["https:\/\/www.facebook.com\/elmeistrai.lt\/"]},{"@type":"Person","@id":"https:\/\/elmeistrai.lt\/#\/schema\/person\/6363b621eb9606785f7f2ae9a52987f7","name":"elMeistrai","image":{"@type":"ImageObject","inLanguage":"pl-PL","@id":"https:\/\/secure.gravatar.com\/avatar\/052f2d9640381d6904c5c0676ac3cc3d7ad734def78df3657e571451cad9870d?s=96&d=mm&r=g","url":"https:\/\/secure.gravatar.com\/avatar\/052f2d9640381d6904c5c0676ac3cc3d7ad734def78df3657e571451cad9870d?s=96&d=mm&r=g","contentUrl":"https:\/\/secure.gravatar.com\/avatar\/052f2d9640381d6904c5c0676ac3cc3d7ad734def78df3657e571451cad9870d?s=96&d=mm&r=g","caption":"elMeistrai"},"url":"https:\/\/elmeistrai.lt\/pl\/author\/yipkxe\/"}]}},"uagb_featured_image_src":{"full":false,"thumbnail":false,"medium":false,"medium_large":false,"large":false,"1536x1536":false,"2048x2048":false,"trp-custom-language-flag":false,"writemag-1218w-autoh-image":false,"writemag-675w-autoh-image":false,"writemag-100w-100h-image":false},"uagb_author_info":{"display_name":"elMeistrai","author_link":"https:\/\/elmeistrai.lt\/pl\/author\/yipkxe\/"},"uagb_comment_info":0,"uagb_excerpt":"Did\u017eiuojam\u0117s savo ypa\u010d profesionaliomis kavos aparat\u0173 remonto Vilniuje paslaugomis. D\u0117ka m\u016bs\u0173 patyrusi\u0173 sertifikuot\u0173 technik\u0173 ir moderni\u0173 \u012franki\u0173 galime diagnozuoti ir...","rttpg_featured_image_url":null,"rttpg_author":{"display_name":"elMeistrai","author_link":"https:\/\/elmeistrai.lt\/pl\/author\/yipkxe\/"},"rttpg_comment":0,"rttpg_category":null,"rttpg_excerpt":"Did\u017eiuojam\u0117s savo ypa\u010d profesionaliomis kavos aparat\u0173 remonto Vilniuje paslaugomis. D\u0117ka m\u016bs\u0173 patyrusi\u0173 sertifikuot\u0173 technik\u0173 ir moderni\u0173 \u012franki\u0173 galime diagnozuoti ir...","_links":{"self":[{"href":"https:\/\/elmeistrai.lt\/pl\/wp-json\/wp\/v2\/pages\/2206","targetHints":{"allow":["GET"]}}],"collection":[{"href":"https:\/\/elmeistrai.lt\/pl\/wp-json\/wp\/v2\/pages"}],"about":[{"href":"https:\/\/elmeistrai.lt\/pl\/wp-json\/wp\/v2\/types\/page"}],"author":[{"embeddable":true,"href":"https:\/\/elmeistrai.lt\/pl\/wp-json\/wp\/v2\/users\/1"}],"replies":[{"embeddable":true,"href":"https:\/\/elmeistrai.lt\/pl\/wp-json\/wp\/v2\/comments?post=2206"}],"version-history":[{"count":5,"href":"https:\/\/elmeistrai.lt\/pl\/wp-json\/wp\/v2\/pages\/2206\/revisions"}],"predecessor-version":[{"id":8667,"href":"https:\/\/elmeistrai.lt\/pl\/wp-json\/wp\/v2\/pages\/2206\/revisions\/8667"}],"up":[{"embeddable":true,"href":"https:\/\/elmeistrai.lt\/pl\/wp-json\/wp\/v2\/pages\/53"}],"wp:attachment":[{"href":"https:\/\/elmeistrai.lt\/pl\/wp-json\/wp\/v2\/media?parent=2206"}],"curies":[{"name":"wp","href":"https:\/\/api.w.org\/{rel}","templated":true}]}}