{"id":2187,"date":"2023-03-01T18:58:55","date_gmt":"2023-03-01T20:58:55","guid":{"rendered":"https:\/\/elmeistrai.lt\/?page_id=2187"},"modified":"2026-02-19T14:42:04","modified_gmt":"2026-02-19T12:42:04","slug":"televizoriu-remontas-kaune","status":"publish","type":"page","link":"https:\/\/elmeistrai.lt\/pl\/televizoriu-remontas\/televizoriu-remontas-kaune\/","title":{"rendered":"Profesionalus televizori\u0173 remontas Kaune"},"content":{"rendered":"<div class=\"wp-block-uagb-container uagb-block-3850dec4 alignfull uagb-is-root-container\"><div class=\"uagb-container-inner-blocks-wrap\">\n<div class=\"wp-block-uagb-container uagb-block-ee9e059f\">\n<p>&#8222;elMeistrai&#8221; taisykla teikia auk\u0161tos kokyb\u0117s profesionalias <strong>Naprawa telewizor\u00f3w w Kownie<\/strong> us\u0142ugi. Je\u015bli masz problem z telewizorem, skontaktuj si\u0119 z nami, a my Ci pomo\u017cemy. Nasi profesjonalni technicy posiadaj\u0105 umiej\u0119tno\u015bci i do\u015bwiadczenie niezb\u0119dne do szybkiego i dok\u0142adnego identyfikowania i naprawiania problem\u00f3w. Mo\u017cemy r\u00f3wnie\u017c doradzi\u0107, jak konserwowa\u0107 telewizor, aby zapobiec przysz\u0142ym problemom.<\/p>\n<\/div>\n\n\n\n<div class=\"wp-block-uagb-container uagb-block-c87631f8\">\n<figure class=\"wp-block-image size-full\"><img loading=\"lazy\" decoding=\"async\" width=\"612\" height=\"459\" src=\"https:\/\/elmeistrai.lt\/wp-content\/uploads\/2026\/02\/tv-remontai.jpg\" alt=\"\" class=\"wp-image-8495\" srcset=\"https:\/\/elmeistrai.lt\/wp-content\/uploads\/2026\/02\/tv-remontai.jpg 612w, https:\/\/elmeistrai.lt\/wp-content\/uploads\/2026\/02\/tv-remontai-300x225.jpg 300w, https:\/\/elmeistrai.lt\/wp-content\/uploads\/2026\/02\/tv-remontai-16x12.jpg 16w\" sizes=\"auto, (max-width: 612px) 100vw, 612px\" \/><\/figure>\n<\/div>\n<\/div><\/div>\n\n\n\n<li><strong>W Kownie mo\u017cna nas znale\u017a\u0107 pod adresem Baltijos g. 58. Warsztat Elmeistrai znajduje si\u0119 wewn\u0105trz nowego sklepu RIMI. Czekamy na Ciebie we wszystkie dni robocze od 9 rano do 6 wieczorem. Tel. <a href=\"tel:865695553\">8 (656) 955<\/a><\/strong><a href=\"tel:865695553\">53<\/a><\/li>\n\n\n\n<hr class=\"wp-block-separator has-alpha-channel-opacity\"\/>\n\n\n\n<figure class=\"wp-block-image size-full is-resized\"><img loading=\"lazy\" decoding=\"async\" width=\"612\" height=\"408\" src=\"https:\/\/elmeistrai.lt\/wp-content\/uploads\/2026\/02\/televizoriu-remontas2.jpg\" alt=\"\" class=\"wp-image-8496\" style=\"width:528px;height:auto\" srcset=\"https:\/\/elmeistrai.lt\/wp-content\/uploads\/2026\/02\/televizoriu-remontas2.jpg 612w, https:\/\/elmeistrai.lt\/wp-content\/uploads\/2026\/02\/televizoriu-remontas2-300x200.jpg 300w, https:\/\/elmeistrai.lt\/wp-content\/uploads\/2026\/02\/televizoriu-remontas2-18x12.jpg 18w\" sizes=\"auto, (max-width: 612px) 100vw, 612px\" \/><\/figure>\n\n\n\n<p>Ko tik\u0117tis atne\u0161us televizori\u0173 remontui Kaune?<\/p>\n\n\n\n<ul class=\"wp-block-list\">\n<li>Kompleksowa diagnostyka - nasi profesjonalni technicy dysponuj\u0105 najnowszym i najbardziej zaawansowanym sprz\u0119tem do wykrywania i diagnozowania problem\u00f3w z telewizorem. Pozwala im to dok\u0142adnie okre\u015bli\u0107 przyczyn\u0119 problemu i zapewni\u0107 spersonalizowane rozwi\u0105zanie, kt\u00f3re najlepiej odpowiada konkretnym potrzebom.<\/li>\n\n\n\n<li>Profesjonalne us\u0142ugi naprawcze - do\u015bwiadczeni technicy dysponuj\u0105 fachow\u0105 wiedz\u0105, kt\u00f3ra pozwala im rozwi\u0105zywa\u0107 problemy, od wadliwych podzespo\u0142\u00f3w po problemy z oprogramowaniem. Doradzimy i zasugerujemy najbardziej efektywny i skuteczny spos\u00f3b rozwi\u0105zania konkretnego problemu.<\/li>\n\n\n\n<li>Ekonomiczne rozwi\u0105zania, kt\u00f3re w d\u0142u\u017cszej perspektywie pozwol\u0105 zaoszcz\u0119dzi\u0107 pieni\u0105dze. Mamy dost\u0119p do szerokiej gamy cz\u0119\u015bci zamiennych, dzi\u0119ki czemu mo\u017cemy zaoferowa\u0107 rozwi\u0105zanie dostosowane do Twojego bud\u017cetu.<\/li>\n\n\n\n<li>Gwarancja - mo\u017cesz mie\u0107 pewno\u015b\u0107, \u017ce wszelkie naprawy lub wymiany cz\u0119\u015bci zostan\u0105 wykonane bezp\u0142atnie. Dzi\u0119ki temu nie musisz martwi\u0107 si\u0119 o dodatkowe koszty w przypadku, gdy co\u015b zepsuje si\u0119 wkr\u00f3tce po naprawie.<\/li>\n<\/ul>\n\n\n\n<p>Opr\u00f3cz tych korzy\u015bci zapewniamy szybk\u0105 i przyjazn\u0105 obs\u0142ug\u0119 klienta. Rozumiemy, \u017ce telewizor jest wa\u017cn\u0105 cz\u0119\u015bci\u0105 domowej rozrywki i postaramy si\u0119 przywr\u00f3ci\u0107 jego prawid\u0142owe dzia\u0142anie tak szybko, jak to mo\u017cliwe. Wybieraj\u0105c nasz profesjonalny serwis <strong>Naprawa telewizor\u00f3w w Kownie <\/strong>mo\u017cesz mie\u0107 pewno\u015b\u0107, \u017ce wszystkie Twoje potrzeby zostan\u0105 zaspokojone w spos\u00f3b terminowy i skuteczny.<\/p>","protected":false},"excerpt":{"rendered":"<p>&#8222;elMeistrai&#8221; taisykla teikia auk\u0161tos kokyb\u0117s profesionalias televizori\u0173 remonto Kaune paslaugas. Jei kyla problem\u0173 su televizoriumi &#8211; kreipkit\u0117s \u012f mus, ir&#8230;<\/p>","protected":false},"author":1,"featured_media":0,"parent":25,"menu_order":0,"comment_status":"closed","ping_status":"closed","template":"","meta":{"_uag_custom_page_level_css":"","footnotes":""},"class_list":["post-2187","page","type-page","status-publish","hentry"],"yoast_head":"<!-- This site is optimized with the Yoast SEO plugin v27.4 - https:\/\/yoast.com\/product\/yoast-seo-wordpress\/ -->\n<title>Profesionalus televizori\u0173 remontas Kaune<\/title>\n<meta name=\"description\" content=\"Profesionalus vis\u0173 tip\u0173 televizori\u0173 remontas Kaune - LED, OLED, LCD ir kit\u0173. Mus rasite Baltijos g. 58, tel. 8 (656) 95553\" \/>\n<meta name=\"robots\" content=\"index, follow, max-snippet:-1, max-image-preview:large, max-video-preview:-1\" \/>\n<link rel=\"canonical\" href=\"https:\/\/elmeistrai.lt\/pl\/televizoriu-remontas\/televizoriu-remontas-kaune\/\" \/>\n<meta property=\"og:locale\" content=\"pl_PL\" \/>\n<meta property=\"og:type\" content=\"article\" \/>\n<meta property=\"og:title\" content=\"Profesionalus televizori\u0173 remontas Kaune\" \/>\n<meta property=\"og:description\" content=\"Profesionalus vis\u0173 tip\u0173 televizori\u0173 remontas Kaune - LED, OLED, LCD ir kit\u0173. Mus rasite Baltijos g. 58, tel. 8 (656) 95553\" \/>\n<meta property=\"og:url\" content=\"https:\/\/elmeistrai.lt\/pl\/televizoriu-remontas\/televizoriu-remontas-kaune\/\" \/>\n<meta property=\"og:site_name\" content=\"Vilniuje, Kaune, Klaip\u0117doje, \u0160iauliuose\" \/>\n<meta property=\"article:publisher\" content=\"https:\/\/www.facebook.com\/elmeistrai.lt\/\" \/>\n<meta property=\"article:modified_time\" content=\"2026-02-19T12:42:04+00:00\" \/>\n<meta property=\"og:image\" content=\"https:\/\/elmeistrai.lt\/wp-content\/uploads\/2026\/02\/tv-remontai.jpg\" \/>\n\t<meta property=\"og:image:width\" content=\"612\" \/>\n\t<meta property=\"og:image:height\" content=\"459\" \/>\n\t<meta property=\"og:image:type\" content=\"image\/jpeg\" \/>\n<meta name=\"twitter:card\" content=\"summary_large_image\" \/>\n<meta name=\"twitter:label1\" content=\"Szacowany czas czytania\" \/>\n\t<meta name=\"twitter:data1\" content=\"2 minuty\" \/>\n<script type=\"application\/ld+json\" class=\"yoast-schema-graph\">{\"@context\":\"https:\\\/\\\/schema.org\",\"@graph\":[{\"@type\":\"NewsArticle\",\"@id\":\"https:\\\/\\\/elmeistrai.lt\\\/televizoriu-remontas\\\/televizoriu-remontas-kaune\\\/#article\",\"isPartOf\":{\"@id\":\"https:\\\/\\\/elmeistrai.lt\\\/televizoriu-remontas\\\/televizoriu-remontas-kaune\\\/\"},\"author\":{\"name\":\"elMeistrai\",\"@id\":\"https:\\\/\\\/elmeistrai.lt\\\/#\\\/schema\\\/person\\\/6363b621eb9606785f7f2ae9a52987f7\"},\"headline\":\"Profesionalus televizori\u0173 remontas Kaune\",\"datePublished\":\"2023-03-01T20:58:55+00:00\",\"dateModified\":\"2026-02-19T12:42:04+00:00\",\"mainEntityOfPage\":{\"@id\":\"https:\\\/\\\/elmeistrai.lt\\\/televizoriu-remontas\\\/televizoriu-remontas-kaune\\\/\"},\"wordCount\":269,\"publisher\":{\"@id\":\"https:\\\/\\\/elmeistrai.lt\\\/#organization\"},\"image\":{\"@id\":\"https:\\\/\\\/elmeistrai.lt\\\/televizoriu-remontas\\\/televizoriu-remontas-kaune\\\/#primaryimage\"},\"thumbnailUrl\":\"https:\\\/\\\/elmeistrai.lt\\\/wp-content\\\/uploads\\\/2026\\\/02\\\/tv-remontai.jpg\",\"inLanguage\":\"pl-PL\"},{\"@type\":[\"WebPage\",\"ItemPage\"],\"@id\":\"https:\\\/\\\/elmeistrai.lt\\\/televizoriu-remontas\\\/televizoriu-remontas-kaune\\\/\",\"url\":\"https:\\\/\\\/elmeistrai.lt\\\/televizoriu-remontas\\\/televizoriu-remontas-kaune\\\/\",\"name\":\"Profesionalus televizori\u0173 remontas Kaune\",\"isPartOf\":{\"@id\":\"https:\\\/\\\/elmeistrai.lt\\\/#website\"},\"primaryImageOfPage\":{\"@id\":\"https:\\\/\\\/elmeistrai.lt\\\/televizoriu-remontas\\\/televizoriu-remontas-kaune\\\/#primaryimage\"},\"image\":{\"@id\":\"https:\\\/\\\/elmeistrai.lt\\\/televizoriu-remontas\\\/televizoriu-remontas-kaune\\\/#primaryimage\"},\"thumbnailUrl\":\"https:\\\/\\\/elmeistrai.lt\\\/wp-content\\\/uploads\\\/2026\\\/02\\\/tv-remontai.jpg\",\"datePublished\":\"2023-03-01T20:58:55+00:00\",\"dateModified\":\"2026-02-19T12:42:04+00:00\",\"description\":\"Profesionalus vis\u0173 tip\u0173 televizori\u0173 remontas Kaune - LED, OLED, LCD ir kit\u0173. Mus rasite Baltijos g. 58, tel. 8 (656) 95553\",\"breadcrumb\":{\"@id\":\"https:\\\/\\\/elmeistrai.lt\\\/televizoriu-remontas\\\/televizoriu-remontas-kaune\\\/#breadcrumb\"},\"inLanguage\":\"pl-PL\",\"potentialAction\":[{\"@type\":\"ReadAction\",\"target\":[\"https:\\\/\\\/elmeistrai.lt\\\/televizoriu-remontas\\\/televizoriu-remontas-kaune\\\/\"]}]},{\"@type\":\"ImageObject\",\"inLanguage\":\"pl-PL\",\"@id\":\"https:\\\/\\\/elmeistrai.lt\\\/televizoriu-remontas\\\/televizoriu-remontas-kaune\\\/#primaryimage\",\"url\":\"https:\\\/\\\/elmeistrai.lt\\\/wp-content\\\/uploads\\\/2026\\\/02\\\/tv-remontai.jpg\",\"contentUrl\":\"https:\\\/\\\/elmeistrai.lt\\\/wp-content\\\/uploads\\\/2026\\\/02\\\/tv-remontai.jpg\"},{\"@type\":\"BreadcrumbList\",\"@id\":\"https:\\\/\\\/elmeistrai.lt\\\/televizoriu-remontas\\\/televizoriu-remontas-kaune\\\/#breadcrumb\",\"itemListElement\":[{\"@type\":\"ListItem\",\"position\":1,\"name\":\"Home\",\"item\":\"https:\\\/\\\/elmeistrai.lt\\\/\"},{\"@type\":\"ListItem\",\"position\":2,\"name\":\"Profesionalus televizori\u0173 remontas Vilniuje, Kaune, Klaip\u0117doje ir \u0160iauliuose\",\"item\":\"https:\\\/\\\/elmeistrai.lt\\\/televizoriu-remontas\\\/\"},{\"@type\":\"ListItem\",\"position\":3,\"name\":\"Profesionalus televizori\u0173 remontas Kaune\"}]},{\"@type\":\"WebSite\",\"@id\":\"https:\\\/\\\/elmeistrai.lt\\\/#website\",\"url\":\"https:\\\/\\\/elmeistrai.lt\\\/\",\"name\":\"Vilniuje, Kaune, Klaip\u0117doje, \u0160iauliuose\",\"description\":\"Nam\u0173 ir verslo elektronikos prietais\u0173 remontas. Kase\u010di\u0173 pildymas.\",\"publisher\":{\"@id\":\"https:\\\/\\\/elmeistrai.lt\\\/#organization\"},\"potentialAction\":[{\"@type\":\"SearchAction\",\"target\":{\"@type\":\"EntryPoint\",\"urlTemplate\":\"https:\\\/\\\/elmeistrai.lt\\\/?s={search_term_string}\"},\"query-input\":{\"@type\":\"PropertyValueSpecification\",\"valueRequired\":true,\"valueName\":\"search_term_string\"}}],\"inLanguage\":\"pl-PL\"},{\"@type\":\"Organization\",\"@id\":\"https:\\\/\\\/elmeistrai.lt\\\/#organization\",\"name\":\"elMeistrai.lt\",\"alternateName\":\"Kavos aparat\u0173, paspirtuk\u0173, televizori\u0173, kompiuteri\u0173, telefon\u0173 ir kt. technikos remontas\",\"url\":\"https:\\\/\\\/elmeistrai.lt\\\/\",\"logo\":{\"@type\":\"ImageObject\",\"inLanguage\":\"pl-PL\",\"@id\":\"https:\\\/\\\/elmeistrai.lt\\\/#\\\/schema\\\/logo\\\/image\\\/\",\"url\":\"https:\\\/\\\/elmeistrai.lt\\\/wp-content\\\/uploads\\\/2022\\\/09\\\/elmeistrai_logo.jpg\",\"contentUrl\":\"https:\\\/\\\/elmeistrai.lt\\\/wp-content\\\/uploads\\\/2022\\\/09\\\/elmeistrai_logo.jpg\",\"width\":556,\"height\":143,\"caption\":\"elMeistrai.lt\"},\"image\":{\"@id\":\"https:\\\/\\\/elmeistrai.lt\\\/#\\\/schema\\\/logo\\\/image\\\/\"},\"sameAs\":[\"https:\\\/\\\/www.facebook.com\\\/elmeistrai.lt\\\/\"]},{\"@type\":\"Person\",\"@id\":\"https:\\\/\\\/elmeistrai.lt\\\/#\\\/schema\\\/person\\\/6363b621eb9606785f7f2ae9a52987f7\",\"name\":\"elMeistrai\",\"image\":{\"@type\":\"ImageObject\",\"inLanguage\":\"pl-PL\",\"@id\":\"https:\\\/\\\/secure.gravatar.com\\\/avatar\\\/052f2d9640381d6904c5c0676ac3cc3d7ad734def78df3657e571451cad9870d?s=96&d=mm&r=g\",\"url\":\"https:\\\/\\\/secure.gravatar.com\\\/avatar\\\/052f2d9640381d6904c5c0676ac3cc3d7ad734def78df3657e571451cad9870d?s=96&d=mm&r=g\",\"contentUrl\":\"https:\\\/\\\/secure.gravatar.com\\\/avatar\\\/052f2d9640381d6904c5c0676ac3cc3d7ad734def78df3657e571451cad9870d?s=96&d=mm&r=g\",\"caption\":\"elMeistrai\"},\"url\":\"https:\\\/\\\/elmeistrai.lt\\\/pl\\\/author\\\/yipkxe\\\/\"}]}<\/script>\n<!-- \/ Yoast SEO plugin. -->","yoast_head_json":{"title":"Profesionalus televizori\u0173 remontas Kaune","description":"Profesjonalna naprawa wszystkich typ\u00f3w telewizor\u00f3w w Kownie - LED, OLED, LCD i innych. Mo\u017cna nas znale\u017a\u0107 pod adresem Baltijos g. 58, tel. 8 (656) 95553.","robots":{"index":"index","follow":"follow","max-snippet":"max-snippet:-1","max-image-preview":"max-image-preview:large","max-video-preview":"max-video-preview:-1"},"canonical":"https:\/\/elmeistrai.lt\/pl\/televizoriu-remontas\/televizoriu-remontas-kaune\/","og_locale":"pl_PL","og_type":"article","og_title":"Profesionalus televizori\u0173 remontas Kaune","og_description":"Profesionalus vis\u0173 tip\u0173 televizori\u0173 remontas Kaune - LED, OLED, LCD ir kit\u0173. Mus rasite Baltijos g. 58, tel. 8 (656) 95553","og_url":"https:\/\/elmeistrai.lt\/pl\/televizoriu-remontas\/televizoriu-remontas-kaune\/","og_site_name":"Vilniuje, Kaune, Klaip\u0117doje, \u0160iauliuose","article_publisher":"https:\/\/www.facebook.com\/elmeistrai.lt\/","article_modified_time":"2026-02-19T12:42:04+00:00","og_image":[{"width":612,"height":459,"url":"https:\/\/elmeistrai.lt\/wp-content\/uploads\/2026\/02\/tv-remontai.jpg","type":"image\/jpeg"}],"twitter_card":"summary_large_image","twitter_misc":{"Szacowany czas czytania":"2 minuty"},"schema":{"@context":"https:\/\/schema.org","@graph":[{"@type":"NewsArticle","@id":"https:\/\/elmeistrai.lt\/televizoriu-remontas\/televizoriu-remontas-kaune\/#article","isPartOf":{"@id":"https:\/\/elmeistrai.lt\/televizoriu-remontas\/televizoriu-remontas-kaune\/"},"author":{"name":"elMeistrai","@id":"https:\/\/elmeistrai.lt\/#\/schema\/person\/6363b621eb9606785f7f2ae9a52987f7"},"headline":"Profesionalus televizori\u0173 remontas Kaune","datePublished":"2023-03-01T20:58:55+00:00","dateModified":"2026-02-19T12:42:04+00:00","mainEntityOfPage":{"@id":"https:\/\/elmeistrai.lt\/televizoriu-remontas\/televizoriu-remontas-kaune\/"},"wordCount":269,"publisher":{"@id":"https:\/\/elmeistrai.lt\/#organization"},"image":{"@id":"https:\/\/elmeistrai.lt\/televizoriu-remontas\/televizoriu-remontas-kaune\/#primaryimage"},"thumbnailUrl":"https:\/\/elmeistrai.lt\/wp-content\/uploads\/2026\/02\/tv-remontai.jpg","inLanguage":"pl-PL"},{"@type":["WebPage","ItemPage"],"@id":"https:\/\/elmeistrai.lt\/televizoriu-remontas\/televizoriu-remontas-kaune\/","url":"https:\/\/elmeistrai.lt\/televizoriu-remontas\/televizoriu-remontas-kaune\/","name":"Profesionalus televizori\u0173 remontas Kaune","isPartOf":{"@id":"https:\/\/elmeistrai.lt\/#website"},"primaryImageOfPage":{"@id":"https:\/\/elmeistrai.lt\/televizoriu-remontas\/televizoriu-remontas-kaune\/#primaryimage"},"image":{"@id":"https:\/\/elmeistrai.lt\/televizoriu-remontas\/televizoriu-remontas-kaune\/#primaryimage"},"thumbnailUrl":"https:\/\/elmeistrai.lt\/wp-content\/uploads\/2026\/02\/tv-remontai.jpg","datePublished":"2023-03-01T20:58:55+00:00","dateModified":"2026-02-19T12:42:04+00:00","description":"Profesjonalna naprawa wszystkich typ\u00f3w telewizor\u00f3w w Kownie - LED, OLED, LCD i innych. Mo\u017cna nas znale\u017a\u0107 pod adresem Baltijos g. 58, tel. 8 (656) 95553.","breadcrumb":{"@id":"https:\/\/elmeistrai.lt\/televizoriu-remontas\/televizoriu-remontas-kaune\/#breadcrumb"},"inLanguage":"pl-PL","potentialAction":[{"@type":"ReadAction","target":["https:\/\/elmeistrai.lt\/televizoriu-remontas\/televizoriu-remontas-kaune\/"]}]},{"@type":"ImageObject","inLanguage":"pl-PL","@id":"https:\/\/elmeistrai.lt\/televizoriu-remontas\/televizoriu-remontas-kaune\/#primaryimage","url":"https:\/\/elmeistrai.lt\/wp-content\/uploads\/2026\/02\/tv-remontai.jpg","contentUrl":"https:\/\/elmeistrai.lt\/wp-content\/uploads\/2026\/02\/tv-remontai.jpg"},{"@type":"BreadcrumbList","@id":"https:\/\/elmeistrai.lt\/televizoriu-remontas\/televizoriu-remontas-kaune\/#breadcrumb","itemListElement":[{"@type":"ListItem","position":1,"name":"Home","item":"https:\/\/elmeistrai.lt\/"},{"@type":"ListItem","position":2,"name":"Profesionalus televizori\u0173 remontas Vilniuje, Kaune, Klaip\u0117doje ir \u0160iauliuose","item":"https:\/\/elmeistrai.lt\/televizoriu-remontas\/"},{"@type":"ListItem","position":3,"name":"Profesionalus televizori\u0173 remontas Kaune"}]},{"@type":"WebSite","@id":"https:\/\/elmeistrai.lt\/#website","url":"https:\/\/elmeistrai.lt\/","name":"Wilno, Kowno, K\u0142ajpeda, Szawle","description":"Naprawa elektroniki domowej i firmowej. Nape\u0142nianie kartrid\u017cy.","publisher":{"@id":"https:\/\/elmeistrai.lt\/#organization"},"potentialAction":[{"@type":"SearchAction","target":{"@type":"EntryPoint","urlTemplate":"https:\/\/elmeistrai.lt\/?s={search_term_string}"},"query-input":{"@type":"PropertyValueSpecification","valueRequired":true,"valueName":"search_term_string"}}],"inLanguage":"pl-PL"},{"@type":"Organization","@id":"https:\/\/elmeistrai.lt\/#organization","name":"elMeistrai.lt","alternateName":"Kavos aparat\u0173, paspirtuk\u0173, televizori\u0173, kompiuteri\u0173, telefon\u0173 ir kt. technikos remontas","url":"https:\/\/elmeistrai.lt\/","logo":{"@type":"ImageObject","inLanguage":"pl-PL","@id":"https:\/\/elmeistrai.lt\/#\/schema\/logo\/image\/","url":"https:\/\/elmeistrai.lt\/wp-content\/uploads\/2022\/09\/elmeistrai_logo.jpg","contentUrl":"https:\/\/elmeistrai.lt\/wp-content\/uploads\/2022\/09\/elmeistrai_logo.jpg","width":556,"height":143,"caption":"elMeistrai.lt"},"image":{"@id":"https:\/\/elmeistrai.lt\/#\/schema\/logo\/image\/"},"sameAs":["https:\/\/www.facebook.com\/elmeistrai.lt\/"]},{"@type":"Person","@id":"https:\/\/elmeistrai.lt\/#\/schema\/person\/6363b621eb9606785f7f2ae9a52987f7","name":"elMeistrai","image":{"@type":"ImageObject","inLanguage":"pl-PL","@id":"https:\/\/secure.gravatar.com\/avatar\/052f2d9640381d6904c5c0676ac3cc3d7ad734def78df3657e571451cad9870d?s=96&d=mm&r=g","url":"https:\/\/secure.gravatar.com\/avatar\/052f2d9640381d6904c5c0676ac3cc3d7ad734def78df3657e571451cad9870d?s=96&d=mm&r=g","contentUrl":"https:\/\/secure.gravatar.com\/avatar\/052f2d9640381d6904c5c0676ac3cc3d7ad734def78df3657e571451cad9870d?s=96&d=mm&r=g","caption":"elMeistrai"},"url":"https:\/\/elmeistrai.lt\/pl\/author\/yipkxe\/"}]}},"uagb_featured_image_src":{"full":false,"thumbnail":false,"medium":false,"medium_large":false,"large":false,"1536x1536":false,"2048x2048":false,"trp-custom-language-flag":false,"writemag-1218w-autoh-image":false,"writemag-675w-autoh-image":false,"writemag-100w-100h-image":false},"uagb_author_info":{"display_name":"elMeistrai","author_link":"https:\/\/elmeistrai.lt\/pl\/author\/yipkxe\/"},"uagb_comment_info":0,"uagb_excerpt":"&#8222;elMeistrai&#8221; taisykla teikia auk\u0161tos kokyb\u0117s profesionalias televizori\u0173 remonto Kaune paslaugas. Jei kyla problem\u0173 su televizoriumi &#8211; kreipkit\u0117s \u012f mus, ir...","rttpg_featured_image_url":null,"rttpg_author":{"display_name":"elMeistrai","author_link":"https:\/\/elmeistrai.lt\/pl\/author\/yipkxe\/"},"rttpg_comment":0,"rttpg_category":null,"rttpg_excerpt":"&#8222;elMeistrai&#8221; taisykla teikia auk\u0161tos kokyb\u0117s profesionalias televizori\u0173 remonto Kaune paslaugas. Jei kyla problem\u0173 su televizoriumi &#8211; kreipkit\u0117s \u012f mus, ir...","_links":{"self":[{"href":"https:\/\/elmeistrai.lt\/pl\/wp-json\/wp\/v2\/pages\/2187","targetHints":{"allow":["GET"]}}],"collection":[{"href":"https:\/\/elmeistrai.lt\/pl\/wp-json\/wp\/v2\/pages"}],"about":[{"href":"https:\/\/elmeistrai.lt\/pl\/wp-json\/wp\/v2\/types\/page"}],"author":[{"embeddable":true,"href":"https:\/\/elmeistrai.lt\/pl\/wp-json\/wp\/v2\/users\/1"}],"replies":[{"embeddable":true,"href":"https:\/\/elmeistrai.lt\/pl\/wp-json\/wp\/v2\/comments?post=2187"}],"version-history":[{"count":9,"href":"https:\/\/elmeistrai.lt\/pl\/wp-json\/wp\/v2\/pages\/2187\/revisions"}],"predecessor-version":[{"id":8566,"href":"https:\/\/elmeistrai.lt\/pl\/wp-json\/wp\/v2\/pages\/2187\/revisions\/8566"}],"up":[{"embeddable":true,"href":"https:\/\/elmeistrai.lt\/pl\/wp-json\/wp\/v2\/pages\/25"}],"wp:attachment":[{"href":"https:\/\/elmeistrai.lt\/pl\/wp-json\/wp\/v2\/media?parent=2187"}],"curies":[{"name":"wp","href":"https:\/\/api.w.org\/{rel}","templated":true}]}}