{"id":2075,"date":"2022-11-17T07:58:38","date_gmt":"2022-11-17T09:58:38","guid":{"rendered":"https:\/\/elmeistrai.lt\/?page_id=2075"},"modified":"2022-11-17T08:00:06","modified_gmt":"2022-11-17T10:00:06","slug":"kietuju-disku-keitimas-hdd","status":"publish","type":"page","link":"https:\/\/elmeistrai.lt\/pl\/kompiuteriu-remontas\/kietuju-disku-keitimas-hdd\/","title":{"rendered":"Wymiana dysk\u00f3w twardych (HDD)"},"content":{"rendered":"<p>Dysk twardy to cz\u0119\u015b\u0107 komputera, kt\u00f3ra przechowuje wszystkie dane na komputerze: muzyk\u0119, filmy, dokumenty itp. Rozmiar jego pami\u0119ci jest zwykle mierzony w GB (gigabajtach) lub TB (terabajtach). Starsze typy dysk\u00f3w twardych by\u0142y mechaniczne, tj. posiada\u0142y wewn\u0105trz obracaj\u0105cy si\u0119 talerz. Nowa generacja dysk\u00f3w to w pe\u0142ni elektroniczne dyski typu SSD, kt\u00f3re osi\u0105gaj\u0105 znacznie wy\u017csze pr\u0119dko\u015bci odczytu i zapisu danych.<\/p>\n\n\n\n<p>Awaria dysku twardego nie jest kosztown\u0105 napraw\u0105, ale zazwyczaj skutkuje utrat\u0105 wszystkich zapisanych na nim danych <em>drogi <\/em>Dane. W dzisiejszych czasach istnieje wiele niedrogich opcji tworzenia trwa\u0142ych kopii zapasowych <em>kopie zapasowe<\/em>: np. na Dysk Google lub zewn\u0119trzny dysk twardy, wi\u0119c je\u015bli dysk twardy nie uleg\u0142 jeszcze awarii, zalecamy jego natychmiastow\u0105 napraw\u0119.<\/p>\n\n\n\n<p>Najcz\u0119stszym sposobem wymiany dysku twardego jest jego awaria, ale cz\u0119sto zdarza si\u0119 to r\u00f3wnie\u017c w przypadku komputera. <a href=\"https:\/\/elmeistrai.lt\/pl\/kompiuteriu-remontas\/kompiuteriu-techninis-modernizavimas-pagerinimas\/\">modernizacja<\/a>. Zawsze zalecamy wymian\u0119 starego dysku na dysk SSD nowej generacji, bez wzgl\u0119du na jego wiek. Pozwoli to nie tylko naprawi\u0107 komputer, ale tak\u017ce przyspieszy\u0107 jego dzia\u0142anie.<\/p>\n\n\n\n<p>Procedura wymiany dysku twardego mo\u017ce by\u0107 bardziej z\u0142o\u017cona lub prostsza. Zale\u017cy to w du\u017cej mierze od modelu komputera. Niekt\u00f3re modele laptop\u00f3w maj\u0105 specjalne pokrywy, kt\u00f3re po otwarciu daj\u0105 bezpo\u015bredni dost\u0119p do dysku twardego (HDD). W takim przypadku jego wymiana jest szczeg\u00f3lnie \u0142atwa. Niekt\u00f3re modele wymagaj\u0105 jednak cz\u0119\u015bciowego lub nawet ca\u0142kowitego demonta\u017cu. Wymiana dysku twardego wymaga nadpisania systemu operacyjnego, poniewa\u017c nowy dysk jest ca\u0142kowicie pusty, a tak\u017ce innych aplikacji niezb\u0119dnych do dzia\u0142ania.<\/p>\n\n\n\n<p>Potrzebujesz wymieni\u0107 dysk twardy? Wymieniamy dyski twarde zar\u00f3wno w laptopach, jak i komputerach stacjonarnych. Skontaktuj si\u0119 z nami, nasz warsztat komputerowy jest gotowy do pomocy.<\/p>\n\n\n\n<figure class=\"wp-block-image size-full\"><img loading=\"lazy\" decoding=\"async\" width=\"640\" height=\"427\" src=\"https:\/\/elmeistrai.lt\/wp-content\/uploads\/2022\/11\/kietasis-diskas.jpg\" alt=\"kietasis diskas HDD\" class=\"wp-image-2076\" srcset=\"https:\/\/elmeistrai.lt\/wp-content\/uploads\/2022\/11\/kietasis-diskas.jpg 640w, https:\/\/elmeistrai.lt\/wp-content\/uploads\/2022\/11\/kietasis-diskas-300x200.jpg 300w\" sizes=\"auto, (max-width: 640px) 100vw, 640px\" \/><\/figure>","protected":false},"excerpt":{"rendered":"<p>Dysk twardy to cz\u0119\u015b\u0107 komputera, kt\u00f3ra przechowuje wszystkie dane na komputerze: muzyk\u0119, filmy, dokumenty itp. Najcz\u0119\u015bciej jego pami\u0119\u0107...<\/p>","protected":false},"author":1,"featured_media":0,"parent":14,"menu_order":0,"comment_status":"closed","ping_status":"closed","template":"","meta":{"_uag_custom_page_level_css":"","footnotes":""},"class_list":["post-2075","page","type-page","status-publish","hentry"],"yoast_head":"<!-- This site is optimized with the Yoast SEO plugin v27.5 - https:\/\/yoast.com\/product\/yoast-seo-wordpress\/ -->\n<title>Kiet\u0173j\u0173 disk\u0173 keitimas (HDD) Vilniuje, Kaune, Klaip\u0117doje, \u0160iauliuose<\/title>\n<meta name=\"robots\" content=\"index, follow, max-snippet:-1, max-image-preview:large, max-video-preview:-1\" \/>\n<link rel=\"canonical\" href=\"https:\/\/elmeistrai.lt\/pl\/kompiuteriu-remontas\/kietuju-disku-keitimas-hdd\/\" \/>\n<meta property=\"og:locale\" content=\"pl_PL\" \/>\n<meta property=\"og:type\" content=\"article\" \/>\n<meta property=\"og:title\" content=\"Kiet\u0173j\u0173 disk\u0173 keitimas (HDD) Vilniuje, Kaune, Klaip\u0117doje, \u0160iauliuose\" \/>\n<meta property=\"og:description\" content=\"Kietasis diskas yra kompiuterio detal\u0117, kuriame yra saugomi visi kompiuteryje esantys duomenys: muzika, filmai, dokumentai ir t.t. Da\u017eniausiai jo atminties...\" \/>\n<meta property=\"og:url\" content=\"https:\/\/elmeistrai.lt\/pl\/kompiuteriu-remontas\/kietuju-disku-keitimas-hdd\/\" \/>\n<meta property=\"og:site_name\" content=\"Vilniuje, Kaune, Klaip\u0117doje, \u0160iauliuose\" \/>\n<meta property=\"article:publisher\" content=\"https:\/\/www.facebook.com\/elmeistrai.lt\/\" \/>\n<meta property=\"article:modified_time\" content=\"2022-11-17T10:00:06+00:00\" \/>\n<meta property=\"og:image\" content=\"https:\/\/elmeistrai.lt\/wp-content\/uploads\/2022\/11\/kietasis-diskas.jpg\" \/>\n<meta name=\"twitter:card\" content=\"summary_large_image\" \/>\n<meta name=\"twitter:label1\" content=\"Szacowany czas czytania\" \/>\n\t<meta name=\"twitter:data1\" content=\"1 minuta\" \/>\n<script type=\"application\/ld+json\" class=\"yoast-schema-graph\">{\"@context\":\"https:\\\/\\\/schema.org\",\"@graph\":[{\"@type\":\"NewsArticle\",\"@id\":\"https:\\\/\\\/elmeistrai.lt\\\/kompiuteriu-remontas\\\/kietuju-disku-keitimas-hdd\\\/#article\",\"isPartOf\":{\"@id\":\"https:\\\/\\\/elmeistrai.lt\\\/kompiuteriu-remontas\\\/kietuju-disku-keitimas-hdd\\\/\"},\"author\":{\"name\":\"elMeistrai\",\"@id\":\"https:\\\/\\\/elmeistrai.lt\\\/#\\\/schema\\\/person\\\/6363b621eb9606785f7f2ae9a52987f7\"},\"headline\":\"Kiet\u0173j\u0173 disk\u0173 keitimas (HDD)\",\"datePublished\":\"2022-11-17T09:58:38+00:00\",\"dateModified\":\"2022-11-17T10:00:06+00:00\",\"mainEntityOfPage\":{\"@id\":\"https:\\\/\\\/elmeistrai.lt\\\/kompiuteriu-remontas\\\/kietuju-disku-keitimas-hdd\\\/\"},\"wordCount\":271,\"publisher\":{\"@id\":\"https:\\\/\\\/elmeistrai.lt\\\/#organization\"},\"image\":{\"@id\":\"https:\\\/\\\/elmeistrai.lt\\\/kompiuteriu-remontas\\\/kietuju-disku-keitimas-hdd\\\/#primaryimage\"},\"thumbnailUrl\":\"https:\\\/\\\/elmeistrai.lt\\\/wp-content\\\/uploads\\\/2022\\\/11\\\/kietasis-diskas.jpg\",\"inLanguage\":\"pl-PL\"},{\"@type\":[\"WebPage\",\"ItemPage\"],\"@id\":\"https:\\\/\\\/elmeistrai.lt\\\/kompiuteriu-remontas\\\/kietuju-disku-keitimas-hdd\\\/\",\"url\":\"https:\\\/\\\/elmeistrai.lt\\\/kompiuteriu-remontas\\\/kietuju-disku-keitimas-hdd\\\/\",\"name\":\"Kiet\u0173j\u0173 disk\u0173 keitimas (HDD) Vilniuje, Kaune, Klaip\u0117doje, \u0160iauliuose\",\"isPartOf\":{\"@id\":\"https:\\\/\\\/elmeistrai.lt\\\/#website\"},\"primaryImageOfPage\":{\"@id\":\"https:\\\/\\\/elmeistrai.lt\\\/kompiuteriu-remontas\\\/kietuju-disku-keitimas-hdd\\\/#primaryimage\"},\"image\":{\"@id\":\"https:\\\/\\\/elmeistrai.lt\\\/kompiuteriu-remontas\\\/kietuju-disku-keitimas-hdd\\\/#primaryimage\"},\"thumbnailUrl\":\"https:\\\/\\\/elmeistrai.lt\\\/wp-content\\\/uploads\\\/2022\\\/11\\\/kietasis-diskas.jpg\",\"datePublished\":\"2022-11-17T09:58:38+00:00\",\"dateModified\":\"2022-11-17T10:00:06+00:00\",\"breadcrumb\":{\"@id\":\"https:\\\/\\\/elmeistrai.lt\\\/kompiuteriu-remontas\\\/kietuju-disku-keitimas-hdd\\\/#breadcrumb\"},\"inLanguage\":\"pl-PL\",\"potentialAction\":[{\"@type\":\"ReadAction\",\"target\":[\"https:\\\/\\\/elmeistrai.lt\\\/kompiuteriu-remontas\\\/kietuju-disku-keitimas-hdd\\\/\"]}]},{\"@type\":\"ImageObject\",\"inLanguage\":\"pl-PL\",\"@id\":\"https:\\\/\\\/elmeistrai.lt\\\/kompiuteriu-remontas\\\/kietuju-disku-keitimas-hdd\\\/#primaryimage\",\"url\":\"https:\\\/\\\/elmeistrai.lt\\\/wp-content\\\/uploads\\\/2022\\\/11\\\/kietasis-diskas.jpg\",\"contentUrl\":\"https:\\\/\\\/elmeistrai.lt\\\/wp-content\\\/uploads\\\/2022\\\/11\\\/kietasis-diskas.jpg\"},{\"@type\":\"BreadcrumbList\",\"@id\":\"https:\\\/\\\/elmeistrai.lt\\\/kompiuteriu-remontas\\\/kietuju-disku-keitimas-hdd\\\/#breadcrumb\",\"itemListElement\":[{\"@type\":\"ListItem\",\"position\":1,\"name\":\"Home\",\"item\":\"https:\\\/\\\/elmeistrai.lt\\\/\"},{\"@type\":\"ListItem\",\"position\":2,\"name\":\"Profesionalus kompiuteri\u0173 remontas Vilniuje, Kaune, Klaip\u0117doje ir \u0160iauliuose\",\"item\":\"https:\\\/\\\/elmeistrai.lt\\\/kompiuteriu-remontas\\\/\"},{\"@type\":\"ListItem\",\"position\":3,\"name\":\"Kiet\u0173j\u0173 disk\u0173 keitimas (HDD)\"}]},{\"@type\":\"WebSite\",\"@id\":\"https:\\\/\\\/elmeistrai.lt\\\/#website\",\"url\":\"https:\\\/\\\/elmeistrai.lt\\\/\",\"name\":\"Vilniuje, Kaune, Klaip\u0117doje, \u0160iauliuose\",\"description\":\"Nam\u0173 ir verslo elektronikos prietais\u0173 remontas. Kase\u010di\u0173 pildymas.\",\"publisher\":{\"@id\":\"https:\\\/\\\/elmeistrai.lt\\\/#organization\"},\"potentialAction\":[{\"@type\":\"SearchAction\",\"target\":{\"@type\":\"EntryPoint\",\"urlTemplate\":\"https:\\\/\\\/elmeistrai.lt\\\/?s={search_term_string}\"},\"query-input\":{\"@type\":\"PropertyValueSpecification\",\"valueRequired\":true,\"valueName\":\"search_term_string\"}}],\"inLanguage\":\"pl-PL\"},{\"@type\":\"Organization\",\"@id\":\"https:\\\/\\\/elmeistrai.lt\\\/#organization\",\"name\":\"elMeistrai.lt\",\"alternateName\":\"Kavos aparat\u0173, paspirtuk\u0173, televizori\u0173, kompiuteri\u0173, telefon\u0173 ir kt. technikos remontas\",\"url\":\"https:\\\/\\\/elmeistrai.lt\\\/\",\"logo\":{\"@type\":\"ImageObject\",\"inLanguage\":\"pl-PL\",\"@id\":\"https:\\\/\\\/elmeistrai.lt\\\/#\\\/schema\\\/logo\\\/image\\\/\",\"url\":\"https:\\\/\\\/elmeistrai.lt\\\/wp-content\\\/uploads\\\/2022\\\/09\\\/elmeistrai_logo.jpg\",\"contentUrl\":\"https:\\\/\\\/elmeistrai.lt\\\/wp-content\\\/uploads\\\/2022\\\/09\\\/elmeistrai_logo.jpg\",\"width\":556,\"height\":143,\"caption\":\"elMeistrai.lt\"},\"image\":{\"@id\":\"https:\\\/\\\/elmeistrai.lt\\\/#\\\/schema\\\/logo\\\/image\\\/\"},\"sameAs\":[\"https:\\\/\\\/www.facebook.com\\\/elmeistrai.lt\\\/\"]},{\"@type\":\"Person\",\"@id\":\"https:\\\/\\\/elmeistrai.lt\\\/#\\\/schema\\\/person\\\/6363b621eb9606785f7f2ae9a52987f7\",\"name\":\"elMeistrai\",\"image\":{\"@type\":\"ImageObject\",\"inLanguage\":\"pl-PL\",\"@id\":\"https:\\\/\\\/secure.gravatar.com\\\/avatar\\\/052f2d9640381d6904c5c0676ac3cc3d7ad734def78df3657e571451cad9870d?s=96&d=mm&r=g\",\"url\":\"https:\\\/\\\/secure.gravatar.com\\\/avatar\\\/052f2d9640381d6904c5c0676ac3cc3d7ad734def78df3657e571451cad9870d?s=96&d=mm&r=g\",\"contentUrl\":\"https:\\\/\\\/secure.gravatar.com\\\/avatar\\\/052f2d9640381d6904c5c0676ac3cc3d7ad734def78df3657e571451cad9870d?s=96&d=mm&r=g\",\"caption\":\"elMeistrai\"},\"url\":\"https:\\\/\\\/elmeistrai.lt\\\/pl\\\/author\\\/yipkxe\\\/\"}]}<\/script>\n<!-- \/ Yoast SEO plugin. -->","yoast_head_json":{"title":"Kiet\u0173j\u0173 disk\u0173 keitimas (HDD) Vilniuje, Kaune, Klaip\u0117doje, \u0160iauliuose","robots":{"index":"index","follow":"follow","max-snippet":"max-snippet:-1","max-image-preview":"max-image-preview:large","max-video-preview":"max-video-preview:-1"},"canonical":"https:\/\/elmeistrai.lt\/pl\/kompiuteriu-remontas\/kietuju-disku-keitimas-hdd\/","og_locale":"pl_PL","og_type":"article","og_title":"Kiet\u0173j\u0173 disk\u0173 keitimas (HDD) Vilniuje, Kaune, Klaip\u0117doje, \u0160iauliuose","og_description":"Kietasis diskas yra kompiuterio detal\u0117, kuriame yra saugomi visi kompiuteryje esantys duomenys: muzika, filmai, dokumentai ir t.t. Da\u017eniausiai jo atminties...","og_url":"https:\/\/elmeistrai.lt\/pl\/kompiuteriu-remontas\/kietuju-disku-keitimas-hdd\/","og_site_name":"Vilniuje, Kaune, Klaip\u0117doje, \u0160iauliuose","article_publisher":"https:\/\/www.facebook.com\/elmeistrai.lt\/","article_modified_time":"2022-11-17T10:00:06+00:00","og_image":[{"url":"https:\/\/elmeistrai.lt\/wp-content\/uploads\/2022\/11\/kietasis-diskas.jpg","type":"","width":"","height":""}],"twitter_card":"summary_large_image","twitter_misc":{"Szacowany czas czytania":"1 minuta"},"schema":{"@context":"https:\/\/schema.org","@graph":[{"@type":"NewsArticle","@id":"https:\/\/elmeistrai.lt\/kompiuteriu-remontas\/kietuju-disku-keitimas-hdd\/#article","isPartOf":{"@id":"https:\/\/elmeistrai.lt\/kompiuteriu-remontas\/kietuju-disku-keitimas-hdd\/"},"author":{"name":"elMeistrai","@id":"https:\/\/elmeistrai.lt\/#\/schema\/person\/6363b621eb9606785f7f2ae9a52987f7"},"headline":"Kiet\u0173j\u0173 disk\u0173 keitimas (HDD)","datePublished":"2022-11-17T09:58:38+00:00","dateModified":"2022-11-17T10:00:06+00:00","mainEntityOfPage":{"@id":"https:\/\/elmeistrai.lt\/kompiuteriu-remontas\/kietuju-disku-keitimas-hdd\/"},"wordCount":271,"publisher":{"@id":"https:\/\/elmeistrai.lt\/#organization"},"image":{"@id":"https:\/\/elmeistrai.lt\/kompiuteriu-remontas\/kietuju-disku-keitimas-hdd\/#primaryimage"},"thumbnailUrl":"https:\/\/elmeistrai.lt\/wp-content\/uploads\/2022\/11\/kietasis-diskas.jpg","inLanguage":"pl-PL"},{"@type":["WebPage","ItemPage"],"@id":"https:\/\/elmeistrai.lt\/kompiuteriu-remontas\/kietuju-disku-keitimas-hdd\/","url":"https:\/\/elmeistrai.lt\/kompiuteriu-remontas\/kietuju-disku-keitimas-hdd\/","name":"Kiet\u0173j\u0173 disk\u0173 keitimas (HDD) Vilniuje, Kaune, Klaip\u0117doje, \u0160iauliuose","isPartOf":{"@id":"https:\/\/elmeistrai.lt\/#website"},"primaryImageOfPage":{"@id":"https:\/\/elmeistrai.lt\/kompiuteriu-remontas\/kietuju-disku-keitimas-hdd\/#primaryimage"},"image":{"@id":"https:\/\/elmeistrai.lt\/kompiuteriu-remontas\/kietuju-disku-keitimas-hdd\/#primaryimage"},"thumbnailUrl":"https:\/\/elmeistrai.lt\/wp-content\/uploads\/2022\/11\/kietasis-diskas.jpg","datePublished":"2022-11-17T09:58:38+00:00","dateModified":"2022-11-17T10:00:06+00:00","breadcrumb":{"@id":"https:\/\/elmeistrai.lt\/kompiuteriu-remontas\/kietuju-disku-keitimas-hdd\/#breadcrumb"},"inLanguage":"pl-PL","potentialAction":[{"@type":"ReadAction","target":["https:\/\/elmeistrai.lt\/kompiuteriu-remontas\/kietuju-disku-keitimas-hdd\/"]}]},{"@type":"ImageObject","inLanguage":"pl-PL","@id":"https:\/\/elmeistrai.lt\/kompiuteriu-remontas\/kietuju-disku-keitimas-hdd\/#primaryimage","url":"https:\/\/elmeistrai.lt\/wp-content\/uploads\/2022\/11\/kietasis-diskas.jpg","contentUrl":"https:\/\/elmeistrai.lt\/wp-content\/uploads\/2022\/11\/kietasis-diskas.jpg"},{"@type":"BreadcrumbList","@id":"https:\/\/elmeistrai.lt\/kompiuteriu-remontas\/kietuju-disku-keitimas-hdd\/#breadcrumb","itemListElement":[{"@type":"ListItem","position":1,"name":"Home","item":"https:\/\/elmeistrai.lt\/"},{"@type":"ListItem","position":2,"name":"Profesionalus kompiuteri\u0173 remontas Vilniuje, Kaune, Klaip\u0117doje ir \u0160iauliuose","item":"https:\/\/elmeistrai.lt\/kompiuteriu-remontas\/"},{"@type":"ListItem","position":3,"name":"Kiet\u0173j\u0173 disk\u0173 keitimas (HDD)"}]},{"@type":"WebSite","@id":"https:\/\/elmeistrai.lt\/#website","url":"https:\/\/elmeistrai.lt\/","name":"Wilno, Kowno, K\u0142ajpeda, Szawle","description":"Naprawa elektroniki domowej i firmowej. Nape\u0142nianie kartrid\u017cy.","publisher":{"@id":"https:\/\/elmeistrai.lt\/#organization"},"potentialAction":[{"@type":"SearchAction","target":{"@type":"EntryPoint","urlTemplate":"https:\/\/elmeistrai.lt\/?s={search_term_string}"},"query-input":{"@type":"PropertyValueSpecification","valueRequired":true,"valueName":"search_term_string"}}],"inLanguage":"pl-PL"},{"@type":"Organization","@id":"https:\/\/elmeistrai.lt\/#organization","name":"elMeistrai.lt","alternateName":"Kavos aparat\u0173, paspirtuk\u0173, televizori\u0173, kompiuteri\u0173, telefon\u0173 ir kt. technikos remontas","url":"https:\/\/elmeistrai.lt\/","logo":{"@type":"ImageObject","inLanguage":"pl-PL","@id":"https:\/\/elmeistrai.lt\/#\/schema\/logo\/image\/","url":"https:\/\/elmeistrai.lt\/wp-content\/uploads\/2022\/09\/elmeistrai_logo.jpg","contentUrl":"https:\/\/elmeistrai.lt\/wp-content\/uploads\/2022\/09\/elmeistrai_logo.jpg","width":556,"height":143,"caption":"elMeistrai.lt"},"image":{"@id":"https:\/\/elmeistrai.lt\/#\/schema\/logo\/image\/"},"sameAs":["https:\/\/www.facebook.com\/elmeistrai.lt\/"]},{"@type":"Person","@id":"https:\/\/elmeistrai.lt\/#\/schema\/person\/6363b621eb9606785f7f2ae9a52987f7","name":"elMeistrai","image":{"@type":"ImageObject","inLanguage":"pl-PL","@id":"https:\/\/secure.gravatar.com\/avatar\/052f2d9640381d6904c5c0676ac3cc3d7ad734def78df3657e571451cad9870d?s=96&d=mm&r=g","url":"https:\/\/secure.gravatar.com\/avatar\/052f2d9640381d6904c5c0676ac3cc3d7ad734def78df3657e571451cad9870d?s=96&d=mm&r=g","contentUrl":"https:\/\/secure.gravatar.com\/avatar\/052f2d9640381d6904c5c0676ac3cc3d7ad734def78df3657e571451cad9870d?s=96&d=mm&r=g","caption":"elMeistrai"},"url":"https:\/\/elmeistrai.lt\/pl\/author\/yipkxe\/"}]}},"uagb_featured_image_src":{"full":false,"thumbnail":false,"medium":false,"medium_large":false,"large":false,"1536x1536":false,"2048x2048":false,"trp-custom-language-flag":false,"writemag-1218w-autoh-image":false,"writemag-675w-autoh-image":false,"writemag-100w-100h-image":false},"uagb_author_info":{"display_name":"elMeistrai","author_link":"https:\/\/elmeistrai.lt\/pl\/author\/yipkxe\/"},"uagb_comment_info":0,"uagb_excerpt":"Kietasis diskas yra kompiuterio detal\u0117, kuriame yra saugomi visi kompiuteryje esantys duomenys: muzika, filmai, dokumentai ir t.t. Da\u017eniausiai jo atminties...","rttpg_featured_image_url":null,"rttpg_author":{"display_name":"elMeistrai","author_link":"https:\/\/elmeistrai.lt\/pl\/author\/yipkxe\/"},"rttpg_comment":0,"rttpg_category":null,"rttpg_excerpt":"Kietasis diskas yra kompiuterio detal\u0117, kuriame yra saugomi visi kompiuteryje esantys duomenys: muzika, filmai, dokumentai ir t.t. Da\u017eniausiai jo atminties...","_links":{"self":[{"href":"https:\/\/elmeistrai.lt\/pl\/wp-json\/wp\/v2\/pages\/2075","targetHints":{"allow":["GET"]}}],"collection":[{"href":"https:\/\/elmeistrai.lt\/pl\/wp-json\/wp\/v2\/pages"}],"about":[{"href":"https:\/\/elmeistrai.lt\/pl\/wp-json\/wp\/v2\/types\/page"}],"author":[{"embeddable":true,"href":"https:\/\/elmeistrai.lt\/pl\/wp-json\/wp\/v2\/users\/1"}],"replies":[{"embeddable":true,"href":"https:\/\/elmeistrai.lt\/pl\/wp-json\/wp\/v2\/comments?post=2075"}],"version-history":[{"count":2,"href":"https:\/\/elmeistrai.lt\/pl\/wp-json\/wp\/v2\/pages\/2075\/revisions"}],"predecessor-version":[{"id":2079,"href":"https:\/\/elmeistrai.lt\/pl\/wp-json\/wp\/v2\/pages\/2075\/revisions\/2079"}],"up":[{"embeddable":true,"href":"https:\/\/elmeistrai.lt\/pl\/wp-json\/wp\/v2\/pages\/14"}],"wp:attachment":[{"href":"https:\/\/elmeistrai.lt\/pl\/wp-json\/wp\/v2\/media?parent=2075"}],"curies":[{"name":"wp","href":"https:\/\/api.w.org\/{rel}","templated":true}]}}