{"id":2071,"date":"2022-11-17T07:22:00","date_gmt":"2022-11-17T09:22:00","guid":{"rendered":"https:\/\/elmeistrai.lt\/?page_id=2071"},"modified":"2022-11-17T07:22:01","modified_gmt":"2022-11-17T09:22:01","slug":"operatyviosios-atminties-ram-keitimas-remontas-papildymas","status":"publish","type":"page","link":"https:\/\/elmeistrai.lt\/pl\/kompiuteriu-remontas\/operatyviosios-atminties-ram-keitimas-remontas-papildymas\/","title":{"rendered":"Wymiana, naprawa i dodawanie pami\u0119ci RAM"},"content":{"rendered":"<p>RAM, czyli pami\u0119\u0107, kt\u00f3ra nie przechowuje danych takich jak filmy czy dokumenty. Jest to pami\u0119\u0107 robocza, kt\u00f3ra jest \u0142adowana danymi podczas ich przetwarzania. Dlatego te\u017c nazywana jest r\u00f3wnie\u017c pami\u0119ci\u0105 robocz\u0105 lub pami\u0119ci\u0105 tymczasow\u0105. Im wi\u0119cej pami\u0119ci roboczej, tym wi\u0119cej danych mo\u017cna do niej za\u0142adowa\u0107 i tym szybsze mo\u017ce by\u0107 przetwarzanie. Gdy pami\u0119\u0107 RAM jest na wyczerpaniu, spowolnienie komputera jest bardzo zauwa\u017calne.<\/p>\n\n\n\n<p>Pami\u0119\u0107 RAM jest jednym z komponent\u00f3w komputera, kt\u00f3ry jest raczej wymieniany ni\u017c naprawiany. Poniewa\u017c zazwyczaj to same chipy ulegaj\u0105 awarii, nie jest ekonomicznie op\u0142acalne ich r\u0119czne lutowanie.<\/p>\n\n\n\n<p>Pami\u0119\u0107 RAM jest zwykle wymieniana w celu zwi\u0119kszenia jej pojemno\u015bci, a nie w przypadku awarii. Jest to jedna z najrzadziej wyst\u0119puj\u0105cych awarii komputer\u00f3w, z jakimi spotykamy si\u0119 w naszym warsztacie. Najcz\u0119stszym sposobem na zwi\u0119kszenie pami\u0119ci RAM jest przyspieszenie starego komputera: do <a href=\"\/pl\/kompiuteriu-remontas\/kompiuteriu-techninis-modernizavimas-pagerinimas\/\">modernizacja, unowocze\u015bnienie<\/a>. Cz\u0119sto zdarza si\u0119, \u017ce modu\u0142y pami\u0119ci s\u0105 szczeg\u00f3lnie drogie w momencie zakupu komputera, ale po pewnym czasie staj\u0105 si\u0119 ta\u0144sze. Nierzadko zdarza si\u0119 r\u00f3wnie\u017c, \u017ce nowe komputery s\u0105 nieefektywnie wyposa\u017cone.<\/p>\n\n\n\n<p>Wymieniamy pami\u0119\u0107 RAM zar\u00f3wno do laptop\u00f3w (SODIMM), jak i komputer\u00f3w stacjonarnych (DIMM). Wybierz odpowiedni typ: DDR2, DDR3, DDR4 itp. oraz odpowiedni\u0105 cz\u0119stotliwo\u015b\u0107: 1333Mhz, 1600Mhz, 1866MHz, 2066Mhz itp.<\/p>\n\n\n\n<p>Wymiana pami\u0119ci operacyjnej, wyb\u00f3r, rozbudowa i inne prace elMeisters <a href=\"\/pl\/kontaktai\/\">w zasadach komputerowych<\/a>. Czekamy na Ciebie.<\/p>\n\n\n\n<figure class=\"wp-block-image size-full\"><img loading=\"lazy\" decoding=\"async\" width=\"640\" height=\"480\" src=\"https:\/\/elmeistrai.lt\/wp-content\/uploads\/2022\/11\/operatyvioji-atmintis-ram.jpg\" alt=\"operatyvioji atmintis RAM\" class=\"wp-image-2072\" srcset=\"https:\/\/elmeistrai.lt\/wp-content\/uploads\/2022\/11\/operatyvioji-atmintis-ram.jpg 640w, https:\/\/elmeistrai.lt\/wp-content\/uploads\/2022\/11\/operatyvioji-atmintis-ram-300x225.jpg 300w\" sizes=\"auto, (max-width: 640px) 100vw, 640px\" \/><\/figure>\n\n\n\n<p><\/p>","protected":false},"excerpt":{"rendered":"<p>RAM, czyli pami\u0119\u0107, kt\u00f3ra nie przechowuje danych takich jak filmy czy dokumenty. Jest to pami\u0119\u0107 robocza, kt\u00f3ra...<\/p>","protected":false},"author":1,"featured_media":0,"parent":14,"menu_order":0,"comment_status":"closed","ping_status":"closed","template":"","meta":{"_uag_custom_page_level_css":"","footnotes":""},"class_list":["post-2071","page","type-page","status-publish","hentry"],"yoast_head":"<!-- This site is optimized with the Yoast SEO plugin v27.5 - https:\/\/yoast.com\/product\/yoast-seo-wordpress\/ -->\n<title>Operatyviosios atminties (RAM) keitimas, remontas, papildymas Vilniuje, Kaune, Klaip\u0117doje, \u0160iauliuose<\/title>\n<meta name=\"robots\" content=\"index, follow, max-snippet:-1, max-image-preview:large, max-video-preview:-1\" \/>\n<link rel=\"canonical\" href=\"https:\/\/elmeistrai.lt\/pl\/kompiuteriu-remontas\/operatyviosios-atminties-ram-keitimas-remontas-papildymas\/\" \/>\n<meta property=\"og:locale\" content=\"pl_PL\" \/>\n<meta property=\"og:type\" content=\"article\" \/>\n<meta property=\"og:title\" content=\"Operatyviosios atminties (RAM) keitimas, remontas, papildymas Vilniuje, Kaune, Klaip\u0117doje, \u0160iauliuose\" \/>\n<meta property=\"og:description\" content=\"Operatyvioji RAM atmintis, tai yra tokia atmintis ne kurioje yra kaupiami duomenys pvz. filmai, dokumentai. Tai yra darbin\u0117 atmintis, \u012f...\" \/>\n<meta property=\"og:url\" content=\"https:\/\/elmeistrai.lt\/pl\/kompiuteriu-remontas\/operatyviosios-atminties-ram-keitimas-remontas-papildymas\/\" \/>\n<meta property=\"og:site_name\" content=\"Vilniuje, Kaune, Klaip\u0117doje, \u0160iauliuose\" \/>\n<meta property=\"article:publisher\" content=\"https:\/\/www.facebook.com\/elmeistrai.lt\/\" \/>\n<meta property=\"article:modified_time\" content=\"2022-11-17T09:22:01+00:00\" \/>\n<meta property=\"og:image\" content=\"https:\/\/elmeistrai.lt\/wp-content\/uploads\/2022\/11\/operatyvioji-atmintis-ram.jpg\" \/>\n<meta name=\"twitter:card\" content=\"summary_large_image\" \/>\n<meta name=\"twitter:label1\" content=\"Szacowany czas czytania\" \/>\n\t<meta name=\"twitter:data1\" content=\"1 minuta\" \/>\n<script type=\"application\/ld+json\" class=\"yoast-schema-graph\">{\"@context\":\"https:\\\/\\\/schema.org\",\"@graph\":[{\"@type\":\"NewsArticle\",\"@id\":\"https:\\\/\\\/elmeistrai.lt\\\/kompiuteriu-remontas\\\/operatyviosios-atminties-ram-keitimas-remontas-papildymas\\\/#article\",\"isPartOf\":{\"@id\":\"https:\\\/\\\/elmeistrai.lt\\\/kompiuteriu-remontas\\\/operatyviosios-atminties-ram-keitimas-remontas-papildymas\\\/\"},\"author\":{\"name\":\"elMeistrai\",\"@id\":\"https:\\\/\\\/elmeistrai.lt\\\/#\\\/schema\\\/person\\\/6363b621eb9606785f7f2ae9a52987f7\"},\"headline\":\"Operatyviosios atminties (RAM) keitimas, remontas, papildymas\",\"datePublished\":\"2022-11-17T09:22:00+00:00\",\"dateModified\":\"2022-11-17T09:22:01+00:00\",\"mainEntityOfPage\":{\"@id\":\"https:\\\/\\\/elmeistrai.lt\\\/kompiuteriu-remontas\\\/operatyviosios-atminties-ram-keitimas-remontas-papildymas\\\/\"},\"wordCount\":220,\"publisher\":{\"@id\":\"https:\\\/\\\/elmeistrai.lt\\\/#organization\"},\"image\":{\"@id\":\"https:\\\/\\\/elmeistrai.lt\\\/kompiuteriu-remontas\\\/operatyviosios-atminties-ram-keitimas-remontas-papildymas\\\/#primaryimage\"},\"thumbnailUrl\":\"https:\\\/\\\/elmeistrai.lt\\\/wp-content\\\/uploads\\\/2022\\\/11\\\/operatyvioji-atmintis-ram.jpg\",\"inLanguage\":\"pl-PL\"},{\"@type\":[\"WebPage\",\"ItemPage\"],\"@id\":\"https:\\\/\\\/elmeistrai.lt\\\/kompiuteriu-remontas\\\/operatyviosios-atminties-ram-keitimas-remontas-papildymas\\\/\",\"url\":\"https:\\\/\\\/elmeistrai.lt\\\/kompiuteriu-remontas\\\/operatyviosios-atminties-ram-keitimas-remontas-papildymas\\\/\",\"name\":\"Operatyviosios atminties (RAM) keitimas, remontas, papildymas Vilniuje, Kaune, Klaip\u0117doje, \u0160iauliuose\",\"isPartOf\":{\"@id\":\"https:\\\/\\\/elmeistrai.lt\\\/#website\"},\"primaryImageOfPage\":{\"@id\":\"https:\\\/\\\/elmeistrai.lt\\\/kompiuteriu-remontas\\\/operatyviosios-atminties-ram-keitimas-remontas-papildymas\\\/#primaryimage\"},\"image\":{\"@id\":\"https:\\\/\\\/elmeistrai.lt\\\/kompiuteriu-remontas\\\/operatyviosios-atminties-ram-keitimas-remontas-papildymas\\\/#primaryimage\"},\"thumbnailUrl\":\"https:\\\/\\\/elmeistrai.lt\\\/wp-content\\\/uploads\\\/2022\\\/11\\\/operatyvioji-atmintis-ram.jpg\",\"datePublished\":\"2022-11-17T09:22:00+00:00\",\"dateModified\":\"2022-11-17T09:22:01+00:00\",\"breadcrumb\":{\"@id\":\"https:\\\/\\\/elmeistrai.lt\\\/kompiuteriu-remontas\\\/operatyviosios-atminties-ram-keitimas-remontas-papildymas\\\/#breadcrumb\"},\"inLanguage\":\"pl-PL\",\"potentialAction\":[{\"@type\":\"ReadAction\",\"target\":[\"https:\\\/\\\/elmeistrai.lt\\\/kompiuteriu-remontas\\\/operatyviosios-atminties-ram-keitimas-remontas-papildymas\\\/\"]}]},{\"@type\":\"ImageObject\",\"inLanguage\":\"pl-PL\",\"@id\":\"https:\\\/\\\/elmeistrai.lt\\\/kompiuteriu-remontas\\\/operatyviosios-atminties-ram-keitimas-remontas-papildymas\\\/#primaryimage\",\"url\":\"https:\\\/\\\/elmeistrai.lt\\\/wp-content\\\/uploads\\\/2022\\\/11\\\/operatyvioji-atmintis-ram.jpg\",\"contentUrl\":\"https:\\\/\\\/elmeistrai.lt\\\/wp-content\\\/uploads\\\/2022\\\/11\\\/operatyvioji-atmintis-ram.jpg\"},{\"@type\":\"BreadcrumbList\",\"@id\":\"https:\\\/\\\/elmeistrai.lt\\\/kompiuteriu-remontas\\\/operatyviosios-atminties-ram-keitimas-remontas-papildymas\\\/#breadcrumb\",\"itemListElement\":[{\"@type\":\"ListItem\",\"position\":1,\"name\":\"Home\",\"item\":\"https:\\\/\\\/elmeistrai.lt\\\/\"},{\"@type\":\"ListItem\",\"position\":2,\"name\":\"Profesionalus kompiuteri\u0173 remontas Vilniuje, Kaune, Klaip\u0117doje ir \u0160iauliuose\",\"item\":\"https:\\\/\\\/elmeistrai.lt\\\/kompiuteriu-remontas\\\/\"},{\"@type\":\"ListItem\",\"position\":3,\"name\":\"Operatyviosios atminties (RAM) keitimas, remontas, papildymas\"}]},{\"@type\":\"WebSite\",\"@id\":\"https:\\\/\\\/elmeistrai.lt\\\/#website\",\"url\":\"https:\\\/\\\/elmeistrai.lt\\\/\",\"name\":\"Vilniuje, Kaune, Klaip\u0117doje, \u0160iauliuose\",\"description\":\"Nam\u0173 ir verslo elektronikos prietais\u0173 remontas. Kase\u010di\u0173 pildymas.\",\"publisher\":{\"@id\":\"https:\\\/\\\/elmeistrai.lt\\\/#organization\"},\"potentialAction\":[{\"@type\":\"SearchAction\",\"target\":{\"@type\":\"EntryPoint\",\"urlTemplate\":\"https:\\\/\\\/elmeistrai.lt\\\/?s={search_term_string}\"},\"query-input\":{\"@type\":\"PropertyValueSpecification\",\"valueRequired\":true,\"valueName\":\"search_term_string\"}}],\"inLanguage\":\"pl-PL\"},{\"@type\":\"Organization\",\"@id\":\"https:\\\/\\\/elmeistrai.lt\\\/#organization\",\"name\":\"elMeistrai.lt\",\"alternateName\":\"Kavos aparat\u0173, paspirtuk\u0173, televizori\u0173, kompiuteri\u0173, telefon\u0173 ir kt. technikos remontas\",\"url\":\"https:\\\/\\\/elmeistrai.lt\\\/\",\"logo\":{\"@type\":\"ImageObject\",\"inLanguage\":\"pl-PL\",\"@id\":\"https:\\\/\\\/elmeistrai.lt\\\/#\\\/schema\\\/logo\\\/image\\\/\",\"url\":\"https:\\\/\\\/elmeistrai.lt\\\/wp-content\\\/uploads\\\/2022\\\/09\\\/elmeistrai_logo.jpg\",\"contentUrl\":\"https:\\\/\\\/elmeistrai.lt\\\/wp-content\\\/uploads\\\/2022\\\/09\\\/elmeistrai_logo.jpg\",\"width\":556,\"height\":143,\"caption\":\"elMeistrai.lt\"},\"image\":{\"@id\":\"https:\\\/\\\/elmeistrai.lt\\\/#\\\/schema\\\/logo\\\/image\\\/\"},\"sameAs\":[\"https:\\\/\\\/www.facebook.com\\\/elmeistrai.lt\\\/\"]},{\"@type\":\"Person\",\"@id\":\"https:\\\/\\\/elmeistrai.lt\\\/#\\\/schema\\\/person\\\/6363b621eb9606785f7f2ae9a52987f7\",\"name\":\"elMeistrai\",\"image\":{\"@type\":\"ImageObject\",\"inLanguage\":\"pl-PL\",\"@id\":\"https:\\\/\\\/secure.gravatar.com\\\/avatar\\\/052f2d9640381d6904c5c0676ac3cc3d7ad734def78df3657e571451cad9870d?s=96&d=mm&r=g\",\"url\":\"https:\\\/\\\/secure.gravatar.com\\\/avatar\\\/052f2d9640381d6904c5c0676ac3cc3d7ad734def78df3657e571451cad9870d?s=96&d=mm&r=g\",\"contentUrl\":\"https:\\\/\\\/secure.gravatar.com\\\/avatar\\\/052f2d9640381d6904c5c0676ac3cc3d7ad734def78df3657e571451cad9870d?s=96&d=mm&r=g\",\"caption\":\"elMeistrai\"},\"url\":\"https:\\\/\\\/elmeistrai.lt\\\/pl\\\/author\\\/yipkxe\\\/\"}]}<\/script>\n<!-- \/ Yoast SEO plugin. -->","yoast_head_json":{"title":"Wymiana, naprawa, uzupe\u0142nianie pami\u0119ci RAM w Wilnie, Kownie, K\u0142ajpedzie, Szawlach","robots":{"index":"index","follow":"follow","max-snippet":"max-snippet:-1","max-image-preview":"max-image-preview:large","max-video-preview":"max-video-preview:-1"},"canonical":"https:\/\/elmeistrai.lt\/pl\/kompiuteriu-remontas\/operatyviosios-atminties-ram-keitimas-remontas-papildymas\/","og_locale":"pl_PL","og_type":"article","og_title":"Operatyviosios atminties (RAM) keitimas, remontas, papildymas Vilniuje, Kaune, Klaip\u0117doje, \u0160iauliuose","og_description":"Operatyvioji RAM atmintis, tai yra tokia atmintis ne kurioje yra kaupiami duomenys pvz. filmai, dokumentai. Tai yra darbin\u0117 atmintis, \u012f...","og_url":"https:\/\/elmeistrai.lt\/pl\/kompiuteriu-remontas\/operatyviosios-atminties-ram-keitimas-remontas-papildymas\/","og_site_name":"Vilniuje, Kaune, Klaip\u0117doje, \u0160iauliuose","article_publisher":"https:\/\/www.facebook.com\/elmeistrai.lt\/","article_modified_time":"2022-11-17T09:22:01+00:00","og_image":[{"url":"https:\/\/elmeistrai.lt\/wp-content\/uploads\/2022\/11\/operatyvioji-atmintis-ram.jpg","type":"","width":"","height":""}],"twitter_card":"summary_large_image","twitter_misc":{"Szacowany czas czytania":"1 minuta"},"schema":{"@context":"https:\/\/schema.org","@graph":[{"@type":"NewsArticle","@id":"https:\/\/elmeistrai.lt\/kompiuteriu-remontas\/operatyviosios-atminties-ram-keitimas-remontas-papildymas\/#article","isPartOf":{"@id":"https:\/\/elmeistrai.lt\/kompiuteriu-remontas\/operatyviosios-atminties-ram-keitimas-remontas-papildymas\/"},"author":{"name":"elMeistrai","@id":"https:\/\/elmeistrai.lt\/#\/schema\/person\/6363b621eb9606785f7f2ae9a52987f7"},"headline":"Operatyviosios atminties (RAM) keitimas, remontas, papildymas","datePublished":"2022-11-17T09:22:00+00:00","dateModified":"2022-11-17T09:22:01+00:00","mainEntityOfPage":{"@id":"https:\/\/elmeistrai.lt\/kompiuteriu-remontas\/operatyviosios-atminties-ram-keitimas-remontas-papildymas\/"},"wordCount":220,"publisher":{"@id":"https:\/\/elmeistrai.lt\/#organization"},"image":{"@id":"https:\/\/elmeistrai.lt\/kompiuteriu-remontas\/operatyviosios-atminties-ram-keitimas-remontas-papildymas\/#primaryimage"},"thumbnailUrl":"https:\/\/elmeistrai.lt\/wp-content\/uploads\/2022\/11\/operatyvioji-atmintis-ram.jpg","inLanguage":"pl-PL"},{"@type":["WebPage","ItemPage"],"@id":"https:\/\/elmeistrai.lt\/kompiuteriu-remontas\/operatyviosios-atminties-ram-keitimas-remontas-papildymas\/","url":"https:\/\/elmeistrai.lt\/kompiuteriu-remontas\/operatyviosios-atminties-ram-keitimas-remontas-papildymas\/","name":"Wymiana, naprawa, uzupe\u0142nianie pami\u0119ci RAM w Wilnie, Kownie, K\u0142ajpedzie, Szawlach","isPartOf":{"@id":"https:\/\/elmeistrai.lt\/#website"},"primaryImageOfPage":{"@id":"https:\/\/elmeistrai.lt\/kompiuteriu-remontas\/operatyviosios-atminties-ram-keitimas-remontas-papildymas\/#primaryimage"},"image":{"@id":"https:\/\/elmeistrai.lt\/kompiuteriu-remontas\/operatyviosios-atminties-ram-keitimas-remontas-papildymas\/#primaryimage"},"thumbnailUrl":"https:\/\/elmeistrai.lt\/wp-content\/uploads\/2022\/11\/operatyvioji-atmintis-ram.jpg","datePublished":"2022-11-17T09:22:00+00:00","dateModified":"2022-11-17T09:22:01+00:00","breadcrumb":{"@id":"https:\/\/elmeistrai.lt\/kompiuteriu-remontas\/operatyviosios-atminties-ram-keitimas-remontas-papildymas\/#breadcrumb"},"inLanguage":"pl-PL","potentialAction":[{"@type":"ReadAction","target":["https:\/\/elmeistrai.lt\/kompiuteriu-remontas\/operatyviosios-atminties-ram-keitimas-remontas-papildymas\/"]}]},{"@type":"ImageObject","inLanguage":"pl-PL","@id":"https:\/\/elmeistrai.lt\/kompiuteriu-remontas\/operatyviosios-atminties-ram-keitimas-remontas-papildymas\/#primaryimage","url":"https:\/\/elmeistrai.lt\/wp-content\/uploads\/2022\/11\/operatyvioji-atmintis-ram.jpg","contentUrl":"https:\/\/elmeistrai.lt\/wp-content\/uploads\/2022\/11\/operatyvioji-atmintis-ram.jpg"},{"@type":"BreadcrumbList","@id":"https:\/\/elmeistrai.lt\/kompiuteriu-remontas\/operatyviosios-atminties-ram-keitimas-remontas-papildymas\/#breadcrumb","itemListElement":[{"@type":"ListItem","position":1,"name":"Home","item":"https:\/\/elmeistrai.lt\/"},{"@type":"ListItem","position":2,"name":"Profesionalus kompiuteri\u0173 remontas Vilniuje, Kaune, Klaip\u0117doje ir \u0160iauliuose","item":"https:\/\/elmeistrai.lt\/kompiuteriu-remontas\/"},{"@type":"ListItem","position":3,"name":"Operatyviosios atminties (RAM) keitimas, remontas, papildymas"}]},{"@type":"WebSite","@id":"https:\/\/elmeistrai.lt\/#website","url":"https:\/\/elmeistrai.lt\/","name":"Wilno, Kowno, K\u0142ajpeda, Szawle","description":"Naprawa elektroniki domowej i firmowej. Nape\u0142nianie kartrid\u017cy.","publisher":{"@id":"https:\/\/elmeistrai.lt\/#organization"},"potentialAction":[{"@type":"SearchAction","target":{"@type":"EntryPoint","urlTemplate":"https:\/\/elmeistrai.lt\/?s={search_term_string}"},"query-input":{"@type":"PropertyValueSpecification","valueRequired":true,"valueName":"search_term_string"}}],"inLanguage":"pl-PL"},{"@type":"Organization","@id":"https:\/\/elmeistrai.lt\/#organization","name":"elMeistrai.lt","alternateName":"Kavos aparat\u0173, paspirtuk\u0173, televizori\u0173, kompiuteri\u0173, telefon\u0173 ir kt. technikos remontas","url":"https:\/\/elmeistrai.lt\/","logo":{"@type":"ImageObject","inLanguage":"pl-PL","@id":"https:\/\/elmeistrai.lt\/#\/schema\/logo\/image\/","url":"https:\/\/elmeistrai.lt\/wp-content\/uploads\/2022\/09\/elmeistrai_logo.jpg","contentUrl":"https:\/\/elmeistrai.lt\/wp-content\/uploads\/2022\/09\/elmeistrai_logo.jpg","width":556,"height":143,"caption":"elMeistrai.lt"},"image":{"@id":"https:\/\/elmeistrai.lt\/#\/schema\/logo\/image\/"},"sameAs":["https:\/\/www.facebook.com\/elmeistrai.lt\/"]},{"@type":"Person","@id":"https:\/\/elmeistrai.lt\/#\/schema\/person\/6363b621eb9606785f7f2ae9a52987f7","name":"elMeistrai","image":{"@type":"ImageObject","inLanguage":"pl-PL","@id":"https:\/\/secure.gravatar.com\/avatar\/052f2d9640381d6904c5c0676ac3cc3d7ad734def78df3657e571451cad9870d?s=96&d=mm&r=g","url":"https:\/\/secure.gravatar.com\/avatar\/052f2d9640381d6904c5c0676ac3cc3d7ad734def78df3657e571451cad9870d?s=96&d=mm&r=g","contentUrl":"https:\/\/secure.gravatar.com\/avatar\/052f2d9640381d6904c5c0676ac3cc3d7ad734def78df3657e571451cad9870d?s=96&d=mm&r=g","caption":"elMeistrai"},"url":"https:\/\/elmeistrai.lt\/pl\/author\/yipkxe\/"}]}},"uagb_featured_image_src":{"full":false,"thumbnail":false,"medium":false,"medium_large":false,"large":false,"1536x1536":false,"2048x2048":false,"trp-custom-language-flag":false,"writemag-1218w-autoh-image":false,"writemag-675w-autoh-image":false,"writemag-100w-100h-image":false},"uagb_author_info":{"display_name":"elMeistrai","author_link":"https:\/\/elmeistrai.lt\/pl\/author\/yipkxe\/"},"uagb_comment_info":0,"uagb_excerpt":"Operatyvioji RAM atmintis, tai yra tokia atmintis ne kurioje yra kaupiami duomenys pvz. filmai, dokumentai. Tai yra darbin\u0117 atmintis, \u012f...","rttpg_featured_image_url":null,"rttpg_author":{"display_name":"elMeistrai","author_link":"https:\/\/elmeistrai.lt\/pl\/author\/yipkxe\/"},"rttpg_comment":0,"rttpg_category":null,"rttpg_excerpt":"Operatyvioji RAM atmintis, tai yra tokia atmintis ne kurioje yra kaupiami duomenys pvz. filmai, dokumentai. Tai yra darbin\u0117 atmintis, \u012f...","_links":{"self":[{"href":"https:\/\/elmeistrai.lt\/pl\/wp-json\/wp\/v2\/pages\/2071","targetHints":{"allow":["GET"]}}],"collection":[{"href":"https:\/\/elmeistrai.lt\/pl\/wp-json\/wp\/v2\/pages"}],"about":[{"href":"https:\/\/elmeistrai.lt\/pl\/wp-json\/wp\/v2\/types\/page"}],"author":[{"embeddable":true,"href":"https:\/\/elmeistrai.lt\/pl\/wp-json\/wp\/v2\/users\/1"}],"replies":[{"embeddable":true,"href":"https:\/\/elmeistrai.lt\/pl\/wp-json\/wp\/v2\/comments?post=2071"}],"version-history":[{"count":1,"href":"https:\/\/elmeistrai.lt\/pl\/wp-json\/wp\/v2\/pages\/2071\/revisions"}],"predecessor-version":[{"id":2073,"href":"https:\/\/elmeistrai.lt\/pl\/wp-json\/wp\/v2\/pages\/2071\/revisions\/2073"}],"up":[{"embeddable":true,"href":"https:\/\/elmeistrai.lt\/pl\/wp-json\/wp\/v2\/pages\/14"}],"wp:attachment":[{"href":"https:\/\/elmeistrai.lt\/pl\/wp-json\/wp\/v2\/media?parent=2071"}],"curies":[{"name":"wp","href":"https:\/\/api.w.org\/{rel}","templated":true}]}}