{"id":2057,"date":"2022-11-16T19:46:23","date_gmt":"2022-11-16T21:46:23","guid":{"rendered":"https:\/\/elmeistrai.lt\/?page_id=2057"},"modified":"2022-11-16T19:46:25","modified_gmt":"2022-11-16T21:46:25","slug":"kompiuteriu-ausinimo-sistemos-atnaujinimas-dulkiu-valymas","status":"publish","type":"page","link":"https:\/\/elmeistrai.lt\/pl\/kompiuteriu-remontas\/kompiuteriu-ausinimo-sistemos-atnaujinimas-dulkiu-valymas\/","title":{"rendered":"Modernizacja systemu ch\u0142odzenia komputera, czyszczenie z kurzu"},"content":{"rendered":"<p>Najcz\u0119stsz\u0105 przyczyn\u0105 awarii laptop\u00f3w i komputer\u00f3w stacjonarnych jest przegrzanie. Komputery przegrzewaj\u0105 si\u0119, poniewa\u017c system ch\u0142odzenia nie jest aktualizowany na czas. Modernizacja uk\u0142adu ch\u0142odzenia polega na oczyszczeniu z kurzu i innych zanieczyszcze\u0144 oraz wymianie zu\u017cytych starych termoplast\u00f3w w procesorze i innych ch\u0142odnicach na nowe. Przeprowadzana jest kontrola wizualna. Niestety bardzo niewielu u\u017cytkownik\u00f3w zadaje sobie trud, aby przynajmniej raz w roku przeprowadzi\u0107 profilaktyczn\u0105 modernizacj\u0119 uk\u0142adu ch\u0142odzenia i zg\u0142asza si\u0119 po ni\u0105 dopiero wtedy, gdy pojawi\u0105 si\u0119 pewne oznaki nieprawid\u0142owego dzia\u0142ania. Dobrym pomys\u0142em jest poproszenie o to, gdy komputer w\u0142a\u015bnie zacz\u0105\u0142 si\u0119 restartowa\u0107 itp. Je\u015bli jednak procedura jest jeszcze bardziej op\u00f3\u017aniona, zwykle nie tylko uk\u0142ad ch\u0142odzenia jest modernizowany, a kurz jest czyszczony, ale tak\u017ce inne usterki spowodowane tym musz\u0105 zosta\u0107 naprawione w pierwszej kolejno\u015bci.<\/p>\n\n\n\n<p>Zaleca si\u0119 czyszczenie komputera i wymian\u0119 termopada przynajmniej raz w roku. Wyobra\u017a sobie, ile kurzu znajduje si\u0119 w naszym otoczeniu. Gromadzi si\u0119 on r\u00f3wnie\u017c wewn\u0105trz komputera. Co wi\u0119cej, p\u0142ytki elektroniczne, przez kt\u00f3re przep\u0142ywa pr\u0105d, s\u0105 jak magnes dla kurzu, przyci\u0105gaj\u0105c go w ca\u0142o\u015bci. Gdy kurz gromadzi si\u0119 na szczeg\u00f3lnie wysokim poziomie, wentylatory nie s\u0105 ju\u017c w stanie ch\u0142odzi\u0107 komputera do wymaganego poziomu. Co wi\u0119cej, zu\u017cyta termopara jeszcze bardziej pogarsza sytuacj\u0119.<\/p>\n\n\n\n<p>Najcz\u0119stsze objawy, kt\u00f3re wymagaj\u0105 natychmiastowej modernizacji systemu ch\u0142odzenia komputera:<\/p>\n\n\n\n<ul class=\"wp-block-list\">\n<li>Niespodziewane ponowne uruchomienie komputera<\/li>\n\n\n\n<li>Komputer wy\u0142\u0105cza si\u0119 nieoczekiwanie<\/li>\n\n\n\n<li>Zwi\u0119kszony s\u0142yszalny szmer<\/li>\n<\/ul>\n\n\n\n<p>Przeprowadzamy modernizacje system\u00f3w ch\u0142odzenia i inne naprawy komputer\u00f3w w K\u0142ajpedzie, Kownie i Wilnie. <a href=\"\/pl\/kontaktai\/\">Nasze kontakty<\/a>.<\/p>\n\n\n\n<figure class=\"wp-block-image size-full\"><img loading=\"lazy\" decoding=\"async\" width=\"640\" height=\"424\" src=\"https:\/\/elmeistrai.lt\/wp-content\/uploads\/2022\/11\/dulkes-kompiuteryje.jpg\" alt=\"dulk\u0117s kompiuteryje\" class=\"wp-image-2058\" srcset=\"https:\/\/elmeistrai.lt\/wp-content\/uploads\/2022\/11\/dulkes-kompiuteryje.jpg 640w, https:\/\/elmeistrai.lt\/wp-content\/uploads\/2022\/11\/dulkes-kompiuteryje-300x199.jpg 300w\" sizes=\"auto, (max-width: 640px) 100vw, 640px\" \/><\/figure>","protected":false},"excerpt":{"rendered":"<p>Najcz\u0119stsz\u0105 przyczyn\u0105 awarii laptop\u00f3w i komputer\u00f3w stacjonarnych jest przegrzanie. Komputery przegrzewaj\u0105 si\u0119, poniewa\u017c system ch\u0142odzenia nie jest aktualizowany na czas....<\/p>","protected":false},"author":1,"featured_media":0,"parent":14,"menu_order":0,"comment_status":"closed","ping_status":"closed","template":"","meta":{"_uag_custom_page_level_css":"","footnotes":""},"class_list":["post-2057","page","type-page","status-publish","hentry"],"yoast_head":"<!-- This site is optimized with the Yoast SEO plugin v27.5 - https:\/\/yoast.com\/product\/yoast-seo-wordpress\/ -->\n<title>Kompiuteri\u0173 au\u0161inimo sistemos atnaujinimas, dulki\u0173 valymas Vilniuje, Kaune, Klaip\u0117doje, \u0160iauliuose<\/title>\n<meta name=\"robots\" content=\"index, follow, max-snippet:-1, max-image-preview:large, max-video-preview:-1\" \/>\n<link rel=\"canonical\" href=\"https:\/\/elmeistrai.lt\/pl\/kompiuteriu-remontas\/kompiuteriu-ausinimo-sistemos-atnaujinimas-dulkiu-valymas\/\" \/>\n<meta property=\"og:locale\" content=\"pl_PL\" \/>\n<meta property=\"og:type\" content=\"article\" \/>\n<meta property=\"og:title\" content=\"Kompiuteri\u0173 au\u0161inimo sistemos atnaujinimas, dulki\u0173 valymas Vilniuje, Kaune, Klaip\u0117doje, \u0160iauliuose\" \/>\n<meta property=\"og:description\" content=\"Pati da\u017eniausiai prie\u017eastis d\u0117l ko sugenda ne\u0161iojamieji ir stacionar\u016bs kompiuteriai yra perkaitimas. Kompiuteriai perkaista nes laiku n\u0117ra atnaujinama au\u0161inimo sistema....\" \/>\n<meta property=\"og:url\" content=\"https:\/\/elmeistrai.lt\/pl\/kompiuteriu-remontas\/kompiuteriu-ausinimo-sistemos-atnaujinimas-dulkiu-valymas\/\" \/>\n<meta property=\"og:site_name\" content=\"Vilniuje, Kaune, Klaip\u0117doje, \u0160iauliuose\" \/>\n<meta property=\"article:publisher\" content=\"https:\/\/www.facebook.com\/elmeistrai.lt\/\" \/>\n<meta property=\"article:modified_time\" content=\"2022-11-16T21:46:25+00:00\" \/>\n<meta property=\"og:image\" content=\"https:\/\/elmeistrai.lt\/wp-content\/uploads\/2022\/11\/dulkes-kompiuteryje.jpg\" \/>\n<meta name=\"twitter:card\" content=\"summary_large_image\" \/>\n<meta name=\"twitter:label1\" content=\"Szacowany czas czytania\" \/>\n\t<meta name=\"twitter:data1\" content=\"1 minuta\" \/>\n<script type=\"application\/ld+json\" class=\"yoast-schema-graph\">{\"@context\":\"https:\\\/\\\/schema.org\",\"@graph\":[{\"@type\":\"NewsArticle\",\"@id\":\"https:\\\/\\\/elmeistrai.lt\\\/kompiuteriu-remontas\\\/kompiuteriu-ausinimo-sistemos-atnaujinimas-dulkiu-valymas\\\/#article\",\"isPartOf\":{\"@id\":\"https:\\\/\\\/elmeistrai.lt\\\/kompiuteriu-remontas\\\/kompiuteriu-ausinimo-sistemos-atnaujinimas-dulkiu-valymas\\\/\"},\"author\":{\"name\":\"elMeistrai\",\"@id\":\"https:\\\/\\\/elmeistrai.lt\\\/#\\\/schema\\\/person\\\/6363b621eb9606785f7f2ae9a52987f7\"},\"headline\":\"Kompiuteri\u0173 au\u0161inimo sistemos atnaujinimas, dulki\u0173 valymas\",\"datePublished\":\"2022-11-16T21:46:23+00:00\",\"dateModified\":\"2022-11-16T21:46:25+00:00\",\"mainEntityOfPage\":{\"@id\":\"https:\\\/\\\/elmeistrai.lt\\\/kompiuteriu-remontas\\\/kompiuteriu-ausinimo-sistemos-atnaujinimas-dulkiu-valymas\\\/\"},\"wordCount\":262,\"publisher\":{\"@id\":\"https:\\\/\\\/elmeistrai.lt\\\/#organization\"},\"image\":{\"@id\":\"https:\\\/\\\/elmeistrai.lt\\\/kompiuteriu-remontas\\\/kompiuteriu-ausinimo-sistemos-atnaujinimas-dulkiu-valymas\\\/#primaryimage\"},\"thumbnailUrl\":\"https:\\\/\\\/elmeistrai.lt\\\/wp-content\\\/uploads\\\/2022\\\/11\\\/dulkes-kompiuteryje.jpg\",\"inLanguage\":\"pl-PL\"},{\"@type\":[\"WebPage\",\"ItemPage\"],\"@id\":\"https:\\\/\\\/elmeistrai.lt\\\/kompiuteriu-remontas\\\/kompiuteriu-ausinimo-sistemos-atnaujinimas-dulkiu-valymas\\\/\",\"url\":\"https:\\\/\\\/elmeistrai.lt\\\/kompiuteriu-remontas\\\/kompiuteriu-ausinimo-sistemos-atnaujinimas-dulkiu-valymas\\\/\",\"name\":\"Kompiuteri\u0173 au\u0161inimo sistemos atnaujinimas, dulki\u0173 valymas Vilniuje, Kaune, Klaip\u0117doje, \u0160iauliuose\",\"isPartOf\":{\"@id\":\"https:\\\/\\\/elmeistrai.lt\\\/#website\"},\"primaryImageOfPage\":{\"@id\":\"https:\\\/\\\/elmeistrai.lt\\\/kompiuteriu-remontas\\\/kompiuteriu-ausinimo-sistemos-atnaujinimas-dulkiu-valymas\\\/#primaryimage\"},\"image\":{\"@id\":\"https:\\\/\\\/elmeistrai.lt\\\/kompiuteriu-remontas\\\/kompiuteriu-ausinimo-sistemos-atnaujinimas-dulkiu-valymas\\\/#primaryimage\"},\"thumbnailUrl\":\"https:\\\/\\\/elmeistrai.lt\\\/wp-content\\\/uploads\\\/2022\\\/11\\\/dulkes-kompiuteryje.jpg\",\"datePublished\":\"2022-11-16T21:46:23+00:00\",\"dateModified\":\"2022-11-16T21:46:25+00:00\",\"breadcrumb\":{\"@id\":\"https:\\\/\\\/elmeistrai.lt\\\/kompiuteriu-remontas\\\/kompiuteriu-ausinimo-sistemos-atnaujinimas-dulkiu-valymas\\\/#breadcrumb\"},\"inLanguage\":\"pl-PL\",\"potentialAction\":[{\"@type\":\"ReadAction\",\"target\":[\"https:\\\/\\\/elmeistrai.lt\\\/kompiuteriu-remontas\\\/kompiuteriu-ausinimo-sistemos-atnaujinimas-dulkiu-valymas\\\/\"]}]},{\"@type\":\"ImageObject\",\"inLanguage\":\"pl-PL\",\"@id\":\"https:\\\/\\\/elmeistrai.lt\\\/kompiuteriu-remontas\\\/kompiuteriu-ausinimo-sistemos-atnaujinimas-dulkiu-valymas\\\/#primaryimage\",\"url\":\"https:\\\/\\\/elmeistrai.lt\\\/wp-content\\\/uploads\\\/2022\\\/11\\\/dulkes-kompiuteryje.jpg\",\"contentUrl\":\"https:\\\/\\\/elmeistrai.lt\\\/wp-content\\\/uploads\\\/2022\\\/11\\\/dulkes-kompiuteryje.jpg\"},{\"@type\":\"BreadcrumbList\",\"@id\":\"https:\\\/\\\/elmeistrai.lt\\\/kompiuteriu-remontas\\\/kompiuteriu-ausinimo-sistemos-atnaujinimas-dulkiu-valymas\\\/#breadcrumb\",\"itemListElement\":[{\"@type\":\"ListItem\",\"position\":1,\"name\":\"Home\",\"item\":\"https:\\\/\\\/elmeistrai.lt\\\/\"},{\"@type\":\"ListItem\",\"position\":2,\"name\":\"Profesionalus kompiuteri\u0173 remontas Vilniuje, Kaune, Klaip\u0117doje ir \u0160iauliuose\",\"item\":\"https:\\\/\\\/elmeistrai.lt\\\/kompiuteriu-remontas\\\/\"},{\"@type\":\"ListItem\",\"position\":3,\"name\":\"Kompiuteri\u0173 au\u0161inimo sistemos atnaujinimas, dulki\u0173 valymas\"}]},{\"@type\":\"WebSite\",\"@id\":\"https:\\\/\\\/elmeistrai.lt\\\/#website\",\"url\":\"https:\\\/\\\/elmeistrai.lt\\\/\",\"name\":\"Vilniuje, Kaune, Klaip\u0117doje, \u0160iauliuose\",\"description\":\"Nam\u0173 ir verslo elektronikos prietais\u0173 remontas. Kase\u010di\u0173 pildymas.\",\"publisher\":{\"@id\":\"https:\\\/\\\/elmeistrai.lt\\\/#organization\"},\"potentialAction\":[{\"@type\":\"SearchAction\",\"target\":{\"@type\":\"EntryPoint\",\"urlTemplate\":\"https:\\\/\\\/elmeistrai.lt\\\/?s={search_term_string}\"},\"query-input\":{\"@type\":\"PropertyValueSpecification\",\"valueRequired\":true,\"valueName\":\"search_term_string\"}}],\"inLanguage\":\"pl-PL\"},{\"@type\":\"Organization\",\"@id\":\"https:\\\/\\\/elmeistrai.lt\\\/#organization\",\"name\":\"elMeistrai.lt\",\"alternateName\":\"Kavos aparat\u0173, paspirtuk\u0173, televizori\u0173, kompiuteri\u0173, telefon\u0173 ir kt. technikos remontas\",\"url\":\"https:\\\/\\\/elmeistrai.lt\\\/\",\"logo\":{\"@type\":\"ImageObject\",\"inLanguage\":\"pl-PL\",\"@id\":\"https:\\\/\\\/elmeistrai.lt\\\/#\\\/schema\\\/logo\\\/image\\\/\",\"url\":\"https:\\\/\\\/elmeistrai.lt\\\/wp-content\\\/uploads\\\/2022\\\/09\\\/elmeistrai_logo.jpg\",\"contentUrl\":\"https:\\\/\\\/elmeistrai.lt\\\/wp-content\\\/uploads\\\/2022\\\/09\\\/elmeistrai_logo.jpg\",\"width\":556,\"height\":143,\"caption\":\"elMeistrai.lt\"},\"image\":{\"@id\":\"https:\\\/\\\/elmeistrai.lt\\\/#\\\/schema\\\/logo\\\/image\\\/\"},\"sameAs\":[\"https:\\\/\\\/www.facebook.com\\\/elmeistrai.lt\\\/\"]},{\"@type\":\"Person\",\"@id\":\"https:\\\/\\\/elmeistrai.lt\\\/#\\\/schema\\\/person\\\/6363b621eb9606785f7f2ae9a52987f7\",\"name\":\"elMeistrai\",\"image\":{\"@type\":\"ImageObject\",\"inLanguage\":\"pl-PL\",\"@id\":\"https:\\\/\\\/secure.gravatar.com\\\/avatar\\\/052f2d9640381d6904c5c0676ac3cc3d7ad734def78df3657e571451cad9870d?s=96&d=mm&r=g\",\"url\":\"https:\\\/\\\/secure.gravatar.com\\\/avatar\\\/052f2d9640381d6904c5c0676ac3cc3d7ad734def78df3657e571451cad9870d?s=96&d=mm&r=g\",\"contentUrl\":\"https:\\\/\\\/secure.gravatar.com\\\/avatar\\\/052f2d9640381d6904c5c0676ac3cc3d7ad734def78df3657e571451cad9870d?s=96&d=mm&r=g\",\"caption\":\"elMeistrai\"},\"url\":\"https:\\\/\\\/elmeistrai.lt\\\/pl\\\/author\\\/yipkxe\\\/\"}]}<\/script>\n<!-- \/ Yoast SEO plugin. -->","yoast_head_json":{"title":"Modernizacja komputerowego systemu ch\u0142odzenia, czyszczenie z kurzu w Wilnie, Kownie, K\u0142ajpedzie, Szawlach","robots":{"index":"index","follow":"follow","max-snippet":"max-snippet:-1","max-image-preview":"max-image-preview:large","max-video-preview":"max-video-preview:-1"},"canonical":"https:\/\/elmeistrai.lt\/pl\/kompiuteriu-remontas\/kompiuteriu-ausinimo-sistemos-atnaujinimas-dulkiu-valymas\/","og_locale":"pl_PL","og_type":"article","og_title":"Kompiuteri\u0173 au\u0161inimo sistemos atnaujinimas, dulki\u0173 valymas Vilniuje, Kaune, Klaip\u0117doje, \u0160iauliuose","og_description":"Pati da\u017eniausiai prie\u017eastis d\u0117l ko sugenda ne\u0161iojamieji ir stacionar\u016bs kompiuteriai yra perkaitimas. Kompiuteriai perkaista nes laiku n\u0117ra atnaujinama au\u0161inimo sistema....","og_url":"https:\/\/elmeistrai.lt\/pl\/kompiuteriu-remontas\/kompiuteriu-ausinimo-sistemos-atnaujinimas-dulkiu-valymas\/","og_site_name":"Vilniuje, Kaune, Klaip\u0117doje, \u0160iauliuose","article_publisher":"https:\/\/www.facebook.com\/elmeistrai.lt\/","article_modified_time":"2022-11-16T21:46:25+00:00","og_image":[{"url":"https:\/\/elmeistrai.lt\/wp-content\/uploads\/2022\/11\/dulkes-kompiuteryje.jpg","type":"","width":"","height":""}],"twitter_card":"summary_large_image","twitter_misc":{"Szacowany czas czytania":"1 minuta"},"schema":{"@context":"https:\/\/schema.org","@graph":[{"@type":"NewsArticle","@id":"https:\/\/elmeistrai.lt\/kompiuteriu-remontas\/kompiuteriu-ausinimo-sistemos-atnaujinimas-dulkiu-valymas\/#article","isPartOf":{"@id":"https:\/\/elmeistrai.lt\/kompiuteriu-remontas\/kompiuteriu-ausinimo-sistemos-atnaujinimas-dulkiu-valymas\/"},"author":{"name":"elMeistrai","@id":"https:\/\/elmeistrai.lt\/#\/schema\/person\/6363b621eb9606785f7f2ae9a52987f7"},"headline":"Kompiuteri\u0173 au\u0161inimo sistemos atnaujinimas, dulki\u0173 valymas","datePublished":"2022-11-16T21:46:23+00:00","dateModified":"2022-11-16T21:46:25+00:00","mainEntityOfPage":{"@id":"https:\/\/elmeistrai.lt\/kompiuteriu-remontas\/kompiuteriu-ausinimo-sistemos-atnaujinimas-dulkiu-valymas\/"},"wordCount":262,"publisher":{"@id":"https:\/\/elmeistrai.lt\/#organization"},"image":{"@id":"https:\/\/elmeistrai.lt\/kompiuteriu-remontas\/kompiuteriu-ausinimo-sistemos-atnaujinimas-dulkiu-valymas\/#primaryimage"},"thumbnailUrl":"https:\/\/elmeistrai.lt\/wp-content\/uploads\/2022\/11\/dulkes-kompiuteryje.jpg","inLanguage":"pl-PL"},{"@type":["WebPage","ItemPage"],"@id":"https:\/\/elmeistrai.lt\/kompiuteriu-remontas\/kompiuteriu-ausinimo-sistemos-atnaujinimas-dulkiu-valymas\/","url":"https:\/\/elmeistrai.lt\/kompiuteriu-remontas\/kompiuteriu-ausinimo-sistemos-atnaujinimas-dulkiu-valymas\/","name":"Modernizacja komputerowego systemu ch\u0142odzenia, czyszczenie z kurzu w Wilnie, Kownie, K\u0142ajpedzie, Szawlach","isPartOf":{"@id":"https:\/\/elmeistrai.lt\/#website"},"primaryImageOfPage":{"@id":"https:\/\/elmeistrai.lt\/kompiuteriu-remontas\/kompiuteriu-ausinimo-sistemos-atnaujinimas-dulkiu-valymas\/#primaryimage"},"image":{"@id":"https:\/\/elmeistrai.lt\/kompiuteriu-remontas\/kompiuteriu-ausinimo-sistemos-atnaujinimas-dulkiu-valymas\/#primaryimage"},"thumbnailUrl":"https:\/\/elmeistrai.lt\/wp-content\/uploads\/2022\/11\/dulkes-kompiuteryje.jpg","datePublished":"2022-11-16T21:46:23+00:00","dateModified":"2022-11-16T21:46:25+00:00","breadcrumb":{"@id":"https:\/\/elmeistrai.lt\/kompiuteriu-remontas\/kompiuteriu-ausinimo-sistemos-atnaujinimas-dulkiu-valymas\/#breadcrumb"},"inLanguage":"pl-PL","potentialAction":[{"@type":"ReadAction","target":["https:\/\/elmeistrai.lt\/kompiuteriu-remontas\/kompiuteriu-ausinimo-sistemos-atnaujinimas-dulkiu-valymas\/"]}]},{"@type":"ImageObject","inLanguage":"pl-PL","@id":"https:\/\/elmeistrai.lt\/kompiuteriu-remontas\/kompiuteriu-ausinimo-sistemos-atnaujinimas-dulkiu-valymas\/#primaryimage","url":"https:\/\/elmeistrai.lt\/wp-content\/uploads\/2022\/11\/dulkes-kompiuteryje.jpg","contentUrl":"https:\/\/elmeistrai.lt\/wp-content\/uploads\/2022\/11\/dulkes-kompiuteryje.jpg"},{"@type":"BreadcrumbList","@id":"https:\/\/elmeistrai.lt\/kompiuteriu-remontas\/kompiuteriu-ausinimo-sistemos-atnaujinimas-dulkiu-valymas\/#breadcrumb","itemListElement":[{"@type":"ListItem","position":1,"name":"Home","item":"https:\/\/elmeistrai.lt\/"},{"@type":"ListItem","position":2,"name":"Profesionalus kompiuteri\u0173 remontas Vilniuje, Kaune, Klaip\u0117doje ir \u0160iauliuose","item":"https:\/\/elmeistrai.lt\/kompiuteriu-remontas\/"},{"@type":"ListItem","position":3,"name":"Kompiuteri\u0173 au\u0161inimo sistemos atnaujinimas, dulki\u0173 valymas"}]},{"@type":"WebSite","@id":"https:\/\/elmeistrai.lt\/#website","url":"https:\/\/elmeistrai.lt\/","name":"Wilno, Kowno, K\u0142ajpeda, Szawle","description":"Naprawa elektroniki domowej i firmowej. Nape\u0142nianie kartrid\u017cy.","publisher":{"@id":"https:\/\/elmeistrai.lt\/#organization"},"potentialAction":[{"@type":"SearchAction","target":{"@type":"EntryPoint","urlTemplate":"https:\/\/elmeistrai.lt\/?s={search_term_string}"},"query-input":{"@type":"PropertyValueSpecification","valueRequired":true,"valueName":"search_term_string"}}],"inLanguage":"pl-PL"},{"@type":"Organization","@id":"https:\/\/elmeistrai.lt\/#organization","name":"elMeistrai.lt","alternateName":"Kavos aparat\u0173, paspirtuk\u0173, televizori\u0173, kompiuteri\u0173, telefon\u0173 ir kt. technikos remontas","url":"https:\/\/elmeistrai.lt\/","logo":{"@type":"ImageObject","inLanguage":"pl-PL","@id":"https:\/\/elmeistrai.lt\/#\/schema\/logo\/image\/","url":"https:\/\/elmeistrai.lt\/wp-content\/uploads\/2022\/09\/elmeistrai_logo.jpg","contentUrl":"https:\/\/elmeistrai.lt\/wp-content\/uploads\/2022\/09\/elmeistrai_logo.jpg","width":556,"height":143,"caption":"elMeistrai.lt"},"image":{"@id":"https:\/\/elmeistrai.lt\/#\/schema\/logo\/image\/"},"sameAs":["https:\/\/www.facebook.com\/elmeistrai.lt\/"]},{"@type":"Person","@id":"https:\/\/elmeistrai.lt\/#\/schema\/person\/6363b621eb9606785f7f2ae9a52987f7","name":"elMeistrai","image":{"@type":"ImageObject","inLanguage":"pl-PL","@id":"https:\/\/secure.gravatar.com\/avatar\/052f2d9640381d6904c5c0676ac3cc3d7ad734def78df3657e571451cad9870d?s=96&d=mm&r=g","url":"https:\/\/secure.gravatar.com\/avatar\/052f2d9640381d6904c5c0676ac3cc3d7ad734def78df3657e571451cad9870d?s=96&d=mm&r=g","contentUrl":"https:\/\/secure.gravatar.com\/avatar\/052f2d9640381d6904c5c0676ac3cc3d7ad734def78df3657e571451cad9870d?s=96&d=mm&r=g","caption":"elMeistrai"},"url":"https:\/\/elmeistrai.lt\/pl\/author\/yipkxe\/"}]}},"uagb_featured_image_src":{"full":false,"thumbnail":false,"medium":false,"medium_large":false,"large":false,"1536x1536":false,"2048x2048":false,"trp-custom-language-flag":false,"writemag-1218w-autoh-image":false,"writemag-675w-autoh-image":false,"writemag-100w-100h-image":false},"uagb_author_info":{"display_name":"elMeistrai","author_link":"https:\/\/elmeistrai.lt\/pl\/author\/yipkxe\/"},"uagb_comment_info":0,"uagb_excerpt":"Pati da\u017eniausiai prie\u017eastis d\u0117l ko sugenda ne\u0161iojamieji ir stacionar\u016bs kompiuteriai yra perkaitimas. Kompiuteriai perkaista nes laiku n\u0117ra atnaujinama au\u0161inimo sistema....","rttpg_featured_image_url":null,"rttpg_author":{"display_name":"elMeistrai","author_link":"https:\/\/elmeistrai.lt\/pl\/author\/yipkxe\/"},"rttpg_comment":0,"rttpg_category":null,"rttpg_excerpt":"Pati da\u017eniausiai prie\u017eastis d\u0117l ko sugenda ne\u0161iojamieji ir stacionar\u016bs kompiuteriai yra perkaitimas. Kompiuteriai perkaista nes laiku n\u0117ra atnaujinama au\u0161inimo sistema....","_links":{"self":[{"href":"https:\/\/elmeistrai.lt\/pl\/wp-json\/wp\/v2\/pages\/2057","targetHints":{"allow":["GET"]}}],"collection":[{"href":"https:\/\/elmeistrai.lt\/pl\/wp-json\/wp\/v2\/pages"}],"about":[{"href":"https:\/\/elmeistrai.lt\/pl\/wp-json\/wp\/v2\/types\/page"}],"author":[{"embeddable":true,"href":"https:\/\/elmeistrai.lt\/pl\/wp-json\/wp\/v2\/users\/1"}],"replies":[{"embeddable":true,"href":"https:\/\/elmeistrai.lt\/pl\/wp-json\/wp\/v2\/comments?post=2057"}],"version-history":[{"count":1,"href":"https:\/\/elmeistrai.lt\/pl\/wp-json\/wp\/v2\/pages\/2057\/revisions"}],"predecessor-version":[{"id":2059,"href":"https:\/\/elmeistrai.lt\/pl\/wp-json\/wp\/v2\/pages\/2057\/revisions\/2059"}],"up":[{"embeddable":true,"href":"https:\/\/elmeistrai.lt\/pl\/wp-json\/wp\/v2\/pages\/14"}],"wp:attachment":[{"href":"https:\/\/elmeistrai.lt\/pl\/wp-json\/wp\/v2\/media?parent=2057"}],"curies":[{"name":"wp","href":"https:\/\/api.w.org\/{rel}","templated":true}]}}