{"id":1964,"date":"2022-09-29T13:56:45","date_gmt":"2022-09-29T15:56:45","guid":{"rendered":"https:\/\/elmeistrai.lt\/?page_id=1964"},"modified":"2022-09-29T14:18:32","modified_gmt":"2022-09-29T16:18:32","slug":"kompiuteriu-techninis-modernizavimas-pagerinimas","status":"publish","type":"page","link":"https:\/\/elmeistrai.lt\/pl\/kompiuteriu-remontas\/kompiuteriu-techninis-modernizavimas-pagerinimas\/","title":{"rendered":"Modernizacja techniczna - ulepszenie komputer\u00f3w"},"content":{"rendered":"<p>Istniej\u0105 3 g\u0142\u00f3wne powody, dla kt\u00f3rych warto modernizowa\u0107 komputery:<\/p>\n\n\n\n<ol class=\"wp-block-list\"><li>W przypadku zakupu nowego komputera, kt\u00f3ry nie jest wydajnie wyposa\u017cony lub nie ma wymaganej funkcjonalno\u015bci, mo\u017cliwe jest znaczne zwi\u0119kszenie szybko\u015bci komputera lub dostosowanie go do bie\u017c\u0105cych potrzeb przy stosunkowo niewielkich kosztach. <br><br>Przyk\u0142ady:<br><em>- Zbyt ma\u0142a ilo\u015b\u0107 pami\u0119ci RAM sprawia\u0142a, \u017ce komputer dzia\u0142a\u0142 zbyt wolno.<br>- Dysk twardy by\u0142 zbyt ma\u0142y i szybko si\u0119 zape\u0142nia\u0142, co znacznie spowalnia\u0142o prac\u0119.<br>- Procesor jest \u017ale zaprojektowany, nagrzewa si\u0119 i dzia\u0142a bardzo wolno.<br>- Modu\u0142 mobilnego Internetu nie by\u0142 zainstalowany, co uniemo\u017cliwia\u0142o po\u0142\u0105czenie si\u0119 z mobilnym Internetem nawet przy u\u017cyciu karty SIM.<br>- Z\u0142o\u017cono matryc\u0119 niskiej jako\u015bci.<\/em><br>&#8211; <em>Do\u0142\u0105czona bateria by\u0142a bateri\u0105 o bardzo niskiej pojemno\u015bci, kt\u00f3r\u0105 mo\u017cna zast\u0105pi\u0107 bateri\u0105 o wy\u017cszej pojemno\u015bci.<\/em><br><br><\/li><li>Jaki\u015b czas po tym, jak komputer by\u0142 nowy, pojawi\u0142y si\u0119 pewne komponenty, kt\u00f3re kiedy\u015b kosztowa\u0142y znacznie wi\u0119cej, ale teraz s\u0105 znacznie ta\u0144sze i znacznie poprawiaj\u0105 wydajno\u015b\u0107 komputera. <br><br><em>Jedn\u0105 z najskuteczniejszych modernizacji jest zast\u0105pienie starego mechanicznego dysku twardego nowoczesnym dyskiem SSD.<\/em><br><br><\/li><li>Niekt\u00f3re podzespo\u0142y komputera zu\u017cywaj\u0105 si\u0119 stosunkowo szybko w por\u00f3wnaniu do innych cz\u0119\u015bci, kt\u00f3re zu\u017cywaj\u0105 si\u0119 praktycznie w tym samym tempie.<br><br><em>Najcz\u0119stszym sposobem jest wymiana baterii. Mo\u017cna j\u0105 zast\u0105pi\u0107 bateri\u0105 o takiej samej lub wi\u0119kszej pojemno\u015bci ni\u017c nowa.<\/em><\/li><\/ol>\n\n\n\n<h2 class=\"wp-block-heading\">Jak zmodernizowa\u0107 komputer<\/h2>\n\n\n\n<ol class=\"wp-block-list\"><li>Okre\u015blenie, co nale\u017cy poprawi\u0107 i dlaczego. Na przyk\u0142ad, je\u015bli jest zbyt wolny lub brakuje mu pewnych funkcji.<\/li><li>Brygadzista okre\u015bla, co jest wykonalne i przedstawia wycen\u0119. Czasami modernizacja mo\u017ce nie by\u0107 skuteczna lub oferowane s\u0105 alternatywne rozwi\u0105zania. Poszukiwana jest najlepsza opcja. Wyci\u0105gane s\u0105 wnioski.<\/li><li>Po uzgodnieniu szacunk\u00f3w i prac przeprowadzane s\u0105 aktualizacje: komponenty s\u0105 wymieniane, instalowane s\u0105 nowe, a wszystko jest konfigurowane i harmonizowane.<\/li><li>Ciesz si\u0119 komputerem, kt\u00f3ry jest jeszcze lepszy ni\u017c wtedy, gdy by\u0142 nowy.<\/li><\/ol>\n\n\n\n<figure class=\"wp-block-image size-full\"><img loading=\"lazy\" decoding=\"async\" width=\"640\" height=\"427\" src=\"https:\/\/elmeistrai.lt\/wp-content\/uploads\/2022\/09\/kompiuterio-modernizavimas-atnaujinimas.jpg\" alt=\"Kompiuterio modernizavimas - atnaujinimas\" class=\"wp-image-1972\" srcset=\"https:\/\/elmeistrai.lt\/wp-content\/uploads\/2022\/09\/kompiuterio-modernizavimas-atnaujinimas.jpg 640w, https:\/\/elmeistrai.lt\/wp-content\/uploads\/2022\/09\/kompiuterio-modernizavimas-atnaujinimas-300x200.jpg 300w\" sizes=\"auto, (max-width: 640px) 100vw, 640px\" \/><\/figure>","protected":false},"excerpt":{"rendered":"<p>Modernizacja komputera jest zwykle op\u0142acalna w trzech sytuacjach: gdy komputer kupiony jako nowy nie by\u0142 wydajnie wyposa\u017cony lub nie posiada\u0142 pewnych funkcji, kt\u00f3rych potrzebowa\u0142e\u015b....<\/p>","protected":false},"author":1,"featured_media":0,"parent":14,"menu_order":0,"comment_status":"closed","ping_status":"closed","template":"","meta":{"_uag_custom_page_level_css":"","footnotes":""},"class_list":["post-1964","page","type-page","status-publish","hentry"],"yoast_head":"<!-- This site is optimized with the Yoast SEO plugin v27.5 - https:\/\/yoast.com\/product\/yoast-seo-wordpress\/ -->\n<title>Kompiuteri\u0173 techninis modernizavimas - pagerinimas Vilniuje, Kaune, Klaip\u0117doje, \u0160iauliuose<\/title>\n<meta name=\"robots\" content=\"index, follow, max-snippet:-1, max-image-preview:large, max-video-preview:-1\" \/>\n<link rel=\"canonical\" href=\"https:\/\/elmeistrai.lt\/pl\/kompiuteriu-remontas\/kompiuteriu-techninis-modernizavimas-pagerinimas\/\" \/>\n<meta property=\"og:locale\" content=\"pl_PL\" \/>\n<meta property=\"og:type\" content=\"article\" \/>\n<meta property=\"og:title\" content=\"Kompiuteri\u0173 techninis modernizavimas - pagerinimas Vilniuje, Kaune, Klaip\u0117doje, \u0160iauliuose\" \/>\n<meta property=\"og:description\" content=\"Kompiuterius modernizuoti da\u017eniausiai verta 3 atvejais: Kai jau naujas pirktas kompiuteris nebuvo efektyviai sukomplektuotas ar netur\u0117jo tam tikro reikiamo funkcionalumo...\" \/>\n<meta property=\"og:url\" content=\"https:\/\/elmeistrai.lt\/pl\/kompiuteriu-remontas\/kompiuteriu-techninis-modernizavimas-pagerinimas\/\" \/>\n<meta property=\"og:site_name\" content=\"Vilniuje, Kaune, Klaip\u0117doje, \u0160iauliuose\" \/>\n<meta property=\"article:publisher\" content=\"https:\/\/www.facebook.com\/elmeistrai.lt\/\" \/>\n<meta property=\"article:modified_time\" content=\"2022-09-29T16:18:32+00:00\" \/>\n<meta property=\"og:image\" content=\"https:\/\/elmeistrai.lt\/wp-content\/uploads\/2022\/09\/kompiuterio-modernizavimas-atnaujinimas.jpg\" \/>\n<meta name=\"twitter:card\" content=\"summary_large_image\" \/>\n<meta name=\"twitter:label1\" content=\"Szacowany czas czytania\" \/>\n\t<meta name=\"twitter:data1\" content=\"1 minuta\" \/>\n<script type=\"application\/ld+json\" class=\"yoast-schema-graph\">{\"@context\":\"https:\\\/\\\/schema.org\",\"@graph\":[{\"@type\":\"NewsArticle\",\"@id\":\"https:\\\/\\\/elmeistrai.lt\\\/kompiuteriu-remontas\\\/kompiuteriu-techninis-modernizavimas-pagerinimas\\\/#article\",\"isPartOf\":{\"@id\":\"https:\\\/\\\/elmeistrai.lt\\\/kompiuteriu-remontas\\\/kompiuteriu-techninis-modernizavimas-pagerinimas\\\/\"},\"author\":{\"name\":\"elMeistrai\",\"@id\":\"https:\\\/\\\/elmeistrai.lt\\\/#\\\/schema\\\/person\\\/6363b621eb9606785f7f2ae9a52987f7\"},\"headline\":\"Kompiuteri\u0173 techninis modernizavimas &#8211; pagerinimas\",\"datePublished\":\"2022-09-29T15:56:45+00:00\",\"dateModified\":\"2022-09-29T16:18:32+00:00\",\"mainEntityOfPage\":{\"@id\":\"https:\\\/\\\/elmeistrai.lt\\\/kompiuteriu-remontas\\\/kompiuteriu-techninis-modernizavimas-pagerinimas\\\/\"},\"wordCount\":303,\"publisher\":{\"@id\":\"https:\\\/\\\/elmeistrai.lt\\\/#organization\"},\"image\":{\"@id\":\"https:\\\/\\\/elmeistrai.lt\\\/kompiuteriu-remontas\\\/kompiuteriu-techninis-modernizavimas-pagerinimas\\\/#primaryimage\"},\"thumbnailUrl\":\"https:\\\/\\\/elmeistrai.lt\\\/wp-content\\\/uploads\\\/2022\\\/09\\\/kompiuterio-modernizavimas-atnaujinimas.jpg\",\"inLanguage\":\"pl-PL\"},{\"@type\":[\"WebPage\",\"ItemPage\"],\"@id\":\"https:\\\/\\\/elmeistrai.lt\\\/kompiuteriu-remontas\\\/kompiuteriu-techninis-modernizavimas-pagerinimas\\\/\",\"url\":\"https:\\\/\\\/elmeistrai.lt\\\/kompiuteriu-remontas\\\/kompiuteriu-techninis-modernizavimas-pagerinimas\\\/\",\"name\":\"Kompiuteri\u0173 techninis modernizavimas - pagerinimas Vilniuje, Kaune, Klaip\u0117doje, \u0160iauliuose\",\"isPartOf\":{\"@id\":\"https:\\\/\\\/elmeistrai.lt\\\/#website\"},\"primaryImageOfPage\":{\"@id\":\"https:\\\/\\\/elmeistrai.lt\\\/kompiuteriu-remontas\\\/kompiuteriu-techninis-modernizavimas-pagerinimas\\\/#primaryimage\"},\"image\":{\"@id\":\"https:\\\/\\\/elmeistrai.lt\\\/kompiuteriu-remontas\\\/kompiuteriu-techninis-modernizavimas-pagerinimas\\\/#primaryimage\"},\"thumbnailUrl\":\"https:\\\/\\\/elmeistrai.lt\\\/wp-content\\\/uploads\\\/2022\\\/09\\\/kompiuterio-modernizavimas-atnaujinimas.jpg\",\"datePublished\":\"2022-09-29T15:56:45+00:00\",\"dateModified\":\"2022-09-29T16:18:32+00:00\",\"breadcrumb\":{\"@id\":\"https:\\\/\\\/elmeistrai.lt\\\/kompiuteriu-remontas\\\/kompiuteriu-techninis-modernizavimas-pagerinimas\\\/#breadcrumb\"},\"inLanguage\":\"pl-PL\",\"potentialAction\":[{\"@type\":\"ReadAction\",\"target\":[\"https:\\\/\\\/elmeistrai.lt\\\/kompiuteriu-remontas\\\/kompiuteriu-techninis-modernizavimas-pagerinimas\\\/\"]}]},{\"@type\":\"ImageObject\",\"inLanguage\":\"pl-PL\",\"@id\":\"https:\\\/\\\/elmeistrai.lt\\\/kompiuteriu-remontas\\\/kompiuteriu-techninis-modernizavimas-pagerinimas\\\/#primaryimage\",\"url\":\"https:\\\/\\\/elmeistrai.lt\\\/wp-content\\\/uploads\\\/2022\\\/09\\\/kompiuterio-modernizavimas-atnaujinimas.jpg\",\"contentUrl\":\"https:\\\/\\\/elmeistrai.lt\\\/wp-content\\\/uploads\\\/2022\\\/09\\\/kompiuterio-modernizavimas-atnaujinimas.jpg\"},{\"@type\":\"BreadcrumbList\",\"@id\":\"https:\\\/\\\/elmeistrai.lt\\\/kompiuteriu-remontas\\\/kompiuteriu-techninis-modernizavimas-pagerinimas\\\/#breadcrumb\",\"itemListElement\":[{\"@type\":\"ListItem\",\"position\":1,\"name\":\"Home\",\"item\":\"https:\\\/\\\/elmeistrai.lt\\\/\"},{\"@type\":\"ListItem\",\"position\":2,\"name\":\"Profesionalus kompiuteri\u0173 remontas Vilniuje, Kaune, Klaip\u0117doje ir \u0160iauliuose\",\"item\":\"https:\\\/\\\/elmeistrai.lt\\\/kompiuteriu-remontas\\\/\"},{\"@type\":\"ListItem\",\"position\":3,\"name\":\"Kompiuteri\u0173 techninis modernizavimas &#8211; pagerinimas\"}]},{\"@type\":\"WebSite\",\"@id\":\"https:\\\/\\\/elmeistrai.lt\\\/#website\",\"url\":\"https:\\\/\\\/elmeistrai.lt\\\/\",\"name\":\"Vilniuje, Kaune, Klaip\u0117doje, \u0160iauliuose\",\"description\":\"Nam\u0173 ir verslo elektronikos prietais\u0173 remontas. Kase\u010di\u0173 pildymas.\",\"publisher\":{\"@id\":\"https:\\\/\\\/elmeistrai.lt\\\/#organization\"},\"potentialAction\":[{\"@type\":\"SearchAction\",\"target\":{\"@type\":\"EntryPoint\",\"urlTemplate\":\"https:\\\/\\\/elmeistrai.lt\\\/?s={search_term_string}\"},\"query-input\":{\"@type\":\"PropertyValueSpecification\",\"valueRequired\":true,\"valueName\":\"search_term_string\"}}],\"inLanguage\":\"pl-PL\"},{\"@type\":\"Organization\",\"@id\":\"https:\\\/\\\/elmeistrai.lt\\\/#organization\",\"name\":\"elMeistrai.lt\",\"alternateName\":\"Kavos aparat\u0173, paspirtuk\u0173, televizori\u0173, kompiuteri\u0173, telefon\u0173 ir kt. technikos remontas\",\"url\":\"https:\\\/\\\/elmeistrai.lt\\\/\",\"logo\":{\"@type\":\"ImageObject\",\"inLanguage\":\"pl-PL\",\"@id\":\"https:\\\/\\\/elmeistrai.lt\\\/#\\\/schema\\\/logo\\\/image\\\/\",\"url\":\"https:\\\/\\\/elmeistrai.lt\\\/wp-content\\\/uploads\\\/2022\\\/09\\\/elmeistrai_logo.jpg\",\"contentUrl\":\"https:\\\/\\\/elmeistrai.lt\\\/wp-content\\\/uploads\\\/2022\\\/09\\\/elmeistrai_logo.jpg\",\"width\":556,\"height\":143,\"caption\":\"elMeistrai.lt\"},\"image\":{\"@id\":\"https:\\\/\\\/elmeistrai.lt\\\/#\\\/schema\\\/logo\\\/image\\\/\"},\"sameAs\":[\"https:\\\/\\\/www.facebook.com\\\/elmeistrai.lt\\\/\"]},{\"@type\":\"Person\",\"@id\":\"https:\\\/\\\/elmeistrai.lt\\\/#\\\/schema\\\/person\\\/6363b621eb9606785f7f2ae9a52987f7\",\"name\":\"elMeistrai\",\"image\":{\"@type\":\"ImageObject\",\"inLanguage\":\"pl-PL\",\"@id\":\"https:\\\/\\\/secure.gravatar.com\\\/avatar\\\/052f2d9640381d6904c5c0676ac3cc3d7ad734def78df3657e571451cad9870d?s=96&d=mm&r=g\",\"url\":\"https:\\\/\\\/secure.gravatar.com\\\/avatar\\\/052f2d9640381d6904c5c0676ac3cc3d7ad734def78df3657e571451cad9870d?s=96&d=mm&r=g\",\"contentUrl\":\"https:\\\/\\\/secure.gravatar.com\\\/avatar\\\/052f2d9640381d6904c5c0676ac3cc3d7ad734def78df3657e571451cad9870d?s=96&d=mm&r=g\",\"caption\":\"elMeistrai\"},\"url\":\"https:\\\/\\\/elmeistrai.lt\\\/pl\\\/author\\\/yipkxe\\\/\"}]}<\/script>\n<!-- \/ Yoast SEO plugin. -->","yoast_head_json":{"title":"Kompiuteri\u0173 techninis modernizavimas - pagerinimas Vilniuje, Kaune, Klaip\u0117doje, \u0160iauliuose","robots":{"index":"index","follow":"follow","max-snippet":"max-snippet:-1","max-image-preview":"max-image-preview:large","max-video-preview":"max-video-preview:-1"},"canonical":"https:\/\/elmeistrai.lt\/pl\/kompiuteriu-remontas\/kompiuteriu-techninis-modernizavimas-pagerinimas\/","og_locale":"pl_PL","og_type":"article","og_title":"Kompiuteri\u0173 techninis modernizavimas - pagerinimas Vilniuje, Kaune, Klaip\u0117doje, \u0160iauliuose","og_description":"Kompiuterius modernizuoti da\u017eniausiai verta 3 atvejais: Kai jau naujas pirktas kompiuteris nebuvo efektyviai sukomplektuotas ar netur\u0117jo tam tikro reikiamo funkcionalumo...","og_url":"https:\/\/elmeistrai.lt\/pl\/kompiuteriu-remontas\/kompiuteriu-techninis-modernizavimas-pagerinimas\/","og_site_name":"Vilniuje, Kaune, Klaip\u0117doje, \u0160iauliuose","article_publisher":"https:\/\/www.facebook.com\/elmeistrai.lt\/","article_modified_time":"2022-09-29T16:18:32+00:00","og_image":[{"url":"https:\/\/elmeistrai.lt\/wp-content\/uploads\/2022\/09\/kompiuterio-modernizavimas-atnaujinimas.jpg","type":"","width":"","height":""}],"twitter_card":"summary_large_image","twitter_misc":{"Szacowany czas czytania":"1 minuta"},"schema":{"@context":"https:\/\/schema.org","@graph":[{"@type":"NewsArticle","@id":"https:\/\/elmeistrai.lt\/kompiuteriu-remontas\/kompiuteriu-techninis-modernizavimas-pagerinimas\/#article","isPartOf":{"@id":"https:\/\/elmeistrai.lt\/kompiuteriu-remontas\/kompiuteriu-techninis-modernizavimas-pagerinimas\/"},"author":{"name":"elMeistrai","@id":"https:\/\/elmeistrai.lt\/#\/schema\/person\/6363b621eb9606785f7f2ae9a52987f7"},"headline":"Kompiuteri\u0173 techninis modernizavimas &#8211; pagerinimas","datePublished":"2022-09-29T15:56:45+00:00","dateModified":"2022-09-29T16:18:32+00:00","mainEntityOfPage":{"@id":"https:\/\/elmeistrai.lt\/kompiuteriu-remontas\/kompiuteriu-techninis-modernizavimas-pagerinimas\/"},"wordCount":303,"publisher":{"@id":"https:\/\/elmeistrai.lt\/#organization"},"image":{"@id":"https:\/\/elmeistrai.lt\/kompiuteriu-remontas\/kompiuteriu-techninis-modernizavimas-pagerinimas\/#primaryimage"},"thumbnailUrl":"https:\/\/elmeistrai.lt\/wp-content\/uploads\/2022\/09\/kompiuterio-modernizavimas-atnaujinimas.jpg","inLanguage":"pl-PL"},{"@type":["WebPage","ItemPage"],"@id":"https:\/\/elmeistrai.lt\/kompiuteriu-remontas\/kompiuteriu-techninis-modernizavimas-pagerinimas\/","url":"https:\/\/elmeistrai.lt\/kompiuteriu-remontas\/kompiuteriu-techninis-modernizavimas-pagerinimas\/","name":"Kompiuteri\u0173 techninis modernizavimas - pagerinimas Vilniuje, Kaune, Klaip\u0117doje, \u0160iauliuose","isPartOf":{"@id":"https:\/\/elmeistrai.lt\/#website"},"primaryImageOfPage":{"@id":"https:\/\/elmeistrai.lt\/kompiuteriu-remontas\/kompiuteriu-techninis-modernizavimas-pagerinimas\/#primaryimage"},"image":{"@id":"https:\/\/elmeistrai.lt\/kompiuteriu-remontas\/kompiuteriu-techninis-modernizavimas-pagerinimas\/#primaryimage"},"thumbnailUrl":"https:\/\/elmeistrai.lt\/wp-content\/uploads\/2022\/09\/kompiuterio-modernizavimas-atnaujinimas.jpg","datePublished":"2022-09-29T15:56:45+00:00","dateModified":"2022-09-29T16:18:32+00:00","breadcrumb":{"@id":"https:\/\/elmeistrai.lt\/kompiuteriu-remontas\/kompiuteriu-techninis-modernizavimas-pagerinimas\/#breadcrumb"},"inLanguage":"pl-PL","potentialAction":[{"@type":"ReadAction","target":["https:\/\/elmeistrai.lt\/kompiuteriu-remontas\/kompiuteriu-techninis-modernizavimas-pagerinimas\/"]}]},{"@type":"ImageObject","inLanguage":"pl-PL","@id":"https:\/\/elmeistrai.lt\/kompiuteriu-remontas\/kompiuteriu-techninis-modernizavimas-pagerinimas\/#primaryimage","url":"https:\/\/elmeistrai.lt\/wp-content\/uploads\/2022\/09\/kompiuterio-modernizavimas-atnaujinimas.jpg","contentUrl":"https:\/\/elmeistrai.lt\/wp-content\/uploads\/2022\/09\/kompiuterio-modernizavimas-atnaujinimas.jpg"},{"@type":"BreadcrumbList","@id":"https:\/\/elmeistrai.lt\/kompiuteriu-remontas\/kompiuteriu-techninis-modernizavimas-pagerinimas\/#breadcrumb","itemListElement":[{"@type":"ListItem","position":1,"name":"Home","item":"https:\/\/elmeistrai.lt\/"},{"@type":"ListItem","position":2,"name":"Profesionalus kompiuteri\u0173 remontas Vilniuje, Kaune, Klaip\u0117doje ir \u0160iauliuose","item":"https:\/\/elmeistrai.lt\/kompiuteriu-remontas\/"},{"@type":"ListItem","position":3,"name":"Kompiuteri\u0173 techninis modernizavimas &#8211; pagerinimas"}]},{"@type":"WebSite","@id":"https:\/\/elmeistrai.lt\/#website","url":"https:\/\/elmeistrai.lt\/","name":"Wilno, Kowno, K\u0142ajpeda, Szawle","description":"Naprawa elektroniki domowej i firmowej. Nape\u0142nianie kartrid\u017cy.","publisher":{"@id":"https:\/\/elmeistrai.lt\/#organization"},"potentialAction":[{"@type":"SearchAction","target":{"@type":"EntryPoint","urlTemplate":"https:\/\/elmeistrai.lt\/?s={search_term_string}"},"query-input":{"@type":"PropertyValueSpecification","valueRequired":true,"valueName":"search_term_string"}}],"inLanguage":"pl-PL"},{"@type":"Organization","@id":"https:\/\/elmeistrai.lt\/#organization","name":"elMeistrai.lt","alternateName":"Kavos aparat\u0173, paspirtuk\u0173, televizori\u0173, kompiuteri\u0173, telefon\u0173 ir kt. technikos remontas","url":"https:\/\/elmeistrai.lt\/","logo":{"@type":"ImageObject","inLanguage":"pl-PL","@id":"https:\/\/elmeistrai.lt\/#\/schema\/logo\/image\/","url":"https:\/\/elmeistrai.lt\/wp-content\/uploads\/2022\/09\/elmeistrai_logo.jpg","contentUrl":"https:\/\/elmeistrai.lt\/wp-content\/uploads\/2022\/09\/elmeistrai_logo.jpg","width":556,"height":143,"caption":"elMeistrai.lt"},"image":{"@id":"https:\/\/elmeistrai.lt\/#\/schema\/logo\/image\/"},"sameAs":["https:\/\/www.facebook.com\/elmeistrai.lt\/"]},{"@type":"Person","@id":"https:\/\/elmeistrai.lt\/#\/schema\/person\/6363b621eb9606785f7f2ae9a52987f7","name":"elMeistrai","image":{"@type":"ImageObject","inLanguage":"pl-PL","@id":"https:\/\/secure.gravatar.com\/avatar\/052f2d9640381d6904c5c0676ac3cc3d7ad734def78df3657e571451cad9870d?s=96&d=mm&r=g","url":"https:\/\/secure.gravatar.com\/avatar\/052f2d9640381d6904c5c0676ac3cc3d7ad734def78df3657e571451cad9870d?s=96&d=mm&r=g","contentUrl":"https:\/\/secure.gravatar.com\/avatar\/052f2d9640381d6904c5c0676ac3cc3d7ad734def78df3657e571451cad9870d?s=96&d=mm&r=g","caption":"elMeistrai"},"url":"https:\/\/elmeistrai.lt\/pl\/author\/yipkxe\/"}]}},"uagb_featured_image_src":{"full":false,"thumbnail":false,"medium":false,"medium_large":false,"large":false,"1536x1536":false,"2048x2048":false,"trp-custom-language-flag":false,"writemag-1218w-autoh-image":false,"writemag-675w-autoh-image":false,"writemag-100w-100h-image":false},"uagb_author_info":{"display_name":"elMeistrai","author_link":"https:\/\/elmeistrai.lt\/pl\/author\/yipkxe\/"},"uagb_comment_info":0,"uagb_excerpt":"Kompiuterius modernizuoti da\u017eniausiai verta 3 atvejais: Kai jau naujas pirktas kompiuteris nebuvo efektyviai sukomplektuotas ar netur\u0117jo tam tikro reikiamo funkcionalumo...","rttpg_featured_image_url":null,"rttpg_author":{"display_name":"elMeistrai","author_link":"https:\/\/elmeistrai.lt\/pl\/author\/yipkxe\/"},"rttpg_comment":0,"rttpg_category":null,"rttpg_excerpt":"Kompiuterius modernizuoti da\u017eniausiai verta 3 atvejais: Kai jau naujas pirktas kompiuteris nebuvo efektyviai sukomplektuotas ar netur\u0117jo tam tikro reikiamo funkcionalumo...","_links":{"self":[{"href":"https:\/\/elmeistrai.lt\/pl\/wp-json\/wp\/v2\/pages\/1964","targetHints":{"allow":["GET"]}}],"collection":[{"href":"https:\/\/elmeistrai.lt\/pl\/wp-json\/wp\/v2\/pages"}],"about":[{"href":"https:\/\/elmeistrai.lt\/pl\/wp-json\/wp\/v2\/types\/page"}],"author":[{"embeddable":true,"href":"https:\/\/elmeistrai.lt\/pl\/wp-json\/wp\/v2\/users\/1"}],"replies":[{"embeddable":true,"href":"https:\/\/elmeistrai.lt\/pl\/wp-json\/wp\/v2\/comments?post=1964"}],"version-history":[{"count":7,"href":"https:\/\/elmeistrai.lt\/pl\/wp-json\/wp\/v2\/pages\/1964\/revisions"}],"predecessor-version":[{"id":1975,"href":"https:\/\/elmeistrai.lt\/pl\/wp-json\/wp\/v2\/pages\/1964\/revisions\/1975"}],"up":[{"embeddable":true,"href":"https:\/\/elmeistrai.lt\/pl\/wp-json\/wp\/v2\/pages\/14"}],"wp:attachment":[{"href":"https:\/\/elmeistrai.lt\/pl\/wp-json\/wp\/v2\/media?parent=1964"}],"curies":[{"name":"wp","href":"https:\/\/api.w.org\/{rel}","templated":true}]}}