{"id":1867,"date":"2022-09-29T04:57:55","date_gmt":"2022-09-29T06:57:55","guid":{"rendered":"https:\/\/elmeistrai.lt\/?page_id=1867"},"modified":"2022-09-29T05:06:43","modified_gmt":"2022-09-29T07:06:43","slug":"imoniu-kompiuteriu-ir-it-ukio-prieziura","status":"publish","type":"page","link":"https:\/\/elmeistrai.lt\/pl\/kompiuteriu-remontas\/imoniu-kompiuteriu-ir-it-ukio-prieziura\/","title":{"rendered":"Konserwacja firmowych komputer\u00f3w i zasob\u00f3w IT"},"content":{"rendered":"<p>W ca\u0142o\u015bci <strong>utrzymanie korporacyjnego IT<\/strong>. Za niewielk\u0105 op\u0142at\u0105 mo\u017cesz powierzy\u0107 nam wszystkie swoje pytania i mie\u0107 pewno\u015b\u0107, \u017ce wszystkie procesy IT w Twojej firmie b\u0119d\u0105 dzia\u0142a\u0107 p\u0142ynnie i nieprzerwanie 24 godziny na dob\u0119, 7 dni w tygodniu. Jeste\u015bmy w stanie reagowa\u0107 o ka\u017cdej porze dnia.<\/p>\n\n\n\n<p><strong>\u015awiadczone us\u0142ugi:<\/strong><\/p>\n\n\n\n<ul class=\"wp-block-list\"><li>Konserwacja komputerowych stacji roboczych<\/li><li>Administracja oprogramowaniem serwerowym Windows\/Linux i naprawy techniczne, instalacja i wyb\u00f3r<\/li><li>Wyb\u00f3r i instalacja NAS (sieciowej pami\u0119ci masowej)<\/li><li>Planowanie infrastruktury IT firmy - routery, drukarki, zarz\u0105dzanie sieci\u0105<\/li><li>Wyb\u00f3r drukarek zapewniaj\u0105cych optymalne koszty druku<\/li><li>Dostarczanie wk\u0142ad\u00f3w do drukarek, uzupe\u0142nianie<\/li><li>Konfigurowanie, wdra\u017canie i planowanie firmowej sieci lokalnej<\/li><li>Doradztwo w zakresie zakupu lub wyboru nowego sprz\u0119tu<\/li><\/ul>\n\n\n\n<p><strong>Skontaktuj si\u0119 z nami, aby nawi\u0105za\u0107 wsp\u00f3\u0142prac\u0119 <a href=\"\/pl\/kontaktai\/\">kontakt<\/a>.<\/strong><\/p>\n\n\n\n<figure class=\"wp-block-image size-full\"><img loading=\"lazy\" decoding=\"async\" width=\"640\" height=\"400\" src=\"https:\/\/elmeistrai.lt\/wp-content\/uploads\/2022\/09\/imoniu-it-ukio-prieziura.jpg\" alt=\"\u012fmoni\u0173 IT \u016bkio prie\u017ei\u016bra\" class=\"wp-image-1868\" srcset=\"https:\/\/elmeistrai.lt\/wp-content\/uploads\/2022\/09\/imoniu-it-ukio-prieziura.jpg 640w, https:\/\/elmeistrai.lt\/wp-content\/uploads\/2022\/09\/imoniu-it-ukio-prieziura-300x188.jpg 300w\" sizes=\"auto, (max-width: 640px) 100vw, 640px\" \/><\/figure>\n\n\n\n<p><strong>Istniej\u0105 2 ustalone sposoby wsp\u00f3\u0142pracy z firmami: <\/strong><\/p>\n\n\n\n<ol class=\"wp-block-list\"><li>Specjalista na wezwanie w razie potrzeby. P\u0142atne tylko w przypadku awarii.<\/li><li>Nadz\u00f3r oparty na miesi\u0119cznej op\u0142acie za miejsce pracy. Bardzo niskie prawdopodobie\u0144stwo przypadkowych awarii.<\/li><\/ol>\n\n\n\n<p>W pierwszym przypadku przyje\u017cd\u017camy tak szybko, jak to mo\u017cliwe po wyst\u0105pieniu usterki i staramy si\u0119 rozwi\u0105za\u0107 wszelkie problemy tak szybko i skutecznie, jak to mo\u017cliwe. <\/p>\n\n\n\n<p>W drugim przypadku sami stale monitorujemy stan infrastruktury IT i staramy si\u0119 ograniczy\u0107 do minimum ryzyko wyst\u0105pienia nieoczekiwanych awarii. W tym przypadku cz\u0119sto nie ma potrzeby ponoszenia dodatkowych koszt\u00f3w w przypadku nieprzewidzianych zdarze\u0144, a Ty mo\u017cesz jasno zaplanowa\u0107 koszty utrzymania IT i mie\u0107 pewno\u015b\u0107, \u017ce Twoje systemy b\u0119d\u0105 dzia\u0142a\u0107 bez zak\u0142\u00f3ce\u0144.<\/p>\n\n\n\n<p>Dzi\u0119ki konserwacji komputer\u00f3w PC personalizujemy ka\u017cd\u0105 stacj\u0119 robocz\u0105 pod k\u0105tem konkretnych potrzeb firmy lub pracownika.<\/p>","protected":false},"excerpt":{"rendered":"<p>Zapewniamy kompleksow\u0105 obs\u0142ug\u0119 informatyczn\u0105 firm. Za niewielk\u0105 op\u0142at\u0105 mo\u017cesz powierzy\u0107 nam wszystkie swoje sprawy i mie\u0107 pewno\u015b\u0107, \u017ce wszystkie...<\/p>","protected":false},"author":1,"featured_media":0,"parent":14,"menu_order":0,"comment_status":"closed","ping_status":"closed","template":"","meta":{"_uag_custom_page_level_css":"","footnotes":""},"class_list":["post-1867","page","type-page","status-publish","hentry"],"yoast_head":"<!-- This site is optimized with the Yoast SEO plugin v27.5 - https:\/\/yoast.com\/product\/yoast-seo-wordpress\/ -->\n<title>\u012emoni\u0173 kompiuteri\u0173 ir IT \u016bkio prie\u017ei\u016bra Vilniuje, Kaune, Klaip\u0117doje, \u0160iauliuose<\/title>\n<meta name=\"robots\" content=\"index, follow, max-snippet:-1, max-image-preview:large, max-video-preview:-1\" \/>\n<link rel=\"canonical\" href=\"https:\/\/elmeistrai.lt\/pl\/kompiuteriu-remontas\/imoniu-kompiuteriu-ir-it-ukio-prieziura\/\" \/>\n<meta property=\"og:locale\" content=\"pl_PL\" \/>\n<meta property=\"og:type\" content=\"article\" \/>\n<meta property=\"og:title\" content=\"\u012emoni\u0173 kompiuteri\u0173 ir IT \u016bkio prie\u017ei\u016bra Vilniuje, Kaune, Klaip\u0117doje, \u0160iauliuose\" \/>\n<meta property=\"og:description\" content=\"Visokeriopai pri\u017ei\u016brime \u012fmoni\u0173 IT \u016bk\u012f. U\u017e nedidel\u012f mokest\u012f visus klausimus galite patik\u0117ti mums ir b\u016bti ram\u016bs, kad visi \u012fmon\u0117s IT...\" \/>\n<meta property=\"og:url\" content=\"https:\/\/elmeistrai.lt\/pl\/kompiuteriu-remontas\/imoniu-kompiuteriu-ir-it-ukio-prieziura\/\" \/>\n<meta property=\"og:site_name\" content=\"Vilniuje, Kaune, Klaip\u0117doje, \u0160iauliuose\" \/>\n<meta property=\"article:publisher\" content=\"https:\/\/www.facebook.com\/elmeistrai.lt\/\" \/>\n<meta property=\"article:modified_time\" content=\"2022-09-29T07:06:43+00:00\" \/>\n<meta property=\"og:image\" content=\"https:\/\/elmeistrai.lt\/wp-content\/uploads\/2022\/09\/imoniu-it-ukio-prieziura.jpg\" \/>\n<meta name=\"twitter:card\" content=\"summary_large_image\" \/>\n<meta name=\"twitter:label1\" content=\"Szacowany czas czytania\" \/>\n\t<meta name=\"twitter:data1\" content=\"1 minuta\" \/>\n<script type=\"application\/ld+json\" class=\"yoast-schema-graph\">{\"@context\":\"https:\\\/\\\/schema.org\",\"@graph\":[{\"@type\":\"NewsArticle\",\"@id\":\"https:\\\/\\\/elmeistrai.lt\\\/kompiuteriu-remontas\\\/imoniu-kompiuteriu-ir-it-ukio-prieziura\\\/#article\",\"isPartOf\":{\"@id\":\"https:\\\/\\\/elmeistrai.lt\\\/kompiuteriu-remontas\\\/imoniu-kompiuteriu-ir-it-ukio-prieziura\\\/\"},\"author\":{\"name\":\"elMeistrai\",\"@id\":\"https:\\\/\\\/elmeistrai.lt\\\/#\\\/schema\\\/person\\\/6363b621eb9606785f7f2ae9a52987f7\"},\"headline\":\"\u012emoni\u0173 kompiuteri\u0173 ir IT \u016bkio prie\u017ei\u016bra\",\"datePublished\":\"2022-09-29T06:57:55+00:00\",\"dateModified\":\"2022-09-29T07:06:43+00:00\",\"mainEntityOfPage\":{\"@id\":\"https:\\\/\\\/elmeistrai.lt\\\/kompiuteriu-remontas\\\/imoniu-kompiuteriu-ir-it-ukio-prieziura\\\/\"},\"wordCount\":248,\"publisher\":{\"@id\":\"https:\\\/\\\/elmeistrai.lt\\\/#organization\"},\"image\":{\"@id\":\"https:\\\/\\\/elmeistrai.lt\\\/kompiuteriu-remontas\\\/imoniu-kompiuteriu-ir-it-ukio-prieziura\\\/#primaryimage\"},\"thumbnailUrl\":\"https:\\\/\\\/elmeistrai.lt\\\/wp-content\\\/uploads\\\/2022\\\/09\\\/imoniu-it-ukio-prieziura.jpg\",\"inLanguage\":\"pl-PL\"},{\"@type\":[\"WebPage\",\"ItemPage\"],\"@id\":\"https:\\\/\\\/elmeistrai.lt\\\/kompiuteriu-remontas\\\/imoniu-kompiuteriu-ir-it-ukio-prieziura\\\/\",\"url\":\"https:\\\/\\\/elmeistrai.lt\\\/kompiuteriu-remontas\\\/imoniu-kompiuteriu-ir-it-ukio-prieziura\\\/\",\"name\":\"\u012emoni\u0173 kompiuteri\u0173 ir IT \u016bkio prie\u017ei\u016bra Vilniuje, Kaune, Klaip\u0117doje, \u0160iauliuose\",\"isPartOf\":{\"@id\":\"https:\\\/\\\/elmeistrai.lt\\\/#website\"},\"primaryImageOfPage\":{\"@id\":\"https:\\\/\\\/elmeistrai.lt\\\/kompiuteriu-remontas\\\/imoniu-kompiuteriu-ir-it-ukio-prieziura\\\/#primaryimage\"},\"image\":{\"@id\":\"https:\\\/\\\/elmeistrai.lt\\\/kompiuteriu-remontas\\\/imoniu-kompiuteriu-ir-it-ukio-prieziura\\\/#primaryimage\"},\"thumbnailUrl\":\"https:\\\/\\\/elmeistrai.lt\\\/wp-content\\\/uploads\\\/2022\\\/09\\\/imoniu-it-ukio-prieziura.jpg\",\"datePublished\":\"2022-09-29T06:57:55+00:00\",\"dateModified\":\"2022-09-29T07:06:43+00:00\",\"breadcrumb\":{\"@id\":\"https:\\\/\\\/elmeistrai.lt\\\/kompiuteriu-remontas\\\/imoniu-kompiuteriu-ir-it-ukio-prieziura\\\/#breadcrumb\"},\"inLanguage\":\"pl-PL\",\"potentialAction\":[{\"@type\":\"ReadAction\",\"target\":[\"https:\\\/\\\/elmeistrai.lt\\\/kompiuteriu-remontas\\\/imoniu-kompiuteriu-ir-it-ukio-prieziura\\\/\"]}]},{\"@type\":\"ImageObject\",\"inLanguage\":\"pl-PL\",\"@id\":\"https:\\\/\\\/elmeistrai.lt\\\/kompiuteriu-remontas\\\/imoniu-kompiuteriu-ir-it-ukio-prieziura\\\/#primaryimage\",\"url\":\"https:\\\/\\\/elmeistrai.lt\\\/wp-content\\\/uploads\\\/2022\\\/09\\\/imoniu-it-ukio-prieziura.jpg\",\"contentUrl\":\"https:\\\/\\\/elmeistrai.lt\\\/wp-content\\\/uploads\\\/2022\\\/09\\\/imoniu-it-ukio-prieziura.jpg\"},{\"@type\":\"BreadcrumbList\",\"@id\":\"https:\\\/\\\/elmeistrai.lt\\\/kompiuteriu-remontas\\\/imoniu-kompiuteriu-ir-it-ukio-prieziura\\\/#breadcrumb\",\"itemListElement\":[{\"@type\":\"ListItem\",\"position\":1,\"name\":\"Home\",\"item\":\"https:\\\/\\\/elmeistrai.lt\\\/\"},{\"@type\":\"ListItem\",\"position\":2,\"name\":\"Profesionalus kompiuteri\u0173 remontas Vilniuje, Kaune, Klaip\u0117doje ir \u0160iauliuose\",\"item\":\"https:\\\/\\\/elmeistrai.lt\\\/kompiuteriu-remontas\\\/\"},{\"@type\":\"ListItem\",\"position\":3,\"name\":\"\u012emoni\u0173 kompiuteri\u0173 ir IT \u016bkio prie\u017ei\u016bra\"}]},{\"@type\":\"WebSite\",\"@id\":\"https:\\\/\\\/elmeistrai.lt\\\/#website\",\"url\":\"https:\\\/\\\/elmeistrai.lt\\\/\",\"name\":\"Vilniuje, Kaune, Klaip\u0117doje, \u0160iauliuose\",\"description\":\"Nam\u0173 ir verslo elektronikos prietais\u0173 remontas. Kase\u010di\u0173 pildymas.\",\"publisher\":{\"@id\":\"https:\\\/\\\/elmeistrai.lt\\\/#organization\"},\"potentialAction\":[{\"@type\":\"SearchAction\",\"target\":{\"@type\":\"EntryPoint\",\"urlTemplate\":\"https:\\\/\\\/elmeistrai.lt\\\/?s={search_term_string}\"},\"query-input\":{\"@type\":\"PropertyValueSpecification\",\"valueRequired\":true,\"valueName\":\"search_term_string\"}}],\"inLanguage\":\"pl-PL\"},{\"@type\":\"Organization\",\"@id\":\"https:\\\/\\\/elmeistrai.lt\\\/#organization\",\"name\":\"elMeistrai.lt\",\"alternateName\":\"Kavos aparat\u0173, paspirtuk\u0173, televizori\u0173, kompiuteri\u0173, telefon\u0173 ir kt. technikos remontas\",\"url\":\"https:\\\/\\\/elmeistrai.lt\\\/\",\"logo\":{\"@type\":\"ImageObject\",\"inLanguage\":\"pl-PL\",\"@id\":\"https:\\\/\\\/elmeistrai.lt\\\/#\\\/schema\\\/logo\\\/image\\\/\",\"url\":\"https:\\\/\\\/elmeistrai.lt\\\/wp-content\\\/uploads\\\/2022\\\/09\\\/elmeistrai_logo.jpg\",\"contentUrl\":\"https:\\\/\\\/elmeistrai.lt\\\/wp-content\\\/uploads\\\/2022\\\/09\\\/elmeistrai_logo.jpg\",\"width\":556,\"height\":143,\"caption\":\"elMeistrai.lt\"},\"image\":{\"@id\":\"https:\\\/\\\/elmeistrai.lt\\\/#\\\/schema\\\/logo\\\/image\\\/\"},\"sameAs\":[\"https:\\\/\\\/www.facebook.com\\\/elmeistrai.lt\\\/\"]},{\"@type\":\"Person\",\"@id\":\"https:\\\/\\\/elmeistrai.lt\\\/#\\\/schema\\\/person\\\/6363b621eb9606785f7f2ae9a52987f7\",\"name\":\"elMeistrai\",\"image\":{\"@type\":\"ImageObject\",\"inLanguage\":\"pl-PL\",\"@id\":\"https:\\\/\\\/secure.gravatar.com\\\/avatar\\\/052f2d9640381d6904c5c0676ac3cc3d7ad734def78df3657e571451cad9870d?s=96&d=mm&r=g\",\"url\":\"https:\\\/\\\/secure.gravatar.com\\\/avatar\\\/052f2d9640381d6904c5c0676ac3cc3d7ad734def78df3657e571451cad9870d?s=96&d=mm&r=g\",\"contentUrl\":\"https:\\\/\\\/secure.gravatar.com\\\/avatar\\\/052f2d9640381d6904c5c0676ac3cc3d7ad734def78df3657e571451cad9870d?s=96&d=mm&r=g\",\"caption\":\"elMeistrai\"},\"url\":\"https:\\\/\\\/elmeistrai.lt\\\/pl\\\/author\\\/yipkxe\\\/\"}]}<\/script>\n<!-- \/ Yoast SEO plugin. -->","yoast_head_json":{"title":"\u012emoni\u0173 kompiuteri\u0173 ir IT \u016bkio prie\u017ei\u016bra Vilniuje, Kaune, Klaip\u0117doje, \u0160iauliuose","robots":{"index":"index","follow":"follow","max-snippet":"max-snippet:-1","max-image-preview":"max-image-preview:large","max-video-preview":"max-video-preview:-1"},"canonical":"https:\/\/elmeistrai.lt\/pl\/kompiuteriu-remontas\/imoniu-kompiuteriu-ir-it-ukio-prieziura\/","og_locale":"pl_PL","og_type":"article","og_title":"\u012emoni\u0173 kompiuteri\u0173 ir IT \u016bkio prie\u017ei\u016bra Vilniuje, Kaune, Klaip\u0117doje, \u0160iauliuose","og_description":"Visokeriopai pri\u017ei\u016brime \u012fmoni\u0173 IT \u016bk\u012f. U\u017e nedidel\u012f mokest\u012f visus klausimus galite patik\u0117ti mums ir b\u016bti ram\u016bs, kad visi \u012fmon\u0117s IT...","og_url":"https:\/\/elmeistrai.lt\/pl\/kompiuteriu-remontas\/imoniu-kompiuteriu-ir-it-ukio-prieziura\/","og_site_name":"Vilniuje, Kaune, Klaip\u0117doje, \u0160iauliuose","article_publisher":"https:\/\/www.facebook.com\/elmeistrai.lt\/","article_modified_time":"2022-09-29T07:06:43+00:00","og_image":[{"url":"https:\/\/elmeistrai.lt\/wp-content\/uploads\/2022\/09\/imoniu-it-ukio-prieziura.jpg","type":"","width":"","height":""}],"twitter_card":"summary_large_image","twitter_misc":{"Szacowany czas czytania":"1 minuta"},"schema":{"@context":"https:\/\/schema.org","@graph":[{"@type":"NewsArticle","@id":"https:\/\/elmeistrai.lt\/kompiuteriu-remontas\/imoniu-kompiuteriu-ir-it-ukio-prieziura\/#article","isPartOf":{"@id":"https:\/\/elmeistrai.lt\/kompiuteriu-remontas\/imoniu-kompiuteriu-ir-it-ukio-prieziura\/"},"author":{"name":"elMeistrai","@id":"https:\/\/elmeistrai.lt\/#\/schema\/person\/6363b621eb9606785f7f2ae9a52987f7"},"headline":"\u012emoni\u0173 kompiuteri\u0173 ir IT \u016bkio prie\u017ei\u016bra","datePublished":"2022-09-29T06:57:55+00:00","dateModified":"2022-09-29T07:06:43+00:00","mainEntityOfPage":{"@id":"https:\/\/elmeistrai.lt\/kompiuteriu-remontas\/imoniu-kompiuteriu-ir-it-ukio-prieziura\/"},"wordCount":248,"publisher":{"@id":"https:\/\/elmeistrai.lt\/#organization"},"image":{"@id":"https:\/\/elmeistrai.lt\/kompiuteriu-remontas\/imoniu-kompiuteriu-ir-it-ukio-prieziura\/#primaryimage"},"thumbnailUrl":"https:\/\/elmeistrai.lt\/wp-content\/uploads\/2022\/09\/imoniu-it-ukio-prieziura.jpg","inLanguage":"pl-PL"},{"@type":["WebPage","ItemPage"],"@id":"https:\/\/elmeistrai.lt\/kompiuteriu-remontas\/imoniu-kompiuteriu-ir-it-ukio-prieziura\/","url":"https:\/\/elmeistrai.lt\/kompiuteriu-remontas\/imoniu-kompiuteriu-ir-it-ukio-prieziura\/","name":"\u012emoni\u0173 kompiuteri\u0173 ir IT \u016bkio prie\u017ei\u016bra Vilniuje, Kaune, Klaip\u0117doje, \u0160iauliuose","isPartOf":{"@id":"https:\/\/elmeistrai.lt\/#website"},"primaryImageOfPage":{"@id":"https:\/\/elmeistrai.lt\/kompiuteriu-remontas\/imoniu-kompiuteriu-ir-it-ukio-prieziura\/#primaryimage"},"image":{"@id":"https:\/\/elmeistrai.lt\/kompiuteriu-remontas\/imoniu-kompiuteriu-ir-it-ukio-prieziura\/#primaryimage"},"thumbnailUrl":"https:\/\/elmeistrai.lt\/wp-content\/uploads\/2022\/09\/imoniu-it-ukio-prieziura.jpg","datePublished":"2022-09-29T06:57:55+00:00","dateModified":"2022-09-29T07:06:43+00:00","breadcrumb":{"@id":"https:\/\/elmeistrai.lt\/kompiuteriu-remontas\/imoniu-kompiuteriu-ir-it-ukio-prieziura\/#breadcrumb"},"inLanguage":"pl-PL","potentialAction":[{"@type":"ReadAction","target":["https:\/\/elmeistrai.lt\/kompiuteriu-remontas\/imoniu-kompiuteriu-ir-it-ukio-prieziura\/"]}]},{"@type":"ImageObject","inLanguage":"pl-PL","@id":"https:\/\/elmeistrai.lt\/kompiuteriu-remontas\/imoniu-kompiuteriu-ir-it-ukio-prieziura\/#primaryimage","url":"https:\/\/elmeistrai.lt\/wp-content\/uploads\/2022\/09\/imoniu-it-ukio-prieziura.jpg","contentUrl":"https:\/\/elmeistrai.lt\/wp-content\/uploads\/2022\/09\/imoniu-it-ukio-prieziura.jpg"},{"@type":"BreadcrumbList","@id":"https:\/\/elmeistrai.lt\/kompiuteriu-remontas\/imoniu-kompiuteriu-ir-it-ukio-prieziura\/#breadcrumb","itemListElement":[{"@type":"ListItem","position":1,"name":"Home","item":"https:\/\/elmeistrai.lt\/"},{"@type":"ListItem","position":2,"name":"Profesionalus kompiuteri\u0173 remontas Vilniuje, Kaune, Klaip\u0117doje ir \u0160iauliuose","item":"https:\/\/elmeistrai.lt\/kompiuteriu-remontas\/"},{"@type":"ListItem","position":3,"name":"\u012emoni\u0173 kompiuteri\u0173 ir IT \u016bkio prie\u017ei\u016bra"}]},{"@type":"WebSite","@id":"https:\/\/elmeistrai.lt\/#website","url":"https:\/\/elmeistrai.lt\/","name":"Wilno, Kowno, K\u0142ajpeda, Szawle","description":"Naprawa elektroniki domowej i firmowej. Nape\u0142nianie kartrid\u017cy.","publisher":{"@id":"https:\/\/elmeistrai.lt\/#organization"},"potentialAction":[{"@type":"SearchAction","target":{"@type":"EntryPoint","urlTemplate":"https:\/\/elmeistrai.lt\/?s={search_term_string}"},"query-input":{"@type":"PropertyValueSpecification","valueRequired":true,"valueName":"search_term_string"}}],"inLanguage":"pl-PL"},{"@type":"Organization","@id":"https:\/\/elmeistrai.lt\/#organization","name":"elMeistrai.lt","alternateName":"Kavos aparat\u0173, paspirtuk\u0173, televizori\u0173, kompiuteri\u0173, telefon\u0173 ir kt. technikos remontas","url":"https:\/\/elmeistrai.lt\/","logo":{"@type":"ImageObject","inLanguage":"pl-PL","@id":"https:\/\/elmeistrai.lt\/#\/schema\/logo\/image\/","url":"https:\/\/elmeistrai.lt\/wp-content\/uploads\/2022\/09\/elmeistrai_logo.jpg","contentUrl":"https:\/\/elmeistrai.lt\/wp-content\/uploads\/2022\/09\/elmeistrai_logo.jpg","width":556,"height":143,"caption":"elMeistrai.lt"},"image":{"@id":"https:\/\/elmeistrai.lt\/#\/schema\/logo\/image\/"},"sameAs":["https:\/\/www.facebook.com\/elmeistrai.lt\/"]},{"@type":"Person","@id":"https:\/\/elmeistrai.lt\/#\/schema\/person\/6363b621eb9606785f7f2ae9a52987f7","name":"elMeistrai","image":{"@type":"ImageObject","inLanguage":"pl-PL","@id":"https:\/\/secure.gravatar.com\/avatar\/052f2d9640381d6904c5c0676ac3cc3d7ad734def78df3657e571451cad9870d?s=96&d=mm&r=g","url":"https:\/\/secure.gravatar.com\/avatar\/052f2d9640381d6904c5c0676ac3cc3d7ad734def78df3657e571451cad9870d?s=96&d=mm&r=g","contentUrl":"https:\/\/secure.gravatar.com\/avatar\/052f2d9640381d6904c5c0676ac3cc3d7ad734def78df3657e571451cad9870d?s=96&d=mm&r=g","caption":"elMeistrai"},"url":"https:\/\/elmeistrai.lt\/pl\/author\/yipkxe\/"}]}},"uagb_featured_image_src":{"full":false,"thumbnail":false,"medium":false,"medium_large":false,"large":false,"1536x1536":false,"2048x2048":false,"trp-custom-language-flag":false,"writemag-1218w-autoh-image":false,"writemag-675w-autoh-image":false,"writemag-100w-100h-image":false},"uagb_author_info":{"display_name":"elMeistrai","author_link":"https:\/\/elmeistrai.lt\/pl\/author\/yipkxe\/"},"uagb_comment_info":0,"uagb_excerpt":"Visokeriopai pri\u017ei\u016brime \u012fmoni\u0173 IT \u016bk\u012f. U\u017e nedidel\u012f mokest\u012f visus klausimus galite patik\u0117ti mums ir b\u016bti ram\u016bs, kad visi \u012fmon\u0117s IT...","rttpg_featured_image_url":null,"rttpg_author":{"display_name":"elMeistrai","author_link":"https:\/\/elmeistrai.lt\/pl\/author\/yipkxe\/"},"rttpg_comment":0,"rttpg_category":null,"rttpg_excerpt":"Visokeriopai pri\u017ei\u016brime \u012fmoni\u0173 IT \u016bk\u012f. U\u017e nedidel\u012f mokest\u012f visus klausimus galite patik\u0117ti mums ir b\u016bti ram\u016bs, kad visi \u012fmon\u0117s IT...","_links":{"self":[{"href":"https:\/\/elmeistrai.lt\/pl\/wp-json\/wp\/v2\/pages\/1867","targetHints":{"allow":["GET"]}}],"collection":[{"href":"https:\/\/elmeistrai.lt\/pl\/wp-json\/wp\/v2\/pages"}],"about":[{"href":"https:\/\/elmeistrai.lt\/pl\/wp-json\/wp\/v2\/types\/page"}],"author":[{"embeddable":true,"href":"https:\/\/elmeistrai.lt\/pl\/wp-json\/wp\/v2\/users\/1"}],"replies":[{"embeddable":true,"href":"https:\/\/elmeistrai.lt\/pl\/wp-json\/wp\/v2\/comments?post=1867"}],"version-history":[{"count":4,"href":"https:\/\/elmeistrai.lt\/pl\/wp-json\/wp\/v2\/pages\/1867\/revisions"}],"predecessor-version":[{"id":1874,"href":"https:\/\/elmeistrai.lt\/pl\/wp-json\/wp\/v2\/pages\/1867\/revisions\/1874"}],"up":[{"embeddable":true,"href":"https:\/\/elmeistrai.lt\/pl\/wp-json\/wp\/v2\/pages\/14"}],"wp:attachment":[{"href":"https:\/\/elmeistrai.lt\/pl\/wp-json\/wp\/v2\/media?parent=1867"}],"curies":[{"name":"wp","href":"https:\/\/api.w.org\/{rel}","templated":true}]}}