{"id":1830,"date":"2022-09-28T19:06:21","date_gmt":"2022-09-28T21:06:21","guid":{"rendered":"https:\/\/elmeistrai.lt\/?page_id=1830"},"modified":"2023-03-09T18:38:02","modified_gmt":"2023-03-09T20:38:02","slug":"kompiuteriu-taisymo-kainorastis","status":"publish","type":"page","link":"https:\/\/elmeistrai.lt\/pl\/kompiuteriu-remontas\/kompiuteriu-taisymo-kainorastis\/","title":{"rendered":"Cennik napraw komputer\u00f3w"},"content":{"rendered":"<ul class=\"wp-block-list\">\n<li>Diagnostyka - <strong>5 euro<\/strong><\/li>\n\n\n\n<li>Naprawy oprogramowania (naprawy systemu operacyjnego, usuwanie wirus\u00f3w itp.) - <strong>od 20<\/strong><\/li>\n\n\n\n<li>Zachowanie danych podczas naprawy oprogramowania - <strong>5 euro<\/strong><\/li>\n\n\n\n<li>Je\u015bli musisz zainstalowa\u0107 system operacyjny od zera, gdy partycja odzyskiwania jest uszkodzona - do pracy z oprogramowaniem, wyszukiwania sterownik\u00f3w, instalowania dodatkowych bezp\u0142atnych aplikacji -... <strong>5 euro<\/strong><\/li>\n\n\n\n<li>Usuwanie py\u0142u z uk\u0142adu ch\u0142odzenia bez konieczno\u015bci wymiany termopast - <strong>od 12 euro<\/strong><\/li>\n\n\n\n<li>Odkurzanie uk\u0142adu ch\u0142odzenia i wymiana termopast - <strong>od 18<\/strong><\/li>\n\n\n\n<li>Apple <strong>Naprawa komputer\u00f3w MacBook<\/strong> Dzia\u0142a - <strong>od 12 euro<\/strong><\/li>\n\n\n\n<li>Wymiana lub naprawa gniazda - <strong>od 18<\/strong><\/li>\n\n\n\n<li>Wymiana ekranu - <strong>od 12 euro<\/strong><\/li>\n\n\n\n<li>Wymiana zawias\u00f3w lub uchwyt\u00f3w ekranu - <strong>od 18<\/strong><\/li>\n\n\n\n<li>Zmiana klawiatury - <strong>od 10 euro<\/strong><\/li>\n\n\n\n<li>Naprawa lub wymiana p\u0142yty g\u0142\u00f3wnej, ponowne lutowanie uk\u0142adu wideo - <strong>od 45<\/strong><\/li>\n\n\n\n<li>Naprawa zu\u017cytego komputera - <strong>od 25<\/strong><\/li>\n\n\n\n<li>Naprawa \u0142adowarki - <strong>od 12 euro<\/strong><\/li>\n\n\n\n<li>Wydanie certyfikatu usterki dla ubezpieczenia <strong>- 20 \u20ac (obj\u0119te ubezpieczeniem)<\/strong><\/li>\n\n\n\n<li>Przygotowanie komputera do wi\u0119zienia i wystawienie za\u015bwiadczenia o wykonanej pracy - <strong>od 25<\/strong><\/li>\n<\/ul>\n\n\n\n<p>Ceny nie zawieraj\u0105 koszt\u00f3w cz\u0119\u015bci, kt\u00f3re s\u0105 ustalane na bie\u017c\u0105co, po demonta\u017cu komputera. Po bezp\u0142atnej diagnostyce, kt\u00f3r\u0105 przeprowadzimy w ci\u0105gu 1 dnia, przedstawimy list\u0119 usterek, ceny i ramy czasowe. Naprawa trwa zazwyczaj od 1 do 4 dni.<\/p>","protected":false},"excerpt":{"rendered":"<p>Ceny nie zawieraj\u0105 koszt\u00f3w cz\u0119\u015bci, kt\u00f3re s\u0105 ustalane na bie\u017c\u0105co, po demonta\u017cu komputera. Po bezp\u0142atnej diagnostyce w ci\u0105gu 1 dnia dostarczymy...<\/p>","protected":false},"author":1,"featured_media":0,"parent":14,"menu_order":0,"comment_status":"closed","ping_status":"closed","template":"","meta":{"_uag_custom_page_level_css":"","footnotes":""},"class_list":["post-1830","page","type-page","status-publish","hentry"],"yoast_head":"<!-- This site is optimized with the Yoast SEO plugin v27.5 - https:\/\/yoast.com\/product\/yoast-seo-wordpress\/ -->\n<title>Kompiuteri\u0173 taisymo kainora\u0161tis Vilniuje, Kaune, Klaip\u0117doje, \u0160iauliuose<\/title>\n<meta name=\"robots\" content=\"index, follow, max-snippet:-1, max-image-preview:large, max-video-preview:-1\" \/>\n<link rel=\"canonical\" href=\"https:\/\/elmeistrai.lt\/pl\/kompiuteriu-remontas\/kompiuteriu-taisymo-kainorastis\/\" \/>\n<meta property=\"og:locale\" content=\"pl_PL\" \/>\n<meta property=\"og:type\" content=\"article\" \/>\n<meta property=\"og:title\" content=\"Kompiuteri\u0173 taisymo kainora\u0161tis Vilniuje, Kaune, Klaip\u0117doje, \u0160iauliuose\" \/>\n<meta property=\"og:description\" content=\"\u012e kainas ne\u012fskai\u010diuotos detali\u0173 kainos, kurios yra nustatotomos eigoje, i\u0161ard\u017eius kompiuter\u012f. Po nemokamos diagnostikos, kuri\u0105 atliksime per 1 d.d., pateiksime...\" \/>\n<meta property=\"og:url\" content=\"https:\/\/elmeistrai.lt\/pl\/kompiuteriu-remontas\/kompiuteriu-taisymo-kainorastis\/\" \/>\n<meta property=\"og:site_name\" content=\"Vilniuje, Kaune, Klaip\u0117doje, \u0160iauliuose\" \/>\n<meta property=\"article:publisher\" content=\"https:\/\/www.facebook.com\/elmeistrai.lt\/\" \/>\n<meta property=\"article:modified_time\" content=\"2023-03-09T20:38:02+00:00\" \/>\n<meta name=\"twitter:card\" content=\"summary_large_image\" \/>\n<meta name=\"twitter:label1\" content=\"Szacowany czas czytania\" \/>\n\t<meta name=\"twitter:data1\" content=\"1 minuta\" \/>\n<script type=\"application\/ld+json\" class=\"yoast-schema-graph\">{\"@context\":\"https:\\\/\\\/schema.org\",\"@graph\":[{\"@type\":\"NewsArticle\",\"@id\":\"https:\\\/\\\/elmeistrai.lt\\\/kompiuteriu-remontas\\\/kompiuteriu-taisymo-kainorastis\\\/#article\",\"isPartOf\":{\"@id\":\"https:\\\/\\\/elmeistrai.lt\\\/kompiuteriu-remontas\\\/kompiuteriu-taisymo-kainorastis\\\/\"},\"author\":{\"name\":\"elMeistrai\",\"@id\":\"https:\\\/\\\/elmeistrai.lt\\\/#\\\/schema\\\/person\\\/6363b621eb9606785f7f2ae9a52987f7\"},\"headline\":\"Kompiuteri\u0173 taisymo kainora\u0161tis\",\"datePublished\":\"2022-09-28T21:06:21+00:00\",\"dateModified\":\"2023-03-09T20:38:02+00:00\",\"mainEntityOfPage\":{\"@id\":\"https:\\\/\\\/elmeistrai.lt\\\/kompiuteriu-remontas\\\/kompiuteriu-taisymo-kainorastis\\\/\"},\"wordCount\":202,\"publisher\":{\"@id\":\"https:\\\/\\\/elmeistrai.lt\\\/#organization\"},\"inLanguage\":\"pl-PL\"},{\"@type\":[\"WebPage\",\"ItemPage\"],\"@id\":\"https:\\\/\\\/elmeistrai.lt\\\/kompiuteriu-remontas\\\/kompiuteriu-taisymo-kainorastis\\\/\",\"url\":\"https:\\\/\\\/elmeistrai.lt\\\/kompiuteriu-remontas\\\/kompiuteriu-taisymo-kainorastis\\\/\",\"name\":\"Kompiuteri\u0173 taisymo kainora\u0161tis Vilniuje, Kaune, Klaip\u0117doje, \u0160iauliuose\",\"isPartOf\":{\"@id\":\"https:\\\/\\\/elmeistrai.lt\\\/#website\"},\"datePublished\":\"2022-09-28T21:06:21+00:00\",\"dateModified\":\"2023-03-09T20:38:02+00:00\",\"breadcrumb\":{\"@id\":\"https:\\\/\\\/elmeistrai.lt\\\/kompiuteriu-remontas\\\/kompiuteriu-taisymo-kainorastis\\\/#breadcrumb\"},\"inLanguage\":\"pl-PL\",\"potentialAction\":[{\"@type\":\"ReadAction\",\"target\":[\"https:\\\/\\\/elmeistrai.lt\\\/kompiuteriu-remontas\\\/kompiuteriu-taisymo-kainorastis\\\/\"]}]},{\"@type\":\"BreadcrumbList\",\"@id\":\"https:\\\/\\\/elmeistrai.lt\\\/kompiuteriu-remontas\\\/kompiuteriu-taisymo-kainorastis\\\/#breadcrumb\",\"itemListElement\":[{\"@type\":\"ListItem\",\"position\":1,\"name\":\"Home\",\"item\":\"https:\\\/\\\/elmeistrai.lt\\\/\"},{\"@type\":\"ListItem\",\"position\":2,\"name\":\"Profesionalus kompiuteri\u0173 remontas Vilniuje, Kaune, Klaip\u0117doje ir \u0160iauliuose\",\"item\":\"https:\\\/\\\/elmeistrai.lt\\\/kompiuteriu-remontas\\\/\"},{\"@type\":\"ListItem\",\"position\":3,\"name\":\"Kompiuteri\u0173 taisymo kainora\u0161tis\"}]},{\"@type\":\"WebSite\",\"@id\":\"https:\\\/\\\/elmeistrai.lt\\\/#website\",\"url\":\"https:\\\/\\\/elmeistrai.lt\\\/\",\"name\":\"Vilniuje, Kaune, Klaip\u0117doje, \u0160iauliuose\",\"description\":\"Nam\u0173 ir verslo elektronikos prietais\u0173 remontas. Kase\u010di\u0173 pildymas.\",\"publisher\":{\"@id\":\"https:\\\/\\\/elmeistrai.lt\\\/#organization\"},\"potentialAction\":[{\"@type\":\"SearchAction\",\"target\":{\"@type\":\"EntryPoint\",\"urlTemplate\":\"https:\\\/\\\/elmeistrai.lt\\\/?s={search_term_string}\"},\"query-input\":{\"@type\":\"PropertyValueSpecification\",\"valueRequired\":true,\"valueName\":\"search_term_string\"}}],\"inLanguage\":\"pl-PL\"},{\"@type\":\"Organization\",\"@id\":\"https:\\\/\\\/elmeistrai.lt\\\/#organization\",\"name\":\"elMeistrai.lt\",\"alternateName\":\"Kavos aparat\u0173, paspirtuk\u0173, televizori\u0173, kompiuteri\u0173, telefon\u0173 ir kt. technikos remontas\",\"url\":\"https:\\\/\\\/elmeistrai.lt\\\/\",\"logo\":{\"@type\":\"ImageObject\",\"inLanguage\":\"pl-PL\",\"@id\":\"https:\\\/\\\/elmeistrai.lt\\\/#\\\/schema\\\/logo\\\/image\\\/\",\"url\":\"https:\\\/\\\/elmeistrai.lt\\\/wp-content\\\/uploads\\\/2022\\\/09\\\/elmeistrai_logo.jpg\",\"contentUrl\":\"https:\\\/\\\/elmeistrai.lt\\\/wp-content\\\/uploads\\\/2022\\\/09\\\/elmeistrai_logo.jpg\",\"width\":556,\"height\":143,\"caption\":\"elMeistrai.lt\"},\"image\":{\"@id\":\"https:\\\/\\\/elmeistrai.lt\\\/#\\\/schema\\\/logo\\\/image\\\/\"},\"sameAs\":[\"https:\\\/\\\/www.facebook.com\\\/elmeistrai.lt\\\/\"]},{\"@type\":\"Person\",\"@id\":\"https:\\\/\\\/elmeistrai.lt\\\/#\\\/schema\\\/person\\\/6363b621eb9606785f7f2ae9a52987f7\",\"name\":\"elMeistrai\",\"image\":{\"@type\":\"ImageObject\",\"inLanguage\":\"pl-PL\",\"@id\":\"https:\\\/\\\/secure.gravatar.com\\\/avatar\\\/052f2d9640381d6904c5c0676ac3cc3d7ad734def78df3657e571451cad9870d?s=96&d=mm&r=g\",\"url\":\"https:\\\/\\\/secure.gravatar.com\\\/avatar\\\/052f2d9640381d6904c5c0676ac3cc3d7ad734def78df3657e571451cad9870d?s=96&d=mm&r=g\",\"contentUrl\":\"https:\\\/\\\/secure.gravatar.com\\\/avatar\\\/052f2d9640381d6904c5c0676ac3cc3d7ad734def78df3657e571451cad9870d?s=96&d=mm&r=g\",\"caption\":\"elMeistrai\"},\"url\":\"https:\\\/\\\/elmeistrai.lt\\\/pl\\\/author\\\/yipkxe\\\/\"}]}<\/script>\n<!-- \/ Yoast SEO plugin. -->","yoast_head_json":{"title":"Kompiuteri\u0173 taisymo kainora\u0161tis Vilniuje, Kaune, Klaip\u0117doje, \u0160iauliuose","robots":{"index":"index","follow":"follow","max-snippet":"max-snippet:-1","max-image-preview":"max-image-preview:large","max-video-preview":"max-video-preview:-1"},"canonical":"https:\/\/elmeistrai.lt\/pl\/kompiuteriu-remontas\/kompiuteriu-taisymo-kainorastis\/","og_locale":"pl_PL","og_type":"article","og_title":"Kompiuteri\u0173 taisymo kainora\u0161tis Vilniuje, Kaune, Klaip\u0117doje, \u0160iauliuose","og_description":"\u012e kainas ne\u012fskai\u010diuotos detali\u0173 kainos, kurios yra nustatotomos eigoje, i\u0161ard\u017eius kompiuter\u012f. Po nemokamos diagnostikos, kuri\u0105 atliksime per 1 d.d., pateiksime...","og_url":"https:\/\/elmeistrai.lt\/pl\/kompiuteriu-remontas\/kompiuteriu-taisymo-kainorastis\/","og_site_name":"Vilniuje, Kaune, Klaip\u0117doje, \u0160iauliuose","article_publisher":"https:\/\/www.facebook.com\/elmeistrai.lt\/","article_modified_time":"2023-03-09T20:38:02+00:00","twitter_card":"summary_large_image","twitter_misc":{"Szacowany czas czytania":"1 minuta"},"schema":{"@context":"https:\/\/schema.org","@graph":[{"@type":"NewsArticle","@id":"https:\/\/elmeistrai.lt\/kompiuteriu-remontas\/kompiuteriu-taisymo-kainorastis\/#article","isPartOf":{"@id":"https:\/\/elmeistrai.lt\/kompiuteriu-remontas\/kompiuteriu-taisymo-kainorastis\/"},"author":{"name":"elMeistrai","@id":"https:\/\/elmeistrai.lt\/#\/schema\/person\/6363b621eb9606785f7f2ae9a52987f7"},"headline":"Kompiuteri\u0173 taisymo kainora\u0161tis","datePublished":"2022-09-28T21:06:21+00:00","dateModified":"2023-03-09T20:38:02+00:00","mainEntityOfPage":{"@id":"https:\/\/elmeistrai.lt\/kompiuteriu-remontas\/kompiuteriu-taisymo-kainorastis\/"},"wordCount":202,"publisher":{"@id":"https:\/\/elmeistrai.lt\/#organization"},"inLanguage":"pl-PL"},{"@type":["WebPage","ItemPage"],"@id":"https:\/\/elmeistrai.lt\/kompiuteriu-remontas\/kompiuteriu-taisymo-kainorastis\/","url":"https:\/\/elmeistrai.lt\/kompiuteriu-remontas\/kompiuteriu-taisymo-kainorastis\/","name":"Kompiuteri\u0173 taisymo kainora\u0161tis Vilniuje, Kaune, Klaip\u0117doje, \u0160iauliuose","isPartOf":{"@id":"https:\/\/elmeistrai.lt\/#website"},"datePublished":"2022-09-28T21:06:21+00:00","dateModified":"2023-03-09T20:38:02+00:00","breadcrumb":{"@id":"https:\/\/elmeistrai.lt\/kompiuteriu-remontas\/kompiuteriu-taisymo-kainorastis\/#breadcrumb"},"inLanguage":"pl-PL","potentialAction":[{"@type":"ReadAction","target":["https:\/\/elmeistrai.lt\/kompiuteriu-remontas\/kompiuteriu-taisymo-kainorastis\/"]}]},{"@type":"BreadcrumbList","@id":"https:\/\/elmeistrai.lt\/kompiuteriu-remontas\/kompiuteriu-taisymo-kainorastis\/#breadcrumb","itemListElement":[{"@type":"ListItem","position":1,"name":"Home","item":"https:\/\/elmeistrai.lt\/"},{"@type":"ListItem","position":2,"name":"Profesionalus kompiuteri\u0173 remontas Vilniuje, Kaune, Klaip\u0117doje ir \u0160iauliuose","item":"https:\/\/elmeistrai.lt\/kompiuteriu-remontas\/"},{"@type":"ListItem","position":3,"name":"Kompiuteri\u0173 taisymo kainora\u0161tis"}]},{"@type":"WebSite","@id":"https:\/\/elmeistrai.lt\/#website","url":"https:\/\/elmeistrai.lt\/","name":"Wilno, Kowno, K\u0142ajpeda, Szawle","description":"Naprawa elektroniki domowej i firmowej. Nape\u0142nianie kartrid\u017cy.","publisher":{"@id":"https:\/\/elmeistrai.lt\/#organization"},"potentialAction":[{"@type":"SearchAction","target":{"@type":"EntryPoint","urlTemplate":"https:\/\/elmeistrai.lt\/?s={search_term_string}"},"query-input":{"@type":"PropertyValueSpecification","valueRequired":true,"valueName":"search_term_string"}}],"inLanguage":"pl-PL"},{"@type":"Organization","@id":"https:\/\/elmeistrai.lt\/#organization","name":"elMeistrai.lt","alternateName":"Kavos aparat\u0173, paspirtuk\u0173, televizori\u0173, kompiuteri\u0173, telefon\u0173 ir kt. technikos remontas","url":"https:\/\/elmeistrai.lt\/","logo":{"@type":"ImageObject","inLanguage":"pl-PL","@id":"https:\/\/elmeistrai.lt\/#\/schema\/logo\/image\/","url":"https:\/\/elmeistrai.lt\/wp-content\/uploads\/2022\/09\/elmeistrai_logo.jpg","contentUrl":"https:\/\/elmeistrai.lt\/wp-content\/uploads\/2022\/09\/elmeistrai_logo.jpg","width":556,"height":143,"caption":"elMeistrai.lt"},"image":{"@id":"https:\/\/elmeistrai.lt\/#\/schema\/logo\/image\/"},"sameAs":["https:\/\/www.facebook.com\/elmeistrai.lt\/"]},{"@type":"Person","@id":"https:\/\/elmeistrai.lt\/#\/schema\/person\/6363b621eb9606785f7f2ae9a52987f7","name":"elMeistrai","image":{"@type":"ImageObject","inLanguage":"pl-PL","@id":"https:\/\/secure.gravatar.com\/avatar\/052f2d9640381d6904c5c0676ac3cc3d7ad734def78df3657e571451cad9870d?s=96&d=mm&r=g","url":"https:\/\/secure.gravatar.com\/avatar\/052f2d9640381d6904c5c0676ac3cc3d7ad734def78df3657e571451cad9870d?s=96&d=mm&r=g","contentUrl":"https:\/\/secure.gravatar.com\/avatar\/052f2d9640381d6904c5c0676ac3cc3d7ad734def78df3657e571451cad9870d?s=96&d=mm&r=g","caption":"elMeistrai"},"url":"https:\/\/elmeistrai.lt\/pl\/author\/yipkxe\/"}]}},"uagb_featured_image_src":{"full":false,"thumbnail":false,"medium":false,"medium_large":false,"large":false,"1536x1536":false,"2048x2048":false,"trp-custom-language-flag":false,"writemag-1218w-autoh-image":false,"writemag-675w-autoh-image":false,"writemag-100w-100h-image":false},"uagb_author_info":{"display_name":"elMeistrai","author_link":"https:\/\/elmeistrai.lt\/pl\/author\/yipkxe\/"},"uagb_comment_info":0,"uagb_excerpt":"\u012e kainas ne\u012fskai\u010diuotos detali\u0173 kainos, kurios yra nustatotomos eigoje, i\u0161ard\u017eius kompiuter\u012f. Po nemokamos diagnostikos, kuri\u0105 atliksime per 1 d.d., pateiksime...","rttpg_featured_image_url":null,"rttpg_author":{"display_name":"elMeistrai","author_link":"https:\/\/elmeistrai.lt\/pl\/author\/yipkxe\/"},"rttpg_comment":0,"rttpg_category":null,"rttpg_excerpt":"\u012e kainas ne\u012fskai\u010diuotos detali\u0173 kainos, kurios yra nustatotomos eigoje, i\u0161ard\u017eius kompiuter\u012f. Po nemokamos diagnostikos, kuri\u0105 atliksime per 1 d.d., pateiksime...","_links":{"self":[{"href":"https:\/\/elmeistrai.lt\/pl\/wp-json\/wp\/v2\/pages\/1830","targetHints":{"allow":["GET"]}}],"collection":[{"href":"https:\/\/elmeistrai.lt\/pl\/wp-json\/wp\/v2\/pages"}],"about":[{"href":"https:\/\/elmeistrai.lt\/pl\/wp-json\/wp\/v2\/types\/page"}],"author":[{"embeddable":true,"href":"https:\/\/elmeistrai.lt\/pl\/wp-json\/wp\/v2\/users\/1"}],"replies":[{"embeddable":true,"href":"https:\/\/elmeistrai.lt\/pl\/wp-json\/wp\/v2\/comments?post=1830"}],"version-history":[{"count":5,"href":"https:\/\/elmeistrai.lt\/pl\/wp-json\/wp\/v2\/pages\/1830\/revisions"}],"predecessor-version":[{"id":2271,"href":"https:\/\/elmeistrai.lt\/pl\/wp-json\/wp\/v2\/pages\/1830\/revisions\/2271"}],"up":[{"embeddable":true,"href":"https:\/\/elmeistrai.lt\/pl\/wp-json\/wp\/v2\/pages\/14"}],"wp:attachment":[{"href":"https:\/\/elmeistrai.lt\/pl\/wp-json\/wp\/v2\/media?parent=1830"}],"curies":[{"name":"wp","href":"https:\/\/api.w.org\/{rel}","templated":true}]}}