{"id":813,"date":"2019-04-04T10:23:35","date_gmt":"2019-04-04T12:23:35","guid":{"rendered":"https:\/\/elmeistrai.lt\/?page_id=813"},"modified":"2022-04-09T19:58:38","modified_gmt":"2022-04-09T21:58:38","slug":"volvo-navigacija","status":"publish","type":"page","link":"https:\/\/elmeistrai.lt\/fr\/volvo-navigacija\/","title":{"rendered":"Volvo Navigation"},"content":{"rendered":"<h2 class=\"wp-block-heading\">Cartes de navigation VOLVO pour la Lituanie et l'Europe pour les syst\u00e8mes RTI MMM2 avec DVD <\/h2>\n\n\n\n<div class=\"wp-block-image\"><figure class=\"alignright\"><img loading=\"lazy\" decoding=\"async\" width=\"150\" height=\"110\" src=\"https:\/\/elmeistrai.lt\/wp-content\/uploads\/2019\/04\/RTI-MMM2-volvo-navigacija-150x110.jpg\" alt=\"\" class=\"wp-image-814\" srcset=\"https:\/\/elmeistrai.lt\/wp-content\/uploads\/2019\/04\/RTI-MMM2-volvo-navigacija-150x110.jpg 150w, https:\/\/elmeistrai.lt\/wp-content\/uploads\/2019\/04\/RTI-MMM2-volvo-navigacija.jpg 151w\" sizes=\"auto, (max-width: 150px) 100vw, 150px\" \/><\/figure><\/div>\n\n\n\n<p><strong>1. Disque de navigation avec cartes :<\/strong><br>Autriche, Belgique, Suisse, R\u00e9publique tch\u00e8que, Allemagne, Danemark, Espagne, France, Finlande, Liechtenstein, Italie, Irlande, Luxembourg, Monaco, Norv\u00e8ge, Pays-Bas, Portugal, Saint-Marin, Su\u00e8de, Royaume-Uni, Cit\u00e9 du Vatican.<br><strong>2. Disque de navigation avec cartes :<\/strong><br>Andorre, France, Irlande, Monaco, Portugal, Espagne, Royaume-Uni.<br><strong>3. Disque de navigation avec cartes :<\/strong><br>Albanie, Autriche, Bi\u00e9lorussie, Bosnie-Herz\u00e9govine, Bulgarie, Croatie, R\u00e9publique tch\u00e8que, Estonie, Allemagne, Gr\u00e8ce, Hongrie, Lettonie,  <strong>Lituanie (d\u00e9taill\u00e9)<\/strong>Mac\u00e9doine, Moldavie, Mont\u00e9n\u00e9gro, Pologne, Roumanie, Serbie, Slovaquie, Slov\u00e9nie, Turquie, Ukraine.<br><br><strong>Convenance :<\/strong> <br><em>Volvo S80 2007 - 2011 <\/em><br><em>Volvo V70 vid. 2008 - 2011<br> Volvo XC60 2009 - 2010<br> Volvo XC70 vid. 2008 - 2011<\/em><br> <br><strong>1 an de garantie | Cartes les plus r\u00e9centes | Meilleur prix | Vilnius, Kaunas, Klaipeda<\/strong><\/p>\n\n\n\n<hr class=\"wp-block-separator\"\/>\n\n\n\n<h2 class=\"wp-block-heading\">Cartes de navigation VOLVO pour la Lituanie et l'Europe pour les syst\u00e8mes RTI MMM+ avec disque dur <\/h2>\n\n\n\n<div class=\"wp-block-image\"><figure class=\"alignright\"><img loading=\"lazy\" decoding=\"async\" width=\"150\" height=\"112\" src=\"https:\/\/elmeistrai.lt\/wp-content\/uploads\/2019\/04\/RTI-MMMvolvo-navigacija-150x112.jpg\" alt=\"\" class=\"wp-image-819\"\/><\/figure><\/div>\n\n\n<p><strong>Disques de navigation avec cartes 2pcs :<\/strong><br>Irlande, Albanie, Andorre, Autriche, Belgique, Bosnie-Herz\u00e9govine, Bulgarie, R\u00e9publique tch\u00e8que, Danemark, Grande-Bretagne, Estonie, Gibraltar, Gr\u00e8ce, Espagne, Italie, Mont\u00e9n\u00e9gro, Croatie, Lettonie, <strong>Lituanie (d\u00e9taill\u00e9)<\/strong>Le Royaume-Uni, le Liechtenstein, le Luxembourg, la Pologne, la Mac\u00e9doine, Monaco, la Norv\u00e8ge, les Pays-Bas, le Portugal, la France, la Roumanie, Saint-Marin, la Serbie, la Slovaquie, la Slov\u00e9nie, la Finlande, la France, l'Allemagne, la Hongrie, la Su\u00e8de, la Suisse, la Cit\u00e9 du Vatican, la Cit\u00e9 du Vatican. <\/p>\n<p><strong>Convenance :<\/strong><br><em>Volvo C30 2008 - 2012 <\/em><br><em>Volvo C70 2008 - 2013<br>Volvo S40 2008 - 2011<br>Volvo V50 2008 - 2011<br>Volvo XC90 2007 - 2014<\/em><\/p>\n<p><strong>Informations compl\u00e9mentaires :<\/strong><br>Le client est responsable du renouvellement. La proc\u00e9dure peut \u00eatre effectu\u00e9e en d\u00e9placement ou \u00e0 l'arr\u00eat (s'assurer que la batterie est bonne) et dure environ 180 minutes. Proc\u00e9dure de mise \u00e0 jour : <br>1. La mise \u00e0 jour prend environ 120 minutes.<br>2. La mise \u00e0 jour prend environ 60 minutes.<br>Ins\u00e9rer le disque 1 et quitter.<\/p>\n<p><strong>1 an de garantie | Cartes les plus r\u00e9centes | Meilleur prix | Vilnius, Kaunas, Klaipeda<\/strong><\/p>\n<hr>\n\n\n<h2 class=\"wp-block-heading\">Cartes de navigation VOLVO pour la Lituanie et l'Europe pour les syst\u00e8mes RTI MMM P2001 avec DVD <\/h2>\n\n\n\n<div class=\"wp-block-image\"><figure class=\"alignright\"><img loading=\"lazy\" decoding=\"async\" width=\"150\" height=\"113\" src=\"https:\/\/elmeistrai.lt\/wp-content\/uploads\/2019\/04\/RTI-MMM-P2001-volvo-navigacija-150x113.jpg\" alt=\"\" class=\"wp-image-822\"\/><\/figure><\/div>\n\n\n<p><strong>1. Disque de navigation avec cartes : <\/strong><br>Andorre, Irlande, Belgique, Gibraltar, France, Islande, Liechtenstein, Luxembourg, Monaco, Pays-Bas, Portugal, Espagne, Suisse, Royaume-Uni. <br><strong>2. Disque de navigation avec cartes :<\/strong><br>Andorre, Autriche, Belgique, France, Allemagne, Italie, Liechtenstein, Luxembourg, Monaco, Pays-Bas, Saint-Marin, Suisse, Vatican, Cit\u00e9 du Vatican. <br><strong>3. Disque de navigation avec cartes : <\/strong><br>Autriche, R\u00e9publique tch\u00e8que, Danemark, Gr\u00e8ce, Italie, Croatie, <strong>Pologne<\/strong>Liechtenstein, Norv\u00e8ge, Saint-Marin, Slovaquie, Slov\u00e9nie, Finlande, Su\u00e8de, Suisse, Cit\u00e9 du Vatican, Hongrie, Allemagne.<\/p>\n<p><strong>Convenance :<\/strong><br><em>Volvo C30 2007 <\/em><br><em>Volvo C70 2006 - 2007<br>Volvo S40 2004 - 2007<br>Volvo V50 2004 - 2007<br>Volvo S60 vid. 2002 - 2009<br>Volvo S80 vid. 2002 - 2006<br>Volvo V70 vid. 2002 - 2007<br>Volvo XC70 vid. 2002 - 2007<br>Volvo XC90 vid. 2003 - 2006<\/em><\/p>\n<p><strong>1 an de garantie | Cartes les plus r\u00e9centes | Meilleur prix | Vilnius, Kaunas, Klaipeda<\/strong><\/p>\n<hr>\n\n\n<h2 class=\"wp-block-heading\">Cartes de navigation VOLVO pour la Lituanie et l'Europe pour les syst\u00e8mes IAM 2.1 avec disque dur <\/h2>\n\n\n\n<div class=\"wp-block-image\"><figure class=\"alignright\"><img loading=\"lazy\" decoding=\"async\" width=\"74\" height=\"122\" src=\"https:\/\/elmeistrai.lt\/wp-content\/uploads\/2019\/04\/IAM-2.1-volvo-navigacija.jpg\" alt=\"\" class=\"wp-image-825\"\/><\/figure><\/div>\n\n\n<p><strong>Mise \u00e0 jour des cartes de navigation :<br><\/strong>Albanie, Andorre, Autriche, Belgique, Bosnie-Herz\u00e9govine, Bulgarie, Croatie, R\u00e9publique tch\u00e8que, Danemark, Estonie, Finlande, France, Allemagne, Gr\u00e8ce, Hongrie, Irlande, Gibraltar, Italie, Mont\u00e9n\u00e9gro, Lettonie, Lituanie (d\u00e9taill\u00e9e), Liechtenstein, Luxembourg, Pologne, Mac\u00e9doine, Monaco, Norv\u00e8ge, Pays-Bas, Portugal, Roumanie, Saint-Marin, Serbie, Slovaquie, Slov\u00e9nie, Espagne, Su\u00e8de, Suisse, Cit\u00e9 du Vatican.<strong>.<\/strong><\/p>\n<p><strong>Convenance :<\/strong><br><em>Volvo S60 2011 - 2013 <\/em><br><em>Volvo S80 2012 - 2014<br>Volvo V40 2013 - 2014<br>Volvo V60 2011 - 2013<br>Volvo V70 2012 - 2014<br>Volvo XC60 2011 - 2013<br>Volvo XC70 2012 - 2014<\/em><\/p>\n<p><strong>1 an de garantie | Cartes les plus r\u00e9centes | Meilleur prix | Vilnius, Kaunas, Klaipeda<\/strong><\/p>\n<hr>\n\n\n<h2 class=\"wp-block-heading\">Cartes de navigation VOLVO pour la Lituanie et l'Europe pour SENSUS CONNECTED TOUCH IGO avec SD <\/h2>\n\n\n\n<div class=\"wp-block-image\"><figure class=\"alignright\"><img loading=\"lazy\" decoding=\"async\" width=\"150\" height=\"107\" src=\"https:\/\/elmeistrai.lt\/wp-content\/uploads\/2019\/04\/SENSUS-CONNECTED-TOUCH-IGO-volvo-navigacija-150x107.jpg\" alt=\"\" class=\"wp-image-828\"\/><\/figure><\/div>\n\n\n<p><strong>Mise \u00e0 jour des cartes de navigation :<br><\/strong>Andorre, Autriche, Belgique, Danemark, Finlande, France, Allemagne, Gibraltar, Irlande, Italie, Kazakhstan, Liechtenstein, Luxembourg, Norv\u00e8ge, Portugal, Saint-Marin, Espagne, Suisse, Su\u00e8de, Royaume-Uni, Cit\u00e9 du Vatican, Albanie, Bi\u00e9lorussie, Bosnie-Herz\u00e9govine, Bulgarie, Croatie, R\u00e9publique tch\u00e8que, Estonie, Gr\u00e8ce, Hongrie, Kosovo, Lettonie, Lituanie (d\u00e9taill\u00e9e), Mac\u00e9doine, Moldavie, Mont\u00e9n\u00e9gro, Pologne, Roumanie, Serbie, Slovaquie, Slov\u00e9nie, Ukraine, Russie.<\/p>\n<p><strong>Convenance :<\/strong><br><em>Volvo S60 2011 - 2014 <\/em><br><em>Volvo V60 2011 - 2014<br>Volvo S80 2012 - 2014<br>Volvo V40 2013 - 2014<br>Volvo V40 Cross Country 2013 - 2014<br>Volvo V70 2012 - 2014<br>Volvo XC60 2011 - 2014<br>Volvo XC70 2012 - 2014<\/em><\/p>\n<p><strong>1 an de garantie | Cartes les plus r\u00e9centes | Meilleur prix | Vilnius, Kaunas, Klaipeda<\/strong><\/p>\n<hr>\n\n\n<h2 class=\"wp-block-heading\">Cartes de navigation VOLVO pour la Lituanie et l'Europe pour SENSUS CONNECT MCA - SPA avec disque dur  <\/h2>\n\n\n\n<p><strong>Mise \u00e0 jour des cartes de navigation :<\/strong><br>Andorre, Autriche, Belgique, Danemark, Finlande, France, Allemagne, Gibraltar, Irlande, Italie, Kazakhstan, Liechtenstein, Luxembourg, Norv\u00e8ge, Portugal, Saint-Marin, Espagne, Suisse, Su\u00e8de, Royaume-Uni, Cit\u00e9 du Vatican, Albanie, Belarus, Bosnie-Herz\u00e9govine, Bulgarie, Croatie, R\u00e9publique tch\u00e8que, Estonie, Finlande, Gr\u00e8ce, Hongrie, Kosovo, Lettonie, Royaume-Uni, Cit\u00e9 du Vatican,<strong> Lituanie (d\u00e9taill\u00e9)<\/strong>Mac\u00e9doine, Moldavie, Mont\u00e9n\u00e9gro, Pologne, Roumanie, Serbie, Slovaquie, Slov\u00e9nie, Ukraine, Russie.<br><br><strong>Convenance :<\/strong> <br><em>Volvo S60 \u00e0 partir de 2014 <\/em><br><em>Volvo S90 \u00e0 partir de 2017<br>Volvo V90 \u00e0 partir de 2017<br>Volvo V60 \u00e0 partir de 2014<br>Volvo XC60 \u00e0 partir de 2014<br>Volvo XC90 \u00e0 partir de 2016<\/em><br><br><strong>1 an de garantie | Cartes les plus r\u00e9centes | Meilleur prix | Vilnius, Kaunas, Klaipeda<\/strong> <\/p>","protected":false},"excerpt":{"rendered":"<p>Cartes de navigation VOLVO pour la Lituanie et l'Europe pour les syst\u00e8mes RTI MMM2 avec DVD 1. Disque de navigation avec les cartes de : Autriche, Belgique, Suisse, R\u00e9publique Tch\u00e8que, Allemagne,...<\/p>","protected":false},"author":1,"featured_media":0,"parent":0,"menu_order":0,"comment_status":"closed","ping_status":"closed","template":"","meta":{"_uag_custom_page_level_css":"","footnotes":""},"class_list":["post-813","page","type-page","status-publish","hentry"],"yoast_head":"<!-- This site is optimized with the Yoast SEO plugin v27.3 - https:\/\/yoast.com\/product\/yoast-seo-wordpress\/ -->\n<title>Volvo navigacija Vilniuje, Kaune, Klaip\u0117doje, \u0160iauliuose<\/title>\n<meta name=\"description\" content=\"VOLVO navigacijos Lietuvos ir Europos naujausi\u0173 \u017eem\u0117lapi\u0173 atnaujinimas - Vilniuje, Kaune, Klaip\u0117doje.\" \/>\n<meta name=\"robots\" content=\"index, follow, max-snippet:-1, max-image-preview:large, max-video-preview:-1\" \/>\n<link rel=\"canonical\" href=\"https:\/\/elmeistrai.lt\/fr\/volvo-navigacija\/\" \/>\n<meta property=\"og:locale\" content=\"fr_FR\" \/>\n<meta property=\"og:type\" content=\"article\" \/>\n<meta property=\"og:title\" content=\"Volvo navigacija Vilniuje, Kaune, Klaip\u0117doje, \u0160iauliuose\" \/>\n<meta property=\"og:description\" content=\"VOLVO navigacijos Lietuvos ir Europos naujausi\u0173 \u017eem\u0117lapi\u0173 atnaujinimas - Vilniuje, Kaune, Klaip\u0117doje.\" \/>\n<meta property=\"og:url\" content=\"https:\/\/elmeistrai.lt\/fr\/volvo-navigacija\/\" \/>\n<meta property=\"og:site_name\" content=\"Vilniuje, Kaune, Klaip\u0117doje, \u0160iauliuose\" \/>\n<meta property=\"article:publisher\" content=\"https:\/\/www.facebook.com\/elmeistrai.lt\/\" \/>\n<meta property=\"article:modified_time\" content=\"2022-04-09T21:58:38+00:00\" \/>\n<meta property=\"og:image\" content=\"https:\/\/elmeistrai.lt\/wp-content\/uploads\/2019\/04\/RTI-MMM2-volvo-navigacija-150x110.jpg\" \/>\n<meta name=\"twitter:card\" content=\"summary_large_image\" \/>\n<meta name=\"twitter:label1\" content=\"Dur\u00e9e de lecture estim\u00e9e\" \/>\n\t<meta name=\"twitter:data1\" content=\"6 minutes\" \/>\n<script type=\"application\/ld+json\" class=\"yoast-schema-graph\">{\"@context\":\"https:\\\/\\\/schema.org\",\"@graph\":[{\"@type\":\"NewsArticle\",\"@id\":\"https:\\\/\\\/elmeistrai.lt\\\/pl\\\/volvo-navigacija\\\/#article\",\"isPartOf\":{\"@id\":\"https:\\\/\\\/elmeistrai.lt\\\/pl\\\/volvo-navigacija\\\/\"},\"author\":{\"name\":\"elMeistrai\",\"@id\":\"https:\\\/\\\/elmeistrai.lt\\\/#\\\/schema\\\/person\\\/6363b621eb9606785f7f2ae9a52987f7\"},\"headline\":\"Volvo navigacija\",\"datePublished\":\"2019-04-04T12:23:35+00:00\",\"dateModified\":\"2022-04-09T21:58:38+00:00\",\"mainEntityOfPage\":{\"@id\":\"https:\\\/\\\/elmeistrai.lt\\\/pl\\\/volvo-navigacija\\\/\"},\"wordCount\":729,\"publisher\":{\"@id\":\"https:\\\/\\\/elmeistrai.lt\\\/#organization\"},\"image\":{\"@id\":\"https:\\\/\\\/elmeistrai.lt\\\/pl\\\/volvo-navigacija\\\/#primaryimage\"},\"thumbnailUrl\":\"https:\\\/\\\/elmeistrai.lt\\\/wp-content\\\/uploads\\\/2019\\\/04\\\/RTI-MMM2-volvo-navigacija-150x110.jpg\",\"inLanguage\":\"fr-FR\"},{\"@type\":[\"WebPage\",\"ItemPage\"],\"@id\":\"https:\\\/\\\/elmeistrai.lt\\\/pl\\\/volvo-navigacija\\\/\",\"url\":\"https:\\\/\\\/elmeistrai.lt\\\/pl\\\/volvo-navigacija\\\/\",\"name\":\"Volvo navigacija Vilniuje, Kaune, Klaip\u0117doje, \u0160iauliuose\",\"isPartOf\":{\"@id\":\"https:\\\/\\\/elmeistrai.lt\\\/#website\"},\"primaryImageOfPage\":{\"@id\":\"https:\\\/\\\/elmeistrai.lt\\\/pl\\\/volvo-navigacija\\\/#primaryimage\"},\"image\":{\"@id\":\"https:\\\/\\\/elmeistrai.lt\\\/pl\\\/volvo-navigacija\\\/#primaryimage\"},\"thumbnailUrl\":\"https:\\\/\\\/elmeistrai.lt\\\/wp-content\\\/uploads\\\/2019\\\/04\\\/RTI-MMM2-volvo-navigacija-150x110.jpg\",\"datePublished\":\"2019-04-04T12:23:35+00:00\",\"dateModified\":\"2022-04-09T21:58:38+00:00\",\"description\":\"VOLVO navigacijos Lietuvos ir Europos naujausi\u0173 \u017eem\u0117lapi\u0173 atnaujinimas - Vilniuje, Kaune, Klaip\u0117doje.\",\"breadcrumb\":{\"@id\":\"https:\\\/\\\/elmeistrai.lt\\\/pl\\\/volvo-navigacija\\\/#breadcrumb\"},\"inLanguage\":\"fr-FR\",\"potentialAction\":[{\"@type\":\"ReadAction\",\"target\":[\"https:\\\/\\\/elmeistrai.lt\\\/pl\\\/volvo-navigacija\\\/\"]}]},{\"@type\":\"ImageObject\",\"inLanguage\":\"fr-FR\",\"@id\":\"https:\\\/\\\/elmeistrai.lt\\\/pl\\\/volvo-navigacija\\\/#primaryimage\",\"url\":\"https:\\\/\\\/elmeistrai.lt\\\/wp-content\\\/uploads\\\/2019\\\/04\\\/RTI-MMM2-volvo-navigacija-150x110.jpg\",\"contentUrl\":\"https:\\\/\\\/elmeistrai.lt\\\/wp-content\\\/uploads\\\/2019\\\/04\\\/RTI-MMM2-volvo-navigacija-150x110.jpg\"},{\"@type\":\"BreadcrumbList\",\"@id\":\"https:\\\/\\\/elmeistrai.lt\\\/pl\\\/volvo-navigacija\\\/#breadcrumb\",\"itemListElement\":[{\"@type\":\"ListItem\",\"position\":1,\"name\":\"Home\",\"item\":\"https:\\\/\\\/elmeistrai.lt\\\/\"},{\"@type\":\"ListItem\",\"position\":2,\"name\":\"Volvo navigacija\"}]},{\"@type\":\"WebSite\",\"@id\":\"https:\\\/\\\/elmeistrai.lt\\\/#website\",\"url\":\"https:\\\/\\\/elmeistrai.lt\\\/\",\"name\":\"Vilniuje, Kaune, Klaip\u0117doje, \u0160iauliuose\",\"description\":\"Nam\u0173 ir verslo elektronikos prietais\u0173 remontas. Kase\u010di\u0173 pildymas.\",\"publisher\":{\"@id\":\"https:\\\/\\\/elmeistrai.lt\\\/#organization\"},\"potentialAction\":[{\"@type\":\"SearchAction\",\"target\":{\"@type\":\"EntryPoint\",\"urlTemplate\":\"https:\\\/\\\/elmeistrai.lt\\\/?s={search_term_string}\"},\"query-input\":{\"@type\":\"PropertyValueSpecification\",\"valueRequired\":true,\"valueName\":\"search_term_string\"}}],\"inLanguage\":\"fr-FR\"},{\"@type\":\"Organization\",\"@id\":\"https:\\\/\\\/elmeistrai.lt\\\/#organization\",\"name\":\"elMeistrai.lt\",\"alternateName\":\"Kavos aparat\u0173, paspirtuk\u0173, televizori\u0173, kompiuteri\u0173, telefon\u0173 ir kt. technikos remontas\",\"url\":\"https:\\\/\\\/elmeistrai.lt\\\/\",\"logo\":{\"@type\":\"ImageObject\",\"inLanguage\":\"fr-FR\",\"@id\":\"https:\\\/\\\/elmeistrai.lt\\\/#\\\/schema\\\/logo\\\/image\\\/\",\"url\":\"https:\\\/\\\/elmeistrai.lt\\\/wp-content\\\/uploads\\\/2022\\\/09\\\/elmeistrai_logo.jpg\",\"contentUrl\":\"https:\\\/\\\/elmeistrai.lt\\\/wp-content\\\/uploads\\\/2022\\\/09\\\/elmeistrai_logo.jpg\",\"width\":556,\"height\":143,\"caption\":\"elMeistrai.lt\"},\"image\":{\"@id\":\"https:\\\/\\\/elmeistrai.lt\\\/#\\\/schema\\\/logo\\\/image\\\/\"},\"sameAs\":[\"https:\\\/\\\/www.facebook.com\\\/elmeistrai.lt\\\/\"]},{\"@type\":\"Person\",\"@id\":\"https:\\\/\\\/elmeistrai.lt\\\/#\\\/schema\\\/person\\\/6363b621eb9606785f7f2ae9a52987f7\",\"name\":\"elMeistrai\",\"image\":{\"@type\":\"ImageObject\",\"inLanguage\":\"fr-FR\",\"@id\":\"https:\\\/\\\/secure.gravatar.com\\\/avatar\\\/052f2d9640381d6904c5c0676ac3cc3d7ad734def78df3657e571451cad9870d?s=96&d=mm&r=g\",\"url\":\"https:\\\/\\\/secure.gravatar.com\\\/avatar\\\/052f2d9640381d6904c5c0676ac3cc3d7ad734def78df3657e571451cad9870d?s=96&d=mm&r=g\",\"contentUrl\":\"https:\\\/\\\/secure.gravatar.com\\\/avatar\\\/052f2d9640381d6904c5c0676ac3cc3d7ad734def78df3657e571451cad9870d?s=96&d=mm&r=g\",\"caption\":\"elMeistrai\"},\"url\":\"https:\\\/\\\/elmeistrai.lt\\\/fr\\\/author\\\/yipkxe\\\/\"}]}<\/script>\n<!-- \/ Yoast SEO plugin. -->","yoast_head_json":{"title":"Volvo navigation \u00e0 Vilnius, Kaunas, Klaip\u0117da, \u0160iauliai","description":"Mise \u00e0 jour des derni\u00e8res cartes de navigation VOLVO pour la Lituanie et l'Europe - Vilnius, Kaunas, Klaip\u0117da.","robots":{"index":"index","follow":"follow","max-snippet":"max-snippet:-1","max-image-preview":"max-image-preview:large","max-video-preview":"max-video-preview:-1"},"canonical":"https:\/\/elmeistrai.lt\/fr\/volvo-navigacija\/","og_locale":"fr_FR","og_type":"article","og_title":"Volvo navigacija Vilniuje, Kaune, Klaip\u0117doje, \u0160iauliuose","og_description":"VOLVO navigacijos Lietuvos ir Europos naujausi\u0173 \u017eem\u0117lapi\u0173 atnaujinimas - Vilniuje, Kaune, Klaip\u0117doje.","og_url":"https:\/\/elmeistrai.lt\/fr\/volvo-navigacija\/","og_site_name":"Vilniuje, Kaune, Klaip\u0117doje, \u0160iauliuose","article_publisher":"https:\/\/www.facebook.com\/elmeistrai.lt\/","article_modified_time":"2022-04-09T21:58:38+00:00","og_image":[{"url":"https:\/\/elmeistrai.lt\/wp-content\/uploads\/2019\/04\/RTI-MMM2-volvo-navigacija-150x110.jpg","type":"","width":"","height":""}],"twitter_card":"summary_large_image","twitter_misc":{"Dur\u00e9e de lecture estim\u00e9e":"6 minutes"},"schema":{"@context":"https:\/\/schema.org","@graph":[{"@type":"NewsArticle","@id":"https:\/\/elmeistrai.lt\/pl\/volvo-navigacija\/#article","isPartOf":{"@id":"https:\/\/elmeistrai.lt\/pl\/volvo-navigacija\/"},"author":{"name":"elMeistrai","@id":"https:\/\/elmeistrai.lt\/#\/schema\/person\/6363b621eb9606785f7f2ae9a52987f7"},"headline":"Volvo navigacija","datePublished":"2019-04-04T12:23:35+00:00","dateModified":"2022-04-09T21:58:38+00:00","mainEntityOfPage":{"@id":"https:\/\/elmeistrai.lt\/pl\/volvo-navigacija\/"},"wordCount":729,"publisher":{"@id":"https:\/\/elmeistrai.lt\/#organization"},"image":{"@id":"https:\/\/elmeistrai.lt\/pl\/volvo-navigacija\/#primaryimage"},"thumbnailUrl":"https:\/\/elmeistrai.lt\/wp-content\/uploads\/2019\/04\/RTI-MMM2-volvo-navigacija-150x110.jpg","inLanguage":"fr-FR"},{"@type":["WebPage","ItemPage"],"@id":"https:\/\/elmeistrai.lt\/pl\/volvo-navigacija\/","url":"https:\/\/elmeistrai.lt\/pl\/volvo-navigacija\/","name":"Volvo navigation \u00e0 Vilnius, Kaunas, Klaip\u0117da, \u0160iauliai","isPartOf":{"@id":"https:\/\/elmeistrai.lt\/#website"},"primaryImageOfPage":{"@id":"https:\/\/elmeistrai.lt\/pl\/volvo-navigacija\/#primaryimage"},"image":{"@id":"https:\/\/elmeistrai.lt\/pl\/volvo-navigacija\/#primaryimage"},"thumbnailUrl":"https:\/\/elmeistrai.lt\/wp-content\/uploads\/2019\/04\/RTI-MMM2-volvo-navigacija-150x110.jpg","datePublished":"2019-04-04T12:23:35+00:00","dateModified":"2022-04-09T21:58:38+00:00","description":"Mise \u00e0 jour des derni\u00e8res cartes de navigation VOLVO pour la Lituanie et l'Europe - Vilnius, Kaunas, Klaip\u0117da.","breadcrumb":{"@id":"https:\/\/elmeistrai.lt\/pl\/volvo-navigacija\/#breadcrumb"},"inLanguage":"fr-FR","potentialAction":[{"@type":"ReadAction","target":["https:\/\/elmeistrai.lt\/pl\/volvo-navigacija\/"]}]},{"@type":"ImageObject","inLanguage":"fr-FR","@id":"https:\/\/elmeistrai.lt\/pl\/volvo-navigacija\/#primaryimage","url":"https:\/\/elmeistrai.lt\/wp-content\/uploads\/2019\/04\/RTI-MMM2-volvo-navigacija-150x110.jpg","contentUrl":"https:\/\/elmeistrai.lt\/wp-content\/uploads\/2019\/04\/RTI-MMM2-volvo-navigacija-150x110.jpg"},{"@type":"BreadcrumbList","@id":"https:\/\/elmeistrai.lt\/pl\/volvo-navigacija\/#breadcrumb","itemListElement":[{"@type":"ListItem","position":1,"name":"Home","item":"https:\/\/elmeistrai.lt\/"},{"@type":"ListItem","position":2,"name":"Volvo navigacija"}]},{"@type":"WebSite","@id":"https:\/\/elmeistrai.lt\/#website","url":"https:\/\/elmeistrai.lt\/","name":"Vilnius, Kaunas, Klaip\u0117da, \u0160iauliai","description":"R\u00e9paration d'appareils \u00e9lectroniques domestiques et professionnels. Remplissage de cartouches.","publisher":{"@id":"https:\/\/elmeistrai.lt\/#organization"},"potentialAction":[{"@type":"SearchAction","target":{"@type":"EntryPoint","urlTemplate":"https:\/\/elmeistrai.lt\/?s={search_term_string}"},"query-input":{"@type":"PropertyValueSpecification","valueRequired":true,"valueName":"search_term_string"}}],"inLanguage":"fr-FR"},{"@type":"Organization","@id":"https:\/\/elmeistrai.lt\/#organization","name":"elMeistrai.lt","alternateName":"Kavos aparat\u0173, paspirtuk\u0173, televizori\u0173, kompiuteri\u0173, telefon\u0173 ir kt. technikos remontas","url":"https:\/\/elmeistrai.lt\/","logo":{"@type":"ImageObject","inLanguage":"fr-FR","@id":"https:\/\/elmeistrai.lt\/#\/schema\/logo\/image\/","url":"https:\/\/elmeistrai.lt\/wp-content\/uploads\/2022\/09\/elmeistrai_logo.jpg","contentUrl":"https:\/\/elmeistrai.lt\/wp-content\/uploads\/2022\/09\/elmeistrai_logo.jpg","width":556,"height":143,"caption":"elMeistrai.lt"},"image":{"@id":"https:\/\/elmeistrai.lt\/#\/schema\/logo\/image\/"},"sameAs":["https:\/\/www.facebook.com\/elmeistrai.lt\/"]},{"@type":"Person","@id":"https:\/\/elmeistrai.lt\/#\/schema\/person\/6363b621eb9606785f7f2ae9a52987f7","name":"elMeistrai","image":{"@type":"ImageObject","inLanguage":"fr-FR","@id":"https:\/\/secure.gravatar.com\/avatar\/052f2d9640381d6904c5c0676ac3cc3d7ad734def78df3657e571451cad9870d?s=96&d=mm&r=g","url":"https:\/\/secure.gravatar.com\/avatar\/052f2d9640381d6904c5c0676ac3cc3d7ad734def78df3657e571451cad9870d?s=96&d=mm&r=g","contentUrl":"https:\/\/secure.gravatar.com\/avatar\/052f2d9640381d6904c5c0676ac3cc3d7ad734def78df3657e571451cad9870d?s=96&d=mm&r=g","caption":"elMeistrai"},"url":"https:\/\/elmeistrai.lt\/fr\/author\/yipkxe\/"}]}},"uagb_featured_image_src":{"full":false,"thumbnail":false,"medium":false,"medium_large":false,"large":false,"1536x1536":false,"2048x2048":false,"trp-custom-language-flag":false,"writemag-1218w-autoh-image":false,"writemag-675w-autoh-image":false,"writemag-100w-100h-image":false},"uagb_author_info":{"display_name":"elMeistrai","author_link":"https:\/\/elmeistrai.lt\/fr\/author\/yipkxe\/"},"uagb_comment_info":0,"uagb_excerpt":"VOLVO navigacijos Lietuvos ir Europos \u017eem\u0117lapiai sistemoms RTI MMM2 su DVD 1. Navigacijos diskas su \u017eem\u0117lapiais:Austrija, Belgija, \u0160veicarija, \u010cekija, Vokietija,...","rttpg_featured_image_url":null,"rttpg_author":{"display_name":"elMeistrai","author_link":"https:\/\/elmeistrai.lt\/fr\/author\/yipkxe\/"},"rttpg_comment":0,"rttpg_category":null,"rttpg_excerpt":"VOLVO navigacijos Lietuvos ir Europos \u017eem\u0117lapiai sistemoms RTI MMM2 su DVD 1. Navigacijos diskas su \u017eem\u0117lapiais:Austrija, Belgija, \u0160veicarija, \u010cekija, Vokietija,...","_links":{"self":[{"href":"https:\/\/elmeistrai.lt\/fr\/wp-json\/wp\/v2\/pages\/813","targetHints":{"allow":["GET"]}}],"collection":[{"href":"https:\/\/elmeistrai.lt\/fr\/wp-json\/wp\/v2\/pages"}],"about":[{"href":"https:\/\/elmeistrai.lt\/fr\/wp-json\/wp\/v2\/types\/page"}],"author":[{"embeddable":true,"href":"https:\/\/elmeistrai.lt\/fr\/wp-json\/wp\/v2\/users\/1"}],"replies":[{"embeddable":true,"href":"https:\/\/elmeistrai.lt\/fr\/wp-json\/wp\/v2\/comments?post=813"}],"version-history":[{"count":8,"href":"https:\/\/elmeistrai.lt\/fr\/wp-json\/wp\/v2\/pages\/813\/revisions"}],"predecessor-version":[{"id":1543,"href":"https:\/\/elmeistrai.lt\/fr\/wp-json\/wp\/v2\/pages\/813\/revisions\/1543"}],"wp:attachment":[{"href":"https:\/\/elmeistrai.lt\/fr\/wp-json\/wp\/v2\/media?parent=813"}],"curies":[{"name":"wp","href":"https:\/\/api.w.org\/{rel}","templated":true}]}}