{"id":465,"date":"2019-04-01T06:45:49","date_gmt":"2019-04-01T08:45:49","guid":{"rendered":"https:\/\/elmeistrai.lt\/?page_id=465"},"modified":"2019-04-01T06:51:30","modified_gmt":"2019-04-01T08:51:30","slug":"lancia-navigacija","status":"publish","type":"page","link":"https:\/\/elmeistrai.lt\/fr\/lancia-navigacija\/","title":{"rendered":"Navigation Lancia"},"content":{"rendered":"<h2 class=\"wp-block-heading\">Navigation LANCIA Lituanie et Europe pour les syst\u00e8mes Connect G2\/DB3 avec CD <\/h2>\n\n\n\n<div class=\"wp-block-image\"><figure class=\"alignright\"><img loading=\"lazy\" decoding=\"async\" width=\"150\" height=\"145\" src=\"https:\/\/elmeistrai.lt\/wp-content\/uploads\/2019\/04\/lancia-navigacija-150x145.jpg\" alt=\"\" class=\"wp-image-466\"\/><\/figure><\/div>\n\n\n<p><p><strong>Disques de navigation avec cartes :<\/strong><br>1 - France <br>2 - Espagne, Portugal<br>3 - Italie<br>4 - Belgique, Pays-Bas, Luxembourg<br>5 - Autriche, Suisse, Allemagne, sh. Italie<br>6 - Allemagne<br>7 - Grande-Bretagne, Irlande<br>8 - Scandinavie<br>9 - R\u00e9publique tch\u00e8que, Pologne, Slovaquie, Slov\u00e9nie, Hongrie<br>10 - Estonie, Lettonie,<strong> Lituanie (d\u00e9taill\u00e9)<\/strong>, Bi\u00e9lorussie, Ukraine<br>11 - Albanie, Bosnie-Herz\u00e9govine, Croatie, Gr\u00e8ce, Mont\u00e9n\u00e9gro, Mac\u00e9doine, Roumanie, Serbie.<br><br><strong>Convenance : <\/strong><br><em>Lancia Phedra 2005-2007 <\/em><br><em>Lancia Musa 2007.12-2012 <\/em><br><em>Lancia Ypsilon 2008.03-2011 <\/em><br><br><strong>1 an de garantie | Cartes les plus r\u00e9centes | Meilleur prix | Vilnius, Kaunas, Klaipeda<\/strong><\/p><\/p><hr\/>\n\n\n<h2 class=\"wp-block-heading\">Cartes de navigation LANCIA pour la Lituanie et l'Europe pour les syst\u00e8mes RT4\/RT5 avec CD <\/h2>\n\n\n<p><strong>Disques de navigation avec cartes :<\/strong><br \/>1 - France <br \/>2 - Espagne, Portugal<br \/>3 - Italie<br \/>4 - Belgique, Pays-Bas, Luxembourg<br \/>5 - Autriche, Suisse, Allemagne, sh. Italie<br \/>6 - Allemagne<br \/>7 - Grande-Bretagne, Irlande<br \/>8 - Scandinavie<br \/>9 - R\u00e9publique tch\u00e8que, Pologne, Slovaquie, Slov\u00e9nie, Hongrie<br \/>10 - Estonie, Lettonie,<strong> Lituanie (d\u00e9taill\u00e9)<\/strong>, Bi\u00e9lorussie, Ukraine<br \/>11 - Albanie, Bosnie-Herz\u00e9govine, Croatie, Gr\u00e8ce, Mont\u00e9n\u00e9gro, Mac\u00e9doine, Roumanie, Serbie.<br \/><br \/><strong>Convenance : <\/strong><br \/><em>Lancia Phedra \u00e0 partir de 2007\/06<\/em><br \/><br \/><strong>1 an de garantie | Cartes les plus r\u00e9centes | Meilleur prix | Vilnius, Kaunas, Klaipeda<\/strong><\/p>\n<hr \/>\n\n\n<p><\/p>","protected":false},"excerpt":{"rendered":"<p>LANCIA navigation Lituanie et Europe pour les syst\u00e8mes Connect G2\/DB3 avec CD Disques de navigation avec cartes:1 - France 2 - Espagne, Portugal3...<\/p>","protected":false},"author":1,"featured_media":0,"parent":0,"menu_order":0,"comment_status":"closed","ping_status":"closed","template":"","meta":{"_uag_custom_page_level_css":"","footnotes":""},"class_list":["post-465","page","type-page","status-publish","hentry"],"yoast_head":"<!-- This site is optimized with the Yoast SEO plugin v27.3 - https:\/\/yoast.com\/product\/yoast-seo-wordpress\/ -->\n<title>Lancia navigacija Vilniuje, Kaune, Klaip\u0117doje, \u0160iauliuose<\/title>\n<meta name=\"robots\" content=\"index, follow, max-snippet:-1, max-image-preview:large, max-video-preview:-1\" \/>\n<link rel=\"canonical\" href=\"https:\/\/elmeistrai.lt\/fr\/lancia-navigacija\/\" \/>\n<meta property=\"og:locale\" content=\"fr_FR\" \/>\n<meta property=\"og:type\" content=\"article\" \/>\n<meta property=\"og:title\" content=\"Lancia navigacija Vilniuje, Kaune, Klaip\u0117doje, \u0160iauliuose\" \/>\n<meta property=\"og:description\" content=\"LANCIA navigacija Lietuva ir Europa sistemoms Connect G2\/DB3 su CD Navigacijos diskai su \u017eem\u0117lapiais:1 &#8211; Pranc\u016bzija 2 &#8211; Ispanija, Portugalija3...\" \/>\n<meta property=\"og:url\" content=\"https:\/\/elmeistrai.lt\/fr\/lancia-navigacija\/\" \/>\n<meta property=\"og:site_name\" content=\"Vilniuje, Kaune, Klaip\u0117doje, \u0160iauliuose\" \/>\n<meta property=\"article:publisher\" content=\"https:\/\/www.facebook.com\/elmeistrai.lt\/\" \/>\n<meta property=\"article:modified_time\" content=\"2019-04-01T08:51:30+00:00\" \/>\n<meta property=\"og:image\" content=\"https:\/\/elmeistrai.lt\/wp-content\/uploads\/2019\/04\/lancia-navigacija-150x145.jpg\" \/>\n<meta name=\"twitter:card\" content=\"summary_large_image\" \/>\n<meta name=\"twitter:label1\" content=\"Dur\u00e9e de lecture estim\u00e9e\" \/>\n\t<meta name=\"twitter:data1\" content=\"1 minute\" \/>\n<script type=\"application\/ld+json\" class=\"yoast-schema-graph\">{\"@context\":\"https:\\\/\\\/schema.org\",\"@graph\":[{\"@type\":\"NewsArticle\",\"@id\":\"https:\\\/\\\/elmeistrai.lt\\\/es\\\/lancia-navigacija\\\/#article\",\"isPartOf\":{\"@id\":\"https:\\\/\\\/elmeistrai.lt\\\/es\\\/lancia-navigacija\\\/\"},\"author\":{\"name\":\"elMeistrai\",\"@id\":\"https:\\\/\\\/elmeistrai.lt\\\/#\\\/schema\\\/person\\\/6363b621eb9606785f7f2ae9a52987f7\"},\"headline\":\"Lancia navigacija\",\"datePublished\":\"2019-04-01T08:45:49+00:00\",\"dateModified\":\"2019-04-01T08:51:30+00:00\",\"mainEntityOfPage\":{\"@id\":\"https:\\\/\\\/elmeistrai.lt\\\/es\\\/lancia-navigacija\\\/\"},\"wordCount\":169,\"publisher\":{\"@id\":\"https:\\\/\\\/elmeistrai.lt\\\/#organization\"},\"image\":{\"@id\":\"https:\\\/\\\/elmeistrai.lt\\\/es\\\/lancia-navigacija\\\/#primaryimage\"},\"thumbnailUrl\":\"https:\\\/\\\/elmeistrai.lt\\\/wp-content\\\/uploads\\\/2019\\\/04\\\/lancia-navigacija-150x145.jpg\",\"inLanguage\":\"fr-FR\"},{\"@type\":[\"WebPage\",\"ItemPage\"],\"@id\":\"https:\\\/\\\/elmeistrai.lt\\\/es\\\/lancia-navigacija\\\/\",\"url\":\"https:\\\/\\\/elmeistrai.lt\\\/es\\\/lancia-navigacija\\\/\",\"name\":\"Lancia navigacija Vilniuje, Kaune, Klaip\u0117doje, \u0160iauliuose\",\"isPartOf\":{\"@id\":\"https:\\\/\\\/elmeistrai.lt\\\/#website\"},\"primaryImageOfPage\":{\"@id\":\"https:\\\/\\\/elmeistrai.lt\\\/es\\\/lancia-navigacija\\\/#primaryimage\"},\"image\":{\"@id\":\"https:\\\/\\\/elmeistrai.lt\\\/es\\\/lancia-navigacija\\\/#primaryimage\"},\"thumbnailUrl\":\"https:\\\/\\\/elmeistrai.lt\\\/wp-content\\\/uploads\\\/2019\\\/04\\\/lancia-navigacija-150x145.jpg\",\"datePublished\":\"2019-04-01T08:45:49+00:00\",\"dateModified\":\"2019-04-01T08:51:30+00:00\",\"breadcrumb\":{\"@id\":\"https:\\\/\\\/elmeistrai.lt\\\/es\\\/lancia-navigacija\\\/#breadcrumb\"},\"inLanguage\":\"fr-FR\",\"potentialAction\":[{\"@type\":\"ReadAction\",\"target\":[\"https:\\\/\\\/elmeistrai.lt\\\/es\\\/lancia-navigacija\\\/\"]}]},{\"@type\":\"ImageObject\",\"inLanguage\":\"fr-FR\",\"@id\":\"https:\\\/\\\/elmeistrai.lt\\\/es\\\/lancia-navigacija\\\/#primaryimage\",\"url\":\"https:\\\/\\\/elmeistrai.lt\\\/wp-content\\\/uploads\\\/2019\\\/04\\\/lancia-navigacija-150x145.jpg\",\"contentUrl\":\"https:\\\/\\\/elmeistrai.lt\\\/wp-content\\\/uploads\\\/2019\\\/04\\\/lancia-navigacija-150x145.jpg\"},{\"@type\":\"BreadcrumbList\",\"@id\":\"https:\\\/\\\/elmeistrai.lt\\\/es\\\/lancia-navigacija\\\/#breadcrumb\",\"itemListElement\":[{\"@type\":\"ListItem\",\"position\":1,\"name\":\"Home\",\"item\":\"https:\\\/\\\/elmeistrai.lt\\\/\"},{\"@type\":\"ListItem\",\"position\":2,\"name\":\"Lancia navigacija\"}]},{\"@type\":\"WebSite\",\"@id\":\"https:\\\/\\\/elmeistrai.lt\\\/#website\",\"url\":\"https:\\\/\\\/elmeistrai.lt\\\/\",\"name\":\"Vilniuje, Kaune, Klaip\u0117doje, \u0160iauliuose\",\"description\":\"Nam\u0173 ir verslo elektronikos prietais\u0173 remontas. Kase\u010di\u0173 pildymas.\",\"publisher\":{\"@id\":\"https:\\\/\\\/elmeistrai.lt\\\/#organization\"},\"potentialAction\":[{\"@type\":\"SearchAction\",\"target\":{\"@type\":\"EntryPoint\",\"urlTemplate\":\"https:\\\/\\\/elmeistrai.lt\\\/?s={search_term_string}\"},\"query-input\":{\"@type\":\"PropertyValueSpecification\",\"valueRequired\":true,\"valueName\":\"search_term_string\"}}],\"inLanguage\":\"fr-FR\"},{\"@type\":\"Organization\",\"@id\":\"https:\\\/\\\/elmeistrai.lt\\\/#organization\",\"name\":\"elMeistrai.lt\",\"alternateName\":\"Kavos aparat\u0173, paspirtuk\u0173, televizori\u0173, kompiuteri\u0173, telefon\u0173 ir kt. technikos remontas\",\"url\":\"https:\\\/\\\/elmeistrai.lt\\\/\",\"logo\":{\"@type\":\"ImageObject\",\"inLanguage\":\"fr-FR\",\"@id\":\"https:\\\/\\\/elmeistrai.lt\\\/#\\\/schema\\\/logo\\\/image\\\/\",\"url\":\"https:\\\/\\\/elmeistrai.lt\\\/wp-content\\\/uploads\\\/2022\\\/09\\\/elmeistrai_logo.jpg\",\"contentUrl\":\"https:\\\/\\\/elmeistrai.lt\\\/wp-content\\\/uploads\\\/2022\\\/09\\\/elmeistrai_logo.jpg\",\"width\":556,\"height\":143,\"caption\":\"elMeistrai.lt\"},\"image\":{\"@id\":\"https:\\\/\\\/elmeistrai.lt\\\/#\\\/schema\\\/logo\\\/image\\\/\"},\"sameAs\":[\"https:\\\/\\\/www.facebook.com\\\/elmeistrai.lt\\\/\"]},{\"@type\":\"Person\",\"@id\":\"https:\\\/\\\/elmeistrai.lt\\\/#\\\/schema\\\/person\\\/6363b621eb9606785f7f2ae9a52987f7\",\"name\":\"elMeistrai\",\"image\":{\"@type\":\"ImageObject\",\"inLanguage\":\"fr-FR\",\"@id\":\"https:\\\/\\\/secure.gravatar.com\\\/avatar\\\/052f2d9640381d6904c5c0676ac3cc3d7ad734def78df3657e571451cad9870d?s=96&d=mm&r=g\",\"url\":\"https:\\\/\\\/secure.gravatar.com\\\/avatar\\\/052f2d9640381d6904c5c0676ac3cc3d7ad734def78df3657e571451cad9870d?s=96&d=mm&r=g\",\"contentUrl\":\"https:\\\/\\\/secure.gravatar.com\\\/avatar\\\/052f2d9640381d6904c5c0676ac3cc3d7ad734def78df3657e571451cad9870d?s=96&d=mm&r=g\",\"caption\":\"elMeistrai\"},\"url\":\"https:\\\/\\\/elmeistrai.lt\\\/fr\\\/author\\\/yipkxe\\\/\"}]}<\/script>\n<!-- \/ Yoast SEO plugin. -->","yoast_head_json":{"title":"Lancia navigacija Vilniuje, Kaune, Klaip\u0117doje, \u0160iauliuose","robots":{"index":"index","follow":"follow","max-snippet":"max-snippet:-1","max-image-preview":"max-image-preview:large","max-video-preview":"max-video-preview:-1"},"canonical":"https:\/\/elmeistrai.lt\/fr\/lancia-navigacija\/","og_locale":"fr_FR","og_type":"article","og_title":"Lancia navigacija Vilniuje, Kaune, Klaip\u0117doje, \u0160iauliuose","og_description":"LANCIA navigacija Lietuva ir Europa sistemoms Connect G2\/DB3 su CD Navigacijos diskai su \u017eem\u0117lapiais:1 &#8211; Pranc\u016bzija 2 &#8211; Ispanija, Portugalija3...","og_url":"https:\/\/elmeistrai.lt\/fr\/lancia-navigacija\/","og_site_name":"Vilniuje, Kaune, Klaip\u0117doje, \u0160iauliuose","article_publisher":"https:\/\/www.facebook.com\/elmeistrai.lt\/","article_modified_time":"2019-04-01T08:51:30+00:00","og_image":[{"url":"https:\/\/elmeistrai.lt\/wp-content\/uploads\/2019\/04\/lancia-navigacija-150x145.jpg","type":"","width":"","height":""}],"twitter_card":"summary_large_image","twitter_misc":{"Dur\u00e9e de lecture estim\u00e9e":"1 minute"},"schema":{"@context":"https:\/\/schema.org","@graph":[{"@type":"NewsArticle","@id":"https:\/\/elmeistrai.lt\/es\/lancia-navigacija\/#article","isPartOf":{"@id":"https:\/\/elmeistrai.lt\/es\/lancia-navigacija\/"},"author":{"name":"elMeistrai","@id":"https:\/\/elmeistrai.lt\/#\/schema\/person\/6363b621eb9606785f7f2ae9a52987f7"},"headline":"Lancia navigacija","datePublished":"2019-04-01T08:45:49+00:00","dateModified":"2019-04-01T08:51:30+00:00","mainEntityOfPage":{"@id":"https:\/\/elmeistrai.lt\/es\/lancia-navigacija\/"},"wordCount":169,"publisher":{"@id":"https:\/\/elmeistrai.lt\/#organization"},"image":{"@id":"https:\/\/elmeistrai.lt\/es\/lancia-navigacija\/#primaryimage"},"thumbnailUrl":"https:\/\/elmeistrai.lt\/wp-content\/uploads\/2019\/04\/lancia-navigacija-150x145.jpg","inLanguage":"fr-FR"},{"@type":["WebPage","ItemPage"],"@id":"https:\/\/elmeistrai.lt\/es\/lancia-navigacija\/","url":"https:\/\/elmeistrai.lt\/es\/lancia-navigacija\/","name":"Lancia navigacija Vilniuje, Kaune, Klaip\u0117doje, \u0160iauliuose","isPartOf":{"@id":"https:\/\/elmeistrai.lt\/#website"},"primaryImageOfPage":{"@id":"https:\/\/elmeistrai.lt\/es\/lancia-navigacija\/#primaryimage"},"image":{"@id":"https:\/\/elmeistrai.lt\/es\/lancia-navigacija\/#primaryimage"},"thumbnailUrl":"https:\/\/elmeistrai.lt\/wp-content\/uploads\/2019\/04\/lancia-navigacija-150x145.jpg","datePublished":"2019-04-01T08:45:49+00:00","dateModified":"2019-04-01T08:51:30+00:00","breadcrumb":{"@id":"https:\/\/elmeistrai.lt\/es\/lancia-navigacija\/#breadcrumb"},"inLanguage":"fr-FR","potentialAction":[{"@type":"ReadAction","target":["https:\/\/elmeistrai.lt\/es\/lancia-navigacija\/"]}]},{"@type":"ImageObject","inLanguage":"fr-FR","@id":"https:\/\/elmeistrai.lt\/es\/lancia-navigacija\/#primaryimage","url":"https:\/\/elmeistrai.lt\/wp-content\/uploads\/2019\/04\/lancia-navigacija-150x145.jpg","contentUrl":"https:\/\/elmeistrai.lt\/wp-content\/uploads\/2019\/04\/lancia-navigacija-150x145.jpg"},{"@type":"BreadcrumbList","@id":"https:\/\/elmeistrai.lt\/es\/lancia-navigacija\/#breadcrumb","itemListElement":[{"@type":"ListItem","position":1,"name":"Home","item":"https:\/\/elmeistrai.lt\/"},{"@type":"ListItem","position":2,"name":"Lancia navigacija"}]},{"@type":"WebSite","@id":"https:\/\/elmeistrai.lt\/#website","url":"https:\/\/elmeistrai.lt\/","name":"Vilnius, Kaunas, Klaip\u0117da, \u0160iauliai","description":"R\u00e9paration d'appareils \u00e9lectroniques domestiques et professionnels. Remplissage de cartouches.","publisher":{"@id":"https:\/\/elmeistrai.lt\/#organization"},"potentialAction":[{"@type":"SearchAction","target":{"@type":"EntryPoint","urlTemplate":"https:\/\/elmeistrai.lt\/?s={search_term_string}"},"query-input":{"@type":"PropertyValueSpecification","valueRequired":true,"valueName":"search_term_string"}}],"inLanguage":"fr-FR"},{"@type":"Organization","@id":"https:\/\/elmeistrai.lt\/#organization","name":"elMeistrai.lt","alternateName":"Kavos aparat\u0173, paspirtuk\u0173, televizori\u0173, kompiuteri\u0173, telefon\u0173 ir kt. technikos remontas","url":"https:\/\/elmeistrai.lt\/","logo":{"@type":"ImageObject","inLanguage":"fr-FR","@id":"https:\/\/elmeistrai.lt\/#\/schema\/logo\/image\/","url":"https:\/\/elmeistrai.lt\/wp-content\/uploads\/2022\/09\/elmeistrai_logo.jpg","contentUrl":"https:\/\/elmeistrai.lt\/wp-content\/uploads\/2022\/09\/elmeistrai_logo.jpg","width":556,"height":143,"caption":"elMeistrai.lt"},"image":{"@id":"https:\/\/elmeistrai.lt\/#\/schema\/logo\/image\/"},"sameAs":["https:\/\/www.facebook.com\/elmeistrai.lt\/"]},{"@type":"Person","@id":"https:\/\/elmeistrai.lt\/#\/schema\/person\/6363b621eb9606785f7f2ae9a52987f7","name":"elMeistrai","image":{"@type":"ImageObject","inLanguage":"fr-FR","@id":"https:\/\/secure.gravatar.com\/avatar\/052f2d9640381d6904c5c0676ac3cc3d7ad734def78df3657e571451cad9870d?s=96&d=mm&r=g","url":"https:\/\/secure.gravatar.com\/avatar\/052f2d9640381d6904c5c0676ac3cc3d7ad734def78df3657e571451cad9870d?s=96&d=mm&r=g","contentUrl":"https:\/\/secure.gravatar.com\/avatar\/052f2d9640381d6904c5c0676ac3cc3d7ad734def78df3657e571451cad9870d?s=96&d=mm&r=g","caption":"elMeistrai"},"url":"https:\/\/elmeistrai.lt\/fr\/author\/yipkxe\/"}]}},"uagb_featured_image_src":{"full":false,"thumbnail":false,"medium":false,"medium_large":false,"large":false,"1536x1536":false,"2048x2048":false,"trp-custom-language-flag":false,"writemag-1218w-autoh-image":false,"writemag-675w-autoh-image":false,"writemag-100w-100h-image":false},"uagb_author_info":{"display_name":"elMeistrai","author_link":"https:\/\/elmeistrai.lt\/fr\/author\/yipkxe\/"},"uagb_comment_info":0,"uagb_excerpt":"LANCIA navigacija Lietuva ir Europa sistemoms Connect G2\/DB3 su CD Navigacijos diskai su \u017eem\u0117lapiais:1 &#8211; Pranc\u016bzija 2 &#8211; Ispanija, Portugalija3...","rttpg_featured_image_url":null,"rttpg_author":{"display_name":"elMeistrai","author_link":"https:\/\/elmeistrai.lt\/fr\/author\/yipkxe\/"},"rttpg_comment":0,"rttpg_category":null,"rttpg_excerpt":"LANCIA navigacija Lietuva ir Europa sistemoms Connect G2\/DB3 su CD Navigacijos diskai su \u017eem\u0117lapiais:1 &#8211; Pranc\u016bzija 2 &#8211; Ispanija, Portugalija3...","_links":{"self":[{"href":"https:\/\/elmeistrai.lt\/fr\/wp-json\/wp\/v2\/pages\/465","targetHints":{"allow":["GET"]}}],"collection":[{"href":"https:\/\/elmeistrai.lt\/fr\/wp-json\/wp\/v2\/pages"}],"about":[{"href":"https:\/\/elmeistrai.lt\/fr\/wp-json\/wp\/v2\/types\/page"}],"author":[{"embeddable":true,"href":"https:\/\/elmeistrai.lt\/fr\/wp-json\/wp\/v2\/users\/1"}],"replies":[{"embeddable":true,"href":"https:\/\/elmeistrai.lt\/fr\/wp-json\/wp\/v2\/comments?post=465"}],"version-history":[{"count":4,"href":"https:\/\/elmeistrai.lt\/fr\/wp-json\/wp\/v2\/pages\/465\/revisions"}],"predecessor-version":[{"id":472,"href":"https:\/\/elmeistrai.lt\/fr\/wp-json\/wp\/v2\/pages\/465\/revisions\/472"}],"wp:attachment":[{"href":"https:\/\/elmeistrai.lt\/fr\/wp-json\/wp\/v2\/media?parent=465"}],"curies":[{"name":"wp","href":"https:\/\/api.w.org\/{rel}","templated":true}]}}