{"id":4,"date":"2016-09-21T07:24:20","date_gmt":"2016-09-21T09:24:20","guid":{"rendered":"https:\/\/elmeistrai.lt\/?page_id=4"},"modified":"2026-02-18T12:11:07","modified_gmt":"2026-02-18T10:11:07","slug":"apie-mus","status":"publish","type":"page","link":"https:\/\/elmeistrai.lt\/fr\/","title":{"rendered":"Paspirtuk\u0173, televizori\u0173, kavos aparat\u0173, kompiuteri\u0173 remontas. Kase\u010di\u0173 pildymas. Vilniuje, Kaune, Klaip\u0117doje, \u0160iauliuose."},"content":{"rendered":"<figure class=\"wp-block-image\"><img loading=\"lazy\" decoding=\"async\" width=\"979\" height=\"587\" src=\"https:\/\/elmeistrai.lt\/wp-content\/uploads\/2016\/09\/elmeistrai_vidus2.jpg\" alt=\"technikos remontas - elmeistrai\" class=\"wp-image-59\" srcset=\"https:\/\/elmeistrai.lt\/wp-content\/uploads\/2016\/09\/elmeistrai_vidus2.jpg 979w, https:\/\/elmeistrai.lt\/wp-content\/uploads\/2016\/09\/elmeistrai_vidus2-300x180.jpg 300w, https:\/\/elmeistrai.lt\/wp-content\/uploads\/2016\/09\/elmeistrai_vidus2-768x460.jpg 768w, https:\/\/elmeistrai.lt\/wp-content\/uploads\/2016\/09\/elmeistrai_vidus2-660x396.jpg 660w\" sizes=\"auto, (max-width: 979px) 100vw, 979px\" \/><\/figure>\n\n\n\n<p>elMeistrai se produit depuis de nombreuses ann\u00e9es <strong>R\u00e9paration d'\u00e9quipements \u00e9lectriques et \u00e9lectroniques<\/strong> <strong><span style=\"text-decoration: underline;\"><a href=\"\/fr\/kontaktai\/\">Vilnius, Kaunas, Klaip\u0117da, \u0160iauliai<\/a><\/span><\/strong>. Quel est le service qui vous int\u00e9resse ? Pour en savoir plus, rendez-nous visite, appelez nos contacts, s\u00e9lectionnez un service dans le menu sup\u00e9rieur ou dans cette liste :<\/p>\n\n\n\n<ul class=\"wp-block-list\">\n<li><a href=\"\/fr\/kompiuteriu-remontas\/\">R\u00e9paration d'ordinateurs<\/a><\/li>\n\n\n\n<li><a href=\"\/fr\/telefonu-remontas\/\">R\u00e9paration de t\u00e9l\u00e9phones<\/a><\/li>\n\n\n\n<li><a href=\"\/fr\/kavos-aparatu-remontas\/\">R\u00e9paration de machines \u00e0 caf\u00e9<\/a><\/li>\n\n\n\n<li><a href=\"\/fr\/televizoriu-remontas\/\">R\u00e9paration de t\u00e9l\u00e9viseurs<\/a><\/li>\n\n\n\n<li><a href=\"\/fr\/dulkiu-siurbliu-remontas\/\">R\u00e9paration d'aspirateurs<\/a><\/li>\n\n\n\n<li><a href=\"\/fr\/riedziu-paspirtuku-remontas\/\">R\u00e9paration de patins et de trottinettes<\/a><\/li>\n\n\n\n<li><a href=\"\/fr\/kaseciu-pildymas-per-5min\/\">Remplissage des cassettes<\/a><\/li>\n\n\n\n<li><a href=\"\/fr\/navigaciju-atnaujinimas\/\">Mise \u00e0 jour de la navigation<\/a><\/li>\n\n\n\n<li><a href=\"\/fr\/konsoliu-remontas\/\">R\u00e9paration d'ordinateurs de jeux (consoles)<\/a><\/li>\n\n\n\n<li><a href=\"\/fr\/lygintuvu-remontas\/\">R\u00e9paration des fers \u00e0 repasser<\/a><\/li>\n\n\n\n<li><a href=\"\/fr\/suvirinimo-aparatu-remontas\/\">R\u00e9paration de machines \u00e0 souder<\/a><\/li>\n\n\n\n<li><a href=\"\/fr\/elektriniu-irankiu-remontas\/\">R\u00e9paration d'outils de construction \u00e9lectriques<\/a><\/li>\n\n\n\n<li><a href=\"\/fr\/garso-technikos-remontas\/\">R\u00e9paration de mat\u00e9riel audio<\/a><\/li>\n\n\n\n<li><a href=\"\/fr\/fotoaparatu-ir-vaizdo-kameru-remontas\/\">R\u00e9paration d'appareils photo et de cam\u00e9scopes<\/a><\/li>\n\n\n\n<li><a href=\"\/fr\/namu-robotu-remontas\/\">R\u00e9paration des robots domestiques<\/a><\/li>\n\n\n\n<li><a href=\"\/fr\/siuvimo-masinu-remontas\/\">R\u00e9paration de machines \u00e0 coudre<\/a><\/li>\n\n\n\n<li><a href=\"\/fr\/spausdintuvu-remontas\/\">R\u00e9paration d'imprimantes<\/a><\/li>\n<\/ul>\n\n\n\n<h2 class=\"wp-block-heading\">elMeistrai- technikos remonto paslaugos Lietuvoje<\/h2>\n\n\n\n<p>Nous sommes une \u00e9quipe d'ing\u00e9nieurs \u00e9lectriciens exp\u00e9riment\u00e9s dans un large \u00e9ventail de domaines. Nous travaillons de mani\u00e8re professionnelle, qualitative et rapide. Nous utilisons des pi\u00e8ces d'origine et garantissons toujours notre travail. Confiez-nous vos appareils d\u00e9fectueux et nous les remettrons en \u00e9tat de marche.<\/p>\n\n\n\n<ul class=\"wp-block-list\">\n<li>Nous d\u00e9livrons des certificats pour les compagnies d'assurance.<\/li>\n\n\n\n<li>Les certificats sont d\u00e9livr\u00e9s \u00e0 d'autres institutions.<\/li>\n\n\n\n<li><strong><span style=\"text-decoration: underline;\">Pirmin\u0117 diagnostika &#8211; tik 10 Eur.<\/span><\/strong><\/li>\n<\/ul>\n\n\n\n<h2 class=\"wp-block-heading\">\u0152uvres de A \u00e0 Z de complexit\u00e9 variable<\/h2>\n\n\n\n<ul class=\"wp-block-list\">\n<li>R\u00e9paration des panneaux<\/li>\n\n\n\n<li>Refusion de puces BGA<\/li>\n\n\n\n<li>Refusion de transistors<\/li>\n\n\n\n<li>Refonte du condensateur<\/li>\n\n\n\n<li>Remplacement des pi\u00e8ces m\u00e9caniques<\/li>\n\n\n\n<li>Changement d'\u00e9cran<\/li>\n\n\n\n<li>Reprogrammation de l'EEPROM<\/li>\n\n\n\n<li>Modernisation des syst\u00e8mes de refroidissement<\/li>\n\n\n\n<li>Corriger les erreurs de logiciel<\/li>\n\n\n\n<li>D\u00e9codage<\/li>\n\n\n\n<li>Prophylaxie<\/li>\n\n\n\n<li>Rec\u00e2blage des connexions interrompues<\/li>\n\n\n\n<li>Installation des applications<\/li>\n\n\n\n<li>R\u00e9paration et remplacement des batteries<\/li>\n\n\n\n<li>R\u00e9paration et remplacement des onduleurs \u00e9lectriques<\/li>\n\n\n\n<li>R\u00e9paration des transformateurs<\/li>\n\n\n\n<li>Restauration de la voie<\/li>\n\n\n\n<li>R\u00e9paration des composants fusionn\u00e9s<\/li>\n\n\n\n<li>R\u00e9paration des composants corrod\u00e9s<\/li>\n\n\n\n<li>R\u00e9paration de petits composants<\/li>\n\n\n\n<li>R\u00e9parations IP67<\/li>\n\n\n\n<li>Modernisation et restauration<\/li>\n\n\n\n<li>Remplacement des diodes<\/li>\n\n\n\n<li>R\u00e9glage et programmation du syst\u00e8me de contr\u00f4le<\/li>\n<\/ul>\n\n\n\n<p>Besoin d'une r\u00e9paration d'appareil \u00e9lectrom\u00e9nager ? Contactez nous <strong><span style=\"text-decoration: underline;\"><a href=\"\/fr\/kontaktai\/\">Vilnius, Kaunas, Klaip\u0117da, \u0160iauliai<\/a><\/span><\/strong>.<\/p>","protected":false},"excerpt":{"rendered":"<p>elMeistrai jau daugel\u012f met\u0173 atliekamas elektros ir elektronikos technikos remontas Vilniuje, Kaune, Klaip\u0117doje, \u0160iauliuose. Kokia m\u016bs\u0173 teikiama paslauga Jus domina?&#8230;<\/p>","protected":false},"author":1,"featured_media":0,"parent":0,"menu_order":0,"comment_status":"closed","ping_status":"closed","template":"","meta":{"_uag_custom_page_level_css":"","footnotes":""},"class_list":["post-4","page","type-page","status-publish","hentry"],"yoast_head":"<!-- This site is optimized with the Yoast SEO plugin v27.3 - https:\/\/yoast.com\/product\/yoast-seo-wordpress\/ -->\n<title>Paspirtuk\u0173, televizori\u0173, kavos aparat\u0173, kompiuteri\u0173 remontas. Kase\u010di\u0173 pildymas. Vilniuje, Kaune, Klaip\u0117doje, \u0160iauliuose. Vilniuje, Kaune, Klaip\u0117doje, \u0160iauliuose<\/title>\n<meta name=\"description\" content=\"Paspirtuk\u0173, televizori\u0173, kavos aparat\u0173, kompiuteri\u0173 remontas. Kase\u010di\u0173 pildymas. Vilniuje, Kaune, Klaip\u0117doje. Tel. 8 679 74770\" \/>\n<meta name=\"robots\" content=\"index, follow, max-snippet:-1, max-image-preview:large, max-video-preview:-1\" \/>\n<link rel=\"canonical\" href=\"https:\/\/elmeistrai.lt\/fr\/\" \/>\n<meta property=\"og:locale\" content=\"fr_FR\" \/>\n<meta property=\"og:type\" content=\"article\" \/>\n<meta property=\"og:title\" content=\"Paspirtuk\u0173, televizori\u0173, kavos aparat\u0173, kompiuteri\u0173 remontas. Kase\u010di\u0173 pildymas. Vilniuje, Kaune, Klaip\u0117doje, \u0160iauliuose. Vilniuje, Kaune, Klaip\u0117doje, \u0160iauliuose\" \/>\n<meta property=\"og:description\" content=\"Paspirtuk\u0173, televizori\u0173, kavos aparat\u0173, kompiuteri\u0173 remontas. Kase\u010di\u0173 pildymas. Vilniuje, Kaune, Klaip\u0117doje. Tel. 8 679 74770\" \/>\n<meta property=\"og:url\" content=\"https:\/\/elmeistrai.lt\/fr\/\" \/>\n<meta property=\"og:site_name\" content=\"Vilniuje, Kaune, Klaip\u0117doje, \u0160iauliuose\" \/>\n<meta property=\"article:publisher\" content=\"https:\/\/www.facebook.com\/elmeistrai.lt\/\" \/>\n<meta property=\"article:modified_time\" content=\"2026-02-18T10:11:07+00:00\" \/>\n<meta property=\"og:image\" content=\"https:\/\/elmeistrai.lt\/wp-content\/uploads\/2016\/09\/elmeistrai_vidus2.jpg\" \/>\n\t<meta property=\"og:image:width\" content=\"979\" \/>\n\t<meta property=\"og:image:height\" content=\"587\" \/>\n\t<meta property=\"og:image:type\" content=\"image\/jpeg\" \/>\n<meta name=\"twitter:card\" content=\"summary_large_image\" \/>\n<meta name=\"twitter:label1\" content=\"Dur\u00e9e de lecture estim\u00e9e\" \/>\n\t<meta name=\"twitter:data1\" content=\"2 minutes\" \/>\n<script type=\"application\/ld+json\" class=\"yoast-schema-graph\">{\"@context\":\"https:\\\/\\\/schema.org\",\"@graph\":[{\"@type\":\"NewsArticle\",\"@id\":\"https:\\\/\\\/elmeistrai.lt\\\/#article\",\"isPartOf\":{\"@id\":\"https:\\\/\\\/elmeistrai.lt\\\/\"},\"author\":{\"name\":\"elMeistrai\",\"@id\":\"https:\\\/\\\/elmeistrai.lt\\\/#\\\/schema\\\/person\\\/6363b621eb9606785f7f2ae9a52987f7\"},\"headline\":\"Paspirtuk\u0173, televizori\u0173, kavos aparat\u0173, kompiuteri\u0173 remontas. Kase\u010di\u0173 pildymas. Vilniuje, Kaune, Klaip\u0117doje, \u0160iauliuose.\",\"datePublished\":\"2016-09-21T09:24:20+00:00\",\"dateModified\":\"2026-02-18T10:11:07+00:00\",\"mainEntityOfPage\":{\"@id\":\"https:\\\/\\\/elmeistrai.lt\\\/\"},\"wordCount\":261,\"publisher\":{\"@id\":\"https:\\\/\\\/elmeistrai.lt\\\/#organization\"},\"image\":{\"@id\":\"https:\\\/\\\/elmeistrai.lt\\\/#primaryimage\"},\"thumbnailUrl\":\"https:\\\/\\\/elmeistrai.lt\\\/wp-content\\\/uploads\\\/2016\\\/09\\\/elmeistrai_vidus2.jpg\",\"inLanguage\":\"fr-FR\"},{\"@type\":[\"WebPage\",\"ItemPage\"],\"@id\":\"https:\\\/\\\/elmeistrai.lt\\\/\",\"url\":\"https:\\\/\\\/elmeistrai.lt\\\/\",\"name\":\"Paspirtuk\u0173, televizori\u0173, kavos aparat\u0173, kompiuteri\u0173 remontas. Kase\u010di\u0173 pildymas. Vilniuje, Kaune, Klaip\u0117doje, \u0160iauliuose. Vilniuje, Kaune, Klaip\u0117doje, \u0160iauliuose\",\"isPartOf\":{\"@id\":\"https:\\\/\\\/elmeistrai.lt\\\/#website\"},\"primaryImageOfPage\":{\"@id\":\"https:\\\/\\\/elmeistrai.lt\\\/#primaryimage\"},\"image\":{\"@id\":\"https:\\\/\\\/elmeistrai.lt\\\/#primaryimage\"},\"thumbnailUrl\":\"https:\\\/\\\/elmeistrai.lt\\\/wp-content\\\/uploads\\\/2016\\\/09\\\/elmeistrai_vidus2.jpg\",\"datePublished\":\"2016-09-21T09:24:20+00:00\",\"dateModified\":\"2026-02-18T10:11:07+00:00\",\"description\":\"Paspirtuk\u0173, televizori\u0173, kavos aparat\u0173, kompiuteri\u0173 remontas. Kase\u010di\u0173 pildymas. Vilniuje, Kaune, Klaip\u0117doje. Tel. 8 679 74770\",\"breadcrumb\":{\"@id\":\"https:\\\/\\\/elmeistrai.lt\\\/#breadcrumb\"},\"inLanguage\":\"fr-FR\",\"potentialAction\":[{\"@type\":\"ReadAction\",\"target\":[\"https:\\\/\\\/elmeistrai.lt\\\/\"]}]},{\"@type\":\"ImageObject\",\"inLanguage\":\"fr-FR\",\"@id\":\"https:\\\/\\\/elmeistrai.lt\\\/#primaryimage\",\"url\":\"https:\\\/\\\/elmeistrai.lt\\\/wp-content\\\/uploads\\\/2016\\\/09\\\/elmeistrai_vidus2.jpg\",\"contentUrl\":\"https:\\\/\\\/elmeistrai.lt\\\/wp-content\\\/uploads\\\/2016\\\/09\\\/elmeistrai_vidus2.jpg\"},{\"@type\":\"BreadcrumbList\",\"@id\":\"https:\\\/\\\/elmeistrai.lt\\\/#breadcrumb\",\"itemListElement\":[{\"@type\":\"ListItem\",\"position\":1,\"name\":\"Home\",\"item\":\"https:\\\/\\\/elmeistrai.lt\\\/\"},{\"@type\":\"ListItem\",\"position\":2,\"name\":\"Paspirtuk\u0173, televizori\u0173, kavos aparat\u0173, kompiuteri\u0173 remontas. Kase\u010di\u0173 pildymas. Vilniuje, Kaune, Klaip\u0117doje, \u0160iauliuose.\"}]},{\"@type\":\"WebSite\",\"@id\":\"https:\\\/\\\/elmeistrai.lt\\\/#website\",\"url\":\"https:\\\/\\\/elmeistrai.lt\\\/\",\"name\":\"Vilniuje, Kaune, Klaip\u0117doje, \u0160iauliuose\",\"description\":\"Nam\u0173 ir verslo elektronikos prietais\u0173 remontas. Kase\u010di\u0173 pildymas.\",\"publisher\":{\"@id\":\"https:\\\/\\\/elmeistrai.lt\\\/#organization\"},\"potentialAction\":[{\"@type\":\"SearchAction\",\"target\":{\"@type\":\"EntryPoint\",\"urlTemplate\":\"https:\\\/\\\/elmeistrai.lt\\\/?s={search_term_string}\"},\"query-input\":{\"@type\":\"PropertyValueSpecification\",\"valueRequired\":true,\"valueName\":\"search_term_string\"}}],\"inLanguage\":\"fr-FR\"},{\"@type\":\"Organization\",\"@id\":\"https:\\\/\\\/elmeistrai.lt\\\/#organization\",\"name\":\"elMeistrai.lt\",\"alternateName\":\"Kavos aparat\u0173, paspirtuk\u0173, televizori\u0173, kompiuteri\u0173, telefon\u0173 ir kt. technikos remontas\",\"url\":\"https:\\\/\\\/elmeistrai.lt\\\/\",\"logo\":{\"@type\":\"ImageObject\",\"inLanguage\":\"fr-FR\",\"@id\":\"https:\\\/\\\/elmeistrai.lt\\\/#\\\/schema\\\/logo\\\/image\\\/\",\"url\":\"https:\\\/\\\/elmeistrai.lt\\\/wp-content\\\/uploads\\\/2022\\\/09\\\/elmeistrai_logo.jpg\",\"contentUrl\":\"https:\\\/\\\/elmeistrai.lt\\\/wp-content\\\/uploads\\\/2022\\\/09\\\/elmeistrai_logo.jpg\",\"width\":556,\"height\":143,\"caption\":\"elMeistrai.lt\"},\"image\":{\"@id\":\"https:\\\/\\\/elmeistrai.lt\\\/#\\\/schema\\\/logo\\\/image\\\/\"},\"sameAs\":[\"https:\\\/\\\/www.facebook.com\\\/elmeistrai.lt\\\/\"]},{\"@type\":\"Person\",\"@id\":\"https:\\\/\\\/elmeistrai.lt\\\/#\\\/schema\\\/person\\\/6363b621eb9606785f7f2ae9a52987f7\",\"name\":\"elMeistrai\",\"image\":{\"@type\":\"ImageObject\",\"inLanguage\":\"fr-FR\",\"@id\":\"https:\\\/\\\/secure.gravatar.com\\\/avatar\\\/052f2d9640381d6904c5c0676ac3cc3d7ad734def78df3657e571451cad9870d?s=96&d=mm&r=g\",\"url\":\"https:\\\/\\\/secure.gravatar.com\\\/avatar\\\/052f2d9640381d6904c5c0676ac3cc3d7ad734def78df3657e571451cad9870d?s=96&d=mm&r=g\",\"contentUrl\":\"https:\\\/\\\/secure.gravatar.com\\\/avatar\\\/052f2d9640381d6904c5c0676ac3cc3d7ad734def78df3657e571451cad9870d?s=96&d=mm&r=g\",\"caption\":\"elMeistrai\"},\"url\":\"https:\\\/\\\/elmeistrai.lt\\\/fr\\\/author\\\/yipkxe\\\/\"}]}<\/script>\n<!-- \/ Yoast SEO plugin. -->","yoast_head_json":{"title":"Paspirtuk\u0173, televizori\u0173, kavos aparat\u0173, kompiuteri\u0173 remontas. Kase\u010di\u0173 pildymas. Vilniuje, Kaune, Klaip\u0117doje, \u0160iauliuose. Vilniuje, Kaune, Klaip\u0117doje, \u0160iauliuose","description":"R\u00e9paration de scooters, de t\u00e9l\u00e9viseurs, de machines \u00e0 caf\u00e9, d'ordinateurs. Remplissage de cartouches. \u00c0 Vilnius, Kaunas, Klaipeda. T\u00e9l. 8 679 74770","robots":{"index":"index","follow":"follow","max-snippet":"max-snippet:-1","max-image-preview":"max-image-preview:large","max-video-preview":"max-video-preview:-1"},"canonical":"https:\/\/elmeistrai.lt\/fr\/","og_locale":"fr_FR","og_type":"article","og_title":"Paspirtuk\u0173, televizori\u0173, kavos aparat\u0173, kompiuteri\u0173 remontas. Kase\u010di\u0173 pildymas. Vilniuje, Kaune, Klaip\u0117doje, \u0160iauliuose. Vilniuje, Kaune, Klaip\u0117doje, \u0160iauliuose","og_description":"Paspirtuk\u0173, televizori\u0173, kavos aparat\u0173, kompiuteri\u0173 remontas. Kase\u010di\u0173 pildymas. Vilniuje, Kaune, Klaip\u0117doje. Tel. 8 679 74770","og_url":"https:\/\/elmeistrai.lt\/fr\/","og_site_name":"Vilniuje, Kaune, Klaip\u0117doje, \u0160iauliuose","article_publisher":"https:\/\/www.facebook.com\/elmeistrai.lt\/","article_modified_time":"2026-02-18T10:11:07+00:00","og_image":[{"width":979,"height":587,"url":"https:\/\/elmeistrai.lt\/wp-content\/uploads\/2016\/09\/elmeistrai_vidus2.jpg","type":"image\/jpeg"}],"twitter_card":"summary_large_image","twitter_misc":{"Dur\u00e9e de lecture estim\u00e9e":"2 minutes"},"schema":{"@context":"https:\/\/schema.org","@graph":[{"@type":"NewsArticle","@id":"https:\/\/elmeistrai.lt\/#article","isPartOf":{"@id":"https:\/\/elmeistrai.lt\/"},"author":{"name":"elMeistrai","@id":"https:\/\/elmeistrai.lt\/#\/schema\/person\/6363b621eb9606785f7f2ae9a52987f7"},"headline":"Paspirtuk\u0173, televizori\u0173, kavos aparat\u0173, kompiuteri\u0173 remontas. Kase\u010di\u0173 pildymas. Vilniuje, Kaune, Klaip\u0117doje, \u0160iauliuose.","datePublished":"2016-09-21T09:24:20+00:00","dateModified":"2026-02-18T10:11:07+00:00","mainEntityOfPage":{"@id":"https:\/\/elmeistrai.lt\/"},"wordCount":261,"publisher":{"@id":"https:\/\/elmeistrai.lt\/#organization"},"image":{"@id":"https:\/\/elmeistrai.lt\/#primaryimage"},"thumbnailUrl":"https:\/\/elmeistrai.lt\/wp-content\/uploads\/2016\/09\/elmeistrai_vidus2.jpg","inLanguage":"fr-FR"},{"@type":["WebPage","ItemPage"],"@id":"https:\/\/elmeistrai.lt\/","url":"https:\/\/elmeistrai.lt\/","name":"Paspirtuk\u0173, televizori\u0173, kavos aparat\u0173, kompiuteri\u0173 remontas. Kase\u010di\u0173 pildymas. Vilniuje, Kaune, Klaip\u0117doje, \u0160iauliuose. Vilniuje, Kaune, Klaip\u0117doje, \u0160iauliuose","isPartOf":{"@id":"https:\/\/elmeistrai.lt\/#website"},"primaryImageOfPage":{"@id":"https:\/\/elmeistrai.lt\/#primaryimage"},"image":{"@id":"https:\/\/elmeistrai.lt\/#primaryimage"},"thumbnailUrl":"https:\/\/elmeistrai.lt\/wp-content\/uploads\/2016\/09\/elmeistrai_vidus2.jpg","datePublished":"2016-09-21T09:24:20+00:00","dateModified":"2026-02-18T10:11:07+00:00","description":"R\u00e9paration de scooters, de t\u00e9l\u00e9viseurs, de machines \u00e0 caf\u00e9, d'ordinateurs. Remplissage de cartouches. \u00c0 Vilnius, Kaunas, Klaipeda. T\u00e9l. 8 679 74770","breadcrumb":{"@id":"https:\/\/elmeistrai.lt\/#breadcrumb"},"inLanguage":"fr-FR","potentialAction":[{"@type":"ReadAction","target":["https:\/\/elmeistrai.lt\/"]}]},{"@type":"ImageObject","inLanguage":"fr-FR","@id":"https:\/\/elmeistrai.lt\/#primaryimage","url":"https:\/\/elmeistrai.lt\/wp-content\/uploads\/2016\/09\/elmeistrai_vidus2.jpg","contentUrl":"https:\/\/elmeistrai.lt\/wp-content\/uploads\/2016\/09\/elmeistrai_vidus2.jpg"},{"@type":"BreadcrumbList","@id":"https:\/\/elmeistrai.lt\/#breadcrumb","itemListElement":[{"@type":"ListItem","position":1,"name":"Home","item":"https:\/\/elmeistrai.lt\/"},{"@type":"ListItem","position":2,"name":"Paspirtuk\u0173, televizori\u0173, kavos aparat\u0173, kompiuteri\u0173 remontas. Kase\u010di\u0173 pildymas. Vilniuje, Kaune, Klaip\u0117doje, \u0160iauliuose."}]},{"@type":"WebSite","@id":"https:\/\/elmeistrai.lt\/#website","url":"https:\/\/elmeistrai.lt\/","name":"Vilnius, Kaunas, Klaip\u0117da, \u0160iauliai","description":"R\u00e9paration d'appareils \u00e9lectroniques domestiques et professionnels. Remplissage de cartouches.","publisher":{"@id":"https:\/\/elmeistrai.lt\/#organization"},"potentialAction":[{"@type":"SearchAction","target":{"@type":"EntryPoint","urlTemplate":"https:\/\/elmeistrai.lt\/?s={search_term_string}"},"query-input":{"@type":"PropertyValueSpecification","valueRequired":true,"valueName":"search_term_string"}}],"inLanguage":"fr-FR"},{"@type":"Organization","@id":"https:\/\/elmeistrai.lt\/#organization","name":"elMeistrai.lt","alternateName":"Kavos aparat\u0173, paspirtuk\u0173, televizori\u0173, kompiuteri\u0173, telefon\u0173 ir kt. technikos remontas","url":"https:\/\/elmeistrai.lt\/","logo":{"@type":"ImageObject","inLanguage":"fr-FR","@id":"https:\/\/elmeistrai.lt\/#\/schema\/logo\/image\/","url":"https:\/\/elmeistrai.lt\/wp-content\/uploads\/2022\/09\/elmeistrai_logo.jpg","contentUrl":"https:\/\/elmeistrai.lt\/wp-content\/uploads\/2022\/09\/elmeistrai_logo.jpg","width":556,"height":143,"caption":"elMeistrai.lt"},"image":{"@id":"https:\/\/elmeistrai.lt\/#\/schema\/logo\/image\/"},"sameAs":["https:\/\/www.facebook.com\/elmeistrai.lt\/"]},{"@type":"Person","@id":"https:\/\/elmeistrai.lt\/#\/schema\/person\/6363b621eb9606785f7f2ae9a52987f7","name":"elMeistrai","image":{"@type":"ImageObject","inLanguage":"fr-FR","@id":"https:\/\/secure.gravatar.com\/avatar\/052f2d9640381d6904c5c0676ac3cc3d7ad734def78df3657e571451cad9870d?s=96&d=mm&r=g","url":"https:\/\/secure.gravatar.com\/avatar\/052f2d9640381d6904c5c0676ac3cc3d7ad734def78df3657e571451cad9870d?s=96&d=mm&r=g","contentUrl":"https:\/\/secure.gravatar.com\/avatar\/052f2d9640381d6904c5c0676ac3cc3d7ad734def78df3657e571451cad9870d?s=96&d=mm&r=g","caption":"elMeistrai"},"url":"https:\/\/elmeistrai.lt\/fr\/author\/yipkxe\/"}]}},"uagb_featured_image_src":{"full":false,"thumbnail":false,"medium":false,"medium_large":false,"large":false,"1536x1536":false,"2048x2048":false,"trp-custom-language-flag":false,"writemag-1218w-autoh-image":false,"writemag-675w-autoh-image":false,"writemag-100w-100h-image":false},"uagb_author_info":{"display_name":"elMeistrai","author_link":"https:\/\/elmeistrai.lt\/fr\/author\/yipkxe\/"},"uagb_comment_info":0,"uagb_excerpt":"elMeistrai jau daugel\u012f met\u0173 atliekamas elektros ir elektronikos technikos remontas Vilniuje, Kaune, Klaip\u0117doje, \u0160iauliuose. Kokia m\u016bs\u0173 teikiama paslauga Jus domina?...","rttpg_featured_image_url":null,"rttpg_author":{"display_name":"elMeistrai","author_link":"https:\/\/elmeistrai.lt\/fr\/author\/yipkxe\/"},"rttpg_comment":0,"rttpg_category":null,"rttpg_excerpt":"elMeistrai jau daugel\u012f met\u0173 atliekamas elektros ir elektronikos technikos remontas Vilniuje, Kaune, Klaip\u0117doje, \u0160iauliuose. Kokia m\u016bs\u0173 teikiama paslauga Jus domina?...","_links":{"self":[{"href":"https:\/\/elmeistrai.lt\/fr\/wp-json\/wp\/v2\/pages\/4","targetHints":{"allow":["GET"]}}],"collection":[{"href":"https:\/\/elmeistrai.lt\/fr\/wp-json\/wp\/v2\/pages"}],"about":[{"href":"https:\/\/elmeistrai.lt\/fr\/wp-json\/wp\/v2\/types\/page"}],"author":[{"embeddable":true,"href":"https:\/\/elmeistrai.lt\/fr\/wp-json\/wp\/v2\/users\/1"}],"replies":[{"embeddable":true,"href":"https:\/\/elmeistrai.lt\/fr\/wp-json\/wp\/v2\/comments?post=4"}],"version-history":[{"count":58,"href":"https:\/\/elmeistrai.lt\/fr\/wp-json\/wp\/v2\/pages\/4\/revisions"}],"predecessor-version":[{"id":8482,"href":"https:\/\/elmeistrai.lt\/fr\/wp-json\/wp\/v2\/pages\/4\/revisions\/8482"}],"wp:attachment":[{"href":"https:\/\/elmeistrai.lt\/fr\/wp-json\/wp\/v2\/media?parent=4"}],"curies":[{"name":"wp","href":"https:\/\/api.w.org\/{rel}","templated":true}]}}