{"id":397,"date":"2019-03-29T13:35:38","date_gmt":"2019-03-29T15:35:38","guid":{"rendered":"https:\/\/elmeistrai.lt\/?page_id=397"},"modified":"2022-04-09T20:00:46","modified_gmt":"2022-04-09T22:00:46","slug":"honda-navigacija","status":"publish","type":"page","link":"https:\/\/elmeistrai.lt\/fr\/honda-navigacija\/","title":{"rendered":"Navigation Honda"},"content":{"rendered":"<h2 class=\"wp-block-heading\">Cartes de navigation HONDA pour la Lituanie et l'Europe pour les syst\u00e8mes de reconnaissance vocale et DVD (APN2\/APN3) <\/h2>\n\n\n<p><strong>1 Disque de navigation avec cartes (v3.8) : <br><\/strong>Andorre, Autriche, Belgique, Danemark, France, Allemagne, Irlande, Italie, Liechtenstein, Luxembourg, Monaco, Pays-Bas, Portugal, Saint-Marin, Espagne, Suisse, Cit\u00e9 du Vatican <br><strong>2 Disque de navigation avec cartes (v3.8) :<br><\/strong>Autriche, Bulgarie, Croatie, R\u00e9publique tch\u00e8que, Danemark, Estonie, Gr\u00e8ce, Italie, Lettonie, Pologne, <strong> Lituanie (d\u00e9taill\u00e9)<\/strong>Allemagne, Liechtenstein, Norv\u00e8ge, Roumanie, Saint-Marin, Slovaquie, Slov\u00e9nie, Finlande, Su\u00e8de, Suisse, Hongrie, Cit\u00e9 du Vatican<\/p>\n<p><strong>Convenance :<\/strong><br><em>Honda Legend 2006 - 2010 <\/em><br><em>Honda Accord 2005\/12 - 2013<br>Honda CR-V 2007 - 2013 <br>Honda Civic 3dr 2006 - 2011 m. <br>Honda Civic 5dr 2006 - 2011 m. <br>Honda Civic 4dr (IMA) 2008 - 2011 m.<br>Honda CR-Z 2010 - 2013<br>Honda Insight 2009 - 2013<\/em><\/p>\n<p><strong>Informations compl\u00e9mentaires : <\/strong><br>La carte SD ne s'ouvre pas sans ouvrir l'\u00e9cran.<br>La carte SD n'est pas ins\u00e9r\u00e9e lorsque l'\u00e9cran est ouvert (le logement de la carte CIF peut \u00eatre pr\u00e9sent lorsque l'\u00e9cran est ouvert !)<br>Lorsque l'\u00e9cran est ouvert, le mot HDD ne doit pas appara\u00eetre.<br>La commande vocale (reconnaissance vocale) doit \u00eatre disponible. Il y a g\u00e9n\u00e9ralement un bouton avec une ic\u00f4ne de personne parlante - presque toujours sur le volant. Appuyez sur ce bouton et dites par exemple MENU ouvre un menu et la voix de Honda dit que MENU est ouvert. Il ne suffit pas de voir le microphone, car il peut s'agir d'un dispositif mains libres ou d'un t\u00e9l\u00e9phone.<\/p>\n<p><strong>1 an de garantie | Cartes les plus r\u00e9centes | Meilleur prix | Vilnius, Kaunas, Klaipeda<\/strong><\/p>\n<hr>\n\n\n<h2 class=\"wp-block-heading\">HONDA Navigation Cartes europ\u00e9ennes pour les syst\u00e8mes sans reconnaissance vocale et DVD (APN2) <\/h2>\n\n\n<p><strong>1 Disque de navigation avec cartes (v2.11 derni\u00e8re version)<br><\/strong>Autriche, Belgique, Luxembourg, Danemark, France, Allemagne, Irlande, Italie, Portugal, Espagne, Royaume-Uni, Pays-Bas, Norv\u00e8ge, Finlande, Andorre, Monaco, Saint-Marin, Liechtenstein, Su\u00e8de, Suisse, Cit\u00e9 du Vatican, Allemagne.<\/p>\n<p><strong>Convenance :<\/strong><br><em>Honda Accord 2003 - 2005 <br>Honda CR-V 2002 - 2006 <br>Honda FR-V 2005 - 2009<br>Honda Stream 2004 - 2006<br>Honda Civic 3dr 2004 - 2005 m.<br>Honda Civic 5dr 2004 - 2005 m.<br>Honda Jazz 2002 - 2007<\/em> m.<\/p>\n<p><strong>Informations compl\u00e9mentaires :<\/strong><br>La carte SD ne se charge pas sans ouvrir l'\u00e9cran.<br>La carte SD n'est pas ins\u00e9r\u00e9e lorsque l'\u00e9cran est ouvert (le logement de la carte CIF peut \u00eatre pr\u00e9sent lorsque l'\u00e9cran est ouvert !)<br>Lorsque l'\u00e9cran est ouvert, le mot HDD ne doit pas appara\u00eetre.<br>Il n'y a pas de contr\u00f4le des votes.<\/p>\n<p><strong>1 an de garantie | Cartes les plus r\u00e9centes | Meilleur prix | Vilnius, Kaunas, Klaipeda<\/strong><\/p>\n<hr>\n\n\n<h2 class=\"wp-block-heading\">HONDA Navigation Cartes europ\u00e9ennes pour les syst\u00e8mes Blaupunkt TravelPilot DX<\/h2>\n\n\n\n<div class=\"wp-block-image\"><figure class=\"alignright\"><img loading=\"lazy\" decoding=\"async\" width=\"150\" height=\"110\" src=\"https:\/\/elmeistrai.lt\/wp-content\/uploads\/2019\/03\/honda-navigacija-DX-150x110.jpg\" alt=\"\" class=\"wp-image-404\"\/><\/figure><\/div>\n\n\n<p><strong>Disques de navigation avec cartes : <\/strong><br>1 - Autriche, Suisse, Liechtenstein, France, Allemagne, Italie + MRE <br>2 - Belgique, Pays-Bas, Luxembourg + cartes de transit europ\u00e9en<br>3 - R\u00e9publique tch\u00e8que, <strong>Pologne <\/strong> + cartes des transports en commun europ\u00e9ens<br>4 - Allemagne + cartes de transit europ\u00e9en<br>5 - Italie, Saint-Marin, Cit\u00e9 du Vatican + cartes des transports en commun europ\u00e9ens<br>6 - Finlande, Su\u00e8de, Norv\u00e8ge, Danemark + cartes de transit europ\u00e9en<br>7 - Espagne, Portugal + cartes de transit europ\u00e9en<br>8 - France + cartes de transit europ\u00e9en<br>9 MRE - Cartes de transit de l'Europe.<\/p>\n<p><strong>Convenance :<\/strong><br><em>Honda Accord 1995 - 2007<\/em><\/p>\n<p><strong>1 an de garantie | Cartes les plus r\u00e9centes | Meilleur prix | Vilnius, Kaunas, Klaipeda<\/strong><\/p>\n<hr>\n\n\n<h2 class=\"wp-block-heading\">Cartes de navigation HONDA pour le syst\u00e8me de navigation HDD (avec HDD)<\/h2>\n\n\n<p style=\"text-align: left;\"><strong>Pas de mise \u00e0 jour<\/strong><\/p>\n<p><strong>Convenance :<\/strong><br><em>Honda CR-V 2009 - 2011<br>Honda Civic 3dr 2009 - 2011 m.<br>Honda Civic 5dr 2009 - 2011 m.<br>Honda Civic 4dr (IMA) 2009 - 2011 m.<br>Honda CR-Z 2010 - 2011<br>Honda Jazz 2009 - 2011<br>Honda Insight 2009 - 2011<\/em><\/p>\n<p><strong>Informations compl\u00e9mentaires :<\/strong><br>Lorsque l'\u00e9cran s'ouvre, le message HDD s'affiche.<\/p>\n<p><strong>1 an de garantie | Cartes les plus r\u00e9centes | Meilleur prix | Vilnius, Kaunas, Klaipeda<\/strong><\/p>\n<hr>\n\n\n<h2 class=\"wp-block-heading\">Cartes de navigation HONDA pour le syst\u00e8me de navigation SD (avec carte SD)<\/h2>\n\n\n<p><strong>Pas de mise \u00e0 jour<\/strong><\/p>\n<p><strong>Convenance :<\/strong><br><em>HONDA CR-V \u00e0 partir de 2012<br>HONDA CR-Z \u00e0 partir de 2012<br>HONDA Civic 5dr \u00e0 partir de 2012<br>HONDA Insight \u00e0 partir de 2012<br>HONDA Jazz \u00e0 partir de 2012<\/em><\/p>\n<p><strong>Informations compl\u00e9mentaires :<\/strong><br>La carte SD de navigation est ins\u00e9r\u00e9e sans ouvrir l'\u00e9cran.<\/p>\n<p><strong>1 an de garantie | Cartes les plus r\u00e9centes | Meilleur prix | Vilnius, Kaunas, Klaipeda<\/strong><\/p>\n<hr>\n\n\n<h2 class=\"wp-block-heading\">Cartes de navigation HONDA pour le syst\u00e8me de navigation SSD (avec carte SD)<\/h2>\n\n\n\n<div class=\"wp-block-image\"><figure class=\"alignright\"><img loading=\"lazy\" decoding=\"async\" width=\"150\" height=\"150\" src=\"https:\/\/elmeistrai.lt\/wp-content\/uploads\/2019\/04\/honda-navigacija-sd-150x150.jpg\" alt=\"\" class=\"wp-image-411\"\/><\/figure><\/div>\n\n\n<p><strong>Pas de mise \u00e0 jour<\/strong><\/p>\n<p><strong>Convenance :<\/strong><br><em>HONDA CR-V 2009 - 2012<br>HONDA Civic 3dr 2009 - 2012<br>HONDA Civic 5dr 2009 - 2012<br>HONDA Civic 4dr (IMA) 2009 - 2012<br>HONDA CR-Z 2009 - 2012<br>HONDA Jazz 2009 - 2012<br>HONDA Insight 2009 - 2012<\/em><\/p>\n<p><strong>Informations compl\u00e9mentaires :<\/strong><br>La carte SD de navigation est ins\u00e9r\u00e9e lorsque l'\u00e9cran est ouvert.<\/p>\n<p><strong>1 an de garantie | Cartes les plus r\u00e9centes | Meilleur prix | Vilnius, Kaunas, Klaipeda<\/strong><\/p>\n<hr>","protected":false},"excerpt":{"rendered":"<p>Cartes de navigation HONDA pour la Lituanie et l'Europe pour les syst\u00e8mes de reconnaissance vocale et les DVD (APN2\/APN3) 1 Disque de navigation avec...<\/p>","protected":false},"author":1,"featured_media":0,"parent":0,"menu_order":0,"comment_status":"closed","ping_status":"closed","template":"","meta":{"_uag_custom_page_level_css":"","footnotes":""},"class_list":["post-397","page","type-page","status-publish","hentry"],"yoast_head":"<!-- This site is optimized with the Yoast SEO plugin v27.3 - https:\/\/yoast.com\/product\/yoast-seo-wordpress\/ -->\n<title>Honda navigacija Vilniuje, Kaune, Klaip\u0117doje, \u0160iauliuose<\/title>\n<meta name=\"description\" content=\"HONDA navigacijos Lietuvos ir Europos naujausi\u0173 \u017eem\u0117lapi\u0173 atnaujinimas - Vilniuje, Kaune, Klaip\u0117doje.\" \/>\n<meta name=\"robots\" content=\"index, follow, max-snippet:-1, max-image-preview:large, max-video-preview:-1\" \/>\n<link rel=\"canonical\" href=\"https:\/\/elmeistrai.lt\/fr\/honda-navigacija\/\" \/>\n<meta property=\"og:locale\" content=\"fr_FR\" \/>\n<meta property=\"og:type\" content=\"article\" \/>\n<meta property=\"og:title\" content=\"Honda navigacija Vilniuje, Kaune, Klaip\u0117doje, \u0160iauliuose\" \/>\n<meta property=\"og:description\" content=\"HONDA navigacijos Lietuvos ir Europos naujausi\u0173 \u017eem\u0117lapi\u0173 atnaujinimas - Vilniuje, Kaune, Klaip\u0117doje.\" \/>\n<meta property=\"og:url\" content=\"https:\/\/elmeistrai.lt\/fr\/honda-navigacija\/\" \/>\n<meta property=\"og:site_name\" content=\"Vilniuje, Kaune, Klaip\u0117doje, \u0160iauliuose\" \/>\n<meta property=\"article:publisher\" content=\"https:\/\/www.facebook.com\/elmeistrai.lt\/\" \/>\n<meta property=\"article:modified_time\" content=\"2022-04-09T22:00:46+00:00\" \/>\n<meta property=\"og:image\" content=\"https:\/\/elmeistrai.lt\/wp-content\/uploads\/2019\/03\/honda-navigacija-DX-150x110.jpg\" \/>\n<meta name=\"twitter:card\" content=\"summary_large_image\" \/>\n<meta name=\"twitter:label1\" content=\"Dur\u00e9e de lecture estim\u00e9e\" \/>\n\t<meta name=\"twitter:data1\" content=\"4 minutes\" \/>\n<script type=\"application\/ld+json\" class=\"yoast-schema-graph\">{\"@context\":\"https:\\\/\\\/schema.org\",\"@graph\":[{\"@type\":\"NewsArticle\",\"@id\":\"https:\\\/\\\/elmeistrai.lt\\\/en\\\/honda-navigacija\\\/#article\",\"isPartOf\":{\"@id\":\"https:\\\/\\\/elmeistrai.lt\\\/en\\\/honda-navigacija\\\/\"},\"author\":{\"name\":\"elMeistrai\",\"@id\":\"https:\\\/\\\/elmeistrai.lt\\\/#\\\/schema\\\/person\\\/6363b621eb9606785f7f2ae9a52987f7\"},\"headline\":\"Honda navigacija\",\"datePublished\":\"2019-03-29T15:35:38+00:00\",\"dateModified\":\"2022-04-09T22:00:46+00:00\",\"mainEntityOfPage\":{\"@id\":\"https:\\\/\\\/elmeistrai.lt\\\/en\\\/honda-navigacija\\\/\"},\"wordCount\":614,\"publisher\":{\"@id\":\"https:\\\/\\\/elmeistrai.lt\\\/#organization\"},\"image\":{\"@id\":\"https:\\\/\\\/elmeistrai.lt\\\/en\\\/honda-navigacija\\\/#primaryimage\"},\"thumbnailUrl\":\"https:\\\/\\\/elmeistrai.lt\\\/wp-content\\\/uploads\\\/2019\\\/03\\\/honda-navigacija-DX-150x110.jpg\",\"inLanguage\":\"fr-FR\"},{\"@type\":[\"WebPage\",\"ItemPage\"],\"@id\":\"https:\\\/\\\/elmeistrai.lt\\\/en\\\/honda-navigacija\\\/\",\"url\":\"https:\\\/\\\/elmeistrai.lt\\\/en\\\/honda-navigacija\\\/\",\"name\":\"Honda navigacija Vilniuje, Kaune, Klaip\u0117doje, \u0160iauliuose\",\"isPartOf\":{\"@id\":\"https:\\\/\\\/elmeistrai.lt\\\/#website\"},\"primaryImageOfPage\":{\"@id\":\"https:\\\/\\\/elmeistrai.lt\\\/en\\\/honda-navigacija\\\/#primaryimage\"},\"image\":{\"@id\":\"https:\\\/\\\/elmeistrai.lt\\\/en\\\/honda-navigacija\\\/#primaryimage\"},\"thumbnailUrl\":\"https:\\\/\\\/elmeistrai.lt\\\/wp-content\\\/uploads\\\/2019\\\/03\\\/honda-navigacija-DX-150x110.jpg\",\"datePublished\":\"2019-03-29T15:35:38+00:00\",\"dateModified\":\"2022-04-09T22:00:46+00:00\",\"description\":\"HONDA navigacijos Lietuvos ir Europos naujausi\u0173 \u017eem\u0117lapi\u0173 atnaujinimas - Vilniuje, Kaune, Klaip\u0117doje.\",\"breadcrumb\":{\"@id\":\"https:\\\/\\\/elmeistrai.lt\\\/en\\\/honda-navigacija\\\/#breadcrumb\"},\"inLanguage\":\"fr-FR\",\"potentialAction\":[{\"@type\":\"ReadAction\",\"target\":[\"https:\\\/\\\/elmeistrai.lt\\\/en\\\/honda-navigacija\\\/\"]}]},{\"@type\":\"ImageObject\",\"inLanguage\":\"fr-FR\",\"@id\":\"https:\\\/\\\/elmeistrai.lt\\\/en\\\/honda-navigacija\\\/#primaryimage\",\"url\":\"https:\\\/\\\/elmeistrai.lt\\\/wp-content\\\/uploads\\\/2019\\\/03\\\/honda-navigacija-DX-150x110.jpg\",\"contentUrl\":\"https:\\\/\\\/elmeistrai.lt\\\/wp-content\\\/uploads\\\/2019\\\/03\\\/honda-navigacija-DX-150x110.jpg\"},{\"@type\":\"BreadcrumbList\",\"@id\":\"https:\\\/\\\/elmeistrai.lt\\\/en\\\/honda-navigacija\\\/#breadcrumb\",\"itemListElement\":[{\"@type\":\"ListItem\",\"position\":1,\"name\":\"Home\",\"item\":\"https:\\\/\\\/elmeistrai.lt\\\/\"},{\"@type\":\"ListItem\",\"position\":2,\"name\":\"Honda navigacija\"}]},{\"@type\":\"WebSite\",\"@id\":\"https:\\\/\\\/elmeistrai.lt\\\/#website\",\"url\":\"https:\\\/\\\/elmeistrai.lt\\\/\",\"name\":\"Vilniuje, Kaune, Klaip\u0117doje, \u0160iauliuose\",\"description\":\"Nam\u0173 ir verslo elektronikos prietais\u0173 remontas. Kase\u010di\u0173 pildymas.\",\"publisher\":{\"@id\":\"https:\\\/\\\/elmeistrai.lt\\\/#organization\"},\"potentialAction\":[{\"@type\":\"SearchAction\",\"target\":{\"@type\":\"EntryPoint\",\"urlTemplate\":\"https:\\\/\\\/elmeistrai.lt\\\/?s={search_term_string}\"},\"query-input\":{\"@type\":\"PropertyValueSpecification\",\"valueRequired\":true,\"valueName\":\"search_term_string\"}}],\"inLanguage\":\"fr-FR\"},{\"@type\":\"Organization\",\"@id\":\"https:\\\/\\\/elmeistrai.lt\\\/#organization\",\"name\":\"elMeistrai.lt\",\"alternateName\":\"Kavos aparat\u0173, paspirtuk\u0173, televizori\u0173, kompiuteri\u0173, telefon\u0173 ir kt. technikos remontas\",\"url\":\"https:\\\/\\\/elmeistrai.lt\\\/\",\"logo\":{\"@type\":\"ImageObject\",\"inLanguage\":\"fr-FR\",\"@id\":\"https:\\\/\\\/elmeistrai.lt\\\/#\\\/schema\\\/logo\\\/image\\\/\",\"url\":\"https:\\\/\\\/elmeistrai.lt\\\/wp-content\\\/uploads\\\/2022\\\/09\\\/elmeistrai_logo.jpg\",\"contentUrl\":\"https:\\\/\\\/elmeistrai.lt\\\/wp-content\\\/uploads\\\/2022\\\/09\\\/elmeistrai_logo.jpg\",\"width\":556,\"height\":143,\"caption\":\"elMeistrai.lt\"},\"image\":{\"@id\":\"https:\\\/\\\/elmeistrai.lt\\\/#\\\/schema\\\/logo\\\/image\\\/\"},\"sameAs\":[\"https:\\\/\\\/www.facebook.com\\\/elmeistrai.lt\\\/\"]},{\"@type\":\"Person\",\"@id\":\"https:\\\/\\\/elmeistrai.lt\\\/#\\\/schema\\\/person\\\/6363b621eb9606785f7f2ae9a52987f7\",\"name\":\"elMeistrai\",\"image\":{\"@type\":\"ImageObject\",\"inLanguage\":\"fr-FR\",\"@id\":\"https:\\\/\\\/secure.gravatar.com\\\/avatar\\\/052f2d9640381d6904c5c0676ac3cc3d7ad734def78df3657e571451cad9870d?s=96&d=mm&r=g\",\"url\":\"https:\\\/\\\/secure.gravatar.com\\\/avatar\\\/052f2d9640381d6904c5c0676ac3cc3d7ad734def78df3657e571451cad9870d?s=96&d=mm&r=g\",\"contentUrl\":\"https:\\\/\\\/secure.gravatar.com\\\/avatar\\\/052f2d9640381d6904c5c0676ac3cc3d7ad734def78df3657e571451cad9870d?s=96&d=mm&r=g\",\"caption\":\"elMeistrai\"},\"url\":\"https:\\\/\\\/elmeistrai.lt\\\/fr\\\/author\\\/yipkxe\\\/\"}]}<\/script>\n<!-- \/ Yoast SEO plugin. -->","yoast_head_json":{"title":"Honda navigacija Vilniuje, Kaune, Klaip\u0117doje, \u0160iauliuose","description":"Mise \u00e0 jour des derni\u00e8res cartes de navigation HONDA pour la Lituanie et l'Europe - Vilnius, Kaunas, Klaip\u0117da.","robots":{"index":"index","follow":"follow","max-snippet":"max-snippet:-1","max-image-preview":"max-image-preview:large","max-video-preview":"max-video-preview:-1"},"canonical":"https:\/\/elmeistrai.lt\/fr\/honda-navigacija\/","og_locale":"fr_FR","og_type":"article","og_title":"Honda navigacija Vilniuje, Kaune, Klaip\u0117doje, \u0160iauliuose","og_description":"HONDA navigacijos Lietuvos ir Europos naujausi\u0173 \u017eem\u0117lapi\u0173 atnaujinimas - Vilniuje, Kaune, Klaip\u0117doje.","og_url":"https:\/\/elmeistrai.lt\/fr\/honda-navigacija\/","og_site_name":"Vilniuje, Kaune, Klaip\u0117doje, \u0160iauliuose","article_publisher":"https:\/\/www.facebook.com\/elmeistrai.lt\/","article_modified_time":"2022-04-09T22:00:46+00:00","og_image":[{"url":"https:\/\/elmeistrai.lt\/wp-content\/uploads\/2019\/03\/honda-navigacija-DX-150x110.jpg","type":"","width":"","height":""}],"twitter_card":"summary_large_image","twitter_misc":{"Dur\u00e9e de lecture estim\u00e9e":"4 minutes"},"schema":{"@context":"https:\/\/schema.org","@graph":[{"@type":"NewsArticle","@id":"https:\/\/elmeistrai.lt\/en\/honda-navigacija\/#article","isPartOf":{"@id":"https:\/\/elmeistrai.lt\/en\/honda-navigacija\/"},"author":{"name":"elMeistrai","@id":"https:\/\/elmeistrai.lt\/#\/schema\/person\/6363b621eb9606785f7f2ae9a52987f7"},"headline":"Honda navigacija","datePublished":"2019-03-29T15:35:38+00:00","dateModified":"2022-04-09T22:00:46+00:00","mainEntityOfPage":{"@id":"https:\/\/elmeistrai.lt\/en\/honda-navigacija\/"},"wordCount":614,"publisher":{"@id":"https:\/\/elmeistrai.lt\/#organization"},"image":{"@id":"https:\/\/elmeistrai.lt\/en\/honda-navigacija\/#primaryimage"},"thumbnailUrl":"https:\/\/elmeistrai.lt\/wp-content\/uploads\/2019\/03\/honda-navigacija-DX-150x110.jpg","inLanguage":"fr-FR"},{"@type":["WebPage","ItemPage"],"@id":"https:\/\/elmeistrai.lt\/en\/honda-navigacija\/","url":"https:\/\/elmeistrai.lt\/en\/honda-navigacija\/","name":"Honda navigacija Vilniuje, Kaune, Klaip\u0117doje, \u0160iauliuose","isPartOf":{"@id":"https:\/\/elmeistrai.lt\/#website"},"primaryImageOfPage":{"@id":"https:\/\/elmeistrai.lt\/en\/honda-navigacija\/#primaryimage"},"image":{"@id":"https:\/\/elmeistrai.lt\/en\/honda-navigacija\/#primaryimage"},"thumbnailUrl":"https:\/\/elmeistrai.lt\/wp-content\/uploads\/2019\/03\/honda-navigacija-DX-150x110.jpg","datePublished":"2019-03-29T15:35:38+00:00","dateModified":"2022-04-09T22:00:46+00:00","description":"Mise \u00e0 jour des derni\u00e8res cartes de navigation HONDA pour la Lituanie et l'Europe - Vilnius, Kaunas, Klaip\u0117da.","breadcrumb":{"@id":"https:\/\/elmeistrai.lt\/en\/honda-navigacija\/#breadcrumb"},"inLanguage":"fr-FR","potentialAction":[{"@type":"ReadAction","target":["https:\/\/elmeistrai.lt\/en\/honda-navigacija\/"]}]},{"@type":"ImageObject","inLanguage":"fr-FR","@id":"https:\/\/elmeistrai.lt\/en\/honda-navigacija\/#primaryimage","url":"https:\/\/elmeistrai.lt\/wp-content\/uploads\/2019\/03\/honda-navigacija-DX-150x110.jpg","contentUrl":"https:\/\/elmeistrai.lt\/wp-content\/uploads\/2019\/03\/honda-navigacija-DX-150x110.jpg"},{"@type":"BreadcrumbList","@id":"https:\/\/elmeistrai.lt\/en\/honda-navigacija\/#breadcrumb","itemListElement":[{"@type":"ListItem","position":1,"name":"Home","item":"https:\/\/elmeistrai.lt\/"},{"@type":"ListItem","position":2,"name":"Honda navigacija"}]},{"@type":"WebSite","@id":"https:\/\/elmeistrai.lt\/#website","url":"https:\/\/elmeistrai.lt\/","name":"Vilnius, Kaunas, Klaip\u0117da, \u0160iauliai","description":"R\u00e9paration d'appareils \u00e9lectroniques domestiques et professionnels. Remplissage de cartouches.","publisher":{"@id":"https:\/\/elmeistrai.lt\/#organization"},"potentialAction":[{"@type":"SearchAction","target":{"@type":"EntryPoint","urlTemplate":"https:\/\/elmeistrai.lt\/?s={search_term_string}"},"query-input":{"@type":"PropertyValueSpecification","valueRequired":true,"valueName":"search_term_string"}}],"inLanguage":"fr-FR"},{"@type":"Organization","@id":"https:\/\/elmeistrai.lt\/#organization","name":"elMeistrai.lt","alternateName":"Kavos aparat\u0173, paspirtuk\u0173, televizori\u0173, kompiuteri\u0173, telefon\u0173 ir kt. technikos remontas","url":"https:\/\/elmeistrai.lt\/","logo":{"@type":"ImageObject","inLanguage":"fr-FR","@id":"https:\/\/elmeistrai.lt\/#\/schema\/logo\/image\/","url":"https:\/\/elmeistrai.lt\/wp-content\/uploads\/2022\/09\/elmeistrai_logo.jpg","contentUrl":"https:\/\/elmeistrai.lt\/wp-content\/uploads\/2022\/09\/elmeistrai_logo.jpg","width":556,"height":143,"caption":"elMeistrai.lt"},"image":{"@id":"https:\/\/elmeistrai.lt\/#\/schema\/logo\/image\/"},"sameAs":["https:\/\/www.facebook.com\/elmeistrai.lt\/"]},{"@type":"Person","@id":"https:\/\/elmeistrai.lt\/#\/schema\/person\/6363b621eb9606785f7f2ae9a52987f7","name":"elMeistrai","image":{"@type":"ImageObject","inLanguage":"fr-FR","@id":"https:\/\/secure.gravatar.com\/avatar\/052f2d9640381d6904c5c0676ac3cc3d7ad734def78df3657e571451cad9870d?s=96&d=mm&r=g","url":"https:\/\/secure.gravatar.com\/avatar\/052f2d9640381d6904c5c0676ac3cc3d7ad734def78df3657e571451cad9870d?s=96&d=mm&r=g","contentUrl":"https:\/\/secure.gravatar.com\/avatar\/052f2d9640381d6904c5c0676ac3cc3d7ad734def78df3657e571451cad9870d?s=96&d=mm&r=g","caption":"elMeistrai"},"url":"https:\/\/elmeistrai.lt\/fr\/author\/yipkxe\/"}]}},"uagb_featured_image_src":{"full":false,"thumbnail":false,"medium":false,"medium_large":false,"large":false,"1536x1536":false,"2048x2048":false,"trp-custom-language-flag":false,"writemag-1218w-autoh-image":false,"writemag-675w-autoh-image":false,"writemag-100w-100h-image":false},"uagb_author_info":{"display_name":"elMeistrai","author_link":"https:\/\/elmeistrai.lt\/fr\/author\/yipkxe\/"},"uagb_comment_info":0,"uagb_excerpt":"HONDA navigacijos Lietuvos ir Europos \u017eem\u0117lapiai sistemoms SU BALSINIU VALDYMU (Voice Recognition) ir DVD diskais (APN2\/APN3) 1 Navigacijos diskas su...","rttpg_featured_image_url":null,"rttpg_author":{"display_name":"elMeistrai","author_link":"https:\/\/elmeistrai.lt\/fr\/author\/yipkxe\/"},"rttpg_comment":0,"rttpg_category":null,"rttpg_excerpt":"HONDA navigacijos Lietuvos ir Europos \u017eem\u0117lapiai sistemoms SU BALSINIU VALDYMU (Voice Recognition) ir DVD diskais (APN2\/APN3) 1 Navigacijos diskas su...","_links":{"self":[{"href":"https:\/\/elmeistrai.lt\/fr\/wp-json\/wp\/v2\/pages\/397","targetHints":{"allow":["GET"]}}],"collection":[{"href":"https:\/\/elmeistrai.lt\/fr\/wp-json\/wp\/v2\/pages"}],"about":[{"href":"https:\/\/elmeistrai.lt\/fr\/wp-json\/wp\/v2\/types\/page"}],"author":[{"embeddable":true,"href":"https:\/\/elmeistrai.lt\/fr\/wp-json\/wp\/v2\/users\/1"}],"replies":[{"embeddable":true,"href":"https:\/\/elmeistrai.lt\/fr\/wp-json\/wp\/v2\/comments?post=397"}],"version-history":[{"count":14,"href":"https:\/\/elmeistrai.lt\/fr\/wp-json\/wp\/v2\/pages\/397\/revisions"}],"predecessor-version":[{"id":1548,"href":"https:\/\/elmeistrai.lt\/fr\/wp-json\/wp\/v2\/pages\/397\/revisions\/1548"}],"wp:attachment":[{"href":"https:\/\/elmeistrai.lt\/fr\/wp-json\/wp\/v2\/media?parent=397"}],"curies":[{"name":"wp","href":"https:\/\/api.w.org\/{rel}","templated":true}]}}