{"id":297,"date":"2019-03-29T07:21:49","date_gmt":"2019-03-29T09:21:49","guid":{"rendered":"https:\/\/elmeistrai.lt\/?page_id=297"},"modified":"2022-04-09T19:59:59","modified_gmt":"2022-04-09T21:59:59","slug":"bmw-navigacija","status":"publish","type":"page","link":"https:\/\/elmeistrai.lt\/fr\/bmw-navigacija\/","title":{"rendered":"Navigation BMW"},"content":{"rendered":"<h2 class=\"wp-block-heading\">Cartes de navigation BMW pour la Lituanie et l'Europe pour CIC Premium \/ CIC-MID Business Motion \/ Champ2 Business Move \/ NBT Next HU-H avec disque dur <\/h2>\n\n\n\n<div class=\"wp-block-image\"><figure class=\"alignright is-resized\"><img loading=\"lazy\" decoding=\"async\" src=\"https:\/\/elmeistrai.lt\/wp-content\/uploads\/2019\/03\/bmw-navigacija-cic.-300x176.jpg\" alt=\"\" class=\"wp-image-300\" width=\"225\" height=\"132\" srcset=\"https:\/\/elmeistrai.lt\/wp-content\/uploads\/2019\/03\/bmw-navigacija-cic.-300x176.jpg 300w, https:\/\/elmeistrai.lt\/wp-content\/uploads\/2019\/03\/bmw-navigacija-cic.-660x387.jpg 660w, https:\/\/elmeistrai.lt\/wp-content\/uploads\/2019\/03\/bmw-navigacija-cic..jpg 739w\" sizes=\"auto, (max-width: 225px) 100vw, 225px\" \/><\/figure><\/div>\n\n\n<p><strong>Mise \u00e0 jour des cartes de navigation :<\/strong><br><strong>Lituanie (d\u00e9taill\u00e9)<\/strong>Allemagne, Autriche, Andorre, Belgique, Suisse, R\u00e9publique tch\u00e8que, Danemark, Espagne, France, Finlande, Liechtenstein, Royaume-Uni, Gr\u00e8ce, Irlande, Italie, Luxembourg, Monaco, Norv\u00e8ge, Pays-Bas, Portugal, Saint-Marin, Su\u00e8de, Cit\u00e9 du Vatican, Russie, Pologne, Hongrie, Pologne, Croatie, Slov\u00e9nie, Belarus, Estonie, Lettonie, Estonie.<\/p>\n<p><strong>Convenance :<\/strong><br><em>BMW 1er - E81\/E82\/E87\/E88\/F20\/F21\/F52 et autres fabriqu\u00e9s par 2009 -<br>BMW 3er - E90\/E91\/E92\/E93\/F30\/F31\/F34\/F35 et autres 2009 -<br>BMW 5er - E60\/E61\/F07\/F10\/F11\/F18\/G30 et autres 2009 -<br>BMW 6er - E63\/E64\/F06\/F12\/F13et autres fabriqu\u00e9es en Allemagne 2009 -<br>BMW 7er - F01\/F02F03\/F04\/G11\/G12 fabriqu\u00e9. 2008 -<br>BMW X3 - F25\/F20 et autres fabriqu\u00e9s en. 2011 -<br>BMW X5 - E70\/F15 et autres fabriqu\u00e9s en. 2010 -<br>BMW X6 - E71\/E72\/F85\/F86 fabriqu\u00e9. 2010 -<\/em><\/p>\n<p><strong>1 an de garantie | Cartes les plus r\u00e9centes | Meilleur prix | Vilnius, Kaunas, Klaipeda<\/strong><\/p>\n<hr>\n\n\n<h2 class=\"wp-block-heading\">Cartes de navigation BMW pour la Lituanie et l'Europe pour les syst\u00e8mes CCC Professional avec DVD <\/h2>\n\n\n\n<div class=\"wp-block-image\"><figure class=\"alignright\"><img loading=\"lazy\" decoding=\"async\" width=\"150\" height=\"114\" src=\"https:\/\/elmeistrai.lt\/wp-content\/uploads\/2019\/03\/bmw-navigacija-150x114.jpg\" alt=\"\" class=\"wp-image-310\"\/><\/figure><\/div>\n\n\n<p><strong>1 Disque de navigation avec cartes : <br><\/strong>Irlande, Andorre, Belgique, Grande-Bretagne, Gibraltar, Espagne, Luxembourg, Monaco, Pays-Bas, Portugal, France + les principaux axes routiers europ\u00e9ens. <br><strong>2 Disque de navigation avec cartes :<\/strong><br>Autriche, Belgique, R\u00e9publique tch\u00e8que, Danemark, Allemagne, Italie, Liechtenstein, Luxembourg, Pays-Bas, Saint-Marin, Slov\u00e9nie, Suisse, Cit\u00e9 du Vatican, + routes principales europ\u00e9ennes. <br><strong>3 Disque de navigation avec cartes :<br><\/strong>Albanie, Belarus, Bulgarie, Croatie, Estonie, Gr\u00e8ce, Lettonie, Mont\u00e9n\u00e9gro, Pologne, <strong> Lituanie (d\u00e9taill\u00e9)<\/strong>Norv\u00e8ge, Roumanie, Russie, Slovaquie, Slov\u00e9nie, Finlande, Su\u00e8de, Ukraine, Hongrie + Routes principales europ\u00e9ennes.<\/p>\n<p><strong>Convenance :<\/strong><em><br>BMW 1er 2004 - 2008<br>BMW 3er 2004 - 2008<br>BMW 5er 2004 - 2008<br>BMW 6er 2004 - 2008<br>BMW X5 2004 - 2009<br>BMW X6 2004 <\/em><\/p>\n<p><strong>1 an de garantie | Cartes les plus r\u00e9centes | Meilleur prix | Vilnius, Kaunas, Klaipeda<\/strong><\/p>\n<hr>\n\n\n<h2 class=\"wp-block-heading\">Cartes de navigation BMW pour la Lituanie et l'Europe pour les entreprises (M-ASK I) pr\u00e9-LCI <\/h2>\n\n\n<p><strong>1 Disque de navigation avec cartes :<br><\/strong>Andorre, Autriche, Belgique, R\u00e9publique tch\u00e8que, Danemark, Finlande, France, Allemagne, Gr\u00e8ce, Irlande, Gibraltar, Irlande, Italie, Liechtenstein, Luxembourg, Monaco, Norv\u00e8ge, Pays-Bas, Portugal, Saint-Marin, Espagne, Su\u00e8de, Suisse, Cit\u00e9 du Vatican, Royaume-Uni.<\/p>\n<p><strong>2 Disque de navigation avec cartes :<br><\/strong>Allemagne, Autriche, Croatie, Danemark, Espagne, Estonie, Finlande, France, Gr\u00e8ce, Hongrie, Italie, Liechtenstein, Norv\u00e8ge, Saint-Marin, R\u00e9publique tch\u00e8que, Slovaquie, Slov\u00e9nie, Su\u00e8de, Suisse, Cit\u00e9 du Vatican.<\/p>\n<p><strong>Convenance :<\/strong><br><em>Mod\u00e8les BMW neFacelift (pr\u00e9-LCI) 2003 - 2007<\/em><\/p>\n<p><strong>1 an de garantie | Cartes les plus r\u00e9centes | Meilleur prix | Vilnius, Kaunas, Klaipeda<\/strong><\/p>\n<hr>\n\n\n<h2 class=\"wp-block-heading\">Cartes de navigation BMW pour la Lituanie et l'Europe pour les entreprises (M-ASK II) LCI <\/h2>\n\n\n\n<div class=\"wp-block-image\"><figure class=\"alignright\"><img loading=\"lazy\" decoding=\"async\" width=\"150\" height=\"150\" src=\"https:\/\/elmeistrai.lt\/wp-content\/uploads\/2019\/03\/bmw-navigacija-imasII-150x150.jpg\" alt=\"\" class=\"wp-image-323\"\/><\/figure><\/div>\n\n\n<p><strong>1 Disque de navigation avec cartes : <br><\/strong>Andorre, Autriche, Belgique, R\u00e9publique tch\u00e8que, Danemark, Finlande, France, Allemagne, Gr\u00e8ce, Irlande, Gibraltar, Irlande, Italie, Liechtenstein, Luxembourg, Monaco, Norv\u00e8ge, Pays-Bas, Portugal, Saint-Marin, Espagne, Su\u00e8de, Suisse, Cit\u00e9 du Vatican, Royaume-Uni.<\/p>\n<p><strong>2 Disque de navigation avec cartes : <br><\/strong>Allemagne, Autriche, Croatie, Danemark, Espagne, Estonie, Finlande, France, Gr\u00e8ce, Hongrie, Italie, Liechtenstein, Norv\u00e8ge, Saint-Marin, R\u00e9publique tch\u00e8que, Slovaquie, Slov\u00e9nie, Su\u00e8de, Suisse, Cit\u00e9 du Vatican.<\/p>\n<p><strong>3 Disque de navigation avec cartes :<\/strong><br>Irlande, Andorre, Autriche, Belgique, Bulgarie, R\u00e9publique tch\u00e8que, Danemark, Grande-Bretagne, Estonie, Gibraltar, Gr\u00e8ce, Espagne, Italie, Croatie, Lettonie, Liechtenstein, Pologne, <strong>Lituanie (d\u00e9taill\u00e9)<\/strong>Luxembourg, Monaco, Norv\u00e8ge, Pays-Bas, Portugal, France, Roumanie, Saint-Marin, Slovaquie, Slov\u00e9nie, Finlande, Su\u00e8de, Suisse, Cit\u00e9 du Vatican, Hongrie, Allemagne.<\/p>\n<p><strong>Convenance : <\/strong><br><em>Mod\u00e8les BMW Facelift (LCI) 2007 - 2010<br>Mod\u00e8les BMW neFacelift (pr\u00e9-LCI) 2003 - 2007 <\/em><\/p>\n<p><strong>Informations compl\u00e9mentaires :<\/strong><br>La navigation doit afficher des cartes en 2D.<\/p>\n<p><strong>1 an de garantie | Cartes les plus r\u00e9centes | Meilleur prix | Vilnius, Kaunas, Klaipeda<\/strong><\/p>\n<hr>\n\n\n<h2 class=\"wp-block-heading\">Cartes de navigation BMW pour la Lituanie et l'Europe (iDrive II) NAVI02\/NAVI03 avec DVD<\/h2>\n\n\n\n<div class=\"wp-block-image\"><figure class=\"alignright\"><img loading=\"lazy\" decoding=\"async\" width=\"150\" height=\"150\" src=\"https:\/\/elmeistrai.lt\/wp-content\/uploads\/2019\/03\/bmw-navigacija-o3-150x150.jpg\" alt=\"\" class=\"wp-image-315\"\/><\/figure><\/div>\n\n\n<p><strong>1 Disque de navigation avec cartes :<br><\/strong>Andorre, Autriche, Belgique, R\u00e9publique tch\u00e8que, Danemark, Finlande, France, Allemagne, Gr\u00e8ce, Irlande, Gibraltar, Irlande, Grande-Bretagne, Italie, Liechtenstein, Luxembourg, Monaco, Norv\u00e8ge, Pays-Bas, Portugal, Saint-Marin, Espagne, Su\u00e8de, Suisse, Cit\u00e9 du Vatican. <br><strong>2 Disque de navigation avec cartes :<br><\/strong>Autriche, Bi\u00e9lorussie, Bulgarie, Croatie, R\u00e9publique tch\u00e8que, Danemark, Estonie, Gr\u00e8ce, Italie, Liechtenstein, Lettonie, Pologne, <strong> Lituanie (d\u00e9taill\u00e9)<\/strong>Norv\u00e8ge, Roumanie, Russie, Saint-Marin, Slovaquie, Slov\u00e9nie, Finlande, Su\u00e8de, Suisse, Cit\u00e9 du Vatican, Hongrie, Allemagne.<\/p>\n<p><strong>Convenance : <\/strong><br><em>BMW 3er 2002 - 2007<br>BMW 5er 2002 - 2003<br>BMW 7er 2001 - 2007<br>BMW X3 2001 - 2007<br>BMW X5 1999 - 2008<br>BMW Z4 2002 - 2009<br>BMW Z8 2000 - 2003<\/em><\/p>\n<p><strong>Informations compl\u00e9mentaires : <\/strong><br>Navigation dans le coffre.<br>Le CD ou DVD est grav\u00e9 sur l'unit\u00e9 de navigation dans le coffre.<br>S'il n'y a pas de mention DVD, il s'agit d'un CD.<br>Si vous avez un syst\u00e8me de navigation par DVD, le syst\u00e8me de navigation par double disque fonctionne \u00e0 partir de la version 31.<br>Nous pouvons passer \u00e0 la derni\u00e8re version V32 si n\u00e9cessaire, ou utiliser un disque simple couche.<\/p>\n<p><strong>1 an de garantie | Cartes les plus r\u00e9centes | Meilleur prix | Vilnius, Kaunas, Klaipeda<\/strong><\/p>\n<hr>\n\n\n<h2 class=\"wp-block-heading\">Cartes de navigation BMW pour la Lituanie et l'Europe (iDrive I) NAVI01 MK1 MK2 MK3 MK4 avec CD <\/h2>\n\n\n\n<div class=\"wp-block-image\"><figure class=\"alignright is-resized\"><img loading=\"lazy\" decoding=\"async\" src=\"https:\/\/elmeistrai.lt\/wp-content\/uploads\/2019\/03\/bmw-navigacija-1-300x150.jpg\" alt=\"\" class=\"wp-image-318\" width=\"225\" height=\"113\" srcset=\"https:\/\/elmeistrai.lt\/wp-content\/uploads\/2019\/03\/bmw-navigacija-1-300x150.jpg 300w, https:\/\/elmeistrai.lt\/wp-content\/uploads\/2019\/03\/bmw-navigacija-1.jpg 648w\" sizes=\"auto, (max-width: 225px) 100vw, 225px\" \/><\/figure><\/div>\n\n\n<p><strong>Disques de navigation avec cartes : <\/strong><br>1 - Belgique, Pays-Bas, Luxembourg<br>2 - Autriche, Liechtenstein, Suisse, Allemagne, sh. Italie<br>3 - Europe de l'Est 1 - Estonie, Lettonie, <strong> Lituanie (d\u00e9taill\u00e9)<\/strong><br>4 - Europe de l'Est 2 - Bulgarie, R\u00e9publique tch\u00e8que, Pologne, Croatie, Hongrie, Roumanie, Slovaquie, Slov\u00e9nie<br>5 - \u0161. France<br>6 - p. France<br>7 - Allemagne<br>8 - Italie, Saint-Marin, Vatican, Gr\u00e8ce<br>9 - Danemark, Su\u00e8de, Finlande, Norv\u00e8ge<br>10 - Espagne<br>11 - Portugal<br>12 - Angleterre, \u00c9cosse, Irlande<br>13 - Cartes des principales routes d'Europe.<\/p>\n<p><strong>Convenance :<\/strong><br><em>BMW 3er 2003 - 2007<br>BMW 5er 1995 - 2003<br>BMW 7er 1993 - 2007<br>BMW X3 2001 - 2007<br>BMW X5 1999 - 2008<br>BMW M5 -2007<br>BMW Z4 2002 - 2009<br>BMW Z8 2000 - 2003<\/em> m.<\/p>\n<p><strong>Informations compl\u00e9mentaires :<\/strong><br>Le disque de navigation est plac\u00e9 dans le coffre.<\/p>\n<p><strong>1 an de garantie | Cartes les plus r\u00e9centes | Meilleur prix | Vilnius, Kaunas, Klaipeda<\/strong><\/p>\n<hr>","protected":false},"excerpt":{"rendered":"<p>Cartes de navigation BMW pour la Lituanie et l'Europe pour CIC Premium \/ CIC-MID Business Motion \/ Champ2 Business Move \/ NBT Next...<\/p>","protected":false},"author":1,"featured_media":0,"parent":0,"menu_order":0,"comment_status":"closed","ping_status":"closed","template":"","meta":{"_uag_custom_page_level_css":"","footnotes":""},"class_list":["post-297","page","type-page","status-publish","hentry"],"yoast_head":"<!-- This site is optimized with the Yoast SEO plugin v27.5 - https:\/\/yoast.com\/product\/yoast-seo-wordpress\/ -->\n<title>BMW navigacija Vilniuje, Kaune, Klaip\u0117doje, \u0160iauliuose<\/title>\n<meta name=\"description\" content=\"BMW navigacijos Lietuvos ir Europos naujausi\u0173 \u017eem\u0117lapi\u0173 atnaujinimas - Vilniuje, Kaune, Klaip\u0117doje.\" \/>\n<meta name=\"robots\" content=\"index, follow, max-snippet:-1, max-image-preview:large, max-video-preview:-1\" \/>\n<link rel=\"canonical\" href=\"https:\/\/elmeistrai.lt\/fr\/bmw-navigacija\/\" \/>\n<meta property=\"og:locale\" content=\"fr_FR\" \/>\n<meta property=\"og:type\" content=\"article\" \/>\n<meta property=\"og:title\" content=\"BMW navigacija Vilniuje, Kaune, Klaip\u0117doje, \u0160iauliuose\" \/>\n<meta property=\"og:description\" content=\"BMW navigacijos Lietuvos ir Europos naujausi\u0173 \u017eem\u0117lapi\u0173 atnaujinimas - Vilniuje, Kaune, Klaip\u0117doje.\" \/>\n<meta property=\"og:url\" content=\"https:\/\/elmeistrai.lt\/fr\/bmw-navigacija\/\" \/>\n<meta property=\"og:site_name\" content=\"Vilniuje, Kaune, Klaip\u0117doje, \u0160iauliuose\" \/>\n<meta property=\"article:publisher\" content=\"https:\/\/www.facebook.com\/elmeistrai.lt\/\" \/>\n<meta property=\"article:modified_time\" content=\"2022-04-09T21:59:59+00:00\" \/>\n<meta property=\"og:image\" content=\"https:\/\/elmeistrai.lt\/wp-content\/uploads\/2019\/03\/bmw-navigacija-cic.-300x176.jpg\" \/>\n<meta name=\"twitter:card\" content=\"summary_large_image\" \/>\n<meta name=\"twitter:label1\" content=\"Dur\u00e9e de lecture estim\u00e9e\" \/>\n\t<meta name=\"twitter:data1\" content=\"6 minutes\" \/>\n<script type=\"application\/ld+json\" class=\"yoast-schema-graph\">{\"@context\":\"https:\\\/\\\/schema.org\",\"@graph\":[{\"@type\":\"NewsArticle\",\"@id\":\"https:\\\/\\\/elmeistrai.lt\\\/en\\\/bmw-navigacija\\\/#article\",\"isPartOf\":{\"@id\":\"https:\\\/\\\/elmeistrai.lt\\\/en\\\/bmw-navigacija\\\/\"},\"author\":{\"name\":\"elMeistrai\",\"@id\":\"https:\\\/\\\/elmeistrai.lt\\\/#\\\/schema\\\/person\\\/6363b621eb9606785f7f2ae9a52987f7\"},\"headline\":\"BMW navigacija\",\"datePublished\":\"2019-03-29T09:21:49+00:00\",\"dateModified\":\"2022-04-09T21:59:59+00:00\",\"mainEntityOfPage\":{\"@id\":\"https:\\\/\\\/elmeistrai.lt\\\/en\\\/bmw-navigacija\\\/\"},\"wordCount\":830,\"publisher\":{\"@id\":\"https:\\\/\\\/elmeistrai.lt\\\/#organization\"},\"image\":{\"@id\":\"https:\\\/\\\/elmeistrai.lt\\\/en\\\/bmw-navigacija\\\/#primaryimage\"},\"thumbnailUrl\":\"https:\\\/\\\/elmeistrai.lt\\\/wp-content\\\/uploads\\\/2019\\\/03\\\/bmw-navigacija-cic.-300x176.jpg\",\"inLanguage\":\"fr-FR\"},{\"@type\":[\"WebPage\",\"ItemPage\"],\"@id\":\"https:\\\/\\\/elmeistrai.lt\\\/en\\\/bmw-navigacija\\\/\",\"url\":\"https:\\\/\\\/elmeistrai.lt\\\/en\\\/bmw-navigacija\\\/\",\"name\":\"BMW navigacija Vilniuje, Kaune, Klaip\u0117doje, \u0160iauliuose\",\"isPartOf\":{\"@id\":\"https:\\\/\\\/elmeistrai.lt\\\/#website\"},\"primaryImageOfPage\":{\"@id\":\"https:\\\/\\\/elmeistrai.lt\\\/en\\\/bmw-navigacija\\\/#primaryimage\"},\"image\":{\"@id\":\"https:\\\/\\\/elmeistrai.lt\\\/en\\\/bmw-navigacija\\\/#primaryimage\"},\"thumbnailUrl\":\"https:\\\/\\\/elmeistrai.lt\\\/wp-content\\\/uploads\\\/2019\\\/03\\\/bmw-navigacija-cic.-300x176.jpg\",\"datePublished\":\"2019-03-29T09:21:49+00:00\",\"dateModified\":\"2022-04-09T21:59:59+00:00\",\"description\":\"BMW navigacijos Lietuvos ir Europos naujausi\u0173 \u017eem\u0117lapi\u0173 atnaujinimas - Vilniuje, Kaune, Klaip\u0117doje.\",\"breadcrumb\":{\"@id\":\"https:\\\/\\\/elmeistrai.lt\\\/en\\\/bmw-navigacija\\\/#breadcrumb\"},\"inLanguage\":\"fr-FR\",\"potentialAction\":[{\"@type\":\"ReadAction\",\"target\":[\"https:\\\/\\\/elmeistrai.lt\\\/en\\\/bmw-navigacija\\\/\"]}]},{\"@type\":\"ImageObject\",\"inLanguage\":\"fr-FR\",\"@id\":\"https:\\\/\\\/elmeistrai.lt\\\/en\\\/bmw-navigacija\\\/#primaryimage\",\"url\":\"https:\\\/\\\/elmeistrai.lt\\\/wp-content\\\/uploads\\\/2019\\\/03\\\/bmw-navigacija-cic.-300x176.jpg\",\"contentUrl\":\"https:\\\/\\\/elmeistrai.lt\\\/wp-content\\\/uploads\\\/2019\\\/03\\\/bmw-navigacija-cic.-300x176.jpg\"},{\"@type\":\"BreadcrumbList\",\"@id\":\"https:\\\/\\\/elmeistrai.lt\\\/en\\\/bmw-navigacija\\\/#breadcrumb\",\"itemListElement\":[{\"@type\":\"ListItem\",\"position\":1,\"name\":\"Home\",\"item\":\"https:\\\/\\\/elmeistrai.lt\\\/\"},{\"@type\":\"ListItem\",\"position\":2,\"name\":\"BMW navigacija\"}]},{\"@type\":\"WebSite\",\"@id\":\"https:\\\/\\\/elmeistrai.lt\\\/#website\",\"url\":\"https:\\\/\\\/elmeistrai.lt\\\/\",\"name\":\"Vilniuje, Kaune, Klaip\u0117doje, \u0160iauliuose\",\"description\":\"Nam\u0173 ir verslo elektronikos prietais\u0173 remontas. Kase\u010di\u0173 pildymas.\",\"publisher\":{\"@id\":\"https:\\\/\\\/elmeistrai.lt\\\/#organization\"},\"potentialAction\":[{\"@type\":\"SearchAction\",\"target\":{\"@type\":\"EntryPoint\",\"urlTemplate\":\"https:\\\/\\\/elmeistrai.lt\\\/?s={search_term_string}\"},\"query-input\":{\"@type\":\"PropertyValueSpecification\",\"valueRequired\":true,\"valueName\":\"search_term_string\"}}],\"inLanguage\":\"fr-FR\"},{\"@type\":\"Organization\",\"@id\":\"https:\\\/\\\/elmeistrai.lt\\\/#organization\",\"name\":\"elMeistrai.lt\",\"alternateName\":\"Kavos aparat\u0173, paspirtuk\u0173, televizori\u0173, kompiuteri\u0173, telefon\u0173 ir kt. technikos remontas\",\"url\":\"https:\\\/\\\/elmeistrai.lt\\\/\",\"logo\":{\"@type\":\"ImageObject\",\"inLanguage\":\"fr-FR\",\"@id\":\"https:\\\/\\\/elmeistrai.lt\\\/#\\\/schema\\\/logo\\\/image\\\/\",\"url\":\"https:\\\/\\\/elmeistrai.lt\\\/wp-content\\\/uploads\\\/2022\\\/09\\\/elmeistrai_logo.jpg\",\"contentUrl\":\"https:\\\/\\\/elmeistrai.lt\\\/wp-content\\\/uploads\\\/2022\\\/09\\\/elmeistrai_logo.jpg\",\"width\":556,\"height\":143,\"caption\":\"elMeistrai.lt\"},\"image\":{\"@id\":\"https:\\\/\\\/elmeistrai.lt\\\/#\\\/schema\\\/logo\\\/image\\\/\"},\"sameAs\":[\"https:\\\/\\\/www.facebook.com\\\/elmeistrai.lt\\\/\"]},{\"@type\":\"Person\",\"@id\":\"https:\\\/\\\/elmeistrai.lt\\\/#\\\/schema\\\/person\\\/6363b621eb9606785f7f2ae9a52987f7\",\"name\":\"elMeistrai\",\"image\":{\"@type\":\"ImageObject\",\"inLanguage\":\"fr-FR\",\"@id\":\"https:\\\/\\\/secure.gravatar.com\\\/avatar\\\/052f2d9640381d6904c5c0676ac3cc3d7ad734def78df3657e571451cad9870d?s=96&d=mm&r=g\",\"url\":\"https:\\\/\\\/secure.gravatar.com\\\/avatar\\\/052f2d9640381d6904c5c0676ac3cc3d7ad734def78df3657e571451cad9870d?s=96&d=mm&r=g\",\"contentUrl\":\"https:\\\/\\\/secure.gravatar.com\\\/avatar\\\/052f2d9640381d6904c5c0676ac3cc3d7ad734def78df3657e571451cad9870d?s=96&d=mm&r=g\",\"caption\":\"elMeistrai\"},\"url\":\"https:\\\/\\\/elmeistrai.lt\\\/fr\\\/author\\\/yipkxe\\\/\"}]}<\/script>\n<!-- \/ Yoast SEO plugin. -->","yoast_head_json":{"title":"BMW navigacija Vilniuje, Kaune, Klaip\u0117doje, \u0160iauliuose","description":"Mise \u00e0 jour des derni\u00e8res cartes de navigation BMW pour la Lituanie et l'Europe - Vilnius, Kaunas, Klaip\u0117da.","robots":{"index":"index","follow":"follow","max-snippet":"max-snippet:-1","max-image-preview":"max-image-preview:large","max-video-preview":"max-video-preview:-1"},"canonical":"https:\/\/elmeistrai.lt\/fr\/bmw-navigacija\/","og_locale":"fr_FR","og_type":"article","og_title":"BMW navigacija Vilniuje, Kaune, Klaip\u0117doje, \u0160iauliuose","og_description":"BMW navigacijos Lietuvos ir Europos naujausi\u0173 \u017eem\u0117lapi\u0173 atnaujinimas - Vilniuje, Kaune, Klaip\u0117doje.","og_url":"https:\/\/elmeistrai.lt\/fr\/bmw-navigacija\/","og_site_name":"Vilniuje, Kaune, Klaip\u0117doje, \u0160iauliuose","article_publisher":"https:\/\/www.facebook.com\/elmeistrai.lt\/","article_modified_time":"2022-04-09T21:59:59+00:00","og_image":[{"url":"https:\/\/elmeistrai.lt\/wp-content\/uploads\/2019\/03\/bmw-navigacija-cic.-300x176.jpg","type":"","width":"","height":""}],"twitter_card":"summary_large_image","twitter_misc":{"Dur\u00e9e de lecture estim\u00e9e":"6 minutes"},"schema":{"@context":"https:\/\/schema.org","@graph":[{"@type":"NewsArticle","@id":"https:\/\/elmeistrai.lt\/en\/bmw-navigacija\/#article","isPartOf":{"@id":"https:\/\/elmeistrai.lt\/en\/bmw-navigacija\/"},"author":{"name":"elMeistrai","@id":"https:\/\/elmeistrai.lt\/#\/schema\/person\/6363b621eb9606785f7f2ae9a52987f7"},"headline":"BMW navigacija","datePublished":"2019-03-29T09:21:49+00:00","dateModified":"2022-04-09T21:59:59+00:00","mainEntityOfPage":{"@id":"https:\/\/elmeistrai.lt\/en\/bmw-navigacija\/"},"wordCount":830,"publisher":{"@id":"https:\/\/elmeistrai.lt\/#organization"},"image":{"@id":"https:\/\/elmeistrai.lt\/en\/bmw-navigacija\/#primaryimage"},"thumbnailUrl":"https:\/\/elmeistrai.lt\/wp-content\/uploads\/2019\/03\/bmw-navigacija-cic.-300x176.jpg","inLanguage":"fr-FR"},{"@type":["WebPage","ItemPage"],"@id":"https:\/\/elmeistrai.lt\/en\/bmw-navigacija\/","url":"https:\/\/elmeistrai.lt\/en\/bmw-navigacija\/","name":"BMW navigacija Vilniuje, Kaune, Klaip\u0117doje, \u0160iauliuose","isPartOf":{"@id":"https:\/\/elmeistrai.lt\/#website"},"primaryImageOfPage":{"@id":"https:\/\/elmeistrai.lt\/en\/bmw-navigacija\/#primaryimage"},"image":{"@id":"https:\/\/elmeistrai.lt\/en\/bmw-navigacija\/#primaryimage"},"thumbnailUrl":"https:\/\/elmeistrai.lt\/wp-content\/uploads\/2019\/03\/bmw-navigacija-cic.-300x176.jpg","datePublished":"2019-03-29T09:21:49+00:00","dateModified":"2022-04-09T21:59:59+00:00","description":"Mise \u00e0 jour des derni\u00e8res cartes de navigation BMW pour la Lituanie et l'Europe - Vilnius, Kaunas, Klaip\u0117da.","breadcrumb":{"@id":"https:\/\/elmeistrai.lt\/en\/bmw-navigacija\/#breadcrumb"},"inLanguage":"fr-FR","potentialAction":[{"@type":"ReadAction","target":["https:\/\/elmeistrai.lt\/en\/bmw-navigacija\/"]}]},{"@type":"ImageObject","inLanguage":"fr-FR","@id":"https:\/\/elmeistrai.lt\/en\/bmw-navigacija\/#primaryimage","url":"https:\/\/elmeistrai.lt\/wp-content\/uploads\/2019\/03\/bmw-navigacija-cic.-300x176.jpg","contentUrl":"https:\/\/elmeistrai.lt\/wp-content\/uploads\/2019\/03\/bmw-navigacija-cic.-300x176.jpg"},{"@type":"BreadcrumbList","@id":"https:\/\/elmeistrai.lt\/en\/bmw-navigacija\/#breadcrumb","itemListElement":[{"@type":"ListItem","position":1,"name":"Home","item":"https:\/\/elmeistrai.lt\/"},{"@type":"ListItem","position":2,"name":"BMW navigacija"}]},{"@type":"WebSite","@id":"https:\/\/elmeistrai.lt\/#website","url":"https:\/\/elmeistrai.lt\/","name":"Vilnius, Kaunas, Klaip\u0117da, \u0160iauliai","description":"R\u00e9paration d'appareils \u00e9lectroniques domestiques et professionnels. Remplissage de cartouches.","publisher":{"@id":"https:\/\/elmeistrai.lt\/#organization"},"potentialAction":[{"@type":"SearchAction","target":{"@type":"EntryPoint","urlTemplate":"https:\/\/elmeistrai.lt\/?s={search_term_string}"},"query-input":{"@type":"PropertyValueSpecification","valueRequired":true,"valueName":"search_term_string"}}],"inLanguage":"fr-FR"},{"@type":"Organization","@id":"https:\/\/elmeistrai.lt\/#organization","name":"elMeistrai.lt","alternateName":"Kavos aparat\u0173, paspirtuk\u0173, televizori\u0173, kompiuteri\u0173, telefon\u0173 ir kt. technikos remontas","url":"https:\/\/elmeistrai.lt\/","logo":{"@type":"ImageObject","inLanguage":"fr-FR","@id":"https:\/\/elmeistrai.lt\/#\/schema\/logo\/image\/","url":"https:\/\/elmeistrai.lt\/wp-content\/uploads\/2022\/09\/elmeistrai_logo.jpg","contentUrl":"https:\/\/elmeistrai.lt\/wp-content\/uploads\/2022\/09\/elmeistrai_logo.jpg","width":556,"height":143,"caption":"elMeistrai.lt"},"image":{"@id":"https:\/\/elmeistrai.lt\/#\/schema\/logo\/image\/"},"sameAs":["https:\/\/www.facebook.com\/elmeistrai.lt\/"]},{"@type":"Person","@id":"https:\/\/elmeistrai.lt\/#\/schema\/person\/6363b621eb9606785f7f2ae9a52987f7","name":"elMeistrai","image":{"@type":"ImageObject","inLanguage":"fr-FR","@id":"https:\/\/secure.gravatar.com\/avatar\/052f2d9640381d6904c5c0676ac3cc3d7ad734def78df3657e571451cad9870d?s=96&d=mm&r=g","url":"https:\/\/secure.gravatar.com\/avatar\/052f2d9640381d6904c5c0676ac3cc3d7ad734def78df3657e571451cad9870d?s=96&d=mm&r=g","contentUrl":"https:\/\/secure.gravatar.com\/avatar\/052f2d9640381d6904c5c0676ac3cc3d7ad734def78df3657e571451cad9870d?s=96&d=mm&r=g","caption":"elMeistrai"},"url":"https:\/\/elmeistrai.lt\/fr\/author\/yipkxe\/"}]}},"uagb_featured_image_src":{"full":false,"thumbnail":false,"medium":false,"medium_large":false,"large":false,"1536x1536":false,"2048x2048":false,"trp-custom-language-flag":false,"writemag-1218w-autoh-image":false,"writemag-675w-autoh-image":false,"writemag-100w-100h-image":false},"uagb_author_info":{"display_name":"elMeistrai","author_link":"https:\/\/elmeistrai.lt\/fr\/author\/yipkxe\/"},"uagb_comment_info":0,"uagb_excerpt":"BMW navigacijos Lietuvos ir Europos \u017eem\u0117lapiai sistemoms CIC Premium \/ CIC-MID Business Motion \/ Champ2 Business Move \/ NBT Next...","rttpg_featured_image_url":null,"rttpg_author":{"display_name":"elMeistrai","author_link":"https:\/\/elmeistrai.lt\/fr\/author\/yipkxe\/"},"rttpg_comment":0,"rttpg_category":null,"rttpg_excerpt":"BMW navigacijos Lietuvos ir Europos \u017eem\u0117lapiai sistemoms CIC Premium \/ CIC-MID Business Motion \/ Champ2 Business Move \/ NBT Next...","_links":{"self":[{"href":"https:\/\/elmeistrai.lt\/fr\/wp-json\/wp\/v2\/pages\/297","targetHints":{"allow":["GET"]}}],"collection":[{"href":"https:\/\/elmeistrai.lt\/fr\/wp-json\/wp\/v2\/pages"}],"about":[{"href":"https:\/\/elmeistrai.lt\/fr\/wp-json\/wp\/v2\/types\/page"}],"author":[{"embeddable":true,"href":"https:\/\/elmeistrai.lt\/fr\/wp-json\/wp\/v2\/users\/1"}],"replies":[{"embeddable":true,"href":"https:\/\/elmeistrai.lt\/fr\/wp-json\/wp\/v2\/comments?post=297"}],"version-history":[{"count":16,"href":"https:\/\/elmeistrai.lt\/fr\/wp-json\/wp\/v2\/pages\/297\/revisions"}],"predecessor-version":[{"id":1546,"href":"https:\/\/elmeistrai.lt\/fr\/wp-json\/wp\/v2\/pages\/297\/revisions\/1546"}],"wp:attachment":[{"href":"https:\/\/elmeistrai.lt\/fr\/wp-json\/wp\/v2\/media?parent=297"}],"curies":[{"name":"wp","href":"https:\/\/api.w.org\/{rel}","templated":true}]}}