{"id":2233,"date":"2023-03-02T12:00:56","date_gmt":"2023-03-02T14:00:56","guid":{"rendered":"https:\/\/elmeistrai.lt\/?page_id=2233"},"modified":"2026-02-20T16:43:57","modified_gmt":"2026-02-20T14:43:57","slug":"kaseciu-pildymas-vilniuje","status":"publish","type":"page","link":"https:\/\/elmeistrai.lt\/fr\/kaseciu-pildymas-per-5min\/kaseciu-pildymas-vilniuje\/","title":{"rendered":"Profesionalus kase\u010di\u0173 pildymas Vilniuje"},"content":{"rendered":"<div class=\"wp-block-uagb-container uagb-block-64ffce82 alignfull uagb-is-root-container\"><div class=\"uagb-container-inner-blocks-wrap\">\n<div class=\"wp-block-uagb-container uagb-block-c3b5b9db\">\n<p>&#8222;elMeistrai&#8221;- tai profesionali spausdintuv\u0173 prie\u017ei\u016bros \u012fmon\u0117, teikianti kase\u010di\u0173 pildymo paslaugas (t.y. keitimas \u012f kokybi\u0161k\u0105 analog\u0105 u\u017e papildymo kain\u0105) visoje Lietuvoje.<br>M\u016bs\u0173 kolektyvas J\u016bs maloniai priims ir kokybi\u0161kai aptarnaus. M\u016bs\u0173 darbuotojai yra draugi\u0161ki ir kompetentingi &#8211; visada pasireng\u0119 atsakyti \u012f visus jums r\u016bpimus klausimus apie si\u016blomus produktus ar paslaugas.<br><\/p>\n<\/div>\n\n\n\n<div class=\"wp-block-uagb-container uagb-block-461be4ca\">\n<figure class=\"wp-block-image size-full\"><img loading=\"lazy\" decoding=\"async\" width=\"612\" height=\"408\" src=\"https:\/\/elmeistrai.lt\/wp-content\/uploads\/2026\/02\/kasete-1.jpg\" alt=\"\" class=\"wp-image-8699\" srcset=\"https:\/\/elmeistrai.lt\/wp-content\/uploads\/2026\/02\/kasete-1.jpg 612w, https:\/\/elmeistrai.lt\/wp-content\/uploads\/2026\/02\/kasete-1-300x200.jpg 300w, https:\/\/elmeistrai.lt\/wp-content\/uploads\/2026\/02\/kasete-1-18x12.jpg 18w\" sizes=\"auto, (max-width: 612px) 100vw, 612px\" \/><\/figure>\n\n\n\n<ul class=\"wp-block-list\">\n<li><strong>Vilnius<\/strong>\u00a0\u2013 Kareivi\u0173 g. 11A \u201cRIMI\u201d\u00a0<a href=\"tel:+37065577057\">+370-655-77057<\/a><\/li>\n<\/ul>\n<\/div>\n<\/div><\/div>\n\n\n\n<figure class=\"wp-block-image size-full is-resized\"><img loading=\"lazy\" decoding=\"async\" width=\"612\" height=\"408\" src=\"https:\/\/elmeistrai.lt\/wp-content\/uploads\/2026\/02\/kasete4.jpg\" alt=\"\" class=\"wp-image-8704\" style=\"width:545px;height:auto\" srcset=\"https:\/\/elmeistrai.lt\/wp-content\/uploads\/2026\/02\/kasete4.jpg 612w, https:\/\/elmeistrai.lt\/wp-content\/uploads\/2026\/02\/kasete4-300x200.jpg 300w, https:\/\/elmeistrai.lt\/wp-content\/uploads\/2026\/02\/kasete4-18x12.jpg 18w\" sizes=\"auto, (max-width: 612px) 100vw, 612px\" \/><\/figure>\n\n\n\n<p>Dirbame operatyviai ir atsakingai, u\u017etikriname kokyb\u0119 bei skland\u0173 \u012frenginio veikim\u0105. Pasitik\u0117kite specialistais, kurie vertina kokyb\u0119, greit\u012f ir ilgalaik\u012f bendradarbiavim\u0105.<br>M\u016bs\u0173 teikiamos paslaugos yra patogus ir ekonomi\u0161kas sprendimas, kuris leid\u017eia \u017eenkliai sutaupyti (palyginimui su naujomis originaliomis kaset\u0117mis). Taigi nedvejodami pasinaudokite m\u016bs\u0173  paslaugomis!<\/p>","protected":false},"excerpt":{"rendered":"<p>&#8222;elMeistrai&#8221;- tai profesionali spausdintuv\u0173 prie\u017ei\u016bros \u012fmon\u0117, teikianti kase\u010di\u0173 pildymo paslaugas (t.y. keitimas \u012f kokybi\u0161k\u0105 analog\u0105 u\u017e papildymo kain\u0105) visoje Lietuvoje.M\u016bs\u0173&#8230;<\/p>","protected":false},"author":1,"featured_media":0,"parent":137,"menu_order":0,"comment_status":"closed","ping_status":"closed","template":"","meta":{"_uag_custom_page_level_css":"","footnotes":""},"class_list":["post-2233","page","type-page","status-publish","hentry"],"yoast_head":"<!-- This site is optimized with the Yoast SEO plugin v27.3 - https:\/\/yoast.com\/product\/yoast-seo-wordpress\/ -->\n<title>Profesionalus kase\u010di\u0173 pildymas Vilniuje<\/title>\n<meta name=\"description\" content=\"Profesionalus vis\u0173 tip\u0173 ir gamintoj\u0173 spausdintuv\u0173 kase\u010di\u0173 pildymas Vilniuje. Mus rasite Kareivi\u0173 g. 11A (RIMI viduje), tel. 8 (679) 74770\" \/>\n<meta name=\"robots\" content=\"index, follow, max-snippet:-1, max-image-preview:large, max-video-preview:-1\" \/>\n<link rel=\"canonical\" href=\"https:\/\/elmeistrai.lt\/fr\/kaseciu-pildymas-per-5min\/kaseciu-pildymas-vilniuje\/\" \/>\n<meta property=\"og:locale\" content=\"fr_FR\" \/>\n<meta property=\"og:type\" content=\"article\" \/>\n<meta property=\"og:title\" content=\"Profesionalus kase\u010di\u0173 pildymas Vilniuje\" \/>\n<meta property=\"og:description\" content=\"Profesionalus vis\u0173 tip\u0173 ir gamintoj\u0173 spausdintuv\u0173 kase\u010di\u0173 pildymas Vilniuje. Mus rasite Kareivi\u0173 g. 11A (RIMI viduje), tel. 8 (679) 74770\" \/>\n<meta property=\"og:url\" content=\"https:\/\/elmeistrai.lt\/fr\/kaseciu-pildymas-per-5min\/kaseciu-pildymas-vilniuje\/\" \/>\n<meta property=\"og:site_name\" content=\"Vilniuje, Kaune, Klaip\u0117doje, \u0160iauliuose\" \/>\n<meta property=\"article:publisher\" content=\"https:\/\/www.facebook.com\/elmeistrai.lt\/\" \/>\n<meta property=\"article:modified_time\" content=\"2026-02-20T14:43:57+00:00\" \/>\n<meta property=\"og:image\" content=\"https:\/\/elmeistrai.lt\/wp-content\/uploads\/2026\/02\/kasete-1.jpg\" \/>\n\t<meta property=\"og:image:width\" content=\"612\" \/>\n\t<meta property=\"og:image:height\" content=\"408\" \/>\n\t<meta property=\"og:image:type\" content=\"image\/jpeg\" \/>\n<meta name=\"twitter:card\" content=\"summary_large_image\" \/>\n<meta name=\"twitter:label1\" content=\"Dur\u00e9e de lecture estim\u00e9e\" \/>\n\t<meta name=\"twitter:data1\" content=\"1 minute\" \/>\n<script type=\"application\/ld+json\" class=\"yoast-schema-graph\">{\"@context\":\"https:\\\/\\\/schema.org\",\"@graph\":[{\"@type\":\"NewsArticle\",\"@id\":\"https:\\\/\\\/elmeistrai.lt\\\/kaseciu-pildymas-per-5min\\\/kaseciu-pildymas-vilniuje\\\/#article\",\"isPartOf\":{\"@id\":\"https:\\\/\\\/elmeistrai.lt\\\/kaseciu-pildymas-per-5min\\\/kaseciu-pildymas-vilniuje\\\/\"},\"author\":{\"name\":\"elMeistrai\",\"@id\":\"https:\\\/\\\/elmeistrai.lt\\\/#\\\/schema\\\/person\\\/6363b621eb9606785f7f2ae9a52987f7\"},\"headline\":\"Profesionalus kase\u010di\u0173 pildymas Vilniuje\",\"datePublished\":\"2023-03-02T14:00:56+00:00\",\"dateModified\":\"2026-02-20T14:43:57+00:00\",\"mainEntityOfPage\":{\"@id\":\"https:\\\/\\\/elmeistrai.lt\\\/kaseciu-pildymas-per-5min\\\/kaseciu-pildymas-vilniuje\\\/\"},\"wordCount\":119,\"publisher\":{\"@id\":\"https:\\\/\\\/elmeistrai.lt\\\/#organization\"},\"image\":{\"@id\":\"https:\\\/\\\/elmeistrai.lt\\\/kaseciu-pildymas-per-5min\\\/kaseciu-pildymas-vilniuje\\\/#primaryimage\"},\"thumbnailUrl\":\"https:\\\/\\\/elmeistrai.lt\\\/wp-content\\\/uploads\\\/2026\\\/02\\\/kasete-1.jpg\",\"inLanguage\":\"fr-FR\"},{\"@type\":[\"WebPage\",\"ItemPage\"],\"@id\":\"https:\\\/\\\/elmeistrai.lt\\\/kaseciu-pildymas-per-5min\\\/kaseciu-pildymas-vilniuje\\\/\",\"url\":\"https:\\\/\\\/elmeistrai.lt\\\/kaseciu-pildymas-per-5min\\\/kaseciu-pildymas-vilniuje\\\/\",\"name\":\"Profesionalus kase\u010di\u0173 pildymas Vilniuje\",\"isPartOf\":{\"@id\":\"https:\\\/\\\/elmeistrai.lt\\\/#website\"},\"primaryImageOfPage\":{\"@id\":\"https:\\\/\\\/elmeistrai.lt\\\/kaseciu-pildymas-per-5min\\\/kaseciu-pildymas-vilniuje\\\/#primaryimage\"},\"image\":{\"@id\":\"https:\\\/\\\/elmeistrai.lt\\\/kaseciu-pildymas-per-5min\\\/kaseciu-pildymas-vilniuje\\\/#primaryimage\"},\"thumbnailUrl\":\"https:\\\/\\\/elmeistrai.lt\\\/wp-content\\\/uploads\\\/2026\\\/02\\\/kasete-1.jpg\",\"datePublished\":\"2023-03-02T14:00:56+00:00\",\"dateModified\":\"2026-02-20T14:43:57+00:00\",\"description\":\"Profesionalus vis\u0173 tip\u0173 ir gamintoj\u0173 spausdintuv\u0173 kase\u010di\u0173 pildymas Vilniuje. Mus rasite Kareivi\u0173 g. 11A (RIMI viduje), tel. 8 (679) 74770\",\"breadcrumb\":{\"@id\":\"https:\\\/\\\/elmeistrai.lt\\\/kaseciu-pildymas-per-5min\\\/kaseciu-pildymas-vilniuje\\\/#breadcrumb\"},\"inLanguage\":\"fr-FR\",\"potentialAction\":[{\"@type\":\"ReadAction\",\"target\":[\"https:\\\/\\\/elmeistrai.lt\\\/kaseciu-pildymas-per-5min\\\/kaseciu-pildymas-vilniuje\\\/\"]}]},{\"@type\":\"ImageObject\",\"inLanguage\":\"fr-FR\",\"@id\":\"https:\\\/\\\/elmeistrai.lt\\\/kaseciu-pildymas-per-5min\\\/kaseciu-pildymas-vilniuje\\\/#primaryimage\",\"url\":\"https:\\\/\\\/elmeistrai.lt\\\/wp-content\\\/uploads\\\/2026\\\/02\\\/kasete-1.jpg\",\"contentUrl\":\"https:\\\/\\\/elmeistrai.lt\\\/wp-content\\\/uploads\\\/2026\\\/02\\\/kasete-1.jpg\"},{\"@type\":\"BreadcrumbList\",\"@id\":\"https:\\\/\\\/elmeistrai.lt\\\/kaseciu-pildymas-per-5min\\\/kaseciu-pildymas-vilniuje\\\/#breadcrumb\",\"itemListElement\":[{\"@type\":\"ListItem\",\"position\":1,\"name\":\"Home\",\"item\":\"https:\\\/\\\/elmeistrai.lt\\\/\"},{\"@type\":\"ListItem\",\"position\":2,\"name\":\"Profesionalus kase\u010di\u0173 pildymas Vilniuje, Kaune, Klaip\u0117doje ir \u0160iauliuose\",\"item\":\"https:\\\/\\\/elmeistrai.lt\\\/kaseciu-pildymas-per-5min\\\/\"},{\"@type\":\"ListItem\",\"position\":3,\"name\":\"Profesionalus kase\u010di\u0173 pildymas Vilniuje\"}]},{\"@type\":\"WebSite\",\"@id\":\"https:\\\/\\\/elmeistrai.lt\\\/#website\",\"url\":\"https:\\\/\\\/elmeistrai.lt\\\/\",\"name\":\"Vilniuje, Kaune, Klaip\u0117doje, \u0160iauliuose\",\"description\":\"Nam\u0173 ir verslo elektronikos prietais\u0173 remontas. Kase\u010di\u0173 pildymas.\",\"publisher\":{\"@id\":\"https:\\\/\\\/elmeistrai.lt\\\/#organization\"},\"potentialAction\":[{\"@type\":\"SearchAction\",\"target\":{\"@type\":\"EntryPoint\",\"urlTemplate\":\"https:\\\/\\\/elmeistrai.lt\\\/?s={search_term_string}\"},\"query-input\":{\"@type\":\"PropertyValueSpecification\",\"valueRequired\":true,\"valueName\":\"search_term_string\"}}],\"inLanguage\":\"fr-FR\"},{\"@type\":\"Organization\",\"@id\":\"https:\\\/\\\/elmeistrai.lt\\\/#organization\",\"name\":\"elMeistrai.lt\",\"alternateName\":\"Kavos aparat\u0173, paspirtuk\u0173, televizori\u0173, kompiuteri\u0173, telefon\u0173 ir kt. technikos remontas\",\"url\":\"https:\\\/\\\/elmeistrai.lt\\\/\",\"logo\":{\"@type\":\"ImageObject\",\"inLanguage\":\"fr-FR\",\"@id\":\"https:\\\/\\\/elmeistrai.lt\\\/#\\\/schema\\\/logo\\\/image\\\/\",\"url\":\"https:\\\/\\\/elmeistrai.lt\\\/wp-content\\\/uploads\\\/2022\\\/09\\\/elmeistrai_logo.jpg\",\"contentUrl\":\"https:\\\/\\\/elmeistrai.lt\\\/wp-content\\\/uploads\\\/2022\\\/09\\\/elmeistrai_logo.jpg\",\"width\":556,\"height\":143,\"caption\":\"elMeistrai.lt\"},\"image\":{\"@id\":\"https:\\\/\\\/elmeistrai.lt\\\/#\\\/schema\\\/logo\\\/image\\\/\"},\"sameAs\":[\"https:\\\/\\\/www.facebook.com\\\/elmeistrai.lt\\\/\"]},{\"@type\":\"Person\",\"@id\":\"https:\\\/\\\/elmeistrai.lt\\\/#\\\/schema\\\/person\\\/6363b621eb9606785f7f2ae9a52987f7\",\"name\":\"elMeistrai\",\"image\":{\"@type\":\"ImageObject\",\"inLanguage\":\"fr-FR\",\"@id\":\"https:\\\/\\\/secure.gravatar.com\\\/avatar\\\/052f2d9640381d6904c5c0676ac3cc3d7ad734def78df3657e571451cad9870d?s=96&d=mm&r=g\",\"url\":\"https:\\\/\\\/secure.gravatar.com\\\/avatar\\\/052f2d9640381d6904c5c0676ac3cc3d7ad734def78df3657e571451cad9870d?s=96&d=mm&r=g\",\"contentUrl\":\"https:\\\/\\\/secure.gravatar.com\\\/avatar\\\/052f2d9640381d6904c5c0676ac3cc3d7ad734def78df3657e571451cad9870d?s=96&d=mm&r=g\",\"caption\":\"elMeistrai\"},\"url\":\"https:\\\/\\\/elmeistrai.lt\\\/fr\\\/author\\\/yipkxe\\\/\"}]}<\/script>\n<!-- \/ Yoast SEO plugin. -->","yoast_head_json":{"title":"Profesionalus kase\u010di\u0173 pildymas Vilniuje","description":"Recharge professionnelle de cartouches d'imprimantes de tous types et de tous fabricants \u00e0 Vilnius. Vous pouvez nous trouver \u00e0 Kareivi\u0173 g. 11A (\u00e0 l'int\u00e9rieur de RIMI), t\u00e9l. 8 (679) 74770.","robots":{"index":"index","follow":"follow","max-snippet":"max-snippet:-1","max-image-preview":"max-image-preview:large","max-video-preview":"max-video-preview:-1"},"canonical":"https:\/\/elmeistrai.lt\/fr\/kaseciu-pildymas-per-5min\/kaseciu-pildymas-vilniuje\/","og_locale":"fr_FR","og_type":"article","og_title":"Profesionalus kase\u010di\u0173 pildymas Vilniuje","og_description":"Profesionalus vis\u0173 tip\u0173 ir gamintoj\u0173 spausdintuv\u0173 kase\u010di\u0173 pildymas Vilniuje. Mus rasite Kareivi\u0173 g. 11A (RIMI viduje), tel. 8 (679) 74770","og_url":"https:\/\/elmeistrai.lt\/fr\/kaseciu-pildymas-per-5min\/kaseciu-pildymas-vilniuje\/","og_site_name":"Vilniuje, Kaune, Klaip\u0117doje, \u0160iauliuose","article_publisher":"https:\/\/www.facebook.com\/elmeistrai.lt\/","article_modified_time":"2026-02-20T14:43:57+00:00","og_image":[{"width":612,"height":408,"url":"https:\/\/elmeistrai.lt\/wp-content\/uploads\/2026\/02\/kasete-1.jpg","type":"image\/jpeg"}],"twitter_card":"summary_large_image","twitter_misc":{"Dur\u00e9e de lecture estim\u00e9e":"1 minute"},"schema":{"@context":"https:\/\/schema.org","@graph":[{"@type":"NewsArticle","@id":"https:\/\/elmeistrai.lt\/kaseciu-pildymas-per-5min\/kaseciu-pildymas-vilniuje\/#article","isPartOf":{"@id":"https:\/\/elmeistrai.lt\/kaseciu-pildymas-per-5min\/kaseciu-pildymas-vilniuje\/"},"author":{"name":"elMeistrai","@id":"https:\/\/elmeistrai.lt\/#\/schema\/person\/6363b621eb9606785f7f2ae9a52987f7"},"headline":"Profesionalus kase\u010di\u0173 pildymas Vilniuje","datePublished":"2023-03-02T14:00:56+00:00","dateModified":"2026-02-20T14:43:57+00:00","mainEntityOfPage":{"@id":"https:\/\/elmeistrai.lt\/kaseciu-pildymas-per-5min\/kaseciu-pildymas-vilniuje\/"},"wordCount":119,"publisher":{"@id":"https:\/\/elmeistrai.lt\/#organization"},"image":{"@id":"https:\/\/elmeistrai.lt\/kaseciu-pildymas-per-5min\/kaseciu-pildymas-vilniuje\/#primaryimage"},"thumbnailUrl":"https:\/\/elmeistrai.lt\/wp-content\/uploads\/2026\/02\/kasete-1.jpg","inLanguage":"fr-FR"},{"@type":["WebPage","ItemPage"],"@id":"https:\/\/elmeistrai.lt\/kaseciu-pildymas-per-5min\/kaseciu-pildymas-vilniuje\/","url":"https:\/\/elmeistrai.lt\/kaseciu-pildymas-per-5min\/kaseciu-pildymas-vilniuje\/","name":"Profesionalus kase\u010di\u0173 pildymas Vilniuje","isPartOf":{"@id":"https:\/\/elmeistrai.lt\/#website"},"primaryImageOfPage":{"@id":"https:\/\/elmeistrai.lt\/kaseciu-pildymas-per-5min\/kaseciu-pildymas-vilniuje\/#primaryimage"},"image":{"@id":"https:\/\/elmeistrai.lt\/kaseciu-pildymas-per-5min\/kaseciu-pildymas-vilniuje\/#primaryimage"},"thumbnailUrl":"https:\/\/elmeistrai.lt\/wp-content\/uploads\/2026\/02\/kasete-1.jpg","datePublished":"2023-03-02T14:00:56+00:00","dateModified":"2026-02-20T14:43:57+00:00","description":"Recharge professionnelle de cartouches d'imprimantes de tous types et de tous fabricants \u00e0 Vilnius. Vous pouvez nous trouver \u00e0 Kareivi\u0173 g. 11A (\u00e0 l'int\u00e9rieur de RIMI), t\u00e9l. 8 (679) 74770.","breadcrumb":{"@id":"https:\/\/elmeistrai.lt\/kaseciu-pildymas-per-5min\/kaseciu-pildymas-vilniuje\/#breadcrumb"},"inLanguage":"fr-FR","potentialAction":[{"@type":"ReadAction","target":["https:\/\/elmeistrai.lt\/kaseciu-pildymas-per-5min\/kaseciu-pildymas-vilniuje\/"]}]},{"@type":"ImageObject","inLanguage":"fr-FR","@id":"https:\/\/elmeistrai.lt\/kaseciu-pildymas-per-5min\/kaseciu-pildymas-vilniuje\/#primaryimage","url":"https:\/\/elmeistrai.lt\/wp-content\/uploads\/2026\/02\/kasete-1.jpg","contentUrl":"https:\/\/elmeistrai.lt\/wp-content\/uploads\/2026\/02\/kasete-1.jpg"},{"@type":"BreadcrumbList","@id":"https:\/\/elmeistrai.lt\/kaseciu-pildymas-per-5min\/kaseciu-pildymas-vilniuje\/#breadcrumb","itemListElement":[{"@type":"ListItem","position":1,"name":"Home","item":"https:\/\/elmeistrai.lt\/"},{"@type":"ListItem","position":2,"name":"Profesionalus kase\u010di\u0173 pildymas Vilniuje, Kaune, Klaip\u0117doje ir \u0160iauliuose","item":"https:\/\/elmeistrai.lt\/kaseciu-pildymas-per-5min\/"},{"@type":"ListItem","position":3,"name":"Profesionalus kase\u010di\u0173 pildymas Vilniuje"}]},{"@type":"WebSite","@id":"https:\/\/elmeistrai.lt\/#website","url":"https:\/\/elmeistrai.lt\/","name":"Vilnius, Kaunas, Klaip\u0117da, \u0160iauliai","description":"R\u00e9paration d'appareils \u00e9lectroniques domestiques et professionnels. Remplissage de cartouches.","publisher":{"@id":"https:\/\/elmeistrai.lt\/#organization"},"potentialAction":[{"@type":"SearchAction","target":{"@type":"EntryPoint","urlTemplate":"https:\/\/elmeistrai.lt\/?s={search_term_string}"},"query-input":{"@type":"PropertyValueSpecification","valueRequired":true,"valueName":"search_term_string"}}],"inLanguage":"fr-FR"},{"@type":"Organization","@id":"https:\/\/elmeistrai.lt\/#organization","name":"elMeistrai.lt","alternateName":"Kavos aparat\u0173, paspirtuk\u0173, televizori\u0173, kompiuteri\u0173, telefon\u0173 ir kt. technikos remontas","url":"https:\/\/elmeistrai.lt\/","logo":{"@type":"ImageObject","inLanguage":"fr-FR","@id":"https:\/\/elmeistrai.lt\/#\/schema\/logo\/image\/","url":"https:\/\/elmeistrai.lt\/wp-content\/uploads\/2022\/09\/elmeistrai_logo.jpg","contentUrl":"https:\/\/elmeistrai.lt\/wp-content\/uploads\/2022\/09\/elmeistrai_logo.jpg","width":556,"height":143,"caption":"elMeistrai.lt"},"image":{"@id":"https:\/\/elmeistrai.lt\/#\/schema\/logo\/image\/"},"sameAs":["https:\/\/www.facebook.com\/elmeistrai.lt\/"]},{"@type":"Person","@id":"https:\/\/elmeistrai.lt\/#\/schema\/person\/6363b621eb9606785f7f2ae9a52987f7","name":"elMeistrai","image":{"@type":"ImageObject","inLanguage":"fr-FR","@id":"https:\/\/secure.gravatar.com\/avatar\/052f2d9640381d6904c5c0676ac3cc3d7ad734def78df3657e571451cad9870d?s=96&d=mm&r=g","url":"https:\/\/secure.gravatar.com\/avatar\/052f2d9640381d6904c5c0676ac3cc3d7ad734def78df3657e571451cad9870d?s=96&d=mm&r=g","contentUrl":"https:\/\/secure.gravatar.com\/avatar\/052f2d9640381d6904c5c0676ac3cc3d7ad734def78df3657e571451cad9870d?s=96&d=mm&r=g","caption":"elMeistrai"},"url":"https:\/\/elmeistrai.lt\/fr\/author\/yipkxe\/"}]}},"uagb_featured_image_src":{"full":false,"thumbnail":false,"medium":false,"medium_large":false,"large":false,"1536x1536":false,"2048x2048":false,"trp-custom-language-flag":false,"writemag-1218w-autoh-image":false,"writemag-675w-autoh-image":false,"writemag-100w-100h-image":false},"uagb_author_info":{"display_name":"elMeistrai","author_link":"https:\/\/elmeistrai.lt\/fr\/author\/yipkxe\/"},"uagb_comment_info":0,"uagb_excerpt":"&#8222;elMeistrai&#8221;- tai profesionali spausdintuv\u0173 prie\u017ei\u016bros \u012fmon\u0117, teikianti kase\u010di\u0173 pildymo paslaugas (t.y. keitimas \u012f kokybi\u0161k\u0105 analog\u0105 u\u017e papildymo kain\u0105) visoje Lietuvoje.M\u016bs\u0173...","rttpg_featured_image_url":null,"rttpg_author":{"display_name":"elMeistrai","author_link":"https:\/\/elmeistrai.lt\/fr\/author\/yipkxe\/"},"rttpg_comment":0,"rttpg_category":null,"rttpg_excerpt":"&#8222;elMeistrai&#8221;- tai profesionali spausdintuv\u0173 prie\u017ei\u016bros \u012fmon\u0117, teikianti kase\u010di\u0173 pildymo paslaugas (t.y. keitimas \u012f kokybi\u0161k\u0105 analog\u0105 u\u017e papildymo kain\u0105) visoje Lietuvoje.M\u016bs\u0173...","_links":{"self":[{"href":"https:\/\/elmeistrai.lt\/fr\/wp-json\/wp\/v2\/pages\/2233","targetHints":{"allow":["GET"]}}],"collection":[{"href":"https:\/\/elmeistrai.lt\/fr\/wp-json\/wp\/v2\/pages"}],"about":[{"href":"https:\/\/elmeistrai.lt\/fr\/wp-json\/wp\/v2\/types\/page"}],"author":[{"embeddable":true,"href":"https:\/\/elmeistrai.lt\/fr\/wp-json\/wp\/v2\/users\/1"}],"replies":[{"embeddable":true,"href":"https:\/\/elmeistrai.lt\/fr\/wp-json\/wp\/v2\/comments?post=2233"}],"version-history":[{"count":3,"href":"https:\/\/elmeistrai.lt\/fr\/wp-json\/wp\/v2\/pages\/2233\/revisions"}],"predecessor-version":[{"id":8705,"href":"https:\/\/elmeistrai.lt\/fr\/wp-json\/wp\/v2\/pages\/2233\/revisions\/8705"}],"up":[{"embeddable":true,"href":"https:\/\/elmeistrai.lt\/fr\/wp-json\/wp\/v2\/pages\/137"}],"wp:attachment":[{"href":"https:\/\/elmeistrai.lt\/fr\/wp-json\/wp\/v2\/media?parent=2233"}],"curies":[{"name":"wp","href":"https:\/\/api.w.org\/{rel}","templated":true}]}}