{"id":2210,"date":"2023-03-01T19:32:32","date_gmt":"2023-03-01T21:32:32","guid":{"rendered":"https:\/\/elmeistrai.lt\/?page_id=2210"},"modified":"2026-02-24T11:21:25","modified_gmt":"2026-02-24T09:21:25","slug":"kavos-aparatu-remontas-kaune","status":"publish","type":"page","link":"https:\/\/elmeistrai.lt\/fr\/kavos-aparatu-remontas\/kavos-aparatu-remontas-kaune\/","title":{"rendered":"Profesionalus kavos aparat\u0173 remontas Kaune"},"content":{"rendered":"<div class=\"wp-block-uagb-container uagb-block-60c1fabb alignfull uagb-is-root-container\"><div class=\"uagb-container-inner-blocks-wrap\">\n<div class=\"wp-block-uagb-container uagb-block-7339fad3\">\n<p>&#8222;elMeistrai&#8221;- <strong>r\u00e9paration de machines \u00e0 caf\u00e9 \u00e0 Kaunas<\/strong> kvalifikuot\u0173 technik\u0173 komanda, stengiasi teikti efektyvias ir nebrangias vis\u0173 tip\u0173 kavos aparat\u0173 taisymo paslaugas. Suprantame, kad j\u016bs\u0173 kavos aparatas yra labai svarbus, kad j\u016bs\u0173 kasdien\u0117 veikla vykt\u0173 skland\u017eiai, tod\u0117l si\u016blome plat\u0173 remonto paslaug\u0173 pasirinkim\u0105, skirt\u0105 jo veikimui u\u017etikrinti. M\u016bs\u0173 remonto paslaugos apima tiek \u012fvairi\u0173 da\u017eniausiai pasitaikan\u010di\u0173 problem\u0173 sprendim\u0105, tiek ir re\u010diau pasitaikan\u010di\u0173 gedim\u0173 \u0161alinim\u0105, \u012fskaitant nutrauktus laidus, nesandarius vo\u017etuvus, u\u017esikim\u0161usius vamzdelius ir sul\u016b\u017eusias dalis. Remontuojame tiek naujausi\u0173 modeli\u0173 aparatus, tiek ir senesni\u0173 tip\u0173 modelius, kuri\u0173 gamintojas gali nebepalaikyti. Nesvarbu, kokio tipo kavos aparat\u0105 turite ir kokio masto yra gedimas, m\u016bs\u0173 technikai gali pateikti patikim\u0105 sprendim\u0105.<\/p>\n<\/div>\n\n\n\n<div class=\"wp-block-uagb-container uagb-block-535e3d80\">\n<figure class=\"wp-block-image size-full\"><img loading=\"lazy\" decoding=\"async\" width=\"612\" height=\"408\" src=\"https:\/\/elmeistrai.lt\/wp-content\/uploads\/2026\/02\/5.jpg\" alt=\"\" class=\"wp-image-8669\" srcset=\"https:\/\/elmeistrai.lt\/wp-content\/uploads\/2026\/02\/5.jpg 612w, https:\/\/elmeistrai.lt\/wp-content\/uploads\/2026\/02\/5-300x200.jpg 300w, https:\/\/elmeistrai.lt\/wp-content\/uploads\/2026\/02\/5-18x12.jpg 18w\" sizes=\"auto, (max-width: 612px) 100vw, 612px\" \/><\/figure>\n\n\n\n<ul class=\"wp-block-list\">\n<li><strong>Kaunas<\/strong>&nbsp;\u2013 Baltijos g. 58 , \u0160ilainiai &nbsp;<a href=\"tel:+37065695553\">+370-656-95553<\/a><\/li>\n<\/ul>\n<\/div>\n<\/div><\/div>\n\n\n\n<figure class=\"wp-block-image size-full\"><img loading=\"lazy\" decoding=\"async\" width=\"612\" height=\"408\" src=\"https:\/\/elmeistrai.lt\/wp-content\/uploads\/2026\/02\/4.jpg\" alt=\"\" class=\"wp-image-8672\" srcset=\"https:\/\/elmeistrai.lt\/wp-content\/uploads\/2026\/02\/4.jpg 612w, https:\/\/elmeistrai.lt\/wp-content\/uploads\/2026\/02\/4-300x200.jpg 300w, https:\/\/elmeistrai.lt\/wp-content\/uploads\/2026\/02\/4-18x12.jpg 18w\" sizes=\"auto, (max-width: 612px) 100vw, 612px\" \/><\/figure>\n\n\n\n<p>Notre objectif est de fournir des services rapides et professionnels \u00e0 des prix abordables. Nos techniciens sont professionnellement form\u00e9s et comp\u00e9tents, et n'utilisent que les outils de diagnostic les plus r\u00e9cents pour obtenir des r\u00e9sultats pr\u00e9cis. Nous proposons \u00e9galement des services d'entretien pr\u00e9ventif afin de r\u00e9duire le risque de probl\u00e8mes futurs.<\/p>\n\n\n\n<p>Kai jums reikia patikim\u0173 kavos aparat\u0173 remonto Kaune paslaug\u0173, patik\u0117kite juos &#8222;elMeistrams&#8221; Kaune, kad kavos aparatas ir v\u0117l prad\u0117t\u0173 veikti. Susisiekite su mumis dar \u0161iandien.<\/p>","protected":false},"excerpt":{"rendered":"<p>&#8222;elMeistrai&#8221;- kavos aparat\u0173 remonto Kaune kvalifikuot\u0173 technik\u0173 komanda, stengiasi teikti efektyvias ir nebrangias vis\u0173 tip\u0173 kavos aparat\u0173 taisymo paslaugas. Suprantame,&#8230;<\/p>","protected":false},"author":1,"featured_media":0,"parent":53,"menu_order":0,"comment_status":"closed","ping_status":"closed","template":"","meta":{"_uag_custom_page_level_css":"","footnotes":""},"class_list":["post-2210","page","type-page","status-publish","hentry"],"yoast_head":"<!-- This site is optimized with the Yoast SEO plugin v27.3 - https:\/\/yoast.com\/product\/yoast-seo-wordpress\/ -->\n<title>Profesionalus kavos aparat\u0173 remontas Kaune<\/title>\n<meta name=\"description\" content=\"Profesionalus vis\u0173 tip\u0173 ir gamintoj\u0173 kavos aparat\u0173 remontas Kaune. Mus rasite Baltijos g. 58 (RIMI viduje), tel. 8 (656) 95553\" \/>\n<meta name=\"robots\" content=\"index, follow, max-snippet:-1, max-image-preview:large, max-video-preview:-1\" \/>\n<link rel=\"canonical\" href=\"https:\/\/elmeistrai.lt\/fr\/kavos-aparatu-remontas\/kavos-aparatu-remontas-kaune\/\" \/>\n<meta property=\"og:locale\" content=\"fr_FR\" \/>\n<meta property=\"og:type\" content=\"article\" \/>\n<meta property=\"og:title\" content=\"Profesionalus kavos aparat\u0173 remontas Kaune\" \/>\n<meta property=\"og:description\" content=\"Profesionalus vis\u0173 tip\u0173 ir gamintoj\u0173 kavos aparat\u0173 remontas Kaune. Mus rasite Baltijos g. 58 (RIMI viduje), tel. 8 (656) 95553\" \/>\n<meta property=\"og:url\" content=\"https:\/\/elmeistrai.lt\/fr\/kavos-aparatu-remontas\/kavos-aparatu-remontas-kaune\/\" \/>\n<meta property=\"og:site_name\" content=\"Vilniuje, Kaune, Klaip\u0117doje, \u0160iauliuose\" \/>\n<meta property=\"article:publisher\" content=\"https:\/\/www.facebook.com\/elmeistrai.lt\/\" \/>\n<meta property=\"article:modified_time\" content=\"2026-02-24T09:21:25+00:00\" \/>\n<meta property=\"og:image\" content=\"https:\/\/elmeistrai.lt\/wp-content\/uploads\/2026\/02\/5.jpg\" \/>\n\t<meta property=\"og:image:width\" content=\"612\" \/>\n\t<meta property=\"og:image:height\" content=\"408\" \/>\n\t<meta property=\"og:image:type\" content=\"image\/jpeg\" \/>\n<meta name=\"twitter:card\" content=\"summary_large_image\" \/>\n<meta name=\"twitter:label1\" content=\"Dur\u00e9e de lecture estim\u00e9e\" \/>\n\t<meta name=\"twitter:data1\" content=\"2 minutes\" \/>\n<script type=\"application\/ld+json\" class=\"yoast-schema-graph\">{\"@context\":\"https:\\\/\\\/schema.org\",\"@graph\":[{\"@type\":\"NewsArticle\",\"@id\":\"https:\\\/\\\/elmeistrai.lt\\\/kavos-aparatu-remontas\\\/kavos-aparatu-remontas-kaune\\\/#article\",\"isPartOf\":{\"@id\":\"https:\\\/\\\/elmeistrai.lt\\\/kavos-aparatu-remontas\\\/kavos-aparatu-remontas-kaune\\\/\"},\"author\":{\"name\":\"elMeistrai\",\"@id\":\"https:\\\/\\\/elmeistrai.lt\\\/#\\\/schema\\\/person\\\/6363b621eb9606785f7f2ae9a52987f7\"},\"headline\":\"Profesionalus kavos aparat\u0173 remontas Kaune\",\"datePublished\":\"2023-03-01T21:32:32+00:00\",\"dateModified\":\"2026-02-24T09:21:25+00:00\",\"mainEntityOfPage\":{\"@id\":\"https:\\\/\\\/elmeistrai.lt\\\/kavos-aparatu-remontas\\\/kavos-aparatu-remontas-kaune\\\/\"},\"wordCount\":208,\"publisher\":{\"@id\":\"https:\\\/\\\/elmeistrai.lt\\\/#organization\"},\"image\":{\"@id\":\"https:\\\/\\\/elmeistrai.lt\\\/kavos-aparatu-remontas\\\/kavos-aparatu-remontas-kaune\\\/#primaryimage\"},\"thumbnailUrl\":\"https:\\\/\\\/elmeistrai.lt\\\/wp-content\\\/uploads\\\/2026\\\/02\\\/5.jpg\",\"inLanguage\":\"fr-FR\"},{\"@type\":[\"WebPage\",\"ItemPage\"],\"@id\":\"https:\\\/\\\/elmeistrai.lt\\\/kavos-aparatu-remontas\\\/kavos-aparatu-remontas-kaune\\\/\",\"url\":\"https:\\\/\\\/elmeistrai.lt\\\/kavos-aparatu-remontas\\\/kavos-aparatu-remontas-kaune\\\/\",\"name\":\"Profesionalus kavos aparat\u0173 remontas Kaune\",\"isPartOf\":{\"@id\":\"https:\\\/\\\/elmeistrai.lt\\\/#website\"},\"primaryImageOfPage\":{\"@id\":\"https:\\\/\\\/elmeistrai.lt\\\/kavos-aparatu-remontas\\\/kavos-aparatu-remontas-kaune\\\/#primaryimage\"},\"image\":{\"@id\":\"https:\\\/\\\/elmeistrai.lt\\\/kavos-aparatu-remontas\\\/kavos-aparatu-remontas-kaune\\\/#primaryimage\"},\"thumbnailUrl\":\"https:\\\/\\\/elmeistrai.lt\\\/wp-content\\\/uploads\\\/2026\\\/02\\\/5.jpg\",\"datePublished\":\"2023-03-01T21:32:32+00:00\",\"dateModified\":\"2026-02-24T09:21:25+00:00\",\"description\":\"Profesionalus vis\u0173 tip\u0173 ir gamintoj\u0173 kavos aparat\u0173 remontas Kaune. Mus rasite Baltijos g. 58 (RIMI viduje), tel. 8 (656) 95553\",\"breadcrumb\":{\"@id\":\"https:\\\/\\\/elmeistrai.lt\\\/kavos-aparatu-remontas\\\/kavos-aparatu-remontas-kaune\\\/#breadcrumb\"},\"inLanguage\":\"fr-FR\",\"potentialAction\":[{\"@type\":\"ReadAction\",\"target\":[\"https:\\\/\\\/elmeistrai.lt\\\/kavos-aparatu-remontas\\\/kavos-aparatu-remontas-kaune\\\/\"]}]},{\"@type\":\"ImageObject\",\"inLanguage\":\"fr-FR\",\"@id\":\"https:\\\/\\\/elmeistrai.lt\\\/kavos-aparatu-remontas\\\/kavos-aparatu-remontas-kaune\\\/#primaryimage\",\"url\":\"https:\\\/\\\/elmeistrai.lt\\\/wp-content\\\/uploads\\\/2026\\\/02\\\/5.jpg\",\"contentUrl\":\"https:\\\/\\\/elmeistrai.lt\\\/wp-content\\\/uploads\\\/2026\\\/02\\\/5.jpg\"},{\"@type\":\"BreadcrumbList\",\"@id\":\"https:\\\/\\\/elmeistrai.lt\\\/kavos-aparatu-remontas\\\/kavos-aparatu-remontas-kaune\\\/#breadcrumb\",\"itemListElement\":[{\"@type\":\"ListItem\",\"position\":1,\"name\":\"Home\",\"item\":\"https:\\\/\\\/elmeistrai.lt\\\/\"},{\"@type\":\"ListItem\",\"position\":2,\"name\":\"Profesionalus kavos aparat\u0173 remontas visoje Lietuvoje\",\"item\":\"https:\\\/\\\/elmeistrai.lt\\\/kavos-aparatu-remontas\\\/\"},{\"@type\":\"ListItem\",\"position\":3,\"name\":\"Profesionalus kavos aparat\u0173 remontas Kaune\"}]},{\"@type\":\"WebSite\",\"@id\":\"https:\\\/\\\/elmeistrai.lt\\\/#website\",\"url\":\"https:\\\/\\\/elmeistrai.lt\\\/\",\"name\":\"Vilniuje, Kaune, Klaip\u0117doje, \u0160iauliuose\",\"description\":\"Nam\u0173 ir verslo elektronikos prietais\u0173 remontas. Kase\u010di\u0173 pildymas.\",\"publisher\":{\"@id\":\"https:\\\/\\\/elmeistrai.lt\\\/#organization\"},\"potentialAction\":[{\"@type\":\"SearchAction\",\"target\":{\"@type\":\"EntryPoint\",\"urlTemplate\":\"https:\\\/\\\/elmeistrai.lt\\\/?s={search_term_string}\"},\"query-input\":{\"@type\":\"PropertyValueSpecification\",\"valueRequired\":true,\"valueName\":\"search_term_string\"}}],\"inLanguage\":\"fr-FR\"},{\"@type\":\"Organization\",\"@id\":\"https:\\\/\\\/elmeistrai.lt\\\/#organization\",\"name\":\"elMeistrai.lt\",\"alternateName\":\"Kavos aparat\u0173, paspirtuk\u0173, televizori\u0173, kompiuteri\u0173, telefon\u0173 ir kt. technikos remontas\",\"url\":\"https:\\\/\\\/elmeistrai.lt\\\/\",\"logo\":{\"@type\":\"ImageObject\",\"inLanguage\":\"fr-FR\",\"@id\":\"https:\\\/\\\/elmeistrai.lt\\\/#\\\/schema\\\/logo\\\/image\\\/\",\"url\":\"https:\\\/\\\/elmeistrai.lt\\\/wp-content\\\/uploads\\\/2022\\\/09\\\/elmeistrai_logo.jpg\",\"contentUrl\":\"https:\\\/\\\/elmeistrai.lt\\\/wp-content\\\/uploads\\\/2022\\\/09\\\/elmeistrai_logo.jpg\",\"width\":556,\"height\":143,\"caption\":\"elMeistrai.lt\"},\"image\":{\"@id\":\"https:\\\/\\\/elmeistrai.lt\\\/#\\\/schema\\\/logo\\\/image\\\/\"},\"sameAs\":[\"https:\\\/\\\/www.facebook.com\\\/elmeistrai.lt\\\/\"]},{\"@type\":\"Person\",\"@id\":\"https:\\\/\\\/elmeistrai.lt\\\/#\\\/schema\\\/person\\\/6363b621eb9606785f7f2ae9a52987f7\",\"name\":\"elMeistrai\",\"image\":{\"@type\":\"ImageObject\",\"inLanguage\":\"fr-FR\",\"@id\":\"https:\\\/\\\/secure.gravatar.com\\\/avatar\\\/052f2d9640381d6904c5c0676ac3cc3d7ad734def78df3657e571451cad9870d?s=96&d=mm&r=g\",\"url\":\"https:\\\/\\\/secure.gravatar.com\\\/avatar\\\/052f2d9640381d6904c5c0676ac3cc3d7ad734def78df3657e571451cad9870d?s=96&d=mm&r=g\",\"contentUrl\":\"https:\\\/\\\/secure.gravatar.com\\\/avatar\\\/052f2d9640381d6904c5c0676ac3cc3d7ad734def78df3657e571451cad9870d?s=96&d=mm&r=g\",\"caption\":\"elMeistrai\"},\"url\":\"https:\\\/\\\/elmeistrai.lt\\\/fr\\\/author\\\/yipkxe\\\/\"}]}<\/script>\n<!-- \/ Yoast SEO plugin. -->","yoast_head_json":{"title":"Profesionalus kavos aparat\u0173 remontas Kaune","description":"R\u00e9paration professionnelle de tous types et marques de machines \u00e0 caf\u00e9 \u00e0 Kaunas. Vous nous trouverez \u00e0 Baltijos g. 58 (\u00e0 l'int\u00e9rieur de RIMI), t\u00e9l. 8 (656) 95553.","robots":{"index":"index","follow":"follow","max-snippet":"max-snippet:-1","max-image-preview":"max-image-preview:large","max-video-preview":"max-video-preview:-1"},"canonical":"https:\/\/elmeistrai.lt\/fr\/kavos-aparatu-remontas\/kavos-aparatu-remontas-kaune\/","og_locale":"fr_FR","og_type":"article","og_title":"Profesionalus kavos aparat\u0173 remontas Kaune","og_description":"Profesionalus vis\u0173 tip\u0173 ir gamintoj\u0173 kavos aparat\u0173 remontas Kaune. Mus rasite Baltijos g. 58 (RIMI viduje), tel. 8 (656) 95553","og_url":"https:\/\/elmeistrai.lt\/fr\/kavos-aparatu-remontas\/kavos-aparatu-remontas-kaune\/","og_site_name":"Vilniuje, Kaune, Klaip\u0117doje, \u0160iauliuose","article_publisher":"https:\/\/www.facebook.com\/elmeistrai.lt\/","article_modified_time":"2026-02-24T09:21:25+00:00","og_image":[{"width":612,"height":408,"url":"https:\/\/elmeistrai.lt\/wp-content\/uploads\/2026\/02\/5.jpg","type":"image\/jpeg"}],"twitter_card":"summary_large_image","twitter_misc":{"Dur\u00e9e de lecture estim\u00e9e":"2 minutes"},"schema":{"@context":"https:\/\/schema.org","@graph":[{"@type":"NewsArticle","@id":"https:\/\/elmeistrai.lt\/kavos-aparatu-remontas\/kavos-aparatu-remontas-kaune\/#article","isPartOf":{"@id":"https:\/\/elmeistrai.lt\/kavos-aparatu-remontas\/kavos-aparatu-remontas-kaune\/"},"author":{"name":"elMeistrai","@id":"https:\/\/elmeistrai.lt\/#\/schema\/person\/6363b621eb9606785f7f2ae9a52987f7"},"headline":"Profesionalus kavos aparat\u0173 remontas Kaune","datePublished":"2023-03-01T21:32:32+00:00","dateModified":"2026-02-24T09:21:25+00:00","mainEntityOfPage":{"@id":"https:\/\/elmeistrai.lt\/kavos-aparatu-remontas\/kavos-aparatu-remontas-kaune\/"},"wordCount":208,"publisher":{"@id":"https:\/\/elmeistrai.lt\/#organization"},"image":{"@id":"https:\/\/elmeistrai.lt\/kavos-aparatu-remontas\/kavos-aparatu-remontas-kaune\/#primaryimage"},"thumbnailUrl":"https:\/\/elmeistrai.lt\/wp-content\/uploads\/2026\/02\/5.jpg","inLanguage":"fr-FR"},{"@type":["WebPage","ItemPage"],"@id":"https:\/\/elmeistrai.lt\/kavos-aparatu-remontas\/kavos-aparatu-remontas-kaune\/","url":"https:\/\/elmeistrai.lt\/kavos-aparatu-remontas\/kavos-aparatu-remontas-kaune\/","name":"Profesionalus kavos aparat\u0173 remontas Kaune","isPartOf":{"@id":"https:\/\/elmeistrai.lt\/#website"},"primaryImageOfPage":{"@id":"https:\/\/elmeistrai.lt\/kavos-aparatu-remontas\/kavos-aparatu-remontas-kaune\/#primaryimage"},"image":{"@id":"https:\/\/elmeistrai.lt\/kavos-aparatu-remontas\/kavos-aparatu-remontas-kaune\/#primaryimage"},"thumbnailUrl":"https:\/\/elmeistrai.lt\/wp-content\/uploads\/2026\/02\/5.jpg","datePublished":"2023-03-01T21:32:32+00:00","dateModified":"2026-02-24T09:21:25+00:00","description":"R\u00e9paration professionnelle de tous types et marques de machines \u00e0 caf\u00e9 \u00e0 Kaunas. Vous nous trouverez \u00e0 Baltijos g. 58 (\u00e0 l'int\u00e9rieur de RIMI), t\u00e9l. 8 (656) 95553.","breadcrumb":{"@id":"https:\/\/elmeistrai.lt\/kavos-aparatu-remontas\/kavos-aparatu-remontas-kaune\/#breadcrumb"},"inLanguage":"fr-FR","potentialAction":[{"@type":"ReadAction","target":["https:\/\/elmeistrai.lt\/kavos-aparatu-remontas\/kavos-aparatu-remontas-kaune\/"]}]},{"@type":"ImageObject","inLanguage":"fr-FR","@id":"https:\/\/elmeistrai.lt\/kavos-aparatu-remontas\/kavos-aparatu-remontas-kaune\/#primaryimage","url":"https:\/\/elmeistrai.lt\/wp-content\/uploads\/2026\/02\/5.jpg","contentUrl":"https:\/\/elmeistrai.lt\/wp-content\/uploads\/2026\/02\/5.jpg"},{"@type":"BreadcrumbList","@id":"https:\/\/elmeistrai.lt\/kavos-aparatu-remontas\/kavos-aparatu-remontas-kaune\/#breadcrumb","itemListElement":[{"@type":"ListItem","position":1,"name":"Home","item":"https:\/\/elmeistrai.lt\/"},{"@type":"ListItem","position":2,"name":"Profesionalus kavos aparat\u0173 remontas visoje Lietuvoje","item":"https:\/\/elmeistrai.lt\/kavos-aparatu-remontas\/"},{"@type":"ListItem","position":3,"name":"Profesionalus kavos aparat\u0173 remontas Kaune"}]},{"@type":"WebSite","@id":"https:\/\/elmeistrai.lt\/#website","url":"https:\/\/elmeistrai.lt\/","name":"Vilnius, Kaunas, Klaip\u0117da, \u0160iauliai","description":"R\u00e9paration d'appareils \u00e9lectroniques domestiques et professionnels. Remplissage de cartouches.","publisher":{"@id":"https:\/\/elmeistrai.lt\/#organization"},"potentialAction":[{"@type":"SearchAction","target":{"@type":"EntryPoint","urlTemplate":"https:\/\/elmeistrai.lt\/?s={search_term_string}"},"query-input":{"@type":"PropertyValueSpecification","valueRequired":true,"valueName":"search_term_string"}}],"inLanguage":"fr-FR"},{"@type":"Organization","@id":"https:\/\/elmeistrai.lt\/#organization","name":"elMeistrai.lt","alternateName":"Kavos aparat\u0173, paspirtuk\u0173, televizori\u0173, kompiuteri\u0173, telefon\u0173 ir kt. technikos remontas","url":"https:\/\/elmeistrai.lt\/","logo":{"@type":"ImageObject","inLanguage":"fr-FR","@id":"https:\/\/elmeistrai.lt\/#\/schema\/logo\/image\/","url":"https:\/\/elmeistrai.lt\/wp-content\/uploads\/2022\/09\/elmeistrai_logo.jpg","contentUrl":"https:\/\/elmeistrai.lt\/wp-content\/uploads\/2022\/09\/elmeistrai_logo.jpg","width":556,"height":143,"caption":"elMeistrai.lt"},"image":{"@id":"https:\/\/elmeistrai.lt\/#\/schema\/logo\/image\/"},"sameAs":["https:\/\/www.facebook.com\/elmeistrai.lt\/"]},{"@type":"Person","@id":"https:\/\/elmeistrai.lt\/#\/schema\/person\/6363b621eb9606785f7f2ae9a52987f7","name":"elMeistrai","image":{"@type":"ImageObject","inLanguage":"fr-FR","@id":"https:\/\/secure.gravatar.com\/avatar\/052f2d9640381d6904c5c0676ac3cc3d7ad734def78df3657e571451cad9870d?s=96&d=mm&r=g","url":"https:\/\/secure.gravatar.com\/avatar\/052f2d9640381d6904c5c0676ac3cc3d7ad734def78df3657e571451cad9870d?s=96&d=mm&r=g","contentUrl":"https:\/\/secure.gravatar.com\/avatar\/052f2d9640381d6904c5c0676ac3cc3d7ad734def78df3657e571451cad9870d?s=96&d=mm&r=g","caption":"elMeistrai"},"url":"https:\/\/elmeistrai.lt\/fr\/author\/yipkxe\/"}]}},"uagb_featured_image_src":{"full":false,"thumbnail":false,"medium":false,"medium_large":false,"large":false,"1536x1536":false,"2048x2048":false,"trp-custom-language-flag":false,"writemag-1218w-autoh-image":false,"writemag-675w-autoh-image":false,"writemag-100w-100h-image":false},"uagb_author_info":{"display_name":"elMeistrai","author_link":"https:\/\/elmeistrai.lt\/fr\/author\/yipkxe\/"},"uagb_comment_info":0,"uagb_excerpt":"&#8222;elMeistrai&#8221;- kavos aparat\u0173 remonto Kaune kvalifikuot\u0173 technik\u0173 komanda, stengiasi teikti efektyvias ir nebrangias vis\u0173 tip\u0173 kavos aparat\u0173 taisymo paslaugas. Suprantame,...","rttpg_featured_image_url":null,"rttpg_author":{"display_name":"elMeistrai","author_link":"https:\/\/elmeistrai.lt\/fr\/author\/yipkxe\/"},"rttpg_comment":0,"rttpg_category":null,"rttpg_excerpt":"&#8222;elMeistrai&#8221;- kavos aparat\u0173 remonto Kaune kvalifikuot\u0173 technik\u0173 komanda, stengiasi teikti efektyvias ir nebrangias vis\u0173 tip\u0173 kavos aparat\u0173 taisymo paslaugas. Suprantame,...","_links":{"self":[{"href":"https:\/\/elmeistrai.lt\/fr\/wp-json\/wp\/v2\/pages\/2210","targetHints":{"allow":["GET"]}}],"collection":[{"href":"https:\/\/elmeistrai.lt\/fr\/wp-json\/wp\/v2\/pages"}],"about":[{"href":"https:\/\/elmeistrai.lt\/fr\/wp-json\/wp\/v2\/types\/page"}],"author":[{"embeddable":true,"href":"https:\/\/elmeistrai.lt\/fr\/wp-json\/wp\/v2\/users\/1"}],"replies":[{"embeddable":true,"href":"https:\/\/elmeistrai.lt\/fr\/wp-json\/wp\/v2\/comments?post=2210"}],"version-history":[{"count":5,"href":"https:\/\/elmeistrai.lt\/fr\/wp-json\/wp\/v2\/pages\/2210\/revisions"}],"predecessor-version":[{"id":8861,"href":"https:\/\/elmeistrai.lt\/fr\/wp-json\/wp\/v2\/pages\/2210\/revisions\/8861"}],"up":[{"embeddable":true,"href":"https:\/\/elmeistrai.lt\/fr\/wp-json\/wp\/v2\/pages\/53"}],"wp:attachment":[{"href":"https:\/\/elmeistrai.lt\/fr\/wp-json\/wp\/v2\/media?parent=2210"}],"curies":[{"name":"wp","href":"https:\/\/api.w.org\/{rel}","templated":true}]}}