{"id":2187,"date":"2023-03-01T18:58:55","date_gmt":"2023-03-01T20:58:55","guid":{"rendered":"https:\/\/elmeistrai.lt\/?page_id=2187"},"modified":"2026-02-19T14:42:04","modified_gmt":"2026-02-19T12:42:04","slug":"televizoriu-remontas-kaune","status":"publish","type":"page","link":"https:\/\/elmeistrai.lt\/fr\/televizoriu-remontas\/televizoriu-remontas-kaune\/","title":{"rendered":"Profesionalus televizori\u0173 remontas Kaune"},"content":{"rendered":"<div class=\"wp-block-uagb-container uagb-block-3850dec4 alignfull uagb-is-root-container\"><div class=\"uagb-container-inner-blocks-wrap\">\n<div class=\"wp-block-uagb-container uagb-block-ee9e059f\">\n<p>&#8222;elMeistrai&#8221; taisykla teikia auk\u0161tos kokyb\u0117s profesionalias <strong>R\u00e9paration de t\u00e9l\u00e9viseurs \u00e0 Kaunas<\/strong> services. Si vous avez un probl\u00e8me avec votre t\u00e9l\u00e9viseur, contactez-nous et nous vous aiderons. Nos techniciens professionnels poss\u00e8dent les comp\u00e9tences et l'exp\u00e9rience n\u00e9cessaires pour identifier et r\u00e9soudre les probl\u00e8mes rapidement et avec pr\u00e9cision. Nous pouvons \u00e9galement vous conseiller sur la mani\u00e8re d'entretenir votre t\u00e9l\u00e9viseur afin d'\u00e9viter tout probl\u00e8me ult\u00e9rieur.<\/p>\n<\/div>\n\n\n\n<div class=\"wp-block-uagb-container uagb-block-c87631f8\">\n<figure class=\"wp-block-image size-full\"><img loading=\"lazy\" decoding=\"async\" width=\"612\" height=\"459\" src=\"https:\/\/elmeistrai.lt\/wp-content\/uploads\/2026\/02\/tv-remontai.jpg\" alt=\"\" class=\"wp-image-8495\" srcset=\"https:\/\/elmeistrai.lt\/wp-content\/uploads\/2026\/02\/tv-remontai.jpg 612w, https:\/\/elmeistrai.lt\/wp-content\/uploads\/2026\/02\/tv-remontai-300x225.jpg 300w, https:\/\/elmeistrai.lt\/wp-content\/uploads\/2026\/02\/tv-remontai-16x12.jpg 16w\" sizes=\"auto, (max-width: 612px) 100vw, 612px\" \/><\/figure>\n<\/div>\n<\/div><\/div>\n\n\n\n<li><strong>A Kaunas, vous nous trouverez \u00e0 Baltijos g. 58. L'atelier de r\u00e9paration Elmeistrai est situ\u00e9 \u00e0 l'int\u00e9rieur du nouveau magasin RIMI. Nous vous attendons tous les jours ouvrables de 9 heures \u00e0 18 heures. T\u00e9l. <a href=\"tel:865695553\">8 (656) 955<\/a><\/strong><a href=\"tel:865695553\">53<\/a><\/li>\n\n\n\n<hr class=\"wp-block-separator has-alpha-channel-opacity\"\/>\n\n\n\n<figure class=\"wp-block-image size-full is-resized\"><img loading=\"lazy\" decoding=\"async\" width=\"612\" height=\"408\" src=\"https:\/\/elmeistrai.lt\/wp-content\/uploads\/2026\/02\/televizoriu-remontas2.jpg\" alt=\"\" class=\"wp-image-8496\" style=\"width:528px;height:auto\" srcset=\"https:\/\/elmeistrai.lt\/wp-content\/uploads\/2026\/02\/televizoriu-remontas2.jpg 612w, https:\/\/elmeistrai.lt\/wp-content\/uploads\/2026\/02\/televizoriu-remontas2-300x200.jpg 300w, https:\/\/elmeistrai.lt\/wp-content\/uploads\/2026\/02\/televizoriu-remontas2-18x12.jpg 18w\" sizes=\"auto, (max-width: 612px) 100vw, 612px\" \/><\/figure>\n\n\n\n<p>Ko tik\u0117tis atne\u0161us televizori\u0173 remontui Kaune?<\/p>\n\n\n\n<ul class=\"wp-block-list\">\n<li>Diagnostic complet - nos techniciens professionnels disposent des \u00e9quipements les plus r\u00e9cents et les plus avanc\u00e9s pour d\u00e9tecter et diagnostiquer les probl\u00e8mes de votre t\u00e9l\u00e9viseur. Ils sont ainsi en mesure de d\u00e9terminer la cause exacte du probl\u00e8me et de fournir une solution personnalis\u00e9e qui r\u00e9ponde au mieux \u00e0 vos besoins sp\u00e9cifiques.<\/li>\n\n\n\n<li>Des services de r\u00e9paration professionnels - des techniciens exp\u00e9riment\u00e9s ont l'expertise n\u00e9cessaire pour r\u00e9soudre des probl\u00e8mes allant de composants d\u00e9fectueux \u00e0 des probl\u00e8mes de logiciel. Nous vous conseillons et vous sugg\u00e9rons la m\u00e9thode la plus efficace pour r\u00e9soudre votre probl\u00e8me.<\/li>\n\n\n\n<li>Des solutions rentables qui peuvent vous faire \u00e9conomiser de l'argent \u00e0 long terme. Nous avons acc\u00e8s \u00e0 une large gamme de pi\u00e8ces d\u00e9tach\u00e9es, ce qui nous permet de vous proposer une solution adapt\u00e9e \u00e0 votre budget.<\/li>\n\n\n\n<li>Garantie - vous pouvez \u00eatre assur\u00e9 que toute r\u00e9paration ou remplacement de pi\u00e8ces sera effectu\u00e9 gratuitement. Vous n'aurez donc pas \u00e0 vous soucier des co\u00fbts suppl\u00e9mentaires en cas de panne peu de temps apr\u00e8s la r\u00e9paration.<\/li>\n<\/ul>\n\n\n\n<p>En plus de ces avantages, nous offrons un service \u00e0 la client\u00e8le rapide et amical. Nous comprenons que votre t\u00e9l\u00e9viseur est un \u00e9l\u00e9ment important de votre syst\u00e8me de divertissement \u00e0 domicile, et nous ferons en sorte qu'il fonctionne \u00e0 nouveau correctement dans les plus brefs d\u00e9lais. Lorsque vous choisissez notre service professionnel de <strong>R\u00e9paration de t\u00e9l\u00e9viseurs \u00e0 Kaunas <\/strong>vous pouvez \u00eatre s\u00fbr que tous vos besoins seront pris en charge de mani\u00e8re rapide et efficace.<\/p>","protected":false},"excerpt":{"rendered":"<p>&#8222;elMeistrai&#8221; taisykla teikia auk\u0161tos kokyb\u0117s profesionalias televizori\u0173 remonto Kaune paslaugas. Jei kyla problem\u0173 su televizoriumi &#8211; kreipkit\u0117s \u012f mus, ir&#8230;<\/p>","protected":false},"author":1,"featured_media":0,"parent":25,"menu_order":0,"comment_status":"closed","ping_status":"closed","template":"","meta":{"_uag_custom_page_level_css":"","footnotes":""},"class_list":["post-2187","page","type-page","status-publish","hentry"],"yoast_head":"<!-- This site is optimized with the Yoast SEO plugin v27.3 - https:\/\/yoast.com\/product\/yoast-seo-wordpress\/ -->\n<title>Profesionalus televizori\u0173 remontas Kaune<\/title>\n<meta name=\"description\" content=\"Profesionalus vis\u0173 tip\u0173 televizori\u0173 remontas Kaune - LED, OLED, LCD ir kit\u0173. Mus rasite Baltijos g. 58, tel. 8 (656) 95553\" \/>\n<meta name=\"robots\" content=\"index, follow, max-snippet:-1, max-image-preview:large, max-video-preview:-1\" \/>\n<link rel=\"canonical\" href=\"https:\/\/elmeistrai.lt\/fr\/televizoriu-remontas\/televizoriu-remontas-kaune\/\" \/>\n<meta property=\"og:locale\" content=\"fr_FR\" \/>\n<meta property=\"og:type\" content=\"article\" \/>\n<meta property=\"og:title\" content=\"Profesionalus televizori\u0173 remontas Kaune\" \/>\n<meta property=\"og:description\" content=\"Profesionalus vis\u0173 tip\u0173 televizori\u0173 remontas Kaune - LED, OLED, LCD ir kit\u0173. Mus rasite Baltijos g. 58, tel. 8 (656) 95553\" \/>\n<meta property=\"og:url\" content=\"https:\/\/elmeistrai.lt\/fr\/televizoriu-remontas\/televizoriu-remontas-kaune\/\" \/>\n<meta property=\"og:site_name\" content=\"Vilniuje, Kaune, Klaip\u0117doje, \u0160iauliuose\" \/>\n<meta property=\"article:publisher\" content=\"https:\/\/www.facebook.com\/elmeistrai.lt\/\" \/>\n<meta property=\"article:modified_time\" content=\"2026-02-19T12:42:04+00:00\" \/>\n<meta property=\"og:image\" content=\"https:\/\/elmeistrai.lt\/wp-content\/uploads\/2026\/02\/tv-remontai.jpg\" \/>\n\t<meta property=\"og:image:width\" content=\"612\" \/>\n\t<meta property=\"og:image:height\" content=\"459\" \/>\n\t<meta property=\"og:image:type\" content=\"image\/jpeg\" \/>\n<meta name=\"twitter:card\" content=\"summary_large_image\" \/>\n<meta name=\"twitter:label1\" content=\"Dur\u00e9e de lecture estim\u00e9e\" \/>\n\t<meta name=\"twitter:data1\" content=\"2 minutes\" \/>\n<script type=\"application\/ld+json\" class=\"yoast-schema-graph\">{\"@context\":\"https:\\\/\\\/schema.org\",\"@graph\":[{\"@type\":\"NewsArticle\",\"@id\":\"https:\\\/\\\/elmeistrai.lt\\\/televizoriu-remontas\\\/televizoriu-remontas-kaune\\\/#article\",\"isPartOf\":{\"@id\":\"https:\\\/\\\/elmeistrai.lt\\\/televizoriu-remontas\\\/televizoriu-remontas-kaune\\\/\"},\"author\":{\"name\":\"elMeistrai\",\"@id\":\"https:\\\/\\\/elmeistrai.lt\\\/#\\\/schema\\\/person\\\/6363b621eb9606785f7f2ae9a52987f7\"},\"headline\":\"Profesionalus televizori\u0173 remontas Kaune\",\"datePublished\":\"2023-03-01T20:58:55+00:00\",\"dateModified\":\"2026-02-19T12:42:04+00:00\",\"mainEntityOfPage\":{\"@id\":\"https:\\\/\\\/elmeistrai.lt\\\/televizoriu-remontas\\\/televizoriu-remontas-kaune\\\/\"},\"wordCount\":269,\"publisher\":{\"@id\":\"https:\\\/\\\/elmeistrai.lt\\\/#organization\"},\"image\":{\"@id\":\"https:\\\/\\\/elmeistrai.lt\\\/televizoriu-remontas\\\/televizoriu-remontas-kaune\\\/#primaryimage\"},\"thumbnailUrl\":\"https:\\\/\\\/elmeistrai.lt\\\/wp-content\\\/uploads\\\/2026\\\/02\\\/tv-remontai.jpg\",\"inLanguage\":\"fr-FR\"},{\"@type\":[\"WebPage\",\"ItemPage\"],\"@id\":\"https:\\\/\\\/elmeistrai.lt\\\/televizoriu-remontas\\\/televizoriu-remontas-kaune\\\/\",\"url\":\"https:\\\/\\\/elmeistrai.lt\\\/televizoriu-remontas\\\/televizoriu-remontas-kaune\\\/\",\"name\":\"Profesionalus televizori\u0173 remontas Kaune\",\"isPartOf\":{\"@id\":\"https:\\\/\\\/elmeistrai.lt\\\/#website\"},\"primaryImageOfPage\":{\"@id\":\"https:\\\/\\\/elmeistrai.lt\\\/televizoriu-remontas\\\/televizoriu-remontas-kaune\\\/#primaryimage\"},\"image\":{\"@id\":\"https:\\\/\\\/elmeistrai.lt\\\/televizoriu-remontas\\\/televizoriu-remontas-kaune\\\/#primaryimage\"},\"thumbnailUrl\":\"https:\\\/\\\/elmeistrai.lt\\\/wp-content\\\/uploads\\\/2026\\\/02\\\/tv-remontai.jpg\",\"datePublished\":\"2023-03-01T20:58:55+00:00\",\"dateModified\":\"2026-02-19T12:42:04+00:00\",\"description\":\"Profesionalus vis\u0173 tip\u0173 televizori\u0173 remontas Kaune - LED, OLED, LCD ir kit\u0173. Mus rasite Baltijos g. 58, tel. 8 (656) 95553\",\"breadcrumb\":{\"@id\":\"https:\\\/\\\/elmeistrai.lt\\\/televizoriu-remontas\\\/televizoriu-remontas-kaune\\\/#breadcrumb\"},\"inLanguage\":\"fr-FR\",\"potentialAction\":[{\"@type\":\"ReadAction\",\"target\":[\"https:\\\/\\\/elmeistrai.lt\\\/televizoriu-remontas\\\/televizoriu-remontas-kaune\\\/\"]}]},{\"@type\":\"ImageObject\",\"inLanguage\":\"fr-FR\",\"@id\":\"https:\\\/\\\/elmeistrai.lt\\\/televizoriu-remontas\\\/televizoriu-remontas-kaune\\\/#primaryimage\",\"url\":\"https:\\\/\\\/elmeistrai.lt\\\/wp-content\\\/uploads\\\/2026\\\/02\\\/tv-remontai.jpg\",\"contentUrl\":\"https:\\\/\\\/elmeistrai.lt\\\/wp-content\\\/uploads\\\/2026\\\/02\\\/tv-remontai.jpg\"},{\"@type\":\"BreadcrumbList\",\"@id\":\"https:\\\/\\\/elmeistrai.lt\\\/televizoriu-remontas\\\/televizoriu-remontas-kaune\\\/#breadcrumb\",\"itemListElement\":[{\"@type\":\"ListItem\",\"position\":1,\"name\":\"Home\",\"item\":\"https:\\\/\\\/elmeistrai.lt\\\/\"},{\"@type\":\"ListItem\",\"position\":2,\"name\":\"Profesionalus televizori\u0173 remontas Vilniuje, Kaune, Klaip\u0117doje ir \u0160iauliuose\",\"item\":\"https:\\\/\\\/elmeistrai.lt\\\/televizoriu-remontas\\\/\"},{\"@type\":\"ListItem\",\"position\":3,\"name\":\"Profesionalus televizori\u0173 remontas Kaune\"}]},{\"@type\":\"WebSite\",\"@id\":\"https:\\\/\\\/elmeistrai.lt\\\/#website\",\"url\":\"https:\\\/\\\/elmeistrai.lt\\\/\",\"name\":\"Vilniuje, Kaune, Klaip\u0117doje, \u0160iauliuose\",\"description\":\"Nam\u0173 ir verslo elektronikos prietais\u0173 remontas. Kase\u010di\u0173 pildymas.\",\"publisher\":{\"@id\":\"https:\\\/\\\/elmeistrai.lt\\\/#organization\"},\"potentialAction\":[{\"@type\":\"SearchAction\",\"target\":{\"@type\":\"EntryPoint\",\"urlTemplate\":\"https:\\\/\\\/elmeistrai.lt\\\/?s={search_term_string}\"},\"query-input\":{\"@type\":\"PropertyValueSpecification\",\"valueRequired\":true,\"valueName\":\"search_term_string\"}}],\"inLanguage\":\"fr-FR\"},{\"@type\":\"Organization\",\"@id\":\"https:\\\/\\\/elmeistrai.lt\\\/#organization\",\"name\":\"elMeistrai.lt\",\"alternateName\":\"Kavos aparat\u0173, paspirtuk\u0173, televizori\u0173, kompiuteri\u0173, telefon\u0173 ir kt. technikos remontas\",\"url\":\"https:\\\/\\\/elmeistrai.lt\\\/\",\"logo\":{\"@type\":\"ImageObject\",\"inLanguage\":\"fr-FR\",\"@id\":\"https:\\\/\\\/elmeistrai.lt\\\/#\\\/schema\\\/logo\\\/image\\\/\",\"url\":\"https:\\\/\\\/elmeistrai.lt\\\/wp-content\\\/uploads\\\/2022\\\/09\\\/elmeistrai_logo.jpg\",\"contentUrl\":\"https:\\\/\\\/elmeistrai.lt\\\/wp-content\\\/uploads\\\/2022\\\/09\\\/elmeistrai_logo.jpg\",\"width\":556,\"height\":143,\"caption\":\"elMeistrai.lt\"},\"image\":{\"@id\":\"https:\\\/\\\/elmeistrai.lt\\\/#\\\/schema\\\/logo\\\/image\\\/\"},\"sameAs\":[\"https:\\\/\\\/www.facebook.com\\\/elmeistrai.lt\\\/\"]},{\"@type\":\"Person\",\"@id\":\"https:\\\/\\\/elmeistrai.lt\\\/#\\\/schema\\\/person\\\/6363b621eb9606785f7f2ae9a52987f7\",\"name\":\"elMeistrai\",\"image\":{\"@type\":\"ImageObject\",\"inLanguage\":\"fr-FR\",\"@id\":\"https:\\\/\\\/secure.gravatar.com\\\/avatar\\\/052f2d9640381d6904c5c0676ac3cc3d7ad734def78df3657e571451cad9870d?s=96&d=mm&r=g\",\"url\":\"https:\\\/\\\/secure.gravatar.com\\\/avatar\\\/052f2d9640381d6904c5c0676ac3cc3d7ad734def78df3657e571451cad9870d?s=96&d=mm&r=g\",\"contentUrl\":\"https:\\\/\\\/secure.gravatar.com\\\/avatar\\\/052f2d9640381d6904c5c0676ac3cc3d7ad734def78df3657e571451cad9870d?s=96&d=mm&r=g\",\"caption\":\"elMeistrai\"},\"url\":\"https:\\\/\\\/elmeistrai.lt\\\/fr\\\/author\\\/yipkxe\\\/\"}]}<\/script>\n<!-- \/ Yoast SEO plugin. -->","yoast_head_json":{"title":"Profesionalus televizori\u0173 remontas Kaune","description":"R\u00e9paration professionnelle de tous types de t\u00e9l\u00e9viseurs \u00e0 Kaunas - LED, OLED, LCD et autres. Vous pouvez nous trouver \u00e0 Baltijos g. 58, t\u00e9l. 8 (656) 95553.","robots":{"index":"index","follow":"follow","max-snippet":"max-snippet:-1","max-image-preview":"max-image-preview:large","max-video-preview":"max-video-preview:-1"},"canonical":"https:\/\/elmeistrai.lt\/fr\/televizoriu-remontas\/televizoriu-remontas-kaune\/","og_locale":"fr_FR","og_type":"article","og_title":"Profesionalus televizori\u0173 remontas Kaune","og_description":"Profesionalus vis\u0173 tip\u0173 televizori\u0173 remontas Kaune - LED, OLED, LCD ir kit\u0173. Mus rasite Baltijos g. 58, tel. 8 (656) 95553","og_url":"https:\/\/elmeistrai.lt\/fr\/televizoriu-remontas\/televizoriu-remontas-kaune\/","og_site_name":"Vilniuje, Kaune, Klaip\u0117doje, \u0160iauliuose","article_publisher":"https:\/\/www.facebook.com\/elmeistrai.lt\/","article_modified_time":"2026-02-19T12:42:04+00:00","og_image":[{"width":612,"height":459,"url":"https:\/\/elmeistrai.lt\/wp-content\/uploads\/2026\/02\/tv-remontai.jpg","type":"image\/jpeg"}],"twitter_card":"summary_large_image","twitter_misc":{"Dur\u00e9e de lecture estim\u00e9e":"2 minutes"},"schema":{"@context":"https:\/\/schema.org","@graph":[{"@type":"NewsArticle","@id":"https:\/\/elmeistrai.lt\/televizoriu-remontas\/televizoriu-remontas-kaune\/#article","isPartOf":{"@id":"https:\/\/elmeistrai.lt\/televizoriu-remontas\/televizoriu-remontas-kaune\/"},"author":{"name":"elMeistrai","@id":"https:\/\/elmeistrai.lt\/#\/schema\/person\/6363b621eb9606785f7f2ae9a52987f7"},"headline":"Profesionalus televizori\u0173 remontas Kaune","datePublished":"2023-03-01T20:58:55+00:00","dateModified":"2026-02-19T12:42:04+00:00","mainEntityOfPage":{"@id":"https:\/\/elmeistrai.lt\/televizoriu-remontas\/televizoriu-remontas-kaune\/"},"wordCount":269,"publisher":{"@id":"https:\/\/elmeistrai.lt\/#organization"},"image":{"@id":"https:\/\/elmeistrai.lt\/televizoriu-remontas\/televizoriu-remontas-kaune\/#primaryimage"},"thumbnailUrl":"https:\/\/elmeistrai.lt\/wp-content\/uploads\/2026\/02\/tv-remontai.jpg","inLanguage":"fr-FR"},{"@type":["WebPage","ItemPage"],"@id":"https:\/\/elmeistrai.lt\/televizoriu-remontas\/televizoriu-remontas-kaune\/","url":"https:\/\/elmeistrai.lt\/televizoriu-remontas\/televizoriu-remontas-kaune\/","name":"Profesionalus televizori\u0173 remontas Kaune","isPartOf":{"@id":"https:\/\/elmeistrai.lt\/#website"},"primaryImageOfPage":{"@id":"https:\/\/elmeistrai.lt\/televizoriu-remontas\/televizoriu-remontas-kaune\/#primaryimage"},"image":{"@id":"https:\/\/elmeistrai.lt\/televizoriu-remontas\/televizoriu-remontas-kaune\/#primaryimage"},"thumbnailUrl":"https:\/\/elmeistrai.lt\/wp-content\/uploads\/2026\/02\/tv-remontai.jpg","datePublished":"2023-03-01T20:58:55+00:00","dateModified":"2026-02-19T12:42:04+00:00","description":"R\u00e9paration professionnelle de tous types de t\u00e9l\u00e9viseurs \u00e0 Kaunas - LED, OLED, LCD et autres. Vous pouvez nous trouver \u00e0 Baltijos g. 58, t\u00e9l. 8 (656) 95553.","breadcrumb":{"@id":"https:\/\/elmeistrai.lt\/televizoriu-remontas\/televizoriu-remontas-kaune\/#breadcrumb"},"inLanguage":"fr-FR","potentialAction":[{"@type":"ReadAction","target":["https:\/\/elmeistrai.lt\/televizoriu-remontas\/televizoriu-remontas-kaune\/"]}]},{"@type":"ImageObject","inLanguage":"fr-FR","@id":"https:\/\/elmeistrai.lt\/televizoriu-remontas\/televizoriu-remontas-kaune\/#primaryimage","url":"https:\/\/elmeistrai.lt\/wp-content\/uploads\/2026\/02\/tv-remontai.jpg","contentUrl":"https:\/\/elmeistrai.lt\/wp-content\/uploads\/2026\/02\/tv-remontai.jpg"},{"@type":"BreadcrumbList","@id":"https:\/\/elmeistrai.lt\/televizoriu-remontas\/televizoriu-remontas-kaune\/#breadcrumb","itemListElement":[{"@type":"ListItem","position":1,"name":"Home","item":"https:\/\/elmeistrai.lt\/"},{"@type":"ListItem","position":2,"name":"Profesionalus televizori\u0173 remontas Vilniuje, Kaune, Klaip\u0117doje ir \u0160iauliuose","item":"https:\/\/elmeistrai.lt\/televizoriu-remontas\/"},{"@type":"ListItem","position":3,"name":"Profesionalus televizori\u0173 remontas Kaune"}]},{"@type":"WebSite","@id":"https:\/\/elmeistrai.lt\/#website","url":"https:\/\/elmeistrai.lt\/","name":"Vilnius, Kaunas, Klaip\u0117da, \u0160iauliai","description":"R\u00e9paration d'appareils \u00e9lectroniques domestiques et professionnels. Remplissage de cartouches.","publisher":{"@id":"https:\/\/elmeistrai.lt\/#organization"},"potentialAction":[{"@type":"SearchAction","target":{"@type":"EntryPoint","urlTemplate":"https:\/\/elmeistrai.lt\/?s={search_term_string}"},"query-input":{"@type":"PropertyValueSpecification","valueRequired":true,"valueName":"search_term_string"}}],"inLanguage":"fr-FR"},{"@type":"Organization","@id":"https:\/\/elmeistrai.lt\/#organization","name":"elMeistrai.lt","alternateName":"Kavos aparat\u0173, paspirtuk\u0173, televizori\u0173, kompiuteri\u0173, telefon\u0173 ir kt. technikos remontas","url":"https:\/\/elmeistrai.lt\/","logo":{"@type":"ImageObject","inLanguage":"fr-FR","@id":"https:\/\/elmeistrai.lt\/#\/schema\/logo\/image\/","url":"https:\/\/elmeistrai.lt\/wp-content\/uploads\/2022\/09\/elmeistrai_logo.jpg","contentUrl":"https:\/\/elmeistrai.lt\/wp-content\/uploads\/2022\/09\/elmeistrai_logo.jpg","width":556,"height":143,"caption":"elMeistrai.lt"},"image":{"@id":"https:\/\/elmeistrai.lt\/#\/schema\/logo\/image\/"},"sameAs":["https:\/\/www.facebook.com\/elmeistrai.lt\/"]},{"@type":"Person","@id":"https:\/\/elmeistrai.lt\/#\/schema\/person\/6363b621eb9606785f7f2ae9a52987f7","name":"elMeistrai","image":{"@type":"ImageObject","inLanguage":"fr-FR","@id":"https:\/\/secure.gravatar.com\/avatar\/052f2d9640381d6904c5c0676ac3cc3d7ad734def78df3657e571451cad9870d?s=96&d=mm&r=g","url":"https:\/\/secure.gravatar.com\/avatar\/052f2d9640381d6904c5c0676ac3cc3d7ad734def78df3657e571451cad9870d?s=96&d=mm&r=g","contentUrl":"https:\/\/secure.gravatar.com\/avatar\/052f2d9640381d6904c5c0676ac3cc3d7ad734def78df3657e571451cad9870d?s=96&d=mm&r=g","caption":"elMeistrai"},"url":"https:\/\/elmeistrai.lt\/fr\/author\/yipkxe\/"}]}},"uagb_featured_image_src":{"full":false,"thumbnail":false,"medium":false,"medium_large":false,"large":false,"1536x1536":false,"2048x2048":false,"trp-custom-language-flag":false,"writemag-1218w-autoh-image":false,"writemag-675w-autoh-image":false,"writemag-100w-100h-image":false},"uagb_author_info":{"display_name":"elMeistrai","author_link":"https:\/\/elmeistrai.lt\/fr\/author\/yipkxe\/"},"uagb_comment_info":0,"uagb_excerpt":"&#8222;elMeistrai&#8221; taisykla teikia auk\u0161tos kokyb\u0117s profesionalias televizori\u0173 remonto Kaune paslaugas. Jei kyla problem\u0173 su televizoriumi &#8211; kreipkit\u0117s \u012f mus, ir...","rttpg_featured_image_url":null,"rttpg_author":{"display_name":"elMeistrai","author_link":"https:\/\/elmeistrai.lt\/fr\/author\/yipkxe\/"},"rttpg_comment":0,"rttpg_category":null,"rttpg_excerpt":"&#8222;elMeistrai&#8221; taisykla teikia auk\u0161tos kokyb\u0117s profesionalias televizori\u0173 remonto Kaune paslaugas. Jei kyla problem\u0173 su televizoriumi &#8211; kreipkit\u0117s \u012f mus, ir...","_links":{"self":[{"href":"https:\/\/elmeistrai.lt\/fr\/wp-json\/wp\/v2\/pages\/2187","targetHints":{"allow":["GET"]}}],"collection":[{"href":"https:\/\/elmeistrai.lt\/fr\/wp-json\/wp\/v2\/pages"}],"about":[{"href":"https:\/\/elmeistrai.lt\/fr\/wp-json\/wp\/v2\/types\/page"}],"author":[{"embeddable":true,"href":"https:\/\/elmeistrai.lt\/fr\/wp-json\/wp\/v2\/users\/1"}],"replies":[{"embeddable":true,"href":"https:\/\/elmeistrai.lt\/fr\/wp-json\/wp\/v2\/comments?post=2187"}],"version-history":[{"count":9,"href":"https:\/\/elmeistrai.lt\/fr\/wp-json\/wp\/v2\/pages\/2187\/revisions"}],"predecessor-version":[{"id":8566,"href":"https:\/\/elmeistrai.lt\/fr\/wp-json\/wp\/v2\/pages\/2187\/revisions\/8566"}],"up":[{"embeddable":true,"href":"https:\/\/elmeistrai.lt\/fr\/wp-json\/wp\/v2\/pages\/25"}],"wp:attachment":[{"href":"https:\/\/elmeistrai.lt\/fr\/wp-json\/wp\/v2\/media?parent=2187"}],"curies":[{"name":"wp","href":"https:\/\/api.w.org\/{rel}","templated":true}]}}