{"id":2150,"date":"2023-03-01T12:16:35","date_gmt":"2023-03-01T14:16:35","guid":{"rendered":"https:\/\/elmeistrai.lt\/?page_id=2150"},"modified":"2026-02-24T11:10:53","modified_gmt":"2026-02-24T09:10:53","slug":"kompiuteriu-remontas-vilniuje","status":"publish","type":"page","link":"https:\/\/elmeistrai.lt\/fr\/kompiuteriu-remontas\/kompiuteriu-remontas-vilniuje\/","title":{"rendered":"Profesionalus kompiuteri\u0173 remontas Vilniuje"},"content":{"rendered":"<div class=\"wp-block-uagb-container uagb-block-19120e7c alignfull uagb-is-root-container\"><div class=\"uagb-container-inner-blocks-wrap\">\n<div class=\"wp-block-uagb-container uagb-block-8d429320\">\n<p>&#8222;elMeistrai&#8221; taisykla &#8211; ko gero viena profesionaliausi\u0173 viet\u0173, kur atliekamas kompiuteri\u0173 remontas Vilniuje. Tai specializuota Apple, ne\u0161iojam\u0173j\u0173 ir stacionari\u0173 kompiuteri\u0173 taisykla. Jau daugel\u012f met\u0173 atliekame \u012fvairiapusi\u0161k\u0105 IT technikos plataus pasirinkimo aptarnavim\u0105 ir kompiuteri\u0173 remont\u0105 Vilniuje. Mielai jums pad\u0117sime ir suteiksime profesionali\u0105 konsultacij\u0105 visais su kompiuteriais susijusiais klausimais.<\/p>\n<\/div>\n\n\n\n<div class=\"wp-block-uagb-container uagb-block-5ea241d1\">\n<figure class=\"wp-block-image size-full\"><img loading=\"lazy\" decoding=\"async\" width=\"612\" height=\"408\" src=\"https:\/\/elmeistrai.lt\/wp-content\/uploads\/2026\/02\/pc4.jpg\" alt=\"\" class=\"wp-image-8593\" srcset=\"https:\/\/elmeistrai.lt\/wp-content\/uploads\/2026\/02\/pc4.jpg 612w, https:\/\/elmeistrai.lt\/wp-content\/uploads\/2026\/02\/pc4-300x200.jpg 300w, https:\/\/elmeistrai.lt\/wp-content\/uploads\/2026\/02\/pc4-18x12.jpg 18w\" sizes=\"auto, (max-width: 612px) 100vw, 612px\" \/><\/figure>\n\n\n\n<ul class=\"wp-block-list\">\n<li><strong>Vilnius<\/strong>&nbsp;\u2013 Kareivi\u0173 g. 11A \u201cRIMI\u201d&nbsp;<a href=\"tel:+37065577057\">+370-655-77057<\/a><\/li>\n<\/ul>\n<\/div>\n<\/div><\/div>\n\n\n\n<figure class=\"wp-block-image size-full\"><img loading=\"lazy\" decoding=\"async\" width=\"612\" height=\"408\" src=\"https:\/\/elmeistrai.lt\/wp-content\/uploads\/2026\/02\/pc3.jpg\" alt=\"\" class=\"wp-image-8594\" srcset=\"https:\/\/elmeistrai.lt\/wp-content\/uploads\/2026\/02\/pc3.jpg 612w, https:\/\/elmeistrai.lt\/wp-content\/uploads\/2026\/02\/pc3-300x200.jpg 300w, https:\/\/elmeistrai.lt\/wp-content\/uploads\/2026\/02\/pc3-18x12.jpg 18w\" sizes=\"auto, (max-width: 612px) 100vw, 612px\" \/><\/figure>\n\n\n\n<div class=\"wp-block-uagb-advanced-heading uagb-block-24cfb378\"><h2 class=\"uagb-heading-text\">Kompiuteri\u0173 taisykla Vilniuje &#8222;elMeistrai&#8221; atlieka \u012fvairaus pob\u016bd\u017eio darbus:<\/h2><\/div>\n\n\n\n<p><br>Perdiegiame ir konfig\u016bruojame operacines sistema<br>Nous r\u00e9parons les MacBook et autres types d'ordinateurs Apple<br>Pagrindini\u0173 plok\u0161\u010di\u0173 remontas, vaizdo \u010dip\u0173 perlitavimas, maitinimo grandini\u0173 remontas<br>R\u00e9paration d'ordinateurs lents pour les rendre \u00e0 nouveau rapides (mises \u00e0 jour, nettoyage de virus, r\u00e9installation)<br>Kei\u010diame atskiras kompiuterius dalis ir komponentus, sudau\u017eytus ekranus, aplietas klaviat\u016bras, i\u0161lau\u017etus lizdus ir kitas dalis<br><br>Nous serons ravis de vous compter parmi nos clients.<br><\/p>","protected":false},"excerpt":{"rendered":"<p>&#8222;elMeistrai&#8221; taisykla &#8211; ko gero viena profesionaliausi\u0173 viet\u0173, kur atliekamas kompiuteri\u0173 remontas Vilniuje. Tai specializuota Apple, ne\u0161iojam\u0173j\u0173 ir stacionari\u0173 kompiuteri\u0173&#8230;<\/p>","protected":false},"author":1,"featured_media":0,"parent":14,"menu_order":0,"comment_status":"closed","ping_status":"closed","template":"","meta":{"_uag_custom_page_level_css":"","footnotes":""},"class_list":["post-2150","page","type-page","status-publish","hentry"],"yoast_head":"<!-- This site is optimized with the Yoast SEO plugin v27.3 - https:\/\/yoast.com\/product\/yoast-seo-wordpress\/ -->\n<title>Profesionalus kompiuteri\u0173 remontas Vilniuje<\/title>\n<meta name=\"description\" content=\"Profesionalus vis\u0173 tip\u0173 ir gamintoj\u0173 kompiuteri\u0173 remontas Vilniuje. Mus rasite Kareivi\u0173 g. 11A (RIMI viduje), tel. 8 (679) 74770\" \/>\n<meta name=\"robots\" content=\"index, follow, max-snippet:-1, max-image-preview:large, max-video-preview:-1\" \/>\n<link rel=\"canonical\" href=\"https:\/\/elmeistrai.lt\/fr\/kompiuteriu-remontas\/kompiuteriu-remontas-vilniuje\/\" \/>\n<meta property=\"og:locale\" content=\"fr_FR\" \/>\n<meta property=\"og:type\" content=\"article\" \/>\n<meta property=\"og:title\" content=\"Profesionalus kompiuteri\u0173 remontas Vilniuje\" \/>\n<meta property=\"og:description\" content=\"Profesionalus vis\u0173 tip\u0173 ir gamintoj\u0173 kompiuteri\u0173 remontas Vilniuje. Mus rasite Kareivi\u0173 g. 11A (RIMI viduje), tel. 8 (679) 74770\" \/>\n<meta property=\"og:url\" content=\"https:\/\/elmeistrai.lt\/fr\/kompiuteriu-remontas\/kompiuteriu-remontas-vilniuje\/\" \/>\n<meta property=\"og:site_name\" content=\"Vilniuje, Kaune, Klaip\u0117doje, \u0160iauliuose\" \/>\n<meta property=\"article:publisher\" content=\"https:\/\/www.facebook.com\/elmeistrai.lt\/\" \/>\n<meta property=\"article:modified_time\" content=\"2026-02-24T09:10:53+00:00\" \/>\n<meta property=\"og:image\" content=\"https:\/\/elmeistrai.lt\/wp-content\/uploads\/2026\/02\/pc4.jpg\" \/>\n\t<meta property=\"og:image:width\" content=\"612\" \/>\n\t<meta property=\"og:image:height\" content=\"408\" \/>\n\t<meta property=\"og:image:type\" content=\"image\/jpeg\" \/>\n<meta name=\"twitter:card\" content=\"summary_large_image\" \/>\n<meta name=\"twitter:label1\" content=\"Dur\u00e9e de lecture estim\u00e9e\" \/>\n\t<meta name=\"twitter:data1\" content=\"2 minutes\" \/>\n<script type=\"application\/ld+json\" class=\"yoast-schema-graph\">{\"@context\":\"https:\\\/\\\/schema.org\",\"@graph\":[{\"@type\":\"NewsArticle\",\"@id\":\"https:\\\/\\\/elmeistrai.lt\\\/kompiuteriu-remontas\\\/kompiuteriu-remontas-vilniuje\\\/#article\",\"isPartOf\":{\"@id\":\"https:\\\/\\\/elmeistrai.lt\\\/kompiuteriu-remontas\\\/kompiuteriu-remontas-vilniuje\\\/\"},\"author\":{\"name\":\"elMeistrai\",\"@id\":\"https:\\\/\\\/elmeistrai.lt\\\/#\\\/schema\\\/person\\\/6363b621eb9606785f7f2ae9a52987f7\"},\"headline\":\"Profesionalus kompiuteri\u0173 remontas Vilniuje\",\"datePublished\":\"2023-03-01T14:16:35+00:00\",\"dateModified\":\"2026-02-24T09:10:53+00:00\",\"mainEntityOfPage\":{\"@id\":\"https:\\\/\\\/elmeistrai.lt\\\/kompiuteriu-remontas\\\/kompiuteriu-remontas-vilniuje\\\/\"},\"wordCount\":140,\"publisher\":{\"@id\":\"https:\\\/\\\/elmeistrai.lt\\\/#organization\"},\"image\":{\"@id\":\"https:\\\/\\\/elmeistrai.lt\\\/kompiuteriu-remontas\\\/kompiuteriu-remontas-vilniuje\\\/#primaryimage\"},\"thumbnailUrl\":\"https:\\\/\\\/elmeistrai.lt\\\/wp-content\\\/uploads\\\/2026\\\/02\\\/pc4.jpg\",\"inLanguage\":\"fr-FR\"},{\"@type\":[\"WebPage\",\"ItemPage\"],\"@id\":\"https:\\\/\\\/elmeistrai.lt\\\/kompiuteriu-remontas\\\/kompiuteriu-remontas-vilniuje\\\/\",\"url\":\"https:\\\/\\\/elmeistrai.lt\\\/kompiuteriu-remontas\\\/kompiuteriu-remontas-vilniuje\\\/\",\"name\":\"Profesionalus kompiuteri\u0173 remontas Vilniuje\",\"isPartOf\":{\"@id\":\"https:\\\/\\\/elmeistrai.lt\\\/#website\"},\"primaryImageOfPage\":{\"@id\":\"https:\\\/\\\/elmeistrai.lt\\\/kompiuteriu-remontas\\\/kompiuteriu-remontas-vilniuje\\\/#primaryimage\"},\"image\":{\"@id\":\"https:\\\/\\\/elmeistrai.lt\\\/kompiuteriu-remontas\\\/kompiuteriu-remontas-vilniuje\\\/#primaryimage\"},\"thumbnailUrl\":\"https:\\\/\\\/elmeistrai.lt\\\/wp-content\\\/uploads\\\/2026\\\/02\\\/pc4.jpg\",\"datePublished\":\"2023-03-01T14:16:35+00:00\",\"dateModified\":\"2026-02-24T09:10:53+00:00\",\"description\":\"Profesionalus vis\u0173 tip\u0173 ir gamintoj\u0173 kompiuteri\u0173 remontas Vilniuje. Mus rasite Kareivi\u0173 g. 11A (RIMI viduje), tel. 8 (679) 74770\",\"breadcrumb\":{\"@id\":\"https:\\\/\\\/elmeistrai.lt\\\/kompiuteriu-remontas\\\/kompiuteriu-remontas-vilniuje\\\/#breadcrumb\"},\"inLanguage\":\"fr-FR\",\"potentialAction\":[{\"@type\":\"ReadAction\",\"target\":[\"https:\\\/\\\/elmeistrai.lt\\\/kompiuteriu-remontas\\\/kompiuteriu-remontas-vilniuje\\\/\"]}]},{\"@type\":\"ImageObject\",\"inLanguage\":\"fr-FR\",\"@id\":\"https:\\\/\\\/elmeistrai.lt\\\/kompiuteriu-remontas\\\/kompiuteriu-remontas-vilniuje\\\/#primaryimage\",\"url\":\"https:\\\/\\\/elmeistrai.lt\\\/wp-content\\\/uploads\\\/2026\\\/02\\\/pc4.jpg\",\"contentUrl\":\"https:\\\/\\\/elmeistrai.lt\\\/wp-content\\\/uploads\\\/2026\\\/02\\\/pc4.jpg\"},{\"@type\":\"BreadcrumbList\",\"@id\":\"https:\\\/\\\/elmeistrai.lt\\\/kompiuteriu-remontas\\\/kompiuteriu-remontas-vilniuje\\\/#breadcrumb\",\"itemListElement\":[{\"@type\":\"ListItem\",\"position\":1,\"name\":\"Home\",\"item\":\"https:\\\/\\\/elmeistrai.lt\\\/\"},{\"@type\":\"ListItem\",\"position\":2,\"name\":\"Profesionalus kompiuteri\u0173 remontas Vilniuje, Kaune, Klaip\u0117doje ir \u0160iauliuose\",\"item\":\"https:\\\/\\\/elmeistrai.lt\\\/kompiuteriu-remontas\\\/\"},{\"@type\":\"ListItem\",\"position\":3,\"name\":\"Profesionalus kompiuteri\u0173 remontas Vilniuje\"}]},{\"@type\":\"WebSite\",\"@id\":\"https:\\\/\\\/elmeistrai.lt\\\/#website\",\"url\":\"https:\\\/\\\/elmeistrai.lt\\\/\",\"name\":\"Vilniuje, Kaune, Klaip\u0117doje, \u0160iauliuose\",\"description\":\"Nam\u0173 ir verslo elektronikos prietais\u0173 remontas. Kase\u010di\u0173 pildymas.\",\"publisher\":{\"@id\":\"https:\\\/\\\/elmeistrai.lt\\\/#organization\"},\"potentialAction\":[{\"@type\":\"SearchAction\",\"target\":{\"@type\":\"EntryPoint\",\"urlTemplate\":\"https:\\\/\\\/elmeistrai.lt\\\/?s={search_term_string}\"},\"query-input\":{\"@type\":\"PropertyValueSpecification\",\"valueRequired\":true,\"valueName\":\"search_term_string\"}}],\"inLanguage\":\"fr-FR\"},{\"@type\":\"Organization\",\"@id\":\"https:\\\/\\\/elmeistrai.lt\\\/#organization\",\"name\":\"elMeistrai.lt\",\"alternateName\":\"Kavos aparat\u0173, paspirtuk\u0173, televizori\u0173, kompiuteri\u0173, telefon\u0173 ir kt. technikos remontas\",\"url\":\"https:\\\/\\\/elmeistrai.lt\\\/\",\"logo\":{\"@type\":\"ImageObject\",\"inLanguage\":\"fr-FR\",\"@id\":\"https:\\\/\\\/elmeistrai.lt\\\/#\\\/schema\\\/logo\\\/image\\\/\",\"url\":\"https:\\\/\\\/elmeistrai.lt\\\/wp-content\\\/uploads\\\/2022\\\/09\\\/elmeistrai_logo.jpg\",\"contentUrl\":\"https:\\\/\\\/elmeistrai.lt\\\/wp-content\\\/uploads\\\/2022\\\/09\\\/elmeistrai_logo.jpg\",\"width\":556,\"height\":143,\"caption\":\"elMeistrai.lt\"},\"image\":{\"@id\":\"https:\\\/\\\/elmeistrai.lt\\\/#\\\/schema\\\/logo\\\/image\\\/\"},\"sameAs\":[\"https:\\\/\\\/www.facebook.com\\\/elmeistrai.lt\\\/\"]},{\"@type\":\"Person\",\"@id\":\"https:\\\/\\\/elmeistrai.lt\\\/#\\\/schema\\\/person\\\/6363b621eb9606785f7f2ae9a52987f7\",\"name\":\"elMeistrai\",\"image\":{\"@type\":\"ImageObject\",\"inLanguage\":\"fr-FR\",\"@id\":\"https:\\\/\\\/secure.gravatar.com\\\/avatar\\\/052f2d9640381d6904c5c0676ac3cc3d7ad734def78df3657e571451cad9870d?s=96&d=mm&r=g\",\"url\":\"https:\\\/\\\/secure.gravatar.com\\\/avatar\\\/052f2d9640381d6904c5c0676ac3cc3d7ad734def78df3657e571451cad9870d?s=96&d=mm&r=g\",\"contentUrl\":\"https:\\\/\\\/secure.gravatar.com\\\/avatar\\\/052f2d9640381d6904c5c0676ac3cc3d7ad734def78df3657e571451cad9870d?s=96&d=mm&r=g\",\"caption\":\"elMeistrai\"},\"url\":\"https:\\\/\\\/elmeistrai.lt\\\/fr\\\/author\\\/yipkxe\\\/\"}]}<\/script>\n<!-- \/ Yoast SEO plugin. -->","yoast_head_json":{"title":"Profesionalus kompiuteri\u0173 remontas Vilniuje","description":"R\u00e9paration professionnelle d'ordinateurs de tous types et de tous fabricants \u00e0 Vilnius. Vous pouvez nous trouver \u00e0 Kareivi\u0173 g. 11A (\u00e0 l'int\u00e9rieur de RIMI), t\u00e9l. 8 (679) 74770.","robots":{"index":"index","follow":"follow","max-snippet":"max-snippet:-1","max-image-preview":"max-image-preview:large","max-video-preview":"max-video-preview:-1"},"canonical":"https:\/\/elmeistrai.lt\/fr\/kompiuteriu-remontas\/kompiuteriu-remontas-vilniuje\/","og_locale":"fr_FR","og_type":"article","og_title":"Profesionalus kompiuteri\u0173 remontas Vilniuje","og_description":"Profesionalus vis\u0173 tip\u0173 ir gamintoj\u0173 kompiuteri\u0173 remontas Vilniuje. Mus rasite Kareivi\u0173 g. 11A (RIMI viduje), tel. 8 (679) 74770","og_url":"https:\/\/elmeistrai.lt\/fr\/kompiuteriu-remontas\/kompiuteriu-remontas-vilniuje\/","og_site_name":"Vilniuje, Kaune, Klaip\u0117doje, \u0160iauliuose","article_publisher":"https:\/\/www.facebook.com\/elmeistrai.lt\/","article_modified_time":"2026-02-24T09:10:53+00:00","og_image":[{"width":612,"height":408,"url":"https:\/\/elmeistrai.lt\/wp-content\/uploads\/2026\/02\/pc4.jpg","type":"image\/jpeg"}],"twitter_card":"summary_large_image","twitter_misc":{"Dur\u00e9e de lecture estim\u00e9e":"2 minutes"},"schema":{"@context":"https:\/\/schema.org","@graph":[{"@type":"NewsArticle","@id":"https:\/\/elmeistrai.lt\/kompiuteriu-remontas\/kompiuteriu-remontas-vilniuje\/#article","isPartOf":{"@id":"https:\/\/elmeistrai.lt\/kompiuteriu-remontas\/kompiuteriu-remontas-vilniuje\/"},"author":{"name":"elMeistrai","@id":"https:\/\/elmeistrai.lt\/#\/schema\/person\/6363b621eb9606785f7f2ae9a52987f7"},"headline":"Profesionalus kompiuteri\u0173 remontas Vilniuje","datePublished":"2023-03-01T14:16:35+00:00","dateModified":"2026-02-24T09:10:53+00:00","mainEntityOfPage":{"@id":"https:\/\/elmeistrai.lt\/kompiuteriu-remontas\/kompiuteriu-remontas-vilniuje\/"},"wordCount":140,"publisher":{"@id":"https:\/\/elmeistrai.lt\/#organization"},"image":{"@id":"https:\/\/elmeistrai.lt\/kompiuteriu-remontas\/kompiuteriu-remontas-vilniuje\/#primaryimage"},"thumbnailUrl":"https:\/\/elmeistrai.lt\/wp-content\/uploads\/2026\/02\/pc4.jpg","inLanguage":"fr-FR"},{"@type":["WebPage","ItemPage"],"@id":"https:\/\/elmeistrai.lt\/kompiuteriu-remontas\/kompiuteriu-remontas-vilniuje\/","url":"https:\/\/elmeistrai.lt\/kompiuteriu-remontas\/kompiuteriu-remontas-vilniuje\/","name":"Profesionalus kompiuteri\u0173 remontas Vilniuje","isPartOf":{"@id":"https:\/\/elmeistrai.lt\/#website"},"primaryImageOfPage":{"@id":"https:\/\/elmeistrai.lt\/kompiuteriu-remontas\/kompiuteriu-remontas-vilniuje\/#primaryimage"},"image":{"@id":"https:\/\/elmeistrai.lt\/kompiuteriu-remontas\/kompiuteriu-remontas-vilniuje\/#primaryimage"},"thumbnailUrl":"https:\/\/elmeistrai.lt\/wp-content\/uploads\/2026\/02\/pc4.jpg","datePublished":"2023-03-01T14:16:35+00:00","dateModified":"2026-02-24T09:10:53+00:00","description":"R\u00e9paration professionnelle d'ordinateurs de tous types et de tous fabricants \u00e0 Vilnius. Vous pouvez nous trouver \u00e0 Kareivi\u0173 g. 11A (\u00e0 l'int\u00e9rieur de RIMI), t\u00e9l. 8 (679) 74770.","breadcrumb":{"@id":"https:\/\/elmeistrai.lt\/kompiuteriu-remontas\/kompiuteriu-remontas-vilniuje\/#breadcrumb"},"inLanguage":"fr-FR","potentialAction":[{"@type":"ReadAction","target":["https:\/\/elmeistrai.lt\/kompiuteriu-remontas\/kompiuteriu-remontas-vilniuje\/"]}]},{"@type":"ImageObject","inLanguage":"fr-FR","@id":"https:\/\/elmeistrai.lt\/kompiuteriu-remontas\/kompiuteriu-remontas-vilniuje\/#primaryimage","url":"https:\/\/elmeistrai.lt\/wp-content\/uploads\/2026\/02\/pc4.jpg","contentUrl":"https:\/\/elmeistrai.lt\/wp-content\/uploads\/2026\/02\/pc4.jpg"},{"@type":"BreadcrumbList","@id":"https:\/\/elmeistrai.lt\/kompiuteriu-remontas\/kompiuteriu-remontas-vilniuje\/#breadcrumb","itemListElement":[{"@type":"ListItem","position":1,"name":"Home","item":"https:\/\/elmeistrai.lt\/"},{"@type":"ListItem","position":2,"name":"Profesionalus kompiuteri\u0173 remontas Vilniuje, Kaune, Klaip\u0117doje ir \u0160iauliuose","item":"https:\/\/elmeistrai.lt\/kompiuteriu-remontas\/"},{"@type":"ListItem","position":3,"name":"Profesionalus kompiuteri\u0173 remontas Vilniuje"}]},{"@type":"WebSite","@id":"https:\/\/elmeistrai.lt\/#website","url":"https:\/\/elmeistrai.lt\/","name":"Vilnius, Kaunas, Klaip\u0117da, \u0160iauliai","description":"R\u00e9paration d'appareils \u00e9lectroniques domestiques et professionnels. Remplissage de cartouches.","publisher":{"@id":"https:\/\/elmeistrai.lt\/#organization"},"potentialAction":[{"@type":"SearchAction","target":{"@type":"EntryPoint","urlTemplate":"https:\/\/elmeistrai.lt\/?s={search_term_string}"},"query-input":{"@type":"PropertyValueSpecification","valueRequired":true,"valueName":"search_term_string"}}],"inLanguage":"fr-FR"},{"@type":"Organization","@id":"https:\/\/elmeistrai.lt\/#organization","name":"elMeistrai.lt","alternateName":"Kavos aparat\u0173, paspirtuk\u0173, televizori\u0173, kompiuteri\u0173, telefon\u0173 ir kt. technikos remontas","url":"https:\/\/elmeistrai.lt\/","logo":{"@type":"ImageObject","inLanguage":"fr-FR","@id":"https:\/\/elmeistrai.lt\/#\/schema\/logo\/image\/","url":"https:\/\/elmeistrai.lt\/wp-content\/uploads\/2022\/09\/elmeistrai_logo.jpg","contentUrl":"https:\/\/elmeistrai.lt\/wp-content\/uploads\/2022\/09\/elmeistrai_logo.jpg","width":556,"height":143,"caption":"elMeistrai.lt"},"image":{"@id":"https:\/\/elmeistrai.lt\/#\/schema\/logo\/image\/"},"sameAs":["https:\/\/www.facebook.com\/elmeistrai.lt\/"]},{"@type":"Person","@id":"https:\/\/elmeistrai.lt\/#\/schema\/person\/6363b621eb9606785f7f2ae9a52987f7","name":"elMeistrai","image":{"@type":"ImageObject","inLanguage":"fr-FR","@id":"https:\/\/secure.gravatar.com\/avatar\/052f2d9640381d6904c5c0676ac3cc3d7ad734def78df3657e571451cad9870d?s=96&d=mm&r=g","url":"https:\/\/secure.gravatar.com\/avatar\/052f2d9640381d6904c5c0676ac3cc3d7ad734def78df3657e571451cad9870d?s=96&d=mm&r=g","contentUrl":"https:\/\/secure.gravatar.com\/avatar\/052f2d9640381d6904c5c0676ac3cc3d7ad734def78df3657e571451cad9870d?s=96&d=mm&r=g","caption":"elMeistrai"},"url":"https:\/\/elmeistrai.lt\/fr\/author\/yipkxe\/"}]}},"uagb_featured_image_src":{"full":false,"thumbnail":false,"medium":false,"medium_large":false,"large":false,"1536x1536":false,"2048x2048":false,"trp-custom-language-flag":false,"writemag-1218w-autoh-image":false,"writemag-675w-autoh-image":false,"writemag-100w-100h-image":false},"uagb_author_info":{"display_name":"elMeistrai","author_link":"https:\/\/elmeistrai.lt\/fr\/author\/yipkxe\/"},"uagb_comment_info":0,"uagb_excerpt":"&#8222;elMeistrai&#8221; taisykla &#8211; ko gero viena profesionaliausi\u0173 viet\u0173, kur atliekamas kompiuteri\u0173 remontas Vilniuje. Tai specializuota Apple, ne\u0161iojam\u0173j\u0173 ir stacionari\u0173 kompiuteri\u0173...","rttpg_featured_image_url":null,"rttpg_author":{"display_name":"elMeistrai","author_link":"https:\/\/elmeistrai.lt\/fr\/author\/yipkxe\/"},"rttpg_comment":0,"rttpg_category":null,"rttpg_excerpt":"&#8222;elMeistrai&#8221; taisykla &#8211; ko gero viena profesionaliausi\u0173 viet\u0173, kur atliekamas kompiuteri\u0173 remontas Vilniuje. Tai specializuota Apple, ne\u0161iojam\u0173j\u0173 ir stacionari\u0173 kompiuteri\u0173...","_links":{"self":[{"href":"https:\/\/elmeistrai.lt\/fr\/wp-json\/wp\/v2\/pages\/2150","targetHints":{"allow":["GET"]}}],"collection":[{"href":"https:\/\/elmeistrai.lt\/fr\/wp-json\/wp\/v2\/pages"}],"about":[{"href":"https:\/\/elmeistrai.lt\/fr\/wp-json\/wp\/v2\/types\/page"}],"author":[{"embeddable":true,"href":"https:\/\/elmeistrai.lt\/fr\/wp-json\/wp\/v2\/users\/1"}],"replies":[{"embeddable":true,"href":"https:\/\/elmeistrai.lt\/fr\/wp-json\/wp\/v2\/comments?post=2150"}],"version-history":[{"count":13,"href":"https:\/\/elmeistrai.lt\/fr\/wp-json\/wp\/v2\/pages\/2150\/revisions"}],"predecessor-version":[{"id":8859,"href":"https:\/\/elmeistrai.lt\/fr\/wp-json\/wp\/v2\/pages\/2150\/revisions\/8859"}],"up":[{"embeddable":true,"href":"https:\/\/elmeistrai.lt\/fr\/wp-json\/wp\/v2\/pages\/14"}],"wp:attachment":[{"href":"https:\/\/elmeistrai.lt\/fr\/wp-json\/wp\/v2\/media?parent=2150"}],"curies":[{"name":"wp","href":"https:\/\/api.w.org\/{rel}","templated":true}]}}