{"id":2075,"date":"2022-11-17T07:58:38","date_gmt":"2022-11-17T09:58:38","guid":{"rendered":"https:\/\/elmeistrai.lt\/?page_id=2075"},"modified":"2022-11-17T08:00:06","modified_gmt":"2022-11-17T10:00:06","slug":"kietuju-disku-keitimas-hdd","status":"publish","type":"page","link":"https:\/\/elmeistrai.lt\/fr\/kompiuteriu-remontas\/kietuju-disku-keitimas-hdd\/","title":{"rendered":"Remplacement des disques durs (HDD)"},"content":{"rendered":"<p>Le disque dur est la partie de l'ordinateur qui stocke toutes les donn\u00e9es de l'ordinateur : musique, films, documents, etc. La taille de sa m\u00e9moire est g\u00e9n\u00e9ralement mesur\u00e9e en Go (gigaoctets) ou en To (t\u00e9raoctets). Les anciens types de disques durs \u00e9taient m\u00e9caniques, c'est-\u00e0-dire qu'ils contenaient un disque en rotation. La nouvelle g\u00e9n\u00e9ration de disques est enti\u00e8rement \u00e9lectronique, de type SSD, ce qui permet d'atteindre des vitesses de lecture et d'\u00e9criture des donn\u00e9es beaucoup plus \u00e9lev\u00e9es.<\/p>\n\n\n\n<p>La d\u00e9faillance d'un disque dur n'est pas une r\u00e9paration co\u00fbteuse, mais elle entra\u00eene g\u00e9n\u00e9ralement la perte de toutes les donn\u00e9es stock\u00e9es sur le disque dur <em>cher <\/em>Donn\u00e9es. De nos jours, il existe de nombreuses options peu co\u00fbteuses pour effectuer des sauvegardes permanentes <em>sauvegardes<\/em>Si votre disque dur n'est pas encore tomb\u00e9 en panne, nous vous recommandons de le r\u00e9parer imm\u00e9diatement.<\/p>\n\n\n\n<p>Le disque dur est g\u00e9n\u00e9ralement remplac\u00e9 lorsqu'il tombe en panne, mais c'est aussi souvent le cas lorsqu'un ordinateur est <a href=\"https:\/\/elmeistrai.lt\/fr\/kompiuteriu-remontas\/kompiuteriu-techninis-modernizavimas-pagerinimas\/\">modernisation<\/a>. Nous recommandons toujours de remplacer votre ancien disque par un disque SSD de nouvelle g\u00e9n\u00e9ration, quel que soit son \u00e2ge. Cela permettra non seulement de r\u00e9parer votre ordinateur, mais aussi de l'acc\u00e9l\u00e9rer.<\/p>\n\n\n\n<p>La proc\u00e9dure de remplacement d'un disque dur peut \u00eatre plus ou moins complexe. Elle d\u00e9pend beaucoup du mod\u00e8le de votre ordinateur. Certains mod\u00e8les d'ordinateurs portables sont \u00e9quip\u00e9s de capots sp\u00e9ciaux qui, une fois ouverts, permettent d'acc\u00e9der directement au disque dur (HDD). Dans ce cas, il est particuli\u00e8rement facile de le remplacer. En revanche, certains mod\u00e8les n\u00e9cessitent un d\u00e9montage partiel, voire complet. Le remplacement du disque dur n\u00e9cessite l'\u00e9crasement du syst\u00e8me d'exploitation, le nouveau disque \u00e9tant totalement vierge, et des autres applications n\u00e9cessaires au fonctionnement.<\/p>\n\n\n\n<p>Besoin de remplacer votre disque dur ? Nous rempla\u00e7ons les disques durs des ordinateurs portables et des ordinateurs de bureau. Contactez-nous, notre atelier de r\u00e9paration d'ordinateurs est pr\u00eat \u00e0 vous aider.<\/p>\n\n\n\n<figure class=\"wp-block-image size-full\"><img loading=\"lazy\" decoding=\"async\" width=\"640\" height=\"427\" src=\"https:\/\/elmeistrai.lt\/wp-content\/uploads\/2022\/11\/kietasis-diskas.jpg\" alt=\"kietasis diskas HDD\" class=\"wp-image-2076\" srcset=\"https:\/\/elmeistrai.lt\/wp-content\/uploads\/2022\/11\/kietasis-diskas.jpg 640w, https:\/\/elmeistrai.lt\/wp-content\/uploads\/2022\/11\/kietasis-diskas-300x200.jpg 300w\" sizes=\"auto, (max-width: 640px) 100vw, 640px\" \/><\/figure>","protected":false},"excerpt":{"rendered":"<p>Le disque dur est la partie de l'ordinateur qui stocke toutes les donn\u00e9es de l'ordinateur : musique, films, documents, etc. Le plus souvent, sa m\u00e9moire...<\/p>","protected":false},"author":1,"featured_media":0,"parent":14,"menu_order":0,"comment_status":"closed","ping_status":"closed","template":"","meta":{"_uag_custom_page_level_css":"","footnotes":""},"class_list":["post-2075","page","type-page","status-publish","hentry"],"yoast_head":"<!-- This site is optimized with the Yoast SEO plugin v27.3 - https:\/\/yoast.com\/product\/yoast-seo-wordpress\/ -->\n<title>Kiet\u0173j\u0173 disk\u0173 keitimas (HDD) Vilniuje, Kaune, Klaip\u0117doje, \u0160iauliuose<\/title>\n<meta name=\"robots\" content=\"index, follow, max-snippet:-1, max-image-preview:large, max-video-preview:-1\" \/>\n<link rel=\"canonical\" href=\"https:\/\/elmeistrai.lt\/fr\/kompiuteriu-remontas\/kietuju-disku-keitimas-hdd\/\" \/>\n<meta property=\"og:locale\" content=\"fr_FR\" \/>\n<meta property=\"og:type\" content=\"article\" \/>\n<meta property=\"og:title\" content=\"Kiet\u0173j\u0173 disk\u0173 keitimas (HDD) Vilniuje, Kaune, Klaip\u0117doje, \u0160iauliuose\" \/>\n<meta property=\"og:description\" content=\"Kietasis diskas yra kompiuterio detal\u0117, kuriame yra saugomi visi kompiuteryje esantys duomenys: muzika, filmai, dokumentai ir t.t. Da\u017eniausiai jo atminties...\" \/>\n<meta property=\"og:url\" content=\"https:\/\/elmeistrai.lt\/fr\/kompiuteriu-remontas\/kietuju-disku-keitimas-hdd\/\" \/>\n<meta property=\"og:site_name\" content=\"Vilniuje, Kaune, Klaip\u0117doje, \u0160iauliuose\" \/>\n<meta property=\"article:publisher\" content=\"https:\/\/www.facebook.com\/elmeistrai.lt\/\" \/>\n<meta property=\"article:modified_time\" content=\"2022-11-17T10:00:06+00:00\" \/>\n<meta property=\"og:image\" content=\"https:\/\/elmeistrai.lt\/wp-content\/uploads\/2022\/11\/kietasis-diskas.jpg\" \/>\n<meta name=\"twitter:card\" content=\"summary_large_image\" \/>\n<meta name=\"twitter:label1\" content=\"Dur\u00e9e de lecture estim\u00e9e\" \/>\n\t<meta name=\"twitter:data1\" content=\"1 minute\" \/>\n<script type=\"application\/ld+json\" class=\"yoast-schema-graph\">{\"@context\":\"https:\\\/\\\/schema.org\",\"@graph\":[{\"@type\":\"NewsArticle\",\"@id\":\"https:\\\/\\\/elmeistrai.lt\\\/kompiuteriu-remontas\\\/kietuju-disku-keitimas-hdd\\\/#article\",\"isPartOf\":{\"@id\":\"https:\\\/\\\/elmeistrai.lt\\\/kompiuteriu-remontas\\\/kietuju-disku-keitimas-hdd\\\/\"},\"author\":{\"name\":\"elMeistrai\",\"@id\":\"https:\\\/\\\/elmeistrai.lt\\\/#\\\/schema\\\/person\\\/6363b621eb9606785f7f2ae9a52987f7\"},\"headline\":\"Kiet\u0173j\u0173 disk\u0173 keitimas (HDD)\",\"datePublished\":\"2022-11-17T09:58:38+00:00\",\"dateModified\":\"2022-11-17T10:00:06+00:00\",\"mainEntityOfPage\":{\"@id\":\"https:\\\/\\\/elmeistrai.lt\\\/kompiuteriu-remontas\\\/kietuju-disku-keitimas-hdd\\\/\"},\"wordCount\":271,\"publisher\":{\"@id\":\"https:\\\/\\\/elmeistrai.lt\\\/#organization\"},\"image\":{\"@id\":\"https:\\\/\\\/elmeistrai.lt\\\/kompiuteriu-remontas\\\/kietuju-disku-keitimas-hdd\\\/#primaryimage\"},\"thumbnailUrl\":\"https:\\\/\\\/elmeistrai.lt\\\/wp-content\\\/uploads\\\/2022\\\/11\\\/kietasis-diskas.jpg\",\"inLanguage\":\"fr-FR\"},{\"@type\":[\"WebPage\",\"ItemPage\"],\"@id\":\"https:\\\/\\\/elmeistrai.lt\\\/kompiuteriu-remontas\\\/kietuju-disku-keitimas-hdd\\\/\",\"url\":\"https:\\\/\\\/elmeistrai.lt\\\/kompiuteriu-remontas\\\/kietuju-disku-keitimas-hdd\\\/\",\"name\":\"Kiet\u0173j\u0173 disk\u0173 keitimas (HDD) Vilniuje, Kaune, Klaip\u0117doje, \u0160iauliuose\",\"isPartOf\":{\"@id\":\"https:\\\/\\\/elmeistrai.lt\\\/#website\"},\"primaryImageOfPage\":{\"@id\":\"https:\\\/\\\/elmeistrai.lt\\\/kompiuteriu-remontas\\\/kietuju-disku-keitimas-hdd\\\/#primaryimage\"},\"image\":{\"@id\":\"https:\\\/\\\/elmeistrai.lt\\\/kompiuteriu-remontas\\\/kietuju-disku-keitimas-hdd\\\/#primaryimage\"},\"thumbnailUrl\":\"https:\\\/\\\/elmeistrai.lt\\\/wp-content\\\/uploads\\\/2022\\\/11\\\/kietasis-diskas.jpg\",\"datePublished\":\"2022-11-17T09:58:38+00:00\",\"dateModified\":\"2022-11-17T10:00:06+00:00\",\"breadcrumb\":{\"@id\":\"https:\\\/\\\/elmeistrai.lt\\\/kompiuteriu-remontas\\\/kietuju-disku-keitimas-hdd\\\/#breadcrumb\"},\"inLanguage\":\"fr-FR\",\"potentialAction\":[{\"@type\":\"ReadAction\",\"target\":[\"https:\\\/\\\/elmeistrai.lt\\\/kompiuteriu-remontas\\\/kietuju-disku-keitimas-hdd\\\/\"]}]},{\"@type\":\"ImageObject\",\"inLanguage\":\"fr-FR\",\"@id\":\"https:\\\/\\\/elmeistrai.lt\\\/kompiuteriu-remontas\\\/kietuju-disku-keitimas-hdd\\\/#primaryimage\",\"url\":\"https:\\\/\\\/elmeistrai.lt\\\/wp-content\\\/uploads\\\/2022\\\/11\\\/kietasis-diskas.jpg\",\"contentUrl\":\"https:\\\/\\\/elmeistrai.lt\\\/wp-content\\\/uploads\\\/2022\\\/11\\\/kietasis-diskas.jpg\"},{\"@type\":\"BreadcrumbList\",\"@id\":\"https:\\\/\\\/elmeistrai.lt\\\/kompiuteriu-remontas\\\/kietuju-disku-keitimas-hdd\\\/#breadcrumb\",\"itemListElement\":[{\"@type\":\"ListItem\",\"position\":1,\"name\":\"Home\",\"item\":\"https:\\\/\\\/elmeistrai.lt\\\/\"},{\"@type\":\"ListItem\",\"position\":2,\"name\":\"Profesionalus kompiuteri\u0173 remontas Vilniuje, Kaune, Klaip\u0117doje ir \u0160iauliuose\",\"item\":\"https:\\\/\\\/elmeistrai.lt\\\/kompiuteriu-remontas\\\/\"},{\"@type\":\"ListItem\",\"position\":3,\"name\":\"Kiet\u0173j\u0173 disk\u0173 keitimas (HDD)\"}]},{\"@type\":\"WebSite\",\"@id\":\"https:\\\/\\\/elmeistrai.lt\\\/#website\",\"url\":\"https:\\\/\\\/elmeistrai.lt\\\/\",\"name\":\"Vilniuje, Kaune, Klaip\u0117doje, \u0160iauliuose\",\"description\":\"Nam\u0173 ir verslo elektronikos prietais\u0173 remontas. Kase\u010di\u0173 pildymas.\",\"publisher\":{\"@id\":\"https:\\\/\\\/elmeistrai.lt\\\/#organization\"},\"potentialAction\":[{\"@type\":\"SearchAction\",\"target\":{\"@type\":\"EntryPoint\",\"urlTemplate\":\"https:\\\/\\\/elmeistrai.lt\\\/?s={search_term_string}\"},\"query-input\":{\"@type\":\"PropertyValueSpecification\",\"valueRequired\":true,\"valueName\":\"search_term_string\"}}],\"inLanguage\":\"fr-FR\"},{\"@type\":\"Organization\",\"@id\":\"https:\\\/\\\/elmeistrai.lt\\\/#organization\",\"name\":\"elMeistrai.lt\",\"alternateName\":\"Kavos aparat\u0173, paspirtuk\u0173, televizori\u0173, kompiuteri\u0173, telefon\u0173 ir kt. technikos remontas\",\"url\":\"https:\\\/\\\/elmeistrai.lt\\\/\",\"logo\":{\"@type\":\"ImageObject\",\"inLanguage\":\"fr-FR\",\"@id\":\"https:\\\/\\\/elmeistrai.lt\\\/#\\\/schema\\\/logo\\\/image\\\/\",\"url\":\"https:\\\/\\\/elmeistrai.lt\\\/wp-content\\\/uploads\\\/2022\\\/09\\\/elmeistrai_logo.jpg\",\"contentUrl\":\"https:\\\/\\\/elmeistrai.lt\\\/wp-content\\\/uploads\\\/2022\\\/09\\\/elmeistrai_logo.jpg\",\"width\":556,\"height\":143,\"caption\":\"elMeistrai.lt\"},\"image\":{\"@id\":\"https:\\\/\\\/elmeistrai.lt\\\/#\\\/schema\\\/logo\\\/image\\\/\"},\"sameAs\":[\"https:\\\/\\\/www.facebook.com\\\/elmeistrai.lt\\\/\"]},{\"@type\":\"Person\",\"@id\":\"https:\\\/\\\/elmeistrai.lt\\\/#\\\/schema\\\/person\\\/6363b621eb9606785f7f2ae9a52987f7\",\"name\":\"elMeistrai\",\"image\":{\"@type\":\"ImageObject\",\"inLanguage\":\"fr-FR\",\"@id\":\"https:\\\/\\\/secure.gravatar.com\\\/avatar\\\/052f2d9640381d6904c5c0676ac3cc3d7ad734def78df3657e571451cad9870d?s=96&d=mm&r=g\",\"url\":\"https:\\\/\\\/secure.gravatar.com\\\/avatar\\\/052f2d9640381d6904c5c0676ac3cc3d7ad734def78df3657e571451cad9870d?s=96&d=mm&r=g\",\"contentUrl\":\"https:\\\/\\\/secure.gravatar.com\\\/avatar\\\/052f2d9640381d6904c5c0676ac3cc3d7ad734def78df3657e571451cad9870d?s=96&d=mm&r=g\",\"caption\":\"elMeistrai\"},\"url\":\"https:\\\/\\\/elmeistrai.lt\\\/fr\\\/author\\\/yipkxe\\\/\"}]}<\/script>\n<!-- \/ Yoast SEO plugin. -->","yoast_head_json":{"title":"Kiet\u0173j\u0173 disk\u0173 keitimas (HDD) Vilniuje, Kaune, Klaip\u0117doje, \u0160iauliuose","robots":{"index":"index","follow":"follow","max-snippet":"max-snippet:-1","max-image-preview":"max-image-preview:large","max-video-preview":"max-video-preview:-1"},"canonical":"https:\/\/elmeistrai.lt\/fr\/kompiuteriu-remontas\/kietuju-disku-keitimas-hdd\/","og_locale":"fr_FR","og_type":"article","og_title":"Kiet\u0173j\u0173 disk\u0173 keitimas (HDD) Vilniuje, Kaune, Klaip\u0117doje, \u0160iauliuose","og_description":"Kietasis diskas yra kompiuterio detal\u0117, kuriame yra saugomi visi kompiuteryje esantys duomenys: muzika, filmai, dokumentai ir t.t. Da\u017eniausiai jo atminties...","og_url":"https:\/\/elmeistrai.lt\/fr\/kompiuteriu-remontas\/kietuju-disku-keitimas-hdd\/","og_site_name":"Vilniuje, Kaune, Klaip\u0117doje, \u0160iauliuose","article_publisher":"https:\/\/www.facebook.com\/elmeistrai.lt\/","article_modified_time":"2022-11-17T10:00:06+00:00","og_image":[{"url":"https:\/\/elmeistrai.lt\/wp-content\/uploads\/2022\/11\/kietasis-diskas.jpg","type":"","width":"","height":""}],"twitter_card":"summary_large_image","twitter_misc":{"Dur\u00e9e de lecture estim\u00e9e":"1 minute"},"schema":{"@context":"https:\/\/schema.org","@graph":[{"@type":"NewsArticle","@id":"https:\/\/elmeistrai.lt\/kompiuteriu-remontas\/kietuju-disku-keitimas-hdd\/#article","isPartOf":{"@id":"https:\/\/elmeistrai.lt\/kompiuteriu-remontas\/kietuju-disku-keitimas-hdd\/"},"author":{"name":"elMeistrai","@id":"https:\/\/elmeistrai.lt\/#\/schema\/person\/6363b621eb9606785f7f2ae9a52987f7"},"headline":"Kiet\u0173j\u0173 disk\u0173 keitimas (HDD)","datePublished":"2022-11-17T09:58:38+00:00","dateModified":"2022-11-17T10:00:06+00:00","mainEntityOfPage":{"@id":"https:\/\/elmeistrai.lt\/kompiuteriu-remontas\/kietuju-disku-keitimas-hdd\/"},"wordCount":271,"publisher":{"@id":"https:\/\/elmeistrai.lt\/#organization"},"image":{"@id":"https:\/\/elmeistrai.lt\/kompiuteriu-remontas\/kietuju-disku-keitimas-hdd\/#primaryimage"},"thumbnailUrl":"https:\/\/elmeistrai.lt\/wp-content\/uploads\/2022\/11\/kietasis-diskas.jpg","inLanguage":"fr-FR"},{"@type":["WebPage","ItemPage"],"@id":"https:\/\/elmeistrai.lt\/kompiuteriu-remontas\/kietuju-disku-keitimas-hdd\/","url":"https:\/\/elmeistrai.lt\/kompiuteriu-remontas\/kietuju-disku-keitimas-hdd\/","name":"Kiet\u0173j\u0173 disk\u0173 keitimas (HDD) Vilniuje, Kaune, Klaip\u0117doje, \u0160iauliuose","isPartOf":{"@id":"https:\/\/elmeistrai.lt\/#website"},"primaryImageOfPage":{"@id":"https:\/\/elmeistrai.lt\/kompiuteriu-remontas\/kietuju-disku-keitimas-hdd\/#primaryimage"},"image":{"@id":"https:\/\/elmeistrai.lt\/kompiuteriu-remontas\/kietuju-disku-keitimas-hdd\/#primaryimage"},"thumbnailUrl":"https:\/\/elmeistrai.lt\/wp-content\/uploads\/2022\/11\/kietasis-diskas.jpg","datePublished":"2022-11-17T09:58:38+00:00","dateModified":"2022-11-17T10:00:06+00:00","breadcrumb":{"@id":"https:\/\/elmeistrai.lt\/kompiuteriu-remontas\/kietuju-disku-keitimas-hdd\/#breadcrumb"},"inLanguage":"fr-FR","potentialAction":[{"@type":"ReadAction","target":["https:\/\/elmeistrai.lt\/kompiuteriu-remontas\/kietuju-disku-keitimas-hdd\/"]}]},{"@type":"ImageObject","inLanguage":"fr-FR","@id":"https:\/\/elmeistrai.lt\/kompiuteriu-remontas\/kietuju-disku-keitimas-hdd\/#primaryimage","url":"https:\/\/elmeistrai.lt\/wp-content\/uploads\/2022\/11\/kietasis-diskas.jpg","contentUrl":"https:\/\/elmeistrai.lt\/wp-content\/uploads\/2022\/11\/kietasis-diskas.jpg"},{"@type":"BreadcrumbList","@id":"https:\/\/elmeistrai.lt\/kompiuteriu-remontas\/kietuju-disku-keitimas-hdd\/#breadcrumb","itemListElement":[{"@type":"ListItem","position":1,"name":"Home","item":"https:\/\/elmeistrai.lt\/"},{"@type":"ListItem","position":2,"name":"Profesionalus kompiuteri\u0173 remontas Vilniuje, Kaune, Klaip\u0117doje ir \u0160iauliuose","item":"https:\/\/elmeistrai.lt\/kompiuteriu-remontas\/"},{"@type":"ListItem","position":3,"name":"Kiet\u0173j\u0173 disk\u0173 keitimas (HDD)"}]},{"@type":"WebSite","@id":"https:\/\/elmeistrai.lt\/#website","url":"https:\/\/elmeistrai.lt\/","name":"Vilnius, Kaunas, Klaip\u0117da, \u0160iauliai","description":"R\u00e9paration d'appareils \u00e9lectroniques domestiques et professionnels. Remplissage de cartouches.","publisher":{"@id":"https:\/\/elmeistrai.lt\/#organization"},"potentialAction":[{"@type":"SearchAction","target":{"@type":"EntryPoint","urlTemplate":"https:\/\/elmeistrai.lt\/?s={search_term_string}"},"query-input":{"@type":"PropertyValueSpecification","valueRequired":true,"valueName":"search_term_string"}}],"inLanguage":"fr-FR"},{"@type":"Organization","@id":"https:\/\/elmeistrai.lt\/#organization","name":"elMeistrai.lt","alternateName":"Kavos aparat\u0173, paspirtuk\u0173, televizori\u0173, kompiuteri\u0173, telefon\u0173 ir kt. technikos remontas","url":"https:\/\/elmeistrai.lt\/","logo":{"@type":"ImageObject","inLanguage":"fr-FR","@id":"https:\/\/elmeistrai.lt\/#\/schema\/logo\/image\/","url":"https:\/\/elmeistrai.lt\/wp-content\/uploads\/2022\/09\/elmeistrai_logo.jpg","contentUrl":"https:\/\/elmeistrai.lt\/wp-content\/uploads\/2022\/09\/elmeistrai_logo.jpg","width":556,"height":143,"caption":"elMeistrai.lt"},"image":{"@id":"https:\/\/elmeistrai.lt\/#\/schema\/logo\/image\/"},"sameAs":["https:\/\/www.facebook.com\/elmeistrai.lt\/"]},{"@type":"Person","@id":"https:\/\/elmeistrai.lt\/#\/schema\/person\/6363b621eb9606785f7f2ae9a52987f7","name":"elMeistrai","image":{"@type":"ImageObject","inLanguage":"fr-FR","@id":"https:\/\/secure.gravatar.com\/avatar\/052f2d9640381d6904c5c0676ac3cc3d7ad734def78df3657e571451cad9870d?s=96&d=mm&r=g","url":"https:\/\/secure.gravatar.com\/avatar\/052f2d9640381d6904c5c0676ac3cc3d7ad734def78df3657e571451cad9870d?s=96&d=mm&r=g","contentUrl":"https:\/\/secure.gravatar.com\/avatar\/052f2d9640381d6904c5c0676ac3cc3d7ad734def78df3657e571451cad9870d?s=96&d=mm&r=g","caption":"elMeistrai"},"url":"https:\/\/elmeistrai.lt\/fr\/author\/yipkxe\/"}]}},"uagb_featured_image_src":{"full":false,"thumbnail":false,"medium":false,"medium_large":false,"large":false,"1536x1536":false,"2048x2048":false,"trp-custom-language-flag":false,"writemag-1218w-autoh-image":false,"writemag-675w-autoh-image":false,"writemag-100w-100h-image":false},"uagb_author_info":{"display_name":"elMeistrai","author_link":"https:\/\/elmeistrai.lt\/fr\/author\/yipkxe\/"},"uagb_comment_info":0,"uagb_excerpt":"Kietasis diskas yra kompiuterio detal\u0117, kuriame yra saugomi visi kompiuteryje esantys duomenys: muzika, filmai, dokumentai ir t.t. Da\u017eniausiai jo atminties...","rttpg_featured_image_url":null,"rttpg_author":{"display_name":"elMeistrai","author_link":"https:\/\/elmeistrai.lt\/fr\/author\/yipkxe\/"},"rttpg_comment":0,"rttpg_category":null,"rttpg_excerpt":"Kietasis diskas yra kompiuterio detal\u0117, kuriame yra saugomi visi kompiuteryje esantys duomenys: muzika, filmai, dokumentai ir t.t. Da\u017eniausiai jo atminties...","_links":{"self":[{"href":"https:\/\/elmeistrai.lt\/fr\/wp-json\/wp\/v2\/pages\/2075","targetHints":{"allow":["GET"]}}],"collection":[{"href":"https:\/\/elmeistrai.lt\/fr\/wp-json\/wp\/v2\/pages"}],"about":[{"href":"https:\/\/elmeistrai.lt\/fr\/wp-json\/wp\/v2\/types\/page"}],"author":[{"embeddable":true,"href":"https:\/\/elmeistrai.lt\/fr\/wp-json\/wp\/v2\/users\/1"}],"replies":[{"embeddable":true,"href":"https:\/\/elmeistrai.lt\/fr\/wp-json\/wp\/v2\/comments?post=2075"}],"version-history":[{"count":2,"href":"https:\/\/elmeistrai.lt\/fr\/wp-json\/wp\/v2\/pages\/2075\/revisions"}],"predecessor-version":[{"id":2079,"href":"https:\/\/elmeistrai.lt\/fr\/wp-json\/wp\/v2\/pages\/2075\/revisions\/2079"}],"up":[{"embeddable":true,"href":"https:\/\/elmeistrai.lt\/fr\/wp-json\/wp\/v2\/pages\/14"}],"wp:attachment":[{"href":"https:\/\/elmeistrai.lt\/fr\/wp-json\/wp\/v2\/media?parent=2075"}],"curies":[{"name":"wp","href":"https:\/\/api.w.org\/{rel}","templated":true}]}}