{"id":2071,"date":"2022-11-17T07:22:00","date_gmt":"2022-11-17T09:22:00","guid":{"rendered":"https:\/\/elmeistrai.lt\/?page_id=2071"},"modified":"2022-11-17T07:22:01","modified_gmt":"2022-11-17T09:22:01","slug":"operatyviosios-atminties-ram-keitimas-remontas-papildymas","status":"publish","type":"page","link":"https:\/\/elmeistrai.lt\/fr\/kompiuteriu-remontas\/operatyviosios-atminties-ram-keitimas-remontas-papildymas\/","title":{"rendered":"Remplacement, r\u00e9paration et ajout de RAM"},"content":{"rendered":"<p>La m\u00e9moire vive, qui est une m\u00e9moire qui ne stocke pas de donn\u00e9es telles que des films ou des documents. C'est une m\u00e9moire de travail qui se charge de donn\u00e9es au fur et \u00e0 mesure de leur traitement. Elle est donc \u00e9galement appel\u00e9e m\u00e9moire de travail ou m\u00e9moire temporaire. Plus il y a de m\u00e9moire de travail, plus il est possible d'y charger de donn\u00e9es et plus le traitement est rapide. Lorsque la m\u00e9moire vive est faible, le ralentissement de l'ordinateur est tr\u00e8s perceptible.<\/p>\n\n\n\n<p>La m\u00e9moire vive est l'un des composants d'un ordinateur qui est remplac\u00e9 plut\u00f4t que r\u00e9par\u00e9. Comme ce sont g\u00e9n\u00e9ralement les puces elles-m\u00eames qui tombent en panne, il n'est pas \u00e9conomiquement viable de les ressouder manuellement.<\/p>\n\n\n\n<p>La m\u00e9moire vive est g\u00e9n\u00e9ralement remplac\u00e9e pour augmenter sa capacit\u00e9, et non lorsqu'elle tombe en panne. Il s'agit de l'une des pannes informatiques les moins courantes que nous rencontrons dans notre atelier de r\u00e9paration d'ordinateurs. La fa\u00e7on la plus courante d'augmenter la RAM est d'acc\u00e9l\u00e9rer un vieil ordinateur : pour <a href=\"\/fr\/kompiuteriu-remontas\/kompiuteriu-techninis-modernizavimas-pagerinimas\/\">moderniser, mettre \u00e0 niveau<\/a>. Il arrive souvent que les modules de m\u00e9moire soient particuli\u00e8rement chers au moment de l'achat de l'ordinateur, mais qu'apr\u00e8s un certain temps, ils deviennent moins chers. Il n'est pas rare non plus que les nouveaux ordinateurs soient mal \u00e9quip\u00e9s.<\/p>\n\n\n\n<p>Nous rempla\u00e7ons la m\u00e9moire vive des ordinateurs portables (SODIMM) et des ordinateurs de bureau (DIMM). Choisissez le bon type : DDR2, DDR3, DDR4, etc. et la bonne fr\u00e9quence : 1333Mhz, 1600Mhz, 1866MHz, 2066Mhz, etc.<\/p>\n\n\n\n<p>Remplacement de la m\u00e9moire op\u00e9rationnelle, s\u00e9lection, extension et autres travaux elMeisters <a href=\"\/fr\/kontaktai\/\">dans les r\u00e8gles informatiques<\/a>. Nous vous attendons avec impatience.<\/p>\n\n\n\n<figure class=\"wp-block-image size-full\"><img loading=\"lazy\" decoding=\"async\" width=\"640\" height=\"480\" src=\"https:\/\/elmeistrai.lt\/wp-content\/uploads\/2022\/11\/operatyvioji-atmintis-ram.jpg\" alt=\"operatyvioji atmintis RAM\" class=\"wp-image-2072\" srcset=\"https:\/\/elmeistrai.lt\/wp-content\/uploads\/2022\/11\/operatyvioji-atmintis-ram.jpg 640w, https:\/\/elmeistrai.lt\/wp-content\/uploads\/2022\/11\/operatyvioji-atmintis-ram-300x225.jpg 300w\" sizes=\"auto, (max-width: 640px) 100vw, 640px\" \/><\/figure>\n\n\n\n<p><\/p>","protected":false},"excerpt":{"rendered":"<p>La m\u00e9moire vive, qui est la m\u00e9moire qui ne stocke pas de donn\u00e9es telles que des films ou des documents. Il s'agit de la m\u00e9moire de travail, qui est...<\/p>","protected":false},"author":1,"featured_media":0,"parent":14,"menu_order":0,"comment_status":"closed","ping_status":"closed","template":"","meta":{"_uag_custom_page_level_css":"","footnotes":""},"class_list":["post-2071","page","type-page","status-publish","hentry"],"yoast_head":"<!-- This site is optimized with the Yoast SEO plugin v27.5 - https:\/\/yoast.com\/product\/yoast-seo-wordpress\/ -->\n<title>Operatyviosios atminties (RAM) keitimas, remontas, papildymas Vilniuje, Kaune, Klaip\u0117doje, \u0160iauliuose<\/title>\n<meta name=\"robots\" content=\"index, follow, max-snippet:-1, max-image-preview:large, max-video-preview:-1\" \/>\n<link rel=\"canonical\" href=\"https:\/\/elmeistrai.lt\/fr\/kompiuteriu-remontas\/operatyviosios-atminties-ram-keitimas-remontas-papildymas\/\" \/>\n<meta property=\"og:locale\" content=\"fr_FR\" \/>\n<meta property=\"og:type\" content=\"article\" \/>\n<meta property=\"og:title\" content=\"Operatyviosios atminties (RAM) keitimas, remontas, papildymas Vilniuje, Kaune, Klaip\u0117doje, \u0160iauliuose\" \/>\n<meta property=\"og:description\" content=\"Operatyvioji RAM atmintis, tai yra tokia atmintis ne kurioje yra kaupiami duomenys pvz. filmai, dokumentai. Tai yra darbin\u0117 atmintis, \u012f...\" \/>\n<meta property=\"og:url\" content=\"https:\/\/elmeistrai.lt\/fr\/kompiuteriu-remontas\/operatyviosios-atminties-ram-keitimas-remontas-papildymas\/\" \/>\n<meta property=\"og:site_name\" content=\"Vilniuje, Kaune, Klaip\u0117doje, \u0160iauliuose\" \/>\n<meta property=\"article:publisher\" content=\"https:\/\/www.facebook.com\/elmeistrai.lt\/\" \/>\n<meta property=\"article:modified_time\" content=\"2022-11-17T09:22:01+00:00\" \/>\n<meta property=\"og:image\" content=\"https:\/\/elmeistrai.lt\/wp-content\/uploads\/2022\/11\/operatyvioji-atmintis-ram.jpg\" \/>\n<meta name=\"twitter:card\" content=\"summary_large_image\" \/>\n<meta name=\"twitter:label1\" content=\"Dur\u00e9e de lecture estim\u00e9e\" \/>\n\t<meta name=\"twitter:data1\" content=\"1 minute\" \/>\n<script type=\"application\/ld+json\" class=\"yoast-schema-graph\">{\"@context\":\"https:\\\/\\\/schema.org\",\"@graph\":[{\"@type\":\"NewsArticle\",\"@id\":\"https:\\\/\\\/elmeistrai.lt\\\/kompiuteriu-remontas\\\/operatyviosios-atminties-ram-keitimas-remontas-papildymas\\\/#article\",\"isPartOf\":{\"@id\":\"https:\\\/\\\/elmeistrai.lt\\\/kompiuteriu-remontas\\\/operatyviosios-atminties-ram-keitimas-remontas-papildymas\\\/\"},\"author\":{\"name\":\"elMeistrai\",\"@id\":\"https:\\\/\\\/elmeistrai.lt\\\/#\\\/schema\\\/person\\\/6363b621eb9606785f7f2ae9a52987f7\"},\"headline\":\"Operatyviosios atminties (RAM) keitimas, remontas, papildymas\",\"datePublished\":\"2022-11-17T09:22:00+00:00\",\"dateModified\":\"2022-11-17T09:22:01+00:00\",\"mainEntityOfPage\":{\"@id\":\"https:\\\/\\\/elmeistrai.lt\\\/kompiuteriu-remontas\\\/operatyviosios-atminties-ram-keitimas-remontas-papildymas\\\/\"},\"wordCount\":220,\"publisher\":{\"@id\":\"https:\\\/\\\/elmeistrai.lt\\\/#organization\"},\"image\":{\"@id\":\"https:\\\/\\\/elmeistrai.lt\\\/kompiuteriu-remontas\\\/operatyviosios-atminties-ram-keitimas-remontas-papildymas\\\/#primaryimage\"},\"thumbnailUrl\":\"https:\\\/\\\/elmeistrai.lt\\\/wp-content\\\/uploads\\\/2022\\\/11\\\/operatyvioji-atmintis-ram.jpg\",\"inLanguage\":\"fr-FR\"},{\"@type\":[\"WebPage\",\"ItemPage\"],\"@id\":\"https:\\\/\\\/elmeistrai.lt\\\/kompiuteriu-remontas\\\/operatyviosios-atminties-ram-keitimas-remontas-papildymas\\\/\",\"url\":\"https:\\\/\\\/elmeistrai.lt\\\/kompiuteriu-remontas\\\/operatyviosios-atminties-ram-keitimas-remontas-papildymas\\\/\",\"name\":\"Operatyviosios atminties (RAM) keitimas, remontas, papildymas Vilniuje, Kaune, Klaip\u0117doje, \u0160iauliuose\",\"isPartOf\":{\"@id\":\"https:\\\/\\\/elmeistrai.lt\\\/#website\"},\"primaryImageOfPage\":{\"@id\":\"https:\\\/\\\/elmeistrai.lt\\\/kompiuteriu-remontas\\\/operatyviosios-atminties-ram-keitimas-remontas-papildymas\\\/#primaryimage\"},\"image\":{\"@id\":\"https:\\\/\\\/elmeistrai.lt\\\/kompiuteriu-remontas\\\/operatyviosios-atminties-ram-keitimas-remontas-papildymas\\\/#primaryimage\"},\"thumbnailUrl\":\"https:\\\/\\\/elmeistrai.lt\\\/wp-content\\\/uploads\\\/2022\\\/11\\\/operatyvioji-atmintis-ram.jpg\",\"datePublished\":\"2022-11-17T09:22:00+00:00\",\"dateModified\":\"2022-11-17T09:22:01+00:00\",\"breadcrumb\":{\"@id\":\"https:\\\/\\\/elmeistrai.lt\\\/kompiuteriu-remontas\\\/operatyviosios-atminties-ram-keitimas-remontas-papildymas\\\/#breadcrumb\"},\"inLanguage\":\"fr-FR\",\"potentialAction\":[{\"@type\":\"ReadAction\",\"target\":[\"https:\\\/\\\/elmeistrai.lt\\\/kompiuteriu-remontas\\\/operatyviosios-atminties-ram-keitimas-remontas-papildymas\\\/\"]}]},{\"@type\":\"ImageObject\",\"inLanguage\":\"fr-FR\",\"@id\":\"https:\\\/\\\/elmeistrai.lt\\\/kompiuteriu-remontas\\\/operatyviosios-atminties-ram-keitimas-remontas-papildymas\\\/#primaryimage\",\"url\":\"https:\\\/\\\/elmeistrai.lt\\\/wp-content\\\/uploads\\\/2022\\\/11\\\/operatyvioji-atmintis-ram.jpg\",\"contentUrl\":\"https:\\\/\\\/elmeistrai.lt\\\/wp-content\\\/uploads\\\/2022\\\/11\\\/operatyvioji-atmintis-ram.jpg\"},{\"@type\":\"BreadcrumbList\",\"@id\":\"https:\\\/\\\/elmeistrai.lt\\\/kompiuteriu-remontas\\\/operatyviosios-atminties-ram-keitimas-remontas-papildymas\\\/#breadcrumb\",\"itemListElement\":[{\"@type\":\"ListItem\",\"position\":1,\"name\":\"Home\",\"item\":\"https:\\\/\\\/elmeistrai.lt\\\/\"},{\"@type\":\"ListItem\",\"position\":2,\"name\":\"Profesionalus kompiuteri\u0173 remontas Vilniuje, Kaune, Klaip\u0117doje ir \u0160iauliuose\",\"item\":\"https:\\\/\\\/elmeistrai.lt\\\/kompiuteriu-remontas\\\/\"},{\"@type\":\"ListItem\",\"position\":3,\"name\":\"Operatyviosios atminties (RAM) keitimas, remontas, papildymas\"}]},{\"@type\":\"WebSite\",\"@id\":\"https:\\\/\\\/elmeistrai.lt\\\/#website\",\"url\":\"https:\\\/\\\/elmeistrai.lt\\\/\",\"name\":\"Vilniuje, Kaune, Klaip\u0117doje, \u0160iauliuose\",\"description\":\"Nam\u0173 ir verslo elektronikos prietais\u0173 remontas. Kase\u010di\u0173 pildymas.\",\"publisher\":{\"@id\":\"https:\\\/\\\/elmeistrai.lt\\\/#organization\"},\"potentialAction\":[{\"@type\":\"SearchAction\",\"target\":{\"@type\":\"EntryPoint\",\"urlTemplate\":\"https:\\\/\\\/elmeistrai.lt\\\/?s={search_term_string}\"},\"query-input\":{\"@type\":\"PropertyValueSpecification\",\"valueRequired\":true,\"valueName\":\"search_term_string\"}}],\"inLanguage\":\"fr-FR\"},{\"@type\":\"Organization\",\"@id\":\"https:\\\/\\\/elmeistrai.lt\\\/#organization\",\"name\":\"elMeistrai.lt\",\"alternateName\":\"Kavos aparat\u0173, paspirtuk\u0173, televizori\u0173, kompiuteri\u0173, telefon\u0173 ir kt. technikos remontas\",\"url\":\"https:\\\/\\\/elmeistrai.lt\\\/\",\"logo\":{\"@type\":\"ImageObject\",\"inLanguage\":\"fr-FR\",\"@id\":\"https:\\\/\\\/elmeistrai.lt\\\/#\\\/schema\\\/logo\\\/image\\\/\",\"url\":\"https:\\\/\\\/elmeistrai.lt\\\/wp-content\\\/uploads\\\/2022\\\/09\\\/elmeistrai_logo.jpg\",\"contentUrl\":\"https:\\\/\\\/elmeistrai.lt\\\/wp-content\\\/uploads\\\/2022\\\/09\\\/elmeistrai_logo.jpg\",\"width\":556,\"height\":143,\"caption\":\"elMeistrai.lt\"},\"image\":{\"@id\":\"https:\\\/\\\/elmeistrai.lt\\\/#\\\/schema\\\/logo\\\/image\\\/\"},\"sameAs\":[\"https:\\\/\\\/www.facebook.com\\\/elmeistrai.lt\\\/\"]},{\"@type\":\"Person\",\"@id\":\"https:\\\/\\\/elmeistrai.lt\\\/#\\\/schema\\\/person\\\/6363b621eb9606785f7f2ae9a52987f7\",\"name\":\"elMeistrai\",\"image\":{\"@type\":\"ImageObject\",\"inLanguage\":\"fr-FR\",\"@id\":\"https:\\\/\\\/secure.gravatar.com\\\/avatar\\\/052f2d9640381d6904c5c0676ac3cc3d7ad734def78df3657e571451cad9870d?s=96&d=mm&r=g\",\"url\":\"https:\\\/\\\/secure.gravatar.com\\\/avatar\\\/052f2d9640381d6904c5c0676ac3cc3d7ad734def78df3657e571451cad9870d?s=96&d=mm&r=g\",\"contentUrl\":\"https:\\\/\\\/secure.gravatar.com\\\/avatar\\\/052f2d9640381d6904c5c0676ac3cc3d7ad734def78df3657e571451cad9870d?s=96&d=mm&r=g\",\"caption\":\"elMeistrai\"},\"url\":\"https:\\\/\\\/elmeistrai.lt\\\/fr\\\/author\\\/yipkxe\\\/\"}]}<\/script>\n<!-- \/ Yoast SEO plugin. -->","yoast_head_json":{"title":"Operatyviosios atminties (RAM) keitimas, remontas, papildymas Vilniuje, Kaune, Klaip\u0117doje, \u0160iauliuose","robots":{"index":"index","follow":"follow","max-snippet":"max-snippet:-1","max-image-preview":"max-image-preview:large","max-video-preview":"max-video-preview:-1"},"canonical":"https:\/\/elmeistrai.lt\/fr\/kompiuteriu-remontas\/operatyviosios-atminties-ram-keitimas-remontas-papildymas\/","og_locale":"fr_FR","og_type":"article","og_title":"Operatyviosios atminties (RAM) keitimas, remontas, papildymas Vilniuje, Kaune, Klaip\u0117doje, \u0160iauliuose","og_description":"Operatyvioji RAM atmintis, tai yra tokia atmintis ne kurioje yra kaupiami duomenys pvz. filmai, dokumentai. Tai yra darbin\u0117 atmintis, \u012f...","og_url":"https:\/\/elmeistrai.lt\/fr\/kompiuteriu-remontas\/operatyviosios-atminties-ram-keitimas-remontas-papildymas\/","og_site_name":"Vilniuje, Kaune, Klaip\u0117doje, \u0160iauliuose","article_publisher":"https:\/\/www.facebook.com\/elmeistrai.lt\/","article_modified_time":"2022-11-17T09:22:01+00:00","og_image":[{"url":"https:\/\/elmeistrai.lt\/wp-content\/uploads\/2022\/11\/operatyvioji-atmintis-ram.jpg","type":"","width":"","height":""}],"twitter_card":"summary_large_image","twitter_misc":{"Dur\u00e9e de lecture estim\u00e9e":"1 minute"},"schema":{"@context":"https:\/\/schema.org","@graph":[{"@type":"NewsArticle","@id":"https:\/\/elmeistrai.lt\/kompiuteriu-remontas\/operatyviosios-atminties-ram-keitimas-remontas-papildymas\/#article","isPartOf":{"@id":"https:\/\/elmeistrai.lt\/kompiuteriu-remontas\/operatyviosios-atminties-ram-keitimas-remontas-papildymas\/"},"author":{"name":"elMeistrai","@id":"https:\/\/elmeistrai.lt\/#\/schema\/person\/6363b621eb9606785f7f2ae9a52987f7"},"headline":"Operatyviosios atminties (RAM) keitimas, remontas, papildymas","datePublished":"2022-11-17T09:22:00+00:00","dateModified":"2022-11-17T09:22:01+00:00","mainEntityOfPage":{"@id":"https:\/\/elmeistrai.lt\/kompiuteriu-remontas\/operatyviosios-atminties-ram-keitimas-remontas-papildymas\/"},"wordCount":220,"publisher":{"@id":"https:\/\/elmeistrai.lt\/#organization"},"image":{"@id":"https:\/\/elmeistrai.lt\/kompiuteriu-remontas\/operatyviosios-atminties-ram-keitimas-remontas-papildymas\/#primaryimage"},"thumbnailUrl":"https:\/\/elmeistrai.lt\/wp-content\/uploads\/2022\/11\/operatyvioji-atmintis-ram.jpg","inLanguage":"fr-FR"},{"@type":["WebPage","ItemPage"],"@id":"https:\/\/elmeistrai.lt\/kompiuteriu-remontas\/operatyviosios-atminties-ram-keitimas-remontas-papildymas\/","url":"https:\/\/elmeistrai.lt\/kompiuteriu-remontas\/operatyviosios-atminties-ram-keitimas-remontas-papildymas\/","name":"Operatyviosios atminties (RAM) keitimas, remontas, papildymas Vilniuje, Kaune, Klaip\u0117doje, \u0160iauliuose","isPartOf":{"@id":"https:\/\/elmeistrai.lt\/#website"},"primaryImageOfPage":{"@id":"https:\/\/elmeistrai.lt\/kompiuteriu-remontas\/operatyviosios-atminties-ram-keitimas-remontas-papildymas\/#primaryimage"},"image":{"@id":"https:\/\/elmeistrai.lt\/kompiuteriu-remontas\/operatyviosios-atminties-ram-keitimas-remontas-papildymas\/#primaryimage"},"thumbnailUrl":"https:\/\/elmeistrai.lt\/wp-content\/uploads\/2022\/11\/operatyvioji-atmintis-ram.jpg","datePublished":"2022-11-17T09:22:00+00:00","dateModified":"2022-11-17T09:22:01+00:00","breadcrumb":{"@id":"https:\/\/elmeistrai.lt\/kompiuteriu-remontas\/operatyviosios-atminties-ram-keitimas-remontas-papildymas\/#breadcrumb"},"inLanguage":"fr-FR","potentialAction":[{"@type":"ReadAction","target":["https:\/\/elmeistrai.lt\/kompiuteriu-remontas\/operatyviosios-atminties-ram-keitimas-remontas-papildymas\/"]}]},{"@type":"ImageObject","inLanguage":"fr-FR","@id":"https:\/\/elmeistrai.lt\/kompiuteriu-remontas\/operatyviosios-atminties-ram-keitimas-remontas-papildymas\/#primaryimage","url":"https:\/\/elmeistrai.lt\/wp-content\/uploads\/2022\/11\/operatyvioji-atmintis-ram.jpg","contentUrl":"https:\/\/elmeistrai.lt\/wp-content\/uploads\/2022\/11\/operatyvioji-atmintis-ram.jpg"},{"@type":"BreadcrumbList","@id":"https:\/\/elmeistrai.lt\/kompiuteriu-remontas\/operatyviosios-atminties-ram-keitimas-remontas-papildymas\/#breadcrumb","itemListElement":[{"@type":"ListItem","position":1,"name":"Home","item":"https:\/\/elmeistrai.lt\/"},{"@type":"ListItem","position":2,"name":"Profesionalus kompiuteri\u0173 remontas Vilniuje, Kaune, Klaip\u0117doje ir \u0160iauliuose","item":"https:\/\/elmeistrai.lt\/kompiuteriu-remontas\/"},{"@type":"ListItem","position":3,"name":"Operatyviosios atminties (RAM) keitimas, remontas, papildymas"}]},{"@type":"WebSite","@id":"https:\/\/elmeistrai.lt\/#website","url":"https:\/\/elmeistrai.lt\/","name":"Vilnius, Kaunas, Klaip\u0117da, \u0160iauliai","description":"R\u00e9paration d'appareils \u00e9lectroniques domestiques et professionnels. Remplissage de cartouches.","publisher":{"@id":"https:\/\/elmeistrai.lt\/#organization"},"potentialAction":[{"@type":"SearchAction","target":{"@type":"EntryPoint","urlTemplate":"https:\/\/elmeistrai.lt\/?s={search_term_string}"},"query-input":{"@type":"PropertyValueSpecification","valueRequired":true,"valueName":"search_term_string"}}],"inLanguage":"fr-FR"},{"@type":"Organization","@id":"https:\/\/elmeistrai.lt\/#organization","name":"elMeistrai.lt","alternateName":"Kavos aparat\u0173, paspirtuk\u0173, televizori\u0173, kompiuteri\u0173, telefon\u0173 ir kt. technikos remontas","url":"https:\/\/elmeistrai.lt\/","logo":{"@type":"ImageObject","inLanguage":"fr-FR","@id":"https:\/\/elmeistrai.lt\/#\/schema\/logo\/image\/","url":"https:\/\/elmeistrai.lt\/wp-content\/uploads\/2022\/09\/elmeistrai_logo.jpg","contentUrl":"https:\/\/elmeistrai.lt\/wp-content\/uploads\/2022\/09\/elmeistrai_logo.jpg","width":556,"height":143,"caption":"elMeistrai.lt"},"image":{"@id":"https:\/\/elmeistrai.lt\/#\/schema\/logo\/image\/"},"sameAs":["https:\/\/www.facebook.com\/elmeistrai.lt\/"]},{"@type":"Person","@id":"https:\/\/elmeistrai.lt\/#\/schema\/person\/6363b621eb9606785f7f2ae9a52987f7","name":"elMeistrai","image":{"@type":"ImageObject","inLanguage":"fr-FR","@id":"https:\/\/secure.gravatar.com\/avatar\/052f2d9640381d6904c5c0676ac3cc3d7ad734def78df3657e571451cad9870d?s=96&d=mm&r=g","url":"https:\/\/secure.gravatar.com\/avatar\/052f2d9640381d6904c5c0676ac3cc3d7ad734def78df3657e571451cad9870d?s=96&d=mm&r=g","contentUrl":"https:\/\/secure.gravatar.com\/avatar\/052f2d9640381d6904c5c0676ac3cc3d7ad734def78df3657e571451cad9870d?s=96&d=mm&r=g","caption":"elMeistrai"},"url":"https:\/\/elmeistrai.lt\/fr\/author\/yipkxe\/"}]}},"uagb_featured_image_src":{"full":false,"thumbnail":false,"medium":false,"medium_large":false,"large":false,"1536x1536":false,"2048x2048":false,"trp-custom-language-flag":false,"writemag-1218w-autoh-image":false,"writemag-675w-autoh-image":false,"writemag-100w-100h-image":false},"uagb_author_info":{"display_name":"elMeistrai","author_link":"https:\/\/elmeistrai.lt\/fr\/author\/yipkxe\/"},"uagb_comment_info":0,"uagb_excerpt":"Operatyvioji RAM atmintis, tai yra tokia atmintis ne kurioje yra kaupiami duomenys pvz. filmai, dokumentai. Tai yra darbin\u0117 atmintis, \u012f...","rttpg_featured_image_url":null,"rttpg_author":{"display_name":"elMeistrai","author_link":"https:\/\/elmeistrai.lt\/fr\/author\/yipkxe\/"},"rttpg_comment":0,"rttpg_category":null,"rttpg_excerpt":"Operatyvioji RAM atmintis, tai yra tokia atmintis ne kurioje yra kaupiami duomenys pvz. filmai, dokumentai. Tai yra darbin\u0117 atmintis, \u012f...","_links":{"self":[{"href":"https:\/\/elmeistrai.lt\/fr\/wp-json\/wp\/v2\/pages\/2071","targetHints":{"allow":["GET"]}}],"collection":[{"href":"https:\/\/elmeistrai.lt\/fr\/wp-json\/wp\/v2\/pages"}],"about":[{"href":"https:\/\/elmeistrai.lt\/fr\/wp-json\/wp\/v2\/types\/page"}],"author":[{"embeddable":true,"href":"https:\/\/elmeistrai.lt\/fr\/wp-json\/wp\/v2\/users\/1"}],"replies":[{"embeddable":true,"href":"https:\/\/elmeistrai.lt\/fr\/wp-json\/wp\/v2\/comments?post=2071"}],"version-history":[{"count":1,"href":"https:\/\/elmeistrai.lt\/fr\/wp-json\/wp\/v2\/pages\/2071\/revisions"}],"predecessor-version":[{"id":2073,"href":"https:\/\/elmeistrai.lt\/fr\/wp-json\/wp\/v2\/pages\/2071\/revisions\/2073"}],"up":[{"embeddable":true,"href":"https:\/\/elmeistrai.lt\/fr\/wp-json\/wp\/v2\/pages\/14"}],"wp:attachment":[{"href":"https:\/\/elmeistrai.lt\/fr\/wp-json\/wp\/v2\/media?parent=2071"}],"curies":[{"name":"wp","href":"https:\/\/api.w.org\/{rel}","templated":true}]}}