{"id":2065,"date":"2022-11-17T07:01:35","date_gmt":"2022-11-17T09:01:35","guid":{"rendered":"https:\/\/elmeistrai.lt\/?page_id=2065"},"modified":"2022-11-17T07:02:18","modified_gmt":"2022-11-17T09:02:18","slug":"apipiltu-kompiuteriu-valymas-remontas","status":"publish","type":"page","link":"https:\/\/elmeistrai.lt\/fr\/kompiuteriu-remontas\/apipiltu-kompiuteriu-valymas-remontas\/","title":{"rendered":"Nettoyage et r\u00e9paration des ordinateurs \u00e9clabouss\u00e9s ou imbib\u00e9s de liquide"},"content":{"rendered":"<p>L'une des raisons les plus courantes pour lesquelles un ordinateur doit \u00eatre r\u00e9par\u00e9 est qu'il a \u00e9t\u00e9 \u00e9clabouss\u00e9 par des liquides. Apr\u00e8s tout, il est tellement pratique de poser un verre sur le bo\u00eetier d'un ordinateur de bureau ou portable et de regarder un film ou de surfer sur le web. Mais lorsque le liquide est renvers\u00e9 accidentellement, les dommages caus\u00e9s \u00e0 l'ordinateur sont plus ou moins importants. <\/p>\n\n\n\n<p>Que dois-je faire si je renverse un liquide sur mon ordinateur ? Tout d'abord, d\u00e9branchez l'ordinateur de toute source d'alimentation externe d\u00e8s que possible. De plus, si possible, retirez les batteries internes. Tout contact \u00e9lectrique avec des liquides acc\u00e9l\u00e8re le processus de corrosion, qui est \u00e0 l'origine des dommages les plus importants. La corrosion endommage les composants \u00e9lectriques et \u00e9lectroniques, les pistes, etc. de l'ordinateur. Apr\u00e8s avoir tout d\u00e9branch\u00e9, laissez l'appareil s\u00e9cher dans un endroit chaud et sec. Si le liquide \u00e9tait exempt d'impuret\u00e9s et de s\u00e9diments, il s\u00e9chera et si vous avez \u00e9t\u00e9 assez rapide pour d\u00e9brancher l'appareil, il continuera probablement \u00e0 fonctionner sans probl\u00e8me. Cependant, la plupart des liquides ne sont pas de l'eau filtr\u00e9e. Par cons\u00e9quent, m\u00eame apr\u00e8s le s\u00e9chage, vous devez \u00e9liminer les s\u00e9diments.<\/p>\n\n\n\n<p>Les zones les plus fr\u00e9quemment touch\u00e9es par les liquides et les r\u00e9sidus qu'ils laissent derri\u00e8re eux sont le clavier de l'ordinateur, la tablette tactile et la carte m\u00e8re. La r\u00e9paration d'un ordinateur contamin\u00e9 commence par un d\u00e9montage complet de l'ordinateur et un nettoyage de tous les d\u00e9p\u00f4ts. Nous testons ensuite les diff\u00e9rents composants et les r\u00e9parons ou les rempla\u00e7ons. Vous avez besoin d'aide ? Vous nous trouverez dans les principales villes de Lituanie. <a href=\"\/fr\/kontaktai\/\">Nos contacts<\/a>.<\/p>\n\n\n\n<figure class=\"wp-block-image size-full\"><img loading=\"lazy\" decoding=\"async\" width=\"640\" height=\"427\" src=\"https:\/\/elmeistrai.lt\/wp-content\/uploads\/2022\/11\/gerimas-prie-kompiuterio.jpg\" alt=\"g\u0117rimas prie kompiuterio\" class=\"wp-image-2066\" srcset=\"https:\/\/elmeistrai.lt\/wp-content\/uploads\/2022\/11\/gerimas-prie-kompiuterio.jpg 640w, https:\/\/elmeistrai.lt\/wp-content\/uploads\/2022\/11\/gerimas-prie-kompiuterio-300x200.jpg 300w\" sizes=\"auto, (max-width: 640px) 100vw, 640px\" \/><\/figure>","protected":false},"excerpt":{"rendered":"<p>L'une des raisons les plus courantes pour lesquelles un ordinateur doit \u00eatre r\u00e9par\u00e9 est qu'il a \u00e9t\u00e9 \u00e9clabouss\u00e9 par des liquides. Apr\u00e8s tout, le bo\u00eetier d'un ordinateur de bureau ou portable...<\/p>","protected":false},"author":1,"featured_media":0,"parent":14,"menu_order":0,"comment_status":"closed","ping_status":"closed","template":"","meta":{"_uag_custom_page_level_css":"","footnotes":""},"class_list":["post-2065","page","type-page","status-publish","hentry"],"yoast_head":"<!-- This site is optimized with the Yoast SEO plugin v27.3 - https:\/\/yoast.com\/product\/yoast-seo-wordpress\/ -->\n<title>Apipilt\u0173 \/ apliet\u0173 skys\u010diais kompiuteri\u0173 valymas, remontas Vilniuje, Kaune, Klaip\u0117doje, \u0160iauliuose<\/title>\n<meta name=\"robots\" content=\"index, follow, max-snippet:-1, max-image-preview:large, max-video-preview:-1\" \/>\n<link rel=\"canonical\" href=\"https:\/\/elmeistrai.lt\/fr\/kompiuteriu-remontas\/apipiltu-kompiuteriu-valymas-remontas\/\" \/>\n<meta property=\"og:locale\" content=\"fr_FR\" \/>\n<meta property=\"og:type\" content=\"article\" \/>\n<meta property=\"og:title\" content=\"Apipilt\u0173 \/ apliet\u0173 skys\u010diais kompiuteri\u0173 valymas, remontas Vilniuje, Kaune, Klaip\u0117doje, \u0160iauliuose\" \/>\n<meta property=\"og:description\" content=\"Viena i\u0161 da\u017eniausi\u0173 prie\u017eas\u010di\u0173, kai prireikia remonto &#8211; kompiuteris buvo aplietas skys\u010diais. Juk ant stacionaraus kompiuterio d\u0117\u017e\u0117s ar ne\u0161iojamojo kompiuterio...\" \/>\n<meta property=\"og:url\" content=\"https:\/\/elmeistrai.lt\/fr\/kompiuteriu-remontas\/apipiltu-kompiuteriu-valymas-remontas\/\" \/>\n<meta property=\"og:site_name\" content=\"Vilniuje, Kaune, Klaip\u0117doje, \u0160iauliuose\" \/>\n<meta property=\"article:publisher\" content=\"https:\/\/www.facebook.com\/elmeistrai.lt\/\" \/>\n<meta property=\"article:modified_time\" content=\"2022-11-17T09:02:18+00:00\" \/>\n<meta property=\"og:image\" content=\"https:\/\/elmeistrai.lt\/wp-content\/uploads\/2022\/11\/gerimas-prie-kompiuterio.jpg\" \/>\n<meta name=\"twitter:card\" content=\"summary_large_image\" \/>\n<meta name=\"twitter:label1\" content=\"Dur\u00e9e de lecture estim\u00e9e\" \/>\n\t<meta name=\"twitter:data1\" content=\"1 minute\" \/>\n<script type=\"application\/ld+json\" class=\"yoast-schema-graph\">{\"@context\":\"https:\\\/\\\/schema.org\",\"@graph\":[{\"@type\":\"NewsArticle\",\"@id\":\"https:\\\/\\\/elmeistrai.lt\\\/kompiuteriu-remontas\\\/apipiltu-kompiuteriu-valymas-remontas\\\/#article\",\"isPartOf\":{\"@id\":\"https:\\\/\\\/elmeistrai.lt\\\/kompiuteriu-remontas\\\/apipiltu-kompiuteriu-valymas-remontas\\\/\"},\"author\":{\"name\":\"elMeistrai\",\"@id\":\"https:\\\/\\\/elmeistrai.lt\\\/#\\\/schema\\\/person\\\/6363b621eb9606785f7f2ae9a52987f7\"},\"headline\":\"Apipilt\u0173 \\\/ apliet\u0173 skys\u010diais kompiuteri\u0173 valymas, remontas\",\"datePublished\":\"2022-11-17T09:01:35+00:00\",\"dateModified\":\"2022-11-17T09:02:18+00:00\",\"mainEntityOfPage\":{\"@id\":\"https:\\\/\\\/elmeistrai.lt\\\/kompiuteriu-remontas\\\/apipiltu-kompiuteriu-valymas-remontas\\\/\"},\"wordCount\":245,\"publisher\":{\"@id\":\"https:\\\/\\\/elmeistrai.lt\\\/#organization\"},\"image\":{\"@id\":\"https:\\\/\\\/elmeistrai.lt\\\/kompiuteriu-remontas\\\/apipiltu-kompiuteriu-valymas-remontas\\\/#primaryimage\"},\"thumbnailUrl\":\"https:\\\/\\\/elmeistrai.lt\\\/wp-content\\\/uploads\\\/2022\\\/11\\\/gerimas-prie-kompiuterio.jpg\",\"inLanguage\":\"fr-FR\"},{\"@type\":[\"WebPage\",\"ItemPage\"],\"@id\":\"https:\\\/\\\/elmeistrai.lt\\\/kompiuteriu-remontas\\\/apipiltu-kompiuteriu-valymas-remontas\\\/\",\"url\":\"https:\\\/\\\/elmeistrai.lt\\\/kompiuteriu-remontas\\\/apipiltu-kompiuteriu-valymas-remontas\\\/\",\"name\":\"Apipilt\u0173 \\\/ apliet\u0173 skys\u010diais kompiuteri\u0173 valymas, remontas Vilniuje, Kaune, Klaip\u0117doje, \u0160iauliuose\",\"isPartOf\":{\"@id\":\"https:\\\/\\\/elmeistrai.lt\\\/#website\"},\"primaryImageOfPage\":{\"@id\":\"https:\\\/\\\/elmeistrai.lt\\\/kompiuteriu-remontas\\\/apipiltu-kompiuteriu-valymas-remontas\\\/#primaryimage\"},\"image\":{\"@id\":\"https:\\\/\\\/elmeistrai.lt\\\/kompiuteriu-remontas\\\/apipiltu-kompiuteriu-valymas-remontas\\\/#primaryimage\"},\"thumbnailUrl\":\"https:\\\/\\\/elmeistrai.lt\\\/wp-content\\\/uploads\\\/2022\\\/11\\\/gerimas-prie-kompiuterio.jpg\",\"datePublished\":\"2022-11-17T09:01:35+00:00\",\"dateModified\":\"2022-11-17T09:02:18+00:00\",\"breadcrumb\":{\"@id\":\"https:\\\/\\\/elmeistrai.lt\\\/kompiuteriu-remontas\\\/apipiltu-kompiuteriu-valymas-remontas\\\/#breadcrumb\"},\"inLanguage\":\"fr-FR\",\"potentialAction\":[{\"@type\":\"ReadAction\",\"target\":[\"https:\\\/\\\/elmeistrai.lt\\\/kompiuteriu-remontas\\\/apipiltu-kompiuteriu-valymas-remontas\\\/\"]}]},{\"@type\":\"ImageObject\",\"inLanguage\":\"fr-FR\",\"@id\":\"https:\\\/\\\/elmeistrai.lt\\\/kompiuteriu-remontas\\\/apipiltu-kompiuteriu-valymas-remontas\\\/#primaryimage\",\"url\":\"https:\\\/\\\/elmeistrai.lt\\\/wp-content\\\/uploads\\\/2022\\\/11\\\/gerimas-prie-kompiuterio.jpg\",\"contentUrl\":\"https:\\\/\\\/elmeistrai.lt\\\/wp-content\\\/uploads\\\/2022\\\/11\\\/gerimas-prie-kompiuterio.jpg\"},{\"@type\":\"BreadcrumbList\",\"@id\":\"https:\\\/\\\/elmeistrai.lt\\\/kompiuteriu-remontas\\\/apipiltu-kompiuteriu-valymas-remontas\\\/#breadcrumb\",\"itemListElement\":[{\"@type\":\"ListItem\",\"position\":1,\"name\":\"Home\",\"item\":\"https:\\\/\\\/elmeistrai.lt\\\/\"},{\"@type\":\"ListItem\",\"position\":2,\"name\":\"Profesionalus kompiuteri\u0173 remontas Vilniuje, Kaune, Klaip\u0117doje ir \u0160iauliuose\",\"item\":\"https:\\\/\\\/elmeistrai.lt\\\/kompiuteriu-remontas\\\/\"},{\"@type\":\"ListItem\",\"position\":3,\"name\":\"Apipilt\u0173 \\\/ apliet\u0173 skys\u010diais kompiuteri\u0173 valymas, remontas\"}]},{\"@type\":\"WebSite\",\"@id\":\"https:\\\/\\\/elmeistrai.lt\\\/#website\",\"url\":\"https:\\\/\\\/elmeistrai.lt\\\/\",\"name\":\"Vilniuje, Kaune, Klaip\u0117doje, \u0160iauliuose\",\"description\":\"Nam\u0173 ir verslo elektronikos prietais\u0173 remontas. Kase\u010di\u0173 pildymas.\",\"publisher\":{\"@id\":\"https:\\\/\\\/elmeistrai.lt\\\/#organization\"},\"potentialAction\":[{\"@type\":\"SearchAction\",\"target\":{\"@type\":\"EntryPoint\",\"urlTemplate\":\"https:\\\/\\\/elmeistrai.lt\\\/?s={search_term_string}\"},\"query-input\":{\"@type\":\"PropertyValueSpecification\",\"valueRequired\":true,\"valueName\":\"search_term_string\"}}],\"inLanguage\":\"fr-FR\"},{\"@type\":\"Organization\",\"@id\":\"https:\\\/\\\/elmeistrai.lt\\\/#organization\",\"name\":\"elMeistrai.lt\",\"alternateName\":\"Kavos aparat\u0173, paspirtuk\u0173, televizori\u0173, kompiuteri\u0173, telefon\u0173 ir kt. technikos remontas\",\"url\":\"https:\\\/\\\/elmeistrai.lt\\\/\",\"logo\":{\"@type\":\"ImageObject\",\"inLanguage\":\"fr-FR\",\"@id\":\"https:\\\/\\\/elmeistrai.lt\\\/#\\\/schema\\\/logo\\\/image\\\/\",\"url\":\"https:\\\/\\\/elmeistrai.lt\\\/wp-content\\\/uploads\\\/2022\\\/09\\\/elmeistrai_logo.jpg\",\"contentUrl\":\"https:\\\/\\\/elmeistrai.lt\\\/wp-content\\\/uploads\\\/2022\\\/09\\\/elmeistrai_logo.jpg\",\"width\":556,\"height\":143,\"caption\":\"elMeistrai.lt\"},\"image\":{\"@id\":\"https:\\\/\\\/elmeistrai.lt\\\/#\\\/schema\\\/logo\\\/image\\\/\"},\"sameAs\":[\"https:\\\/\\\/www.facebook.com\\\/elmeistrai.lt\\\/\"]},{\"@type\":\"Person\",\"@id\":\"https:\\\/\\\/elmeistrai.lt\\\/#\\\/schema\\\/person\\\/6363b621eb9606785f7f2ae9a52987f7\",\"name\":\"elMeistrai\",\"image\":{\"@type\":\"ImageObject\",\"inLanguage\":\"fr-FR\",\"@id\":\"https:\\\/\\\/secure.gravatar.com\\\/avatar\\\/052f2d9640381d6904c5c0676ac3cc3d7ad734def78df3657e571451cad9870d?s=96&d=mm&r=g\",\"url\":\"https:\\\/\\\/secure.gravatar.com\\\/avatar\\\/052f2d9640381d6904c5c0676ac3cc3d7ad734def78df3657e571451cad9870d?s=96&d=mm&r=g\",\"contentUrl\":\"https:\\\/\\\/secure.gravatar.com\\\/avatar\\\/052f2d9640381d6904c5c0676ac3cc3d7ad734def78df3657e571451cad9870d?s=96&d=mm&r=g\",\"caption\":\"elMeistrai\"},\"url\":\"https:\\\/\\\/elmeistrai.lt\\\/fr\\\/author\\\/yipkxe\\\/\"}]}<\/script>\n<!-- \/ Yoast SEO plugin. -->","yoast_head_json":{"title":"Apipilt\u0173 \/ apliet\u0173 skys\u010diais kompiuteri\u0173 valymas, remontas Vilniuje, Kaune, Klaip\u0117doje, \u0160iauliuose","robots":{"index":"index","follow":"follow","max-snippet":"max-snippet:-1","max-image-preview":"max-image-preview:large","max-video-preview":"max-video-preview:-1"},"canonical":"https:\/\/elmeistrai.lt\/fr\/kompiuteriu-remontas\/apipiltu-kompiuteriu-valymas-remontas\/","og_locale":"fr_FR","og_type":"article","og_title":"Apipilt\u0173 \/ apliet\u0173 skys\u010diais kompiuteri\u0173 valymas, remontas Vilniuje, Kaune, Klaip\u0117doje, \u0160iauliuose","og_description":"Viena i\u0161 da\u017eniausi\u0173 prie\u017eas\u010di\u0173, kai prireikia remonto &#8211; kompiuteris buvo aplietas skys\u010diais. Juk ant stacionaraus kompiuterio d\u0117\u017e\u0117s ar ne\u0161iojamojo kompiuterio...","og_url":"https:\/\/elmeistrai.lt\/fr\/kompiuteriu-remontas\/apipiltu-kompiuteriu-valymas-remontas\/","og_site_name":"Vilniuje, Kaune, Klaip\u0117doje, \u0160iauliuose","article_publisher":"https:\/\/www.facebook.com\/elmeistrai.lt\/","article_modified_time":"2022-11-17T09:02:18+00:00","og_image":[{"url":"https:\/\/elmeistrai.lt\/wp-content\/uploads\/2022\/11\/gerimas-prie-kompiuterio.jpg","type":"","width":"","height":""}],"twitter_card":"summary_large_image","twitter_misc":{"Dur\u00e9e de lecture estim\u00e9e":"1 minute"},"schema":{"@context":"https:\/\/schema.org","@graph":[{"@type":"NewsArticle","@id":"https:\/\/elmeistrai.lt\/kompiuteriu-remontas\/apipiltu-kompiuteriu-valymas-remontas\/#article","isPartOf":{"@id":"https:\/\/elmeistrai.lt\/kompiuteriu-remontas\/apipiltu-kompiuteriu-valymas-remontas\/"},"author":{"name":"elMeistrai","@id":"https:\/\/elmeistrai.lt\/#\/schema\/person\/6363b621eb9606785f7f2ae9a52987f7"},"headline":"Apipilt\u0173 \/ apliet\u0173 skys\u010diais kompiuteri\u0173 valymas, remontas","datePublished":"2022-11-17T09:01:35+00:00","dateModified":"2022-11-17T09:02:18+00:00","mainEntityOfPage":{"@id":"https:\/\/elmeistrai.lt\/kompiuteriu-remontas\/apipiltu-kompiuteriu-valymas-remontas\/"},"wordCount":245,"publisher":{"@id":"https:\/\/elmeistrai.lt\/#organization"},"image":{"@id":"https:\/\/elmeistrai.lt\/kompiuteriu-remontas\/apipiltu-kompiuteriu-valymas-remontas\/#primaryimage"},"thumbnailUrl":"https:\/\/elmeistrai.lt\/wp-content\/uploads\/2022\/11\/gerimas-prie-kompiuterio.jpg","inLanguage":"fr-FR"},{"@type":["WebPage","ItemPage"],"@id":"https:\/\/elmeistrai.lt\/kompiuteriu-remontas\/apipiltu-kompiuteriu-valymas-remontas\/","url":"https:\/\/elmeistrai.lt\/kompiuteriu-remontas\/apipiltu-kompiuteriu-valymas-remontas\/","name":"Apipilt\u0173 \/ apliet\u0173 skys\u010diais kompiuteri\u0173 valymas, remontas Vilniuje, Kaune, Klaip\u0117doje, \u0160iauliuose","isPartOf":{"@id":"https:\/\/elmeistrai.lt\/#website"},"primaryImageOfPage":{"@id":"https:\/\/elmeistrai.lt\/kompiuteriu-remontas\/apipiltu-kompiuteriu-valymas-remontas\/#primaryimage"},"image":{"@id":"https:\/\/elmeistrai.lt\/kompiuteriu-remontas\/apipiltu-kompiuteriu-valymas-remontas\/#primaryimage"},"thumbnailUrl":"https:\/\/elmeistrai.lt\/wp-content\/uploads\/2022\/11\/gerimas-prie-kompiuterio.jpg","datePublished":"2022-11-17T09:01:35+00:00","dateModified":"2022-11-17T09:02:18+00:00","breadcrumb":{"@id":"https:\/\/elmeistrai.lt\/kompiuteriu-remontas\/apipiltu-kompiuteriu-valymas-remontas\/#breadcrumb"},"inLanguage":"fr-FR","potentialAction":[{"@type":"ReadAction","target":["https:\/\/elmeistrai.lt\/kompiuteriu-remontas\/apipiltu-kompiuteriu-valymas-remontas\/"]}]},{"@type":"ImageObject","inLanguage":"fr-FR","@id":"https:\/\/elmeistrai.lt\/kompiuteriu-remontas\/apipiltu-kompiuteriu-valymas-remontas\/#primaryimage","url":"https:\/\/elmeistrai.lt\/wp-content\/uploads\/2022\/11\/gerimas-prie-kompiuterio.jpg","contentUrl":"https:\/\/elmeistrai.lt\/wp-content\/uploads\/2022\/11\/gerimas-prie-kompiuterio.jpg"},{"@type":"BreadcrumbList","@id":"https:\/\/elmeistrai.lt\/kompiuteriu-remontas\/apipiltu-kompiuteriu-valymas-remontas\/#breadcrumb","itemListElement":[{"@type":"ListItem","position":1,"name":"Home","item":"https:\/\/elmeistrai.lt\/"},{"@type":"ListItem","position":2,"name":"Profesionalus kompiuteri\u0173 remontas Vilniuje, Kaune, Klaip\u0117doje ir \u0160iauliuose","item":"https:\/\/elmeistrai.lt\/kompiuteriu-remontas\/"},{"@type":"ListItem","position":3,"name":"Apipilt\u0173 \/ apliet\u0173 skys\u010diais kompiuteri\u0173 valymas, remontas"}]},{"@type":"WebSite","@id":"https:\/\/elmeistrai.lt\/#website","url":"https:\/\/elmeistrai.lt\/","name":"Vilnius, Kaunas, Klaip\u0117da, \u0160iauliai","description":"R\u00e9paration d'appareils \u00e9lectroniques domestiques et professionnels. Remplissage de cartouches.","publisher":{"@id":"https:\/\/elmeistrai.lt\/#organization"},"potentialAction":[{"@type":"SearchAction","target":{"@type":"EntryPoint","urlTemplate":"https:\/\/elmeistrai.lt\/?s={search_term_string}"},"query-input":{"@type":"PropertyValueSpecification","valueRequired":true,"valueName":"search_term_string"}}],"inLanguage":"fr-FR"},{"@type":"Organization","@id":"https:\/\/elmeistrai.lt\/#organization","name":"elMeistrai.lt","alternateName":"Kavos aparat\u0173, paspirtuk\u0173, televizori\u0173, kompiuteri\u0173, telefon\u0173 ir kt. technikos remontas","url":"https:\/\/elmeistrai.lt\/","logo":{"@type":"ImageObject","inLanguage":"fr-FR","@id":"https:\/\/elmeistrai.lt\/#\/schema\/logo\/image\/","url":"https:\/\/elmeistrai.lt\/wp-content\/uploads\/2022\/09\/elmeistrai_logo.jpg","contentUrl":"https:\/\/elmeistrai.lt\/wp-content\/uploads\/2022\/09\/elmeistrai_logo.jpg","width":556,"height":143,"caption":"elMeistrai.lt"},"image":{"@id":"https:\/\/elmeistrai.lt\/#\/schema\/logo\/image\/"},"sameAs":["https:\/\/www.facebook.com\/elmeistrai.lt\/"]},{"@type":"Person","@id":"https:\/\/elmeistrai.lt\/#\/schema\/person\/6363b621eb9606785f7f2ae9a52987f7","name":"elMeistrai","image":{"@type":"ImageObject","inLanguage":"fr-FR","@id":"https:\/\/secure.gravatar.com\/avatar\/052f2d9640381d6904c5c0676ac3cc3d7ad734def78df3657e571451cad9870d?s=96&d=mm&r=g","url":"https:\/\/secure.gravatar.com\/avatar\/052f2d9640381d6904c5c0676ac3cc3d7ad734def78df3657e571451cad9870d?s=96&d=mm&r=g","contentUrl":"https:\/\/secure.gravatar.com\/avatar\/052f2d9640381d6904c5c0676ac3cc3d7ad734def78df3657e571451cad9870d?s=96&d=mm&r=g","caption":"elMeistrai"},"url":"https:\/\/elmeistrai.lt\/fr\/author\/yipkxe\/"}]}},"uagb_featured_image_src":{"full":false,"thumbnail":false,"medium":false,"medium_large":false,"large":false,"1536x1536":false,"2048x2048":false,"trp-custom-language-flag":false,"writemag-1218w-autoh-image":false,"writemag-675w-autoh-image":false,"writemag-100w-100h-image":false},"uagb_author_info":{"display_name":"elMeistrai","author_link":"https:\/\/elmeistrai.lt\/fr\/author\/yipkxe\/"},"uagb_comment_info":0,"uagb_excerpt":"Viena i\u0161 da\u017eniausi\u0173 prie\u017eas\u010di\u0173, kai prireikia remonto &#8211; kompiuteris buvo aplietas skys\u010diais. Juk ant stacionaraus kompiuterio d\u0117\u017e\u0117s ar ne\u0161iojamojo kompiuterio...","rttpg_featured_image_url":null,"rttpg_author":{"display_name":"elMeistrai","author_link":"https:\/\/elmeistrai.lt\/fr\/author\/yipkxe\/"},"rttpg_comment":0,"rttpg_category":null,"rttpg_excerpt":"Viena i\u0161 da\u017eniausi\u0173 prie\u017eas\u010di\u0173, kai prireikia remonto &#8211; kompiuteris buvo aplietas skys\u010diais. Juk ant stacionaraus kompiuterio d\u0117\u017e\u0117s ar ne\u0161iojamojo kompiuterio...","_links":{"self":[{"href":"https:\/\/elmeistrai.lt\/fr\/wp-json\/wp\/v2\/pages\/2065","targetHints":{"allow":["GET"]}}],"collection":[{"href":"https:\/\/elmeistrai.lt\/fr\/wp-json\/wp\/v2\/pages"}],"about":[{"href":"https:\/\/elmeistrai.lt\/fr\/wp-json\/wp\/v2\/types\/page"}],"author":[{"embeddable":true,"href":"https:\/\/elmeistrai.lt\/fr\/wp-json\/wp\/v2\/users\/1"}],"replies":[{"embeddable":true,"href":"https:\/\/elmeistrai.lt\/fr\/wp-json\/wp\/v2\/comments?post=2065"}],"version-history":[{"count":3,"href":"https:\/\/elmeistrai.lt\/fr\/wp-json\/wp\/v2\/pages\/2065\/revisions"}],"predecessor-version":[{"id":2069,"href":"https:\/\/elmeistrai.lt\/fr\/wp-json\/wp\/v2\/pages\/2065\/revisions\/2069"}],"up":[{"embeddable":true,"href":"https:\/\/elmeistrai.lt\/fr\/wp-json\/wp\/v2\/pages\/14"}],"wp:attachment":[{"href":"https:\/\/elmeistrai.lt\/fr\/wp-json\/wp\/v2\/media?parent=2065"}],"curies":[{"name":"wp","href":"https:\/\/api.w.org\/{rel}","templated":true}]}}