{"id":2057,"date":"2022-11-16T19:46:23","date_gmt":"2022-11-16T21:46:23","guid":{"rendered":"https:\/\/elmeistrai.lt\/?page_id=2057"},"modified":"2022-11-16T19:46:25","modified_gmt":"2022-11-16T21:46:25","slug":"kompiuteriu-ausinimo-sistemos-atnaujinimas-dulkiu-valymas","status":"publish","type":"page","link":"https:\/\/elmeistrai.lt\/fr\/kompiuteriu-remontas\/kompiuteriu-ausinimo-sistemos-atnaujinimas-dulkiu-valymas\/","title":{"rendered":"Mise \u00e0 niveau du syst\u00e8me de refroidissement des ordinateurs, d\u00e9poussi\u00e9rage"},"content":{"rendered":"<p>La cause la plus fr\u00e9quente de d\u00e9faillance des ordinateurs portables et de bureau est la surchauffe. Les ordinateurs surchauffent parce que le syst\u00e8me de refroidissement n'est pas mis \u00e0 jour \u00e0 temps. Une mise \u00e0 jour du syst\u00e8me de refroidissement implique le nettoyage de la poussi\u00e8re et d'autres salet\u00e9s et le remplacement des vieux thermoplastiques us\u00e9s de l'unit\u00e9 centrale et d'autres refroidisseurs par des nouveaux. Une inspection visuelle est effectu\u00e9e. Il est regrettable que tr\u00e8s peu d'utilisateurs prennent la peine d'effectuer une mise \u00e0 niveau pr\u00e9ventive du syst\u00e8me de refroidissement au moins une fois par an et n'y recourent que lorsque certains signes de dysfonctionnement apparaissent. Il est bon de le demander lorsque l'ordinateur vient de red\u00e9marrer, etc. Toutefois, si la proc\u00e9dure est encore retard\u00e9e, il ne s'agit g\u00e9n\u00e9ralement pas seulement d'une mise \u00e0 niveau du syst\u00e8me de refroidissement et d'un d\u00e9poussi\u00e9rage, mais aussi d'une r\u00e9paration pr\u00e9alable d'autres d\u00e9faillances caus\u00e9es par cette mise \u00e0 niveau.<\/p>\n\n\n\n<p>Il est recommand\u00e9 de nettoyer votre ordinateur et de remplacer la thermopile au moins une fois par an. Imaginez la quantit\u00e9 de poussi\u00e8re pr\u00e9sente dans notre environnement. Elle s'accumule \u00e9galement \u00e0 l'int\u00e9rieur de votre ordinateur. Mais en plus, imaginez que les cartes \u00e9lectroniques, parce qu'elles font circuler l'\u00e9lectricit\u00e9, sont comme un aimant pour la poussi\u00e8re, qu'elles attirent toutes. Lorsque la poussi\u00e8re s'accumule \u00e0 un niveau particuli\u00e8rement \u00e9lev\u00e9, les ventilateurs ne sont plus en mesure de refroidir l'ordinateur au niveau requis. De plus, un thermocouple us\u00e9 aggrave encore la situation.<\/p>\n\n\n\n<p>Les sympt\u00f4mes les plus courants qui n\u00e9cessitent une mise \u00e0 niveau imm\u00e9diate du syst\u00e8me de refroidissement de votre ordinateur :<\/p>\n\n\n\n<ul class=\"wp-block-list\">\n<li>L'ordinateur red\u00e9marre de mani\u00e8re inattendue<\/li>\n\n\n\n<li>L'ordinateur s'\u00e9teint de mani\u00e8re inattendue<\/li>\n\n\n\n<li>Augmentation du souffle audible<\/li>\n<\/ul>\n\n\n\n<p>Nous effectuons des mises \u00e0 niveau de syst\u00e8mes de refroidissement et d'autres r\u00e9parations informatiques \u00e0 Klaip\u0117da, Kaunas et Vilnius. <a href=\"\/fr\/kontaktai\/\">Nos contacts<\/a>.<\/p>\n\n\n\n<figure class=\"wp-block-image size-full\"><img loading=\"lazy\" decoding=\"async\" width=\"640\" height=\"424\" src=\"https:\/\/elmeistrai.lt\/wp-content\/uploads\/2022\/11\/dulkes-kompiuteryje.jpg\" alt=\"dulk\u0117s kompiuteryje\" class=\"wp-image-2058\" srcset=\"https:\/\/elmeistrai.lt\/wp-content\/uploads\/2022\/11\/dulkes-kompiuteryje.jpg 640w, https:\/\/elmeistrai.lt\/wp-content\/uploads\/2022\/11\/dulkes-kompiuteryje-300x199.jpg 300w\" sizes=\"auto, (max-width: 640px) 100vw, 640px\" \/><\/figure>","protected":false},"excerpt":{"rendered":"<p>La cause la plus fr\u00e9quente de d\u00e9faillance des ordinateurs portables et de bureau est la surchauffe. Les ordinateurs surchauffent parce que le syst\u00e8me de refroidissement n'est pas mis \u00e0 jour \u00e0 temps....<\/p>","protected":false},"author":1,"featured_media":0,"parent":14,"menu_order":0,"comment_status":"closed","ping_status":"closed","template":"","meta":{"_uag_custom_page_level_css":"","footnotes":""},"class_list":["post-2057","page","type-page","status-publish","hentry"],"yoast_head":"<!-- This site is optimized with the Yoast SEO plugin v27.5 - https:\/\/yoast.com\/product\/yoast-seo-wordpress\/ -->\n<title>Kompiuteri\u0173 au\u0161inimo sistemos atnaujinimas, dulki\u0173 valymas Vilniuje, Kaune, Klaip\u0117doje, \u0160iauliuose<\/title>\n<meta name=\"robots\" content=\"index, follow, max-snippet:-1, max-image-preview:large, max-video-preview:-1\" \/>\n<link rel=\"canonical\" href=\"https:\/\/elmeistrai.lt\/fr\/kompiuteriu-remontas\/kompiuteriu-ausinimo-sistemos-atnaujinimas-dulkiu-valymas\/\" \/>\n<meta property=\"og:locale\" content=\"fr_FR\" \/>\n<meta property=\"og:type\" content=\"article\" \/>\n<meta property=\"og:title\" content=\"Kompiuteri\u0173 au\u0161inimo sistemos atnaujinimas, dulki\u0173 valymas Vilniuje, Kaune, Klaip\u0117doje, \u0160iauliuose\" \/>\n<meta property=\"og:description\" content=\"Pati da\u017eniausiai prie\u017eastis d\u0117l ko sugenda ne\u0161iojamieji ir stacionar\u016bs kompiuteriai yra perkaitimas. Kompiuteriai perkaista nes laiku n\u0117ra atnaujinama au\u0161inimo sistema....\" \/>\n<meta property=\"og:url\" content=\"https:\/\/elmeistrai.lt\/fr\/kompiuteriu-remontas\/kompiuteriu-ausinimo-sistemos-atnaujinimas-dulkiu-valymas\/\" \/>\n<meta property=\"og:site_name\" content=\"Vilniuje, Kaune, Klaip\u0117doje, \u0160iauliuose\" \/>\n<meta property=\"article:publisher\" content=\"https:\/\/www.facebook.com\/elmeistrai.lt\/\" \/>\n<meta property=\"article:modified_time\" content=\"2022-11-16T21:46:25+00:00\" \/>\n<meta property=\"og:image\" content=\"https:\/\/elmeistrai.lt\/wp-content\/uploads\/2022\/11\/dulkes-kompiuteryje.jpg\" \/>\n<meta name=\"twitter:card\" content=\"summary_large_image\" \/>\n<meta name=\"twitter:label1\" content=\"Dur\u00e9e de lecture estim\u00e9e\" \/>\n\t<meta name=\"twitter:data1\" content=\"1 minute\" \/>\n<script type=\"application\/ld+json\" class=\"yoast-schema-graph\">{\"@context\":\"https:\\\/\\\/schema.org\",\"@graph\":[{\"@type\":\"NewsArticle\",\"@id\":\"https:\\\/\\\/elmeistrai.lt\\\/kompiuteriu-remontas\\\/kompiuteriu-ausinimo-sistemos-atnaujinimas-dulkiu-valymas\\\/#article\",\"isPartOf\":{\"@id\":\"https:\\\/\\\/elmeistrai.lt\\\/kompiuteriu-remontas\\\/kompiuteriu-ausinimo-sistemos-atnaujinimas-dulkiu-valymas\\\/\"},\"author\":{\"name\":\"elMeistrai\",\"@id\":\"https:\\\/\\\/elmeistrai.lt\\\/#\\\/schema\\\/person\\\/6363b621eb9606785f7f2ae9a52987f7\"},\"headline\":\"Kompiuteri\u0173 au\u0161inimo sistemos atnaujinimas, dulki\u0173 valymas\",\"datePublished\":\"2022-11-16T21:46:23+00:00\",\"dateModified\":\"2022-11-16T21:46:25+00:00\",\"mainEntityOfPage\":{\"@id\":\"https:\\\/\\\/elmeistrai.lt\\\/kompiuteriu-remontas\\\/kompiuteriu-ausinimo-sistemos-atnaujinimas-dulkiu-valymas\\\/\"},\"wordCount\":262,\"publisher\":{\"@id\":\"https:\\\/\\\/elmeistrai.lt\\\/#organization\"},\"image\":{\"@id\":\"https:\\\/\\\/elmeistrai.lt\\\/kompiuteriu-remontas\\\/kompiuteriu-ausinimo-sistemos-atnaujinimas-dulkiu-valymas\\\/#primaryimage\"},\"thumbnailUrl\":\"https:\\\/\\\/elmeistrai.lt\\\/wp-content\\\/uploads\\\/2022\\\/11\\\/dulkes-kompiuteryje.jpg\",\"inLanguage\":\"fr-FR\"},{\"@type\":[\"WebPage\",\"ItemPage\"],\"@id\":\"https:\\\/\\\/elmeistrai.lt\\\/kompiuteriu-remontas\\\/kompiuteriu-ausinimo-sistemos-atnaujinimas-dulkiu-valymas\\\/\",\"url\":\"https:\\\/\\\/elmeistrai.lt\\\/kompiuteriu-remontas\\\/kompiuteriu-ausinimo-sistemos-atnaujinimas-dulkiu-valymas\\\/\",\"name\":\"Kompiuteri\u0173 au\u0161inimo sistemos atnaujinimas, dulki\u0173 valymas Vilniuje, Kaune, Klaip\u0117doje, \u0160iauliuose\",\"isPartOf\":{\"@id\":\"https:\\\/\\\/elmeistrai.lt\\\/#website\"},\"primaryImageOfPage\":{\"@id\":\"https:\\\/\\\/elmeistrai.lt\\\/kompiuteriu-remontas\\\/kompiuteriu-ausinimo-sistemos-atnaujinimas-dulkiu-valymas\\\/#primaryimage\"},\"image\":{\"@id\":\"https:\\\/\\\/elmeistrai.lt\\\/kompiuteriu-remontas\\\/kompiuteriu-ausinimo-sistemos-atnaujinimas-dulkiu-valymas\\\/#primaryimage\"},\"thumbnailUrl\":\"https:\\\/\\\/elmeistrai.lt\\\/wp-content\\\/uploads\\\/2022\\\/11\\\/dulkes-kompiuteryje.jpg\",\"datePublished\":\"2022-11-16T21:46:23+00:00\",\"dateModified\":\"2022-11-16T21:46:25+00:00\",\"breadcrumb\":{\"@id\":\"https:\\\/\\\/elmeistrai.lt\\\/kompiuteriu-remontas\\\/kompiuteriu-ausinimo-sistemos-atnaujinimas-dulkiu-valymas\\\/#breadcrumb\"},\"inLanguage\":\"fr-FR\",\"potentialAction\":[{\"@type\":\"ReadAction\",\"target\":[\"https:\\\/\\\/elmeistrai.lt\\\/kompiuteriu-remontas\\\/kompiuteriu-ausinimo-sistemos-atnaujinimas-dulkiu-valymas\\\/\"]}]},{\"@type\":\"ImageObject\",\"inLanguage\":\"fr-FR\",\"@id\":\"https:\\\/\\\/elmeistrai.lt\\\/kompiuteriu-remontas\\\/kompiuteriu-ausinimo-sistemos-atnaujinimas-dulkiu-valymas\\\/#primaryimage\",\"url\":\"https:\\\/\\\/elmeistrai.lt\\\/wp-content\\\/uploads\\\/2022\\\/11\\\/dulkes-kompiuteryje.jpg\",\"contentUrl\":\"https:\\\/\\\/elmeistrai.lt\\\/wp-content\\\/uploads\\\/2022\\\/11\\\/dulkes-kompiuteryje.jpg\"},{\"@type\":\"BreadcrumbList\",\"@id\":\"https:\\\/\\\/elmeistrai.lt\\\/kompiuteriu-remontas\\\/kompiuteriu-ausinimo-sistemos-atnaujinimas-dulkiu-valymas\\\/#breadcrumb\",\"itemListElement\":[{\"@type\":\"ListItem\",\"position\":1,\"name\":\"Home\",\"item\":\"https:\\\/\\\/elmeistrai.lt\\\/\"},{\"@type\":\"ListItem\",\"position\":2,\"name\":\"Profesionalus kompiuteri\u0173 remontas Vilniuje, Kaune, Klaip\u0117doje ir \u0160iauliuose\",\"item\":\"https:\\\/\\\/elmeistrai.lt\\\/kompiuteriu-remontas\\\/\"},{\"@type\":\"ListItem\",\"position\":3,\"name\":\"Kompiuteri\u0173 au\u0161inimo sistemos atnaujinimas, dulki\u0173 valymas\"}]},{\"@type\":\"WebSite\",\"@id\":\"https:\\\/\\\/elmeistrai.lt\\\/#website\",\"url\":\"https:\\\/\\\/elmeistrai.lt\\\/\",\"name\":\"Vilniuje, Kaune, Klaip\u0117doje, \u0160iauliuose\",\"description\":\"Nam\u0173 ir verslo elektronikos prietais\u0173 remontas. Kase\u010di\u0173 pildymas.\",\"publisher\":{\"@id\":\"https:\\\/\\\/elmeistrai.lt\\\/#organization\"},\"potentialAction\":[{\"@type\":\"SearchAction\",\"target\":{\"@type\":\"EntryPoint\",\"urlTemplate\":\"https:\\\/\\\/elmeistrai.lt\\\/?s={search_term_string}\"},\"query-input\":{\"@type\":\"PropertyValueSpecification\",\"valueRequired\":true,\"valueName\":\"search_term_string\"}}],\"inLanguage\":\"fr-FR\"},{\"@type\":\"Organization\",\"@id\":\"https:\\\/\\\/elmeistrai.lt\\\/#organization\",\"name\":\"elMeistrai.lt\",\"alternateName\":\"Kavos aparat\u0173, paspirtuk\u0173, televizori\u0173, kompiuteri\u0173, telefon\u0173 ir kt. technikos remontas\",\"url\":\"https:\\\/\\\/elmeistrai.lt\\\/\",\"logo\":{\"@type\":\"ImageObject\",\"inLanguage\":\"fr-FR\",\"@id\":\"https:\\\/\\\/elmeistrai.lt\\\/#\\\/schema\\\/logo\\\/image\\\/\",\"url\":\"https:\\\/\\\/elmeistrai.lt\\\/wp-content\\\/uploads\\\/2022\\\/09\\\/elmeistrai_logo.jpg\",\"contentUrl\":\"https:\\\/\\\/elmeistrai.lt\\\/wp-content\\\/uploads\\\/2022\\\/09\\\/elmeistrai_logo.jpg\",\"width\":556,\"height\":143,\"caption\":\"elMeistrai.lt\"},\"image\":{\"@id\":\"https:\\\/\\\/elmeistrai.lt\\\/#\\\/schema\\\/logo\\\/image\\\/\"},\"sameAs\":[\"https:\\\/\\\/www.facebook.com\\\/elmeistrai.lt\\\/\"]},{\"@type\":\"Person\",\"@id\":\"https:\\\/\\\/elmeistrai.lt\\\/#\\\/schema\\\/person\\\/6363b621eb9606785f7f2ae9a52987f7\",\"name\":\"elMeistrai\",\"image\":{\"@type\":\"ImageObject\",\"inLanguage\":\"fr-FR\",\"@id\":\"https:\\\/\\\/secure.gravatar.com\\\/avatar\\\/052f2d9640381d6904c5c0676ac3cc3d7ad734def78df3657e571451cad9870d?s=96&d=mm&r=g\",\"url\":\"https:\\\/\\\/secure.gravatar.com\\\/avatar\\\/052f2d9640381d6904c5c0676ac3cc3d7ad734def78df3657e571451cad9870d?s=96&d=mm&r=g\",\"contentUrl\":\"https:\\\/\\\/secure.gravatar.com\\\/avatar\\\/052f2d9640381d6904c5c0676ac3cc3d7ad734def78df3657e571451cad9870d?s=96&d=mm&r=g\",\"caption\":\"elMeistrai\"},\"url\":\"https:\\\/\\\/elmeistrai.lt\\\/fr\\\/author\\\/yipkxe\\\/\"}]}<\/script>\n<!-- \/ Yoast SEO plugin. -->","yoast_head_json":{"title":"Modernisation du syst\u00e8me de refroidissement des ordinateurs, d\u00e9poussi\u00e9rage \u00e0 Vilnius, Kaunas, Klaip\u0117da, \u0160iauliai","robots":{"index":"index","follow":"follow","max-snippet":"max-snippet:-1","max-image-preview":"max-image-preview:large","max-video-preview":"max-video-preview:-1"},"canonical":"https:\/\/elmeistrai.lt\/fr\/kompiuteriu-remontas\/kompiuteriu-ausinimo-sistemos-atnaujinimas-dulkiu-valymas\/","og_locale":"fr_FR","og_type":"article","og_title":"Kompiuteri\u0173 au\u0161inimo sistemos atnaujinimas, dulki\u0173 valymas Vilniuje, Kaune, Klaip\u0117doje, \u0160iauliuose","og_description":"Pati da\u017eniausiai prie\u017eastis d\u0117l ko sugenda ne\u0161iojamieji ir stacionar\u016bs kompiuteriai yra perkaitimas. Kompiuteriai perkaista nes laiku n\u0117ra atnaujinama au\u0161inimo sistema....","og_url":"https:\/\/elmeistrai.lt\/fr\/kompiuteriu-remontas\/kompiuteriu-ausinimo-sistemos-atnaujinimas-dulkiu-valymas\/","og_site_name":"Vilniuje, Kaune, Klaip\u0117doje, \u0160iauliuose","article_publisher":"https:\/\/www.facebook.com\/elmeistrai.lt\/","article_modified_time":"2022-11-16T21:46:25+00:00","og_image":[{"url":"https:\/\/elmeistrai.lt\/wp-content\/uploads\/2022\/11\/dulkes-kompiuteryje.jpg","type":"","width":"","height":""}],"twitter_card":"summary_large_image","twitter_misc":{"Dur\u00e9e de lecture estim\u00e9e":"1 minute"},"schema":{"@context":"https:\/\/schema.org","@graph":[{"@type":"NewsArticle","@id":"https:\/\/elmeistrai.lt\/kompiuteriu-remontas\/kompiuteriu-ausinimo-sistemos-atnaujinimas-dulkiu-valymas\/#article","isPartOf":{"@id":"https:\/\/elmeistrai.lt\/kompiuteriu-remontas\/kompiuteriu-ausinimo-sistemos-atnaujinimas-dulkiu-valymas\/"},"author":{"name":"elMeistrai","@id":"https:\/\/elmeistrai.lt\/#\/schema\/person\/6363b621eb9606785f7f2ae9a52987f7"},"headline":"Kompiuteri\u0173 au\u0161inimo sistemos atnaujinimas, dulki\u0173 valymas","datePublished":"2022-11-16T21:46:23+00:00","dateModified":"2022-11-16T21:46:25+00:00","mainEntityOfPage":{"@id":"https:\/\/elmeistrai.lt\/kompiuteriu-remontas\/kompiuteriu-ausinimo-sistemos-atnaujinimas-dulkiu-valymas\/"},"wordCount":262,"publisher":{"@id":"https:\/\/elmeistrai.lt\/#organization"},"image":{"@id":"https:\/\/elmeistrai.lt\/kompiuteriu-remontas\/kompiuteriu-ausinimo-sistemos-atnaujinimas-dulkiu-valymas\/#primaryimage"},"thumbnailUrl":"https:\/\/elmeistrai.lt\/wp-content\/uploads\/2022\/11\/dulkes-kompiuteryje.jpg","inLanguage":"fr-FR"},{"@type":["WebPage","ItemPage"],"@id":"https:\/\/elmeistrai.lt\/kompiuteriu-remontas\/kompiuteriu-ausinimo-sistemos-atnaujinimas-dulkiu-valymas\/","url":"https:\/\/elmeistrai.lt\/kompiuteriu-remontas\/kompiuteriu-ausinimo-sistemos-atnaujinimas-dulkiu-valymas\/","name":"Modernisation du syst\u00e8me de refroidissement des ordinateurs, d\u00e9poussi\u00e9rage \u00e0 Vilnius, Kaunas, Klaip\u0117da, \u0160iauliai","isPartOf":{"@id":"https:\/\/elmeistrai.lt\/#website"},"primaryImageOfPage":{"@id":"https:\/\/elmeistrai.lt\/kompiuteriu-remontas\/kompiuteriu-ausinimo-sistemos-atnaujinimas-dulkiu-valymas\/#primaryimage"},"image":{"@id":"https:\/\/elmeistrai.lt\/kompiuteriu-remontas\/kompiuteriu-ausinimo-sistemos-atnaujinimas-dulkiu-valymas\/#primaryimage"},"thumbnailUrl":"https:\/\/elmeistrai.lt\/wp-content\/uploads\/2022\/11\/dulkes-kompiuteryje.jpg","datePublished":"2022-11-16T21:46:23+00:00","dateModified":"2022-11-16T21:46:25+00:00","breadcrumb":{"@id":"https:\/\/elmeistrai.lt\/kompiuteriu-remontas\/kompiuteriu-ausinimo-sistemos-atnaujinimas-dulkiu-valymas\/#breadcrumb"},"inLanguage":"fr-FR","potentialAction":[{"@type":"ReadAction","target":["https:\/\/elmeistrai.lt\/kompiuteriu-remontas\/kompiuteriu-ausinimo-sistemos-atnaujinimas-dulkiu-valymas\/"]}]},{"@type":"ImageObject","inLanguage":"fr-FR","@id":"https:\/\/elmeistrai.lt\/kompiuteriu-remontas\/kompiuteriu-ausinimo-sistemos-atnaujinimas-dulkiu-valymas\/#primaryimage","url":"https:\/\/elmeistrai.lt\/wp-content\/uploads\/2022\/11\/dulkes-kompiuteryje.jpg","contentUrl":"https:\/\/elmeistrai.lt\/wp-content\/uploads\/2022\/11\/dulkes-kompiuteryje.jpg"},{"@type":"BreadcrumbList","@id":"https:\/\/elmeistrai.lt\/kompiuteriu-remontas\/kompiuteriu-ausinimo-sistemos-atnaujinimas-dulkiu-valymas\/#breadcrumb","itemListElement":[{"@type":"ListItem","position":1,"name":"Home","item":"https:\/\/elmeistrai.lt\/"},{"@type":"ListItem","position":2,"name":"Profesionalus kompiuteri\u0173 remontas Vilniuje, Kaune, Klaip\u0117doje ir \u0160iauliuose","item":"https:\/\/elmeistrai.lt\/kompiuteriu-remontas\/"},{"@type":"ListItem","position":3,"name":"Kompiuteri\u0173 au\u0161inimo sistemos atnaujinimas, dulki\u0173 valymas"}]},{"@type":"WebSite","@id":"https:\/\/elmeistrai.lt\/#website","url":"https:\/\/elmeistrai.lt\/","name":"Vilnius, Kaunas, Klaip\u0117da, \u0160iauliai","description":"R\u00e9paration d'appareils \u00e9lectroniques domestiques et professionnels. Remplissage de cartouches.","publisher":{"@id":"https:\/\/elmeistrai.lt\/#organization"},"potentialAction":[{"@type":"SearchAction","target":{"@type":"EntryPoint","urlTemplate":"https:\/\/elmeistrai.lt\/?s={search_term_string}"},"query-input":{"@type":"PropertyValueSpecification","valueRequired":true,"valueName":"search_term_string"}}],"inLanguage":"fr-FR"},{"@type":"Organization","@id":"https:\/\/elmeistrai.lt\/#organization","name":"elMeistrai.lt","alternateName":"Kavos aparat\u0173, paspirtuk\u0173, televizori\u0173, kompiuteri\u0173, telefon\u0173 ir kt. technikos remontas","url":"https:\/\/elmeistrai.lt\/","logo":{"@type":"ImageObject","inLanguage":"fr-FR","@id":"https:\/\/elmeistrai.lt\/#\/schema\/logo\/image\/","url":"https:\/\/elmeistrai.lt\/wp-content\/uploads\/2022\/09\/elmeistrai_logo.jpg","contentUrl":"https:\/\/elmeistrai.lt\/wp-content\/uploads\/2022\/09\/elmeistrai_logo.jpg","width":556,"height":143,"caption":"elMeistrai.lt"},"image":{"@id":"https:\/\/elmeistrai.lt\/#\/schema\/logo\/image\/"},"sameAs":["https:\/\/www.facebook.com\/elmeistrai.lt\/"]},{"@type":"Person","@id":"https:\/\/elmeistrai.lt\/#\/schema\/person\/6363b621eb9606785f7f2ae9a52987f7","name":"elMeistrai","image":{"@type":"ImageObject","inLanguage":"fr-FR","@id":"https:\/\/secure.gravatar.com\/avatar\/052f2d9640381d6904c5c0676ac3cc3d7ad734def78df3657e571451cad9870d?s=96&d=mm&r=g","url":"https:\/\/secure.gravatar.com\/avatar\/052f2d9640381d6904c5c0676ac3cc3d7ad734def78df3657e571451cad9870d?s=96&d=mm&r=g","contentUrl":"https:\/\/secure.gravatar.com\/avatar\/052f2d9640381d6904c5c0676ac3cc3d7ad734def78df3657e571451cad9870d?s=96&d=mm&r=g","caption":"elMeistrai"},"url":"https:\/\/elmeistrai.lt\/fr\/author\/yipkxe\/"}]}},"uagb_featured_image_src":{"full":false,"thumbnail":false,"medium":false,"medium_large":false,"large":false,"1536x1536":false,"2048x2048":false,"trp-custom-language-flag":false,"writemag-1218w-autoh-image":false,"writemag-675w-autoh-image":false,"writemag-100w-100h-image":false},"uagb_author_info":{"display_name":"elMeistrai","author_link":"https:\/\/elmeistrai.lt\/fr\/author\/yipkxe\/"},"uagb_comment_info":0,"uagb_excerpt":"Pati da\u017eniausiai prie\u017eastis d\u0117l ko sugenda ne\u0161iojamieji ir stacionar\u016bs kompiuteriai yra perkaitimas. Kompiuteriai perkaista nes laiku n\u0117ra atnaujinama au\u0161inimo sistema....","rttpg_featured_image_url":null,"rttpg_author":{"display_name":"elMeistrai","author_link":"https:\/\/elmeistrai.lt\/fr\/author\/yipkxe\/"},"rttpg_comment":0,"rttpg_category":null,"rttpg_excerpt":"Pati da\u017eniausiai prie\u017eastis d\u0117l ko sugenda ne\u0161iojamieji ir stacionar\u016bs kompiuteriai yra perkaitimas. Kompiuteriai perkaista nes laiku n\u0117ra atnaujinama au\u0161inimo sistema....","_links":{"self":[{"href":"https:\/\/elmeistrai.lt\/fr\/wp-json\/wp\/v2\/pages\/2057","targetHints":{"allow":["GET"]}}],"collection":[{"href":"https:\/\/elmeistrai.lt\/fr\/wp-json\/wp\/v2\/pages"}],"about":[{"href":"https:\/\/elmeistrai.lt\/fr\/wp-json\/wp\/v2\/types\/page"}],"author":[{"embeddable":true,"href":"https:\/\/elmeistrai.lt\/fr\/wp-json\/wp\/v2\/users\/1"}],"replies":[{"embeddable":true,"href":"https:\/\/elmeistrai.lt\/fr\/wp-json\/wp\/v2\/comments?post=2057"}],"version-history":[{"count":1,"href":"https:\/\/elmeistrai.lt\/fr\/wp-json\/wp\/v2\/pages\/2057\/revisions"}],"predecessor-version":[{"id":2059,"href":"https:\/\/elmeistrai.lt\/fr\/wp-json\/wp\/v2\/pages\/2057\/revisions\/2059"}],"up":[{"embeddable":true,"href":"https:\/\/elmeistrai.lt\/fr\/wp-json\/wp\/v2\/pages\/14"}],"wp:attachment":[{"href":"https:\/\/elmeistrai.lt\/fr\/wp-json\/wp\/v2\/media?parent=2057"}],"curies":[{"name":"wp","href":"https:\/\/api.w.org\/{rel}","templated":true}]}}