{"id":1985,"date":"2022-09-29T18:54:18","date_gmt":"2022-09-29T20:54:18","guid":{"rendered":"https:\/\/elmeistrai.lt\/?page_id=1985"},"modified":"2022-09-29T19:01:31","modified_gmt":"2022-09-29T21:01:31","slug":"pamirstu-kompiuterio-bios-ir-windows-slaptazodziu-atkurimas","status":"publish","type":"page","link":"https:\/\/elmeistrai.lt\/fr\/kompiuteriu-remontas\/pamirstu-kompiuterio-bios-ir-windows-slaptazodziu-atkurimas\/","title":{"rendered":"R\u00e9cup\u00e9rer les mots de passe BIOS et Windows oubli\u00e9s"},"content":{"rendered":"<p>Le mot de passe BIOS\/CMOS\/EFI est le mot de passe sans lequel il n'est m\u00eame pas possible de d\u00e9marrer le syst\u00e8me d'exploitation (par ex. <em>Fen\u00eatres<\/em>). Dans ce cas, pour les ordinateurs de bureau, le probl\u00e8me est g\u00e9n\u00e9ralement r\u00e9solu tr\u00e8s simplement : sur les ordinateurs plus anciens, retirez la batterie de l'horloge de la carte m\u00e8re, attendez 10 \u00e0 15 minutes et restaurez les param\u00e8tres d'usine. Dans les versions plus r\u00e9centes, certains raccourcis sont recherch\u00e9s sur la carte m\u00e8re (<em>Jumpers<\/em>), dont la combinaison est r\u00e9initialis\u00e9e aux param\u00e8tres d'usine. Toutefois, les versions les plus modernes des cartes, souvent con\u00e7ues pour un usage professionnel, pr\u00e9sentent le niveau de protection le plus \u00e9lev\u00e9. Cette protection est \u00e9galement couramment appliqu\u00e9e aux ordinateurs portables. Le retrait des piles de la montre ou les courts-circuits ne sont d'aucune utilit\u00e9. Dans ce cas, la puce du BIOS CMOS doit \u00eatre soud\u00e9e et reprogramm\u00e9e, voire remplac\u00e9e par une nouvelle. Pour certains mod\u00e8les d'ordinateurs, il est encore possible de g\u00e9n\u00e9rer un mot de passe de r\u00e9cup\u00e9ration \u00e0 l'aide de programmes sp\u00e9ciaux ou en contactant directement le fabricant.<\/p>\n\n\n\n<p>Si le syst\u00e8me d'exploitation est oubli\u00e9 (<em>Windows \/ MacOs \/ Linux<\/em>) mot de passe utilisateur Dans certains cas, \u00e0 l'aide de programmes sp\u00e9ciaux ou en se connectant en mode administrateur, il peut \u00eatre supprim\u00e9 sans restaurer le syst\u00e8me d'exploitation. Toutefois, dans le pire des cas, il peut s'av\u00e9rer n\u00e9cessaire de r\u00e9installer ou d'installer le syst\u00e8me d'exploitation. <a href=\"\/fr\/kompiuteriu-remontas\/operaciniu-sistemu-windows-ir-kt-perinstaliavimas-perdiegimas\/\">restaurer votre syst\u00e8me d'exploitation<\/a> encore une fois.<\/p>\n\n\n\n<figure class=\"wp-block-image size-full\"><img loading=\"lazy\" decoding=\"async\" width=\"640\" height=\"426\" src=\"https:\/\/elmeistrai.lt\/wp-content\/uploads\/2022\/09\/Kompiuterio-slaptazodis.jpg\" alt=\"Kompiuterio slapta\u017eodis\" class=\"wp-image-1988\" srcset=\"https:\/\/elmeistrai.lt\/wp-content\/uploads\/2022\/09\/Kompiuterio-slaptazodis.jpg 640w, https:\/\/elmeistrai.lt\/wp-content\/uploads\/2022\/09\/Kompiuterio-slaptazodis-300x200.jpg 300w\" sizes=\"auto, (max-width: 640px) 100vw, 640px\" \/><\/figure>","protected":false},"excerpt":{"rendered":"<p>Le mot de passe BIOS\/CMOS\/EFI est un mot de passe sans lequel il n'est m\u00eame pas possible de d\u00e9marrer un syst\u00e8me d'exploitation (par exemple Windows). Dans ce cas...<\/p>","protected":false},"author":1,"featured_media":0,"parent":14,"menu_order":0,"comment_status":"closed","ping_status":"closed","template":"","meta":{"_uag_custom_page_level_css":"","footnotes":""},"class_list":["post-1985","page","type-page","status-publish","hentry"],"yoast_head":"<!-- This site is optimized with the Yoast SEO plugin v27.5 - https:\/\/yoast.com\/product\/yoast-seo-wordpress\/ -->\n<title>Pamir\u0161t\u0173 kompiuterio BIOS ir Windows slapta\u017eod\u017ei\u0173 atk\u016brimas Vilniuje, Kaune, Klaip\u0117doje, \u0160iauliuose<\/title>\n<meta name=\"robots\" content=\"index, follow, max-snippet:-1, max-image-preview:large, max-video-preview:-1\" \/>\n<link rel=\"canonical\" href=\"https:\/\/elmeistrai.lt\/fr\/kompiuteriu-remontas\/pamirstu-kompiuterio-bios-ir-windows-slaptazodziu-atkurimas\/\" \/>\n<meta property=\"og:locale\" content=\"fr_FR\" \/>\n<meta property=\"og:type\" content=\"article\" \/>\n<meta property=\"og:title\" content=\"Pamir\u0161t\u0173 kompiuterio BIOS ir Windows slapta\u017eod\u017ei\u0173 atk\u016brimas Vilniuje, Kaune, Klaip\u0117doje, \u0160iauliuose\" \/>\n<meta property=\"og:description\" content=\"BIOS \/ CMOS \/ EFI slapta\u017eodis yra slapta\u017eodis, be kurio net n\u0117ra galimyb\u0117s u\u017ekrauti operacin\u0117s sistemos (pvz. Windows). Tokiu atveju...\" \/>\n<meta property=\"og:url\" content=\"https:\/\/elmeistrai.lt\/fr\/kompiuteriu-remontas\/pamirstu-kompiuterio-bios-ir-windows-slaptazodziu-atkurimas\/\" \/>\n<meta property=\"og:site_name\" content=\"Vilniuje, Kaune, Klaip\u0117doje, \u0160iauliuose\" \/>\n<meta property=\"article:publisher\" content=\"https:\/\/www.facebook.com\/elmeistrai.lt\/\" \/>\n<meta property=\"article:modified_time\" content=\"2022-09-29T21:01:31+00:00\" \/>\n<meta property=\"og:image\" content=\"https:\/\/elmeistrai.lt\/wp-content\/uploads\/2022\/09\/Kompiuterio-slaptazodis.jpg\" \/>\n<meta name=\"twitter:card\" content=\"summary_large_image\" \/>\n<meta name=\"twitter:label1\" content=\"Dur\u00e9e de lecture estim\u00e9e\" \/>\n\t<meta name=\"twitter:data1\" content=\"1 minute\" \/>\n<script type=\"application\/ld+json\" class=\"yoast-schema-graph\">{\"@context\":\"https:\\\/\\\/schema.org\",\"@graph\":[{\"@type\":\"NewsArticle\",\"@id\":\"https:\\\/\\\/elmeistrai.lt\\\/kompiuteriu-remontas\\\/pamirstu-kompiuterio-bios-ir-windows-slaptazodziu-atkurimas\\\/#article\",\"isPartOf\":{\"@id\":\"https:\\\/\\\/elmeistrai.lt\\\/kompiuteriu-remontas\\\/pamirstu-kompiuterio-bios-ir-windows-slaptazodziu-atkurimas\\\/\"},\"author\":{\"name\":\"elMeistrai\",\"@id\":\"https:\\\/\\\/elmeistrai.lt\\\/#\\\/schema\\\/person\\\/6363b621eb9606785f7f2ae9a52987f7\"},\"headline\":\"Pamir\u0161t\u0173 kompiuterio BIOS ir Windows slapta\u017eod\u017ei\u0173 atk\u016brimas\",\"datePublished\":\"2022-09-29T20:54:18+00:00\",\"dateModified\":\"2022-09-29T21:01:31+00:00\",\"mainEntityOfPage\":{\"@id\":\"https:\\\/\\\/elmeistrai.lt\\\/kompiuteriu-remontas\\\/pamirstu-kompiuterio-bios-ir-windows-slaptazodziu-atkurimas\\\/\"},\"wordCount\":201,\"publisher\":{\"@id\":\"https:\\\/\\\/elmeistrai.lt\\\/#organization\"},\"image\":{\"@id\":\"https:\\\/\\\/elmeistrai.lt\\\/kompiuteriu-remontas\\\/pamirstu-kompiuterio-bios-ir-windows-slaptazodziu-atkurimas\\\/#primaryimage\"},\"thumbnailUrl\":\"https:\\\/\\\/elmeistrai.lt\\\/wp-content\\\/uploads\\\/2022\\\/09\\\/Kompiuterio-slaptazodis.jpg\",\"inLanguage\":\"fr-FR\"},{\"@type\":[\"WebPage\",\"ItemPage\"],\"@id\":\"https:\\\/\\\/elmeistrai.lt\\\/kompiuteriu-remontas\\\/pamirstu-kompiuterio-bios-ir-windows-slaptazodziu-atkurimas\\\/\",\"url\":\"https:\\\/\\\/elmeistrai.lt\\\/kompiuteriu-remontas\\\/pamirstu-kompiuterio-bios-ir-windows-slaptazodziu-atkurimas\\\/\",\"name\":\"Pamir\u0161t\u0173 kompiuterio BIOS ir Windows slapta\u017eod\u017ei\u0173 atk\u016brimas Vilniuje, Kaune, Klaip\u0117doje, \u0160iauliuose\",\"isPartOf\":{\"@id\":\"https:\\\/\\\/elmeistrai.lt\\\/#website\"},\"primaryImageOfPage\":{\"@id\":\"https:\\\/\\\/elmeistrai.lt\\\/kompiuteriu-remontas\\\/pamirstu-kompiuterio-bios-ir-windows-slaptazodziu-atkurimas\\\/#primaryimage\"},\"image\":{\"@id\":\"https:\\\/\\\/elmeistrai.lt\\\/kompiuteriu-remontas\\\/pamirstu-kompiuterio-bios-ir-windows-slaptazodziu-atkurimas\\\/#primaryimage\"},\"thumbnailUrl\":\"https:\\\/\\\/elmeistrai.lt\\\/wp-content\\\/uploads\\\/2022\\\/09\\\/Kompiuterio-slaptazodis.jpg\",\"datePublished\":\"2022-09-29T20:54:18+00:00\",\"dateModified\":\"2022-09-29T21:01:31+00:00\",\"breadcrumb\":{\"@id\":\"https:\\\/\\\/elmeistrai.lt\\\/kompiuteriu-remontas\\\/pamirstu-kompiuterio-bios-ir-windows-slaptazodziu-atkurimas\\\/#breadcrumb\"},\"inLanguage\":\"fr-FR\",\"potentialAction\":[{\"@type\":\"ReadAction\",\"target\":[\"https:\\\/\\\/elmeistrai.lt\\\/kompiuteriu-remontas\\\/pamirstu-kompiuterio-bios-ir-windows-slaptazodziu-atkurimas\\\/\"]}]},{\"@type\":\"ImageObject\",\"inLanguage\":\"fr-FR\",\"@id\":\"https:\\\/\\\/elmeistrai.lt\\\/kompiuteriu-remontas\\\/pamirstu-kompiuterio-bios-ir-windows-slaptazodziu-atkurimas\\\/#primaryimage\",\"url\":\"https:\\\/\\\/elmeistrai.lt\\\/wp-content\\\/uploads\\\/2022\\\/09\\\/Kompiuterio-slaptazodis.jpg\",\"contentUrl\":\"https:\\\/\\\/elmeistrai.lt\\\/wp-content\\\/uploads\\\/2022\\\/09\\\/Kompiuterio-slaptazodis.jpg\"},{\"@type\":\"BreadcrumbList\",\"@id\":\"https:\\\/\\\/elmeistrai.lt\\\/kompiuteriu-remontas\\\/pamirstu-kompiuterio-bios-ir-windows-slaptazodziu-atkurimas\\\/#breadcrumb\",\"itemListElement\":[{\"@type\":\"ListItem\",\"position\":1,\"name\":\"Home\",\"item\":\"https:\\\/\\\/elmeistrai.lt\\\/\"},{\"@type\":\"ListItem\",\"position\":2,\"name\":\"Profesionalus kompiuteri\u0173 remontas Vilniuje, Kaune, Klaip\u0117doje ir \u0160iauliuose\",\"item\":\"https:\\\/\\\/elmeistrai.lt\\\/kompiuteriu-remontas\\\/\"},{\"@type\":\"ListItem\",\"position\":3,\"name\":\"Pamir\u0161t\u0173 kompiuterio BIOS ir Windows slapta\u017eod\u017ei\u0173 atk\u016brimas\"}]},{\"@type\":\"WebSite\",\"@id\":\"https:\\\/\\\/elmeistrai.lt\\\/#website\",\"url\":\"https:\\\/\\\/elmeistrai.lt\\\/\",\"name\":\"Vilniuje, Kaune, Klaip\u0117doje, \u0160iauliuose\",\"description\":\"Nam\u0173 ir verslo elektronikos prietais\u0173 remontas. Kase\u010di\u0173 pildymas.\",\"publisher\":{\"@id\":\"https:\\\/\\\/elmeistrai.lt\\\/#organization\"},\"potentialAction\":[{\"@type\":\"SearchAction\",\"target\":{\"@type\":\"EntryPoint\",\"urlTemplate\":\"https:\\\/\\\/elmeistrai.lt\\\/?s={search_term_string}\"},\"query-input\":{\"@type\":\"PropertyValueSpecification\",\"valueRequired\":true,\"valueName\":\"search_term_string\"}}],\"inLanguage\":\"fr-FR\"},{\"@type\":\"Organization\",\"@id\":\"https:\\\/\\\/elmeistrai.lt\\\/#organization\",\"name\":\"elMeistrai.lt\",\"alternateName\":\"Kavos aparat\u0173, paspirtuk\u0173, televizori\u0173, kompiuteri\u0173, telefon\u0173 ir kt. technikos remontas\",\"url\":\"https:\\\/\\\/elmeistrai.lt\\\/\",\"logo\":{\"@type\":\"ImageObject\",\"inLanguage\":\"fr-FR\",\"@id\":\"https:\\\/\\\/elmeistrai.lt\\\/#\\\/schema\\\/logo\\\/image\\\/\",\"url\":\"https:\\\/\\\/elmeistrai.lt\\\/wp-content\\\/uploads\\\/2022\\\/09\\\/elmeistrai_logo.jpg\",\"contentUrl\":\"https:\\\/\\\/elmeistrai.lt\\\/wp-content\\\/uploads\\\/2022\\\/09\\\/elmeistrai_logo.jpg\",\"width\":556,\"height\":143,\"caption\":\"elMeistrai.lt\"},\"image\":{\"@id\":\"https:\\\/\\\/elmeistrai.lt\\\/#\\\/schema\\\/logo\\\/image\\\/\"},\"sameAs\":[\"https:\\\/\\\/www.facebook.com\\\/elmeistrai.lt\\\/\"]},{\"@type\":\"Person\",\"@id\":\"https:\\\/\\\/elmeistrai.lt\\\/#\\\/schema\\\/person\\\/6363b621eb9606785f7f2ae9a52987f7\",\"name\":\"elMeistrai\",\"image\":{\"@type\":\"ImageObject\",\"inLanguage\":\"fr-FR\",\"@id\":\"https:\\\/\\\/secure.gravatar.com\\\/avatar\\\/052f2d9640381d6904c5c0676ac3cc3d7ad734def78df3657e571451cad9870d?s=96&d=mm&r=g\",\"url\":\"https:\\\/\\\/secure.gravatar.com\\\/avatar\\\/052f2d9640381d6904c5c0676ac3cc3d7ad734def78df3657e571451cad9870d?s=96&d=mm&r=g\",\"contentUrl\":\"https:\\\/\\\/secure.gravatar.com\\\/avatar\\\/052f2d9640381d6904c5c0676ac3cc3d7ad734def78df3657e571451cad9870d?s=96&d=mm&r=g\",\"caption\":\"elMeistrai\"},\"url\":\"https:\\\/\\\/elmeistrai.lt\\\/fr\\\/author\\\/yipkxe\\\/\"}]}<\/script>\n<!-- \/ Yoast SEO plugin. -->","yoast_head_json":{"title":"Pamir\u0161t\u0173 kompiuterio BIOS ir Windows slapta\u017eod\u017ei\u0173 atk\u016brimas Vilniuje, Kaune, Klaip\u0117doje, \u0160iauliuose","robots":{"index":"index","follow":"follow","max-snippet":"max-snippet:-1","max-image-preview":"max-image-preview:large","max-video-preview":"max-video-preview:-1"},"canonical":"https:\/\/elmeistrai.lt\/fr\/kompiuteriu-remontas\/pamirstu-kompiuterio-bios-ir-windows-slaptazodziu-atkurimas\/","og_locale":"fr_FR","og_type":"article","og_title":"Pamir\u0161t\u0173 kompiuterio BIOS ir Windows slapta\u017eod\u017ei\u0173 atk\u016brimas Vilniuje, Kaune, Klaip\u0117doje, \u0160iauliuose","og_description":"BIOS \/ CMOS \/ EFI slapta\u017eodis yra slapta\u017eodis, be kurio net n\u0117ra galimyb\u0117s u\u017ekrauti operacin\u0117s sistemos (pvz. Windows). Tokiu atveju...","og_url":"https:\/\/elmeistrai.lt\/fr\/kompiuteriu-remontas\/pamirstu-kompiuterio-bios-ir-windows-slaptazodziu-atkurimas\/","og_site_name":"Vilniuje, Kaune, Klaip\u0117doje, \u0160iauliuose","article_publisher":"https:\/\/www.facebook.com\/elmeistrai.lt\/","article_modified_time":"2022-09-29T21:01:31+00:00","og_image":[{"url":"https:\/\/elmeistrai.lt\/wp-content\/uploads\/2022\/09\/Kompiuterio-slaptazodis.jpg","type":"","width":"","height":""}],"twitter_card":"summary_large_image","twitter_misc":{"Dur\u00e9e de lecture estim\u00e9e":"1 minute"},"schema":{"@context":"https:\/\/schema.org","@graph":[{"@type":"NewsArticle","@id":"https:\/\/elmeistrai.lt\/kompiuteriu-remontas\/pamirstu-kompiuterio-bios-ir-windows-slaptazodziu-atkurimas\/#article","isPartOf":{"@id":"https:\/\/elmeistrai.lt\/kompiuteriu-remontas\/pamirstu-kompiuterio-bios-ir-windows-slaptazodziu-atkurimas\/"},"author":{"name":"elMeistrai","@id":"https:\/\/elmeistrai.lt\/#\/schema\/person\/6363b621eb9606785f7f2ae9a52987f7"},"headline":"Pamir\u0161t\u0173 kompiuterio BIOS ir Windows slapta\u017eod\u017ei\u0173 atk\u016brimas","datePublished":"2022-09-29T20:54:18+00:00","dateModified":"2022-09-29T21:01:31+00:00","mainEntityOfPage":{"@id":"https:\/\/elmeistrai.lt\/kompiuteriu-remontas\/pamirstu-kompiuterio-bios-ir-windows-slaptazodziu-atkurimas\/"},"wordCount":201,"publisher":{"@id":"https:\/\/elmeistrai.lt\/#organization"},"image":{"@id":"https:\/\/elmeistrai.lt\/kompiuteriu-remontas\/pamirstu-kompiuterio-bios-ir-windows-slaptazodziu-atkurimas\/#primaryimage"},"thumbnailUrl":"https:\/\/elmeistrai.lt\/wp-content\/uploads\/2022\/09\/Kompiuterio-slaptazodis.jpg","inLanguage":"fr-FR"},{"@type":["WebPage","ItemPage"],"@id":"https:\/\/elmeistrai.lt\/kompiuteriu-remontas\/pamirstu-kompiuterio-bios-ir-windows-slaptazodziu-atkurimas\/","url":"https:\/\/elmeistrai.lt\/kompiuteriu-remontas\/pamirstu-kompiuterio-bios-ir-windows-slaptazodziu-atkurimas\/","name":"Pamir\u0161t\u0173 kompiuterio BIOS ir Windows slapta\u017eod\u017ei\u0173 atk\u016brimas Vilniuje, Kaune, Klaip\u0117doje, \u0160iauliuose","isPartOf":{"@id":"https:\/\/elmeistrai.lt\/#website"},"primaryImageOfPage":{"@id":"https:\/\/elmeistrai.lt\/kompiuteriu-remontas\/pamirstu-kompiuterio-bios-ir-windows-slaptazodziu-atkurimas\/#primaryimage"},"image":{"@id":"https:\/\/elmeistrai.lt\/kompiuteriu-remontas\/pamirstu-kompiuterio-bios-ir-windows-slaptazodziu-atkurimas\/#primaryimage"},"thumbnailUrl":"https:\/\/elmeistrai.lt\/wp-content\/uploads\/2022\/09\/Kompiuterio-slaptazodis.jpg","datePublished":"2022-09-29T20:54:18+00:00","dateModified":"2022-09-29T21:01:31+00:00","breadcrumb":{"@id":"https:\/\/elmeistrai.lt\/kompiuteriu-remontas\/pamirstu-kompiuterio-bios-ir-windows-slaptazodziu-atkurimas\/#breadcrumb"},"inLanguage":"fr-FR","potentialAction":[{"@type":"ReadAction","target":["https:\/\/elmeistrai.lt\/kompiuteriu-remontas\/pamirstu-kompiuterio-bios-ir-windows-slaptazodziu-atkurimas\/"]}]},{"@type":"ImageObject","inLanguage":"fr-FR","@id":"https:\/\/elmeistrai.lt\/kompiuteriu-remontas\/pamirstu-kompiuterio-bios-ir-windows-slaptazodziu-atkurimas\/#primaryimage","url":"https:\/\/elmeistrai.lt\/wp-content\/uploads\/2022\/09\/Kompiuterio-slaptazodis.jpg","contentUrl":"https:\/\/elmeistrai.lt\/wp-content\/uploads\/2022\/09\/Kompiuterio-slaptazodis.jpg"},{"@type":"BreadcrumbList","@id":"https:\/\/elmeistrai.lt\/kompiuteriu-remontas\/pamirstu-kompiuterio-bios-ir-windows-slaptazodziu-atkurimas\/#breadcrumb","itemListElement":[{"@type":"ListItem","position":1,"name":"Home","item":"https:\/\/elmeistrai.lt\/"},{"@type":"ListItem","position":2,"name":"Profesionalus kompiuteri\u0173 remontas Vilniuje, Kaune, Klaip\u0117doje ir \u0160iauliuose","item":"https:\/\/elmeistrai.lt\/kompiuteriu-remontas\/"},{"@type":"ListItem","position":3,"name":"Pamir\u0161t\u0173 kompiuterio BIOS ir Windows slapta\u017eod\u017ei\u0173 atk\u016brimas"}]},{"@type":"WebSite","@id":"https:\/\/elmeistrai.lt\/#website","url":"https:\/\/elmeistrai.lt\/","name":"Vilnius, Kaunas, Klaip\u0117da, \u0160iauliai","description":"R\u00e9paration d'appareils \u00e9lectroniques domestiques et professionnels. Remplissage de cartouches.","publisher":{"@id":"https:\/\/elmeistrai.lt\/#organization"},"potentialAction":[{"@type":"SearchAction","target":{"@type":"EntryPoint","urlTemplate":"https:\/\/elmeistrai.lt\/?s={search_term_string}"},"query-input":{"@type":"PropertyValueSpecification","valueRequired":true,"valueName":"search_term_string"}}],"inLanguage":"fr-FR"},{"@type":"Organization","@id":"https:\/\/elmeistrai.lt\/#organization","name":"elMeistrai.lt","alternateName":"Kavos aparat\u0173, paspirtuk\u0173, televizori\u0173, kompiuteri\u0173, telefon\u0173 ir kt. technikos remontas","url":"https:\/\/elmeistrai.lt\/","logo":{"@type":"ImageObject","inLanguage":"fr-FR","@id":"https:\/\/elmeistrai.lt\/#\/schema\/logo\/image\/","url":"https:\/\/elmeistrai.lt\/wp-content\/uploads\/2022\/09\/elmeistrai_logo.jpg","contentUrl":"https:\/\/elmeistrai.lt\/wp-content\/uploads\/2022\/09\/elmeistrai_logo.jpg","width":556,"height":143,"caption":"elMeistrai.lt"},"image":{"@id":"https:\/\/elmeistrai.lt\/#\/schema\/logo\/image\/"},"sameAs":["https:\/\/www.facebook.com\/elmeistrai.lt\/"]},{"@type":"Person","@id":"https:\/\/elmeistrai.lt\/#\/schema\/person\/6363b621eb9606785f7f2ae9a52987f7","name":"elMeistrai","image":{"@type":"ImageObject","inLanguage":"fr-FR","@id":"https:\/\/secure.gravatar.com\/avatar\/052f2d9640381d6904c5c0676ac3cc3d7ad734def78df3657e571451cad9870d?s=96&d=mm&r=g","url":"https:\/\/secure.gravatar.com\/avatar\/052f2d9640381d6904c5c0676ac3cc3d7ad734def78df3657e571451cad9870d?s=96&d=mm&r=g","contentUrl":"https:\/\/secure.gravatar.com\/avatar\/052f2d9640381d6904c5c0676ac3cc3d7ad734def78df3657e571451cad9870d?s=96&d=mm&r=g","caption":"elMeistrai"},"url":"https:\/\/elmeistrai.lt\/fr\/author\/yipkxe\/"}]}},"uagb_featured_image_src":{"full":false,"thumbnail":false,"medium":false,"medium_large":false,"large":false,"1536x1536":false,"2048x2048":false,"trp-custom-language-flag":false,"writemag-1218w-autoh-image":false,"writemag-675w-autoh-image":false,"writemag-100w-100h-image":false},"uagb_author_info":{"display_name":"elMeistrai","author_link":"https:\/\/elmeistrai.lt\/fr\/author\/yipkxe\/"},"uagb_comment_info":0,"uagb_excerpt":"BIOS \/ CMOS \/ EFI slapta\u017eodis yra slapta\u017eodis, be kurio net n\u0117ra galimyb\u0117s u\u017ekrauti operacin\u0117s sistemos (pvz. Windows). Tokiu atveju...","rttpg_featured_image_url":null,"rttpg_author":{"display_name":"elMeistrai","author_link":"https:\/\/elmeistrai.lt\/fr\/author\/yipkxe\/"},"rttpg_comment":0,"rttpg_category":null,"rttpg_excerpt":"BIOS \/ CMOS \/ EFI slapta\u017eodis yra slapta\u017eodis, be kurio net n\u0117ra galimyb\u0117s u\u017ekrauti operacin\u0117s sistemos (pvz. Windows). Tokiu atveju...","_links":{"self":[{"href":"https:\/\/elmeistrai.lt\/fr\/wp-json\/wp\/v2\/pages\/1985","targetHints":{"allow":["GET"]}}],"collection":[{"href":"https:\/\/elmeistrai.lt\/fr\/wp-json\/wp\/v2\/pages"}],"about":[{"href":"https:\/\/elmeistrai.lt\/fr\/wp-json\/wp\/v2\/types\/page"}],"author":[{"embeddable":true,"href":"https:\/\/elmeistrai.lt\/fr\/wp-json\/wp\/v2\/users\/1"}],"replies":[{"embeddable":true,"href":"https:\/\/elmeistrai.lt\/fr\/wp-json\/wp\/v2\/comments?post=1985"}],"version-history":[{"count":3,"href":"https:\/\/elmeistrai.lt\/fr\/wp-json\/wp\/v2\/pages\/1985\/revisions"}],"predecessor-version":[{"id":1989,"href":"https:\/\/elmeistrai.lt\/fr\/wp-json\/wp\/v2\/pages\/1985\/revisions\/1989"}],"up":[{"embeddable":true,"href":"https:\/\/elmeistrai.lt\/fr\/wp-json\/wp\/v2\/pages\/14"}],"wp:attachment":[{"href":"https:\/\/elmeistrai.lt\/fr\/wp-json\/wp\/v2\/media?parent=1985"}],"curies":[{"name":"wp","href":"https:\/\/api.w.org\/{rel}","templated":true}]}}