{"id":1888,"date":"2022-09-29T08:51:01","date_gmt":"2022-09-29T10:51:01","guid":{"rendered":"https:\/\/elmeistrai.lt\/?page_id=1888"},"modified":"2022-09-29T08:52:24","modified_gmt":"2022-09-29T10:52:24","slug":"plansetiniu-kompiuteriu-remontas","status":"publish","type":"page","link":"https:\/\/elmeistrai.lt\/fr\/kompiuteriu-remontas\/plansetiniu-kompiuteriu-remontas\/","title":{"rendered":"R\u00e9paration de tablettes"},"content":{"rendered":"<p>Kompiuteri\u0173 taisykla elMeistrai effectue des r\u00e9parations de diff\u00e9rents types de tablettes \u00e0 Vilnius, Kaunas, Klaip\u0117da. Nous r\u00e9parons les appareils iOs - Apple iPad, ainsi que les tablettes Android et autres - Samsung, Prestigio, Lenovo, Asus, Archos, Kindle, Acer et autres fabricants.<\/p>\n\n\n\n<ul class=\"wp-block-list\"><li>R\u00e9parer les tablettes qui ne s'allument pas<\/li><li>Remplacement des piles<\/li><li>Manipulation de tablettes d\u00e9connect\u00e9es<\/li><li>Remplacement des \u00e9crans cass\u00e9s<\/li><li>Rec\u00e2blage ou r\u00e9paration de prises cass\u00e9es<\/li><li>R\u00e9paration des cha\u00eenes de chargement<\/li><li>R\u00e9paration de divers autres connecteurs - audio, USB, lightning<\/li><li>Changement de boutons (alimentation, accueil)<\/li><\/ul>\n\n\n\n<figure class=\"wp-block-image size-full\"><img loading=\"lazy\" decoding=\"async\" width=\"640\" height=\"427\" src=\"https:\/\/elmeistrai.lt\/wp-content\/uploads\/2022\/09\/plansetinis-kompiuteris.jpg\" alt=\"Plan\u0161etinis kompiuteris\" class=\"wp-image-1890\" srcset=\"https:\/\/elmeistrai.lt\/wp-content\/uploads\/2022\/09\/plansetinis-kompiuteris.jpg 640w, https:\/\/elmeistrai.lt\/wp-content\/uploads\/2022\/09\/plansetinis-kompiuteris-300x200.jpg 300w\" sizes=\"auto, (max-width: 640px) 100vw, 640px\" \/><\/figure>\n\n\n\n<p>Besoin d'une r\u00e9paration ? Contacter <a href=\"\/fr\/kontaktai\/\">nos contacts de service<\/a>.<\/p>","protected":false},"excerpt":{"rendered":"<p>Kompiuteri\u0173 taisykla elMeistrai effectue des r\u00e9parations de diff\u00e9rents types de tablettes \u00e0 Vilnius, Kaunas, Klaip\u0117da. Nous r\u00e9parons les appareils iOs - Apple iPad,...<\/p>","protected":false},"author":1,"featured_media":0,"parent":14,"menu_order":0,"comment_status":"closed","ping_status":"closed","template":"","meta":{"_uag_custom_page_level_css":"","footnotes":""},"class_list":["post-1888","page","type-page","status-publish","hentry"],"yoast_head":"<!-- This site is optimized with the Yoast SEO plugin v27.3 - https:\/\/yoast.com\/product\/yoast-seo-wordpress\/ -->\n<title>Plan\u0161etini\u0173 kompiuteri\u0173 remontas Vilniuje, Kaune, Klaip\u0117doje, \u0160iauliuose<\/title>\n<meta name=\"robots\" content=\"index, follow, max-snippet:-1, max-image-preview:large, max-video-preview:-1\" \/>\n<link rel=\"canonical\" href=\"https:\/\/elmeistrai.lt\/fr\/kompiuteriu-remontas\/plansetiniu-kompiuteriu-remontas\/\" \/>\n<meta property=\"og:locale\" content=\"fr_FR\" \/>\n<meta property=\"og:type\" content=\"article\" \/>\n<meta property=\"og:title\" content=\"Plan\u0161etini\u0173 kompiuteri\u0173 remontas Vilniuje, Kaune, Klaip\u0117doje, \u0160iauliuose\" \/>\n<meta property=\"og:description\" content=\"Kompiuteri\u0173 taisykla elMeistrai atlieka \u012fvairi\u0173 tip\u0173 plan\u0161etini\u0173 kompiuteri\u0173 (tablet\u0173) remont\u0105 Vilniuje, Kaune, Klaip\u0117doje. Taisome tiek iOs prietaisus &#8211; Apple iPad,...\" \/>\n<meta property=\"og:url\" content=\"https:\/\/elmeistrai.lt\/fr\/kompiuteriu-remontas\/plansetiniu-kompiuteriu-remontas\/\" \/>\n<meta property=\"og:site_name\" content=\"Vilniuje, Kaune, Klaip\u0117doje, \u0160iauliuose\" \/>\n<meta property=\"article:publisher\" content=\"https:\/\/www.facebook.com\/elmeistrai.lt\/\" \/>\n<meta property=\"article:modified_time\" content=\"2022-09-29T10:52:24+00:00\" \/>\n<meta property=\"og:image\" content=\"https:\/\/elmeistrai.lt\/wp-content\/uploads\/2022\/09\/plansetinis-kompiuteris.jpg\" \/>\n<meta name=\"twitter:card\" content=\"summary_large_image\" \/>\n<script type=\"application\/ld+json\" class=\"yoast-schema-graph\">{\"@context\":\"https:\\\/\\\/schema.org\",\"@graph\":[{\"@type\":\"NewsArticle\",\"@id\":\"https:\\\/\\\/elmeistrai.lt\\\/kompiuteriu-remontas\\\/plansetiniu-kompiuteriu-remontas\\\/#article\",\"isPartOf\":{\"@id\":\"https:\\\/\\\/elmeistrai.lt\\\/kompiuteriu-remontas\\\/plansetiniu-kompiuteriu-remontas\\\/\"},\"author\":{\"name\":\"elMeistrai\",\"@id\":\"https:\\\/\\\/elmeistrai.lt\\\/#\\\/schema\\\/person\\\/6363b621eb9606785f7f2ae9a52987f7\"},\"headline\":\"Plan\u0161etini\u0173 kompiuteri\u0173 remontas\",\"datePublished\":\"2022-09-29T10:51:01+00:00\",\"dateModified\":\"2022-09-29T10:52:24+00:00\",\"mainEntityOfPage\":{\"@id\":\"https:\\\/\\\/elmeistrai.lt\\\/kompiuteriu-remontas\\\/plansetiniu-kompiuteriu-remontas\\\/\"},\"wordCount\":91,\"publisher\":{\"@id\":\"https:\\\/\\\/elmeistrai.lt\\\/#organization\"},\"image\":{\"@id\":\"https:\\\/\\\/elmeistrai.lt\\\/kompiuteriu-remontas\\\/plansetiniu-kompiuteriu-remontas\\\/#primaryimage\"},\"thumbnailUrl\":\"https:\\\/\\\/elmeistrai.lt\\\/wp-content\\\/uploads\\\/2022\\\/09\\\/plansetinis-kompiuteris.jpg\",\"inLanguage\":\"fr-FR\"},{\"@type\":[\"WebPage\",\"ItemPage\"],\"@id\":\"https:\\\/\\\/elmeistrai.lt\\\/kompiuteriu-remontas\\\/plansetiniu-kompiuteriu-remontas\\\/\",\"url\":\"https:\\\/\\\/elmeistrai.lt\\\/kompiuteriu-remontas\\\/plansetiniu-kompiuteriu-remontas\\\/\",\"name\":\"Plan\u0161etini\u0173 kompiuteri\u0173 remontas Vilniuje, Kaune, Klaip\u0117doje, \u0160iauliuose\",\"isPartOf\":{\"@id\":\"https:\\\/\\\/elmeistrai.lt\\\/#website\"},\"primaryImageOfPage\":{\"@id\":\"https:\\\/\\\/elmeistrai.lt\\\/kompiuteriu-remontas\\\/plansetiniu-kompiuteriu-remontas\\\/#primaryimage\"},\"image\":{\"@id\":\"https:\\\/\\\/elmeistrai.lt\\\/kompiuteriu-remontas\\\/plansetiniu-kompiuteriu-remontas\\\/#primaryimage\"},\"thumbnailUrl\":\"https:\\\/\\\/elmeistrai.lt\\\/wp-content\\\/uploads\\\/2022\\\/09\\\/plansetinis-kompiuteris.jpg\",\"datePublished\":\"2022-09-29T10:51:01+00:00\",\"dateModified\":\"2022-09-29T10:52:24+00:00\",\"breadcrumb\":{\"@id\":\"https:\\\/\\\/elmeistrai.lt\\\/kompiuteriu-remontas\\\/plansetiniu-kompiuteriu-remontas\\\/#breadcrumb\"},\"inLanguage\":\"fr-FR\",\"potentialAction\":[{\"@type\":\"ReadAction\",\"target\":[\"https:\\\/\\\/elmeistrai.lt\\\/kompiuteriu-remontas\\\/plansetiniu-kompiuteriu-remontas\\\/\"]}]},{\"@type\":\"ImageObject\",\"inLanguage\":\"fr-FR\",\"@id\":\"https:\\\/\\\/elmeistrai.lt\\\/kompiuteriu-remontas\\\/plansetiniu-kompiuteriu-remontas\\\/#primaryimage\",\"url\":\"https:\\\/\\\/elmeistrai.lt\\\/wp-content\\\/uploads\\\/2022\\\/09\\\/plansetinis-kompiuteris.jpg\",\"contentUrl\":\"https:\\\/\\\/elmeistrai.lt\\\/wp-content\\\/uploads\\\/2022\\\/09\\\/plansetinis-kompiuteris.jpg\"},{\"@type\":\"BreadcrumbList\",\"@id\":\"https:\\\/\\\/elmeistrai.lt\\\/kompiuteriu-remontas\\\/plansetiniu-kompiuteriu-remontas\\\/#breadcrumb\",\"itemListElement\":[{\"@type\":\"ListItem\",\"position\":1,\"name\":\"Home\",\"item\":\"https:\\\/\\\/elmeistrai.lt\\\/\"},{\"@type\":\"ListItem\",\"position\":2,\"name\":\"Profesionalus kompiuteri\u0173 remontas Vilniuje, Kaune, Klaip\u0117doje ir \u0160iauliuose\",\"item\":\"https:\\\/\\\/elmeistrai.lt\\\/kompiuteriu-remontas\\\/\"},{\"@type\":\"ListItem\",\"position\":3,\"name\":\"Plan\u0161etini\u0173 kompiuteri\u0173 remontas\"}]},{\"@type\":\"WebSite\",\"@id\":\"https:\\\/\\\/elmeistrai.lt\\\/#website\",\"url\":\"https:\\\/\\\/elmeistrai.lt\\\/\",\"name\":\"Vilniuje, Kaune, Klaip\u0117doje, \u0160iauliuose\",\"description\":\"Nam\u0173 ir verslo elektronikos prietais\u0173 remontas. Kase\u010di\u0173 pildymas.\",\"publisher\":{\"@id\":\"https:\\\/\\\/elmeistrai.lt\\\/#organization\"},\"potentialAction\":[{\"@type\":\"SearchAction\",\"target\":{\"@type\":\"EntryPoint\",\"urlTemplate\":\"https:\\\/\\\/elmeistrai.lt\\\/?s={search_term_string}\"},\"query-input\":{\"@type\":\"PropertyValueSpecification\",\"valueRequired\":true,\"valueName\":\"search_term_string\"}}],\"inLanguage\":\"fr-FR\"},{\"@type\":\"Organization\",\"@id\":\"https:\\\/\\\/elmeistrai.lt\\\/#organization\",\"name\":\"elMeistrai.lt\",\"alternateName\":\"Kavos aparat\u0173, paspirtuk\u0173, televizori\u0173, kompiuteri\u0173, telefon\u0173 ir kt. technikos remontas\",\"url\":\"https:\\\/\\\/elmeistrai.lt\\\/\",\"logo\":{\"@type\":\"ImageObject\",\"inLanguage\":\"fr-FR\",\"@id\":\"https:\\\/\\\/elmeistrai.lt\\\/#\\\/schema\\\/logo\\\/image\\\/\",\"url\":\"https:\\\/\\\/elmeistrai.lt\\\/wp-content\\\/uploads\\\/2022\\\/09\\\/elmeistrai_logo.jpg\",\"contentUrl\":\"https:\\\/\\\/elmeistrai.lt\\\/wp-content\\\/uploads\\\/2022\\\/09\\\/elmeistrai_logo.jpg\",\"width\":556,\"height\":143,\"caption\":\"elMeistrai.lt\"},\"image\":{\"@id\":\"https:\\\/\\\/elmeistrai.lt\\\/#\\\/schema\\\/logo\\\/image\\\/\"},\"sameAs\":[\"https:\\\/\\\/www.facebook.com\\\/elmeistrai.lt\\\/\"]},{\"@type\":\"Person\",\"@id\":\"https:\\\/\\\/elmeistrai.lt\\\/#\\\/schema\\\/person\\\/6363b621eb9606785f7f2ae9a52987f7\",\"name\":\"elMeistrai\",\"image\":{\"@type\":\"ImageObject\",\"inLanguage\":\"fr-FR\",\"@id\":\"https:\\\/\\\/secure.gravatar.com\\\/avatar\\\/052f2d9640381d6904c5c0676ac3cc3d7ad734def78df3657e571451cad9870d?s=96&d=mm&r=g\",\"url\":\"https:\\\/\\\/secure.gravatar.com\\\/avatar\\\/052f2d9640381d6904c5c0676ac3cc3d7ad734def78df3657e571451cad9870d?s=96&d=mm&r=g\",\"contentUrl\":\"https:\\\/\\\/secure.gravatar.com\\\/avatar\\\/052f2d9640381d6904c5c0676ac3cc3d7ad734def78df3657e571451cad9870d?s=96&d=mm&r=g\",\"caption\":\"elMeistrai\"},\"url\":\"https:\\\/\\\/elmeistrai.lt\\\/fr\\\/author\\\/yipkxe\\\/\"}]}<\/script>\n<!-- \/ Yoast SEO plugin. -->","yoast_head_json":{"title":"Plan\u0161etini\u0173 kompiuteri\u0173 remontas Vilniuje, Kaune, Klaip\u0117doje, \u0160iauliuose","robots":{"index":"index","follow":"follow","max-snippet":"max-snippet:-1","max-image-preview":"max-image-preview:large","max-video-preview":"max-video-preview:-1"},"canonical":"https:\/\/elmeistrai.lt\/fr\/kompiuteriu-remontas\/plansetiniu-kompiuteriu-remontas\/","og_locale":"fr_FR","og_type":"article","og_title":"Plan\u0161etini\u0173 kompiuteri\u0173 remontas Vilniuje, Kaune, Klaip\u0117doje, \u0160iauliuose","og_description":"Kompiuteri\u0173 taisykla elMeistrai atlieka \u012fvairi\u0173 tip\u0173 plan\u0161etini\u0173 kompiuteri\u0173 (tablet\u0173) remont\u0105 Vilniuje, Kaune, Klaip\u0117doje. Taisome tiek iOs prietaisus &#8211; Apple iPad,...","og_url":"https:\/\/elmeistrai.lt\/fr\/kompiuteriu-remontas\/plansetiniu-kompiuteriu-remontas\/","og_site_name":"Vilniuje, Kaune, Klaip\u0117doje, \u0160iauliuose","article_publisher":"https:\/\/www.facebook.com\/elmeistrai.lt\/","article_modified_time":"2022-09-29T10:52:24+00:00","og_image":[{"url":"https:\/\/elmeistrai.lt\/wp-content\/uploads\/2022\/09\/plansetinis-kompiuteris.jpg","type":"","width":"","height":""}],"twitter_card":"summary_large_image","schema":{"@context":"https:\/\/schema.org","@graph":[{"@type":"NewsArticle","@id":"https:\/\/elmeistrai.lt\/kompiuteriu-remontas\/plansetiniu-kompiuteriu-remontas\/#article","isPartOf":{"@id":"https:\/\/elmeistrai.lt\/kompiuteriu-remontas\/plansetiniu-kompiuteriu-remontas\/"},"author":{"name":"elMeistrai","@id":"https:\/\/elmeistrai.lt\/#\/schema\/person\/6363b621eb9606785f7f2ae9a52987f7"},"headline":"Plan\u0161etini\u0173 kompiuteri\u0173 remontas","datePublished":"2022-09-29T10:51:01+00:00","dateModified":"2022-09-29T10:52:24+00:00","mainEntityOfPage":{"@id":"https:\/\/elmeistrai.lt\/kompiuteriu-remontas\/plansetiniu-kompiuteriu-remontas\/"},"wordCount":91,"publisher":{"@id":"https:\/\/elmeistrai.lt\/#organization"},"image":{"@id":"https:\/\/elmeistrai.lt\/kompiuteriu-remontas\/plansetiniu-kompiuteriu-remontas\/#primaryimage"},"thumbnailUrl":"https:\/\/elmeistrai.lt\/wp-content\/uploads\/2022\/09\/plansetinis-kompiuteris.jpg","inLanguage":"fr-FR"},{"@type":["WebPage","ItemPage"],"@id":"https:\/\/elmeistrai.lt\/kompiuteriu-remontas\/plansetiniu-kompiuteriu-remontas\/","url":"https:\/\/elmeistrai.lt\/kompiuteriu-remontas\/plansetiniu-kompiuteriu-remontas\/","name":"Plan\u0161etini\u0173 kompiuteri\u0173 remontas Vilniuje, Kaune, Klaip\u0117doje, \u0160iauliuose","isPartOf":{"@id":"https:\/\/elmeistrai.lt\/#website"},"primaryImageOfPage":{"@id":"https:\/\/elmeistrai.lt\/kompiuteriu-remontas\/plansetiniu-kompiuteriu-remontas\/#primaryimage"},"image":{"@id":"https:\/\/elmeistrai.lt\/kompiuteriu-remontas\/plansetiniu-kompiuteriu-remontas\/#primaryimage"},"thumbnailUrl":"https:\/\/elmeistrai.lt\/wp-content\/uploads\/2022\/09\/plansetinis-kompiuteris.jpg","datePublished":"2022-09-29T10:51:01+00:00","dateModified":"2022-09-29T10:52:24+00:00","breadcrumb":{"@id":"https:\/\/elmeistrai.lt\/kompiuteriu-remontas\/plansetiniu-kompiuteriu-remontas\/#breadcrumb"},"inLanguage":"fr-FR","potentialAction":[{"@type":"ReadAction","target":["https:\/\/elmeistrai.lt\/kompiuteriu-remontas\/plansetiniu-kompiuteriu-remontas\/"]}]},{"@type":"ImageObject","inLanguage":"fr-FR","@id":"https:\/\/elmeistrai.lt\/kompiuteriu-remontas\/plansetiniu-kompiuteriu-remontas\/#primaryimage","url":"https:\/\/elmeistrai.lt\/wp-content\/uploads\/2022\/09\/plansetinis-kompiuteris.jpg","contentUrl":"https:\/\/elmeistrai.lt\/wp-content\/uploads\/2022\/09\/plansetinis-kompiuteris.jpg"},{"@type":"BreadcrumbList","@id":"https:\/\/elmeistrai.lt\/kompiuteriu-remontas\/plansetiniu-kompiuteriu-remontas\/#breadcrumb","itemListElement":[{"@type":"ListItem","position":1,"name":"Home","item":"https:\/\/elmeistrai.lt\/"},{"@type":"ListItem","position":2,"name":"Profesionalus kompiuteri\u0173 remontas Vilniuje, Kaune, Klaip\u0117doje ir \u0160iauliuose","item":"https:\/\/elmeistrai.lt\/kompiuteriu-remontas\/"},{"@type":"ListItem","position":3,"name":"Plan\u0161etini\u0173 kompiuteri\u0173 remontas"}]},{"@type":"WebSite","@id":"https:\/\/elmeistrai.lt\/#website","url":"https:\/\/elmeistrai.lt\/","name":"Vilnius, Kaunas, Klaip\u0117da, \u0160iauliai","description":"R\u00e9paration d'appareils \u00e9lectroniques domestiques et professionnels. Remplissage de cartouches.","publisher":{"@id":"https:\/\/elmeistrai.lt\/#organization"},"potentialAction":[{"@type":"SearchAction","target":{"@type":"EntryPoint","urlTemplate":"https:\/\/elmeistrai.lt\/?s={search_term_string}"},"query-input":{"@type":"PropertyValueSpecification","valueRequired":true,"valueName":"search_term_string"}}],"inLanguage":"fr-FR"},{"@type":"Organization","@id":"https:\/\/elmeistrai.lt\/#organization","name":"elMeistrai.lt","alternateName":"Kavos aparat\u0173, paspirtuk\u0173, televizori\u0173, kompiuteri\u0173, telefon\u0173 ir kt. technikos remontas","url":"https:\/\/elmeistrai.lt\/","logo":{"@type":"ImageObject","inLanguage":"fr-FR","@id":"https:\/\/elmeistrai.lt\/#\/schema\/logo\/image\/","url":"https:\/\/elmeistrai.lt\/wp-content\/uploads\/2022\/09\/elmeistrai_logo.jpg","contentUrl":"https:\/\/elmeistrai.lt\/wp-content\/uploads\/2022\/09\/elmeistrai_logo.jpg","width":556,"height":143,"caption":"elMeistrai.lt"},"image":{"@id":"https:\/\/elmeistrai.lt\/#\/schema\/logo\/image\/"},"sameAs":["https:\/\/www.facebook.com\/elmeistrai.lt\/"]},{"@type":"Person","@id":"https:\/\/elmeistrai.lt\/#\/schema\/person\/6363b621eb9606785f7f2ae9a52987f7","name":"elMeistrai","image":{"@type":"ImageObject","inLanguage":"fr-FR","@id":"https:\/\/secure.gravatar.com\/avatar\/052f2d9640381d6904c5c0676ac3cc3d7ad734def78df3657e571451cad9870d?s=96&d=mm&r=g","url":"https:\/\/secure.gravatar.com\/avatar\/052f2d9640381d6904c5c0676ac3cc3d7ad734def78df3657e571451cad9870d?s=96&d=mm&r=g","contentUrl":"https:\/\/secure.gravatar.com\/avatar\/052f2d9640381d6904c5c0676ac3cc3d7ad734def78df3657e571451cad9870d?s=96&d=mm&r=g","caption":"elMeistrai"},"url":"https:\/\/elmeistrai.lt\/fr\/author\/yipkxe\/"}]}},"uagb_featured_image_src":{"full":false,"thumbnail":false,"medium":false,"medium_large":false,"large":false,"1536x1536":false,"2048x2048":false,"trp-custom-language-flag":false,"writemag-1218w-autoh-image":false,"writemag-675w-autoh-image":false,"writemag-100w-100h-image":false},"uagb_author_info":{"display_name":"elMeistrai","author_link":"https:\/\/elmeistrai.lt\/fr\/author\/yipkxe\/"},"uagb_comment_info":0,"uagb_excerpt":"Kompiuteri\u0173 taisykla elMeistrai atlieka \u012fvairi\u0173 tip\u0173 plan\u0161etini\u0173 kompiuteri\u0173 (tablet\u0173) remont\u0105 Vilniuje, Kaune, Klaip\u0117doje. Taisome tiek iOs prietaisus &#8211; Apple iPad,...","rttpg_featured_image_url":null,"rttpg_author":{"display_name":"elMeistrai","author_link":"https:\/\/elmeistrai.lt\/fr\/author\/yipkxe\/"},"rttpg_comment":0,"rttpg_category":null,"rttpg_excerpt":"Kompiuteri\u0173 taisykla elMeistrai atlieka \u012fvairi\u0173 tip\u0173 plan\u0161etini\u0173 kompiuteri\u0173 (tablet\u0173) remont\u0105 Vilniuje, Kaune, Klaip\u0117doje. Taisome tiek iOs prietaisus &#8211; Apple iPad,...","_links":{"self":[{"href":"https:\/\/elmeistrai.lt\/fr\/wp-json\/wp\/v2\/pages\/1888","targetHints":{"allow":["GET"]}}],"collection":[{"href":"https:\/\/elmeistrai.lt\/fr\/wp-json\/wp\/v2\/pages"}],"about":[{"href":"https:\/\/elmeistrai.lt\/fr\/wp-json\/wp\/v2\/types\/page"}],"author":[{"embeddable":true,"href":"https:\/\/elmeistrai.lt\/fr\/wp-json\/wp\/v2\/users\/1"}],"replies":[{"embeddable":true,"href":"https:\/\/elmeistrai.lt\/fr\/wp-json\/wp\/v2\/comments?post=1888"}],"version-history":[{"count":2,"href":"https:\/\/elmeistrai.lt\/fr\/wp-json\/wp\/v2\/pages\/1888\/revisions"}],"predecessor-version":[{"id":1891,"href":"https:\/\/elmeistrai.lt\/fr\/wp-json\/wp\/v2\/pages\/1888\/revisions\/1891"}],"up":[{"embeddable":true,"href":"https:\/\/elmeistrai.lt\/fr\/wp-json\/wp\/v2\/pages\/14"}],"wp:attachment":[{"href":"https:\/\/elmeistrai.lt\/fr\/wp-json\/wp\/v2\/media?parent=1888"}],"curies":[{"name":"wp","href":"https:\/\/api.w.org\/{rel}","templated":true}]}}