{"id":1867,"date":"2022-09-29T04:57:55","date_gmt":"2022-09-29T06:57:55","guid":{"rendered":"https:\/\/elmeistrai.lt\/?page_id=1867"},"modified":"2022-09-29T05:06:43","modified_gmt":"2022-09-29T07:06:43","slug":"imoniu-kompiuteriu-ir-it-ukio-prieziura","status":"publish","type":"page","link":"https:\/\/elmeistrai.lt\/fr\/kompiuteriu-remontas\/imoniu-kompiuteriu-ir-it-ukio-prieziura\/","title":{"rendered":"Maintenance des ordinateurs et des actifs informatiques de l'entreprise"},"content":{"rendered":"<p>En int\u00e9gralit\u00e9 <strong>maintenir l'informatique de l'entreprise<\/strong>. Pour une somme modique, vous pouvez nous confier toutes vos questions et avoir l'assurance que tous les processus informatiques de votre entreprise fonctionneront sans probl\u00e8me et sans interruption 24 heures sur 24, 7 jours sur 7. Nous avons la capacit\u00e9 de r\u00e9pondre \u00e0 tout moment de la journ\u00e9e.<\/p>\n\n\n\n<p><strong>Services fournis :<\/strong><\/p>\n\n\n\n<ul class=\"wp-block-list\"><li>Maintenance des postes de travail informatiques<\/li><li>Administration des logiciels de serveurs Windows\/Linux et r\u00e9paration technique, installation et s\u00e9lection<\/li><li>S\u00e9lection et installation de NAS (network attached storage)<\/li><li>Planification de l'infrastructure informatique de l'entreprise - routeurs, imprimantes, gestion du r\u00e9seau<\/li><li>S\u00e9lection d'imprimantes pour des co\u00fbts d'impression optimaux<\/li><li>Approvisionnement en cartouches d'imprimantes, recharge<\/li><li>Configurer, d\u00e9ployer et planifier le r\u00e9seau local de l'entreprise<\/li><li>Conseils sur l'achat ou la s\u00e9lection de nouveaux \u00e9quipements<\/li><\/ul>\n\n\n\n<p><strong>Contactez-nous pour une coop\u00e9ration <a href=\"\/fr\/kontaktai\/\">contact<\/a>.<\/strong><\/p>\n\n\n\n<figure class=\"wp-block-image size-full\"><img loading=\"lazy\" decoding=\"async\" width=\"640\" height=\"400\" src=\"https:\/\/elmeistrai.lt\/wp-content\/uploads\/2022\/09\/imoniu-it-ukio-prieziura.jpg\" alt=\"\u012fmoni\u0173 IT \u016bkio prie\u017ei\u016bra\" class=\"wp-image-1868\" srcset=\"https:\/\/elmeistrai.lt\/wp-content\/uploads\/2022\/09\/imoniu-it-ukio-prieziura.jpg 640w, https:\/\/elmeistrai.lt\/wp-content\/uploads\/2022\/09\/imoniu-it-ukio-prieziura-300x188.jpg 300w\" sizes=\"auto, (max-width: 640px) 100vw, 640px\" \/><\/figure>\n\n\n\n<p><strong>Il existe deux fa\u00e7ons de travailler avec les entreprises : <\/strong><\/p>\n\n\n\n<ol class=\"wp-block-list\"><li>Sp\u00e9cialiste sur appel en cas de besoin. Uniquement en cas de panne.<\/li><li>Supervision bas\u00e9e sur une redevance mensuelle par poste de travail. Tr\u00e8s faible probabilit\u00e9 de d\u00e9faillances accidentelles.<\/li><\/ol>\n\n\n\n<p>Dans le premier cas, nous arrivons le plus rapidement possible apr\u00e8s l'apparition d'une panne et nous essayons de r\u00e9soudre les probl\u00e8mes le plus rapidement et le plus efficacement possible. <\/p>\n\n\n\n<p>Dans le second cas, nous surveillons nous-m\u00eames en permanence l'\u00e9tat de l'infrastructure informatique et nous nous effor\u00e7ons de r\u00e9duire au minimum les risques de pannes inattendues. Dans ce cas, il n'est souvent pas n\u00e9cessaire de payer un suppl\u00e9ment en cas d'\u00e9v\u00e9nement impr\u00e9vu, et vous pouvez planifier clairement vos co\u00fbts de maintenance informatique et avoir la certitude que vos syst\u00e8mes fonctionneront sans interruption.<\/p>\n\n\n\n<p>Avec la maintenance des PC, nous personnalisons chaque poste de travail en fonction des besoins sp\u00e9cifiques de l'entreprise ou de l'employ\u00e9.<\/p>","protected":false},"excerpt":{"rendered":"<p>Nous assurons la maintenance compl\u00e8te de l'informatique de l'entreprise. Pour une somme modique, vous pouvez nous confier tous vos probl\u00e8mes et avoir l'assurance que toutes les...<\/p>","protected":false},"author":1,"featured_media":0,"parent":14,"menu_order":0,"comment_status":"closed","ping_status":"closed","template":"","meta":{"_uag_custom_page_level_css":"","footnotes":""},"class_list":["post-1867","page","type-page","status-publish","hentry"],"yoast_head":"<!-- This site is optimized with the Yoast SEO plugin v27.5 - https:\/\/yoast.com\/product\/yoast-seo-wordpress\/ -->\n<title>\u012emoni\u0173 kompiuteri\u0173 ir IT \u016bkio prie\u017ei\u016bra Vilniuje, Kaune, Klaip\u0117doje, \u0160iauliuose<\/title>\n<meta name=\"robots\" content=\"index, follow, max-snippet:-1, max-image-preview:large, max-video-preview:-1\" \/>\n<link rel=\"canonical\" href=\"https:\/\/elmeistrai.lt\/fr\/kompiuteriu-remontas\/imoniu-kompiuteriu-ir-it-ukio-prieziura\/\" \/>\n<meta property=\"og:locale\" content=\"fr_FR\" \/>\n<meta property=\"og:type\" content=\"article\" \/>\n<meta property=\"og:title\" content=\"\u012emoni\u0173 kompiuteri\u0173 ir IT \u016bkio prie\u017ei\u016bra Vilniuje, Kaune, Klaip\u0117doje, \u0160iauliuose\" \/>\n<meta property=\"og:description\" content=\"Visokeriopai pri\u017ei\u016brime \u012fmoni\u0173 IT \u016bk\u012f. U\u017e nedidel\u012f mokest\u012f visus klausimus galite patik\u0117ti mums ir b\u016bti ram\u016bs, kad visi \u012fmon\u0117s IT...\" \/>\n<meta property=\"og:url\" content=\"https:\/\/elmeistrai.lt\/fr\/kompiuteriu-remontas\/imoniu-kompiuteriu-ir-it-ukio-prieziura\/\" \/>\n<meta property=\"og:site_name\" content=\"Vilniuje, Kaune, Klaip\u0117doje, \u0160iauliuose\" \/>\n<meta property=\"article:publisher\" content=\"https:\/\/www.facebook.com\/elmeistrai.lt\/\" \/>\n<meta property=\"article:modified_time\" content=\"2022-09-29T07:06:43+00:00\" \/>\n<meta property=\"og:image\" content=\"https:\/\/elmeistrai.lt\/wp-content\/uploads\/2022\/09\/imoniu-it-ukio-prieziura.jpg\" \/>\n<meta name=\"twitter:card\" content=\"summary_large_image\" \/>\n<meta name=\"twitter:label1\" content=\"Dur\u00e9e de lecture estim\u00e9e\" \/>\n\t<meta name=\"twitter:data1\" content=\"1 minute\" \/>\n<script type=\"application\/ld+json\" class=\"yoast-schema-graph\">{\"@context\":\"https:\\\/\\\/schema.org\",\"@graph\":[{\"@type\":\"NewsArticle\",\"@id\":\"https:\\\/\\\/elmeistrai.lt\\\/kompiuteriu-remontas\\\/imoniu-kompiuteriu-ir-it-ukio-prieziura\\\/#article\",\"isPartOf\":{\"@id\":\"https:\\\/\\\/elmeistrai.lt\\\/kompiuteriu-remontas\\\/imoniu-kompiuteriu-ir-it-ukio-prieziura\\\/\"},\"author\":{\"name\":\"elMeistrai\",\"@id\":\"https:\\\/\\\/elmeistrai.lt\\\/#\\\/schema\\\/person\\\/6363b621eb9606785f7f2ae9a52987f7\"},\"headline\":\"\u012emoni\u0173 kompiuteri\u0173 ir IT \u016bkio prie\u017ei\u016bra\",\"datePublished\":\"2022-09-29T06:57:55+00:00\",\"dateModified\":\"2022-09-29T07:06:43+00:00\",\"mainEntityOfPage\":{\"@id\":\"https:\\\/\\\/elmeistrai.lt\\\/kompiuteriu-remontas\\\/imoniu-kompiuteriu-ir-it-ukio-prieziura\\\/\"},\"wordCount\":248,\"publisher\":{\"@id\":\"https:\\\/\\\/elmeistrai.lt\\\/#organization\"},\"image\":{\"@id\":\"https:\\\/\\\/elmeistrai.lt\\\/kompiuteriu-remontas\\\/imoniu-kompiuteriu-ir-it-ukio-prieziura\\\/#primaryimage\"},\"thumbnailUrl\":\"https:\\\/\\\/elmeistrai.lt\\\/wp-content\\\/uploads\\\/2022\\\/09\\\/imoniu-it-ukio-prieziura.jpg\",\"inLanguage\":\"fr-FR\"},{\"@type\":[\"WebPage\",\"ItemPage\"],\"@id\":\"https:\\\/\\\/elmeistrai.lt\\\/kompiuteriu-remontas\\\/imoniu-kompiuteriu-ir-it-ukio-prieziura\\\/\",\"url\":\"https:\\\/\\\/elmeistrai.lt\\\/kompiuteriu-remontas\\\/imoniu-kompiuteriu-ir-it-ukio-prieziura\\\/\",\"name\":\"\u012emoni\u0173 kompiuteri\u0173 ir IT \u016bkio prie\u017ei\u016bra Vilniuje, Kaune, Klaip\u0117doje, \u0160iauliuose\",\"isPartOf\":{\"@id\":\"https:\\\/\\\/elmeistrai.lt\\\/#website\"},\"primaryImageOfPage\":{\"@id\":\"https:\\\/\\\/elmeistrai.lt\\\/kompiuteriu-remontas\\\/imoniu-kompiuteriu-ir-it-ukio-prieziura\\\/#primaryimage\"},\"image\":{\"@id\":\"https:\\\/\\\/elmeistrai.lt\\\/kompiuteriu-remontas\\\/imoniu-kompiuteriu-ir-it-ukio-prieziura\\\/#primaryimage\"},\"thumbnailUrl\":\"https:\\\/\\\/elmeistrai.lt\\\/wp-content\\\/uploads\\\/2022\\\/09\\\/imoniu-it-ukio-prieziura.jpg\",\"datePublished\":\"2022-09-29T06:57:55+00:00\",\"dateModified\":\"2022-09-29T07:06:43+00:00\",\"breadcrumb\":{\"@id\":\"https:\\\/\\\/elmeistrai.lt\\\/kompiuteriu-remontas\\\/imoniu-kompiuteriu-ir-it-ukio-prieziura\\\/#breadcrumb\"},\"inLanguage\":\"fr-FR\",\"potentialAction\":[{\"@type\":\"ReadAction\",\"target\":[\"https:\\\/\\\/elmeistrai.lt\\\/kompiuteriu-remontas\\\/imoniu-kompiuteriu-ir-it-ukio-prieziura\\\/\"]}]},{\"@type\":\"ImageObject\",\"inLanguage\":\"fr-FR\",\"@id\":\"https:\\\/\\\/elmeistrai.lt\\\/kompiuteriu-remontas\\\/imoniu-kompiuteriu-ir-it-ukio-prieziura\\\/#primaryimage\",\"url\":\"https:\\\/\\\/elmeistrai.lt\\\/wp-content\\\/uploads\\\/2022\\\/09\\\/imoniu-it-ukio-prieziura.jpg\",\"contentUrl\":\"https:\\\/\\\/elmeistrai.lt\\\/wp-content\\\/uploads\\\/2022\\\/09\\\/imoniu-it-ukio-prieziura.jpg\"},{\"@type\":\"BreadcrumbList\",\"@id\":\"https:\\\/\\\/elmeistrai.lt\\\/kompiuteriu-remontas\\\/imoniu-kompiuteriu-ir-it-ukio-prieziura\\\/#breadcrumb\",\"itemListElement\":[{\"@type\":\"ListItem\",\"position\":1,\"name\":\"Home\",\"item\":\"https:\\\/\\\/elmeistrai.lt\\\/\"},{\"@type\":\"ListItem\",\"position\":2,\"name\":\"Profesionalus kompiuteri\u0173 remontas Vilniuje, Kaune, Klaip\u0117doje ir \u0160iauliuose\",\"item\":\"https:\\\/\\\/elmeistrai.lt\\\/kompiuteriu-remontas\\\/\"},{\"@type\":\"ListItem\",\"position\":3,\"name\":\"\u012emoni\u0173 kompiuteri\u0173 ir IT \u016bkio prie\u017ei\u016bra\"}]},{\"@type\":\"WebSite\",\"@id\":\"https:\\\/\\\/elmeistrai.lt\\\/#website\",\"url\":\"https:\\\/\\\/elmeistrai.lt\\\/\",\"name\":\"Vilniuje, Kaune, Klaip\u0117doje, \u0160iauliuose\",\"description\":\"Nam\u0173 ir verslo elektronikos prietais\u0173 remontas. Kase\u010di\u0173 pildymas.\",\"publisher\":{\"@id\":\"https:\\\/\\\/elmeistrai.lt\\\/#organization\"},\"potentialAction\":[{\"@type\":\"SearchAction\",\"target\":{\"@type\":\"EntryPoint\",\"urlTemplate\":\"https:\\\/\\\/elmeistrai.lt\\\/?s={search_term_string}\"},\"query-input\":{\"@type\":\"PropertyValueSpecification\",\"valueRequired\":true,\"valueName\":\"search_term_string\"}}],\"inLanguage\":\"fr-FR\"},{\"@type\":\"Organization\",\"@id\":\"https:\\\/\\\/elmeistrai.lt\\\/#organization\",\"name\":\"elMeistrai.lt\",\"alternateName\":\"Kavos aparat\u0173, paspirtuk\u0173, televizori\u0173, kompiuteri\u0173, telefon\u0173 ir kt. technikos remontas\",\"url\":\"https:\\\/\\\/elmeistrai.lt\\\/\",\"logo\":{\"@type\":\"ImageObject\",\"inLanguage\":\"fr-FR\",\"@id\":\"https:\\\/\\\/elmeistrai.lt\\\/#\\\/schema\\\/logo\\\/image\\\/\",\"url\":\"https:\\\/\\\/elmeistrai.lt\\\/wp-content\\\/uploads\\\/2022\\\/09\\\/elmeistrai_logo.jpg\",\"contentUrl\":\"https:\\\/\\\/elmeistrai.lt\\\/wp-content\\\/uploads\\\/2022\\\/09\\\/elmeistrai_logo.jpg\",\"width\":556,\"height\":143,\"caption\":\"elMeistrai.lt\"},\"image\":{\"@id\":\"https:\\\/\\\/elmeistrai.lt\\\/#\\\/schema\\\/logo\\\/image\\\/\"},\"sameAs\":[\"https:\\\/\\\/www.facebook.com\\\/elmeistrai.lt\\\/\"]},{\"@type\":\"Person\",\"@id\":\"https:\\\/\\\/elmeistrai.lt\\\/#\\\/schema\\\/person\\\/6363b621eb9606785f7f2ae9a52987f7\",\"name\":\"elMeistrai\",\"image\":{\"@type\":\"ImageObject\",\"inLanguage\":\"fr-FR\",\"@id\":\"https:\\\/\\\/secure.gravatar.com\\\/avatar\\\/052f2d9640381d6904c5c0676ac3cc3d7ad734def78df3657e571451cad9870d?s=96&d=mm&r=g\",\"url\":\"https:\\\/\\\/secure.gravatar.com\\\/avatar\\\/052f2d9640381d6904c5c0676ac3cc3d7ad734def78df3657e571451cad9870d?s=96&d=mm&r=g\",\"contentUrl\":\"https:\\\/\\\/secure.gravatar.com\\\/avatar\\\/052f2d9640381d6904c5c0676ac3cc3d7ad734def78df3657e571451cad9870d?s=96&d=mm&r=g\",\"caption\":\"elMeistrai\"},\"url\":\"https:\\\/\\\/elmeistrai.lt\\\/fr\\\/author\\\/yipkxe\\\/\"}]}<\/script>\n<!-- \/ Yoast SEO plugin. -->","yoast_head_json":{"title":"\u012emoni\u0173 kompiuteri\u0173 ir IT \u016bkio prie\u017ei\u016bra Vilniuje, Kaune, Klaip\u0117doje, \u0160iauliuose","robots":{"index":"index","follow":"follow","max-snippet":"max-snippet:-1","max-image-preview":"max-image-preview:large","max-video-preview":"max-video-preview:-1"},"canonical":"https:\/\/elmeistrai.lt\/fr\/kompiuteriu-remontas\/imoniu-kompiuteriu-ir-it-ukio-prieziura\/","og_locale":"fr_FR","og_type":"article","og_title":"\u012emoni\u0173 kompiuteri\u0173 ir IT \u016bkio prie\u017ei\u016bra Vilniuje, Kaune, Klaip\u0117doje, \u0160iauliuose","og_description":"Visokeriopai pri\u017ei\u016brime \u012fmoni\u0173 IT \u016bk\u012f. U\u017e nedidel\u012f mokest\u012f visus klausimus galite patik\u0117ti mums ir b\u016bti ram\u016bs, kad visi \u012fmon\u0117s IT...","og_url":"https:\/\/elmeistrai.lt\/fr\/kompiuteriu-remontas\/imoniu-kompiuteriu-ir-it-ukio-prieziura\/","og_site_name":"Vilniuje, Kaune, Klaip\u0117doje, \u0160iauliuose","article_publisher":"https:\/\/www.facebook.com\/elmeistrai.lt\/","article_modified_time":"2022-09-29T07:06:43+00:00","og_image":[{"url":"https:\/\/elmeistrai.lt\/wp-content\/uploads\/2022\/09\/imoniu-it-ukio-prieziura.jpg","type":"","width":"","height":""}],"twitter_card":"summary_large_image","twitter_misc":{"Dur\u00e9e de lecture estim\u00e9e":"1 minute"},"schema":{"@context":"https:\/\/schema.org","@graph":[{"@type":"NewsArticle","@id":"https:\/\/elmeistrai.lt\/kompiuteriu-remontas\/imoniu-kompiuteriu-ir-it-ukio-prieziura\/#article","isPartOf":{"@id":"https:\/\/elmeistrai.lt\/kompiuteriu-remontas\/imoniu-kompiuteriu-ir-it-ukio-prieziura\/"},"author":{"name":"elMeistrai","@id":"https:\/\/elmeistrai.lt\/#\/schema\/person\/6363b621eb9606785f7f2ae9a52987f7"},"headline":"\u012emoni\u0173 kompiuteri\u0173 ir IT \u016bkio prie\u017ei\u016bra","datePublished":"2022-09-29T06:57:55+00:00","dateModified":"2022-09-29T07:06:43+00:00","mainEntityOfPage":{"@id":"https:\/\/elmeistrai.lt\/kompiuteriu-remontas\/imoniu-kompiuteriu-ir-it-ukio-prieziura\/"},"wordCount":248,"publisher":{"@id":"https:\/\/elmeistrai.lt\/#organization"},"image":{"@id":"https:\/\/elmeistrai.lt\/kompiuteriu-remontas\/imoniu-kompiuteriu-ir-it-ukio-prieziura\/#primaryimage"},"thumbnailUrl":"https:\/\/elmeistrai.lt\/wp-content\/uploads\/2022\/09\/imoniu-it-ukio-prieziura.jpg","inLanguage":"fr-FR"},{"@type":["WebPage","ItemPage"],"@id":"https:\/\/elmeistrai.lt\/kompiuteriu-remontas\/imoniu-kompiuteriu-ir-it-ukio-prieziura\/","url":"https:\/\/elmeistrai.lt\/kompiuteriu-remontas\/imoniu-kompiuteriu-ir-it-ukio-prieziura\/","name":"\u012emoni\u0173 kompiuteri\u0173 ir IT \u016bkio prie\u017ei\u016bra Vilniuje, Kaune, Klaip\u0117doje, \u0160iauliuose","isPartOf":{"@id":"https:\/\/elmeistrai.lt\/#website"},"primaryImageOfPage":{"@id":"https:\/\/elmeistrai.lt\/kompiuteriu-remontas\/imoniu-kompiuteriu-ir-it-ukio-prieziura\/#primaryimage"},"image":{"@id":"https:\/\/elmeistrai.lt\/kompiuteriu-remontas\/imoniu-kompiuteriu-ir-it-ukio-prieziura\/#primaryimage"},"thumbnailUrl":"https:\/\/elmeistrai.lt\/wp-content\/uploads\/2022\/09\/imoniu-it-ukio-prieziura.jpg","datePublished":"2022-09-29T06:57:55+00:00","dateModified":"2022-09-29T07:06:43+00:00","breadcrumb":{"@id":"https:\/\/elmeistrai.lt\/kompiuteriu-remontas\/imoniu-kompiuteriu-ir-it-ukio-prieziura\/#breadcrumb"},"inLanguage":"fr-FR","potentialAction":[{"@type":"ReadAction","target":["https:\/\/elmeistrai.lt\/kompiuteriu-remontas\/imoniu-kompiuteriu-ir-it-ukio-prieziura\/"]}]},{"@type":"ImageObject","inLanguage":"fr-FR","@id":"https:\/\/elmeistrai.lt\/kompiuteriu-remontas\/imoniu-kompiuteriu-ir-it-ukio-prieziura\/#primaryimage","url":"https:\/\/elmeistrai.lt\/wp-content\/uploads\/2022\/09\/imoniu-it-ukio-prieziura.jpg","contentUrl":"https:\/\/elmeistrai.lt\/wp-content\/uploads\/2022\/09\/imoniu-it-ukio-prieziura.jpg"},{"@type":"BreadcrumbList","@id":"https:\/\/elmeistrai.lt\/kompiuteriu-remontas\/imoniu-kompiuteriu-ir-it-ukio-prieziura\/#breadcrumb","itemListElement":[{"@type":"ListItem","position":1,"name":"Home","item":"https:\/\/elmeistrai.lt\/"},{"@type":"ListItem","position":2,"name":"Profesionalus kompiuteri\u0173 remontas Vilniuje, Kaune, Klaip\u0117doje ir \u0160iauliuose","item":"https:\/\/elmeistrai.lt\/kompiuteriu-remontas\/"},{"@type":"ListItem","position":3,"name":"\u012emoni\u0173 kompiuteri\u0173 ir IT \u016bkio prie\u017ei\u016bra"}]},{"@type":"WebSite","@id":"https:\/\/elmeistrai.lt\/#website","url":"https:\/\/elmeistrai.lt\/","name":"Vilnius, Kaunas, Klaip\u0117da, \u0160iauliai","description":"R\u00e9paration d'appareils \u00e9lectroniques domestiques et professionnels. Remplissage de cartouches.","publisher":{"@id":"https:\/\/elmeistrai.lt\/#organization"},"potentialAction":[{"@type":"SearchAction","target":{"@type":"EntryPoint","urlTemplate":"https:\/\/elmeistrai.lt\/?s={search_term_string}"},"query-input":{"@type":"PropertyValueSpecification","valueRequired":true,"valueName":"search_term_string"}}],"inLanguage":"fr-FR"},{"@type":"Organization","@id":"https:\/\/elmeistrai.lt\/#organization","name":"elMeistrai.lt","alternateName":"Kavos aparat\u0173, paspirtuk\u0173, televizori\u0173, kompiuteri\u0173, telefon\u0173 ir kt. technikos remontas","url":"https:\/\/elmeistrai.lt\/","logo":{"@type":"ImageObject","inLanguage":"fr-FR","@id":"https:\/\/elmeistrai.lt\/#\/schema\/logo\/image\/","url":"https:\/\/elmeistrai.lt\/wp-content\/uploads\/2022\/09\/elmeistrai_logo.jpg","contentUrl":"https:\/\/elmeistrai.lt\/wp-content\/uploads\/2022\/09\/elmeistrai_logo.jpg","width":556,"height":143,"caption":"elMeistrai.lt"},"image":{"@id":"https:\/\/elmeistrai.lt\/#\/schema\/logo\/image\/"},"sameAs":["https:\/\/www.facebook.com\/elmeistrai.lt\/"]},{"@type":"Person","@id":"https:\/\/elmeistrai.lt\/#\/schema\/person\/6363b621eb9606785f7f2ae9a52987f7","name":"elMeistrai","image":{"@type":"ImageObject","inLanguage":"fr-FR","@id":"https:\/\/secure.gravatar.com\/avatar\/052f2d9640381d6904c5c0676ac3cc3d7ad734def78df3657e571451cad9870d?s=96&d=mm&r=g","url":"https:\/\/secure.gravatar.com\/avatar\/052f2d9640381d6904c5c0676ac3cc3d7ad734def78df3657e571451cad9870d?s=96&d=mm&r=g","contentUrl":"https:\/\/secure.gravatar.com\/avatar\/052f2d9640381d6904c5c0676ac3cc3d7ad734def78df3657e571451cad9870d?s=96&d=mm&r=g","caption":"elMeistrai"},"url":"https:\/\/elmeistrai.lt\/fr\/author\/yipkxe\/"}]}},"uagb_featured_image_src":{"full":false,"thumbnail":false,"medium":false,"medium_large":false,"large":false,"1536x1536":false,"2048x2048":false,"trp-custom-language-flag":false,"writemag-1218w-autoh-image":false,"writemag-675w-autoh-image":false,"writemag-100w-100h-image":false},"uagb_author_info":{"display_name":"elMeistrai","author_link":"https:\/\/elmeistrai.lt\/fr\/author\/yipkxe\/"},"uagb_comment_info":0,"uagb_excerpt":"Visokeriopai pri\u017ei\u016brime \u012fmoni\u0173 IT \u016bk\u012f. U\u017e nedidel\u012f mokest\u012f visus klausimus galite patik\u0117ti mums ir b\u016bti ram\u016bs, kad visi \u012fmon\u0117s IT...","rttpg_featured_image_url":null,"rttpg_author":{"display_name":"elMeistrai","author_link":"https:\/\/elmeistrai.lt\/fr\/author\/yipkxe\/"},"rttpg_comment":0,"rttpg_category":null,"rttpg_excerpt":"Visokeriopai pri\u017ei\u016brime \u012fmoni\u0173 IT \u016bk\u012f. U\u017e nedidel\u012f mokest\u012f visus klausimus galite patik\u0117ti mums ir b\u016bti ram\u016bs, kad visi \u012fmon\u0117s IT...","_links":{"self":[{"href":"https:\/\/elmeistrai.lt\/fr\/wp-json\/wp\/v2\/pages\/1867","targetHints":{"allow":["GET"]}}],"collection":[{"href":"https:\/\/elmeistrai.lt\/fr\/wp-json\/wp\/v2\/pages"}],"about":[{"href":"https:\/\/elmeistrai.lt\/fr\/wp-json\/wp\/v2\/types\/page"}],"author":[{"embeddable":true,"href":"https:\/\/elmeistrai.lt\/fr\/wp-json\/wp\/v2\/users\/1"}],"replies":[{"embeddable":true,"href":"https:\/\/elmeistrai.lt\/fr\/wp-json\/wp\/v2\/comments?post=1867"}],"version-history":[{"count":4,"href":"https:\/\/elmeistrai.lt\/fr\/wp-json\/wp\/v2\/pages\/1867\/revisions"}],"predecessor-version":[{"id":1874,"href":"https:\/\/elmeistrai.lt\/fr\/wp-json\/wp\/v2\/pages\/1867\/revisions\/1874"}],"up":[{"embeddable":true,"href":"https:\/\/elmeistrai.lt\/fr\/wp-json\/wp\/v2\/pages\/14"}],"wp:attachment":[{"href":"https:\/\/elmeistrai.lt\/fr\/wp-json\/wp\/v2\/media?parent=1867"}],"curies":[{"name":"wp","href":"https:\/\/api.w.org\/{rel}","templated":true}]}}