{"id":1830,"date":"2022-09-28T19:06:21","date_gmt":"2022-09-28T21:06:21","guid":{"rendered":"https:\/\/elmeistrai.lt\/?page_id=1830"},"modified":"2023-03-09T18:38:02","modified_gmt":"2023-03-09T20:38:02","slug":"kompiuteriu-taisymo-kainorastis","status":"publish","type":"page","link":"https:\/\/elmeistrai.lt\/fr\/kompiuteriu-remontas\/kompiuteriu-taisymo-kainorastis\/","title":{"rendered":"Liste de prix pour les r\u00e9parations d'ordinateurs"},"content":{"rendered":"<ul class=\"wp-block-list\">\n<li>Diagnostic - <strong>5 euros<\/strong><\/li>\n\n\n\n<li>R\u00e9paration de logiciels (r\u00e9paration du syst\u00e8me d'exploitation, suppression des virus, etc. <strong>\u00e0 partir de 20 euros<\/strong><\/li>\n\n\n\n<li>Pr\u00e9servation des donn\u00e9es lors des r\u00e9parations de logiciels - <strong>5 euros<\/strong><\/li>\n\n\n\n<li>Si vous devez installer le syst\u00e8me d'exploitation \u00e0 partir de z\u00e9ro lorsque la partition de r\u00e9cup\u00e9ration est corrompue - pour le travail sur les logiciels, la recherche de pilotes, l'installation d'applications gratuites suppl\u00e9mentaires -, le syst\u00e8me d'exploitation doit \u00eatre install\u00e9 \u00e0 partir de la partition de r\u00e9cup\u00e9ration. <strong>5 euros<\/strong><\/li>\n\n\n\n<li>D\u00e9poussi\u00e9rage du syst\u00e8me de refroidissement sans remplacement des thermopastes - <strong>\u00e0 partir de 12 eur<\/strong><\/li>\n\n\n\n<li>D\u00e9poussi\u00e9rage du syst\u00e8me de refroidissement et remplacement des thermopastes - <strong>\u00e0 partir de 18 euros<\/strong><\/li>\n\n\n\n<li>Pomme <strong>R\u00e9paration de l'ordinateur MacBook<\/strong> Travaux - <strong>\u00e0 partir de 12 eur<\/strong><\/li>\n\n\n\n<li>Remplacement ou r\u00e9paration d'une prise - <strong>\u00e0 partir de 18 euros<\/strong><\/li>\n\n\n\n<li>Remplacement de l'\u00e9cran - <strong>\u00e0 partir de 12 eur<\/strong><\/li>\n\n\n\n<li>Remplacement des charni\u00e8res ou des supports d'\u00e9cran - <strong>\u00e0 partir de 18 euros<\/strong><\/li>\n\n\n\n<li>Changer le clavier - <strong>\u00e0 partir de 10 eur<\/strong><\/li>\n\n\n\n<li>R\u00e9paration ou remplacement de la carte m\u00e8re, ressoudage de la puce vid\u00e9o - <strong>\u00e0 partir de 45<\/strong><\/li>\n\n\n\n<li>R\u00e9paration d'un ordinateur us\u00e9 <strong>\u00e0 partir de 25 euros<\/strong><\/li>\n\n\n\n<li>R\u00e9paration du chargeur - <strong>\u00e0 partir de 12 eur<\/strong><\/li>\n\n\n\n<li>D\u00e9livrer un certificat de d\u00e9faut d'assurance <strong>- 20 \u20ac (couverts par l'assurance)<\/strong><\/li>\n\n\n\n<li>Pr\u00e9paration d'un ordinateur pour une prison et d\u00e9livrance d'un certificat de travail. <strong>\u00e0 partir de 25 euros<\/strong><\/li>\n<\/ul>\n\n\n\n<p>Les prix ne comprennent pas le co\u00fbt des pi\u00e8ces, qui sont d\u00e9termin\u00e9es \u00e0 la vol\u00e9e, apr\u00e8s d\u00e9montage de l'ordinateur. Apr\u00e8s le diagnostic gratuit, que nous effectuerons dans un d\u00e9lai d'un jour, nous vous fournirons une liste des pannes, des prix et un d\u00e9lai. Les r\u00e9parations prennent g\u00e9n\u00e9ralement de 1 \u00e0 4 jours.<\/p>","protected":false},"excerpt":{"rendered":"<p>Les prix ne comprennent pas le co\u00fbt des pi\u00e8ces, qui sont d\u00e9termin\u00e9es \u00e0 la vol\u00e9e, apr\u00e8s d\u00e9montage de l'ordinateur. Apr\u00e8s un diagnostic gratuit sous 1 jour, nous fournirons...<\/p>","protected":false},"author":1,"featured_media":0,"parent":14,"menu_order":0,"comment_status":"closed","ping_status":"closed","template":"","meta":{"_uag_custom_page_level_css":"","footnotes":""},"class_list":["post-1830","page","type-page","status-publish","hentry"],"yoast_head":"<!-- This site is optimized with the Yoast SEO plugin v27.5 - https:\/\/yoast.com\/product\/yoast-seo-wordpress\/ -->\n<title>Kompiuteri\u0173 taisymo kainora\u0161tis Vilniuje, Kaune, Klaip\u0117doje, \u0160iauliuose<\/title>\n<meta name=\"robots\" content=\"index, follow, max-snippet:-1, max-image-preview:large, max-video-preview:-1\" \/>\n<link rel=\"canonical\" href=\"https:\/\/elmeistrai.lt\/fr\/kompiuteriu-remontas\/kompiuteriu-taisymo-kainorastis\/\" \/>\n<meta property=\"og:locale\" content=\"fr_FR\" \/>\n<meta property=\"og:type\" content=\"article\" \/>\n<meta property=\"og:title\" content=\"Kompiuteri\u0173 taisymo kainora\u0161tis Vilniuje, Kaune, Klaip\u0117doje, \u0160iauliuose\" \/>\n<meta property=\"og:description\" content=\"\u012e kainas ne\u012fskai\u010diuotos detali\u0173 kainos, kurios yra nustatotomos eigoje, i\u0161ard\u017eius kompiuter\u012f. Po nemokamos diagnostikos, kuri\u0105 atliksime per 1 d.d., pateiksime...\" \/>\n<meta property=\"og:url\" content=\"https:\/\/elmeistrai.lt\/fr\/kompiuteriu-remontas\/kompiuteriu-taisymo-kainorastis\/\" \/>\n<meta property=\"og:site_name\" content=\"Vilniuje, Kaune, Klaip\u0117doje, \u0160iauliuose\" \/>\n<meta property=\"article:publisher\" content=\"https:\/\/www.facebook.com\/elmeistrai.lt\/\" \/>\n<meta property=\"article:modified_time\" content=\"2023-03-09T20:38:02+00:00\" \/>\n<meta name=\"twitter:card\" content=\"summary_large_image\" \/>\n<meta name=\"twitter:label1\" content=\"Dur\u00e9e de lecture estim\u00e9e\" \/>\n\t<meta name=\"twitter:data1\" content=\"1 minute\" \/>\n<script type=\"application\/ld+json\" class=\"yoast-schema-graph\">{\"@context\":\"https:\\\/\\\/schema.org\",\"@graph\":[{\"@type\":\"NewsArticle\",\"@id\":\"https:\\\/\\\/elmeistrai.lt\\\/kompiuteriu-remontas\\\/kompiuteriu-taisymo-kainorastis\\\/#article\",\"isPartOf\":{\"@id\":\"https:\\\/\\\/elmeistrai.lt\\\/kompiuteriu-remontas\\\/kompiuteriu-taisymo-kainorastis\\\/\"},\"author\":{\"name\":\"elMeistrai\",\"@id\":\"https:\\\/\\\/elmeistrai.lt\\\/#\\\/schema\\\/person\\\/6363b621eb9606785f7f2ae9a52987f7\"},\"headline\":\"Kompiuteri\u0173 taisymo kainora\u0161tis\",\"datePublished\":\"2022-09-28T21:06:21+00:00\",\"dateModified\":\"2023-03-09T20:38:02+00:00\",\"mainEntityOfPage\":{\"@id\":\"https:\\\/\\\/elmeistrai.lt\\\/kompiuteriu-remontas\\\/kompiuteriu-taisymo-kainorastis\\\/\"},\"wordCount\":202,\"publisher\":{\"@id\":\"https:\\\/\\\/elmeistrai.lt\\\/#organization\"},\"inLanguage\":\"fr-FR\"},{\"@type\":[\"WebPage\",\"ItemPage\"],\"@id\":\"https:\\\/\\\/elmeistrai.lt\\\/kompiuteriu-remontas\\\/kompiuteriu-taisymo-kainorastis\\\/\",\"url\":\"https:\\\/\\\/elmeistrai.lt\\\/kompiuteriu-remontas\\\/kompiuteriu-taisymo-kainorastis\\\/\",\"name\":\"Kompiuteri\u0173 taisymo kainora\u0161tis Vilniuje, Kaune, Klaip\u0117doje, \u0160iauliuose\",\"isPartOf\":{\"@id\":\"https:\\\/\\\/elmeistrai.lt\\\/#website\"},\"datePublished\":\"2022-09-28T21:06:21+00:00\",\"dateModified\":\"2023-03-09T20:38:02+00:00\",\"breadcrumb\":{\"@id\":\"https:\\\/\\\/elmeistrai.lt\\\/kompiuteriu-remontas\\\/kompiuteriu-taisymo-kainorastis\\\/#breadcrumb\"},\"inLanguage\":\"fr-FR\",\"potentialAction\":[{\"@type\":\"ReadAction\",\"target\":[\"https:\\\/\\\/elmeistrai.lt\\\/kompiuteriu-remontas\\\/kompiuteriu-taisymo-kainorastis\\\/\"]}]},{\"@type\":\"BreadcrumbList\",\"@id\":\"https:\\\/\\\/elmeistrai.lt\\\/kompiuteriu-remontas\\\/kompiuteriu-taisymo-kainorastis\\\/#breadcrumb\",\"itemListElement\":[{\"@type\":\"ListItem\",\"position\":1,\"name\":\"Home\",\"item\":\"https:\\\/\\\/elmeistrai.lt\\\/\"},{\"@type\":\"ListItem\",\"position\":2,\"name\":\"Profesionalus kompiuteri\u0173 remontas Vilniuje, Kaune, Klaip\u0117doje ir \u0160iauliuose\",\"item\":\"https:\\\/\\\/elmeistrai.lt\\\/kompiuteriu-remontas\\\/\"},{\"@type\":\"ListItem\",\"position\":3,\"name\":\"Kompiuteri\u0173 taisymo kainora\u0161tis\"}]},{\"@type\":\"WebSite\",\"@id\":\"https:\\\/\\\/elmeistrai.lt\\\/#website\",\"url\":\"https:\\\/\\\/elmeistrai.lt\\\/\",\"name\":\"Vilniuje, Kaune, Klaip\u0117doje, \u0160iauliuose\",\"description\":\"Nam\u0173 ir verslo elektronikos prietais\u0173 remontas. Kase\u010di\u0173 pildymas.\",\"publisher\":{\"@id\":\"https:\\\/\\\/elmeistrai.lt\\\/#organization\"},\"potentialAction\":[{\"@type\":\"SearchAction\",\"target\":{\"@type\":\"EntryPoint\",\"urlTemplate\":\"https:\\\/\\\/elmeistrai.lt\\\/?s={search_term_string}\"},\"query-input\":{\"@type\":\"PropertyValueSpecification\",\"valueRequired\":true,\"valueName\":\"search_term_string\"}}],\"inLanguage\":\"fr-FR\"},{\"@type\":\"Organization\",\"@id\":\"https:\\\/\\\/elmeistrai.lt\\\/#organization\",\"name\":\"elMeistrai.lt\",\"alternateName\":\"Kavos aparat\u0173, paspirtuk\u0173, televizori\u0173, kompiuteri\u0173, telefon\u0173 ir kt. technikos remontas\",\"url\":\"https:\\\/\\\/elmeistrai.lt\\\/\",\"logo\":{\"@type\":\"ImageObject\",\"inLanguage\":\"fr-FR\",\"@id\":\"https:\\\/\\\/elmeistrai.lt\\\/#\\\/schema\\\/logo\\\/image\\\/\",\"url\":\"https:\\\/\\\/elmeistrai.lt\\\/wp-content\\\/uploads\\\/2022\\\/09\\\/elmeistrai_logo.jpg\",\"contentUrl\":\"https:\\\/\\\/elmeistrai.lt\\\/wp-content\\\/uploads\\\/2022\\\/09\\\/elmeistrai_logo.jpg\",\"width\":556,\"height\":143,\"caption\":\"elMeistrai.lt\"},\"image\":{\"@id\":\"https:\\\/\\\/elmeistrai.lt\\\/#\\\/schema\\\/logo\\\/image\\\/\"},\"sameAs\":[\"https:\\\/\\\/www.facebook.com\\\/elmeistrai.lt\\\/\"]},{\"@type\":\"Person\",\"@id\":\"https:\\\/\\\/elmeistrai.lt\\\/#\\\/schema\\\/person\\\/6363b621eb9606785f7f2ae9a52987f7\",\"name\":\"elMeistrai\",\"image\":{\"@type\":\"ImageObject\",\"inLanguage\":\"fr-FR\",\"@id\":\"https:\\\/\\\/secure.gravatar.com\\\/avatar\\\/052f2d9640381d6904c5c0676ac3cc3d7ad734def78df3657e571451cad9870d?s=96&d=mm&r=g\",\"url\":\"https:\\\/\\\/secure.gravatar.com\\\/avatar\\\/052f2d9640381d6904c5c0676ac3cc3d7ad734def78df3657e571451cad9870d?s=96&d=mm&r=g\",\"contentUrl\":\"https:\\\/\\\/secure.gravatar.com\\\/avatar\\\/052f2d9640381d6904c5c0676ac3cc3d7ad734def78df3657e571451cad9870d?s=96&d=mm&r=g\",\"caption\":\"elMeistrai\"},\"url\":\"https:\\\/\\\/elmeistrai.lt\\\/fr\\\/author\\\/yipkxe\\\/\"}]}<\/script>\n<!-- \/ Yoast SEO plugin. -->","yoast_head_json":{"title":"Kompiuteri\u0173 taisymo kainora\u0161tis Vilniuje, Kaune, Klaip\u0117doje, \u0160iauliuose","robots":{"index":"index","follow":"follow","max-snippet":"max-snippet:-1","max-image-preview":"max-image-preview:large","max-video-preview":"max-video-preview:-1"},"canonical":"https:\/\/elmeistrai.lt\/fr\/kompiuteriu-remontas\/kompiuteriu-taisymo-kainorastis\/","og_locale":"fr_FR","og_type":"article","og_title":"Kompiuteri\u0173 taisymo kainora\u0161tis Vilniuje, Kaune, Klaip\u0117doje, \u0160iauliuose","og_description":"\u012e kainas ne\u012fskai\u010diuotos detali\u0173 kainos, kurios yra nustatotomos eigoje, i\u0161ard\u017eius kompiuter\u012f. Po nemokamos diagnostikos, kuri\u0105 atliksime per 1 d.d., pateiksime...","og_url":"https:\/\/elmeistrai.lt\/fr\/kompiuteriu-remontas\/kompiuteriu-taisymo-kainorastis\/","og_site_name":"Vilniuje, Kaune, Klaip\u0117doje, \u0160iauliuose","article_publisher":"https:\/\/www.facebook.com\/elmeistrai.lt\/","article_modified_time":"2023-03-09T20:38:02+00:00","twitter_card":"summary_large_image","twitter_misc":{"Dur\u00e9e de lecture estim\u00e9e":"1 minute"},"schema":{"@context":"https:\/\/schema.org","@graph":[{"@type":"NewsArticle","@id":"https:\/\/elmeistrai.lt\/kompiuteriu-remontas\/kompiuteriu-taisymo-kainorastis\/#article","isPartOf":{"@id":"https:\/\/elmeistrai.lt\/kompiuteriu-remontas\/kompiuteriu-taisymo-kainorastis\/"},"author":{"name":"elMeistrai","@id":"https:\/\/elmeistrai.lt\/#\/schema\/person\/6363b621eb9606785f7f2ae9a52987f7"},"headline":"Kompiuteri\u0173 taisymo kainora\u0161tis","datePublished":"2022-09-28T21:06:21+00:00","dateModified":"2023-03-09T20:38:02+00:00","mainEntityOfPage":{"@id":"https:\/\/elmeistrai.lt\/kompiuteriu-remontas\/kompiuteriu-taisymo-kainorastis\/"},"wordCount":202,"publisher":{"@id":"https:\/\/elmeistrai.lt\/#organization"},"inLanguage":"fr-FR"},{"@type":["WebPage","ItemPage"],"@id":"https:\/\/elmeistrai.lt\/kompiuteriu-remontas\/kompiuteriu-taisymo-kainorastis\/","url":"https:\/\/elmeistrai.lt\/kompiuteriu-remontas\/kompiuteriu-taisymo-kainorastis\/","name":"Kompiuteri\u0173 taisymo kainora\u0161tis Vilniuje, Kaune, Klaip\u0117doje, \u0160iauliuose","isPartOf":{"@id":"https:\/\/elmeistrai.lt\/#website"},"datePublished":"2022-09-28T21:06:21+00:00","dateModified":"2023-03-09T20:38:02+00:00","breadcrumb":{"@id":"https:\/\/elmeistrai.lt\/kompiuteriu-remontas\/kompiuteriu-taisymo-kainorastis\/#breadcrumb"},"inLanguage":"fr-FR","potentialAction":[{"@type":"ReadAction","target":["https:\/\/elmeistrai.lt\/kompiuteriu-remontas\/kompiuteriu-taisymo-kainorastis\/"]}]},{"@type":"BreadcrumbList","@id":"https:\/\/elmeistrai.lt\/kompiuteriu-remontas\/kompiuteriu-taisymo-kainorastis\/#breadcrumb","itemListElement":[{"@type":"ListItem","position":1,"name":"Home","item":"https:\/\/elmeistrai.lt\/"},{"@type":"ListItem","position":2,"name":"Profesionalus kompiuteri\u0173 remontas Vilniuje, Kaune, Klaip\u0117doje ir \u0160iauliuose","item":"https:\/\/elmeistrai.lt\/kompiuteriu-remontas\/"},{"@type":"ListItem","position":3,"name":"Kompiuteri\u0173 taisymo kainora\u0161tis"}]},{"@type":"WebSite","@id":"https:\/\/elmeistrai.lt\/#website","url":"https:\/\/elmeistrai.lt\/","name":"Vilnius, Kaunas, Klaip\u0117da, \u0160iauliai","description":"R\u00e9paration d'appareils \u00e9lectroniques domestiques et professionnels. Remplissage de cartouches.","publisher":{"@id":"https:\/\/elmeistrai.lt\/#organization"},"potentialAction":[{"@type":"SearchAction","target":{"@type":"EntryPoint","urlTemplate":"https:\/\/elmeistrai.lt\/?s={search_term_string}"},"query-input":{"@type":"PropertyValueSpecification","valueRequired":true,"valueName":"search_term_string"}}],"inLanguage":"fr-FR"},{"@type":"Organization","@id":"https:\/\/elmeistrai.lt\/#organization","name":"elMeistrai.lt","alternateName":"Kavos aparat\u0173, paspirtuk\u0173, televizori\u0173, kompiuteri\u0173, telefon\u0173 ir kt. technikos remontas","url":"https:\/\/elmeistrai.lt\/","logo":{"@type":"ImageObject","inLanguage":"fr-FR","@id":"https:\/\/elmeistrai.lt\/#\/schema\/logo\/image\/","url":"https:\/\/elmeistrai.lt\/wp-content\/uploads\/2022\/09\/elmeistrai_logo.jpg","contentUrl":"https:\/\/elmeistrai.lt\/wp-content\/uploads\/2022\/09\/elmeistrai_logo.jpg","width":556,"height":143,"caption":"elMeistrai.lt"},"image":{"@id":"https:\/\/elmeistrai.lt\/#\/schema\/logo\/image\/"},"sameAs":["https:\/\/www.facebook.com\/elmeistrai.lt\/"]},{"@type":"Person","@id":"https:\/\/elmeistrai.lt\/#\/schema\/person\/6363b621eb9606785f7f2ae9a52987f7","name":"elMeistrai","image":{"@type":"ImageObject","inLanguage":"fr-FR","@id":"https:\/\/secure.gravatar.com\/avatar\/052f2d9640381d6904c5c0676ac3cc3d7ad734def78df3657e571451cad9870d?s=96&d=mm&r=g","url":"https:\/\/secure.gravatar.com\/avatar\/052f2d9640381d6904c5c0676ac3cc3d7ad734def78df3657e571451cad9870d?s=96&d=mm&r=g","contentUrl":"https:\/\/secure.gravatar.com\/avatar\/052f2d9640381d6904c5c0676ac3cc3d7ad734def78df3657e571451cad9870d?s=96&d=mm&r=g","caption":"elMeistrai"},"url":"https:\/\/elmeistrai.lt\/fr\/author\/yipkxe\/"}]}},"uagb_featured_image_src":{"full":false,"thumbnail":false,"medium":false,"medium_large":false,"large":false,"1536x1536":false,"2048x2048":false,"trp-custom-language-flag":false,"writemag-1218w-autoh-image":false,"writemag-675w-autoh-image":false,"writemag-100w-100h-image":false},"uagb_author_info":{"display_name":"elMeistrai","author_link":"https:\/\/elmeistrai.lt\/fr\/author\/yipkxe\/"},"uagb_comment_info":0,"uagb_excerpt":"\u012e kainas ne\u012fskai\u010diuotos detali\u0173 kainos, kurios yra nustatotomos eigoje, i\u0161ard\u017eius kompiuter\u012f. Po nemokamos diagnostikos, kuri\u0105 atliksime per 1 d.d., pateiksime...","rttpg_featured_image_url":null,"rttpg_author":{"display_name":"elMeistrai","author_link":"https:\/\/elmeistrai.lt\/fr\/author\/yipkxe\/"},"rttpg_comment":0,"rttpg_category":null,"rttpg_excerpt":"\u012e kainas ne\u012fskai\u010diuotos detali\u0173 kainos, kurios yra nustatotomos eigoje, i\u0161ard\u017eius kompiuter\u012f. Po nemokamos diagnostikos, kuri\u0105 atliksime per 1 d.d., pateiksime...","_links":{"self":[{"href":"https:\/\/elmeistrai.lt\/fr\/wp-json\/wp\/v2\/pages\/1830","targetHints":{"allow":["GET"]}}],"collection":[{"href":"https:\/\/elmeistrai.lt\/fr\/wp-json\/wp\/v2\/pages"}],"about":[{"href":"https:\/\/elmeistrai.lt\/fr\/wp-json\/wp\/v2\/types\/page"}],"author":[{"embeddable":true,"href":"https:\/\/elmeistrai.lt\/fr\/wp-json\/wp\/v2\/users\/1"}],"replies":[{"embeddable":true,"href":"https:\/\/elmeistrai.lt\/fr\/wp-json\/wp\/v2\/comments?post=1830"}],"version-history":[{"count":5,"href":"https:\/\/elmeistrai.lt\/fr\/wp-json\/wp\/v2\/pages\/1830\/revisions"}],"predecessor-version":[{"id":2271,"href":"https:\/\/elmeistrai.lt\/fr\/wp-json\/wp\/v2\/pages\/1830\/revisions\/2271"}],"up":[{"embeddable":true,"href":"https:\/\/elmeistrai.lt\/fr\/wp-json\/wp\/v2\/pages\/14"}],"wp:attachment":[{"href":"https:\/\/elmeistrai.lt\/fr\/wp-json\/wp\/v2\/media?parent=1830"}],"curies":[{"name":"wp","href":"https:\/\/api.w.org\/{rel}","templated":true}]}}