{"id":8679,"date":"2026-02-20T14:39:23","date_gmt":"2026-02-20T12:39:23","guid":{"rendered":"https:\/\/elmeistrai.lt\/?page_id=8679"},"modified":"2026-02-20T14:56:08","modified_gmt":"2026-02-20T12:56:08","slug":"profesionalus-kavos-aparatu-remontas-siauliuose","status":"publish","type":"page","link":"https:\/\/elmeistrai.lt\/es\/profesionalus-kavos-aparatu-remontas-siauliuose\/","title":{"rendered":"Profesionalus kavos aparat\u0173 remontas \u0160iauliuose"},"content":{"rendered":"<div class=\"wp-block-uagb-container uagb-block-2fb4b4ea alignfull uagb-is-root-container\"><div class=\"uagb-container-inner-blocks-wrap\">\n<div class=\"wp-block-uagb-container uagb-block-89000d22\">\n<p><strong>Profesionalus kavos aparat\u0173 remontas   \u0160iauliuose<\/strong> <strong>&#8222;elMeistrai&#8221;<\/strong>\u2013 tai patikima ir kokybi\u0161ka paslauga, skirta visiems, kuriems svarbi nepriekai\u0161tinga kavos skonio patirtis namuose ar versle. Sugedus kavos aparatui, diagnostika ir meistri\u0161kas gedim\u0173 \u0161alinimas padeda sugr\u0105\u017einti \u012frengin\u012f \u012f darbin\u0119 b\u016bkl\u0119 ir u\u017etikrinti, kad kiekvienas rytas prasid\u0117t\u0173 su gard\u017eia kava. \u0160iauliuose specialistai dirba su \u012fvairi\u0173 gamintoj\u0173 aparatais, atlieka piln\u0105 remonto proces\u0105 \u2013 nuo problemos nustatymo iki profilaktin\u0117s prie\u017ei\u016bros bei nukalkinimo \u2013 siekdami greit\u0173 ir patikim\u0173 rezultat\u0173.<\/p>\n<\/div>\n\n\n\n<div class=\"wp-block-uagb-container uagb-block-6c6b3ba8\">\n<figure class=\"wp-block-image size-full\"><img loading=\"lazy\" decoding=\"async\" width=\"612\" height=\"408\" src=\"https:\/\/elmeistrai.lt\/wp-content\/uploads\/2026\/02\/6.jpg\" alt=\"\" class=\"wp-image-8684\" srcset=\"https:\/\/elmeistrai.lt\/wp-content\/uploads\/2026\/02\/6.jpg 612w, https:\/\/elmeistrai.lt\/wp-content\/uploads\/2026\/02\/6-300x200.jpg 300w, https:\/\/elmeistrai.lt\/wp-content\/uploads\/2026\/02\/6-18x12.jpg 18w\" sizes=\"auto, (max-width: 612px) 100vw, 612px\" \/><\/figure>\n\n\n\n<ul class=\"wp-block-list\">\n<li><strong>\u0160iauliuose<\/strong>\u00a0\u2013 Gegu\u017ei\u0173 g. 30 \u201cArena\u201d\u00a0<a href=\"tel:+37068229052\">+370-682-29052<\/a><\/li>\n<\/ul>\n<\/div>\n<\/div><\/div>\n\n\n\n<figure class=\"wp-block-image size-full\"><img loading=\"lazy\" decoding=\"async\" width=\"612\" height=\"459\" src=\"https:\/\/elmeistrai.lt\/wp-content\/uploads\/2026\/02\/9.jpg\" alt=\"\" class=\"wp-image-8687\" srcset=\"https:\/\/elmeistrai.lt\/wp-content\/uploads\/2026\/02\/9.jpg 612w, https:\/\/elmeistrai.lt\/wp-content\/uploads\/2026\/02\/9-300x225.jpg 300w, https:\/\/elmeistrai.lt\/wp-content\/uploads\/2026\/02\/9-16x12.jpg 16w\" sizes=\"auto, (max-width: 612px) 100vw, 612px\" \/><\/figure>\n\n\n\n<p>Kavos aparat\u0173 gedimai \u2013 da\u017ena problema tiek namuose, tiek biuruose. Ilgainiui \u012frenginiuose kaupiasi kalki\u0173 nuos\u0117dos, d\u0117visi tarpin\u0117s, u\u017esikem\u0161a vandens ar kavos sistemos, gali sutrikti siurblio ar kaitinimo elemento veikimas. Taip pat pasitaiko elektronikos gedim\u0173, kai aparatas nebe\u012fsijungia, rodo klaidos prane\u0161imus ar nebereaguoja \u012f nustatymus.<\/p>\n\n\n\n<p>Laiku pasteb\u0117ti po\u017eymiai, tokie kaip silpnesn\u0117 kavos srov\u0117, pakit\u0119s skonis, ne\u012fprasti garsai ar vandens pratek\u0117jimas, padeda i\u0161vengti rimtesni\u0173 ir brangesni\u0173 taisym\u0173. Reguliari profilaktin\u0117 prie\u017ei\u016bra ir profesionali diagnostika u\u017etikrina ilgesn\u012f kavos aparato tarnavimo laik\u0105 bei nepriekai\u0161ting\u0105 jo veikim\u0105.<\/p>\n\n\n\n<p><strong>Nedelskite \u2013 kuo grei\u010diau kreipsit\u0117s, tuo paprastesnis ir pigesnis bus remontas!<\/strong><\/p>","protected":false},"excerpt":{"rendered":"<p>Profesionalus kavos aparat\u0173 remontas \u0160iauliuose &#8222;elMeistrai&#8221;\u2013 tai patikima ir kokybi\u0161ka paslauga, skirta visiems, kuriems svarbi nepriekai\u0161tinga kavos skonio patirtis namuose&#8230;<\/p>","protected":false},"author":1,"featured_media":0,"parent":0,"menu_order":0,"comment_status":"closed","ping_status":"closed","template":"","meta":{"_uag_custom_page_level_css":"","footnotes":""},"class_list":["post-8679","page","type-page","status-publish","hentry"],"yoast_head":"<!-- This site is optimized with the Yoast SEO plugin v27.4 - https:\/\/yoast.com\/product\/yoast-seo-wordpress\/ -->\n<title>Profesionalus kavos aparat\u0173 remontas \u0160iauliuose Vilniuje, Kaune, Klaip\u0117doje, \u0160iauliuose<\/title>\n<meta name=\"robots\" content=\"index, follow, max-snippet:-1, max-image-preview:large, max-video-preview:-1\" \/>\n<link rel=\"canonical\" href=\"https:\/\/elmeistrai.lt\/es\/profesionalus-kavos-aparatu-remontas-siauliuose\/\" \/>\n<meta property=\"og:locale\" content=\"es_ES\" \/>\n<meta property=\"og:type\" content=\"article\" \/>\n<meta property=\"og:title\" content=\"Profesionalus kavos aparat\u0173 remontas \u0160iauliuose Vilniuje, Kaune, Klaip\u0117doje, \u0160iauliuose\" \/>\n<meta property=\"og:description\" content=\"Profesionalus kavos aparat\u0173 remontas \u0160iauliuose &#8222;elMeistrai&#8221;\u2013 tai patikima ir kokybi\u0161ka paslauga, skirta visiems, kuriems svarbi nepriekai\u0161tinga kavos skonio patirtis namuose...\" \/>\n<meta property=\"og:url\" content=\"https:\/\/elmeistrai.lt\/es\/profesionalus-kavos-aparatu-remontas-siauliuose\/\" \/>\n<meta property=\"og:site_name\" content=\"Vilniuje, Kaune, Klaip\u0117doje, \u0160iauliuose\" \/>\n<meta property=\"article:publisher\" content=\"https:\/\/www.facebook.com\/elmeistrai.lt\/\" \/>\n<meta property=\"article:modified_time\" content=\"2026-02-20T12:56:08+00:00\" \/>\n<meta property=\"og:image\" content=\"https:\/\/elmeistrai.lt\/wp-content\/uploads\/2026\/02\/6.jpg\" \/>\n\t<meta property=\"og:image:width\" content=\"612\" \/>\n\t<meta property=\"og:image:height\" content=\"408\" \/>\n\t<meta property=\"og:image:type\" content=\"image\/jpeg\" \/>\n<meta name=\"twitter:card\" content=\"summary_large_image\" \/>\n<meta name=\"twitter:label1\" content=\"Tiempo de lectura\" \/>\n\t<meta name=\"twitter:data1\" content=\"2 minutos\" \/>\n<script type=\"application\/ld+json\" class=\"yoast-schema-graph\">{\"@context\":\"https:\\\/\\\/schema.org\",\"@graph\":[{\"@type\":\"NewsArticle\",\"@id\":\"https:\\\/\\\/elmeistrai.lt\\\/profesionalus-kavos-aparatu-remontas-siauliuose\\\/#article\",\"isPartOf\":{\"@id\":\"https:\\\/\\\/elmeistrai.lt\\\/profesionalus-kavos-aparatu-remontas-siauliuose\\\/\"},\"author\":{\"name\":\"elMeistrai\",\"@id\":\"https:\\\/\\\/elmeistrai.lt\\\/#\\\/schema\\\/person\\\/6363b621eb9606785f7f2ae9a52987f7\"},\"headline\":\"Profesionalus kavos aparat\u0173 remontas \u0160iauliuose\",\"datePublished\":\"2026-02-20T12:39:23+00:00\",\"dateModified\":\"2026-02-20T12:56:08+00:00\",\"mainEntityOfPage\":{\"@id\":\"https:\\\/\\\/elmeistrai.lt\\\/profesionalus-kavos-aparatu-remontas-siauliuose\\\/\"},\"wordCount\":200,\"publisher\":{\"@id\":\"https:\\\/\\\/elmeistrai.lt\\\/#organization\"},\"image\":{\"@id\":\"https:\\\/\\\/elmeistrai.lt\\\/profesionalus-kavos-aparatu-remontas-siauliuose\\\/#primaryimage\"},\"thumbnailUrl\":\"https:\\\/\\\/elmeistrai.lt\\\/wp-content\\\/uploads\\\/2026\\\/02\\\/6.jpg\",\"inLanguage\":\"es\"},{\"@type\":[\"WebPage\",\"ItemPage\"],\"@id\":\"https:\\\/\\\/elmeistrai.lt\\\/profesionalus-kavos-aparatu-remontas-siauliuose\\\/\",\"url\":\"https:\\\/\\\/elmeistrai.lt\\\/profesionalus-kavos-aparatu-remontas-siauliuose\\\/\",\"name\":\"Profesionalus kavos aparat\u0173 remontas \u0160iauliuose Vilniuje, Kaune, Klaip\u0117doje, \u0160iauliuose\",\"isPartOf\":{\"@id\":\"https:\\\/\\\/elmeistrai.lt\\\/#website\"},\"primaryImageOfPage\":{\"@id\":\"https:\\\/\\\/elmeistrai.lt\\\/profesionalus-kavos-aparatu-remontas-siauliuose\\\/#primaryimage\"},\"image\":{\"@id\":\"https:\\\/\\\/elmeistrai.lt\\\/profesionalus-kavos-aparatu-remontas-siauliuose\\\/#primaryimage\"},\"thumbnailUrl\":\"https:\\\/\\\/elmeistrai.lt\\\/wp-content\\\/uploads\\\/2026\\\/02\\\/6.jpg\",\"datePublished\":\"2026-02-20T12:39:23+00:00\",\"dateModified\":\"2026-02-20T12:56:08+00:00\",\"breadcrumb\":{\"@id\":\"https:\\\/\\\/elmeistrai.lt\\\/profesionalus-kavos-aparatu-remontas-siauliuose\\\/#breadcrumb\"},\"inLanguage\":\"es\",\"potentialAction\":[{\"@type\":\"ReadAction\",\"target\":[\"https:\\\/\\\/elmeistrai.lt\\\/profesionalus-kavos-aparatu-remontas-siauliuose\\\/\"]}]},{\"@type\":\"ImageObject\",\"inLanguage\":\"es\",\"@id\":\"https:\\\/\\\/elmeistrai.lt\\\/profesionalus-kavos-aparatu-remontas-siauliuose\\\/#primaryimage\",\"url\":\"https:\\\/\\\/elmeistrai.lt\\\/wp-content\\\/uploads\\\/2026\\\/02\\\/6.jpg\",\"contentUrl\":\"https:\\\/\\\/elmeistrai.lt\\\/wp-content\\\/uploads\\\/2026\\\/02\\\/6.jpg\"},{\"@type\":\"BreadcrumbList\",\"@id\":\"https:\\\/\\\/elmeistrai.lt\\\/profesionalus-kavos-aparatu-remontas-siauliuose\\\/#breadcrumb\",\"itemListElement\":[{\"@type\":\"ListItem\",\"position\":1,\"name\":\"Home\",\"item\":\"https:\\\/\\\/elmeistrai.lt\\\/\"},{\"@type\":\"ListItem\",\"position\":2,\"name\":\"Profesionalus kavos aparat\u0173 remontas \u0160iauliuose\"}]},{\"@type\":\"WebSite\",\"@id\":\"https:\\\/\\\/elmeistrai.lt\\\/#website\",\"url\":\"https:\\\/\\\/elmeistrai.lt\\\/\",\"name\":\"Vilniuje, Kaune, Klaip\u0117doje, \u0160iauliuose\",\"description\":\"Nam\u0173 ir verslo elektronikos prietais\u0173 remontas. Kase\u010di\u0173 pildymas.\",\"publisher\":{\"@id\":\"https:\\\/\\\/elmeistrai.lt\\\/#organization\"},\"potentialAction\":[{\"@type\":\"SearchAction\",\"target\":{\"@type\":\"EntryPoint\",\"urlTemplate\":\"https:\\\/\\\/elmeistrai.lt\\\/?s={search_term_string}\"},\"query-input\":{\"@type\":\"PropertyValueSpecification\",\"valueRequired\":true,\"valueName\":\"search_term_string\"}}],\"inLanguage\":\"es\"},{\"@type\":\"Organization\",\"@id\":\"https:\\\/\\\/elmeistrai.lt\\\/#organization\",\"name\":\"elMeistrai.lt\",\"alternateName\":\"Kavos aparat\u0173, paspirtuk\u0173, televizori\u0173, kompiuteri\u0173, telefon\u0173 ir kt. technikos remontas\",\"url\":\"https:\\\/\\\/elmeistrai.lt\\\/\",\"logo\":{\"@type\":\"ImageObject\",\"inLanguage\":\"es\",\"@id\":\"https:\\\/\\\/elmeistrai.lt\\\/#\\\/schema\\\/logo\\\/image\\\/\",\"url\":\"https:\\\/\\\/elmeistrai.lt\\\/wp-content\\\/uploads\\\/2022\\\/09\\\/elmeistrai_logo.jpg\",\"contentUrl\":\"https:\\\/\\\/elmeistrai.lt\\\/wp-content\\\/uploads\\\/2022\\\/09\\\/elmeistrai_logo.jpg\",\"width\":556,\"height\":143,\"caption\":\"elMeistrai.lt\"},\"image\":{\"@id\":\"https:\\\/\\\/elmeistrai.lt\\\/#\\\/schema\\\/logo\\\/image\\\/\"},\"sameAs\":[\"https:\\\/\\\/www.facebook.com\\\/elmeistrai.lt\\\/\"]},{\"@type\":\"Person\",\"@id\":\"https:\\\/\\\/elmeistrai.lt\\\/#\\\/schema\\\/person\\\/6363b621eb9606785f7f2ae9a52987f7\",\"name\":\"elMeistrai\",\"image\":{\"@type\":\"ImageObject\",\"inLanguage\":\"es\",\"@id\":\"https:\\\/\\\/secure.gravatar.com\\\/avatar\\\/052f2d9640381d6904c5c0676ac3cc3d7ad734def78df3657e571451cad9870d?s=96&d=mm&r=g\",\"url\":\"https:\\\/\\\/secure.gravatar.com\\\/avatar\\\/052f2d9640381d6904c5c0676ac3cc3d7ad734def78df3657e571451cad9870d?s=96&d=mm&r=g\",\"contentUrl\":\"https:\\\/\\\/secure.gravatar.com\\\/avatar\\\/052f2d9640381d6904c5c0676ac3cc3d7ad734def78df3657e571451cad9870d?s=96&d=mm&r=g\",\"caption\":\"elMeistrai\"},\"url\":\"https:\\\/\\\/elmeistrai.lt\\\/es\\\/author\\\/yipkxe\\\/\"}]}<\/script>\n<!-- \/ Yoast SEO plugin. -->","yoast_head_json":{"title":"Profesionalus kavos aparat\u0173 remontas \u0160iauliuose Vilniuje, Kaune, Klaip\u0117doje, \u0160iauliuose","robots":{"index":"index","follow":"follow","max-snippet":"max-snippet:-1","max-image-preview":"max-image-preview:large","max-video-preview":"max-video-preview:-1"},"canonical":"https:\/\/elmeistrai.lt\/es\/profesionalus-kavos-aparatu-remontas-siauliuose\/","og_locale":"es_ES","og_type":"article","og_title":"Profesionalus kavos aparat\u0173 remontas \u0160iauliuose Vilniuje, Kaune, Klaip\u0117doje, \u0160iauliuose","og_description":"Profesionalus kavos aparat\u0173 remontas \u0160iauliuose &#8222;elMeistrai&#8221;\u2013 tai patikima ir kokybi\u0161ka paslauga, skirta visiems, kuriems svarbi nepriekai\u0161tinga kavos skonio patirtis namuose...","og_url":"https:\/\/elmeistrai.lt\/es\/profesionalus-kavos-aparatu-remontas-siauliuose\/","og_site_name":"Vilniuje, Kaune, Klaip\u0117doje, \u0160iauliuose","article_publisher":"https:\/\/www.facebook.com\/elmeistrai.lt\/","article_modified_time":"2026-02-20T12:56:08+00:00","og_image":[{"width":612,"height":408,"url":"https:\/\/elmeistrai.lt\/wp-content\/uploads\/2026\/02\/6.jpg","type":"image\/jpeg"}],"twitter_card":"summary_large_image","twitter_misc":{"Tiempo de lectura":"2 minutos"},"schema":{"@context":"https:\/\/schema.org","@graph":[{"@type":"NewsArticle","@id":"https:\/\/elmeistrai.lt\/profesionalus-kavos-aparatu-remontas-siauliuose\/#article","isPartOf":{"@id":"https:\/\/elmeistrai.lt\/profesionalus-kavos-aparatu-remontas-siauliuose\/"},"author":{"name":"elMeistrai","@id":"https:\/\/elmeistrai.lt\/#\/schema\/person\/6363b621eb9606785f7f2ae9a52987f7"},"headline":"Profesionalus kavos aparat\u0173 remontas \u0160iauliuose","datePublished":"2026-02-20T12:39:23+00:00","dateModified":"2026-02-20T12:56:08+00:00","mainEntityOfPage":{"@id":"https:\/\/elmeistrai.lt\/profesionalus-kavos-aparatu-remontas-siauliuose\/"},"wordCount":200,"publisher":{"@id":"https:\/\/elmeistrai.lt\/#organization"},"image":{"@id":"https:\/\/elmeistrai.lt\/profesionalus-kavos-aparatu-remontas-siauliuose\/#primaryimage"},"thumbnailUrl":"https:\/\/elmeistrai.lt\/wp-content\/uploads\/2026\/02\/6.jpg","inLanguage":"es"},{"@type":["WebPage","ItemPage"],"@id":"https:\/\/elmeistrai.lt\/profesionalus-kavos-aparatu-remontas-siauliuose\/","url":"https:\/\/elmeistrai.lt\/profesionalus-kavos-aparatu-remontas-siauliuose\/","name":"Profesionalus kavos aparat\u0173 remontas \u0160iauliuose Vilniuje, Kaune, Klaip\u0117doje, \u0160iauliuose","isPartOf":{"@id":"https:\/\/elmeistrai.lt\/#website"},"primaryImageOfPage":{"@id":"https:\/\/elmeistrai.lt\/profesionalus-kavos-aparatu-remontas-siauliuose\/#primaryimage"},"image":{"@id":"https:\/\/elmeistrai.lt\/profesionalus-kavos-aparatu-remontas-siauliuose\/#primaryimage"},"thumbnailUrl":"https:\/\/elmeistrai.lt\/wp-content\/uploads\/2026\/02\/6.jpg","datePublished":"2026-02-20T12:39:23+00:00","dateModified":"2026-02-20T12:56:08+00:00","breadcrumb":{"@id":"https:\/\/elmeistrai.lt\/profesionalus-kavos-aparatu-remontas-siauliuose\/#breadcrumb"},"inLanguage":"es","potentialAction":[{"@type":"ReadAction","target":["https:\/\/elmeistrai.lt\/profesionalus-kavos-aparatu-remontas-siauliuose\/"]}]},{"@type":"ImageObject","inLanguage":"es","@id":"https:\/\/elmeistrai.lt\/profesionalus-kavos-aparatu-remontas-siauliuose\/#primaryimage","url":"https:\/\/elmeistrai.lt\/wp-content\/uploads\/2026\/02\/6.jpg","contentUrl":"https:\/\/elmeistrai.lt\/wp-content\/uploads\/2026\/02\/6.jpg"},{"@type":"BreadcrumbList","@id":"https:\/\/elmeistrai.lt\/profesionalus-kavos-aparatu-remontas-siauliuose\/#breadcrumb","itemListElement":[{"@type":"ListItem","position":1,"name":"Home","item":"https:\/\/elmeistrai.lt\/"},{"@type":"ListItem","position":2,"name":"Profesionalus kavos aparat\u0173 remontas \u0160iauliuose"}]},{"@type":"WebSite","@id":"https:\/\/elmeistrai.lt\/#website","url":"https:\/\/elmeistrai.lt\/","name":"Vilnius, Kaunas, Klaip\u0117da, \u0160iauliai","description":"Reparaci\u00f3n de electr\u00f3nica dom\u00e9stica y empresarial. Recarga de cartuchos.","publisher":{"@id":"https:\/\/elmeistrai.lt\/#organization"},"potentialAction":[{"@type":"SearchAction","target":{"@type":"EntryPoint","urlTemplate":"https:\/\/elmeistrai.lt\/?s={search_term_string}"},"query-input":{"@type":"PropertyValueSpecification","valueRequired":true,"valueName":"search_term_string"}}],"inLanguage":"es"},{"@type":"Organization","@id":"https:\/\/elmeistrai.lt\/#organization","name":"elMeistrai.lt","alternateName":"Kavos aparat\u0173, paspirtuk\u0173, televizori\u0173, kompiuteri\u0173, telefon\u0173 ir kt. technikos remontas","url":"https:\/\/elmeistrai.lt\/","logo":{"@type":"ImageObject","inLanguage":"es","@id":"https:\/\/elmeistrai.lt\/#\/schema\/logo\/image\/","url":"https:\/\/elmeistrai.lt\/wp-content\/uploads\/2022\/09\/elmeistrai_logo.jpg","contentUrl":"https:\/\/elmeistrai.lt\/wp-content\/uploads\/2022\/09\/elmeistrai_logo.jpg","width":556,"height":143,"caption":"elMeistrai.lt"},"image":{"@id":"https:\/\/elmeistrai.lt\/#\/schema\/logo\/image\/"},"sameAs":["https:\/\/www.facebook.com\/elmeistrai.lt\/"]},{"@type":"Person","@id":"https:\/\/elmeistrai.lt\/#\/schema\/person\/6363b621eb9606785f7f2ae9a52987f7","name":"elMeistrai","image":{"@type":"ImageObject","inLanguage":"es","@id":"https:\/\/secure.gravatar.com\/avatar\/052f2d9640381d6904c5c0676ac3cc3d7ad734def78df3657e571451cad9870d?s=96&d=mm&r=g","url":"https:\/\/secure.gravatar.com\/avatar\/052f2d9640381d6904c5c0676ac3cc3d7ad734def78df3657e571451cad9870d?s=96&d=mm&r=g","contentUrl":"https:\/\/secure.gravatar.com\/avatar\/052f2d9640381d6904c5c0676ac3cc3d7ad734def78df3657e571451cad9870d?s=96&d=mm&r=g","caption":"elMeistrai"},"url":"https:\/\/elmeistrai.lt\/es\/author\/yipkxe\/"}]}},"uagb_featured_image_src":{"full":false,"thumbnail":false,"medium":false,"medium_large":false,"large":false,"1536x1536":false,"2048x2048":false,"trp-custom-language-flag":false,"writemag-1218w-autoh-image":false,"writemag-675w-autoh-image":false,"writemag-100w-100h-image":false},"uagb_author_info":{"display_name":"elMeistrai","author_link":"https:\/\/elmeistrai.lt\/es\/author\/yipkxe\/"},"uagb_comment_info":0,"uagb_excerpt":"Profesionalus kavos aparat\u0173 remontas \u0160iauliuose &#8222;elMeistrai&#8221;\u2013 tai patikima ir kokybi\u0161ka paslauga, skirta visiems, kuriems svarbi nepriekai\u0161tinga kavos skonio patirtis namuose...","rttpg_featured_image_url":null,"rttpg_author":{"display_name":"elMeistrai","author_link":"https:\/\/elmeistrai.lt\/es\/author\/yipkxe\/"},"rttpg_comment":0,"rttpg_category":null,"rttpg_excerpt":"Profesionalus kavos aparat\u0173 remontas \u0160iauliuose &#8222;elMeistrai&#8221;\u2013 tai patikima ir kokybi\u0161ka paslauga, skirta visiems, kuriems svarbi nepriekai\u0161tinga kavos skonio patirtis namuose...","_links":{"self":[{"href":"https:\/\/elmeistrai.lt\/es\/wp-json\/wp\/v2\/pages\/8679","targetHints":{"allow":["GET"]}}],"collection":[{"href":"https:\/\/elmeistrai.lt\/es\/wp-json\/wp\/v2\/pages"}],"about":[{"href":"https:\/\/elmeistrai.lt\/es\/wp-json\/wp\/v2\/types\/page"}],"author":[{"embeddable":true,"href":"https:\/\/elmeistrai.lt\/es\/wp-json\/wp\/v2\/users\/1"}],"replies":[{"embeddable":true,"href":"https:\/\/elmeistrai.lt\/es\/wp-json\/wp\/v2\/comments?post=8679"}],"version-history":[{"count":3,"href":"https:\/\/elmeistrai.lt\/es\/wp-json\/wp\/v2\/pages\/8679\/revisions"}],"predecessor-version":[{"id":8688,"href":"https:\/\/elmeistrai.lt\/es\/wp-json\/wp\/v2\/pages\/8679\/revisions\/8688"}],"wp:attachment":[{"href":"https:\/\/elmeistrai.lt\/es\/wp-json\/wp\/v2\/media?parent=8679"}],"curies":[{"name":"wp","href":"https:\/\/api.w.org\/{rel}","templated":true}]}}