{"id":813,"date":"2019-04-04T10:23:35","date_gmt":"2019-04-04T12:23:35","guid":{"rendered":"https:\/\/elmeistrai.lt\/?page_id=813"},"modified":"2022-04-09T19:58:38","modified_gmt":"2022-04-09T21:58:38","slug":"volvo-navigacija","status":"publish","type":"page","link":"https:\/\/elmeistrai.lt\/es\/volvo-navigacija\/","title":{"rendered":"Volvo Navegaci\u00f3n"},"content":{"rendered":"<h2 class=\"wp-block-heading\">VOLVO mapas de navegaci\u00f3n para Lituania y Europa para los sistemas RTI MMM2 con DVD <\/h2>\n\n\n\n<div class=\"wp-block-image\"><figure class=\"alignright\"><img loading=\"lazy\" decoding=\"async\" width=\"150\" height=\"110\" src=\"https:\/\/elmeistrai.lt\/wp-content\/uploads\/2019\/04\/RTI-MMM2-volvo-navigacija-150x110.jpg\" alt=\"\" class=\"wp-image-814\" srcset=\"https:\/\/elmeistrai.lt\/wp-content\/uploads\/2019\/04\/RTI-MMM2-volvo-navigacija-150x110.jpg 150w, https:\/\/elmeistrai.lt\/wp-content\/uploads\/2019\/04\/RTI-MMM2-volvo-navigacija.jpg 151w\" sizes=\"auto, (max-width: 150px) 100vw, 150px\" \/><\/figure><\/div>\n\n\n\n<p><strong>1. Disco de navegaci\u00f3n con mapas:<\/strong><br>Austria, B\u00e9lgica, Suiza, Rep\u00fablica Checa, Alemania, Dinamarca, Espa\u00f1a, Francia, Finlandia, Liechtenstein, Italia, Irlanda, Luxemburgo, M\u00f3naco, Noruega, Pa\u00edses Bajos, Portugal, San Marino, Suecia, Reino Unido y Ciudad del Vaticano.<br><strong>2. Disco de navegaci\u00f3n con mapas:<\/strong><br>Andorra, Espa\u00f1a, Francia, Irlanda, M\u00f3naco, Portugal y Reino Unido.<br><strong>3. Disco de navegaci\u00f3n con mapas:<\/strong><br>Albania, Austria, Bielorrusia, Bosnia y Herzegovina, Bulgaria, Croacia, Rep\u00fablica Checa, Estonia, Alemania, Grecia, Hungr\u00eda y Letonia,  <strong>Lituania (detallada)<\/strong>Macedonia, Moldavia, Montenegro, Polonia, Ruman\u00eda, Serbia, Eslovaquia, Eslovenia, Turqu\u00eda y Ucrania.<br><br><strong>Idoneidad:<\/strong> <br><em>Volvo S80 2007 - 2011 <\/em><br><em>Volvo V70 vid. 2008 - 2011<br> Volvo XC60 2009 - 2010<br> Volvo XC70 vid. 2008 - 2011<\/em><br> <br><strong>1 a\u00f1o de garant\u00eda | \u00daltimos mapas | Mejor precio | Vilnius, Kaunas, Klaipeda<\/strong><\/p>\n\n\n\n<hr class=\"wp-block-separator\"\/>\n\n\n\n<h2 class=\"wp-block-heading\">Mapas de navegaci\u00f3n VOLVO para Lituania y Europa para sistemas RTI MMM+ con HDD <\/h2>\n\n\n\n<div class=\"wp-block-image\"><figure class=\"alignright\"><img loading=\"lazy\" decoding=\"async\" width=\"150\" height=\"112\" src=\"https:\/\/elmeistrai.lt\/wp-content\/uploads\/2019\/04\/RTI-MMMvolvo-navigacija-150x112.jpg\" alt=\"\" class=\"wp-image-819\"\/><\/figure><\/div>\n\n\n<p><strong>Discos de navegaci\u00f3n con mapas 2pcs:<\/strong><br>Irlanda, Albania, Andorra, Austria, B\u00e9lgica, Bosnia y Herzegovina, Bulgaria, Rep\u00fablica Checa, Dinamarca, Gran Breta\u00f1a, Estonia, Gibraltar, Grecia, Espa\u00f1a, Italia, Montenegro, Croacia, Letonia, <strong>Lituania (detallada)<\/strong>, Liechtenstein, Luxemburgo, Polonia, Macedonia, M\u00f3naco, Noruega, Pa\u00edses Bajos, Portugal, Francia, Ruman\u00eda, San Marino, Serbia, Eslovaquia, Eslovenia, Finlandia, Francia, Alemania, Hungr\u00eda, Suecia, Suiza, Ciudad del Vaticano. <\/p>\n<p><strong>Idoneidad:<\/strong><br><em>Volvo C30 2008 - 2012 <\/em><br><em>Volvo C70 2008 - 2013<br>Volvo S40 2008 - 2011<br>Volvo V50 2008 - 2011<br>Volvo XC90 2007 - 2014<\/em><\/p>\n<p><strong>M\u00e1s informaci\u00f3n:<\/strong><br>El cliente es responsable de la renovaci\u00f3n. El procedimiento puede llevarse a cabo en movimiento o de forma estacionaria (aseg\u00farese de que la bater\u00eda est\u00e1 en buen estado) y dura unos 180 minutos. Procedimiento de actualizaci\u00f3n: <br>1. Inserci\u00f3n del disco 1. La actualizaci\u00f3n dura unos 120 minutos.<br>2. Insertar el disco 2. La actualizaci\u00f3n tarda unos 60 minutos.<br>Inserte el disco 1 y salga.<\/p>\n<p><strong>1 a\u00f1o de garant\u00eda | \u00daltimos mapas | Mejor precio | Vilnius, Kaunas, Klaipeda<\/strong><\/p>\n<hr>\n\n\n<h2 class=\"wp-block-heading\">VOLVO mapas de navegaci\u00f3n para Lituania y Europa para los sistemas RTI MMM P2001 con DVD <\/h2>\n\n\n\n<div class=\"wp-block-image\"><figure class=\"alignright\"><img loading=\"lazy\" decoding=\"async\" width=\"150\" height=\"113\" src=\"https:\/\/elmeistrai.lt\/wp-content\/uploads\/2019\/04\/RTI-MMM-P2001-volvo-navigacija-150x113.jpg\" alt=\"\" class=\"wp-image-822\"\/><\/figure><\/div>\n\n\n<p><strong>1. Disco de navegaci\u00f3n con mapas: <\/strong><br>Andorra, Espa\u00f1a, Irlanda, B\u00e9lgica, Gibraltar, Francia, Islandia, Liechtenstein, Luxemburgo, M\u00f3naco, Pa\u00edses Bajos, Portugal, Reino Unido y Suiza. <br><strong>2. Disco de navegaci\u00f3n con mapas:<\/strong><br>Alemania, Andorra, Austria, B\u00e9lgica, Francia, Italia, Liechtenstein, Luxemburgo, M\u00f3naco, Pa\u00edses Bajos, San Marino, Suiza, Ciudad del Vaticano. <br><strong>3. Disco de navegaci\u00f3n con mapas: <\/strong><br>Austria, Rep\u00fablica Checa, Dinamarca, Grecia, Italia y Croacia, <strong>Polonia<\/strong>Liechtenstein, Noruega, San Marino, Eslovaquia, Eslovenia, Finlandia, Suecia, Suiza, Ciudad del Vaticano, Hungr\u00eda, Alemania.<\/p>\n<p><strong>Idoneidad:<\/strong><br><em>Volvo C30 2007 <\/em><br><em>Volvo C70 2006 - 2007<br>Volvo S40 2004 - 2007<br>Volvo V50 2004 - 2007<br>Volvo S60 vid. 2002 - 2009<br>Volvo S80 vid. 2002 - 2006<br>Volvo V70 vid. 2002 - 2007<br>Volvo XC70 vid. 2002 - 2007<br>Volvo XC90 vid. 2003 - 2006<\/em><\/p>\n<p><strong>1 a\u00f1o de garant\u00eda | \u00daltimos mapas | Mejor precio | Vilnius, Kaunas, Klaipeda<\/strong><\/p>\n<hr>\n\n\n<h2 class=\"wp-block-heading\">Mapas de navegaci\u00f3n VOLVO para Lituania y Europa para sistemas IAM 2.1 con HDD <\/h2>\n\n\n\n<div class=\"wp-block-image\"><figure class=\"alignright\"><img loading=\"lazy\" decoding=\"async\" width=\"74\" height=\"122\" src=\"https:\/\/elmeistrai.lt\/wp-content\/uploads\/2019\/04\/IAM-2.1-volvo-navigacija.jpg\" alt=\"\" class=\"wp-image-825\"\/><\/figure><\/div>\n\n\n<p><strong>Actualizaci\u00f3n de los mapas de navegaci\u00f3n:<br><\/strong>Albania, Alemania, Andorra, Austria, B\u00e9lgica, Bosnia y Herzegovina, Bulgaria, Croacia, Dinamarca, Eslovaquia, Eslovenia, Espa\u00f1a, Estonia, Finlandia, Francia, Grecia, Hungr\u00eda, Irlanda, Gibraltar, Italia, Montenegro, Letonia, Lituania (detallada), Liechtenstein, Luxemburgo, Polonia, Macedonia, M\u00f3naco, Noruega, Pa\u00edses Bajos, Portugal, Rep\u00fablica Checa, Ruman\u00eda, San Marino, Serbia, Suecia, Suiza, Ciudad del Vaticano.<strong>.<\/strong><\/p>\n<p><strong>Idoneidad:<\/strong><br><em>Volvo S60 2011 - 2013 <\/em><br><em>Volvo S80 2012 - 2014<br>Volvo V40 2013 - 2014<br>Volvo V60 2011 - 2013<br>Volvo V70 2012 - 2014<br>Volvo XC60 2011 - 2013<br>Volvo XC70 2012 - 2014<\/em><\/p>\n<p><strong>1 a\u00f1o de garant\u00eda | \u00daltimos mapas | Mejor precio | Vilnius, Kaunas, Klaipeda<\/strong><\/p>\n<hr>\n\n\n<h2 class=\"wp-block-heading\">VOLVO mapas de navegaci\u00f3n para Lituania y Europa para SENSUS CONNECTED TOUCH IGO con SD <\/h2>\n\n\n\n<div class=\"wp-block-image\"><figure class=\"alignright\"><img loading=\"lazy\" decoding=\"async\" width=\"150\" height=\"107\" src=\"https:\/\/elmeistrai.lt\/wp-content\/uploads\/2019\/04\/SENSUS-CONNECTED-TOUCH-IGO-volvo-navigacija-150x107.jpg\" alt=\"\" class=\"wp-image-828\"\/><\/figure><\/div>\n\n\n<p><strong>Actualizaci\u00f3n de los mapas de navegaci\u00f3n:<br><\/strong>Alemania, Andorra, Austria, B\u00e9lgica, Dinamarca, Espa\u00f1a, Ciudad del Vaticano, Finlandia, Francia, Gibraltar, Irlanda, Italia, Kazajst\u00e1n, Liechtenstein, Luxemburgo, Noruega, Portugal, Reino Unido, San Marino, Suiza y Suecia, Albania, Bielorrusia, Bosnia y Herzegovina, Bulgaria, Croacia, Rep\u00fablica Checa, Estonia, Grecia, Hungr\u00eda, Kosovo, Letonia, Lituania (detallada), Macedonia, Moldavia, Montenegro, Polonia, Ruman\u00eda, Serbia, Eslovaquia, Eslovenia, Ucrania, Rusia.<\/p>\n<p><strong>Idoneidad:<\/strong><br><em>Volvo S60 2011 - 2014 <\/em><br><em>Volvo V60 2011 - 2014<br>Volvo S80 2012 - 2014<br>Volvo V40 2013 - 2014<br>Volvo V40 Cross Country 2013 - 2014<br>Volvo V70 2012 - 2014<br>Volvo XC60 2011 - 2014<br>Volvo XC70 2012 - 2014<\/em><\/p>\n<p><strong>1 a\u00f1o de garant\u00eda | \u00daltimos mapas | Mejor precio | Vilnius, Kaunas, Klaipeda<\/strong><\/p>\n<hr>\n\n\n<h2 class=\"wp-block-heading\">VOLVO mapas de navegaci\u00f3n para Lituania y Europa para SENSUS CONNECT MCA - SPA con HDD  <\/h2>\n\n\n\n<p><strong>Actualizaci\u00f3n de los mapas de navegaci\u00f3n:<\/strong><br>Andorra, Austria, B\u00e9lgica, Dinamarca, Finlandia, Francia, Alemania, Gibraltar, Irlanda, Italia, Kazajst\u00e1n, Liechtenstein, Luxemburgo, Noruega, Portugal, San Marino, Espa\u00f1a, Suiza, Suecia, Reino Unido, Ciudad del Vaticano, Albania, Bielorrusia, Bosnia y Herzegovina, Bulgaria, Croacia, Rep\u00fablica Checa, Estonia, Finlandia, Grecia, Hungr\u00eda, Kosovo, Letonia, Reino Unido, Ciudad del Vaticano,<strong> Lituania (detallada)<\/strong>Macedonia, Moldavia, Montenegro, Polonia, Ruman\u00eda, Serbia, Eslovaquia, Eslovenia, Ucrania y Rusia.<br><br><strong>Idoneidad:<\/strong> <br><em>Volvo S60 a partir de 2014 <\/em><br><em>Volvo S90 a partir de 2017<br>Volvo V90 a partir de 2017<br>Volvo V60 a partir de 2014<br>Volvo XC60 a partir de 2014<br>Volvo XC90 a partir de 2016<\/em><br><br><strong>1 a\u00f1o de garant\u00eda | \u00daltimos mapas | Mejor precio | Vilnius, Kaunas, Klaipeda<\/strong> <\/p>","protected":false},"excerpt":{"rendered":"<p>VOLVO mapas de navegaci\u00f3n para Lituania y Europa para sistemas RTI MMM2 con DVD 1. Disco de navegaci\u00f3n con mapas de:Austria, B\u00e9lgica, Suiza, Rep\u00fablica Checa, Alemania,...<\/p>","protected":false},"author":1,"featured_media":0,"parent":0,"menu_order":0,"comment_status":"closed","ping_status":"closed","template":"","meta":{"_uag_custom_page_level_css":"","footnotes":""},"class_list":["post-813","page","type-page","status-publish","hentry"],"yoast_head":"<!-- This site is optimized with the Yoast SEO plugin v27.3 - https:\/\/yoast.com\/product\/yoast-seo-wordpress\/ -->\n<title>Volvo navigacija Vilniuje, Kaune, Klaip\u0117doje, \u0160iauliuose<\/title>\n<meta name=\"description\" content=\"VOLVO navigacijos Lietuvos ir Europos naujausi\u0173 \u017eem\u0117lapi\u0173 atnaujinimas - Vilniuje, Kaune, Klaip\u0117doje.\" \/>\n<meta name=\"robots\" content=\"index, follow, max-snippet:-1, max-image-preview:large, max-video-preview:-1\" \/>\n<link rel=\"canonical\" href=\"https:\/\/elmeistrai.lt\/es\/volvo-navigacija\/\" \/>\n<meta property=\"og:locale\" content=\"es_ES\" \/>\n<meta property=\"og:type\" content=\"article\" \/>\n<meta property=\"og:title\" content=\"Volvo navigacija Vilniuje, Kaune, Klaip\u0117doje, \u0160iauliuose\" \/>\n<meta property=\"og:description\" content=\"VOLVO navigacijos Lietuvos ir Europos naujausi\u0173 \u017eem\u0117lapi\u0173 atnaujinimas - Vilniuje, Kaune, Klaip\u0117doje.\" \/>\n<meta property=\"og:url\" content=\"https:\/\/elmeistrai.lt\/es\/volvo-navigacija\/\" \/>\n<meta property=\"og:site_name\" content=\"Vilniuje, Kaune, Klaip\u0117doje, \u0160iauliuose\" \/>\n<meta property=\"article:publisher\" content=\"https:\/\/www.facebook.com\/elmeistrai.lt\/\" \/>\n<meta property=\"article:modified_time\" content=\"2022-04-09T21:58:38+00:00\" \/>\n<meta property=\"og:image\" content=\"https:\/\/elmeistrai.lt\/wp-content\/uploads\/2019\/04\/RTI-MMM2-volvo-navigacija-150x110.jpg\" \/>\n<meta name=\"twitter:card\" content=\"summary_large_image\" \/>\n<meta name=\"twitter:label1\" content=\"Tiempo de lectura\" \/>\n\t<meta name=\"twitter:data1\" content=\"6 minutos\" \/>\n<script type=\"application\/ld+json\" class=\"yoast-schema-graph\">{\"@context\":\"https:\\\/\\\/schema.org\",\"@graph\":[{\"@type\":\"NewsArticle\",\"@id\":\"https:\\\/\\\/elmeistrai.lt\\\/pl\\\/volvo-navigacija\\\/#article\",\"isPartOf\":{\"@id\":\"https:\\\/\\\/elmeistrai.lt\\\/pl\\\/volvo-navigacija\\\/\"},\"author\":{\"name\":\"elMeistrai\",\"@id\":\"https:\\\/\\\/elmeistrai.lt\\\/#\\\/schema\\\/person\\\/6363b621eb9606785f7f2ae9a52987f7\"},\"headline\":\"Volvo navigacija\",\"datePublished\":\"2019-04-04T12:23:35+00:00\",\"dateModified\":\"2022-04-09T21:58:38+00:00\",\"mainEntityOfPage\":{\"@id\":\"https:\\\/\\\/elmeistrai.lt\\\/pl\\\/volvo-navigacija\\\/\"},\"wordCount\":729,\"publisher\":{\"@id\":\"https:\\\/\\\/elmeistrai.lt\\\/#organization\"},\"image\":{\"@id\":\"https:\\\/\\\/elmeistrai.lt\\\/pl\\\/volvo-navigacija\\\/#primaryimage\"},\"thumbnailUrl\":\"https:\\\/\\\/elmeistrai.lt\\\/wp-content\\\/uploads\\\/2019\\\/04\\\/RTI-MMM2-volvo-navigacija-150x110.jpg\",\"inLanguage\":\"es\"},{\"@type\":[\"WebPage\",\"ItemPage\"],\"@id\":\"https:\\\/\\\/elmeistrai.lt\\\/pl\\\/volvo-navigacija\\\/\",\"url\":\"https:\\\/\\\/elmeistrai.lt\\\/pl\\\/volvo-navigacija\\\/\",\"name\":\"Volvo navigacija Vilniuje, Kaune, Klaip\u0117doje, \u0160iauliuose\",\"isPartOf\":{\"@id\":\"https:\\\/\\\/elmeistrai.lt\\\/#website\"},\"primaryImageOfPage\":{\"@id\":\"https:\\\/\\\/elmeistrai.lt\\\/pl\\\/volvo-navigacija\\\/#primaryimage\"},\"image\":{\"@id\":\"https:\\\/\\\/elmeistrai.lt\\\/pl\\\/volvo-navigacija\\\/#primaryimage\"},\"thumbnailUrl\":\"https:\\\/\\\/elmeistrai.lt\\\/wp-content\\\/uploads\\\/2019\\\/04\\\/RTI-MMM2-volvo-navigacija-150x110.jpg\",\"datePublished\":\"2019-04-04T12:23:35+00:00\",\"dateModified\":\"2022-04-09T21:58:38+00:00\",\"description\":\"VOLVO navigacijos Lietuvos ir Europos naujausi\u0173 \u017eem\u0117lapi\u0173 atnaujinimas - Vilniuje, Kaune, Klaip\u0117doje.\",\"breadcrumb\":{\"@id\":\"https:\\\/\\\/elmeistrai.lt\\\/pl\\\/volvo-navigacija\\\/#breadcrumb\"},\"inLanguage\":\"es\",\"potentialAction\":[{\"@type\":\"ReadAction\",\"target\":[\"https:\\\/\\\/elmeistrai.lt\\\/pl\\\/volvo-navigacija\\\/\"]}]},{\"@type\":\"ImageObject\",\"inLanguage\":\"es\",\"@id\":\"https:\\\/\\\/elmeistrai.lt\\\/pl\\\/volvo-navigacija\\\/#primaryimage\",\"url\":\"https:\\\/\\\/elmeistrai.lt\\\/wp-content\\\/uploads\\\/2019\\\/04\\\/RTI-MMM2-volvo-navigacija-150x110.jpg\",\"contentUrl\":\"https:\\\/\\\/elmeistrai.lt\\\/wp-content\\\/uploads\\\/2019\\\/04\\\/RTI-MMM2-volvo-navigacija-150x110.jpg\"},{\"@type\":\"BreadcrumbList\",\"@id\":\"https:\\\/\\\/elmeistrai.lt\\\/pl\\\/volvo-navigacija\\\/#breadcrumb\",\"itemListElement\":[{\"@type\":\"ListItem\",\"position\":1,\"name\":\"Home\",\"item\":\"https:\\\/\\\/elmeistrai.lt\\\/\"},{\"@type\":\"ListItem\",\"position\":2,\"name\":\"Volvo navigacija\"}]},{\"@type\":\"WebSite\",\"@id\":\"https:\\\/\\\/elmeistrai.lt\\\/#website\",\"url\":\"https:\\\/\\\/elmeistrai.lt\\\/\",\"name\":\"Vilniuje, Kaune, Klaip\u0117doje, \u0160iauliuose\",\"description\":\"Nam\u0173 ir verslo elektronikos prietais\u0173 remontas. Kase\u010di\u0173 pildymas.\",\"publisher\":{\"@id\":\"https:\\\/\\\/elmeistrai.lt\\\/#organization\"},\"potentialAction\":[{\"@type\":\"SearchAction\",\"target\":{\"@type\":\"EntryPoint\",\"urlTemplate\":\"https:\\\/\\\/elmeistrai.lt\\\/?s={search_term_string}\"},\"query-input\":{\"@type\":\"PropertyValueSpecification\",\"valueRequired\":true,\"valueName\":\"search_term_string\"}}],\"inLanguage\":\"es\"},{\"@type\":\"Organization\",\"@id\":\"https:\\\/\\\/elmeistrai.lt\\\/#organization\",\"name\":\"elMeistrai.lt\",\"alternateName\":\"Kavos aparat\u0173, paspirtuk\u0173, televizori\u0173, kompiuteri\u0173, telefon\u0173 ir kt. technikos remontas\",\"url\":\"https:\\\/\\\/elmeistrai.lt\\\/\",\"logo\":{\"@type\":\"ImageObject\",\"inLanguage\":\"es\",\"@id\":\"https:\\\/\\\/elmeistrai.lt\\\/#\\\/schema\\\/logo\\\/image\\\/\",\"url\":\"https:\\\/\\\/elmeistrai.lt\\\/wp-content\\\/uploads\\\/2022\\\/09\\\/elmeistrai_logo.jpg\",\"contentUrl\":\"https:\\\/\\\/elmeistrai.lt\\\/wp-content\\\/uploads\\\/2022\\\/09\\\/elmeistrai_logo.jpg\",\"width\":556,\"height\":143,\"caption\":\"elMeistrai.lt\"},\"image\":{\"@id\":\"https:\\\/\\\/elmeistrai.lt\\\/#\\\/schema\\\/logo\\\/image\\\/\"},\"sameAs\":[\"https:\\\/\\\/www.facebook.com\\\/elmeistrai.lt\\\/\"]},{\"@type\":\"Person\",\"@id\":\"https:\\\/\\\/elmeistrai.lt\\\/#\\\/schema\\\/person\\\/6363b621eb9606785f7f2ae9a52987f7\",\"name\":\"elMeistrai\",\"image\":{\"@type\":\"ImageObject\",\"inLanguage\":\"es\",\"@id\":\"https:\\\/\\\/secure.gravatar.com\\\/avatar\\\/052f2d9640381d6904c5c0676ac3cc3d7ad734def78df3657e571451cad9870d?s=96&d=mm&r=g\",\"url\":\"https:\\\/\\\/secure.gravatar.com\\\/avatar\\\/052f2d9640381d6904c5c0676ac3cc3d7ad734def78df3657e571451cad9870d?s=96&d=mm&r=g\",\"contentUrl\":\"https:\\\/\\\/secure.gravatar.com\\\/avatar\\\/052f2d9640381d6904c5c0676ac3cc3d7ad734def78df3657e571451cad9870d?s=96&d=mm&r=g\",\"caption\":\"elMeistrai\"},\"url\":\"https:\\\/\\\/elmeistrai.lt\\\/es\\\/author\\\/yipkxe\\\/\"}]}<\/script>\n<!-- \/ Yoast SEO plugin. -->","yoast_head_json":{"title":"Volvo navigacija Vilniuje, Kaune, Klaip\u0117doje, \u0160iauliuose","description":"Actualizaci\u00f3n de los \u00faltimos mapas de navegaci\u00f3n VOLVO para Lituania y Europa - Vilnius, Kaunas, Klaip\u0117da.","robots":{"index":"index","follow":"follow","max-snippet":"max-snippet:-1","max-image-preview":"max-image-preview:large","max-video-preview":"max-video-preview:-1"},"canonical":"https:\/\/elmeistrai.lt\/es\/volvo-navigacija\/","og_locale":"es_ES","og_type":"article","og_title":"Volvo navigacija Vilniuje, Kaune, Klaip\u0117doje, \u0160iauliuose","og_description":"VOLVO navigacijos Lietuvos ir Europos naujausi\u0173 \u017eem\u0117lapi\u0173 atnaujinimas - Vilniuje, Kaune, Klaip\u0117doje.","og_url":"https:\/\/elmeistrai.lt\/es\/volvo-navigacija\/","og_site_name":"Vilniuje, Kaune, Klaip\u0117doje, \u0160iauliuose","article_publisher":"https:\/\/www.facebook.com\/elmeistrai.lt\/","article_modified_time":"2022-04-09T21:58:38+00:00","og_image":[{"url":"https:\/\/elmeistrai.lt\/wp-content\/uploads\/2019\/04\/RTI-MMM2-volvo-navigacija-150x110.jpg","type":"","width":"","height":""}],"twitter_card":"summary_large_image","twitter_misc":{"Tiempo de lectura":"6 minutos"},"schema":{"@context":"https:\/\/schema.org","@graph":[{"@type":"NewsArticle","@id":"https:\/\/elmeistrai.lt\/pl\/volvo-navigacija\/#article","isPartOf":{"@id":"https:\/\/elmeistrai.lt\/pl\/volvo-navigacija\/"},"author":{"name":"elMeistrai","@id":"https:\/\/elmeistrai.lt\/#\/schema\/person\/6363b621eb9606785f7f2ae9a52987f7"},"headline":"Volvo navigacija","datePublished":"2019-04-04T12:23:35+00:00","dateModified":"2022-04-09T21:58:38+00:00","mainEntityOfPage":{"@id":"https:\/\/elmeistrai.lt\/pl\/volvo-navigacija\/"},"wordCount":729,"publisher":{"@id":"https:\/\/elmeistrai.lt\/#organization"},"image":{"@id":"https:\/\/elmeistrai.lt\/pl\/volvo-navigacija\/#primaryimage"},"thumbnailUrl":"https:\/\/elmeistrai.lt\/wp-content\/uploads\/2019\/04\/RTI-MMM2-volvo-navigacija-150x110.jpg","inLanguage":"es"},{"@type":["WebPage","ItemPage"],"@id":"https:\/\/elmeistrai.lt\/pl\/volvo-navigacija\/","url":"https:\/\/elmeistrai.lt\/pl\/volvo-navigacija\/","name":"Volvo navigacija Vilniuje, Kaune, Klaip\u0117doje, \u0160iauliuose","isPartOf":{"@id":"https:\/\/elmeistrai.lt\/#website"},"primaryImageOfPage":{"@id":"https:\/\/elmeistrai.lt\/pl\/volvo-navigacija\/#primaryimage"},"image":{"@id":"https:\/\/elmeistrai.lt\/pl\/volvo-navigacija\/#primaryimage"},"thumbnailUrl":"https:\/\/elmeistrai.lt\/wp-content\/uploads\/2019\/04\/RTI-MMM2-volvo-navigacija-150x110.jpg","datePublished":"2019-04-04T12:23:35+00:00","dateModified":"2022-04-09T21:58:38+00:00","description":"Actualizaci\u00f3n de los \u00faltimos mapas de navegaci\u00f3n VOLVO para Lituania y Europa - Vilnius, Kaunas, Klaip\u0117da.","breadcrumb":{"@id":"https:\/\/elmeistrai.lt\/pl\/volvo-navigacija\/#breadcrumb"},"inLanguage":"es","potentialAction":[{"@type":"ReadAction","target":["https:\/\/elmeistrai.lt\/pl\/volvo-navigacija\/"]}]},{"@type":"ImageObject","inLanguage":"es","@id":"https:\/\/elmeistrai.lt\/pl\/volvo-navigacija\/#primaryimage","url":"https:\/\/elmeistrai.lt\/wp-content\/uploads\/2019\/04\/RTI-MMM2-volvo-navigacija-150x110.jpg","contentUrl":"https:\/\/elmeistrai.lt\/wp-content\/uploads\/2019\/04\/RTI-MMM2-volvo-navigacija-150x110.jpg"},{"@type":"BreadcrumbList","@id":"https:\/\/elmeistrai.lt\/pl\/volvo-navigacija\/#breadcrumb","itemListElement":[{"@type":"ListItem","position":1,"name":"Home","item":"https:\/\/elmeistrai.lt\/"},{"@type":"ListItem","position":2,"name":"Volvo navigacija"}]},{"@type":"WebSite","@id":"https:\/\/elmeistrai.lt\/#website","url":"https:\/\/elmeistrai.lt\/","name":"Vilnius, Kaunas, Klaip\u0117da, \u0160iauliai","description":"Reparaci\u00f3n de electr\u00f3nica dom\u00e9stica y empresarial. Recarga de cartuchos.","publisher":{"@id":"https:\/\/elmeistrai.lt\/#organization"},"potentialAction":[{"@type":"SearchAction","target":{"@type":"EntryPoint","urlTemplate":"https:\/\/elmeistrai.lt\/?s={search_term_string}"},"query-input":{"@type":"PropertyValueSpecification","valueRequired":true,"valueName":"search_term_string"}}],"inLanguage":"es"},{"@type":"Organization","@id":"https:\/\/elmeistrai.lt\/#organization","name":"elMeistrai.lt","alternateName":"Kavos aparat\u0173, paspirtuk\u0173, televizori\u0173, kompiuteri\u0173, telefon\u0173 ir kt. technikos remontas","url":"https:\/\/elmeistrai.lt\/","logo":{"@type":"ImageObject","inLanguage":"es","@id":"https:\/\/elmeistrai.lt\/#\/schema\/logo\/image\/","url":"https:\/\/elmeistrai.lt\/wp-content\/uploads\/2022\/09\/elmeistrai_logo.jpg","contentUrl":"https:\/\/elmeistrai.lt\/wp-content\/uploads\/2022\/09\/elmeistrai_logo.jpg","width":556,"height":143,"caption":"elMeistrai.lt"},"image":{"@id":"https:\/\/elmeistrai.lt\/#\/schema\/logo\/image\/"},"sameAs":["https:\/\/www.facebook.com\/elmeistrai.lt\/"]},{"@type":"Person","@id":"https:\/\/elmeistrai.lt\/#\/schema\/person\/6363b621eb9606785f7f2ae9a52987f7","name":"elMeistrai","image":{"@type":"ImageObject","inLanguage":"es","@id":"https:\/\/secure.gravatar.com\/avatar\/052f2d9640381d6904c5c0676ac3cc3d7ad734def78df3657e571451cad9870d?s=96&d=mm&r=g","url":"https:\/\/secure.gravatar.com\/avatar\/052f2d9640381d6904c5c0676ac3cc3d7ad734def78df3657e571451cad9870d?s=96&d=mm&r=g","contentUrl":"https:\/\/secure.gravatar.com\/avatar\/052f2d9640381d6904c5c0676ac3cc3d7ad734def78df3657e571451cad9870d?s=96&d=mm&r=g","caption":"elMeistrai"},"url":"https:\/\/elmeistrai.lt\/es\/author\/yipkxe\/"}]}},"uagb_featured_image_src":{"full":false,"thumbnail":false,"medium":false,"medium_large":false,"large":false,"1536x1536":false,"2048x2048":false,"trp-custom-language-flag":false,"writemag-1218w-autoh-image":false,"writemag-675w-autoh-image":false,"writemag-100w-100h-image":false},"uagb_author_info":{"display_name":"elMeistrai","author_link":"https:\/\/elmeistrai.lt\/es\/author\/yipkxe\/"},"uagb_comment_info":0,"uagb_excerpt":"VOLVO navigacijos Lietuvos ir Europos \u017eem\u0117lapiai sistemoms RTI MMM2 su DVD 1. Navigacijos diskas su \u017eem\u0117lapiais:Austrija, Belgija, \u0160veicarija, \u010cekija, Vokietija,...","rttpg_featured_image_url":null,"rttpg_author":{"display_name":"elMeistrai","author_link":"https:\/\/elmeistrai.lt\/es\/author\/yipkxe\/"},"rttpg_comment":0,"rttpg_category":null,"rttpg_excerpt":"VOLVO navigacijos Lietuvos ir Europos \u017eem\u0117lapiai sistemoms RTI MMM2 su DVD 1. Navigacijos diskas su \u017eem\u0117lapiais:Austrija, Belgija, \u0160veicarija, \u010cekija, Vokietija,...","_links":{"self":[{"href":"https:\/\/elmeistrai.lt\/es\/wp-json\/wp\/v2\/pages\/813","targetHints":{"allow":["GET"]}}],"collection":[{"href":"https:\/\/elmeistrai.lt\/es\/wp-json\/wp\/v2\/pages"}],"about":[{"href":"https:\/\/elmeistrai.lt\/es\/wp-json\/wp\/v2\/types\/page"}],"author":[{"embeddable":true,"href":"https:\/\/elmeistrai.lt\/es\/wp-json\/wp\/v2\/users\/1"}],"replies":[{"embeddable":true,"href":"https:\/\/elmeistrai.lt\/es\/wp-json\/wp\/v2\/comments?post=813"}],"version-history":[{"count":8,"href":"https:\/\/elmeistrai.lt\/es\/wp-json\/wp\/v2\/pages\/813\/revisions"}],"predecessor-version":[{"id":1543,"href":"https:\/\/elmeistrai.lt\/es\/wp-json\/wp\/v2\/pages\/813\/revisions\/1543"}],"wp:attachment":[{"href":"https:\/\/elmeistrai.lt\/es\/wp-json\/wp\/v2\/media?parent=813"}],"curies":[{"name":"wp","href":"https:\/\/api.w.org\/{rel}","templated":true}]}}