{"id":482,"date":"2019-04-01T07:29:59","date_gmt":"2019-04-01T09:29:59","guid":{"rendered":"https:\/\/elmeistrai.lt\/?page_id=482"},"modified":"2022-04-09T19:48:53","modified_gmt":"2022-04-09T21:48:53","slug":"lexus-navigacija","status":"publish","type":"page","link":"https:\/\/elmeistrai.lt\/es\/lexus-navigacija\/","title":{"rendered":"Navegaci\u00f3n Lexus"},"content":{"rendered":"<h2 class=\"wp-block-heading\">Mapas de navegaci\u00f3n LEXUS de Lituania y Europa para sistemas de pantalla t\u00e1ctil con DVD B9000,B9001,B9002,B9003,B9004,B9005,B9006,B9007,B9008,<br>B9009,B9010,B9013,B9017,B9030 (Gen03, Gen05, Gen08, G3, G5, G8, TNS600, TNS700, B con pantalla t\u00e1ctil) - <strong>una Europa plena<\/strong>  <strong>*S\u00f3lo Lexus de la UE*<\/strong><\/h2>\n\n\n\n<div class=\"wp-block-image\"><figure class=\"alignright\"><img loading=\"lazy\" decoding=\"async\" width=\"150\" height=\"150\" src=\"https:\/\/elmeistrai.lt\/wp-content\/uploads\/2019\/04\/lexus-navigacijos-paleidimas-150x150.png\" alt=\"\" class=\"wp-image-483\"\/><\/figure><\/div>\n\n\n<p><strong>1 Disco de navegaci\u00f3n con mapas: <br><\/strong>Andorra, B\u00e9lgica, Espa\u00f1a, Francia, Irlanda, Gran Breta\u00f1a, Italia, Liechtenstein, Luxemburgo, M\u00f3naco, Pa\u00edses Bajos, Portugal, San Marino, Suiza y Ciudad del Vaticano. <br><strong>2 Disco de navegaci\u00f3n con mapas: <\/strong><br>Austria, B\u00e9lgica, Rep\u00fablica Checa, Estonia, Letonia y Polonia, <strong>Lituania (detallada)<\/strong>Alemania, Dinamarca, Eslovaquia, Finlandia, Liechtenstein, Luxemburgo, Noruega, Pa\u00edses Bajos, Suecia y Suiza. <br><strong>3 Disco de navegaci\u00f3n con mapas: <\/strong><br>Austria, Bulgaria, Croacia, Rep\u00fablica Checa, Grecia, Hungr\u00eda, Italia, Liechtenstein, Polonia, Ruman\u00eda, San Marino, Eslovaquia, Eslovenia, Suiza, Turqu\u00eda, Ciudad del Vaticano.<\/p>\n<p><strong>Idoneidad: <\/strong><br><em>2004-2010 en varios veh\u00edculos Lexus.<\/em><\/p>\n<p><strong>M\u00e1s informaci\u00f3n:<\/strong><br>Identifica el sistema: <br>1. Las capturas de pantalla del lanzador est\u00e1n disponibles. Pueden utilizarse para identificar. Identificar por el color de fondo. <br>2. El modelo de navegaci\u00f3n B9xxxx suele estar escrito en el marco de la pantalla, normalmente en la parte inferior derecha.<br>3. La tarjeta SD no debe estar insertada.<br>4. No debe haber disco duro interno.<br>5. La pantalla debe ser t\u00e1ctil.<br>6. El coche debe haber sido construido entre 2004 y 2012.<br>El procedimiento para arrancar el disco: <br>1. Retire el disco de navegaci\u00f3n antiguo (si est\u00e1 instalado).<br>2. Desconecte la bater\u00eda y espere 5 minutos (s\u00f3lo desconecte un terminal de la bater\u00eda).<br>3. Conectar el encendido o arrancar el coche. La pantalla de navegaci\u00f3n debe mostrar caracteres chinos y no debe haber nada cargado. Si no aparece ning\u00fan mensaje de este tipo, vuelva a desconectar la bater\u00eda durante 10 minutos.<br>4. Si se ve escritura china, se ha insertado un disco nuevo.<br>Atenci\u00f3n. Si introduce el disco de navegaci\u00f3n sin seguir este procedimiento, el disco se atascar\u00e1 en el sistema o los mapas no funcionar\u00e1n correctamente. El procedimiento es necesario. <\/p>\n<p><strong>1 a\u00f1o de garant\u00eda | \u00daltimos mapas | Mejor precio | Vilnius, Kaunas, Klaipeda<\/strong><\/p>\n<hr>\n\n\n<h2 class=\"wp-block-heading\">Mapas de navegaci\u00f3n LEXUS de Lituania y Europa para sistemas de pantalla t\u00e1ctil con DVD B9000,B9001,B9002,B9003,B9004,B9005,B9006,B9007,B9008,<br>B9009,B9010,B9013,B9017,B9030 (Gen03, Gen05, Gen08, G3, G5, G8, TNS600, TNS700, B con pantalla t\u00e1ctil) - <strong>Pa\u00edses b\u00e1lticos + Rusia <\/strong>  <strong>*S\u00f3lo Lexus de la UE*<\/strong><\/h2>\n\n\n\n<div class=\"wp-block-image\"><figure class=\"alignright\"><img loading=\"lazy\" decoding=\"async\" width=\"150\" height=\"150\" src=\"https:\/\/elmeistrai.lt\/wp-content\/uploads\/2019\/04\/lexus-navigacijos-paleidimas-1-150x150.png\" alt=\"\" class=\"wp-image-488\"\/><\/figure><\/div>\n\n\n<p><strong>1 Disco de navegaci\u00f3n con mapas: <\/strong><br>Estonia, Letonia, <strong>Lituania (detallada)<\/strong>Rusia<\/p>\n<p><strong>Idoneidad:<\/strong><br><em>2004-2010 en varios veh\u00edculos Lexus.<\/em><\/p>\n<p><strong>M\u00e1s informaci\u00f3n:<\/strong><br>Identifica el sistema: <br>1. Las capturas de pantalla del lanzador est\u00e1n disponibles. Se pueden utilizar para identificar. <br>2. El modelo de navegaci\u00f3n B9xxxx suele estar escrito en el marco de la pantalla, normalmente en la parte inferior derecha.<br>3. La tarjeta SD no debe estar insertada.<br>4. No debe haber disco duro interno.<br>5. La pantalla debe ser t\u00e1ctil.<br>6. El coche debe haber sido construido entre 2004 y 2012. <br>El procedimiento para arrancar el disco: <br>1. Retire el disco de navegaci\u00f3n antiguo (si est\u00e1 instalado).<br>2. Desconecte la bater\u00eda y espere 5 minutos (s\u00f3lo desconecte un terminal de la bater\u00eda).<br>3. Conectar el encendido o arrancar el coche. La pantalla de navegaci\u00f3n debe mostrar caracteres chinos y no debe haber nada cargado. Si no aparece ning\u00fan mensaje de este tipo, vuelva a desconectar la bater\u00eda durante 10 minutos.<br>4. Si se ve escritura china, se ha insertado un disco nuevo.<br>Atenci\u00f3n. Si introduce el disco de navegaci\u00f3n sin seguir este procedimiento, el disco se atascar\u00e1 en el sistema o los mapas no funcionar\u00e1n correctamente. El procedimiento es necesario. <\/p>\n<p><strong>1 a\u00f1o de garant\u00eda | \u00daltimos mapas | Mejor precio | Vilnius, Kaunas, Klaipeda<\/strong><\/p>\n<hr>\n\n\n<h2 class=\"wp-block-heading\">Mapas de navegaci\u00f3n LEXUS de Lituania y Europa para sistemas con HDD<strong>*EU Lexus*<\/strong><\/h2>\n\n\n\n<div class=\"wp-block-image\"><figure class=\"alignright\"><img loading=\"lazy\" decoding=\"async\" width=\"136\" height=\"70\" src=\"https:\/\/elmeistrai.lt\/wp-content\/uploads\/2019\/04\/Lexus-navigacija-3.jpg\" alt=\"\" class=\"wp-image-495\"\/><\/figure><\/div>\n\n\n<p><strong>Actualizaci\u00f3n de los mapas de navegaci\u00f3n:<br>Lituania (detallada)<\/strong> y Europa est\u00e1 llena.<\/p>\n<p><strong>Idoneidad:<\/strong><br><em>Lexus RX 2008 - 2012<\/em><\/p>\n<p><strong>1 a\u00f1o de garant\u00eda | \u00daltimos mapas | Mejor precio | Vilnius, Kaunas, Klaipeda<\/strong><\/p>\n<hr>\n\n\n<h2 class=\"wp-block-heading\">Mapas de navegaci\u00f3n LEXUS para Lituania y Europa Generaci\u00f3n 5 Gen05 Gen05 Pantalla t\u00e1ctil Denso 2.4X <strong>*S\u00f3lo para US Lexus*<\/strong><\/h2>\n\n\n<p><strong>1 Disco de navegaci\u00f3n con mapas: <br><\/strong>Andorra, B\u00e9lgica, Espa\u00f1a, Francia, Irlanda, Gran Breta\u00f1a, Italia, Liechtenstein, Luxemburgo, M\u00f3naco, Pa\u00edses Bajos, Portugal, San Marino, Suiza y Ciudad del Vaticano. <br><strong>2 Disco de navegaci\u00f3n con mapas: <br><\/strong>Austria, B\u00e9lgica, Rep\u00fablica Checa, Estonia, Letonia y Polonia, <strong>Lituania (detallada)<\/strong>Alemania, Dinamarca, Eslovaquia, Finlandia, Liechtenstein, Luxemburgo, Noruega, Pa\u00edses Bajos, Suecia y Suiza. <br><strong>3 Disco de navegaci\u00f3n con mapas: <br><\/strong>Austria, Bulgaria, Croacia, Rep\u00fablica Checa, Grecia, Hungr\u00eda, Italia, Liechtenstein, Polonia, Ruman\u00eda, San Marino, Eslovaquia, Eslovenia, Suiza, Turqu\u00eda, Ciudad del Vaticano.<\/p>\n<p><strong>Idoneidad: <\/strong><br><em>Lexus LS 2007 - 2009 <br>Lexus ES 2007 - 2009<br>Lexus RX 2007 - 2009<br>Lexus IS 2006 - 2009<br>Lexus GS 2007 - 2009<\/em><\/p>\n<p><strong>1 a\u00f1o de garant\u00eda | \u00daltimos mapas | Mejor precio | Vilnius, Kaunas, Klaipeda<\/strong><\/p>\n<hr>\n\n\n<h2 class=\"wp-block-heading\">Mapas de navegaci\u00f3n LEXUS para Lituania y Europa Generaci\u00f3n 5 Gen05 Gen05 Pantalla t\u00e1ctil Denso 2.4X <strong>*S\u00f3lo para US Lexus*<\/strong><\/h2>\n\n\n<p><strong>1 Disco de navegaci\u00f3n con mapas: <br><\/strong>Estonia, Letonia, <strong>Lituania (detallada)<\/strong>Rusia.<\/p>\n<p><strong>Idoneidad: <\/strong><br><em>Lexus LS 2007 - 2009 <br>Lexus ES 2007 - 2009<br>Lexus RX 2007 - 2009<br>Lexus IS 2006 - 2009<br>Lexus GS 2007 - 2009<\/em><\/p>\n<p><strong>1 a\u00f1o de garant\u00eda | \u00daltimos mapas | Mejor precio | Vilnius, Kaunas, Klaipeda<\/strong><\/p>\n<hr>\n\n\n<h2 class=\"wp-block-heading\">Mapas de navegaci\u00f3n LEXUS para Lituania y Europa Generaci\u00f3n 4 Gen04 Sistemas de pantalla t\u00e1ctil Denso 2.4X <strong>*S\u00f3lo para US Lexus*<\/strong><\/h2>\n\n\n<p><strong>1 Disco de navegaci\u00f3n con mapas: <br><\/strong>Andorra, B\u00e9lgica, Espa\u00f1a, Francia, Irlanda, Gran Breta\u00f1a, Italia, Liechtenstein, Luxemburgo, M\u00f3naco, Pa\u00edses Bajos, Portugal, San Marino, Suiza y Ciudad del Vaticano. <br><strong>2 Disco de navegaci\u00f3n con mapas:<br><\/strong>Austria, B\u00e9lgica, Rep\u00fablica Checa, Estonia, Letonia y Polonia, <strong>Lituania (detallada)<\/strong>Alemania, Dinamarca, Eslovaquia, Finlandia, Liechtenstein, Luxemburgo, Noruega, Pa\u00edses Bajos, Suecia y Suiza. <br><strong>3 Disco de navegaci\u00f3n con mapas: <br><\/strong>Austria, Bulgaria, Croacia, Rep\u00fablica Checa, Grecia, Hungr\u00eda, Italia, Liechtenstein, Polonia, Ruman\u00eda, San Marino, Eslovaquia, Eslovenia, Suiza, Turqu\u00eda, Ciudad del Vaticano.<\/p>\n<p><strong>Idoneidad: <\/strong><br><em>Lexus LS 2004 - 2006<br>Lexus SC 2005 - 2009 <br>Lexus RX 2005 - 2006 <br>Lexus LX 2004 - 2007 <br>Lexus GX 2005 - 2006<br>Lexus GS 2006 <br>Lexus ES 2004 - 2006<\/em><\/p>\n<p><strong>1 a\u00f1o de garant\u00eda | \u00daltimos mapas | Mejor precio | Vilnius, Kaunas, Klaipeda<\/strong><\/p>\n<hr>\n\n\n<h2 class=\"wp-block-heading\">Mapas de navegaci\u00f3n LEXUS para Lituania y Europa Generaci\u00f3n 4 Gen04 Sistemas de pantalla t\u00e1ctil Denso 2.4X <strong>*S\u00f3lo para US Lexus*<\/strong><\/h2>\n\n\n<p><strong>1 Disco de navegaci\u00f3n con mapas: <\/strong><br>Estonia, Letonia, <strong>Lituania (detallada)<\/strong>Rusia.<\/p>\n<p><strong>Idoneidad:<\/strong><br><em>Lexus LS 2004 - 2006<br>Lexus SC 2005 - 2009<br>Lexus RX 2005 - 2006 <br>Lexus LX 2004 - 2007 <br>Lexus GX 2005 - 2006<br>Lexus GS 2006 <br>Lexus ES 2004 - 2006<\/em> m.<\/p>\n<p><strong>1 a\u00f1o de garant\u00eda | \u00daltimos mapas | Mejor precio | Vilnius, Kaunas, Klaipeda<\/strong><\/p>\n<hr>\n\n\n<h2 class=\"wp-block-heading\">Mapas de navegaci\u00f3n LEXUS para Lituania y Europa Generaci\u00f3n 2 Generaci\u00f3n 3 Gen. 2 Gen. 3 Gen02 Gen03 Pantalla t\u00e1ctil Denso 2.3 <strong>*S\u00f3lo para US Lexus*<\/strong><\/h2>\n\n\n<p><strong>1 Disco de navegaci\u00f3n con mapas:<br><\/strong>Albania, Austria, Bielorrusia, Bosnia y Herzegovina, Bulgaria, Croacia, Rep\u00fablica Checa, Estonia, Grecia, Estonia, Hungr\u00eda, Montenegro, Letonia, <strong>Lituania (detallada)<\/strong>Hungr\u00eda, Polonia, Macedonia, Moldavia, Serbia, Eslovaquia, Ruman\u00eda y Ucrania.<\/p>\n<p><strong>Idoneidad:  <\/strong><br><em>Lexus GS 2001 - 2005 <br>Lexus LS 2001 - 2003<br>Lexus ES 2002 - 2003<br>Lexus RX 2001 - 2004<br>Lexus LX 2001 - 2003<br>Lexus IS 2002 - 2005<br>Lexus SC 2002 - 2004<br>Lexus GX 2003 - 2004<\/em> m.<\/p>\n<p><strong>1 a\u00f1o de garant\u00eda | \u00daltimos mapas | Mejor precio | Vilnius, Kaunas, Klaipeda<\/strong> <\/p>\n<hr>\n\n\n<p><\/p>","protected":false},"excerpt":{"rendered":"<p>LEXUS navigacijos Lietuvos ir Europos \u017eem\u0117lapiai sistemoms lie\u010diamu ekranu su DVD B9000,B9001,B9002,B9003,B9004,B9005,B9006,B9007,B9008,B9009,B9010,B9013,B9017,B9030 (Gen03, Gen05, Gen08, G3, G5, G8, TNS600, TNS700,\u2026<\/p>","protected":false},"author":1,"featured_media":0,"parent":0,"menu_order":0,"comment_status":"closed","ping_status":"closed","template":"","meta":{"_uag_custom_page_level_css":"","footnotes":""},"class_list":["post-482","page","type-page","status-publish","hentry"],"yoast_head":"<!-- This site is optimized with the Yoast SEO plugin v27.3 - https:\/\/yoast.com\/product\/yoast-seo-wordpress\/ -->\n<title>Lexus navigacija Vilniuje, Kaune, Klaip\u0117doje, \u0160iauliuose<\/title>\n<meta name=\"description\" content=\"LEXUS navigacijos Lietuvos ir Europos naujausi\u0173 \u017eem\u0117lapi\u0173 atnaujinimas - Vilniuje, Kaune, Klaip\u0117doje.\" \/>\n<meta name=\"robots\" content=\"index, follow, max-snippet:-1, max-image-preview:large, max-video-preview:-1\" \/>\n<link rel=\"canonical\" href=\"https:\/\/elmeistrai.lt\/es\/lexus-navigacija\/\" \/>\n<meta property=\"og:locale\" content=\"es_ES\" \/>\n<meta property=\"og:type\" content=\"article\" \/>\n<meta property=\"og:title\" content=\"Lexus navigacija Vilniuje, Kaune, Klaip\u0117doje, \u0160iauliuose\" \/>\n<meta property=\"og:description\" content=\"LEXUS navigacijos Lietuvos ir Europos naujausi\u0173 \u017eem\u0117lapi\u0173 atnaujinimas - Vilniuje, Kaune, Klaip\u0117doje.\" \/>\n<meta property=\"og:url\" content=\"https:\/\/elmeistrai.lt\/es\/lexus-navigacija\/\" \/>\n<meta property=\"og:site_name\" content=\"Vilniuje, Kaune, Klaip\u0117doje, \u0160iauliuose\" \/>\n<meta property=\"article:publisher\" content=\"https:\/\/www.facebook.com\/elmeistrai.lt\/\" \/>\n<meta property=\"article:modified_time\" content=\"2022-04-09T21:48:53+00:00\" \/>\n<meta property=\"og:image\" content=\"https:\/\/elmeistrai.lt\/wp-content\/uploads\/2019\/04\/lexus-navigacijos-paleidimas-150x150.png\" \/>\n<meta name=\"twitter:card\" content=\"summary_large_image\" \/>\n<meta name=\"twitter:label1\" content=\"Tiempo de lectura\" \/>\n\t<meta name=\"twitter:data1\" content=\"6 minutos\" \/>\n<script type=\"application\/ld+json\" class=\"yoast-schema-graph\">{\"@context\":\"https:\\\/\\\/schema.org\",\"@graph\":[{\"@type\":\"NewsArticle\",\"@id\":\"https:\\\/\\\/elmeistrai.lt\\\/lexus-navigacija\\\/#article\",\"isPartOf\":{\"@id\":\"https:\\\/\\\/elmeistrai.lt\\\/lexus-navigacija\\\/\"},\"author\":{\"name\":\"elMeistrai\",\"@id\":\"https:\\\/\\\/elmeistrai.lt\\\/#\\\/schema\\\/person\\\/6363b621eb9606785f7f2ae9a52987f7\"},\"headline\":\"Lexus navigacija\",\"datePublished\":\"2019-04-01T09:29:59+00:00\",\"dateModified\":\"2022-04-09T21:48:53+00:00\",\"mainEntityOfPage\":{\"@id\":\"https:\\\/\\\/elmeistrai.lt\\\/lexus-navigacija\\\/\"},\"wordCount\":1035,\"publisher\":{\"@id\":\"https:\\\/\\\/elmeistrai.lt\\\/#organization\"},\"image\":{\"@id\":\"https:\\\/\\\/elmeistrai.lt\\\/lexus-navigacija\\\/#primaryimage\"},\"thumbnailUrl\":\"https:\\\/\\\/elmeistrai.lt\\\/wp-content\\\/uploads\\\/2019\\\/04\\\/lexus-navigacijos-paleidimas-150x150.png\",\"inLanguage\":\"es\"},{\"@type\":[\"WebPage\",\"ItemPage\"],\"@id\":\"https:\\\/\\\/elmeistrai.lt\\\/lexus-navigacija\\\/\",\"url\":\"https:\\\/\\\/elmeistrai.lt\\\/lexus-navigacija\\\/\",\"name\":\"Lexus navigacija Vilniuje, Kaune, Klaip\u0117doje, \u0160iauliuose\",\"isPartOf\":{\"@id\":\"https:\\\/\\\/elmeistrai.lt\\\/#website\"},\"primaryImageOfPage\":{\"@id\":\"https:\\\/\\\/elmeistrai.lt\\\/lexus-navigacija\\\/#primaryimage\"},\"image\":{\"@id\":\"https:\\\/\\\/elmeistrai.lt\\\/lexus-navigacija\\\/#primaryimage\"},\"thumbnailUrl\":\"https:\\\/\\\/elmeistrai.lt\\\/wp-content\\\/uploads\\\/2019\\\/04\\\/lexus-navigacijos-paleidimas-150x150.png\",\"datePublished\":\"2019-04-01T09:29:59+00:00\",\"dateModified\":\"2022-04-09T21:48:53+00:00\",\"description\":\"LEXUS navigacijos Lietuvos ir Europos naujausi\u0173 \u017eem\u0117lapi\u0173 atnaujinimas - Vilniuje, Kaune, Klaip\u0117doje.\",\"breadcrumb\":{\"@id\":\"https:\\\/\\\/elmeistrai.lt\\\/lexus-navigacija\\\/#breadcrumb\"},\"inLanguage\":\"es\",\"potentialAction\":[{\"@type\":\"ReadAction\",\"target\":[\"https:\\\/\\\/elmeistrai.lt\\\/lexus-navigacija\\\/\"]}]},{\"@type\":\"ImageObject\",\"inLanguage\":\"es\",\"@id\":\"https:\\\/\\\/elmeistrai.lt\\\/lexus-navigacija\\\/#primaryimage\",\"url\":\"https:\\\/\\\/elmeistrai.lt\\\/wp-content\\\/uploads\\\/2019\\\/04\\\/lexus-navigacijos-paleidimas-150x150.png\",\"contentUrl\":\"https:\\\/\\\/elmeistrai.lt\\\/wp-content\\\/uploads\\\/2019\\\/04\\\/lexus-navigacijos-paleidimas-150x150.png\"},{\"@type\":\"BreadcrumbList\",\"@id\":\"https:\\\/\\\/elmeistrai.lt\\\/lexus-navigacija\\\/#breadcrumb\",\"itemListElement\":[{\"@type\":\"ListItem\",\"position\":1,\"name\":\"Home\",\"item\":\"https:\\\/\\\/elmeistrai.lt\\\/\"},{\"@type\":\"ListItem\",\"position\":2,\"name\":\"Lexus navigacija\"}]},{\"@type\":\"WebSite\",\"@id\":\"https:\\\/\\\/elmeistrai.lt\\\/#website\",\"url\":\"https:\\\/\\\/elmeistrai.lt\\\/\",\"name\":\"Vilniuje, Kaune, Klaip\u0117doje, \u0160iauliuose\",\"description\":\"Nam\u0173 ir verslo elektronikos prietais\u0173 remontas. Kase\u010di\u0173 pildymas.\",\"publisher\":{\"@id\":\"https:\\\/\\\/elmeistrai.lt\\\/#organization\"},\"potentialAction\":[{\"@type\":\"SearchAction\",\"target\":{\"@type\":\"EntryPoint\",\"urlTemplate\":\"https:\\\/\\\/elmeistrai.lt\\\/?s={search_term_string}\"},\"query-input\":{\"@type\":\"PropertyValueSpecification\",\"valueRequired\":true,\"valueName\":\"search_term_string\"}}],\"inLanguage\":\"es\"},{\"@type\":\"Organization\",\"@id\":\"https:\\\/\\\/elmeistrai.lt\\\/#organization\",\"name\":\"elMeistrai.lt\",\"alternateName\":\"Kavos aparat\u0173, paspirtuk\u0173, televizori\u0173, kompiuteri\u0173, telefon\u0173 ir kt. technikos remontas\",\"url\":\"https:\\\/\\\/elmeistrai.lt\\\/\",\"logo\":{\"@type\":\"ImageObject\",\"inLanguage\":\"es\",\"@id\":\"https:\\\/\\\/elmeistrai.lt\\\/#\\\/schema\\\/logo\\\/image\\\/\",\"url\":\"https:\\\/\\\/elmeistrai.lt\\\/wp-content\\\/uploads\\\/2022\\\/09\\\/elmeistrai_logo.jpg\",\"contentUrl\":\"https:\\\/\\\/elmeistrai.lt\\\/wp-content\\\/uploads\\\/2022\\\/09\\\/elmeistrai_logo.jpg\",\"width\":556,\"height\":143,\"caption\":\"elMeistrai.lt\"},\"image\":{\"@id\":\"https:\\\/\\\/elmeistrai.lt\\\/#\\\/schema\\\/logo\\\/image\\\/\"},\"sameAs\":[\"https:\\\/\\\/www.facebook.com\\\/elmeistrai.lt\\\/\"]},{\"@type\":\"Person\",\"@id\":\"https:\\\/\\\/elmeistrai.lt\\\/#\\\/schema\\\/person\\\/6363b621eb9606785f7f2ae9a52987f7\",\"name\":\"elMeistrai\",\"image\":{\"@type\":\"ImageObject\",\"inLanguage\":\"es\",\"@id\":\"https:\\\/\\\/secure.gravatar.com\\\/avatar\\\/052f2d9640381d6904c5c0676ac3cc3d7ad734def78df3657e571451cad9870d?s=96&d=mm&r=g\",\"url\":\"https:\\\/\\\/secure.gravatar.com\\\/avatar\\\/052f2d9640381d6904c5c0676ac3cc3d7ad734def78df3657e571451cad9870d?s=96&d=mm&r=g\",\"contentUrl\":\"https:\\\/\\\/secure.gravatar.com\\\/avatar\\\/052f2d9640381d6904c5c0676ac3cc3d7ad734def78df3657e571451cad9870d?s=96&d=mm&r=g\",\"caption\":\"elMeistrai\"},\"url\":\"https:\\\/\\\/elmeistrai.lt\\\/es\\\/author\\\/yipkxe\\\/\"}]}<\/script>\n<!-- \/ Yoast SEO plugin. -->","yoast_head_json":{"title":"Lexus navigacija Vilniuje, Kaune, Klaip\u0117doje, \u0160iauliuose","description":"Actualizaci\u00f3n de navegaci\u00f3n LEXUS de los \u00faltimos mapas de Lituania y Europa - Vilnius, Kaunas, Klaip\u0117da.","robots":{"index":"index","follow":"follow","max-snippet":"max-snippet:-1","max-image-preview":"max-image-preview:large","max-video-preview":"max-video-preview:-1"},"canonical":"https:\/\/elmeistrai.lt\/es\/lexus-navigacija\/","og_locale":"es_ES","og_type":"article","og_title":"Lexus navigacija Vilniuje, Kaune, Klaip\u0117doje, \u0160iauliuose","og_description":"LEXUS navigacijos Lietuvos ir Europos naujausi\u0173 \u017eem\u0117lapi\u0173 atnaujinimas - Vilniuje, Kaune, Klaip\u0117doje.","og_url":"https:\/\/elmeistrai.lt\/es\/lexus-navigacija\/","og_site_name":"Vilniuje, Kaune, Klaip\u0117doje, \u0160iauliuose","article_publisher":"https:\/\/www.facebook.com\/elmeistrai.lt\/","article_modified_time":"2022-04-09T21:48:53+00:00","og_image":[{"url":"https:\/\/elmeistrai.lt\/wp-content\/uploads\/2019\/04\/lexus-navigacijos-paleidimas-150x150.png","type":"","width":"","height":""}],"twitter_card":"summary_large_image","twitter_misc":{"Tiempo de lectura":"6 minutos"},"schema":{"@context":"https:\/\/schema.org","@graph":[{"@type":"NewsArticle","@id":"https:\/\/elmeistrai.lt\/lexus-navigacija\/#article","isPartOf":{"@id":"https:\/\/elmeistrai.lt\/lexus-navigacija\/"},"author":{"name":"elMeistrai","@id":"https:\/\/elmeistrai.lt\/#\/schema\/person\/6363b621eb9606785f7f2ae9a52987f7"},"headline":"Lexus navigacija","datePublished":"2019-04-01T09:29:59+00:00","dateModified":"2022-04-09T21:48:53+00:00","mainEntityOfPage":{"@id":"https:\/\/elmeistrai.lt\/lexus-navigacija\/"},"wordCount":1035,"publisher":{"@id":"https:\/\/elmeistrai.lt\/#organization"},"image":{"@id":"https:\/\/elmeistrai.lt\/lexus-navigacija\/#primaryimage"},"thumbnailUrl":"https:\/\/elmeistrai.lt\/wp-content\/uploads\/2019\/04\/lexus-navigacijos-paleidimas-150x150.png","inLanguage":"es"},{"@type":["WebPage","ItemPage"],"@id":"https:\/\/elmeistrai.lt\/lexus-navigacija\/","url":"https:\/\/elmeistrai.lt\/lexus-navigacija\/","name":"Lexus navigacija Vilniuje, Kaune, Klaip\u0117doje, \u0160iauliuose","isPartOf":{"@id":"https:\/\/elmeistrai.lt\/#website"},"primaryImageOfPage":{"@id":"https:\/\/elmeistrai.lt\/lexus-navigacija\/#primaryimage"},"image":{"@id":"https:\/\/elmeistrai.lt\/lexus-navigacija\/#primaryimage"},"thumbnailUrl":"https:\/\/elmeistrai.lt\/wp-content\/uploads\/2019\/04\/lexus-navigacijos-paleidimas-150x150.png","datePublished":"2019-04-01T09:29:59+00:00","dateModified":"2022-04-09T21:48:53+00:00","description":"Actualizaci\u00f3n de navegaci\u00f3n LEXUS de los \u00faltimos mapas de Lituania y Europa - Vilnius, Kaunas, Klaip\u0117da.","breadcrumb":{"@id":"https:\/\/elmeistrai.lt\/lexus-navigacija\/#breadcrumb"},"inLanguage":"es","potentialAction":[{"@type":"ReadAction","target":["https:\/\/elmeistrai.lt\/lexus-navigacija\/"]}]},{"@type":"ImageObject","inLanguage":"es","@id":"https:\/\/elmeistrai.lt\/lexus-navigacija\/#primaryimage","url":"https:\/\/elmeistrai.lt\/wp-content\/uploads\/2019\/04\/lexus-navigacijos-paleidimas-150x150.png","contentUrl":"https:\/\/elmeistrai.lt\/wp-content\/uploads\/2019\/04\/lexus-navigacijos-paleidimas-150x150.png"},{"@type":"BreadcrumbList","@id":"https:\/\/elmeistrai.lt\/lexus-navigacija\/#breadcrumb","itemListElement":[{"@type":"ListItem","position":1,"name":"Home","item":"https:\/\/elmeistrai.lt\/"},{"@type":"ListItem","position":2,"name":"Lexus navigacija"}]},{"@type":"WebSite","@id":"https:\/\/elmeistrai.lt\/#website","url":"https:\/\/elmeistrai.lt\/","name":"Vilnius, Kaunas, Klaip\u0117da, \u0160iauliai","description":"Reparaci\u00f3n de electr\u00f3nica dom\u00e9stica y empresarial. Recarga de cartuchos.","publisher":{"@id":"https:\/\/elmeistrai.lt\/#organization"},"potentialAction":[{"@type":"SearchAction","target":{"@type":"EntryPoint","urlTemplate":"https:\/\/elmeistrai.lt\/?s={search_term_string}"},"query-input":{"@type":"PropertyValueSpecification","valueRequired":true,"valueName":"search_term_string"}}],"inLanguage":"es"},{"@type":"Organization","@id":"https:\/\/elmeistrai.lt\/#organization","name":"elMeistrai.lt","alternateName":"Kavos aparat\u0173, paspirtuk\u0173, televizori\u0173, kompiuteri\u0173, telefon\u0173 ir kt. technikos remontas","url":"https:\/\/elmeistrai.lt\/","logo":{"@type":"ImageObject","inLanguage":"es","@id":"https:\/\/elmeistrai.lt\/#\/schema\/logo\/image\/","url":"https:\/\/elmeistrai.lt\/wp-content\/uploads\/2022\/09\/elmeistrai_logo.jpg","contentUrl":"https:\/\/elmeistrai.lt\/wp-content\/uploads\/2022\/09\/elmeistrai_logo.jpg","width":556,"height":143,"caption":"elMeistrai.lt"},"image":{"@id":"https:\/\/elmeistrai.lt\/#\/schema\/logo\/image\/"},"sameAs":["https:\/\/www.facebook.com\/elmeistrai.lt\/"]},{"@type":"Person","@id":"https:\/\/elmeistrai.lt\/#\/schema\/person\/6363b621eb9606785f7f2ae9a52987f7","name":"elMeistrai","image":{"@type":"ImageObject","inLanguage":"es","@id":"https:\/\/secure.gravatar.com\/avatar\/052f2d9640381d6904c5c0676ac3cc3d7ad734def78df3657e571451cad9870d?s=96&d=mm&r=g","url":"https:\/\/secure.gravatar.com\/avatar\/052f2d9640381d6904c5c0676ac3cc3d7ad734def78df3657e571451cad9870d?s=96&d=mm&r=g","contentUrl":"https:\/\/secure.gravatar.com\/avatar\/052f2d9640381d6904c5c0676ac3cc3d7ad734def78df3657e571451cad9870d?s=96&d=mm&r=g","caption":"elMeistrai"},"url":"https:\/\/elmeistrai.lt\/es\/author\/yipkxe\/"}]}},"uagb_featured_image_src":{"full":false,"thumbnail":false,"medium":false,"medium_large":false,"large":false,"1536x1536":false,"2048x2048":false,"trp-custom-language-flag":false,"writemag-1218w-autoh-image":false,"writemag-675w-autoh-image":false,"writemag-100w-100h-image":false},"uagb_author_info":{"display_name":"elMeistrai","author_link":"https:\/\/elmeistrai.lt\/es\/author\/yipkxe\/"},"uagb_comment_info":0,"uagb_excerpt":"LEXUS navigacijos Lietuvos ir Europos \u017eem\u0117lapiai sistemoms lie\u010diamu ekranu su DVD B9000,B9001,B9002,B9003,B9004,B9005,B9006,B9007,B9008,B9009,B9010,B9013,B9017,B9030 (Gen03, Gen05, Gen08, G3, G5, G8, TNS600, TNS700,...","rttpg_featured_image_url":null,"rttpg_author":{"display_name":"elMeistrai","author_link":"https:\/\/elmeistrai.lt\/es\/author\/yipkxe\/"},"rttpg_comment":0,"rttpg_category":null,"rttpg_excerpt":"LEXUS navigacijos Lietuvos ir Europos \u017eem\u0117lapiai sistemoms lie\u010diamu ekranu su DVD B9000,B9001,B9002,B9003,B9004,B9005,B9006,B9007,B9008,B9009,B9010,B9013,B9017,B9030 (Gen03, Gen05, Gen08, G3, G5, G8, TNS600, TNS700,...","_links":{"self":[{"href":"https:\/\/elmeistrai.lt\/es\/wp-json\/wp\/v2\/pages\/482","targetHints":{"allow":["GET"]}}],"collection":[{"href":"https:\/\/elmeistrai.lt\/es\/wp-json\/wp\/v2\/pages"}],"about":[{"href":"https:\/\/elmeistrai.lt\/es\/wp-json\/wp\/v2\/types\/page"}],"author":[{"embeddable":true,"href":"https:\/\/elmeistrai.lt\/es\/wp-json\/wp\/v2\/users\/1"}],"replies":[{"embeddable":true,"href":"https:\/\/elmeistrai.lt\/es\/wp-json\/wp\/v2\/comments?post=482"}],"version-history":[{"count":12,"href":"https:\/\/elmeistrai.lt\/es\/wp-json\/wp\/v2\/pages\/482\/revisions"}],"predecessor-version":[{"id":1528,"href":"https:\/\/elmeistrai.lt\/es\/wp-json\/wp\/v2\/pages\/482\/revisions\/1528"}],"wp:attachment":[{"href":"https:\/\/elmeistrai.lt\/es\/wp-json\/wp\/v2\/media?parent=482"}],"curies":[{"name":"wp","href":"https:\/\/api.w.org\/{rel}","templated":true}]}}