{"id":473,"date":"2019-04-01T07:06:42","date_gmt":"2019-04-01T09:06:42","guid":{"rendered":"https:\/\/elmeistrai.lt\/?page_id=473"},"modified":"2022-04-09T20:03:16","modified_gmt":"2022-04-09T22:03:16","slug":"land-rover-navigacija","status":"publish","type":"page","link":"https:\/\/elmeistrai.lt\/es\/land-rover-navigacija\/","title":{"rendered":"Navegaci\u00f3n Land Rover"},"content":{"rendered":"<h2 class=\"wp-block-heading\">Mapas de navegaci\u00f3n LAND ROVER para Lituania y Europa para sistemas Denso C1 con DVD <\/h2>\n\n\n<p><strong>1 Disco de navegaci\u00f3n con mapas:<\/strong><br>Andorra, Espa\u00f1a, Francia, Irlanda, Gibraltar, M\u00f3naco, Portugal, Reino Unido.<br><strong>2 Disco de navegaci\u00f3n con mapas:<\/strong><br>Alemania, Austria, B\u00e9lgica, Dinamarca, Finlandia, Italia, Liechtenstein, Luxemburgo, Noruega, Pa\u00edses Bajos, Rep\u00fablica Checa, San Marino, Suecia, Suiza y Ciudad del Vaticano.<br><strong>3 Disco de navegaci\u00f3n con mapas:<\/strong><br>Albania, Austria, Bielorrusia, Bosnia y Herzegovina, Bulgaria, Croacia, Rep\u00fablica Checa, Estonia, Grecia, Hungr\u00eda, Montenegro, Letonia y Polonia, <strong>Lituania (detallada)<\/strong>Macedonia, Moldavia, Ruman\u00eda, Serbia, Eslovaquia, Eslovenia, Turqu\u00eda, Ucrania, Hungr\u00eda y Alemania.<\/p>\n<p><strong>Idoneidad: <\/strong><br><em>Land Rover Discovery 3 2004\/10 - 2009\/06<\/em><br><em>Range Rover 2004\/05 - 2009\/06<br>Range Rover Sport 2005\/03 - 2009\/06<\/em><\/p>\n<p><strong>1 a\u00f1o de garant\u00eda | \u00daltimos mapas | Mejor precio | Vilnius, Kaunas, Klaipeda<\/strong><\/p>\n<hr>\n\n\n<h2 class=\"wp-block-heading\">Mapas de navegaci\u00f3n LAND ROVER para Lituania y Europa para sistemas Denso C2 con DVD <\/h2>\n\n\n<p><strong>1 Disco de navegaci\u00f3n con mapas:<\/strong><br>Andorra, Espa\u00f1a, Francia, Irlanda, Gibraltar, M\u00f3naco, Portugal, Reino Unido.<br><strong>2 Disco de navegaci\u00f3n con mapas:<\/strong><br>Alemania, Austria, B\u00e9lgica, Dinamarca, Finlandia, Italia, Liechtenstein, Luxemburgo, Noruega, Pa\u00edses Bajos, Rep\u00fablica Checa, San Marino, Suecia, Suiza y Ciudad del Vaticano.<br><strong>3 Disco de navegaci\u00f3n con mapas:<\/strong><br>Albania, Austria, Bielorrusia, Bosnia y Herzegovina, Bulgaria, Croacia, Rep\u00fablica Checa, Estonia, Grecia, Hungr\u00eda, Montenegro, Letonia y Polonia, <strong>Lituania (detallada)<\/strong>Macedonia, Moldavia, Ruman\u00eda, Serbia, Eslovaquia, Eslovenia, Turqu\u00eda, Ucrania, Hungr\u00eda y Alemania.<\/p>\n<p><strong>Idoneidad:<\/strong><br><em>Freelander 2 a partir de 2006\/06<\/em><\/p>\n<p><strong>1 a\u00f1o de garant\u00eda | \u00daltimos mapas | Mejor precio | Vilnius, Kaunas, Klaipeda<\/strong><\/p>\n<hr>\n\n\n<h2 class=\"wp-block-heading\">LAND ROVER mapas de navegaci\u00f3n para Lituania y Europa para los sistemas Denso de EE.UU. con DVD <\/h2>\n\n\n<p><strong>1 Disco de navegaci\u00f3n con mapas:<\/strong><br>Andorra, Espa\u00f1a, Francia, Irlanda, Gibraltar, M\u00f3naco, Portugal, Reino Unido.<br><strong>2 Disco de navegaci\u00f3n con mapas:<\/strong><br>Alemania, Austria, B\u00e9lgica, Dinamarca, Finlandia, Italia, Liechtenstein, Luxemburgo, Noruega, Pa\u00edses Bajos, Rep\u00fablica Checa, San Marino, Suecia, Suiza y Ciudad del Vaticano.<br><strong>3 Disco de navegaci\u00f3n con mapas:<\/strong><br>Albania, Austria, Bielorrusia, Bosnia y Herzegovina, Bulgaria, Croacia, Rep\u00fablica Checa, Estonia, Grecia, Hungr\u00eda, Montenegro, Letonia y Polonia, <strong>Lituania (detallada)<\/strong>Macedonia, Moldavia, Ruman\u00eda, Serbia, Eslovaquia, Eslovenia, Turqu\u00eda, Ucrania, Hungr\u00eda y Alemania.<\/p>\n<p><strong>Idoneidad: <\/strong><br><em>Land Rover Discovery 3 2004\/10 - 2009\/06 <\/em><br><em>Range Rover 2004\/05 - 2009\/06<br>Range Rover Sport 2005\/03 - 2009\/06<br>Range Rover Freelander 2 a partir de 2006\/06<br>Range Rover otros modelos<\/em><\/p>\n<p><strong>1 a\u00f1o de garant\u00eda | \u00daltimos mapas | Mejor precio | Vilnius, Kaunas, Klaipeda<\/strong><\/p>\n<hr>\n\n\n<p><\/p>","protected":false},"excerpt":{"rendered":"<p>LAND ROVER mapas de navegaci\u00f3n para Lituania y Europa Denso C1 con DVD 1 Disco de navegaci\u00f3n con mapas:Irlanda, Andorra, Gran Breta\u00f1a,...<\/p>","protected":false},"author":1,"featured_media":0,"parent":0,"menu_order":0,"comment_status":"closed","ping_status":"closed","template":"","meta":{"_uag_custom_page_level_css":"","footnotes":""},"class_list":["post-473","page","type-page","status-publish","hentry"],"yoast_head":"<!-- This site is optimized with the Yoast SEO plugin v27.3 - https:\/\/yoast.com\/product\/yoast-seo-wordpress\/ -->\n<title>Land Rover navigacija Vilniuje, Kaune, Klaip\u0117doje, \u0160iauliuose<\/title>\n<meta name=\"description\" content=\"LAND ROVER navigacijos Lietuvos ir Europos naujausi\u0173 \u017eem\u0117lapi\u0173 atnaujinimas - Vilniuje, Kaune, Klaip\u0117doje.\" \/>\n<meta name=\"robots\" content=\"index, follow, max-snippet:-1, max-image-preview:large, max-video-preview:-1\" \/>\n<link rel=\"canonical\" href=\"https:\/\/elmeistrai.lt\/es\/land-rover-navigacija\/\" \/>\n<meta property=\"og:locale\" content=\"es_ES\" \/>\n<meta property=\"og:type\" content=\"article\" \/>\n<meta property=\"og:title\" content=\"Land Rover navigacija Vilniuje, Kaune, Klaip\u0117doje, \u0160iauliuose\" \/>\n<meta property=\"og:description\" content=\"LAND ROVER navigacijos Lietuvos ir Europos naujausi\u0173 \u017eem\u0117lapi\u0173 atnaujinimas - Vilniuje, Kaune, Klaip\u0117doje.\" \/>\n<meta property=\"og:url\" content=\"https:\/\/elmeistrai.lt\/es\/land-rover-navigacija\/\" \/>\n<meta property=\"og:site_name\" content=\"Vilniuje, Kaune, Klaip\u0117doje, \u0160iauliuose\" \/>\n<meta property=\"article:publisher\" content=\"https:\/\/www.facebook.com\/elmeistrai.lt\/\" \/>\n<meta property=\"article:modified_time\" content=\"2022-04-09T22:03:16+00:00\" \/>\n<meta name=\"twitter:card\" content=\"summary_large_image\" \/>\n<meta name=\"twitter:label1\" content=\"Tiempo de lectura\" \/>\n\t<meta name=\"twitter:data1\" content=\"2 minutos\" \/>\n<script type=\"application\/ld+json\" class=\"yoast-schema-graph\">{\"@context\":\"https:\\\/\\\/schema.org\",\"@graph\":[{\"@type\":\"NewsArticle\",\"@id\":\"https:\\\/\\\/elmeistrai.lt\\\/en\\\/land-rover-navigacija\\\/#article\",\"isPartOf\":{\"@id\":\"https:\\\/\\\/elmeistrai.lt\\\/en\\\/land-rover-navigacija\\\/\"},\"author\":{\"name\":\"elMeistrai\",\"@id\":\"https:\\\/\\\/elmeistrai.lt\\\/#\\\/schema\\\/person\\\/6363b621eb9606785f7f2ae9a52987f7\"},\"headline\":\"Land Rover navigacija\",\"datePublished\":\"2019-04-01T09:06:42+00:00\",\"dateModified\":\"2022-04-09T22:03:16+00:00\",\"mainEntityOfPage\":{\"@id\":\"https:\\\/\\\/elmeistrai.lt\\\/en\\\/land-rover-navigacija\\\/\"},\"wordCount\":321,\"publisher\":{\"@id\":\"https:\\\/\\\/elmeistrai.lt\\\/#organization\"},\"inLanguage\":\"es\"},{\"@type\":[\"WebPage\",\"ItemPage\"],\"@id\":\"https:\\\/\\\/elmeistrai.lt\\\/en\\\/land-rover-navigacija\\\/\",\"url\":\"https:\\\/\\\/elmeistrai.lt\\\/en\\\/land-rover-navigacija\\\/\",\"name\":\"Land Rover navigacija Vilniuje, Kaune, Klaip\u0117doje, \u0160iauliuose\",\"isPartOf\":{\"@id\":\"https:\\\/\\\/elmeistrai.lt\\\/#website\"},\"datePublished\":\"2019-04-01T09:06:42+00:00\",\"dateModified\":\"2022-04-09T22:03:16+00:00\",\"description\":\"LAND ROVER navigacijos Lietuvos ir Europos naujausi\u0173 \u017eem\u0117lapi\u0173 atnaujinimas - Vilniuje, Kaune, Klaip\u0117doje.\",\"breadcrumb\":{\"@id\":\"https:\\\/\\\/elmeistrai.lt\\\/en\\\/land-rover-navigacija\\\/#breadcrumb\"},\"inLanguage\":\"es\",\"potentialAction\":[{\"@type\":\"ReadAction\",\"target\":[\"https:\\\/\\\/elmeistrai.lt\\\/en\\\/land-rover-navigacija\\\/\"]}]},{\"@type\":\"BreadcrumbList\",\"@id\":\"https:\\\/\\\/elmeistrai.lt\\\/en\\\/land-rover-navigacija\\\/#breadcrumb\",\"itemListElement\":[{\"@type\":\"ListItem\",\"position\":1,\"name\":\"Home\",\"item\":\"https:\\\/\\\/elmeistrai.lt\\\/\"},{\"@type\":\"ListItem\",\"position\":2,\"name\":\"Land Rover navigacija\"}]},{\"@type\":\"WebSite\",\"@id\":\"https:\\\/\\\/elmeistrai.lt\\\/#website\",\"url\":\"https:\\\/\\\/elmeistrai.lt\\\/\",\"name\":\"Vilniuje, Kaune, Klaip\u0117doje, \u0160iauliuose\",\"description\":\"Nam\u0173 ir verslo elektronikos prietais\u0173 remontas. Kase\u010di\u0173 pildymas.\",\"publisher\":{\"@id\":\"https:\\\/\\\/elmeistrai.lt\\\/#organization\"},\"potentialAction\":[{\"@type\":\"SearchAction\",\"target\":{\"@type\":\"EntryPoint\",\"urlTemplate\":\"https:\\\/\\\/elmeistrai.lt\\\/?s={search_term_string}\"},\"query-input\":{\"@type\":\"PropertyValueSpecification\",\"valueRequired\":true,\"valueName\":\"search_term_string\"}}],\"inLanguage\":\"es\"},{\"@type\":\"Organization\",\"@id\":\"https:\\\/\\\/elmeistrai.lt\\\/#organization\",\"name\":\"elMeistrai.lt\",\"alternateName\":\"Kavos aparat\u0173, paspirtuk\u0173, televizori\u0173, kompiuteri\u0173, telefon\u0173 ir kt. technikos remontas\",\"url\":\"https:\\\/\\\/elmeistrai.lt\\\/\",\"logo\":{\"@type\":\"ImageObject\",\"inLanguage\":\"es\",\"@id\":\"https:\\\/\\\/elmeistrai.lt\\\/#\\\/schema\\\/logo\\\/image\\\/\",\"url\":\"https:\\\/\\\/elmeistrai.lt\\\/wp-content\\\/uploads\\\/2022\\\/09\\\/elmeistrai_logo.jpg\",\"contentUrl\":\"https:\\\/\\\/elmeistrai.lt\\\/wp-content\\\/uploads\\\/2022\\\/09\\\/elmeistrai_logo.jpg\",\"width\":556,\"height\":143,\"caption\":\"elMeistrai.lt\"},\"image\":{\"@id\":\"https:\\\/\\\/elmeistrai.lt\\\/#\\\/schema\\\/logo\\\/image\\\/\"},\"sameAs\":[\"https:\\\/\\\/www.facebook.com\\\/elmeistrai.lt\\\/\"]},{\"@type\":\"Person\",\"@id\":\"https:\\\/\\\/elmeistrai.lt\\\/#\\\/schema\\\/person\\\/6363b621eb9606785f7f2ae9a52987f7\",\"name\":\"elMeistrai\",\"image\":{\"@type\":\"ImageObject\",\"inLanguage\":\"es\",\"@id\":\"https:\\\/\\\/secure.gravatar.com\\\/avatar\\\/052f2d9640381d6904c5c0676ac3cc3d7ad734def78df3657e571451cad9870d?s=96&d=mm&r=g\",\"url\":\"https:\\\/\\\/secure.gravatar.com\\\/avatar\\\/052f2d9640381d6904c5c0676ac3cc3d7ad734def78df3657e571451cad9870d?s=96&d=mm&r=g\",\"contentUrl\":\"https:\\\/\\\/secure.gravatar.com\\\/avatar\\\/052f2d9640381d6904c5c0676ac3cc3d7ad734def78df3657e571451cad9870d?s=96&d=mm&r=g\",\"caption\":\"elMeistrai\"},\"url\":\"https:\\\/\\\/elmeistrai.lt\\\/es\\\/author\\\/yipkxe\\\/\"}]}<\/script>\n<!-- \/ Yoast SEO plugin. -->","yoast_head_json":{"title":"Land Rover navigacija Vilniuje, Kaune, Klaip\u0117doje, \u0160iauliuose","description":"Actualizaci\u00f3n de los \u00faltimos mapas de navegaci\u00f3n LAND ROVER para Lituania y Europa - Vilnius, Kaunas, Klaip\u0117da.","robots":{"index":"index","follow":"follow","max-snippet":"max-snippet:-1","max-image-preview":"max-image-preview:large","max-video-preview":"max-video-preview:-1"},"canonical":"https:\/\/elmeistrai.lt\/es\/land-rover-navigacija\/","og_locale":"es_ES","og_type":"article","og_title":"Land Rover navigacija Vilniuje, Kaune, Klaip\u0117doje, \u0160iauliuose","og_description":"LAND ROVER navigacijos Lietuvos ir Europos naujausi\u0173 \u017eem\u0117lapi\u0173 atnaujinimas - Vilniuje, Kaune, Klaip\u0117doje.","og_url":"https:\/\/elmeistrai.lt\/es\/land-rover-navigacija\/","og_site_name":"Vilniuje, Kaune, Klaip\u0117doje, \u0160iauliuose","article_publisher":"https:\/\/www.facebook.com\/elmeistrai.lt\/","article_modified_time":"2022-04-09T22:03:16+00:00","twitter_card":"summary_large_image","twitter_misc":{"Tiempo de lectura":"2 minutos"},"schema":{"@context":"https:\/\/schema.org","@graph":[{"@type":"NewsArticle","@id":"https:\/\/elmeistrai.lt\/en\/land-rover-navigacija\/#article","isPartOf":{"@id":"https:\/\/elmeistrai.lt\/en\/land-rover-navigacija\/"},"author":{"name":"elMeistrai","@id":"https:\/\/elmeistrai.lt\/#\/schema\/person\/6363b621eb9606785f7f2ae9a52987f7"},"headline":"Land Rover navigacija","datePublished":"2019-04-01T09:06:42+00:00","dateModified":"2022-04-09T22:03:16+00:00","mainEntityOfPage":{"@id":"https:\/\/elmeistrai.lt\/en\/land-rover-navigacija\/"},"wordCount":321,"publisher":{"@id":"https:\/\/elmeistrai.lt\/#organization"},"inLanguage":"es"},{"@type":["WebPage","ItemPage"],"@id":"https:\/\/elmeistrai.lt\/en\/land-rover-navigacija\/","url":"https:\/\/elmeistrai.lt\/en\/land-rover-navigacija\/","name":"Land Rover navigacija Vilniuje, Kaune, Klaip\u0117doje, \u0160iauliuose","isPartOf":{"@id":"https:\/\/elmeistrai.lt\/#website"},"datePublished":"2019-04-01T09:06:42+00:00","dateModified":"2022-04-09T22:03:16+00:00","description":"Actualizaci\u00f3n de los \u00faltimos mapas de navegaci\u00f3n LAND ROVER para Lituania y Europa - Vilnius, Kaunas, Klaip\u0117da.","breadcrumb":{"@id":"https:\/\/elmeistrai.lt\/en\/land-rover-navigacija\/#breadcrumb"},"inLanguage":"es","potentialAction":[{"@type":"ReadAction","target":["https:\/\/elmeistrai.lt\/en\/land-rover-navigacija\/"]}]},{"@type":"BreadcrumbList","@id":"https:\/\/elmeistrai.lt\/en\/land-rover-navigacija\/#breadcrumb","itemListElement":[{"@type":"ListItem","position":1,"name":"Home","item":"https:\/\/elmeistrai.lt\/"},{"@type":"ListItem","position":2,"name":"Land Rover navigacija"}]},{"@type":"WebSite","@id":"https:\/\/elmeistrai.lt\/#website","url":"https:\/\/elmeistrai.lt\/","name":"Vilnius, Kaunas, Klaip\u0117da, \u0160iauliai","description":"Reparaci\u00f3n de electr\u00f3nica dom\u00e9stica y empresarial. Recarga de cartuchos.","publisher":{"@id":"https:\/\/elmeistrai.lt\/#organization"},"potentialAction":[{"@type":"SearchAction","target":{"@type":"EntryPoint","urlTemplate":"https:\/\/elmeistrai.lt\/?s={search_term_string}"},"query-input":{"@type":"PropertyValueSpecification","valueRequired":true,"valueName":"search_term_string"}}],"inLanguage":"es"},{"@type":"Organization","@id":"https:\/\/elmeistrai.lt\/#organization","name":"elMeistrai.lt","alternateName":"Kavos aparat\u0173, paspirtuk\u0173, televizori\u0173, kompiuteri\u0173, telefon\u0173 ir kt. technikos remontas","url":"https:\/\/elmeistrai.lt\/","logo":{"@type":"ImageObject","inLanguage":"es","@id":"https:\/\/elmeistrai.lt\/#\/schema\/logo\/image\/","url":"https:\/\/elmeistrai.lt\/wp-content\/uploads\/2022\/09\/elmeistrai_logo.jpg","contentUrl":"https:\/\/elmeistrai.lt\/wp-content\/uploads\/2022\/09\/elmeistrai_logo.jpg","width":556,"height":143,"caption":"elMeistrai.lt"},"image":{"@id":"https:\/\/elmeistrai.lt\/#\/schema\/logo\/image\/"},"sameAs":["https:\/\/www.facebook.com\/elmeistrai.lt\/"]},{"@type":"Person","@id":"https:\/\/elmeistrai.lt\/#\/schema\/person\/6363b621eb9606785f7f2ae9a52987f7","name":"elMeistrai","image":{"@type":"ImageObject","inLanguage":"es","@id":"https:\/\/secure.gravatar.com\/avatar\/052f2d9640381d6904c5c0676ac3cc3d7ad734def78df3657e571451cad9870d?s=96&d=mm&r=g","url":"https:\/\/secure.gravatar.com\/avatar\/052f2d9640381d6904c5c0676ac3cc3d7ad734def78df3657e571451cad9870d?s=96&d=mm&r=g","contentUrl":"https:\/\/secure.gravatar.com\/avatar\/052f2d9640381d6904c5c0676ac3cc3d7ad734def78df3657e571451cad9870d?s=96&d=mm&r=g","caption":"elMeistrai"},"url":"https:\/\/elmeistrai.lt\/es\/author\/yipkxe\/"}]}},"uagb_featured_image_src":{"full":false,"thumbnail":false,"medium":false,"medium_large":false,"large":false,"1536x1536":false,"2048x2048":false,"trp-custom-language-flag":false,"writemag-1218w-autoh-image":false,"writemag-675w-autoh-image":false,"writemag-100w-100h-image":false},"uagb_author_info":{"display_name":"elMeistrai","author_link":"https:\/\/elmeistrai.lt\/es\/author\/yipkxe\/"},"uagb_comment_info":0,"uagb_excerpt":"LAND ROVER navigacijos Lietuvos ir Europos \u017eem\u0117lapiai sistemoms Denso C1 su DVD 1 Navigacijos diskas su \u017eem\u0117lapiais:Airija, Andora, Did\u017eioji Britanija,...","rttpg_featured_image_url":null,"rttpg_author":{"display_name":"elMeistrai","author_link":"https:\/\/elmeistrai.lt\/es\/author\/yipkxe\/"},"rttpg_comment":0,"rttpg_category":null,"rttpg_excerpt":"LAND ROVER navigacijos Lietuvos ir Europos \u017eem\u0117lapiai sistemoms Denso C1 su DVD 1 Navigacijos diskas su \u017eem\u0117lapiais:Airija, Andora, Did\u017eioji Britanija,...","_links":{"self":[{"href":"https:\/\/elmeistrai.lt\/es\/wp-json\/wp\/v2\/pages\/473","targetHints":{"allow":["GET"]}}],"collection":[{"href":"https:\/\/elmeistrai.lt\/es\/wp-json\/wp\/v2\/pages"}],"about":[{"href":"https:\/\/elmeistrai.lt\/es\/wp-json\/wp\/v2\/types\/page"}],"author":[{"embeddable":true,"href":"https:\/\/elmeistrai.lt\/es\/wp-json\/wp\/v2\/users\/1"}],"replies":[{"embeddable":true,"href":"https:\/\/elmeistrai.lt\/es\/wp-json\/wp\/v2\/comments?post=473"}],"version-history":[{"count":7,"href":"https:\/\/elmeistrai.lt\/es\/wp-json\/wp\/v2\/pages\/473\/revisions"}],"predecessor-version":[{"id":1554,"href":"https:\/\/elmeistrai.lt\/es\/wp-json\/wp\/v2\/pages\/473\/revisions\/1554"}],"wp:attachment":[{"href":"https:\/\/elmeistrai.lt\/es\/wp-json\/wp\/v2\/media?parent=473"}],"curies":[{"name":"wp","href":"https:\/\/api.w.org\/{rel}","templated":true}]}}