{"id":441,"date":"2019-04-01T05:59:39","date_gmt":"2019-04-01T07:59:39","guid":{"rendered":"https:\/\/elmeistrai.lt\/?page_id=441"},"modified":"2022-04-09T19:59:36","modified_gmt":"2022-04-09T21:59:36","slug":"jaguar-navigacija","status":"publish","type":"page","link":"https:\/\/elmeistrai.lt\/es\/jaguar-navigacija\/","title":{"rendered":"Navegaci\u00f3n Jaguar"},"content":{"rendered":"<h2 class=\"wp-block-heading\">JAGUAR mapas de navegaci\u00f3n de Lituania y Europa para XF XK Denso 2.64 con DVD<\/h2>\n\n\n\n<div class=\"wp-block-image\"><figure class=\"alignright\"><img loading=\"lazy\" decoding=\"async\" width=\"150\" height=\"150\" src=\"https:\/\/elmeistrai.lt\/wp-content\/uploads\/2019\/04\/jaguar-navigacija-150x150.jpg\" alt=\"\" class=\"wp-image-442\"\/><\/figure><\/div>\n\n\n\n<p><p><strong>1 Disco de navegaci\u00f3n con mapas:<\/strong><br>Alemania, Austria, B\u00e9lgica, Dinamarca, Finlandia, Italia, Liechtenstein, Luxemburgo, Noruega, Pa\u00edses Bajos, Rep\u00fablica Checa, San Marino, Suecia, Suiza y Ciudad del Vaticano. <br><strong>2 Disco de navegaci\u00f3n con mapas:<\/strong><br>Andorra, Espa\u00f1a, Francia, Irlanda, Gran Breta\u00f1a, M\u00f3naco, Portugal <br><strong>3 Disco de navegaci\u00f3n con mapas:<\/strong><br>Alemania, Andorra, B\u00e9lgica, Dinamarca, Francia, Liechtenstein, Luxemburgo, M\u00f3naco, Pa\u00edses Bajos y Suiza. <br><strong>4 Disco de navegaci\u00f3n con mapas:<\/strong><br>Albania, Austria, Bielorrusia, Bosnia y Herzegovina, Bulgaria, Croacia, Rep\u00fablica Checa, Estonia, Grecia, Estonia, Hungr\u00eda, Montenegro, Letonia, <strong>Lituania (detallada)<\/strong>Polonia, Macedonia, Moldavia, Ruman\u00eda, Serbia, Eslovaquia, Eslovenia, Turqu\u00eda, Ucrania, Hungr\u00eda y Alemania. <br><strong>5 Disco de navegaci\u00f3n con mapas:<\/strong><br>La parte europea de Rusia.  <br><br><strong>Idoneidad:<\/strong><br><em>Jaguar XF 2004 - 2011 <\/em><br><em>Jaguar XK 2007 - 2013<\/em><br><br><strong>1 a\u00f1o de garant\u00eda | \u00daltimos mapas | Mejor precio | Vilnius, Kaunas, Klaipeda<\/strong><\/p><hr><\/p>\n\n\n\n<h2 class=\"wp-block-heading\">JAGUAR mapas de navegaci\u00f3n de Lituania y Europa para XJ S-Type X-Type T1000 Denso XCL con DVD<\/h2>\n\n\n\n<div class=\"wp-block-image\"><figure class=\"alignright\"><img loading=\"lazy\" decoding=\"async\" width=\"150\" height=\"136\" src=\"https:\/\/elmeistrai.lt\/wp-content\/uploads\/2019\/04\/jaguar-navigacija-su-dvd-2-150x136.jpg\" alt=\"\" class=\"wp-image-449\"\/><\/figure><\/div>\n\n\n<p><strong>1 Disco de navegaci\u00f3n con mapas:<\/strong><br>Europa Occidental. <br><strong>2 Disco de navegaci\u00f3n con mapas:<\/strong><br>Irlanda, Andorra, Austria, Bielorrusia, B\u00e9lgica, Bosnia y Herzegovina, Bulgaria, Rep\u00fablica Checa, Dinamarca, Gran Breta\u00f1a, Estonia, Gibraltar, Grecia, Espa\u00f1a, Italia, Montenegro, Islas Canarias, Croacia, Liechtenstein, Letonia, Polonia, <strong>Lituania (detallada)<\/strong>, Luxemburgo, Macedonia, Moldavia, M\u00f3naco, Noruega, Pa\u00edses Bajos, Portugal, Francia, Ruman\u00eda, San Marino, Serbia, Eslovaquia, Eslovenia, Finlandia, Suecia, Suiza, Ucrania, Ciudad del Vaticano.<\/p>\n<p><strong>Idoneidad: <\/strong><br><em>Jaguar X-Type a partir de 2002<br>Jaguar S-Type a partir de 2003<br>Jaguar XJ 2004 - 2009<\/em><\/p>\n<p><strong>1 a\u00f1o de garant\u00eda | \u00daltimos mapas | Mejor precio | Vilnius, Kaunas, Klaipeda<\/strong><\/p>\n<hr>\n\n\n<h2 class=\"wp-block-heading\">Mapas de navegaci\u00f3n JAGUAR para Lituania y Europa HDD GEN2.1 USB<\/h2>\n\n\n\n<div class=\"wp-block-image\"><figure class=\"alignright\"><img loading=\"lazy\" decoding=\"async\" width=\"156\" height=\"110\" src=\"https:\/\/elmeistrai.lt\/wp-content\/uploads\/2019\/04\/jaguar-navigacija-hdd.png\" alt=\"\" class=\"wp-image-452\"\/><\/figure><\/div>\n\n\n<p><strong>Actualizaci\u00f3n de los mapas de navegaci\u00f3n<\/strong><br>Alemania, Austria, Andorra, B\u00e9lgica, Suiza, Rep\u00fablica Checa, Dinamarca, Espa\u00f1a, Francia, Finlandia, Liechtenstein, Reino Unido, Grecia, Irlanda, Italia, Luxemburgo, M\u00f3naco, Noruega, Pa\u00edses Bajos, Portugal, San Marino, Suecia, Ciudad del Vaticano, Rusia, Polonia, Hungr\u00eda, Croacia, Eslovenia, Bielorrusia, Estonia, Ciudad del Vaticano, Polonia, Hungr\u00eda, Estonia, <strong>Lituania (detallada)<\/strong>Letonia.<\/p>\n<p><strong>Idoneidad: <\/strong><br><em>Jaguar XJ a partir de 2009<br>Jaguar XF a partir de 2012<\/em><\/p>\n<p><strong>M\u00e1s informaci\u00f3n:<\/strong><br>La navegaci\u00f3n es apta para coches de EE.UU. y la UE.<\/p>\n<p><strong>1 a\u00f1o de garant\u00eda | \u00daltimos mapas | Mejor precio | Vilnius, Kaunas, Klaipeda<\/strong><\/p>\n<hr>","protected":false},"excerpt":{"rendered":"<p>JAGUAR mapas de navegaci\u00f3n de Lituania y Europa para XF XK Denso 2.64 con DVD 1 Disco de navegaci\u00f3n con mapas:Austria, B\u00e9lgica, Rep\u00fablica Checa,...<\/p>","protected":false},"author":1,"featured_media":0,"parent":0,"menu_order":0,"comment_status":"closed","ping_status":"closed","template":"","meta":{"_uag_custom_page_level_css":"","footnotes":""},"class_list":["post-441","page","type-page","status-publish","hentry"],"yoast_head":"<!-- This site is optimized with the Yoast SEO plugin v27.4 - https:\/\/yoast.com\/product\/yoast-seo-wordpress\/ -->\n<title>Jaguar navigacija Vilniuje, Kaune, Klaip\u0117doje, \u0160iauliuose<\/title>\n<meta name=\"description\" content=\"JAGUAR navigacijos Lietuvos ir Europos naujausi\u0173 \u017eem\u0117lapi\u0173 atnaujinimas - Vilniuje, Kaune, Klaip\u0117doje.\" \/>\n<meta name=\"robots\" content=\"index, follow, max-snippet:-1, max-image-preview:large, max-video-preview:-1\" \/>\n<link rel=\"canonical\" href=\"https:\/\/elmeistrai.lt\/es\/jaguar-navigacija\/\" \/>\n<meta property=\"og:locale\" content=\"es_ES\" \/>\n<meta property=\"og:type\" content=\"article\" \/>\n<meta property=\"og:title\" content=\"Jaguar navigacija Vilniuje, Kaune, Klaip\u0117doje, \u0160iauliuose\" \/>\n<meta property=\"og:description\" content=\"JAGUAR navigacijos Lietuvos ir Europos naujausi\u0173 \u017eem\u0117lapi\u0173 atnaujinimas - Vilniuje, Kaune, Klaip\u0117doje.\" \/>\n<meta property=\"og:url\" content=\"https:\/\/elmeistrai.lt\/es\/jaguar-navigacija\/\" \/>\n<meta property=\"og:site_name\" content=\"Vilniuje, Kaune, Klaip\u0117doje, \u0160iauliuose\" \/>\n<meta property=\"article:publisher\" content=\"https:\/\/www.facebook.com\/elmeistrai.lt\/\" \/>\n<meta property=\"article:modified_time\" content=\"2022-04-09T21:59:36+00:00\" \/>\n<meta property=\"og:image\" content=\"https:\/\/elmeistrai.lt\/wp-content\/uploads\/2019\/04\/jaguar-navigacija-150x150.jpg\" \/>\n<meta name=\"twitter:card\" content=\"summary_large_image\" \/>\n<meta name=\"twitter:label1\" content=\"Tiempo de lectura\" \/>\n\t<meta name=\"twitter:data1\" content=\"3 minutos\" \/>\n<script type=\"application\/ld+json\" class=\"yoast-schema-graph\">{\"@context\":\"https:\\\/\\\/schema.org\",\"@graph\":[{\"@type\":\"NewsArticle\",\"@id\":\"https:\\\/\\\/elmeistrai.lt\\\/en\\\/jaguar-navigacija\\\/#article\",\"isPartOf\":{\"@id\":\"https:\\\/\\\/elmeistrai.lt\\\/en\\\/jaguar-navigacija\\\/\"},\"author\":{\"name\":\"elMeistrai\",\"@id\":\"https:\\\/\\\/elmeistrai.lt\\\/#\\\/schema\\\/person\\\/6363b621eb9606785f7f2ae9a52987f7\"},\"headline\":\"Jaguar navigacija\",\"datePublished\":\"2019-04-01T07:59:39+00:00\",\"dateModified\":\"2022-04-09T21:59:36+00:00\",\"mainEntityOfPage\":{\"@id\":\"https:\\\/\\\/elmeistrai.lt\\\/en\\\/jaguar-navigacija\\\/\"},\"wordCount\":310,\"publisher\":{\"@id\":\"https:\\\/\\\/elmeistrai.lt\\\/#organization\"},\"image\":{\"@id\":\"https:\\\/\\\/elmeistrai.lt\\\/en\\\/jaguar-navigacija\\\/#primaryimage\"},\"thumbnailUrl\":\"https:\\\/\\\/elmeistrai.lt\\\/wp-content\\\/uploads\\\/2019\\\/04\\\/jaguar-navigacija-150x150.jpg\",\"inLanguage\":\"es\"},{\"@type\":[\"WebPage\",\"ItemPage\"],\"@id\":\"https:\\\/\\\/elmeistrai.lt\\\/en\\\/jaguar-navigacija\\\/\",\"url\":\"https:\\\/\\\/elmeistrai.lt\\\/en\\\/jaguar-navigacija\\\/\",\"name\":\"Jaguar navigacija Vilniuje, Kaune, Klaip\u0117doje, \u0160iauliuose\",\"isPartOf\":{\"@id\":\"https:\\\/\\\/elmeistrai.lt\\\/#website\"},\"primaryImageOfPage\":{\"@id\":\"https:\\\/\\\/elmeistrai.lt\\\/en\\\/jaguar-navigacija\\\/#primaryimage\"},\"image\":{\"@id\":\"https:\\\/\\\/elmeistrai.lt\\\/en\\\/jaguar-navigacija\\\/#primaryimage\"},\"thumbnailUrl\":\"https:\\\/\\\/elmeistrai.lt\\\/wp-content\\\/uploads\\\/2019\\\/04\\\/jaguar-navigacija-150x150.jpg\",\"datePublished\":\"2019-04-01T07:59:39+00:00\",\"dateModified\":\"2022-04-09T21:59:36+00:00\",\"description\":\"JAGUAR navigacijos Lietuvos ir Europos naujausi\u0173 \u017eem\u0117lapi\u0173 atnaujinimas - Vilniuje, Kaune, Klaip\u0117doje.\",\"breadcrumb\":{\"@id\":\"https:\\\/\\\/elmeistrai.lt\\\/en\\\/jaguar-navigacija\\\/#breadcrumb\"},\"inLanguage\":\"es\",\"potentialAction\":[{\"@type\":\"ReadAction\",\"target\":[\"https:\\\/\\\/elmeistrai.lt\\\/en\\\/jaguar-navigacija\\\/\"]}]},{\"@type\":\"ImageObject\",\"inLanguage\":\"es\",\"@id\":\"https:\\\/\\\/elmeistrai.lt\\\/en\\\/jaguar-navigacija\\\/#primaryimage\",\"url\":\"https:\\\/\\\/elmeistrai.lt\\\/wp-content\\\/uploads\\\/2019\\\/04\\\/jaguar-navigacija-150x150.jpg\",\"contentUrl\":\"https:\\\/\\\/elmeistrai.lt\\\/wp-content\\\/uploads\\\/2019\\\/04\\\/jaguar-navigacija-150x150.jpg\"},{\"@type\":\"BreadcrumbList\",\"@id\":\"https:\\\/\\\/elmeistrai.lt\\\/en\\\/jaguar-navigacija\\\/#breadcrumb\",\"itemListElement\":[{\"@type\":\"ListItem\",\"position\":1,\"name\":\"Home\",\"item\":\"https:\\\/\\\/elmeistrai.lt\\\/\"},{\"@type\":\"ListItem\",\"position\":2,\"name\":\"Jaguar navigacija\"}]},{\"@type\":\"WebSite\",\"@id\":\"https:\\\/\\\/elmeistrai.lt\\\/#website\",\"url\":\"https:\\\/\\\/elmeistrai.lt\\\/\",\"name\":\"Vilniuje, Kaune, Klaip\u0117doje, \u0160iauliuose\",\"description\":\"Nam\u0173 ir verslo elektronikos prietais\u0173 remontas. Kase\u010di\u0173 pildymas.\",\"publisher\":{\"@id\":\"https:\\\/\\\/elmeistrai.lt\\\/#organization\"},\"potentialAction\":[{\"@type\":\"SearchAction\",\"target\":{\"@type\":\"EntryPoint\",\"urlTemplate\":\"https:\\\/\\\/elmeistrai.lt\\\/?s={search_term_string}\"},\"query-input\":{\"@type\":\"PropertyValueSpecification\",\"valueRequired\":true,\"valueName\":\"search_term_string\"}}],\"inLanguage\":\"es\"},{\"@type\":\"Organization\",\"@id\":\"https:\\\/\\\/elmeistrai.lt\\\/#organization\",\"name\":\"elMeistrai.lt\",\"alternateName\":\"Kavos aparat\u0173, paspirtuk\u0173, televizori\u0173, kompiuteri\u0173, telefon\u0173 ir kt. technikos remontas\",\"url\":\"https:\\\/\\\/elmeistrai.lt\\\/\",\"logo\":{\"@type\":\"ImageObject\",\"inLanguage\":\"es\",\"@id\":\"https:\\\/\\\/elmeistrai.lt\\\/#\\\/schema\\\/logo\\\/image\\\/\",\"url\":\"https:\\\/\\\/elmeistrai.lt\\\/wp-content\\\/uploads\\\/2022\\\/09\\\/elmeistrai_logo.jpg\",\"contentUrl\":\"https:\\\/\\\/elmeistrai.lt\\\/wp-content\\\/uploads\\\/2022\\\/09\\\/elmeistrai_logo.jpg\",\"width\":556,\"height\":143,\"caption\":\"elMeistrai.lt\"},\"image\":{\"@id\":\"https:\\\/\\\/elmeistrai.lt\\\/#\\\/schema\\\/logo\\\/image\\\/\"},\"sameAs\":[\"https:\\\/\\\/www.facebook.com\\\/elmeistrai.lt\\\/\"]},{\"@type\":\"Person\",\"@id\":\"https:\\\/\\\/elmeistrai.lt\\\/#\\\/schema\\\/person\\\/6363b621eb9606785f7f2ae9a52987f7\",\"name\":\"elMeistrai\",\"image\":{\"@type\":\"ImageObject\",\"inLanguage\":\"es\",\"@id\":\"https:\\\/\\\/secure.gravatar.com\\\/avatar\\\/052f2d9640381d6904c5c0676ac3cc3d7ad734def78df3657e571451cad9870d?s=96&d=mm&r=g\",\"url\":\"https:\\\/\\\/secure.gravatar.com\\\/avatar\\\/052f2d9640381d6904c5c0676ac3cc3d7ad734def78df3657e571451cad9870d?s=96&d=mm&r=g\",\"contentUrl\":\"https:\\\/\\\/secure.gravatar.com\\\/avatar\\\/052f2d9640381d6904c5c0676ac3cc3d7ad734def78df3657e571451cad9870d?s=96&d=mm&r=g\",\"caption\":\"elMeistrai\"},\"url\":\"https:\\\/\\\/elmeistrai.lt\\\/es\\\/author\\\/yipkxe\\\/\"}]}<\/script>\n<!-- \/ Yoast SEO plugin. -->","yoast_head_json":{"title":"Jaguar navigacija Vilniuje, Kaune, Klaip\u0117doje, \u0160iauliuose","description":"Actualizaci\u00f3n de los \u00faltimos mapas de navegaci\u00f3n JAGUAR para Lituania y Europa - Vilnius, Kaunas, Klaip\u0117da.","robots":{"index":"index","follow":"follow","max-snippet":"max-snippet:-1","max-image-preview":"max-image-preview:large","max-video-preview":"max-video-preview:-1"},"canonical":"https:\/\/elmeistrai.lt\/es\/jaguar-navigacija\/","og_locale":"es_ES","og_type":"article","og_title":"Jaguar navigacija Vilniuje, Kaune, Klaip\u0117doje, \u0160iauliuose","og_description":"JAGUAR navigacijos Lietuvos ir Europos naujausi\u0173 \u017eem\u0117lapi\u0173 atnaujinimas - Vilniuje, Kaune, Klaip\u0117doje.","og_url":"https:\/\/elmeistrai.lt\/es\/jaguar-navigacija\/","og_site_name":"Vilniuje, Kaune, Klaip\u0117doje, \u0160iauliuose","article_publisher":"https:\/\/www.facebook.com\/elmeistrai.lt\/","article_modified_time":"2022-04-09T21:59:36+00:00","og_image":[{"url":"https:\/\/elmeistrai.lt\/wp-content\/uploads\/2019\/04\/jaguar-navigacija-150x150.jpg","type":"","width":"","height":""}],"twitter_card":"summary_large_image","twitter_misc":{"Tiempo de lectura":"3 minutos"},"schema":{"@context":"https:\/\/schema.org","@graph":[{"@type":"NewsArticle","@id":"https:\/\/elmeistrai.lt\/en\/jaguar-navigacija\/#article","isPartOf":{"@id":"https:\/\/elmeistrai.lt\/en\/jaguar-navigacija\/"},"author":{"name":"elMeistrai","@id":"https:\/\/elmeistrai.lt\/#\/schema\/person\/6363b621eb9606785f7f2ae9a52987f7"},"headline":"Jaguar navigacija","datePublished":"2019-04-01T07:59:39+00:00","dateModified":"2022-04-09T21:59:36+00:00","mainEntityOfPage":{"@id":"https:\/\/elmeistrai.lt\/en\/jaguar-navigacija\/"},"wordCount":310,"publisher":{"@id":"https:\/\/elmeistrai.lt\/#organization"},"image":{"@id":"https:\/\/elmeistrai.lt\/en\/jaguar-navigacija\/#primaryimage"},"thumbnailUrl":"https:\/\/elmeistrai.lt\/wp-content\/uploads\/2019\/04\/jaguar-navigacija-150x150.jpg","inLanguage":"es"},{"@type":["WebPage","ItemPage"],"@id":"https:\/\/elmeistrai.lt\/en\/jaguar-navigacija\/","url":"https:\/\/elmeistrai.lt\/en\/jaguar-navigacija\/","name":"Jaguar navigacija Vilniuje, Kaune, Klaip\u0117doje, \u0160iauliuose","isPartOf":{"@id":"https:\/\/elmeistrai.lt\/#website"},"primaryImageOfPage":{"@id":"https:\/\/elmeistrai.lt\/en\/jaguar-navigacija\/#primaryimage"},"image":{"@id":"https:\/\/elmeistrai.lt\/en\/jaguar-navigacija\/#primaryimage"},"thumbnailUrl":"https:\/\/elmeistrai.lt\/wp-content\/uploads\/2019\/04\/jaguar-navigacija-150x150.jpg","datePublished":"2019-04-01T07:59:39+00:00","dateModified":"2022-04-09T21:59:36+00:00","description":"Actualizaci\u00f3n de los \u00faltimos mapas de navegaci\u00f3n JAGUAR para Lituania y Europa - Vilnius, Kaunas, Klaip\u0117da.","breadcrumb":{"@id":"https:\/\/elmeistrai.lt\/en\/jaguar-navigacija\/#breadcrumb"},"inLanguage":"es","potentialAction":[{"@type":"ReadAction","target":["https:\/\/elmeistrai.lt\/en\/jaguar-navigacija\/"]}]},{"@type":"ImageObject","inLanguage":"es","@id":"https:\/\/elmeistrai.lt\/en\/jaguar-navigacija\/#primaryimage","url":"https:\/\/elmeistrai.lt\/wp-content\/uploads\/2019\/04\/jaguar-navigacija-150x150.jpg","contentUrl":"https:\/\/elmeistrai.lt\/wp-content\/uploads\/2019\/04\/jaguar-navigacija-150x150.jpg"},{"@type":"BreadcrumbList","@id":"https:\/\/elmeistrai.lt\/en\/jaguar-navigacija\/#breadcrumb","itemListElement":[{"@type":"ListItem","position":1,"name":"Home","item":"https:\/\/elmeistrai.lt\/"},{"@type":"ListItem","position":2,"name":"Jaguar navigacija"}]},{"@type":"WebSite","@id":"https:\/\/elmeistrai.lt\/#website","url":"https:\/\/elmeistrai.lt\/","name":"Vilnius, Kaunas, Klaip\u0117da, \u0160iauliai","description":"Reparaci\u00f3n de electr\u00f3nica dom\u00e9stica y empresarial. Recarga de cartuchos.","publisher":{"@id":"https:\/\/elmeistrai.lt\/#organization"},"potentialAction":[{"@type":"SearchAction","target":{"@type":"EntryPoint","urlTemplate":"https:\/\/elmeistrai.lt\/?s={search_term_string}"},"query-input":{"@type":"PropertyValueSpecification","valueRequired":true,"valueName":"search_term_string"}}],"inLanguage":"es"},{"@type":"Organization","@id":"https:\/\/elmeistrai.lt\/#organization","name":"elMeistrai.lt","alternateName":"Kavos aparat\u0173, paspirtuk\u0173, televizori\u0173, kompiuteri\u0173, telefon\u0173 ir kt. technikos remontas","url":"https:\/\/elmeistrai.lt\/","logo":{"@type":"ImageObject","inLanguage":"es","@id":"https:\/\/elmeistrai.lt\/#\/schema\/logo\/image\/","url":"https:\/\/elmeistrai.lt\/wp-content\/uploads\/2022\/09\/elmeistrai_logo.jpg","contentUrl":"https:\/\/elmeistrai.lt\/wp-content\/uploads\/2022\/09\/elmeistrai_logo.jpg","width":556,"height":143,"caption":"elMeistrai.lt"},"image":{"@id":"https:\/\/elmeistrai.lt\/#\/schema\/logo\/image\/"},"sameAs":["https:\/\/www.facebook.com\/elmeistrai.lt\/"]},{"@type":"Person","@id":"https:\/\/elmeistrai.lt\/#\/schema\/person\/6363b621eb9606785f7f2ae9a52987f7","name":"elMeistrai","image":{"@type":"ImageObject","inLanguage":"es","@id":"https:\/\/secure.gravatar.com\/avatar\/052f2d9640381d6904c5c0676ac3cc3d7ad734def78df3657e571451cad9870d?s=96&d=mm&r=g","url":"https:\/\/secure.gravatar.com\/avatar\/052f2d9640381d6904c5c0676ac3cc3d7ad734def78df3657e571451cad9870d?s=96&d=mm&r=g","contentUrl":"https:\/\/secure.gravatar.com\/avatar\/052f2d9640381d6904c5c0676ac3cc3d7ad734def78df3657e571451cad9870d?s=96&d=mm&r=g","caption":"elMeistrai"},"url":"https:\/\/elmeistrai.lt\/es\/author\/yipkxe\/"}]}},"uagb_featured_image_src":{"full":false,"thumbnail":false,"medium":false,"medium_large":false,"large":false,"1536x1536":false,"2048x2048":false,"trp-custom-language-flag":false,"writemag-1218w-autoh-image":false,"writemag-675w-autoh-image":false,"writemag-100w-100h-image":false},"uagb_author_info":{"display_name":"elMeistrai","author_link":"https:\/\/elmeistrai.lt\/es\/author\/yipkxe\/"},"uagb_comment_info":0,"uagb_excerpt":"JAGUAR navigacijos Lietuvos ir Europos \u017eem\u0117lapiai sistemoms XF XK Denso 2.64 su DVD 1 Navigacijos diskas su \u017eem\u0117lapiais:Austrija, Belgija, \u010cekija,...","rttpg_featured_image_url":null,"rttpg_author":{"display_name":"elMeistrai","author_link":"https:\/\/elmeistrai.lt\/es\/author\/yipkxe\/"},"rttpg_comment":0,"rttpg_category":null,"rttpg_excerpt":"JAGUAR navigacijos Lietuvos ir Europos \u017eem\u0117lapiai sistemoms XF XK Denso 2.64 su DVD 1 Navigacijos diskas su \u017eem\u0117lapiais:Austrija, Belgija, \u010cekija,...","_links":{"self":[{"href":"https:\/\/elmeistrai.lt\/es\/wp-json\/wp\/v2\/pages\/441","targetHints":{"allow":["GET"]}}],"collection":[{"href":"https:\/\/elmeistrai.lt\/es\/wp-json\/wp\/v2\/pages"}],"about":[{"href":"https:\/\/elmeistrai.lt\/es\/wp-json\/wp\/v2\/types\/page"}],"author":[{"embeddable":true,"href":"https:\/\/elmeistrai.lt\/es\/wp-json\/wp\/v2\/users\/1"}],"replies":[{"embeddable":true,"href":"https:\/\/elmeistrai.lt\/es\/wp-json\/wp\/v2\/comments?post=441"}],"version-history":[{"count":5,"href":"https:\/\/elmeistrai.lt\/es\/wp-json\/wp\/v2\/pages\/441\/revisions"}],"predecessor-version":[{"id":1545,"href":"https:\/\/elmeistrai.lt\/es\/wp-json\/wp\/v2\/pages\/441\/revisions\/1545"}],"wp:attachment":[{"href":"https:\/\/elmeistrai.lt\/es\/wp-json\/wp\/v2\/media?parent=441"}],"curies":[{"name":"wp","href":"https:\/\/api.w.org\/{rel}","templated":true}]}}