{"id":4,"date":"2016-09-21T07:24:20","date_gmt":"2016-09-21T09:24:20","guid":{"rendered":"https:\/\/elmeistrai.lt\/?page_id=4"},"modified":"2026-02-18T12:11:07","modified_gmt":"2026-02-18T10:11:07","slug":"apie-mus","status":"publish","type":"page","link":"https:\/\/elmeistrai.lt\/es\/","title":{"rendered":"Paspirtuk\u0173, televizori\u0173, kavos aparat\u0173, kompiuteri\u0173 remontas. Kase\u010di\u0173 pildymas. Vilniuje, Kaune, Klaip\u0117doje, \u0160iauliuose."},"content":{"rendered":"<figure class=\"wp-block-image\"><img loading=\"lazy\" decoding=\"async\" width=\"979\" height=\"587\" src=\"https:\/\/elmeistrai.lt\/wp-content\/uploads\/2016\/09\/elmeistrai_vidus2.jpg\" alt=\"technikos remontas - elmeistrai\" class=\"wp-image-59\" srcset=\"https:\/\/elmeistrai.lt\/wp-content\/uploads\/2016\/09\/elmeistrai_vidus2.jpg 979w, https:\/\/elmeistrai.lt\/wp-content\/uploads\/2016\/09\/elmeistrai_vidus2-300x180.jpg 300w, https:\/\/elmeistrai.lt\/wp-content\/uploads\/2016\/09\/elmeistrai_vidus2-768x460.jpg 768w, https:\/\/elmeistrai.lt\/wp-content\/uploads\/2016\/09\/elmeistrai_vidus2-660x396.jpg 660w\" sizes=\"auto, (max-width: 979px) 100vw, 979px\" \/><\/figure>\n\n\n\n<p>elMeistrai lleva muchos a\u00f1os actuando <strong>Reparaci\u00f3n de equipos el\u00e9ctricos y electr\u00f3nicos<\/strong> <strong><span style=\"text-decoration: underline;\"><a href=\"\/es\/kontaktai\/\">Vilnius, Kaunas, Klaip\u0117da, \u0160iauliai<\/a><\/span><\/strong>. \u00bfQu\u00e9 servicio le interesa? Para saber m\u00e1s, vis\u00edtenos, llame a nuestros contactos, seleccione un servicio del men\u00fa superior o de esta lista:<\/p>\n\n\n\n<ul class=\"wp-block-list\">\n<li><a href=\"\/es\/kompiuteriu-remontas\/\">Reparaci\u00f3n de ordenadores<\/a><\/li>\n\n\n\n<li><a href=\"\/es\/telefonu-remontas\/\">Reparaci\u00f3n de tel\u00e9fonos<\/a><\/li>\n\n\n\n<li><a href=\"\/es\/kavos-aparatu-remontas\/\">Reparaci\u00f3n de m\u00e1quinas de caf\u00e9<\/a><\/li>\n\n\n\n<li><a href=\"\/es\/televizoriu-remontas\/\">Reparaci\u00f3n de televisores<\/a><\/li>\n\n\n\n<li><a href=\"\/es\/dulkiu-siurbliu-remontas\/\">Reparaci\u00f3n de aspiradoras<\/a><\/li>\n\n\n\n<li><a href=\"\/es\/riedziu-paspirtuku-remontas\/\">Reparaci\u00f3n de patines y patinetes<\/a><\/li>\n\n\n\n<li><a href=\"\/es\/kaseciu-pildymas-per-5min\/\">Llenado de casetes<\/a><\/li>\n\n\n\n<li><a href=\"\/es\/navigaciju-atnaujinimas\/\">Actualizar la navegaci\u00f3n<\/a><\/li>\n\n\n\n<li><a href=\"\/es\/konsoliu-remontas\/\">Reparaci\u00f3n de ordenadores para juegos (consolas)<\/a><\/li>\n\n\n\n<li><a href=\"\/es\/lygintuvu-remontas\/\">Reparaci\u00f3n de planchas<\/a><\/li>\n\n\n\n<li><a href=\"\/es\/suvirinimo-aparatu-remontas\/\">Reparaci\u00f3n de m\u00e1quinas de soldar<\/a><\/li>\n\n\n\n<li><a href=\"\/es\/elektriniu-irankiu-remontas\/\">Reparaci\u00f3n de herramientas el\u00e9ctricas de construcci\u00f3n<\/a><\/li>\n\n\n\n<li><a href=\"\/es\/garso-technikos-remontas\/\">Reparaci\u00f3n de equipos de audio<\/a><\/li>\n\n\n\n<li><a href=\"\/es\/fotoaparatu-ir-vaizdo-kameru-remontas\/\">Reparaci\u00f3n de c\u00e1maras y videoc\u00e1maras<\/a><\/li>\n\n\n\n<li><a href=\"\/es\/namu-robotu-remontas\/\">Reparaci\u00f3n de robots dom\u00e9sticos<\/a><\/li>\n\n\n\n<li><a href=\"\/es\/siuvimo-masinu-remontas\/\">Reparaci\u00f3n de m\u00e1quinas de coser<\/a><\/li>\n\n\n\n<li><a href=\"\/es\/spausdintuvu-remontas\/\">Reparaci\u00f3n de impresoras<\/a><\/li>\n<\/ul>\n\n\n\n<h2 class=\"wp-block-heading\">elMeistrai- technikos remonto paslaugos Lietuvoje<\/h2>\n\n\n\n<p>Somos un equipo de ingenieros el\u00e9ctricos con experiencia en una amplia gama de campos. Trabajamos con profesionalidad, calidad y rapidez. Utilizamos piezas originales y siempre garantizamos nuestro trabajo. Conf\u00edenos sus electrodom\u00e9sticos averiados y conseguiremos que vuelvan a funcionar correctamente.<\/p>\n\n\n\n<ul class=\"wp-block-list\">\n<li>Emitimos certificados para compa\u00f1\u00edas de seguros.<\/li>\n\n\n\n<li>Los certificados se expiden a otras instituciones.<\/li>\n\n\n\n<li><strong><span style=\"text-decoration: underline;\">Pirmin\u0117 diagnostika &#8211; tik 10 Eur.<\/span><\/strong><\/li>\n<\/ul>\n\n\n\n<h2 class=\"wp-block-heading\">Obras de la A a la Z de complejidad variable<\/h2>\n\n\n\n<ul class=\"wp-block-list\">\n<li>Reparaci\u00f3n de paneles<\/li>\n\n\n\n<li>Reflujo de chips BGA<\/li>\n\n\n\n<li>Reflujo de transistores<\/li>\n\n\n\n<li>Reflujo de condensadores<\/li>\n\n\n\n<li>Sustituci\u00f3n de piezas mec\u00e1nicas<\/li>\n\n\n\n<li>Cambio de pantallas<\/li>\n\n\n\n<li>Reprogramaci\u00f3n EEPROM<\/li>\n\n\n\n<li>Mejora de los sistemas de refrigeraci\u00f3n<\/li>\n\n\n\n<li>Correcci\u00f3n de errores de software<\/li>\n\n\n\n<li>Descodificaci\u00f3n<\/li>\n\n\n\n<li>Profilaxis<\/li>\n\n\n\n<li>Recableado de conexiones rotas<\/li>\n\n\n\n<li>Instalaci\u00f3n de aplicaciones<\/li>\n\n\n\n<li>Reparaci\u00f3n y sustituci\u00f3n de bater\u00edas<\/li>\n\n\n\n<li>Reparaci\u00f3n y sustituci\u00f3n de inversores el\u00e9ctricos<\/li>\n\n\n\n<li>Reparaci\u00f3n de transformadores<\/li>\n\n\n\n<li>Restauraci\u00f3n de v\u00edas<\/li>\n\n\n\n<li>Reparaci\u00f3n de componentes fundidos<\/li>\n\n\n\n<li>Reparaci\u00f3n de componentes corro\u00eddos<\/li>\n\n\n\n<li>Reparaci\u00f3n de peque\u00f1os componentes<\/li>\n\n\n\n<li>Reparaciones IP67<\/li>\n\n\n\n<li>Modernizaci\u00f3n y restauraci\u00f3n<\/li>\n\n\n\n<li>Sustituci\u00f3n de diodos<\/li>\n\n\n\n<li>Ajuste y programaci\u00f3n del sistema de control<\/li>\n<\/ul>\n\n\n\n<p>\u00bfNecesita reparar un electrodom\u00e9stico? P\u00f3ngase en contacto con nosotros <strong><span style=\"text-decoration: underline;\"><a href=\"\/es\/kontaktai\/\">Vilnius, Kaunas, Klaip\u0117da, \u0160iauliai<\/a><\/span><\/strong>.<\/p>","protected":false},"excerpt":{"rendered":"<p>elMeistrai jau daugel\u012f met\u0173 atliekamas elektros ir elektronikos technikos remontas Vilniuje, Kaune, Klaip\u0117doje, \u0160iauliuose. Kokia m\u016bs\u0173 teikiama paslauga Jus domina?&#8230;<\/p>","protected":false},"author":1,"featured_media":0,"parent":0,"menu_order":0,"comment_status":"closed","ping_status":"closed","template":"","meta":{"_uag_custom_page_level_css":"","footnotes":""},"class_list":["post-4","page","type-page","status-publish","hentry"],"yoast_head":"<!-- This site is optimized with the Yoast SEO plugin v27.4 - https:\/\/yoast.com\/product\/yoast-seo-wordpress\/ -->\n<title>Paspirtuk\u0173, televizori\u0173, kavos aparat\u0173, kompiuteri\u0173 remontas. Kase\u010di\u0173 pildymas. Vilniuje, Kaune, Klaip\u0117doje, \u0160iauliuose. Vilniuje, Kaune, Klaip\u0117doje, \u0160iauliuose<\/title>\n<meta name=\"description\" content=\"Paspirtuk\u0173, televizori\u0173, kavos aparat\u0173, kompiuteri\u0173 remontas. Kase\u010di\u0173 pildymas. Vilniuje, Kaune, Klaip\u0117doje. Tel. 8 679 74770\" \/>\n<meta name=\"robots\" content=\"index, follow, max-snippet:-1, max-image-preview:large, max-video-preview:-1\" \/>\n<link rel=\"canonical\" href=\"https:\/\/elmeistrai.lt\/es\/\" \/>\n<meta property=\"og:locale\" content=\"es_ES\" \/>\n<meta property=\"og:type\" content=\"article\" \/>\n<meta property=\"og:title\" content=\"Paspirtuk\u0173, televizori\u0173, kavos aparat\u0173, kompiuteri\u0173 remontas. Kase\u010di\u0173 pildymas. Vilniuje, Kaune, Klaip\u0117doje, \u0160iauliuose. Vilniuje, Kaune, Klaip\u0117doje, \u0160iauliuose\" \/>\n<meta property=\"og:description\" content=\"Paspirtuk\u0173, televizori\u0173, kavos aparat\u0173, kompiuteri\u0173 remontas. Kase\u010di\u0173 pildymas. Vilniuje, Kaune, Klaip\u0117doje. Tel. 8 679 74770\" \/>\n<meta property=\"og:url\" content=\"https:\/\/elmeistrai.lt\/es\/\" \/>\n<meta property=\"og:site_name\" content=\"Vilniuje, Kaune, Klaip\u0117doje, \u0160iauliuose\" \/>\n<meta property=\"article:publisher\" content=\"https:\/\/www.facebook.com\/elmeistrai.lt\/\" \/>\n<meta property=\"article:modified_time\" content=\"2026-02-18T10:11:07+00:00\" \/>\n<meta property=\"og:image\" content=\"https:\/\/elmeistrai.lt\/wp-content\/uploads\/2016\/09\/elmeistrai_vidus2.jpg\" \/>\n\t<meta property=\"og:image:width\" content=\"979\" \/>\n\t<meta property=\"og:image:height\" content=\"587\" \/>\n\t<meta property=\"og:image:type\" content=\"image\/jpeg\" \/>\n<meta name=\"twitter:card\" content=\"summary_large_image\" \/>\n<meta name=\"twitter:label1\" content=\"Tiempo de lectura\" \/>\n\t<meta name=\"twitter:data1\" content=\"2 minutos\" \/>\n<script type=\"application\/ld+json\" class=\"yoast-schema-graph\">{\"@context\":\"https:\\\/\\\/schema.org\",\"@graph\":[{\"@type\":\"NewsArticle\",\"@id\":\"https:\\\/\\\/elmeistrai.lt\\\/#article\",\"isPartOf\":{\"@id\":\"https:\\\/\\\/elmeistrai.lt\\\/\"},\"author\":{\"name\":\"elMeistrai\",\"@id\":\"https:\\\/\\\/elmeistrai.lt\\\/#\\\/schema\\\/person\\\/6363b621eb9606785f7f2ae9a52987f7\"},\"headline\":\"Paspirtuk\u0173, televizori\u0173, kavos aparat\u0173, kompiuteri\u0173 remontas. Kase\u010di\u0173 pildymas. Vilniuje, Kaune, Klaip\u0117doje, \u0160iauliuose.\",\"datePublished\":\"2016-09-21T09:24:20+00:00\",\"dateModified\":\"2026-02-18T10:11:07+00:00\",\"mainEntityOfPage\":{\"@id\":\"https:\\\/\\\/elmeistrai.lt\\\/\"},\"wordCount\":261,\"publisher\":{\"@id\":\"https:\\\/\\\/elmeistrai.lt\\\/#organization\"},\"image\":{\"@id\":\"https:\\\/\\\/elmeistrai.lt\\\/#primaryimage\"},\"thumbnailUrl\":\"https:\\\/\\\/elmeistrai.lt\\\/wp-content\\\/uploads\\\/2016\\\/09\\\/elmeistrai_vidus2.jpg\",\"inLanguage\":\"es\"},{\"@type\":[\"WebPage\",\"ItemPage\"],\"@id\":\"https:\\\/\\\/elmeistrai.lt\\\/\",\"url\":\"https:\\\/\\\/elmeistrai.lt\\\/\",\"name\":\"Paspirtuk\u0173, televizori\u0173, kavos aparat\u0173, kompiuteri\u0173 remontas. Kase\u010di\u0173 pildymas. Vilniuje, Kaune, Klaip\u0117doje, \u0160iauliuose. Vilniuje, Kaune, Klaip\u0117doje, \u0160iauliuose\",\"isPartOf\":{\"@id\":\"https:\\\/\\\/elmeistrai.lt\\\/#website\"},\"primaryImageOfPage\":{\"@id\":\"https:\\\/\\\/elmeistrai.lt\\\/#primaryimage\"},\"image\":{\"@id\":\"https:\\\/\\\/elmeistrai.lt\\\/#primaryimage\"},\"thumbnailUrl\":\"https:\\\/\\\/elmeistrai.lt\\\/wp-content\\\/uploads\\\/2016\\\/09\\\/elmeistrai_vidus2.jpg\",\"datePublished\":\"2016-09-21T09:24:20+00:00\",\"dateModified\":\"2026-02-18T10:11:07+00:00\",\"description\":\"Paspirtuk\u0173, televizori\u0173, kavos aparat\u0173, kompiuteri\u0173 remontas. Kase\u010di\u0173 pildymas. Vilniuje, Kaune, Klaip\u0117doje. Tel. 8 679 74770\",\"breadcrumb\":{\"@id\":\"https:\\\/\\\/elmeistrai.lt\\\/#breadcrumb\"},\"inLanguage\":\"es\",\"potentialAction\":[{\"@type\":\"ReadAction\",\"target\":[\"https:\\\/\\\/elmeistrai.lt\\\/\"]}]},{\"@type\":\"ImageObject\",\"inLanguage\":\"es\",\"@id\":\"https:\\\/\\\/elmeistrai.lt\\\/#primaryimage\",\"url\":\"https:\\\/\\\/elmeistrai.lt\\\/wp-content\\\/uploads\\\/2016\\\/09\\\/elmeistrai_vidus2.jpg\",\"contentUrl\":\"https:\\\/\\\/elmeistrai.lt\\\/wp-content\\\/uploads\\\/2016\\\/09\\\/elmeistrai_vidus2.jpg\"},{\"@type\":\"BreadcrumbList\",\"@id\":\"https:\\\/\\\/elmeistrai.lt\\\/#breadcrumb\",\"itemListElement\":[{\"@type\":\"ListItem\",\"position\":1,\"name\":\"Home\",\"item\":\"https:\\\/\\\/elmeistrai.lt\\\/\"},{\"@type\":\"ListItem\",\"position\":2,\"name\":\"Paspirtuk\u0173, televizori\u0173, kavos aparat\u0173, kompiuteri\u0173 remontas. Kase\u010di\u0173 pildymas. Vilniuje, Kaune, Klaip\u0117doje, \u0160iauliuose.\"}]},{\"@type\":\"WebSite\",\"@id\":\"https:\\\/\\\/elmeistrai.lt\\\/#website\",\"url\":\"https:\\\/\\\/elmeistrai.lt\\\/\",\"name\":\"Vilniuje, Kaune, Klaip\u0117doje, \u0160iauliuose\",\"description\":\"Nam\u0173 ir verslo elektronikos prietais\u0173 remontas. Kase\u010di\u0173 pildymas.\",\"publisher\":{\"@id\":\"https:\\\/\\\/elmeistrai.lt\\\/#organization\"},\"potentialAction\":[{\"@type\":\"SearchAction\",\"target\":{\"@type\":\"EntryPoint\",\"urlTemplate\":\"https:\\\/\\\/elmeistrai.lt\\\/?s={search_term_string}\"},\"query-input\":{\"@type\":\"PropertyValueSpecification\",\"valueRequired\":true,\"valueName\":\"search_term_string\"}}],\"inLanguage\":\"es\"},{\"@type\":\"Organization\",\"@id\":\"https:\\\/\\\/elmeistrai.lt\\\/#organization\",\"name\":\"elMeistrai.lt\",\"alternateName\":\"Kavos aparat\u0173, paspirtuk\u0173, televizori\u0173, kompiuteri\u0173, telefon\u0173 ir kt. technikos remontas\",\"url\":\"https:\\\/\\\/elmeistrai.lt\\\/\",\"logo\":{\"@type\":\"ImageObject\",\"inLanguage\":\"es\",\"@id\":\"https:\\\/\\\/elmeistrai.lt\\\/#\\\/schema\\\/logo\\\/image\\\/\",\"url\":\"https:\\\/\\\/elmeistrai.lt\\\/wp-content\\\/uploads\\\/2022\\\/09\\\/elmeistrai_logo.jpg\",\"contentUrl\":\"https:\\\/\\\/elmeistrai.lt\\\/wp-content\\\/uploads\\\/2022\\\/09\\\/elmeistrai_logo.jpg\",\"width\":556,\"height\":143,\"caption\":\"elMeistrai.lt\"},\"image\":{\"@id\":\"https:\\\/\\\/elmeistrai.lt\\\/#\\\/schema\\\/logo\\\/image\\\/\"},\"sameAs\":[\"https:\\\/\\\/www.facebook.com\\\/elmeistrai.lt\\\/\"]},{\"@type\":\"Person\",\"@id\":\"https:\\\/\\\/elmeistrai.lt\\\/#\\\/schema\\\/person\\\/6363b621eb9606785f7f2ae9a52987f7\",\"name\":\"elMeistrai\",\"image\":{\"@type\":\"ImageObject\",\"inLanguage\":\"es\",\"@id\":\"https:\\\/\\\/secure.gravatar.com\\\/avatar\\\/052f2d9640381d6904c5c0676ac3cc3d7ad734def78df3657e571451cad9870d?s=96&d=mm&r=g\",\"url\":\"https:\\\/\\\/secure.gravatar.com\\\/avatar\\\/052f2d9640381d6904c5c0676ac3cc3d7ad734def78df3657e571451cad9870d?s=96&d=mm&r=g\",\"contentUrl\":\"https:\\\/\\\/secure.gravatar.com\\\/avatar\\\/052f2d9640381d6904c5c0676ac3cc3d7ad734def78df3657e571451cad9870d?s=96&d=mm&r=g\",\"caption\":\"elMeistrai\"},\"url\":\"https:\\\/\\\/elmeistrai.lt\\\/es\\\/author\\\/yipkxe\\\/\"}]}<\/script>\n<!-- \/ Yoast SEO plugin. -->","yoast_head_json":{"title":"Paspirtuk\u0173, televizori\u0173, kavos aparat\u0173, kompiuteri\u0173 remontas. Kase\u010di\u0173 pildymas. Vilniuje, Kaune, Klaip\u0117doje, \u0160iauliuose. Vilniuje, Kaune, Klaip\u0117doje, \u0160iauliuose","description":"Reparaci\u00f3n de patinetes, televisores, cafeteras, ordenadores. Recarga de cartuchos. En Vilna, Kaunas, Klaipeda. Tel. 8 679 74770","robots":{"index":"index","follow":"follow","max-snippet":"max-snippet:-1","max-image-preview":"max-image-preview:large","max-video-preview":"max-video-preview:-1"},"canonical":"https:\/\/elmeistrai.lt\/es\/","og_locale":"es_ES","og_type":"article","og_title":"Paspirtuk\u0173, televizori\u0173, kavos aparat\u0173, kompiuteri\u0173 remontas. Kase\u010di\u0173 pildymas. Vilniuje, Kaune, Klaip\u0117doje, \u0160iauliuose. Vilniuje, Kaune, Klaip\u0117doje, \u0160iauliuose","og_description":"Paspirtuk\u0173, televizori\u0173, kavos aparat\u0173, kompiuteri\u0173 remontas. Kase\u010di\u0173 pildymas. Vilniuje, Kaune, Klaip\u0117doje. Tel. 8 679 74770","og_url":"https:\/\/elmeistrai.lt\/es\/","og_site_name":"Vilniuje, Kaune, Klaip\u0117doje, \u0160iauliuose","article_publisher":"https:\/\/www.facebook.com\/elmeistrai.lt\/","article_modified_time":"2026-02-18T10:11:07+00:00","og_image":[{"width":979,"height":587,"url":"https:\/\/elmeistrai.lt\/wp-content\/uploads\/2016\/09\/elmeistrai_vidus2.jpg","type":"image\/jpeg"}],"twitter_card":"summary_large_image","twitter_misc":{"Tiempo de lectura":"2 minutos"},"schema":{"@context":"https:\/\/schema.org","@graph":[{"@type":"NewsArticle","@id":"https:\/\/elmeistrai.lt\/#article","isPartOf":{"@id":"https:\/\/elmeistrai.lt\/"},"author":{"name":"elMeistrai","@id":"https:\/\/elmeistrai.lt\/#\/schema\/person\/6363b621eb9606785f7f2ae9a52987f7"},"headline":"Paspirtuk\u0173, televizori\u0173, kavos aparat\u0173, kompiuteri\u0173 remontas. Kase\u010di\u0173 pildymas. Vilniuje, Kaune, Klaip\u0117doje, \u0160iauliuose.","datePublished":"2016-09-21T09:24:20+00:00","dateModified":"2026-02-18T10:11:07+00:00","mainEntityOfPage":{"@id":"https:\/\/elmeistrai.lt\/"},"wordCount":261,"publisher":{"@id":"https:\/\/elmeistrai.lt\/#organization"},"image":{"@id":"https:\/\/elmeistrai.lt\/#primaryimage"},"thumbnailUrl":"https:\/\/elmeistrai.lt\/wp-content\/uploads\/2016\/09\/elmeistrai_vidus2.jpg","inLanguage":"es"},{"@type":["WebPage","ItemPage"],"@id":"https:\/\/elmeistrai.lt\/","url":"https:\/\/elmeistrai.lt\/","name":"Paspirtuk\u0173, televizori\u0173, kavos aparat\u0173, kompiuteri\u0173 remontas. Kase\u010di\u0173 pildymas. Vilniuje, Kaune, Klaip\u0117doje, \u0160iauliuose. Vilniuje, Kaune, Klaip\u0117doje, \u0160iauliuose","isPartOf":{"@id":"https:\/\/elmeistrai.lt\/#website"},"primaryImageOfPage":{"@id":"https:\/\/elmeistrai.lt\/#primaryimage"},"image":{"@id":"https:\/\/elmeistrai.lt\/#primaryimage"},"thumbnailUrl":"https:\/\/elmeistrai.lt\/wp-content\/uploads\/2016\/09\/elmeistrai_vidus2.jpg","datePublished":"2016-09-21T09:24:20+00:00","dateModified":"2026-02-18T10:11:07+00:00","description":"Reparaci\u00f3n de patinetes, televisores, cafeteras, ordenadores. Recarga de cartuchos. En Vilna, Kaunas, Klaipeda. Tel. 8 679 74770","breadcrumb":{"@id":"https:\/\/elmeistrai.lt\/#breadcrumb"},"inLanguage":"es","potentialAction":[{"@type":"ReadAction","target":["https:\/\/elmeistrai.lt\/"]}]},{"@type":"ImageObject","inLanguage":"es","@id":"https:\/\/elmeistrai.lt\/#primaryimage","url":"https:\/\/elmeistrai.lt\/wp-content\/uploads\/2016\/09\/elmeistrai_vidus2.jpg","contentUrl":"https:\/\/elmeistrai.lt\/wp-content\/uploads\/2016\/09\/elmeistrai_vidus2.jpg"},{"@type":"BreadcrumbList","@id":"https:\/\/elmeistrai.lt\/#breadcrumb","itemListElement":[{"@type":"ListItem","position":1,"name":"Home","item":"https:\/\/elmeistrai.lt\/"},{"@type":"ListItem","position":2,"name":"Paspirtuk\u0173, televizori\u0173, kavos aparat\u0173, kompiuteri\u0173 remontas. Kase\u010di\u0173 pildymas. Vilniuje, Kaune, Klaip\u0117doje, \u0160iauliuose."}]},{"@type":"WebSite","@id":"https:\/\/elmeistrai.lt\/#website","url":"https:\/\/elmeistrai.lt\/","name":"Vilnius, Kaunas, Klaip\u0117da, \u0160iauliai","description":"Reparaci\u00f3n de electr\u00f3nica dom\u00e9stica y empresarial. Recarga de cartuchos.","publisher":{"@id":"https:\/\/elmeistrai.lt\/#organization"},"potentialAction":[{"@type":"SearchAction","target":{"@type":"EntryPoint","urlTemplate":"https:\/\/elmeistrai.lt\/?s={search_term_string}"},"query-input":{"@type":"PropertyValueSpecification","valueRequired":true,"valueName":"search_term_string"}}],"inLanguage":"es"},{"@type":"Organization","@id":"https:\/\/elmeistrai.lt\/#organization","name":"elMeistrai.lt","alternateName":"Kavos aparat\u0173, paspirtuk\u0173, televizori\u0173, kompiuteri\u0173, telefon\u0173 ir kt. technikos remontas","url":"https:\/\/elmeistrai.lt\/","logo":{"@type":"ImageObject","inLanguage":"es","@id":"https:\/\/elmeistrai.lt\/#\/schema\/logo\/image\/","url":"https:\/\/elmeistrai.lt\/wp-content\/uploads\/2022\/09\/elmeistrai_logo.jpg","contentUrl":"https:\/\/elmeistrai.lt\/wp-content\/uploads\/2022\/09\/elmeistrai_logo.jpg","width":556,"height":143,"caption":"elMeistrai.lt"},"image":{"@id":"https:\/\/elmeistrai.lt\/#\/schema\/logo\/image\/"},"sameAs":["https:\/\/www.facebook.com\/elmeistrai.lt\/"]},{"@type":"Person","@id":"https:\/\/elmeistrai.lt\/#\/schema\/person\/6363b621eb9606785f7f2ae9a52987f7","name":"elMeistrai","image":{"@type":"ImageObject","inLanguage":"es","@id":"https:\/\/secure.gravatar.com\/avatar\/052f2d9640381d6904c5c0676ac3cc3d7ad734def78df3657e571451cad9870d?s=96&d=mm&r=g","url":"https:\/\/secure.gravatar.com\/avatar\/052f2d9640381d6904c5c0676ac3cc3d7ad734def78df3657e571451cad9870d?s=96&d=mm&r=g","contentUrl":"https:\/\/secure.gravatar.com\/avatar\/052f2d9640381d6904c5c0676ac3cc3d7ad734def78df3657e571451cad9870d?s=96&d=mm&r=g","caption":"elMeistrai"},"url":"https:\/\/elmeistrai.lt\/es\/author\/yipkxe\/"}]}},"uagb_featured_image_src":{"full":false,"thumbnail":false,"medium":false,"medium_large":false,"large":false,"1536x1536":false,"2048x2048":false,"trp-custom-language-flag":false,"writemag-1218w-autoh-image":false,"writemag-675w-autoh-image":false,"writemag-100w-100h-image":false},"uagb_author_info":{"display_name":"elMeistrai","author_link":"https:\/\/elmeistrai.lt\/es\/author\/yipkxe\/"},"uagb_comment_info":0,"uagb_excerpt":"elMeistrai jau daugel\u012f met\u0173 atliekamas elektros ir elektronikos technikos remontas Vilniuje, Kaune, Klaip\u0117doje, \u0160iauliuose. Kokia m\u016bs\u0173 teikiama paslauga Jus domina?...","rttpg_featured_image_url":null,"rttpg_author":{"display_name":"elMeistrai","author_link":"https:\/\/elmeistrai.lt\/es\/author\/yipkxe\/"},"rttpg_comment":0,"rttpg_category":null,"rttpg_excerpt":"elMeistrai jau daugel\u012f met\u0173 atliekamas elektros ir elektronikos technikos remontas Vilniuje, Kaune, Klaip\u0117doje, \u0160iauliuose. Kokia m\u016bs\u0173 teikiama paslauga Jus domina?...","_links":{"self":[{"href":"https:\/\/elmeistrai.lt\/es\/wp-json\/wp\/v2\/pages\/4","targetHints":{"allow":["GET"]}}],"collection":[{"href":"https:\/\/elmeistrai.lt\/es\/wp-json\/wp\/v2\/pages"}],"about":[{"href":"https:\/\/elmeistrai.lt\/es\/wp-json\/wp\/v2\/types\/page"}],"author":[{"embeddable":true,"href":"https:\/\/elmeistrai.lt\/es\/wp-json\/wp\/v2\/users\/1"}],"replies":[{"embeddable":true,"href":"https:\/\/elmeistrai.lt\/es\/wp-json\/wp\/v2\/comments?post=4"}],"version-history":[{"count":58,"href":"https:\/\/elmeistrai.lt\/es\/wp-json\/wp\/v2\/pages\/4\/revisions"}],"predecessor-version":[{"id":8482,"href":"https:\/\/elmeistrai.lt\/es\/wp-json\/wp\/v2\/pages\/4\/revisions\/8482"}],"wp:attachment":[{"href":"https:\/\/elmeistrai.lt\/es\/wp-json\/wp\/v2\/media?parent=4"}],"curies":[{"name":"wp","href":"https:\/\/api.w.org\/{rel}","templated":true}]}}