{"id":297,"date":"2019-03-29T07:21:49","date_gmt":"2019-03-29T09:21:49","guid":{"rendered":"https:\/\/elmeistrai.lt\/?page_id=297"},"modified":"2022-04-09T19:59:59","modified_gmt":"2022-04-09T21:59:59","slug":"bmw-navigacija","status":"publish","type":"page","link":"https:\/\/elmeistrai.lt\/es\/bmw-navigacija\/","title":{"rendered":"Navegaci\u00f3n BMW"},"content":{"rendered":"<h2 class=\"wp-block-heading\">Mapas de navegaci\u00f3n BMW para Lituania y Europa para CIC Premium \/ CIC-MID Business Motion \/ Champ2 Business Move \/ NBT Next HU-H con HDD <\/h2>\n\n\n\n<div class=\"wp-block-image\"><figure class=\"alignright is-resized\"><img loading=\"lazy\" decoding=\"async\" src=\"https:\/\/elmeistrai.lt\/wp-content\/uploads\/2019\/03\/bmw-navigacija-cic.-300x176.jpg\" alt=\"\" class=\"wp-image-300\" width=\"225\" height=\"132\" srcset=\"https:\/\/elmeistrai.lt\/wp-content\/uploads\/2019\/03\/bmw-navigacija-cic.-300x176.jpg 300w, https:\/\/elmeistrai.lt\/wp-content\/uploads\/2019\/03\/bmw-navigacija-cic.-660x387.jpg 660w, https:\/\/elmeistrai.lt\/wp-content\/uploads\/2019\/03\/bmw-navigacija-cic..jpg 739w\" sizes=\"auto, (max-width: 225px) 100vw, 225px\" \/><\/figure><\/div>\n\n\n<p><strong>Actualizaci\u00f3n de los mapas de navegaci\u00f3n:<\/strong><br><strong>Lituania (detallada)<\/strong>Alemania, Austria, Andorra, B\u00e9lgica, Suiza, Rep\u00fablica Checa, Dinamarca, Espa\u00f1a, Francia, Finlandia, Liechtenstein, Reino Unido, Grecia, Irlanda, Italia, Luxemburgo, M\u00f3naco, Noruega, Pa\u00edses Bajos, Portugal, San Marino, Suecia, Ciudad del Vaticano, Rusia, Polonia, Hungr\u00eda, Polonia, Croacia, Eslovenia, Bielorrusia, Estonia, Letonia, Letonia, Estonia.<\/p>\n<p><strong>Idoneidad:<\/strong><br><em>BMW 1er - E81\/E82\/E87\/E88\/F20\/F21\/F52 y otros fabricados por 2009 -<br>BMW 3er - E90\/E91\/E92\/E93\/F30\/F31\/F34\/F35 y otros 2009 -<br>BMW 5er - E60\/E61\/F07\/F10\/F11\/F18\/G30 y otros 2009 -<br>BMW 6er - E63\/E64\/F06\/F12\/F13y otros fabricados en Alemania 2009 -<br>BMW 7er - F01\/F02F03\/F04\/G11\/G12 fabricado. 2008 -<br>BMW X3 - F25\/F20 y otros fabricados en. 2011 -<br>BMW X5 - E70\/F15 y otros fabricados en. 2010 -<br>BMW X6 - Fabricados en E71\/E72\/F85\/F86. 2010 -<\/em><\/p>\n<p><strong>1 a\u00f1o de garant\u00eda | \u00daltimos mapas | Mejor precio | Vilnius, Kaunas, Klaipeda<\/strong><\/p>\n<hr>\n\n\n<h2 class=\"wp-block-heading\">Mapas de navegaci\u00f3n BMW para Lituania y Europa para sistemas CCC Professional con DVD <\/h2>\n\n\n\n<div class=\"wp-block-image\"><figure class=\"alignright\"><img loading=\"lazy\" decoding=\"async\" width=\"150\" height=\"114\" src=\"https:\/\/elmeistrai.lt\/wp-content\/uploads\/2019\/03\/bmw-navigacija-150x114.jpg\" alt=\"\" class=\"wp-image-310\"\/><\/figure><\/div>\n\n\n<p><strong>1 Disco de navegaci\u00f3n con mapas: <br><\/strong>Irlanda, Andorra, B\u00e9lgica, Gran Breta\u00f1a, Gibraltar, Espa\u00f1a, Luxemburgo, M\u00f3naco, Pa\u00edses Bajos, Portugal, Francia + las principales carreteras de Europa. <br><strong>2 Disco de navegaci\u00f3n con mapas:<\/strong><br>Austria, B\u00e9lgica, Rep\u00fablica Checa, Dinamarca, Alemania, Italia, Liechtenstein, Luxemburgo, Pa\u00edses Bajos, San Marino, Eslovenia, Suiza, Ciudad del Vaticano, + carreteras principales europeas. <br><strong>3 Disco de navegaci\u00f3n con mapas:<br><\/strong>Albania, Bielorrusia, Bulgaria, Croacia, Estonia, Grecia, Estonia, Letonia, Montenegro, Polonia, <strong> Lituania (detallada)<\/strong>, Noruega, Ruman\u00eda, Rusia, Eslovaquia, Eslovenia, Finlandia, Suecia, Ucrania, Hungr\u00eda + carreteras principales europeas.<\/p>\n<p><strong>Idoneidad:<\/strong><em><br>BMW 1er 2004 - 2008<br>BMW 3er 2004 - 2008<br>BMW 5er 2004 - 2008<br>BMW 6er 2004 - 2008<br>BMW X5 2004 - 2009<br>BMW X6 2004 <\/em><\/p>\n<p><strong>1 a\u00f1o de garant\u00eda | \u00daltimos mapas | Mejor precio | Vilnius, Kaunas, Klaipeda<\/strong><\/p>\n<hr>\n\n\n<h2 class=\"wp-block-heading\">Mapas de navegaci\u00f3n BMW para Lituania y Europa para empresas (M-ASK I) pre-LCI <\/h2>\n\n\n<p><strong>1 Disco de navegaci\u00f3n con mapas:<br><\/strong>Alemania, Andorra, Austria, B\u00e9lgica, Dinamarca, Espa\u00f1a, Finlandia, Francia, Grecia, Irlanda, Gibraltar, Italia, Liechtenstein, Luxemburgo, M\u00f3naco, Noruega, Pa\u00edses Bajos, Portugal, Reino Unido, Rep\u00fablica Checa, San Marino, Ciudad del Vaticano, Suecia y Suiza.<\/p>\n<p><strong>2 Disco de navegaci\u00f3n con mapas:<br><\/strong>Alemania, Austria, Croacia, Dinamarca, Eslovaquia, Eslovenia, Espa\u00f1a, Estonia, Finlandia, Francia, Grecia, Hungr\u00eda, Italia, Liechtenstein, Noruega, Rep\u00fablica Checa, San Marino, Suecia, Suiza y Ciudad del Vaticano.<\/p>\n<p><strong>Idoneidad:<\/strong><br><em>BMW neFacelift (pre-LCI) modelos 2003 - 2007<\/em><\/p>\n<p><strong>1 a\u00f1o de garant\u00eda | \u00daltimos mapas | Mejor precio | Vilnius, Kaunas, Klaipeda<\/strong><\/p>\n<hr>\n\n\n<h2 class=\"wp-block-heading\">Mapas de navegaci\u00f3n BMW para Lituania y Europa para empresas (M-ASK II) LCI <\/h2>\n\n\n\n<div class=\"wp-block-image\"><figure class=\"alignright\"><img loading=\"lazy\" decoding=\"async\" width=\"150\" height=\"150\" src=\"https:\/\/elmeistrai.lt\/wp-content\/uploads\/2019\/03\/bmw-navigacija-imasII-150x150.jpg\" alt=\"\" class=\"wp-image-323\"\/><\/figure><\/div>\n\n\n<p><strong>1 Disco de navegaci\u00f3n con mapas: <br><\/strong>Alemania, Andorra, Austria, B\u00e9lgica, Dinamarca, Espa\u00f1a, Finlandia, Francia, Grecia, Irlanda, Gibraltar, Italia, Liechtenstein, Luxemburgo, M\u00f3naco, Noruega, Pa\u00edses Bajos, Portugal, Reino Unido, Rep\u00fablica Checa, San Marino, Ciudad del Vaticano, Suecia y Suiza.<\/p>\n<p><strong>2 Disco de navegaci\u00f3n con mapas: <br><\/strong>Alemania, Austria, Croacia, Dinamarca, Eslovaquia, Eslovenia, Espa\u00f1a, Estonia, Finlandia, Francia, Grecia, Hungr\u00eda, Italia, Liechtenstein, Noruega, Rep\u00fablica Checa, San Marino, Suecia, Suiza y Ciudad del Vaticano.<\/p>\n<p><strong>3 Disco de navegaci\u00f3n con mapas:<\/strong><br>Irlanda, Andorra, Austria, B\u00e9lgica, Bulgaria, Rep\u00fablica Checa, Dinamarca, Gran Breta\u00f1a, Estonia, Gibraltar, Grecia, Espa\u00f1a, Italia, Croacia, Letonia, Liechtenstein y Polonia, <strong>Lituania (detallada)<\/strong>, Luxemburgo, M\u00f3naco, Noruega, Pa\u00edses Bajos, Portugal, Francia, Ruman\u00eda, San Marino, Eslovaquia, Eslovenia, Finlandia, Suecia, Suiza, Ciudad del Vaticano, Hungr\u00eda, Alemania.<\/p>\n<p><strong>Idoneidad: <\/strong><br><em>BMW Facelift (LCI) modelos 2007 - 2010<br>BMW neFacelift (pre-LCI) modelos 2003 - 2007 <\/em><\/p>\n<p><strong>M\u00e1s informaci\u00f3n:<\/strong><br>La navegaci\u00f3n debe mostrar mapas 2D.<\/p>\n<p><strong>1 a\u00f1o de garant\u00eda | \u00daltimos mapas | Mejor precio | Vilnius, Kaunas, Klaipeda<\/strong><\/p>\n<hr>\n\n\n<h2 class=\"wp-block-heading\">Mapas de navegaci\u00f3n BMW para Lituania y Europa (iDrive II) NAVI02\/NAVI03 con DVD<\/h2>\n\n\n\n<div class=\"wp-block-image\"><figure class=\"alignright\"><img loading=\"lazy\" decoding=\"async\" width=\"150\" height=\"150\" src=\"https:\/\/elmeistrai.lt\/wp-content\/uploads\/2019\/03\/bmw-navigacija-o3-150x150.jpg\" alt=\"\" class=\"wp-image-315\"\/><\/figure><\/div>\n\n\n<p><strong>1 Disco de navegaci\u00f3n con mapas:<br><\/strong>Alemania, Andorra, Austria, B\u00e9lgica, Dinamarca, Espa\u00f1a, Finlandia, Francia, Grecia, Irlanda, Gibraltar, Gran Breta\u00f1a, Italia, Liechtenstein, Luxemburgo, M\u00f3naco, Noruega, Pa\u00edses Bajos, Portugal, Rep\u00fablica Checa, San Marino, Suecia, Suiza y Ciudad del Vaticano. <br><strong>2 Disco de navegaci\u00f3n con mapas:<br><\/strong>Austria, Bielorrusia, Bulgaria, Croacia, Dinamarca, Estonia, Grecia, Italia, Liechtenstein, Letonia, Polonia y Rep\u00fablica Checa, <strong> Lituania (detallada)<\/strong>, Noruega, Ruman\u00eda, Rusia, San Marino, Eslovaquia, Eslovenia, Finlandia, Suecia, Suiza, Ciudad del Vaticano, Hungr\u00eda, Alemania.<\/p>\n<p><strong>Idoneidad: <\/strong><br><em>BMW 3er 2002 - 2007<br>BMW 5er 2002 - 2003<br>BMW 7er 2001 - 2007<br>BMW X3 2001 - 2007<br>BMW X5 1999 - 2008<br>BMW Z4 2002 - 2009<br>BMW Z8 2000 - 2003<\/em><\/p>\n<p><strong>M\u00e1s informaci\u00f3n: <\/strong><br>Navegaci\u00f3n en el maletero.<br>El CD o DVD se graba en el navegador en el maletero.<br>Si no dice DVD, significa CD.<br>Si tienes navegaci\u00f3n por DVD, la navegaci\u00f3n por doble disco funciona a partir de la v31.<br>Podemos actualizar a la \u00faltima versi\u00f3n V32 si es necesario, o ejecutar un disco de una sola capa.<\/p>\n<p><strong>1 a\u00f1o de garant\u00eda | \u00daltimos mapas | Mejor precio | Vilnius, Kaunas, Klaipeda<\/strong><\/p>\n<hr>\n\n\n<h2 class=\"wp-block-heading\">Mapas de navegaci\u00f3n BMW para Lituania y Europa (iDrive I) NAVI01 MK1 MK2 MK3 MK4 con CD <\/h2>\n\n\n\n<div class=\"wp-block-image\"><figure class=\"alignright is-resized\"><img loading=\"lazy\" decoding=\"async\" src=\"https:\/\/elmeistrai.lt\/wp-content\/uploads\/2019\/03\/bmw-navigacija-1-300x150.jpg\" alt=\"\" class=\"wp-image-318\" width=\"225\" height=\"113\" srcset=\"https:\/\/elmeistrai.lt\/wp-content\/uploads\/2019\/03\/bmw-navigacija-1-300x150.jpg 300w, https:\/\/elmeistrai.lt\/wp-content\/uploads\/2019\/03\/bmw-navigacija-1.jpg 648w\" sizes=\"auto, (max-width: 225px) 100vw, 225px\" \/><\/figure><\/div>\n\n\n<p><strong>Discos de navegaci\u00f3n con mapas: <\/strong><br>1 - B\u00e9lgica, Pa\u00edses Bajos, Luxemburgo<br>2 - Austria, Liechtenstein, Suiza, Alemania, sh. Italia<br>3 - Europa del Este 1 - Estonia, Letonia, <strong> Lituania (detallada)<\/strong><br>4 - Europa del Este 2 - Bulgaria, Rep\u00fablica Checa, Polonia, Croacia, Hungr\u00eda, Ruman\u00eda, Eslovaquia, Eslovenia<br>5 - \u0161. Francia<br>6 - p. Francia<br>7 - Alemania<br>8 - Italia, San Marino, Ciudad del Vaticano, Grecia<br>9 - Dinamarca, Suecia, Finlandia, Noruega<br>10 - Espa\u00f1a<br>11 - Portugal<br>12 - Inglaterra, Escocia, Irlanda<br>13 - Mapas de las principales carreteras de Europa.<\/p>\n<p><strong>Idoneidad:<\/strong><br><em>BMW 3er 2003 - 2007<br>BMW 5er 1995 - 2003<br>BMW 7er 1993 - 2007<br>BMW X3 2001 - 2007<br>BMW X5 1999 - 2008<br>BMW M5 -2007<br>BMW Z4 2002 - 2009<br>BMW Z8 2000 - 2003<\/em> m.<\/p>\n<p><strong>M\u00e1s informaci\u00f3n:<\/strong><br>El disco de navegaci\u00f3n se coloca en el maletero.<\/p>\n<p><strong>1 a\u00f1o de garant\u00eda | \u00daltimos mapas | Mejor precio | Vilnius, Kaunas, Klaipeda<\/strong><\/p>\n<hr>","protected":false},"excerpt":{"rendered":"<p>Mapas de navegaci\u00f3n BMW de Lituania y Europa para CIC Premium \/ CIC-MID Business Motion \/ Champ2 Business Move \/ NBT Next...<\/p>","protected":false},"author":1,"featured_media":0,"parent":0,"menu_order":0,"comment_status":"closed","ping_status":"closed","template":"","meta":{"_uag_custom_page_level_css":"","footnotes":""},"class_list":["post-297","page","type-page","status-publish","hentry"],"yoast_head":"<!-- This site is optimized with the Yoast SEO plugin v27.5 - https:\/\/yoast.com\/product\/yoast-seo-wordpress\/ -->\n<title>BMW navigacija Vilniuje, Kaune, Klaip\u0117doje, \u0160iauliuose<\/title>\n<meta name=\"description\" content=\"BMW navigacijos Lietuvos ir Europos naujausi\u0173 \u017eem\u0117lapi\u0173 atnaujinimas - Vilniuje, Kaune, Klaip\u0117doje.\" \/>\n<meta name=\"robots\" content=\"index, follow, max-snippet:-1, max-image-preview:large, max-video-preview:-1\" \/>\n<link rel=\"canonical\" href=\"https:\/\/elmeistrai.lt\/es\/bmw-navigacija\/\" \/>\n<meta property=\"og:locale\" content=\"es_ES\" \/>\n<meta property=\"og:type\" content=\"article\" \/>\n<meta property=\"og:title\" content=\"BMW navigacija Vilniuje, Kaune, Klaip\u0117doje, \u0160iauliuose\" \/>\n<meta property=\"og:description\" content=\"BMW navigacijos Lietuvos ir Europos naujausi\u0173 \u017eem\u0117lapi\u0173 atnaujinimas - Vilniuje, Kaune, Klaip\u0117doje.\" \/>\n<meta property=\"og:url\" content=\"https:\/\/elmeistrai.lt\/es\/bmw-navigacija\/\" \/>\n<meta property=\"og:site_name\" content=\"Vilniuje, Kaune, Klaip\u0117doje, \u0160iauliuose\" \/>\n<meta property=\"article:publisher\" content=\"https:\/\/www.facebook.com\/elmeistrai.lt\/\" \/>\n<meta property=\"article:modified_time\" content=\"2022-04-09T21:59:59+00:00\" \/>\n<meta property=\"og:image\" content=\"https:\/\/elmeistrai.lt\/wp-content\/uploads\/2019\/03\/bmw-navigacija-cic.-300x176.jpg\" \/>\n<meta name=\"twitter:card\" content=\"summary_large_image\" \/>\n<meta name=\"twitter:label1\" content=\"Tiempo de lectura\" \/>\n\t<meta name=\"twitter:data1\" content=\"6 minutos\" \/>\n<script type=\"application\/ld+json\" class=\"yoast-schema-graph\">{\"@context\":\"https:\\\/\\\/schema.org\",\"@graph\":[{\"@type\":\"NewsArticle\",\"@id\":\"https:\\\/\\\/elmeistrai.lt\\\/en\\\/bmw-navigacija\\\/#article\",\"isPartOf\":{\"@id\":\"https:\\\/\\\/elmeistrai.lt\\\/en\\\/bmw-navigacija\\\/\"},\"author\":{\"name\":\"elMeistrai\",\"@id\":\"https:\\\/\\\/elmeistrai.lt\\\/#\\\/schema\\\/person\\\/6363b621eb9606785f7f2ae9a52987f7\"},\"headline\":\"BMW navigacija\",\"datePublished\":\"2019-03-29T09:21:49+00:00\",\"dateModified\":\"2022-04-09T21:59:59+00:00\",\"mainEntityOfPage\":{\"@id\":\"https:\\\/\\\/elmeistrai.lt\\\/en\\\/bmw-navigacija\\\/\"},\"wordCount\":830,\"publisher\":{\"@id\":\"https:\\\/\\\/elmeistrai.lt\\\/#organization\"},\"image\":{\"@id\":\"https:\\\/\\\/elmeistrai.lt\\\/en\\\/bmw-navigacija\\\/#primaryimage\"},\"thumbnailUrl\":\"https:\\\/\\\/elmeistrai.lt\\\/wp-content\\\/uploads\\\/2019\\\/03\\\/bmw-navigacija-cic.-300x176.jpg\",\"inLanguage\":\"es\"},{\"@type\":[\"WebPage\",\"ItemPage\"],\"@id\":\"https:\\\/\\\/elmeistrai.lt\\\/en\\\/bmw-navigacija\\\/\",\"url\":\"https:\\\/\\\/elmeistrai.lt\\\/en\\\/bmw-navigacija\\\/\",\"name\":\"BMW navigacija Vilniuje, Kaune, Klaip\u0117doje, \u0160iauliuose\",\"isPartOf\":{\"@id\":\"https:\\\/\\\/elmeistrai.lt\\\/#website\"},\"primaryImageOfPage\":{\"@id\":\"https:\\\/\\\/elmeistrai.lt\\\/en\\\/bmw-navigacija\\\/#primaryimage\"},\"image\":{\"@id\":\"https:\\\/\\\/elmeistrai.lt\\\/en\\\/bmw-navigacija\\\/#primaryimage\"},\"thumbnailUrl\":\"https:\\\/\\\/elmeistrai.lt\\\/wp-content\\\/uploads\\\/2019\\\/03\\\/bmw-navigacija-cic.-300x176.jpg\",\"datePublished\":\"2019-03-29T09:21:49+00:00\",\"dateModified\":\"2022-04-09T21:59:59+00:00\",\"description\":\"BMW navigacijos Lietuvos ir Europos naujausi\u0173 \u017eem\u0117lapi\u0173 atnaujinimas - Vilniuje, Kaune, Klaip\u0117doje.\",\"breadcrumb\":{\"@id\":\"https:\\\/\\\/elmeistrai.lt\\\/en\\\/bmw-navigacija\\\/#breadcrumb\"},\"inLanguage\":\"es\",\"potentialAction\":[{\"@type\":\"ReadAction\",\"target\":[\"https:\\\/\\\/elmeistrai.lt\\\/en\\\/bmw-navigacija\\\/\"]}]},{\"@type\":\"ImageObject\",\"inLanguage\":\"es\",\"@id\":\"https:\\\/\\\/elmeistrai.lt\\\/en\\\/bmw-navigacija\\\/#primaryimage\",\"url\":\"https:\\\/\\\/elmeistrai.lt\\\/wp-content\\\/uploads\\\/2019\\\/03\\\/bmw-navigacija-cic.-300x176.jpg\",\"contentUrl\":\"https:\\\/\\\/elmeistrai.lt\\\/wp-content\\\/uploads\\\/2019\\\/03\\\/bmw-navigacija-cic.-300x176.jpg\"},{\"@type\":\"BreadcrumbList\",\"@id\":\"https:\\\/\\\/elmeistrai.lt\\\/en\\\/bmw-navigacija\\\/#breadcrumb\",\"itemListElement\":[{\"@type\":\"ListItem\",\"position\":1,\"name\":\"Home\",\"item\":\"https:\\\/\\\/elmeistrai.lt\\\/\"},{\"@type\":\"ListItem\",\"position\":2,\"name\":\"BMW navigacija\"}]},{\"@type\":\"WebSite\",\"@id\":\"https:\\\/\\\/elmeistrai.lt\\\/#website\",\"url\":\"https:\\\/\\\/elmeistrai.lt\\\/\",\"name\":\"Vilniuje, Kaune, Klaip\u0117doje, \u0160iauliuose\",\"description\":\"Nam\u0173 ir verslo elektronikos prietais\u0173 remontas. Kase\u010di\u0173 pildymas.\",\"publisher\":{\"@id\":\"https:\\\/\\\/elmeistrai.lt\\\/#organization\"},\"potentialAction\":[{\"@type\":\"SearchAction\",\"target\":{\"@type\":\"EntryPoint\",\"urlTemplate\":\"https:\\\/\\\/elmeistrai.lt\\\/?s={search_term_string}\"},\"query-input\":{\"@type\":\"PropertyValueSpecification\",\"valueRequired\":true,\"valueName\":\"search_term_string\"}}],\"inLanguage\":\"es\"},{\"@type\":\"Organization\",\"@id\":\"https:\\\/\\\/elmeistrai.lt\\\/#organization\",\"name\":\"elMeistrai.lt\",\"alternateName\":\"Kavos aparat\u0173, paspirtuk\u0173, televizori\u0173, kompiuteri\u0173, telefon\u0173 ir kt. technikos remontas\",\"url\":\"https:\\\/\\\/elmeistrai.lt\\\/\",\"logo\":{\"@type\":\"ImageObject\",\"inLanguage\":\"es\",\"@id\":\"https:\\\/\\\/elmeistrai.lt\\\/#\\\/schema\\\/logo\\\/image\\\/\",\"url\":\"https:\\\/\\\/elmeistrai.lt\\\/wp-content\\\/uploads\\\/2022\\\/09\\\/elmeistrai_logo.jpg\",\"contentUrl\":\"https:\\\/\\\/elmeistrai.lt\\\/wp-content\\\/uploads\\\/2022\\\/09\\\/elmeistrai_logo.jpg\",\"width\":556,\"height\":143,\"caption\":\"elMeistrai.lt\"},\"image\":{\"@id\":\"https:\\\/\\\/elmeistrai.lt\\\/#\\\/schema\\\/logo\\\/image\\\/\"},\"sameAs\":[\"https:\\\/\\\/www.facebook.com\\\/elmeistrai.lt\\\/\"]},{\"@type\":\"Person\",\"@id\":\"https:\\\/\\\/elmeistrai.lt\\\/#\\\/schema\\\/person\\\/6363b621eb9606785f7f2ae9a52987f7\",\"name\":\"elMeistrai\",\"image\":{\"@type\":\"ImageObject\",\"inLanguage\":\"es\",\"@id\":\"https:\\\/\\\/secure.gravatar.com\\\/avatar\\\/052f2d9640381d6904c5c0676ac3cc3d7ad734def78df3657e571451cad9870d?s=96&d=mm&r=g\",\"url\":\"https:\\\/\\\/secure.gravatar.com\\\/avatar\\\/052f2d9640381d6904c5c0676ac3cc3d7ad734def78df3657e571451cad9870d?s=96&d=mm&r=g\",\"contentUrl\":\"https:\\\/\\\/secure.gravatar.com\\\/avatar\\\/052f2d9640381d6904c5c0676ac3cc3d7ad734def78df3657e571451cad9870d?s=96&d=mm&r=g\",\"caption\":\"elMeistrai\"},\"url\":\"https:\\\/\\\/elmeistrai.lt\\\/es\\\/author\\\/yipkxe\\\/\"}]}<\/script>\n<!-- \/ Yoast SEO plugin. -->","yoast_head_json":{"title":"BMW navigacija Vilniuje, Kaune, Klaip\u0117doje, \u0160iauliuose","description":"Actualizaci\u00f3n de los \u00faltimos mapas de navegaci\u00f3n BMW para Lituania y Europa - Vilnius, Kaunas, Klaip\u0117da.","robots":{"index":"index","follow":"follow","max-snippet":"max-snippet:-1","max-image-preview":"max-image-preview:large","max-video-preview":"max-video-preview:-1"},"canonical":"https:\/\/elmeistrai.lt\/es\/bmw-navigacija\/","og_locale":"es_ES","og_type":"article","og_title":"BMW navigacija Vilniuje, Kaune, Klaip\u0117doje, \u0160iauliuose","og_description":"BMW navigacijos Lietuvos ir Europos naujausi\u0173 \u017eem\u0117lapi\u0173 atnaujinimas - Vilniuje, Kaune, Klaip\u0117doje.","og_url":"https:\/\/elmeistrai.lt\/es\/bmw-navigacija\/","og_site_name":"Vilniuje, Kaune, Klaip\u0117doje, \u0160iauliuose","article_publisher":"https:\/\/www.facebook.com\/elmeistrai.lt\/","article_modified_time":"2022-04-09T21:59:59+00:00","og_image":[{"url":"https:\/\/elmeistrai.lt\/wp-content\/uploads\/2019\/03\/bmw-navigacija-cic.-300x176.jpg","type":"","width":"","height":""}],"twitter_card":"summary_large_image","twitter_misc":{"Tiempo de lectura":"6 minutos"},"schema":{"@context":"https:\/\/schema.org","@graph":[{"@type":"NewsArticle","@id":"https:\/\/elmeistrai.lt\/en\/bmw-navigacija\/#article","isPartOf":{"@id":"https:\/\/elmeistrai.lt\/en\/bmw-navigacija\/"},"author":{"name":"elMeistrai","@id":"https:\/\/elmeistrai.lt\/#\/schema\/person\/6363b621eb9606785f7f2ae9a52987f7"},"headline":"BMW navigacija","datePublished":"2019-03-29T09:21:49+00:00","dateModified":"2022-04-09T21:59:59+00:00","mainEntityOfPage":{"@id":"https:\/\/elmeistrai.lt\/en\/bmw-navigacija\/"},"wordCount":830,"publisher":{"@id":"https:\/\/elmeistrai.lt\/#organization"},"image":{"@id":"https:\/\/elmeistrai.lt\/en\/bmw-navigacija\/#primaryimage"},"thumbnailUrl":"https:\/\/elmeistrai.lt\/wp-content\/uploads\/2019\/03\/bmw-navigacija-cic.-300x176.jpg","inLanguage":"es"},{"@type":["WebPage","ItemPage"],"@id":"https:\/\/elmeistrai.lt\/en\/bmw-navigacija\/","url":"https:\/\/elmeistrai.lt\/en\/bmw-navigacija\/","name":"BMW navigacija Vilniuje, Kaune, Klaip\u0117doje, \u0160iauliuose","isPartOf":{"@id":"https:\/\/elmeistrai.lt\/#website"},"primaryImageOfPage":{"@id":"https:\/\/elmeistrai.lt\/en\/bmw-navigacija\/#primaryimage"},"image":{"@id":"https:\/\/elmeistrai.lt\/en\/bmw-navigacija\/#primaryimage"},"thumbnailUrl":"https:\/\/elmeistrai.lt\/wp-content\/uploads\/2019\/03\/bmw-navigacija-cic.-300x176.jpg","datePublished":"2019-03-29T09:21:49+00:00","dateModified":"2022-04-09T21:59:59+00:00","description":"Actualizaci\u00f3n de los \u00faltimos mapas de navegaci\u00f3n BMW para Lituania y Europa - Vilnius, Kaunas, Klaip\u0117da.","breadcrumb":{"@id":"https:\/\/elmeistrai.lt\/en\/bmw-navigacija\/#breadcrumb"},"inLanguage":"es","potentialAction":[{"@type":"ReadAction","target":["https:\/\/elmeistrai.lt\/en\/bmw-navigacija\/"]}]},{"@type":"ImageObject","inLanguage":"es","@id":"https:\/\/elmeistrai.lt\/en\/bmw-navigacija\/#primaryimage","url":"https:\/\/elmeistrai.lt\/wp-content\/uploads\/2019\/03\/bmw-navigacija-cic.-300x176.jpg","contentUrl":"https:\/\/elmeistrai.lt\/wp-content\/uploads\/2019\/03\/bmw-navigacija-cic.-300x176.jpg"},{"@type":"BreadcrumbList","@id":"https:\/\/elmeistrai.lt\/en\/bmw-navigacija\/#breadcrumb","itemListElement":[{"@type":"ListItem","position":1,"name":"Home","item":"https:\/\/elmeistrai.lt\/"},{"@type":"ListItem","position":2,"name":"BMW navigacija"}]},{"@type":"WebSite","@id":"https:\/\/elmeistrai.lt\/#website","url":"https:\/\/elmeistrai.lt\/","name":"Vilnius, Kaunas, Klaip\u0117da, \u0160iauliai","description":"Reparaci\u00f3n de electr\u00f3nica dom\u00e9stica y empresarial. Recarga de cartuchos.","publisher":{"@id":"https:\/\/elmeistrai.lt\/#organization"},"potentialAction":[{"@type":"SearchAction","target":{"@type":"EntryPoint","urlTemplate":"https:\/\/elmeistrai.lt\/?s={search_term_string}"},"query-input":{"@type":"PropertyValueSpecification","valueRequired":true,"valueName":"search_term_string"}}],"inLanguage":"es"},{"@type":"Organization","@id":"https:\/\/elmeistrai.lt\/#organization","name":"elMeistrai.lt","alternateName":"Kavos aparat\u0173, paspirtuk\u0173, televizori\u0173, kompiuteri\u0173, telefon\u0173 ir kt. technikos remontas","url":"https:\/\/elmeistrai.lt\/","logo":{"@type":"ImageObject","inLanguage":"es","@id":"https:\/\/elmeistrai.lt\/#\/schema\/logo\/image\/","url":"https:\/\/elmeistrai.lt\/wp-content\/uploads\/2022\/09\/elmeistrai_logo.jpg","contentUrl":"https:\/\/elmeistrai.lt\/wp-content\/uploads\/2022\/09\/elmeistrai_logo.jpg","width":556,"height":143,"caption":"elMeistrai.lt"},"image":{"@id":"https:\/\/elmeistrai.lt\/#\/schema\/logo\/image\/"},"sameAs":["https:\/\/www.facebook.com\/elmeistrai.lt\/"]},{"@type":"Person","@id":"https:\/\/elmeistrai.lt\/#\/schema\/person\/6363b621eb9606785f7f2ae9a52987f7","name":"elMeistrai","image":{"@type":"ImageObject","inLanguage":"es","@id":"https:\/\/secure.gravatar.com\/avatar\/052f2d9640381d6904c5c0676ac3cc3d7ad734def78df3657e571451cad9870d?s=96&d=mm&r=g","url":"https:\/\/secure.gravatar.com\/avatar\/052f2d9640381d6904c5c0676ac3cc3d7ad734def78df3657e571451cad9870d?s=96&d=mm&r=g","contentUrl":"https:\/\/secure.gravatar.com\/avatar\/052f2d9640381d6904c5c0676ac3cc3d7ad734def78df3657e571451cad9870d?s=96&d=mm&r=g","caption":"elMeistrai"},"url":"https:\/\/elmeistrai.lt\/es\/author\/yipkxe\/"}]}},"uagb_featured_image_src":{"full":false,"thumbnail":false,"medium":false,"medium_large":false,"large":false,"1536x1536":false,"2048x2048":false,"trp-custom-language-flag":false,"writemag-1218w-autoh-image":false,"writemag-675w-autoh-image":false,"writemag-100w-100h-image":false},"uagb_author_info":{"display_name":"elMeistrai","author_link":"https:\/\/elmeistrai.lt\/es\/author\/yipkxe\/"},"uagb_comment_info":0,"uagb_excerpt":"BMW navigacijos Lietuvos ir Europos \u017eem\u0117lapiai sistemoms CIC Premium \/ CIC-MID Business Motion \/ Champ2 Business Move \/ NBT Next...","rttpg_featured_image_url":null,"rttpg_author":{"display_name":"elMeistrai","author_link":"https:\/\/elmeistrai.lt\/es\/author\/yipkxe\/"},"rttpg_comment":0,"rttpg_category":null,"rttpg_excerpt":"BMW navigacijos Lietuvos ir Europos \u017eem\u0117lapiai sistemoms CIC Premium \/ CIC-MID Business Motion \/ Champ2 Business Move \/ NBT Next...","_links":{"self":[{"href":"https:\/\/elmeistrai.lt\/es\/wp-json\/wp\/v2\/pages\/297","targetHints":{"allow":["GET"]}}],"collection":[{"href":"https:\/\/elmeistrai.lt\/es\/wp-json\/wp\/v2\/pages"}],"about":[{"href":"https:\/\/elmeistrai.lt\/es\/wp-json\/wp\/v2\/types\/page"}],"author":[{"embeddable":true,"href":"https:\/\/elmeistrai.lt\/es\/wp-json\/wp\/v2\/users\/1"}],"replies":[{"embeddable":true,"href":"https:\/\/elmeistrai.lt\/es\/wp-json\/wp\/v2\/comments?post=297"}],"version-history":[{"count":16,"href":"https:\/\/elmeistrai.lt\/es\/wp-json\/wp\/v2\/pages\/297\/revisions"}],"predecessor-version":[{"id":1546,"href":"https:\/\/elmeistrai.lt\/es\/wp-json\/wp\/v2\/pages\/297\/revisions\/1546"}],"wp:attachment":[{"href":"https:\/\/elmeistrai.lt\/es\/wp-json\/wp\/v2\/media?parent=297"}],"curies":[{"name":"wp","href":"https:\/\/api.w.org\/{rel}","templated":true}]}}