{"id":2214,"date":"2023-03-01T19:41:02","date_gmt":"2023-03-01T21:41:02","guid":{"rendered":"https:\/\/elmeistrai.lt\/?page_id=2214"},"modified":"2026-02-20T14:44:19","modified_gmt":"2026-02-20T12:44:19","slug":"kavos-aparatu-remontas-klaipedoje","status":"publish","type":"page","link":"https:\/\/elmeistrai.lt\/es\/kavos-aparatu-remontas\/kavos-aparatu-remontas-klaipedoje\/","title":{"rendered":"Profesionalus kavos aparat\u0173 remontas Klaip\u0117doje"},"content":{"rendered":"<div class=\"wp-block-uagb-container uagb-block-d751ed7f alignfull uagb-is-root-container\"><div class=\"uagb-container-inner-blocks-wrap\">\n<div class=\"wp-block-uagb-container uagb-block-3945fa5c\">\n<p>P\u00f3ngase en contacto con nosotros si est\u00e1 buscando <strong>reparaci\u00f3n de cafeteras en Klaipeda<\/strong>. Nuestro equipo de expertos est\u00e1 aqu\u00ed para proporcionarle toda la ayuda que necesite. Tenemos a\u00f1os de experiencia en la soluci\u00f3n de problemas simples y complejos con sus m\u00e1quinas de caf\u00e9 espresso y capuchino u otros tipos de m\u00e1quinas de caf\u00e9. Tanto si se trata de mantenimiento preventivo como de reparaciones m\u00e1s complejas, podemos encargarnos de ello. Nuestros t\u00e9cnicos se tomar\u00e1n el tiempo necesario para explicarle el problema de una manera sencilla de entender para que pueda tomar una decisi\u00f3n informada sobre lo que hay que hacer. Tambi\u00e9n ofrecemos precios competitivos y plazos de entrega r\u00e1pidos para que su cafetera funcione lo antes posible. As\u00ed que no espere m\u00e1s, p\u00f3ngase en contacto con nosotros hoy mismo y deje que le ayudemos con todas sus necesidades de reparaci\u00f3n de m\u00e1quinas de caf\u00e9.<\/p>\n<\/div>\n\n\n\n<div class=\"wp-block-uagb-container uagb-block-99b5f60f\">\n<figure class=\"wp-block-image size-full\"><img loading=\"lazy\" decoding=\"async\" width=\"612\" height=\"408\" src=\"https:\/\/elmeistrai.lt\/wp-content\/uploads\/2026\/02\/7.jpg\" alt=\"\" class=\"wp-image-8675\" srcset=\"https:\/\/elmeistrai.lt\/wp-content\/uploads\/2026\/02\/7.jpg 612w, https:\/\/elmeistrai.lt\/wp-content\/uploads\/2026\/02\/7-300x200.jpg 300w, https:\/\/elmeistrai.lt\/wp-content\/uploads\/2026\/02\/7-18x12.jpg 18w\" sizes=\"auto, (max-width: 612px) 100vw, 612px\" \/><\/figure>\n\n\n\n<ul class=\"wp-block-list\">\n<li><strong>Klaip\u0117da<\/strong>\u00a0\u2013 Sausio 15-osios g. 13\u00a0<a href=\"tel:+37064707741\">+370-647-07741<\/a><\/li>\n<\/ul>\n<\/div>\n<\/div><\/div>\n\n\n\n<figure class=\"wp-block-image size-full\"><img loading=\"lazy\" decoding=\"async\" width=\"612\" height=\"408\" src=\"https:\/\/elmeistrai.lt\/wp-content\/uploads\/2026\/02\/8-1.jpg\" alt=\"\" class=\"wp-image-8677\" srcset=\"https:\/\/elmeistrai.lt\/wp-content\/uploads\/2026\/02\/8-1.jpg 612w, https:\/\/elmeistrai.lt\/wp-content\/uploads\/2026\/02\/8-1-300x200.jpg 300w, https:\/\/elmeistrai.lt\/wp-content\/uploads\/2026\/02\/8-1-18x12.jpg 18w\" sizes=\"auto, (max-width: 612px) 100vw, 612px\" \/><\/figure>\n\n\n\n<p>Taisome vis\u0173 tip\u0173 gedimus: pagrindines plok\u0161tes, kei\u010diame dalis ir kt. M\u016bs\u0173 technikai yra puikiai apmokyti ir turi ilgamet\u0119 patirt\u012f dirbant su toki\u0173 prek\u0117s \u017eenkl\u0173 kavos aparatais, kaip &#8222;Saeco&#8221;, &#8222;Philips&#8221;, &#8222;Jura&#8221; ir kt. Suprantame, koks svarbus yra rytinis kavos puodelis, tod\u0117l padarysime visk\u0105, k\u0105 galime, kad j\u016bs\u0173 kavos aparatai greitai v\u0117l prad\u0117t\u0173 puikiai veikti. Nesvarbu, kokia problema, galime pasi\u016blyti i\u0161sam\u0173 remonto sprendim\u0105, kad j\u016bs\u0173 kavos aparatas veikt\u0173 kaip naujas.<br>Joks darbas n\u0117ra per didelis ar per ma\u017eas m\u016bs\u0173 specialistams. Garantuojame auk\u0161\u010diausio lygio klient\u0173 aptarnavim\u0105 ir greit\u0105 darb\u0173 atlikim\u0105. M\u016bs\u0173 komanda taip pat pasirengusi atsakyti \u012f visus jums r\u016bpimus klausimus ar problemas, susijusias su kavos aparat\u0173 remontu. Susisiekite su mumis ir leiskite mums viskuo pasir\u016bpinti!<\/p>","protected":false},"excerpt":{"rendered":"<p>P\u00f3ngase en contacto con nosotros si busca una reparaci\u00f3n de cafeteras profesional y fiable en Klaipeda. Nuestro equipo de especialistas est\u00e1 aqu\u00ed para proporcionarle toda la...<\/p>","protected":false},"author":1,"featured_media":0,"parent":53,"menu_order":0,"comment_status":"closed","ping_status":"closed","template":"","meta":{"_uag_custom_page_level_css":"","footnotes":""},"class_list":["post-2214","page","type-page","status-publish","hentry"],"yoast_head":"<!-- This site is optimized with the Yoast SEO plugin v27.3 - https:\/\/yoast.com\/product\/yoast-seo-wordpress\/ -->\n<title>Profesionalus kavos aparat\u0173 remontas Klaip\u0117doje<\/title>\n<meta name=\"description\" content=\"Profesionalus vis\u0173 tip\u0173 ir gamintoj\u0173 kavos aparat\u0173 remontas Klaip\u0117doje. Mus rasite \u0160ilut\u0117s pl. 35 (BANGINIS), tel. 8 (617) 77731\" \/>\n<meta name=\"robots\" content=\"index, follow, max-snippet:-1, max-image-preview:large, max-video-preview:-1\" \/>\n<link rel=\"canonical\" href=\"https:\/\/elmeistrai.lt\/es\/kavos-aparatu-remontas\/kavos-aparatu-remontas-klaipedoje\/\" \/>\n<meta property=\"og:locale\" content=\"es_ES\" \/>\n<meta property=\"og:type\" content=\"article\" \/>\n<meta property=\"og:title\" content=\"Profesionalus kavos aparat\u0173 remontas Klaip\u0117doje\" \/>\n<meta property=\"og:description\" content=\"Profesionalus vis\u0173 tip\u0173 ir gamintoj\u0173 kavos aparat\u0173 remontas Klaip\u0117doje. Mus rasite \u0160ilut\u0117s pl. 35 (BANGINIS), tel. 8 (617) 77731\" \/>\n<meta property=\"og:url\" content=\"https:\/\/elmeistrai.lt\/es\/kavos-aparatu-remontas\/kavos-aparatu-remontas-klaipedoje\/\" \/>\n<meta property=\"og:site_name\" content=\"Vilniuje, Kaune, Klaip\u0117doje, \u0160iauliuose\" \/>\n<meta property=\"article:publisher\" content=\"https:\/\/www.facebook.com\/elmeistrai.lt\/\" \/>\n<meta property=\"article:modified_time\" content=\"2026-02-20T12:44:19+00:00\" \/>\n<meta property=\"og:image\" content=\"https:\/\/elmeistrai.lt\/wp-content\/uploads\/2026\/02\/7.jpg\" \/>\n\t<meta property=\"og:image:width\" content=\"612\" \/>\n\t<meta property=\"og:image:height\" content=\"408\" \/>\n\t<meta property=\"og:image:type\" content=\"image\/jpeg\" \/>\n<meta name=\"twitter:card\" content=\"summary_large_image\" \/>\n<meta name=\"twitter:label1\" content=\"Tiempo de lectura\" \/>\n\t<meta name=\"twitter:data1\" content=\"2 minutos\" \/>\n<script type=\"application\/ld+json\" class=\"yoast-schema-graph\">{\"@context\":\"https:\\\/\\\/schema.org\",\"@graph\":[{\"@type\":\"NewsArticle\",\"@id\":\"https:\\\/\\\/elmeistrai.lt\\\/kavos-aparatu-remontas\\\/kavos-aparatu-remontas-klaipedoje\\\/#article\",\"isPartOf\":{\"@id\":\"https:\\\/\\\/elmeistrai.lt\\\/kavos-aparatu-remontas\\\/kavos-aparatu-remontas-klaipedoje\\\/\"},\"author\":{\"name\":\"elMeistrai\",\"@id\":\"https:\\\/\\\/elmeistrai.lt\\\/#\\\/schema\\\/person\\\/6363b621eb9606785f7f2ae9a52987f7\"},\"headline\":\"Profesionalus kavos aparat\u0173 remontas Klaip\u0117doje\",\"datePublished\":\"2023-03-01T21:41:02+00:00\",\"dateModified\":\"2026-02-20T12:44:19+00:00\",\"mainEntityOfPage\":{\"@id\":\"https:\\\/\\\/elmeistrai.lt\\\/kavos-aparatu-remontas\\\/kavos-aparatu-remontas-klaipedoje\\\/\"},\"wordCount\":278,\"publisher\":{\"@id\":\"https:\\\/\\\/elmeistrai.lt\\\/#organization\"},\"image\":{\"@id\":\"https:\\\/\\\/elmeistrai.lt\\\/kavos-aparatu-remontas\\\/kavos-aparatu-remontas-klaipedoje\\\/#primaryimage\"},\"thumbnailUrl\":\"https:\\\/\\\/elmeistrai.lt\\\/wp-content\\\/uploads\\\/2026\\\/02\\\/7.jpg\",\"inLanguage\":\"es\"},{\"@type\":[\"WebPage\",\"ItemPage\"],\"@id\":\"https:\\\/\\\/elmeistrai.lt\\\/kavos-aparatu-remontas\\\/kavos-aparatu-remontas-klaipedoje\\\/\",\"url\":\"https:\\\/\\\/elmeistrai.lt\\\/kavos-aparatu-remontas\\\/kavos-aparatu-remontas-klaipedoje\\\/\",\"name\":\"Profesionalus kavos aparat\u0173 remontas Klaip\u0117doje\",\"isPartOf\":{\"@id\":\"https:\\\/\\\/elmeistrai.lt\\\/#website\"},\"primaryImageOfPage\":{\"@id\":\"https:\\\/\\\/elmeistrai.lt\\\/kavos-aparatu-remontas\\\/kavos-aparatu-remontas-klaipedoje\\\/#primaryimage\"},\"image\":{\"@id\":\"https:\\\/\\\/elmeistrai.lt\\\/kavos-aparatu-remontas\\\/kavos-aparatu-remontas-klaipedoje\\\/#primaryimage\"},\"thumbnailUrl\":\"https:\\\/\\\/elmeistrai.lt\\\/wp-content\\\/uploads\\\/2026\\\/02\\\/7.jpg\",\"datePublished\":\"2023-03-01T21:41:02+00:00\",\"dateModified\":\"2026-02-20T12:44:19+00:00\",\"description\":\"Profesionalus vis\u0173 tip\u0173 ir gamintoj\u0173 kavos aparat\u0173 remontas Klaip\u0117doje. Mus rasite \u0160ilut\u0117s pl. 35 (BANGINIS), tel. 8 (617) 77731\",\"breadcrumb\":{\"@id\":\"https:\\\/\\\/elmeistrai.lt\\\/kavos-aparatu-remontas\\\/kavos-aparatu-remontas-klaipedoje\\\/#breadcrumb\"},\"inLanguage\":\"es\",\"potentialAction\":[{\"@type\":\"ReadAction\",\"target\":[\"https:\\\/\\\/elmeistrai.lt\\\/kavos-aparatu-remontas\\\/kavos-aparatu-remontas-klaipedoje\\\/\"]}]},{\"@type\":\"ImageObject\",\"inLanguage\":\"es\",\"@id\":\"https:\\\/\\\/elmeistrai.lt\\\/kavos-aparatu-remontas\\\/kavos-aparatu-remontas-klaipedoje\\\/#primaryimage\",\"url\":\"https:\\\/\\\/elmeistrai.lt\\\/wp-content\\\/uploads\\\/2026\\\/02\\\/7.jpg\",\"contentUrl\":\"https:\\\/\\\/elmeistrai.lt\\\/wp-content\\\/uploads\\\/2026\\\/02\\\/7.jpg\"},{\"@type\":\"BreadcrumbList\",\"@id\":\"https:\\\/\\\/elmeistrai.lt\\\/kavos-aparatu-remontas\\\/kavos-aparatu-remontas-klaipedoje\\\/#breadcrumb\",\"itemListElement\":[{\"@type\":\"ListItem\",\"position\":1,\"name\":\"Home\",\"item\":\"https:\\\/\\\/elmeistrai.lt\\\/\"},{\"@type\":\"ListItem\",\"position\":2,\"name\":\"Profesionalus kavos aparat\u0173 remontas visoje Lietuvoje\",\"item\":\"https:\\\/\\\/elmeistrai.lt\\\/kavos-aparatu-remontas\\\/\"},{\"@type\":\"ListItem\",\"position\":3,\"name\":\"Profesionalus kavos aparat\u0173 remontas Klaip\u0117doje\"}]},{\"@type\":\"WebSite\",\"@id\":\"https:\\\/\\\/elmeistrai.lt\\\/#website\",\"url\":\"https:\\\/\\\/elmeistrai.lt\\\/\",\"name\":\"Vilniuje, Kaune, Klaip\u0117doje, \u0160iauliuose\",\"description\":\"Nam\u0173 ir verslo elektronikos prietais\u0173 remontas. Kase\u010di\u0173 pildymas.\",\"publisher\":{\"@id\":\"https:\\\/\\\/elmeistrai.lt\\\/#organization\"},\"potentialAction\":[{\"@type\":\"SearchAction\",\"target\":{\"@type\":\"EntryPoint\",\"urlTemplate\":\"https:\\\/\\\/elmeistrai.lt\\\/?s={search_term_string}\"},\"query-input\":{\"@type\":\"PropertyValueSpecification\",\"valueRequired\":true,\"valueName\":\"search_term_string\"}}],\"inLanguage\":\"es\"},{\"@type\":\"Organization\",\"@id\":\"https:\\\/\\\/elmeistrai.lt\\\/#organization\",\"name\":\"elMeistrai.lt\",\"alternateName\":\"Kavos aparat\u0173, paspirtuk\u0173, televizori\u0173, kompiuteri\u0173, telefon\u0173 ir kt. technikos remontas\",\"url\":\"https:\\\/\\\/elmeistrai.lt\\\/\",\"logo\":{\"@type\":\"ImageObject\",\"inLanguage\":\"es\",\"@id\":\"https:\\\/\\\/elmeistrai.lt\\\/#\\\/schema\\\/logo\\\/image\\\/\",\"url\":\"https:\\\/\\\/elmeistrai.lt\\\/wp-content\\\/uploads\\\/2022\\\/09\\\/elmeistrai_logo.jpg\",\"contentUrl\":\"https:\\\/\\\/elmeistrai.lt\\\/wp-content\\\/uploads\\\/2022\\\/09\\\/elmeistrai_logo.jpg\",\"width\":556,\"height\":143,\"caption\":\"elMeistrai.lt\"},\"image\":{\"@id\":\"https:\\\/\\\/elmeistrai.lt\\\/#\\\/schema\\\/logo\\\/image\\\/\"},\"sameAs\":[\"https:\\\/\\\/www.facebook.com\\\/elmeistrai.lt\\\/\"]},{\"@type\":\"Person\",\"@id\":\"https:\\\/\\\/elmeistrai.lt\\\/#\\\/schema\\\/person\\\/6363b621eb9606785f7f2ae9a52987f7\",\"name\":\"elMeistrai\",\"image\":{\"@type\":\"ImageObject\",\"inLanguage\":\"es\",\"@id\":\"https:\\\/\\\/secure.gravatar.com\\\/avatar\\\/052f2d9640381d6904c5c0676ac3cc3d7ad734def78df3657e571451cad9870d?s=96&d=mm&r=g\",\"url\":\"https:\\\/\\\/secure.gravatar.com\\\/avatar\\\/052f2d9640381d6904c5c0676ac3cc3d7ad734def78df3657e571451cad9870d?s=96&d=mm&r=g\",\"contentUrl\":\"https:\\\/\\\/secure.gravatar.com\\\/avatar\\\/052f2d9640381d6904c5c0676ac3cc3d7ad734def78df3657e571451cad9870d?s=96&d=mm&r=g\",\"caption\":\"elMeistrai\"},\"url\":\"https:\\\/\\\/elmeistrai.lt\\\/es\\\/author\\\/yipkxe\\\/\"}]}<\/script>\n<!-- \/ Yoast SEO plugin. -->","yoast_head_json":{"title":"Profesionalus kavos aparat\u0173 remontas Klaip\u0117doje","description":"Reparaci\u00f3n profesional de todo tipo y marca de cafeteras en Klaipeda. Nos encontrar\u00e1 en \u0160ilut\u0117s pl. 35 (BANGINIS), tel. 8 (617) 77731","robots":{"index":"index","follow":"follow","max-snippet":"max-snippet:-1","max-image-preview":"max-image-preview:large","max-video-preview":"max-video-preview:-1"},"canonical":"https:\/\/elmeistrai.lt\/es\/kavos-aparatu-remontas\/kavos-aparatu-remontas-klaipedoje\/","og_locale":"es_ES","og_type":"article","og_title":"Profesionalus kavos aparat\u0173 remontas Klaip\u0117doje","og_description":"Profesionalus vis\u0173 tip\u0173 ir gamintoj\u0173 kavos aparat\u0173 remontas Klaip\u0117doje. Mus rasite \u0160ilut\u0117s pl. 35 (BANGINIS), tel. 8 (617) 77731","og_url":"https:\/\/elmeistrai.lt\/es\/kavos-aparatu-remontas\/kavos-aparatu-remontas-klaipedoje\/","og_site_name":"Vilniuje, Kaune, Klaip\u0117doje, \u0160iauliuose","article_publisher":"https:\/\/www.facebook.com\/elmeistrai.lt\/","article_modified_time":"2026-02-20T12:44:19+00:00","og_image":[{"width":612,"height":408,"url":"https:\/\/elmeistrai.lt\/wp-content\/uploads\/2026\/02\/7.jpg","type":"image\/jpeg"}],"twitter_card":"summary_large_image","twitter_misc":{"Tiempo de lectura":"2 minutos"},"schema":{"@context":"https:\/\/schema.org","@graph":[{"@type":"NewsArticle","@id":"https:\/\/elmeistrai.lt\/kavos-aparatu-remontas\/kavos-aparatu-remontas-klaipedoje\/#article","isPartOf":{"@id":"https:\/\/elmeistrai.lt\/kavos-aparatu-remontas\/kavos-aparatu-remontas-klaipedoje\/"},"author":{"name":"elMeistrai","@id":"https:\/\/elmeistrai.lt\/#\/schema\/person\/6363b621eb9606785f7f2ae9a52987f7"},"headline":"Profesionalus kavos aparat\u0173 remontas Klaip\u0117doje","datePublished":"2023-03-01T21:41:02+00:00","dateModified":"2026-02-20T12:44:19+00:00","mainEntityOfPage":{"@id":"https:\/\/elmeistrai.lt\/kavos-aparatu-remontas\/kavos-aparatu-remontas-klaipedoje\/"},"wordCount":278,"publisher":{"@id":"https:\/\/elmeistrai.lt\/#organization"},"image":{"@id":"https:\/\/elmeistrai.lt\/kavos-aparatu-remontas\/kavos-aparatu-remontas-klaipedoje\/#primaryimage"},"thumbnailUrl":"https:\/\/elmeistrai.lt\/wp-content\/uploads\/2026\/02\/7.jpg","inLanguage":"es"},{"@type":["WebPage","ItemPage"],"@id":"https:\/\/elmeistrai.lt\/kavos-aparatu-remontas\/kavos-aparatu-remontas-klaipedoje\/","url":"https:\/\/elmeistrai.lt\/kavos-aparatu-remontas\/kavos-aparatu-remontas-klaipedoje\/","name":"Profesionalus kavos aparat\u0173 remontas Klaip\u0117doje","isPartOf":{"@id":"https:\/\/elmeistrai.lt\/#website"},"primaryImageOfPage":{"@id":"https:\/\/elmeistrai.lt\/kavos-aparatu-remontas\/kavos-aparatu-remontas-klaipedoje\/#primaryimage"},"image":{"@id":"https:\/\/elmeistrai.lt\/kavos-aparatu-remontas\/kavos-aparatu-remontas-klaipedoje\/#primaryimage"},"thumbnailUrl":"https:\/\/elmeistrai.lt\/wp-content\/uploads\/2026\/02\/7.jpg","datePublished":"2023-03-01T21:41:02+00:00","dateModified":"2026-02-20T12:44:19+00:00","description":"Reparaci\u00f3n profesional de todo tipo y marca de cafeteras en Klaipeda. Nos encontrar\u00e1 en \u0160ilut\u0117s pl. 35 (BANGINIS), tel. 8 (617) 77731","breadcrumb":{"@id":"https:\/\/elmeistrai.lt\/kavos-aparatu-remontas\/kavos-aparatu-remontas-klaipedoje\/#breadcrumb"},"inLanguage":"es","potentialAction":[{"@type":"ReadAction","target":["https:\/\/elmeistrai.lt\/kavos-aparatu-remontas\/kavos-aparatu-remontas-klaipedoje\/"]}]},{"@type":"ImageObject","inLanguage":"es","@id":"https:\/\/elmeistrai.lt\/kavos-aparatu-remontas\/kavos-aparatu-remontas-klaipedoje\/#primaryimage","url":"https:\/\/elmeistrai.lt\/wp-content\/uploads\/2026\/02\/7.jpg","contentUrl":"https:\/\/elmeistrai.lt\/wp-content\/uploads\/2026\/02\/7.jpg"},{"@type":"BreadcrumbList","@id":"https:\/\/elmeistrai.lt\/kavos-aparatu-remontas\/kavos-aparatu-remontas-klaipedoje\/#breadcrumb","itemListElement":[{"@type":"ListItem","position":1,"name":"Home","item":"https:\/\/elmeistrai.lt\/"},{"@type":"ListItem","position":2,"name":"Profesionalus kavos aparat\u0173 remontas visoje Lietuvoje","item":"https:\/\/elmeistrai.lt\/kavos-aparatu-remontas\/"},{"@type":"ListItem","position":3,"name":"Profesionalus kavos aparat\u0173 remontas Klaip\u0117doje"}]},{"@type":"WebSite","@id":"https:\/\/elmeistrai.lt\/#website","url":"https:\/\/elmeistrai.lt\/","name":"Vilnius, Kaunas, Klaip\u0117da, \u0160iauliai","description":"Reparaci\u00f3n de electr\u00f3nica dom\u00e9stica y empresarial. Recarga de cartuchos.","publisher":{"@id":"https:\/\/elmeistrai.lt\/#organization"},"potentialAction":[{"@type":"SearchAction","target":{"@type":"EntryPoint","urlTemplate":"https:\/\/elmeistrai.lt\/?s={search_term_string}"},"query-input":{"@type":"PropertyValueSpecification","valueRequired":true,"valueName":"search_term_string"}}],"inLanguage":"es"},{"@type":"Organization","@id":"https:\/\/elmeistrai.lt\/#organization","name":"elMeistrai.lt","alternateName":"Kavos aparat\u0173, paspirtuk\u0173, televizori\u0173, kompiuteri\u0173, telefon\u0173 ir kt. technikos remontas","url":"https:\/\/elmeistrai.lt\/","logo":{"@type":"ImageObject","inLanguage":"es","@id":"https:\/\/elmeistrai.lt\/#\/schema\/logo\/image\/","url":"https:\/\/elmeistrai.lt\/wp-content\/uploads\/2022\/09\/elmeistrai_logo.jpg","contentUrl":"https:\/\/elmeistrai.lt\/wp-content\/uploads\/2022\/09\/elmeistrai_logo.jpg","width":556,"height":143,"caption":"elMeistrai.lt"},"image":{"@id":"https:\/\/elmeistrai.lt\/#\/schema\/logo\/image\/"},"sameAs":["https:\/\/www.facebook.com\/elmeistrai.lt\/"]},{"@type":"Person","@id":"https:\/\/elmeistrai.lt\/#\/schema\/person\/6363b621eb9606785f7f2ae9a52987f7","name":"elMeistrai","image":{"@type":"ImageObject","inLanguage":"es","@id":"https:\/\/secure.gravatar.com\/avatar\/052f2d9640381d6904c5c0676ac3cc3d7ad734def78df3657e571451cad9870d?s=96&d=mm&r=g","url":"https:\/\/secure.gravatar.com\/avatar\/052f2d9640381d6904c5c0676ac3cc3d7ad734def78df3657e571451cad9870d?s=96&d=mm&r=g","contentUrl":"https:\/\/secure.gravatar.com\/avatar\/052f2d9640381d6904c5c0676ac3cc3d7ad734def78df3657e571451cad9870d?s=96&d=mm&r=g","caption":"elMeistrai"},"url":"https:\/\/elmeistrai.lt\/es\/author\/yipkxe\/"}]}},"uagb_featured_image_src":{"full":false,"thumbnail":false,"medium":false,"medium_large":false,"large":false,"1536x1536":false,"2048x2048":false,"trp-custom-language-flag":false,"writemag-1218w-autoh-image":false,"writemag-675w-autoh-image":false,"writemag-100w-100h-image":false},"uagb_author_info":{"display_name":"elMeistrai","author_link":"https:\/\/elmeistrai.lt\/es\/author\/yipkxe\/"},"uagb_comment_info":0,"uagb_excerpt":"Kreipkit\u0117s \u012f mus, jei ie\u0161kote profesionali\u0173 ir patikim\u0173 kavos aparato remonto Klaip\u0117doje. M\u016bs\u0173 specialist\u0173 komanda yra \u010dia, kad suteikt\u0173 vis\u0105...","rttpg_featured_image_url":null,"rttpg_author":{"display_name":"elMeistrai","author_link":"https:\/\/elmeistrai.lt\/es\/author\/yipkxe\/"},"rttpg_comment":0,"rttpg_category":null,"rttpg_excerpt":"Kreipkit\u0117s \u012f mus, jei ie\u0161kote profesionali\u0173 ir patikim\u0173 kavos aparato remonto Klaip\u0117doje. M\u016bs\u0173 specialist\u0173 komanda yra \u010dia, kad suteikt\u0173 vis\u0105...","_links":{"self":[{"href":"https:\/\/elmeistrai.lt\/es\/wp-json\/wp\/v2\/pages\/2214","targetHints":{"allow":["GET"]}}],"collection":[{"href":"https:\/\/elmeistrai.lt\/es\/wp-json\/wp\/v2\/pages"}],"about":[{"href":"https:\/\/elmeistrai.lt\/es\/wp-json\/wp\/v2\/types\/page"}],"author":[{"embeddable":true,"href":"https:\/\/elmeistrai.lt\/es\/wp-json\/wp\/v2\/users\/1"}],"replies":[{"embeddable":true,"href":"https:\/\/elmeistrai.lt\/es\/wp-json\/wp\/v2\/comments?post=2214"}],"version-history":[{"count":4,"href":"https:\/\/elmeistrai.lt\/es\/wp-json\/wp\/v2\/pages\/2214\/revisions"}],"predecessor-version":[{"id":8682,"href":"https:\/\/elmeistrai.lt\/es\/wp-json\/wp\/v2\/pages\/2214\/revisions\/8682"}],"up":[{"embeddable":true,"href":"https:\/\/elmeistrai.lt\/es\/wp-json\/wp\/v2\/pages\/53"}],"wp:attachment":[{"href":"https:\/\/elmeistrai.lt\/es\/wp-json\/wp\/v2\/media?parent=2214"}],"curies":[{"name":"wp","href":"https:\/\/api.w.org\/{rel}","templated":true}]}}